{"id":75298,"date":"2021-09-03T09:56:03","date_gmt":"2021-09-03T09:56:03","guid":{"rendered":"https:\/\/www.biocabaz.pt\/web\/?post_type=product&#038;p=75298"},"modified":"2022-12-30T12:01:57","modified_gmt":"2022-12-30T12:01:57","slug":"magnesium-gold-nutrition-60-caps","status":"publish","type":"product","link":"https:\/\/biocabaz.pt\/web\/produto\/magnesium-gold-nutrition-60-caps\/","title":{"rendered":"MAGNESIUM GOLD NUTRITION 60 CAPS"},"content":{"rendered":"","protected":false},"excerpt":{"rendered":"<p>O Magn\u00e9sio tem uma importante fun\u00e7\u00e3o a n\u00edvel neuromuscular, actuando em simult\u00e2neo com o c\u00e1lcio. O c\u00e1lcio \u00e9 um estimulador das contrac\u00e7\u00f5es musculares e o Magn\u00e9sio, pelo contr\u00e1rio, promove o relaxamento do m\u00fasculo.<\/p>\n<p>Como marca que preza a investiga\u00e7\u00e3o cient\u00edfica, sabemos que o magn\u00e9sio \u00e9 um dos nutrientes que mais se encontra deficiente na dieta ocidental. Tanto que muitas vezes j\u00e1 nem reconhecemos os sinais da sua defici\u00eancia: cansa\u00e7o, irritabilidade, c\u00e3ibras, ansiedade e, s\u00e3o apenas alguns dos sinais. J\u00e1 para n\u00e3o falar de que noites mal dormidas, stress, exerc\u00edcio f\u00edsico, entre outros, aumentam as necessidades do organismo neste mineral.<\/p>\n<p>Com o Magnesium da GoldNutrition asseguras um aporte de 570 mg de magn\u00e9sio por dia, suficiente para assegurar as tuas necessidades, mesmo nos dias mais intensos e fatigantes.<\/p>\n<p>Benef\u00edcios do Magn\u00e9sio:<\/p>\n<p>\u2013 Regula\u00e7\u00e3o da produ\u00e7\u00e3o de melatonina, beneficiando a qualidade do sono;<\/p>\n<p>\u2013 Forma\u00e7\u00e3o de colag\u00e9nio, fundamental para os ossos, tend\u00f5es e cartilagens;<\/p>\n<p>\u2013 S\u00edntese de ATP \u2013 mol\u00e9cula utilizada pelo corpo como fonte de energia, importante na pr\u00e1tica de atividade f\u00edsica;<\/p>\n<p>\u2013 Regula\u00e7\u00e3o dos n\u00edveis de c\u00e1lcio no organismo, juntamente com a vitamina D, cobre e zinco prevenindo o aparecimento de osteoporose;<\/p>\n<p>\u2013 Aumento da excre\u00e7\u00e3o de insulina \u2013 regularizando o metabolismo do a\u00e7\u00facar. Sendo que quanto menor \u00e9 o consumo de magn\u00e9sio na dieta, mais elevado \u00e9 o risco de desenvolvimento da diabetes tipo 2.<\/p>\n<p>\u2013 Problemas neurol\u00f3gicos como a ansiedade, rea\u00e7\u00e3o ao stresse, ataques de p\u00e2nico ou de agita\u00e7\u00e3o excessiva, s\u00e3o evitados ou aliviados por quem obt\u00e9m as necessidades di\u00e1rias de magn\u00e9sio corretas.<\/p>\n<p>Ingredientes<\/p>\n<p>\u00d3xido de magn\u00e9sio, Bisglicinato de magn\u00e9sio, C\u00e1psula (Gelatina).<br \/><b>Modo de Utiliza\u00e7\u00e3o:<\/b> Modo de usar: Para otimizar a absor\u00e7\u00e3o, tomar 2 c\u00e1psulas por dia, fora das refei\u00e7\u00f5es, com \u00e1gua. N\u00e3o exceder a toma di\u00e1ria recomendada. Avisos: Conservar em local fresco, seco e ao abrigo da luz. Se ocorrer alguma reac\u00e7\u00e3o, parar a utiliza\u00e7\u00e3o. Evite o produto em caso de alergia ou sensibilidade a algum dos ingredientes. N\u00e3o exceder a dose di\u00e1ria recomendada. N\u00e3o recomendado em caso de alergia a algum dos constituintes. Os suplementos alimentares n\u00e3o devem ser utilizados como substitutos de um regime alimentar variado e equilibrado e de um estilo de vida saud\u00e1vel. Manter fora do alcance de crian\u00e7as.<\/p>\n","protected":false},"featured_media":75299,"comment_status":"closed","ping_status":"closed","template":"","meta":[],"product_cat":[88],"product_tag":[],"class_list":["post-75298","product","type-product","status-publish","has-post-thumbnail","hentry","product_cat-suplementos"],"bundle_layout":"","bundled_by":[],"bundled_items":[],"yoast_head":"<!-- This site is optimized with the Yoast SEO plugin v26.3 - https:\/\/yoast.com\/wordpress\/plugins\/seo\/ -->\n<title>MAGNESIUM GOLD NUTRITION 60 CAPS<\/title>\n<meta name=\"robots\" content=\"index, follow, max-snippet:-1, max-image-preview:large, max-video-preview:-1\" \/>\n<link rel=\"canonical\" href=\"https:\/\/biocabaz.pt\/web\/produto\/magnesium-gold-nutrition-60-caps\/\" \/>\n<meta property=\"og:locale\" content=\"pt_PT\" \/>\n<meta property=\"og:locale:alternate\" content=\"en_US\" \/>\n<meta property=\"og:type\" content=\"article\" \/>\n<meta property=\"og:title\" content=\"MAGNESIUM GOLD NUTRITION 60 CAPS\" \/>\n<meta property=\"og:description\" content=\"O Magn\u00e9sio tem uma importante fun\u00e7\u00e3o a n\u00edvel neuromuscular, actuando em simult\u00e2neo com o c\u00e1lcio. O c\u00e1lcio \u00e9 um estimulador das contrac\u00e7\u00f5es musculares e o Magn\u00e9sio, pelo contr\u00e1rio, promove o relaxamento do m\u00fasculo. Como marca que preza a investiga\u00e7\u00e3o cient\u00edfica, sabemos que o magn\u00e9sio \u00e9 um dos nutrientes que mais se encontra deficiente na dieta ocidental. Tanto que muitas vezes j\u00e1 nem reconhecemos os sinais da sua defici\u00eancia: cansa\u00e7o, irritabilidade, c\u00e3ibras, ansiedade e, s\u00e3o apenas alguns dos sinais. J\u00e1 para n\u00e3o falar de que noites mal dormidas, stress, exerc\u00edcio f\u00edsico, entre outros, aumentam as necessidades do organismo neste mineral. Com o Magnesium da GoldNutrition asseguras um aporte de 570 mg de magn\u00e9sio por dia, suficiente para assegurar as tuas necessidades, mesmo nos dias mais intensos e fatigantes. Benef\u00edcios do Magn\u00e9sio: \u2013 Regula\u00e7\u00e3o da produ\u00e7\u00e3o de melatonina, beneficiando a qualidade do sono; \u2013 Forma\u00e7\u00e3o de colag\u00e9nio, fundamental para os ossos, tend\u00f5es e cartilagens; \u2013 S\u00edntese de ATP \u2013 mol\u00e9cula utilizada pelo corpo como fonte de energia, importante na pr\u00e1tica de atividade f\u00edsica; \u2013 Regula\u00e7\u00e3o dos n\u00edveis de c\u00e1lcio no organismo, juntamente com a vitamina D, cobre e zinco prevenindo o aparecimento de osteoporose; \u2013 Aumento da excre\u00e7\u00e3o de insulina \u2013 regularizando o metabolismo do a\u00e7\u00facar. Sendo que quanto menor \u00e9 o consumo de magn\u00e9sio na dieta, mais elevado \u00e9 o risco de desenvolvimento da diabetes tipo 2. \u2013 Problemas neurol\u00f3gicos como a ansiedade, rea\u00e7\u00e3o ao stresse, ataques de p\u00e2nico ou de agita\u00e7\u00e3o excessiva, s\u00e3o evitados ou aliviados por quem obt\u00e9m as necessidades di\u00e1rias de magn\u00e9sio corretas. Ingredientes \u00d3xido de magn\u00e9sio, Bisglicinato de magn\u00e9sio, C\u00e1psula (Gelatina).Modo de Utiliza\u00e7\u00e3o: Modo de usar: Para otimizar a absor\u00e7\u00e3o, tomar 2 c\u00e1psulas por dia, fora das refei\u00e7\u00f5es, com \u00e1gua. N\u00e3o exceder a toma di\u00e1ria recomendada. Avisos: Conservar em local fresco, seco e ao abrigo da luz. Se ocorrer alguma reac\u00e7\u00e3o, parar a utiliza\u00e7\u00e3o. Evite o produto em caso de alergia ou sensibilidade a algum dos ingredientes. N\u00e3o exceder a dose di\u00e1ria recomendada. N\u00e3o recomendado em caso de alergia a algum dos constituintes. Os suplementos alimentares n\u00e3o devem ser utilizados como substitutos de um regime alimentar variado e equilibrado e de um estilo de vida saud\u00e1vel. Manter fora do alcance de crian\u00e7as.\" \/>\n<meta property=\"og:url\" content=\"https:\/\/biocabaz.pt\/web\/produto\/magnesium-gold-nutrition-60-caps\/\" \/>\n<meta property=\"og:site_name\" content=\"BIOCABAZ - CABAZES BIOL\u00d3GICOS\" \/>\n<meta property=\"article:modified_time\" content=\"2022-12-30T12:01:57+00:00\" \/>\n<meta property=\"og:image\" content=\"https:\/\/www.biocabaz.pt\/web\/wp-conteudos\/uploads\/2021\/09\/magnesium-gold-nutrition-60-caps.jpg\" \/>\n\t<meta property=\"og:image:width\" content=\"295\" \/>\n\t<meta property=\"og:image:height\" content=\"295\" \/>\n\t<meta property=\"og:image:type\" content=\"image\/jpeg\" \/>\n<meta name=\"twitter:card\" content=\"summary_large_image\" \/>\n<script type=\"application\/ld+json\" class=\"yoast-schema-graph\">{\"@context\":\"https:\/\/schema.org\",\"@graph\":[{\"@type\":\"WebPage\",\"@id\":\"https:\/\/biocabaz.pt\/web\/produto\/magnesium-gold-nutrition-60-caps\/\",\"url\":\"https:\/\/biocabaz.pt\/web\/produto\/magnesium-gold-nutrition-60-caps\/\",\"name\":\"MAGNESIUM GOLD NUTRITION 60 CAPS\",\"isPartOf\":{\"@id\":\"https:\/\/www.biocabaz.pt\/web\/en\/#website\"},\"primaryImageOfPage\":{\"@id\":\"https:\/\/biocabaz.pt\/web\/produto\/magnesium-gold-nutrition-60-caps\/#primaryimage\"},\"image\":{\"@id\":\"https:\/\/biocabaz.pt\/web\/produto\/magnesium-gold-nutrition-60-caps\/#primaryimage\"},\"thumbnailUrl\":\"https:\/\/www.biocabaz.pt\/web\/wp-conteudos\/uploads\/2021\/09\/magnesium-gold-nutrition-60-caps.jpg\",\"datePublished\":\"2021-09-03T09:56:03+00:00\",\"dateModified\":\"2022-12-30T12:01:57+00:00\",\"breadcrumb\":{\"@id\":\"https:\/\/biocabaz.pt\/web\/produto\/magnesium-gold-nutrition-60-caps\/#breadcrumb\"},\"inLanguage\":\"pt-PT\",\"potentialAction\":[{\"@type\":\"ReadAction\",\"target\":[\"https:\/\/biocabaz.pt\/web\/produto\/magnesium-gold-nutrition-60-caps\/\"]}]},{\"@type\":\"ImageObject\",\"inLanguage\":\"pt-PT\",\"@id\":\"https:\/\/biocabaz.pt\/web\/produto\/magnesium-gold-nutrition-60-caps\/#primaryimage\",\"url\":\"https:\/\/www.biocabaz.pt\/web\/wp-conteudos\/uploads\/2021\/09\/magnesium-gold-nutrition-60-caps.jpg\",\"contentUrl\":\"https:\/\/www.biocabaz.pt\/web\/wp-conteudos\/uploads\/2021\/09\/magnesium-gold-nutrition-60-caps.jpg\",\"width\":295,\"height\":295,\"caption\":\"MAGNESIUM GOLD NUTRITION 60 CAPS\"},{\"@type\":\"BreadcrumbList\",\"@id\":\"https:\/\/biocabaz.pt\/web\/produto\/magnesium-gold-nutrition-60-caps\/#breadcrumb\",\"itemListElement\":[{\"@type\":\"ListItem\",\"position\":1,\"name\":\"Home\",\"item\":\"https:\/\/www.biocabaz.pt\/web\/en\/\"},{\"@type\":\"ListItem\",\"position\":2,\"name\":\"Shop\",\"item\":\"https:\/\/www.biocabaz.pt\/web\/en\/shop\/\"},{\"@type\":\"ListItem\",\"position\":3,\"name\":\"MAGNESIUM GOLD NUTRITION 60 CAPS\"}]},{\"@type\":\"WebSite\",\"@id\":\"https:\/\/www.biocabaz.pt\/web\/en\/#website\",\"url\":\"https:\/\/www.biocabaz.pt\/web\/en\/\",\"name\":\"BIOCABAZ - CABAZES BIOL\u00d3GICOS\",\"description\":\"O melhor que a terra d\u00e1 \u00e9 para si\",\"potentialAction\":[{\"@type\":\"SearchAction\",\"target\":{\"@type\":\"EntryPoint\",\"urlTemplate\":\"https:\/\/www.biocabaz.pt\/web\/en\/?s={search_term_string}\"},\"query-input\":{\"@type\":\"PropertyValueSpecification\",\"valueRequired\":true,\"valueName\":\"search_term_string\"}}],\"inLanguage\":\"pt-PT\"}]}<\/script>\n<!-- \/ Yoast SEO plugin. -->","yoast_head_json":{"title":"MAGNESIUM GOLD NUTRITION 60 CAPS","robots":{"index":"index","follow":"follow","max-snippet":"max-snippet:-1","max-image-preview":"max-image-preview:large","max-video-preview":"max-video-preview:-1"},"canonical":"https:\/\/biocabaz.pt\/web\/produto\/magnesium-gold-nutrition-60-caps\/","og_locale":"pt_PT","og_type":"article","og_title":"[:en]MAGNESIUM GOLD NUTRITION 60 CAPS[:pt]MAGNESIUM GOLD NUTRITION 60 CAPS[:] - BIOCABAZ - CABAZES BIOL\u00d3GICOS","og_description":"O Magn\u00e9sio tem uma importante fun\u00e7\u00e3o a n\u00edvel neuromuscular, actuando em simult\u00e2neo com o c\u00e1lcio. O c\u00e1lcio \u00e9 um estimulador das contrac\u00e7\u00f5es musculares e o Magn\u00e9sio, pelo contr\u00e1rio, promove o relaxamento do m\u00fasculo. Como marca que preza a investiga\u00e7\u00e3o cient\u00edfica, sabemos que o magn\u00e9sio \u00e9 um dos nutrientes que mais se encontra deficiente na dieta ocidental. Tanto que muitas vezes j\u00e1 nem reconhecemos os sinais da sua defici\u00eancia: cansa\u00e7o, irritabilidade, c\u00e3ibras, ansiedade e, s\u00e3o apenas alguns dos sinais. J\u00e1 para n\u00e3o falar de que noites mal dormidas, stress, exerc\u00edcio f\u00edsico, entre outros, aumentam as necessidades do organismo neste mineral. Com o Magnesium da GoldNutrition asseguras um aporte de 570 mg de magn\u00e9sio por dia, suficiente para assegurar as tuas necessidades, mesmo nos dias mais intensos e fatigantes. Benef\u00edcios do Magn\u00e9sio: \u2013 Regula\u00e7\u00e3o da produ\u00e7\u00e3o de melatonina, beneficiando a qualidade do sono; \u2013 Forma\u00e7\u00e3o de colag\u00e9nio, fundamental para os ossos, tend\u00f5es e cartilagens; \u2013 S\u00edntese de ATP \u2013 mol\u00e9cula utilizada pelo corpo como fonte de energia, importante na pr\u00e1tica de atividade f\u00edsica; \u2013 Regula\u00e7\u00e3o dos n\u00edveis de c\u00e1lcio no organismo, juntamente com a vitamina D, cobre e zinco prevenindo o aparecimento de osteoporose; \u2013 Aumento da excre\u00e7\u00e3o de insulina \u2013 regularizando o metabolismo do a\u00e7\u00facar. Sendo que quanto menor \u00e9 o consumo de magn\u00e9sio na dieta, mais elevado \u00e9 o risco de desenvolvimento da diabetes tipo 2. \u2013 Problemas neurol\u00f3gicos como a ansiedade, rea\u00e7\u00e3o ao stresse, ataques de p\u00e2nico ou de agita\u00e7\u00e3o excessiva, s\u00e3o evitados ou aliviados por quem obt\u00e9m as necessidades di\u00e1rias de magn\u00e9sio corretas. Ingredientes \u00d3xido de magn\u00e9sio, Bisglicinato de magn\u00e9sio, C\u00e1psula (Gelatina).Modo de Utiliza\u00e7\u00e3o: Modo de usar: Para otimizar a absor\u00e7\u00e3o, tomar 2 c\u00e1psulas por dia, fora das refei\u00e7\u00f5es, com \u00e1gua. N\u00e3o exceder a toma di\u00e1ria recomendada. Avisos: Conservar em local fresco, seco e ao abrigo da luz. Se ocorrer alguma reac\u00e7\u00e3o, parar a utiliza\u00e7\u00e3o. Evite o produto em caso de alergia ou sensibilidade a algum dos ingredientes. N\u00e3o exceder a dose di\u00e1ria recomendada. N\u00e3o recomendado em caso de alergia a algum dos constituintes. Os suplementos alimentares n\u00e3o devem ser utilizados como substitutos de um regime alimentar variado e equilibrado e de um estilo de vida saud\u00e1vel. Manter fora do alcance de crian\u00e7as.","og_url":"https:\/\/biocabaz.pt\/web\/produto\/magnesium-gold-nutrition-60-caps\/","og_site_name":"BIOCABAZ - CABAZES BIOL\u00d3GICOS","article_modified_time":"2022-12-30T12:01:57+00:00","og_image":[{"width":295,"height":295,"url":"https:\/\/www.biocabaz.pt\/web\/wp-conteudos\/uploads\/2021\/09\/magnesium-gold-nutrition-60-caps.jpg","type":"image\/jpeg"}],"twitter_card":"summary_large_image","schema":{"@context":"https:\/\/schema.org","@graph":[{"@type":"WebPage","@id":"https:\/\/biocabaz.pt\/web\/produto\/magnesium-gold-nutrition-60-caps\/","url":"https:\/\/biocabaz.pt\/web\/produto\/magnesium-gold-nutrition-60-caps\/","name":"MAGNESIUM GOLD NUTRITION 60 CAPS","isPartOf":{"@id":"https:\/\/www.biocabaz.pt\/web\/en\/#website"},"primaryImageOfPage":{"@id":"https:\/\/biocabaz.pt\/web\/produto\/magnesium-gold-nutrition-60-caps\/#primaryimage"},"image":{"@id":"https:\/\/biocabaz.pt\/web\/produto\/magnesium-gold-nutrition-60-caps\/#primaryimage"},"thumbnailUrl":"https:\/\/www.biocabaz.pt\/web\/wp-conteudos\/uploads\/2021\/09\/magnesium-gold-nutrition-60-caps.jpg","datePublished":"2021-09-03T09:56:03+00:00","dateModified":"2022-12-30T12:01:57+00:00","breadcrumb":{"@id":"https:\/\/biocabaz.pt\/web\/produto\/magnesium-gold-nutrition-60-caps\/#breadcrumb"},"inLanguage":"pt-PT","potentialAction":[{"@type":"ReadAction","target":["https:\/\/biocabaz.pt\/web\/produto\/magnesium-gold-nutrition-60-caps\/"]}]},{"@type":"ImageObject","inLanguage":"pt-PT","@id":"https:\/\/biocabaz.pt\/web\/produto\/magnesium-gold-nutrition-60-caps\/#primaryimage","url":"https:\/\/www.biocabaz.pt\/web\/wp-conteudos\/uploads\/2021\/09\/magnesium-gold-nutrition-60-caps.jpg","contentUrl":"https:\/\/www.biocabaz.pt\/web\/wp-conteudos\/uploads\/2021\/09\/magnesium-gold-nutrition-60-caps.jpg","width":295,"height":295,"caption":"MAGNESIUM GOLD NUTRITION 60 CAPS"},{"@type":"BreadcrumbList","@id":"https:\/\/biocabaz.pt\/web\/produto\/magnesium-gold-nutrition-60-caps\/#breadcrumb","itemListElement":[{"@type":"ListItem","position":1,"name":"Home","item":"https:\/\/www.biocabaz.pt\/web\/en\/"},{"@type":"ListItem","position":2,"name":"Shop","item":"https:\/\/www.biocabaz.pt\/web\/en\/shop\/"},{"@type":"ListItem","position":3,"name":"MAGNESIUM GOLD NUTRITION 60 CAPS"}]},{"@type":"WebSite","@id":"https:\/\/www.biocabaz.pt\/web\/en\/#website","url":"https:\/\/www.biocabaz.pt\/web\/en\/","name":"BIOCABAZ - CABAZES BIOL\u00d3GICOS","description":"O melhor que a terra d\u00e1 \u00e9 para si","potentialAction":[{"@type":"SearchAction","target":{"@type":"EntryPoint","urlTemplate":"https:\/\/www.biocabaz.pt\/web\/en\/?s={search_term_string}"},"query-input":{"@type":"PropertyValueSpecification","valueRequired":true,"valueName":"search_term_string"}}],"inLanguage":"pt-PT"}]}},"_links":{"self":[{"href":"https:\/\/biocabaz.pt\/web\/wp-json\/wp\/v2\/product\/75298","targetHints":{"allow":["GET"]}}],"collection":[{"href":"https:\/\/biocabaz.pt\/web\/wp-json\/wp\/v2\/product"}],"about":[{"href":"https:\/\/biocabaz.pt\/web\/wp-json\/wp\/v2\/types\/product"}],"replies":[{"embeddable":true,"href":"https:\/\/biocabaz.pt\/web\/wp-json\/wp\/v2\/comments?post=75298"}],"wp:featuredmedia":[{"embeddable":true,"href":"https:\/\/biocabaz.pt\/web\/wp-json\/wp\/v2\/media\/75299"}],"wp:attachment":[{"href":"https:\/\/biocabaz.pt\/web\/wp-json\/wp\/v2\/media?parent=75298"}],"wp:term":[{"taxonomy":"product_cat","embeddable":true,"href":"https:\/\/biocabaz.pt\/web\/wp-json\/wp\/v2\/product_cat?post=75298"},{"taxonomy":"product_tag","embeddable":true,"href":"https:\/\/biocabaz.pt\/web\/wp-json\/wp\/v2\/product_tag?post=75298"}],"curies":[{"name":"wp","href":"https:\/\/api.w.org\/{rel}","templated":true}]}}