{"id":75288,"date":"2021-09-03T09:18:49","date_gmt":"2021-09-03T09:18:49","guid":{"rendered":"https:\/\/www.biocabaz.pt\/web\/?post_type=product&#038;p=75288"},"modified":"2026-01-15T16:50:13","modified_gmt":"2026-01-15T16:50:13","slug":"ergyfosforyl-nutergia-60-caps","status":"publish","type":"product","link":"https:\/\/biocabaz.pt\/web\/produto\/ergyfosforyl-nutergia-60-caps\/","title":{"rendered":"ERGYFOSFORYL NUTERGIA 60 CAPS"},"content":{"rendered":"","protected":false},"excerpt":{"rendered":"<p>Ingredientes: \u00d3leo de peixes selvagens; Vitamina E de origem natural; Vitamina B5; Vitamina B6; Vest\u00edgios de peixe, crust\u00e1ceos e moluscos<br \/><b>Modo de Utiliza\u00e7\u00e3o:<\/b> Modo de usar: Tomar 2 a 4 c\u00e1psulas por dia, durante a refei\u00e7\u00e3o. Avisos: Conservar em local fresco, seco e ao abrigo da luz. Se ocorrer alguma reac\u00e7\u00e3o, parar a utiliza\u00e7\u00e3o. Evite o produto em caso de alergia ou sensibilidade a algum dos ingredientes. N\u00e3o exceder a dose di\u00e1ria recomendada. N\u00e3o recomendado em caso de alergia a algum dos constituintes. Os suplementos alimentares n\u00e3o devem ser utilizados como substitutos de um regime alimentar variado e equilibrado e de um estilo de vida saud\u00e1vel. Manter fora do alcance de crian\u00e7as.<\/p>\n","protected":false},"featured_media":75289,"comment_status":"closed","ping_status":"closed","template":"","meta":[],"product_cat":[88],"product_tag":[],"class_list":["post-75288","product","type-product","status-publish","has-post-thumbnail","hentry","product_cat-suplementos"],"bundle_layout":"","bundled_by":[],"bundled_items":[],"yoast_head":"<!-- This site is optimized with the Yoast SEO plugin v26.3 - https:\/\/yoast.com\/wordpress\/plugins\/seo\/ -->\n<title>ERGYFOSFORYL NUTERGIA 60 CAPS<\/title>\n<meta name=\"robots\" content=\"index, follow, max-snippet:-1, max-image-preview:large, max-video-preview:-1\" \/>\n<link rel=\"canonical\" href=\"https:\/\/biocabaz.pt\/web\/produto\/ergyfosforyl-nutergia-60-caps\/\" \/>\n<meta property=\"og:locale\" content=\"pt_PT\" \/>\n<meta property=\"og:locale:alternate\" content=\"en_US\" \/>\n<meta property=\"og:type\" content=\"article\" \/>\n<meta property=\"og:title\" content=\"ERGYFOSFORYL NUTERGIA 60 CAPS\" \/>\n<meta property=\"og:description\" content=\"Ingredientes: \u00d3leo de peixes selvagens; Vitamina E de origem natural; Vitamina B5; Vitamina B6; Vest\u00edgios de peixe, crust\u00e1ceos e moluscosModo de Utiliza\u00e7\u00e3o: Modo de usar: Tomar 2 a 4 c\u00e1psulas por dia, durante a refei\u00e7\u00e3o. Avisos: Conservar em local fresco, seco e ao abrigo da luz. Se ocorrer alguma reac\u00e7\u00e3o, parar a utiliza\u00e7\u00e3o. Evite o produto em caso de alergia ou sensibilidade a algum dos ingredientes. N\u00e3o exceder a dose di\u00e1ria recomendada. N\u00e3o recomendado em caso de alergia a algum dos constituintes. Os suplementos alimentares n\u00e3o devem ser utilizados como substitutos de um regime alimentar variado e equilibrado e de um estilo de vida saud\u00e1vel. Manter fora do alcance de crian\u00e7as.\" \/>\n<meta property=\"og:url\" content=\"https:\/\/biocabaz.pt\/web\/produto\/ergyfosforyl-nutergia-60-caps\/\" \/>\n<meta property=\"og:site_name\" content=\"BIOCABAZ - CABAZES BIOL\u00d3GICOS\" \/>\n<meta property=\"article:modified_time\" content=\"2026-01-15T16:50:13+00:00\" \/>\n<meta property=\"og:image\" content=\"https:\/\/www.biocabaz.pt\/web\/wp-conteudos\/uploads\/2021\/09\/ergyfosforyl-nutergia-60-caps-e1630660710863.png\" \/>\n\t<meta property=\"og:image:width\" content=\"500\" \/>\n\t<meta property=\"og:image:height\" content=\"500\" \/>\n\t<meta property=\"og:image:type\" content=\"image\/png\" \/>\n<meta name=\"twitter:card\" content=\"summary_large_image\" \/>\n<script type=\"application\/ld+json\" class=\"yoast-schema-graph\">{\"@context\":\"https:\/\/schema.org\",\"@graph\":[{\"@type\":\"WebPage\",\"@id\":\"https:\/\/biocabaz.pt\/web\/produto\/ergyfosforyl-nutergia-60-caps\/\",\"url\":\"https:\/\/biocabaz.pt\/web\/produto\/ergyfosforyl-nutergia-60-caps\/\",\"name\":\"ERGYFOSFORYL NUTERGIA 60 CAPS\",\"isPartOf\":{\"@id\":\"https:\/\/biocabaz.pt\/web\/#website\"},\"primaryImageOfPage\":{\"@id\":\"https:\/\/biocabaz.pt\/web\/produto\/ergyfosforyl-nutergia-60-caps\/#primaryimage\"},\"image\":{\"@id\":\"https:\/\/biocabaz.pt\/web\/produto\/ergyfosforyl-nutergia-60-caps\/#primaryimage\"},\"thumbnailUrl\":\"https:\/\/www.biocabaz.pt\/web\/wp-conteudos\/uploads\/2021\/09\/ergyfosforyl-nutergia-60-caps-e1630660710863.png\",\"datePublished\":\"2021-09-03T09:18:49+00:00\",\"dateModified\":\"2026-01-15T16:50:13+00:00\",\"breadcrumb\":{\"@id\":\"https:\/\/biocabaz.pt\/web\/produto\/ergyfosforyl-nutergia-60-caps\/#breadcrumb\"},\"inLanguage\":\"pt-PT\",\"potentialAction\":[{\"@type\":\"ReadAction\",\"target\":[\"https:\/\/biocabaz.pt\/web\/produto\/ergyfosforyl-nutergia-60-caps\/\"]}]},{\"@type\":\"ImageObject\",\"inLanguage\":\"pt-PT\",\"@id\":\"https:\/\/biocabaz.pt\/web\/produto\/ergyfosforyl-nutergia-60-caps\/#primaryimage\",\"url\":\"https:\/\/www.biocabaz.pt\/web\/wp-conteudos\/uploads\/2021\/09\/ergyfosforyl-nutergia-60-caps-e1630660710863.png\",\"contentUrl\":\"https:\/\/www.biocabaz.pt\/web\/wp-conteudos\/uploads\/2021\/09\/ergyfosforyl-nutergia-60-caps-e1630660710863.png\",\"width\":500,\"height\":500,\"caption\":\"ERGYFOSFORYL NUTERGIA 60 CAPS\"},{\"@type\":\"BreadcrumbList\",\"@id\":\"https:\/\/biocabaz.pt\/web\/produto\/ergyfosforyl-nutergia-60-caps\/#breadcrumb\",\"itemListElement\":[{\"@type\":\"ListItem\",\"position\":1,\"name\":\"Home\",\"item\":\"https:\/\/biocabaz.pt\/web\/\"},{\"@type\":\"ListItem\",\"position\":2,\"name\":\"Loja\",\"item\":\"https:\/\/biocabaz.pt\/web\/shop\/\"},{\"@type\":\"ListItem\",\"position\":3,\"name\":\"ERGYFOSFORYL NUTERGIA 60 CAPS\"}]},{\"@type\":\"WebSite\",\"@id\":\"https:\/\/biocabaz.pt\/web\/#website\",\"url\":\"https:\/\/biocabaz.pt\/web\/\",\"name\":\"BIOCABAZ - CABAZES BIOL\u00d3GICOS\",\"description\":\"O melhor que a terra d\u00e1 \u00e9 para si\",\"potentialAction\":[{\"@type\":\"SearchAction\",\"target\":{\"@type\":\"EntryPoint\",\"urlTemplate\":\"https:\/\/biocabaz.pt\/web\/?s={search_term_string}\"},\"query-input\":{\"@type\":\"PropertyValueSpecification\",\"valueRequired\":true,\"valueName\":\"search_term_string\"}}],\"inLanguage\":\"pt-PT\"}]}<\/script>\n<!-- \/ Yoast SEO plugin. -->","yoast_head_json":{"title":"ERGYFOSFORYL NUTERGIA 60 CAPS","robots":{"index":"index","follow":"follow","max-snippet":"max-snippet:-1","max-image-preview":"max-image-preview:large","max-video-preview":"max-video-preview:-1"},"canonical":"https:\/\/biocabaz.pt\/web\/produto\/ergyfosforyl-nutergia-60-caps\/","og_locale":"pt_PT","og_type":"article","og_title":"[:en]ERGYFOSFORYL NUTERGIA 60 CAPS[:pt]ERGYFOSFORYL NUTERGIA 60 CAPS[:] - BIOCABAZ - CABAZES BIOL\u00d3GICOS","og_description":"Ingredientes: \u00d3leo de peixes selvagens; Vitamina E de origem natural; Vitamina B5; Vitamina B6; Vest\u00edgios de peixe, crust\u00e1ceos e moluscosModo de Utiliza\u00e7\u00e3o: Modo de usar: Tomar 2 a 4 c\u00e1psulas por dia, durante a refei\u00e7\u00e3o. Avisos: Conservar em local fresco, seco e ao abrigo da luz. Se ocorrer alguma reac\u00e7\u00e3o, parar a utiliza\u00e7\u00e3o. Evite o produto em caso de alergia ou sensibilidade a algum dos ingredientes. N\u00e3o exceder a dose di\u00e1ria recomendada. N\u00e3o recomendado em caso de alergia a algum dos constituintes. Os suplementos alimentares n\u00e3o devem ser utilizados como substitutos de um regime alimentar variado e equilibrado e de um estilo de vida saud\u00e1vel. Manter fora do alcance de crian\u00e7as.","og_url":"https:\/\/biocabaz.pt\/web\/produto\/ergyfosforyl-nutergia-60-caps\/","og_site_name":"BIOCABAZ - CABAZES BIOL\u00d3GICOS","article_modified_time":"2026-01-15T16:50:13+00:00","og_image":[{"width":500,"height":500,"url":"https:\/\/www.biocabaz.pt\/web\/wp-conteudos\/uploads\/2021\/09\/ergyfosforyl-nutergia-60-caps-e1630660710863.png","type":"image\/png"}],"twitter_card":"summary_large_image","schema":{"@context":"https:\/\/schema.org","@graph":[{"@type":"WebPage","@id":"https:\/\/biocabaz.pt\/web\/produto\/ergyfosforyl-nutergia-60-caps\/","url":"https:\/\/biocabaz.pt\/web\/produto\/ergyfosforyl-nutergia-60-caps\/","name":"ERGYFOSFORYL NUTERGIA 60 CAPS","isPartOf":{"@id":"https:\/\/biocabaz.pt\/web\/#website"},"primaryImageOfPage":{"@id":"https:\/\/biocabaz.pt\/web\/produto\/ergyfosforyl-nutergia-60-caps\/#primaryimage"},"image":{"@id":"https:\/\/biocabaz.pt\/web\/produto\/ergyfosforyl-nutergia-60-caps\/#primaryimage"},"thumbnailUrl":"https:\/\/www.biocabaz.pt\/web\/wp-conteudos\/uploads\/2021\/09\/ergyfosforyl-nutergia-60-caps-e1630660710863.png","datePublished":"2021-09-03T09:18:49+00:00","dateModified":"2026-01-15T16:50:13+00:00","breadcrumb":{"@id":"https:\/\/biocabaz.pt\/web\/produto\/ergyfosforyl-nutergia-60-caps\/#breadcrumb"},"inLanguage":"pt-PT","potentialAction":[{"@type":"ReadAction","target":["https:\/\/biocabaz.pt\/web\/produto\/ergyfosforyl-nutergia-60-caps\/"]}]},{"@type":"ImageObject","inLanguage":"pt-PT","@id":"https:\/\/biocabaz.pt\/web\/produto\/ergyfosforyl-nutergia-60-caps\/#primaryimage","url":"https:\/\/www.biocabaz.pt\/web\/wp-conteudos\/uploads\/2021\/09\/ergyfosforyl-nutergia-60-caps-e1630660710863.png","contentUrl":"https:\/\/www.biocabaz.pt\/web\/wp-conteudos\/uploads\/2021\/09\/ergyfosforyl-nutergia-60-caps-e1630660710863.png","width":500,"height":500,"caption":"ERGYFOSFORYL NUTERGIA 60 CAPS"},{"@type":"BreadcrumbList","@id":"https:\/\/biocabaz.pt\/web\/produto\/ergyfosforyl-nutergia-60-caps\/#breadcrumb","itemListElement":[{"@type":"ListItem","position":1,"name":"Home","item":"https:\/\/biocabaz.pt\/web\/"},{"@type":"ListItem","position":2,"name":"Loja","item":"https:\/\/biocabaz.pt\/web\/shop\/"},{"@type":"ListItem","position":3,"name":"ERGYFOSFORYL NUTERGIA 60 CAPS"}]},{"@type":"WebSite","@id":"https:\/\/biocabaz.pt\/web\/#website","url":"https:\/\/biocabaz.pt\/web\/","name":"BIOCABAZ - CABAZES BIOL\u00d3GICOS","description":"O melhor que a terra d\u00e1 \u00e9 para si","potentialAction":[{"@type":"SearchAction","target":{"@type":"EntryPoint","urlTemplate":"https:\/\/biocabaz.pt\/web\/?s={search_term_string}"},"query-input":{"@type":"PropertyValueSpecification","valueRequired":true,"valueName":"search_term_string"}}],"inLanguage":"pt-PT"}]}},"_links":{"self":[{"href":"https:\/\/biocabaz.pt\/web\/wp-json\/wp\/v2\/product\/75288","targetHints":{"allow":["GET"]}}],"collection":[{"href":"https:\/\/biocabaz.pt\/web\/wp-json\/wp\/v2\/product"}],"about":[{"href":"https:\/\/biocabaz.pt\/web\/wp-json\/wp\/v2\/types\/product"}],"replies":[{"embeddable":true,"href":"https:\/\/biocabaz.pt\/web\/wp-json\/wp\/v2\/comments?post=75288"}],"wp:featuredmedia":[{"embeddable":true,"href":"https:\/\/biocabaz.pt\/web\/wp-json\/wp\/v2\/media\/75289"}],"wp:attachment":[{"href":"https:\/\/biocabaz.pt\/web\/wp-json\/wp\/v2\/media?parent=75288"}],"wp:term":[{"taxonomy":"product_cat","embeddable":true,"href":"https:\/\/biocabaz.pt\/web\/wp-json\/wp\/v2\/product_cat?post=75288"},{"taxonomy":"product_tag","embeddable":true,"href":"https:\/\/biocabaz.pt\/web\/wp-json\/wp\/v2\/product_tag?post=75288"}],"curies":[{"name":"wp","href":"https:\/\/api.w.org\/{rel}","templated":true}]}}