{"id":75264,"date":"2021-09-03T08:03:00","date_gmt":"2021-09-03T08:03:00","guid":{"rendered":"https:\/\/www.biocabaz.pt\/web\/?post_type=product&#038;p=75264"},"modified":"2022-12-10T05:19:08","modified_gmt":"2022-12-10T05:19:08","slug":"queijo-de-caju-e-macadamia-bio-camelia-100gr","status":"publish","type":"product","link":"https:\/\/biocabaz.pt\/web\/produto\/queijo-de-caju-e-macadamia-bio-camelia-100gr\/","title":{"rendered":"QUEIJO DE CAJU E MACADAMIA BIO CAMELIA 100GR"},"content":{"rendered":"","protected":false},"excerpt":{"rendered":"<p>Ingredientes: caju biol\u00f3gico 63%; nozes de macad\u00e2mia biol\u00f3gicas 7%; \u00e1gua; sal; p\u00f3 de cebola biol\u00f3gico; fermentos l\u00e1cteos; cultura selecionada de Penicillium; regulador de acidez: \u00e1cido l\u00e1ctico.<br \/><b>Modo de Utiliza\u00e7\u00e3o:<\/b> Conservar a uma temperatura at\u00e9 aos 7\u00baC. <br \/><b>Dados Nutricionais:<\/b> Declara\u00e7\u00e3o Nutricional por 100g: Energia: 1948 KJ\/471Kcal; L\u00edpidos: 41g; dos quais saturados: 7,7g; Hidratos de carbono: 5,3g; dos quais a\u00e7\u00facares: 2,7g; Prote\u00ednas: 16g; Fibra: 8,6; Sal: 2g.<\/p>\n","protected":false},"featured_media":75265,"comment_status":"closed","ping_status":"closed","template":"","meta":[],"product_cat":[109],"product_tag":[],"class_list":["post-75264","product","type-product","status-publish","has-post-thumbnail","hentry","product_cat-vegetariano-e-vegan-sem-gluten-e-superalimentos"],"bundle_layout":"","bundled_by":[],"bundled_items":[],"yoast_head":"<!-- This site is optimized with the Yoast SEO plugin v26.3 - https:\/\/yoast.com\/wordpress\/plugins\/seo\/ -->\n<title>QUEIJO DE CAJU E MACADAMIA BIO CAMELIA 100GR<\/title>\n<meta name=\"robots\" content=\"index, follow, max-snippet:-1, max-image-preview:large, max-video-preview:-1\" \/>\n<link rel=\"canonical\" href=\"https:\/\/biocabaz.pt\/web\/produto\/queijo-de-caju-e-macadamia-bio-camelia-100gr\/\" \/>\n<meta property=\"og:locale\" content=\"pt_PT\" \/>\n<meta property=\"og:locale:alternate\" content=\"en_US\" \/>\n<meta property=\"og:type\" content=\"article\" \/>\n<meta property=\"og:title\" content=\"QUEIJO DE CAJU E MACADAMIA BIO CAMELIA 100GR\" \/>\n<meta property=\"og:description\" content=\"Ingredientes: caju biol\u00f3gico 63%; nozes de macad\u00e2mia biol\u00f3gicas 7%; \u00e1gua; sal; p\u00f3 de cebola biol\u00f3gico; fermentos l\u00e1cteos; cultura selecionada de Penicillium; regulador de acidez: \u00e1cido l\u00e1ctico.Modo de Utiliza\u00e7\u00e3o: Conservar a uma temperatura at\u00e9 aos 7\u00baC. Dados Nutricionais: Declara\u00e7\u00e3o Nutricional por 100g: Energia: 1948 KJ\/471Kcal; L\u00edpidos: 41g; dos quais saturados: 7,7g; Hidratos de carbono: 5,3g; dos quais a\u00e7\u00facares: 2,7g; Prote\u00ednas: 16g; Fibra: 8,6; Sal: 2g.\" \/>\n<meta property=\"og:url\" content=\"https:\/\/biocabaz.pt\/web\/produto\/queijo-de-caju-e-macadamia-bio-camelia-100gr\/\" \/>\n<meta property=\"og:site_name\" content=\"BIOCABAZ - CABAZES BIOL\u00d3GICOS\" \/>\n<meta property=\"article:modified_time\" content=\"2022-12-10T05:19:08+00:00\" \/>\n<meta property=\"og:image\" content=\"https:\/\/www.biocabaz.pt\/web\/wp-conteudos\/uploads\/2021\/09\/queijo-de-caju-e-macadamia-bio-camelia-100gr.jpg\" \/>\n\t<meta property=\"og:image:width\" content=\"500\" \/>\n\t<meta property=\"og:image:height\" content=\"498\" \/>\n\t<meta property=\"og:image:type\" content=\"image\/jpeg\" \/>\n<meta name=\"twitter:card\" content=\"summary_large_image\" \/>\n<script type=\"application\/ld+json\" class=\"yoast-schema-graph\">{\"@context\":\"https:\/\/schema.org\",\"@graph\":[{\"@type\":\"WebPage\",\"@id\":\"https:\/\/biocabaz.pt\/web\/en\/produto\/queijo-de-caju-e-macadamia-bio-camelia-100gr\/\",\"url\":\"https:\/\/biocabaz.pt\/web\/en\/produto\/queijo-de-caju-e-macadamia-bio-camelia-100gr\/\",\"name\":\"QUEIJO DE CAJU E MACADAMIA BIO CAMELIA 100GR\",\"isPartOf\":{\"@id\":\"https:\/\/biocabaz.pt\/web\/#website\"},\"primaryImageOfPage\":{\"@id\":\"https:\/\/biocabaz.pt\/web\/en\/produto\/queijo-de-caju-e-macadamia-bio-camelia-100gr\/#primaryimage\"},\"image\":{\"@id\":\"https:\/\/biocabaz.pt\/web\/en\/produto\/queijo-de-caju-e-macadamia-bio-camelia-100gr\/#primaryimage\"},\"thumbnailUrl\":\"https:\/\/www.biocabaz.pt\/web\/wp-conteudos\/uploads\/2021\/09\/queijo-de-caju-e-macadamia-bio-camelia-100gr.jpg\",\"datePublished\":\"2021-09-03T08:03:00+00:00\",\"dateModified\":\"2022-12-10T05:19:08+00:00\",\"breadcrumb\":{\"@id\":\"https:\/\/biocabaz.pt\/web\/en\/produto\/queijo-de-caju-e-macadamia-bio-camelia-100gr\/#breadcrumb\"},\"inLanguage\":\"pt-PT\",\"potentialAction\":[{\"@type\":\"ReadAction\",\"target\":[\"https:\/\/biocabaz.pt\/web\/en\/produto\/queijo-de-caju-e-macadamia-bio-camelia-100gr\/\"]}]},{\"@type\":\"ImageObject\",\"inLanguage\":\"pt-PT\",\"@id\":\"https:\/\/biocabaz.pt\/web\/en\/produto\/queijo-de-caju-e-macadamia-bio-camelia-100gr\/#primaryimage\",\"url\":\"https:\/\/www.biocabaz.pt\/web\/wp-conteudos\/uploads\/2021\/09\/queijo-de-caju-e-macadamia-bio-camelia-100gr.jpg\",\"contentUrl\":\"https:\/\/www.biocabaz.pt\/web\/wp-conteudos\/uploads\/2021\/09\/queijo-de-caju-e-macadamia-bio-camelia-100gr.jpg\",\"width\":500,\"height\":498,\"caption\":\"QUEIJO DE CAJU E MACADAMIA BIO CAMELIA 100GR\"},{\"@type\":\"BreadcrumbList\",\"@id\":\"https:\/\/biocabaz.pt\/web\/en\/produto\/queijo-de-caju-e-macadamia-bio-camelia-100gr\/#breadcrumb\",\"itemListElement\":[{\"@type\":\"ListItem\",\"position\":1,\"name\":\"Home\",\"item\":\"https:\/\/biocabaz.pt\/web\/\"},{\"@type\":\"ListItem\",\"position\":2,\"name\":\"Loja\",\"item\":\"https:\/\/biocabaz.pt\/web\/shop\/\"},{\"@type\":\"ListItem\",\"position\":3,\"name\":\"CAMELIA CASHEW AND MACADAMIA NUT CHEESE 100G\"}]},{\"@type\":\"WebSite\",\"@id\":\"https:\/\/biocabaz.pt\/web\/#website\",\"url\":\"https:\/\/biocabaz.pt\/web\/\",\"name\":\"BIOCABAZ - CABAZES BIOL\u00d3GICOS\",\"description\":\"O melhor que a terra d\u00e1 \u00e9 para si\",\"potentialAction\":[{\"@type\":\"SearchAction\",\"target\":{\"@type\":\"EntryPoint\",\"urlTemplate\":\"https:\/\/biocabaz.pt\/web\/?s={search_term_string}\"},\"query-input\":{\"@type\":\"PropertyValueSpecification\",\"valueRequired\":true,\"valueName\":\"search_term_string\"}}],\"inLanguage\":\"pt-PT\"}]}<\/script>\n<!-- \/ Yoast SEO plugin. -->","yoast_head_json":{"title":"QUEIJO DE CAJU E MACADAMIA BIO CAMELIA 100GR","robots":{"index":"index","follow":"follow","max-snippet":"max-snippet:-1","max-image-preview":"max-image-preview:large","max-video-preview":"max-video-preview:-1"},"canonical":"https:\/\/biocabaz.pt\/web\/produto\/queijo-de-caju-e-macadamia-bio-camelia-100gr\/","og_locale":"pt_PT","og_type":"article","og_title":"[:en]CAMELIA CASHEW AND MACADAMIA NUT CHEESE 100G[:pt]QUEIJO DE CAJU E MACADAMIA BIO CAMELIA 100GR[:] - BIOCABAZ - CABAZES BIOL\u00d3GICOS","og_description":"Ingredientes: caju biol\u00f3gico 63%; nozes de macad\u00e2mia biol\u00f3gicas 7%; \u00e1gua; sal; p\u00f3 de cebola biol\u00f3gico; fermentos l\u00e1cteos; cultura selecionada de Penicillium; regulador de acidez: \u00e1cido l\u00e1ctico.Modo de Utiliza\u00e7\u00e3o: Conservar a uma temperatura at\u00e9 aos 7\u00baC. Dados Nutricionais: Declara\u00e7\u00e3o Nutricional por 100g: Energia: 1948 KJ\/471Kcal; L\u00edpidos: 41g; dos quais saturados: 7,7g; Hidratos de carbono: 5,3g; dos quais a\u00e7\u00facares: 2,7g; Prote\u00ednas: 16g; Fibra: 8,6; Sal: 2g.","og_url":"https:\/\/biocabaz.pt\/web\/produto\/queijo-de-caju-e-macadamia-bio-camelia-100gr\/","og_site_name":"BIOCABAZ - CABAZES BIOL\u00d3GICOS","article_modified_time":"2022-12-10T05:19:08+00:00","og_image":[{"width":500,"height":498,"url":"https:\/\/www.biocabaz.pt\/web\/wp-conteudos\/uploads\/2021\/09\/queijo-de-caju-e-macadamia-bio-camelia-100gr.jpg","type":"image\/jpeg"}],"twitter_card":"summary_large_image","schema":{"@context":"https:\/\/schema.org","@graph":[{"@type":"WebPage","@id":"https:\/\/biocabaz.pt\/web\/en\/produto\/queijo-de-caju-e-macadamia-bio-camelia-100gr\/","url":"https:\/\/biocabaz.pt\/web\/en\/produto\/queijo-de-caju-e-macadamia-bio-camelia-100gr\/","name":"QUEIJO DE CAJU E MACADAMIA BIO CAMELIA 100GR","isPartOf":{"@id":"https:\/\/biocabaz.pt\/web\/#website"},"primaryImageOfPage":{"@id":"https:\/\/biocabaz.pt\/web\/en\/produto\/queijo-de-caju-e-macadamia-bio-camelia-100gr\/#primaryimage"},"image":{"@id":"https:\/\/biocabaz.pt\/web\/en\/produto\/queijo-de-caju-e-macadamia-bio-camelia-100gr\/#primaryimage"},"thumbnailUrl":"https:\/\/www.biocabaz.pt\/web\/wp-conteudos\/uploads\/2021\/09\/queijo-de-caju-e-macadamia-bio-camelia-100gr.jpg","datePublished":"2021-09-03T08:03:00+00:00","dateModified":"2022-12-10T05:19:08+00:00","breadcrumb":{"@id":"https:\/\/biocabaz.pt\/web\/en\/produto\/queijo-de-caju-e-macadamia-bio-camelia-100gr\/#breadcrumb"},"inLanguage":"pt-PT","potentialAction":[{"@type":"ReadAction","target":["https:\/\/biocabaz.pt\/web\/en\/produto\/queijo-de-caju-e-macadamia-bio-camelia-100gr\/"]}]},{"@type":"ImageObject","inLanguage":"pt-PT","@id":"https:\/\/biocabaz.pt\/web\/en\/produto\/queijo-de-caju-e-macadamia-bio-camelia-100gr\/#primaryimage","url":"https:\/\/www.biocabaz.pt\/web\/wp-conteudos\/uploads\/2021\/09\/queijo-de-caju-e-macadamia-bio-camelia-100gr.jpg","contentUrl":"https:\/\/www.biocabaz.pt\/web\/wp-conteudos\/uploads\/2021\/09\/queijo-de-caju-e-macadamia-bio-camelia-100gr.jpg","width":500,"height":498,"caption":"QUEIJO DE CAJU E MACADAMIA BIO CAMELIA 100GR"},{"@type":"BreadcrumbList","@id":"https:\/\/biocabaz.pt\/web\/en\/produto\/queijo-de-caju-e-macadamia-bio-camelia-100gr\/#breadcrumb","itemListElement":[{"@type":"ListItem","position":1,"name":"Home","item":"https:\/\/biocabaz.pt\/web\/"},{"@type":"ListItem","position":2,"name":"Loja","item":"https:\/\/biocabaz.pt\/web\/shop\/"},{"@type":"ListItem","position":3,"name":"CAMELIA CASHEW AND MACADAMIA NUT CHEESE 100G"}]},{"@type":"WebSite","@id":"https:\/\/biocabaz.pt\/web\/#website","url":"https:\/\/biocabaz.pt\/web\/","name":"BIOCABAZ - CABAZES BIOL\u00d3GICOS","description":"O melhor que a terra d\u00e1 \u00e9 para si","potentialAction":[{"@type":"SearchAction","target":{"@type":"EntryPoint","urlTemplate":"https:\/\/biocabaz.pt\/web\/?s={search_term_string}"},"query-input":{"@type":"PropertyValueSpecification","valueRequired":true,"valueName":"search_term_string"}}],"inLanguage":"pt-PT"}]}},"_links":{"self":[{"href":"https:\/\/biocabaz.pt\/web\/wp-json\/wp\/v2\/product\/75264","targetHints":{"allow":["GET"]}}],"collection":[{"href":"https:\/\/biocabaz.pt\/web\/wp-json\/wp\/v2\/product"}],"about":[{"href":"https:\/\/biocabaz.pt\/web\/wp-json\/wp\/v2\/types\/product"}],"replies":[{"embeddable":true,"href":"https:\/\/biocabaz.pt\/web\/wp-json\/wp\/v2\/comments?post=75264"}],"wp:featuredmedia":[{"embeddable":true,"href":"https:\/\/biocabaz.pt\/web\/wp-json\/wp\/v2\/media\/75265"}],"wp:attachment":[{"href":"https:\/\/biocabaz.pt\/web\/wp-json\/wp\/v2\/media?parent=75264"}],"wp:term":[{"taxonomy":"product_cat","embeddable":true,"href":"https:\/\/biocabaz.pt\/web\/wp-json\/wp\/v2\/product_cat?post=75264"},{"taxonomy":"product_tag","embeddable":true,"href":"https:\/\/biocabaz.pt\/web\/wp-json\/wp\/v2\/product_tag?post=75264"}],"curies":[{"name":"wp","href":"https:\/\/api.w.org\/{rel}","templated":true}]}}