{"id":75262,"date":"2021-09-03T07:56:36","date_gmt":"2021-09-03T07:56:36","guid":{"rendered":"https:\/\/www.biocabaz.pt\/web\/?post_type=product&#038;p=75262"},"modified":"2022-09-29T15:15:30","modified_gmt":"2022-09-29T15:15:30","slug":"margarina-alsan-bio-250gr","status":"publish","type":"product","link":"https:\/\/biocabaz.pt\/web\/produto\/margarina-alsan-bio-250gr\/","title":{"rendered":"MARGARINA ALSAN BIO 250GR"},"content":{"rendered":"","protected":false},"excerpt":{"rendered":"<p>Ingredientes: \u00d3leo de palma *, \u00f3leo de colza *, \u00f3leo de coco *, \u00e1gua, sumo concentrado de cenouras *, emulsionante: l\u00e9citina de girassol *, sumo de lim\u00e3o concentrado *, \u00f3leos de lim\u00e3o * prensado a frio* da agricultura biol\u00f3gica controlada.<br \/><b>Modo de Utiliza\u00e7\u00e3o:<\/b> Conservar a uma temperatura at\u00e9 aos 7\u00baC. <br \/><b>Dados Nutricionais:<\/b> Declara\u00e7\u00e3o Nutricional por 100g: Energia: 2096 KJ\/720Kcal; L\u00edpidos: 80g; dos quais saturados: 40g; Hidratos de carbono: 0,2g; dos quais a\u00e7\u00facares: 0g; Prote\u00ednas: 0g; Sal: 0g.<\/p>\n","protected":false},"featured_media":75263,"comment_status":"closed","ping_status":"closed","template":"","meta":[],"product_cat":[109],"product_tag":[],"class_list":["post-75262","product","type-product","status-publish","has-post-thumbnail","hentry","product_cat-vegetariano-e-vegan-sem-gluten-e-superalimentos"],"bundle_layout":"","bundled_by":[],"bundled_items":[],"yoast_head":"<!-- This site is optimized with the Yoast SEO plugin v26.3 - https:\/\/yoast.com\/wordpress\/plugins\/seo\/ -->\n<title>MARGARINA ALSAN BIO 250GR<\/title>\n<meta name=\"robots\" content=\"index, follow, max-snippet:-1, max-image-preview:large, max-video-preview:-1\" \/>\n<link rel=\"canonical\" href=\"https:\/\/biocabaz.pt\/web\/produto\/margarina-alsan-bio-250gr\/\" \/>\n<meta property=\"og:locale\" content=\"pt_PT\" \/>\n<meta property=\"og:locale:alternate\" content=\"en_US\" \/>\n<meta property=\"og:type\" content=\"article\" \/>\n<meta property=\"og:title\" content=\"MARGARINA ALSAN BIO 250GR\" \/>\n<meta property=\"og:description\" content=\"Ingredientes: \u00d3leo de palma *, \u00f3leo de colza *, \u00f3leo de coco *, \u00e1gua, sumo concentrado de cenouras *, emulsionante: l\u00e9citina de girassol *, sumo de lim\u00e3o concentrado *, \u00f3leos de lim\u00e3o * prensado a frio* da agricultura biol\u00f3gica controlada.Modo de Utiliza\u00e7\u00e3o: Conservar a uma temperatura at\u00e9 aos 7\u00baC. Dados Nutricionais: Declara\u00e7\u00e3o Nutricional por 100g: Energia: 2096 KJ\/720Kcal; L\u00edpidos: 80g; dos quais saturados: 40g; Hidratos de carbono: 0,2g; dos quais a\u00e7\u00facares: 0g; Prote\u00ednas: 0g; Sal: 0g.\" \/>\n<meta property=\"og:url\" content=\"https:\/\/biocabaz.pt\/web\/produto\/margarina-alsan-bio-250gr\/\" \/>\n<meta property=\"og:site_name\" content=\"BIOCABAZ - CABAZES BIOL\u00d3GICOS\" \/>\n<meta property=\"article:modified_time\" content=\"2022-09-29T15:15:30+00:00\" \/>\n<meta property=\"og:image\" content=\"https:\/\/www.biocabaz.pt\/web\/wp-conteudos\/uploads\/2021\/09\/margarina-alsan-bio-250gr-e1630655778760.jpg\" \/>\n\t<meta property=\"og:image:width\" content=\"500\" \/>\n\t<meta property=\"og:image:height\" content=\"500\" \/>\n\t<meta property=\"og:image:type\" content=\"image\/jpeg\" \/>\n<meta name=\"twitter:card\" content=\"summary_large_image\" \/>\n<script type=\"application\/ld+json\" class=\"yoast-schema-graph\">{\"@context\":\"https:\/\/schema.org\",\"@graph\":[{\"@type\":\"WebPage\",\"@id\":\"https:\/\/biocabaz.pt\/web\/produto\/margarina-alsan-bio-250gr\/\",\"url\":\"https:\/\/biocabaz.pt\/web\/produto\/margarina-alsan-bio-250gr\/\",\"name\":\"MARGARINA ALSAN BIO 250GR\",\"isPartOf\":{\"@id\":\"https:\/\/biocabaz.pt\/web\/#website\"},\"primaryImageOfPage\":{\"@id\":\"https:\/\/biocabaz.pt\/web\/produto\/margarina-alsan-bio-250gr\/#primaryimage\"},\"image\":{\"@id\":\"https:\/\/biocabaz.pt\/web\/produto\/margarina-alsan-bio-250gr\/#primaryimage\"},\"thumbnailUrl\":\"https:\/\/www.biocabaz.pt\/web\/wp-conteudos\/uploads\/2021\/09\/margarina-alsan-bio-250gr-e1630655778760.jpg\",\"datePublished\":\"2021-09-03T07:56:36+00:00\",\"dateModified\":\"2022-09-29T15:15:30+00:00\",\"breadcrumb\":{\"@id\":\"https:\/\/biocabaz.pt\/web\/produto\/margarina-alsan-bio-250gr\/#breadcrumb\"},\"inLanguage\":\"pt-PT\",\"potentialAction\":[{\"@type\":\"ReadAction\",\"target\":[\"https:\/\/biocabaz.pt\/web\/produto\/margarina-alsan-bio-250gr\/\"]}]},{\"@type\":\"ImageObject\",\"inLanguage\":\"pt-PT\",\"@id\":\"https:\/\/biocabaz.pt\/web\/produto\/margarina-alsan-bio-250gr\/#primaryimage\",\"url\":\"https:\/\/www.biocabaz.pt\/web\/wp-conteudos\/uploads\/2021\/09\/margarina-alsan-bio-250gr-e1630655778760.jpg\",\"contentUrl\":\"https:\/\/www.biocabaz.pt\/web\/wp-conteudos\/uploads\/2021\/09\/margarina-alsan-bio-250gr-e1630655778760.jpg\",\"width\":500,\"height\":500,\"caption\":\"MARGARINA ALSAN BIO 250GR\"},{\"@type\":\"BreadcrumbList\",\"@id\":\"https:\/\/biocabaz.pt\/web\/produto\/margarina-alsan-bio-250gr\/#breadcrumb\",\"itemListElement\":[{\"@type\":\"ListItem\",\"position\":1,\"name\":\"Home\",\"item\":\"https:\/\/biocabaz.pt\/web\/\"},{\"@type\":\"ListItem\",\"position\":2,\"name\":\"Loja\",\"item\":\"https:\/\/biocabaz.pt\/web\/shop\/\"},{\"@type\":\"ListItem\",\"position\":3,\"name\":\"MARGARINA ALSAN BIO 250GR\"}]},{\"@type\":\"WebSite\",\"@id\":\"https:\/\/biocabaz.pt\/web\/#website\",\"url\":\"https:\/\/biocabaz.pt\/web\/\",\"name\":\"BIOCABAZ - CABAZES BIOL\u00d3GICOS\",\"description\":\"O melhor que a terra d\u00e1 \u00e9 para si\",\"potentialAction\":[{\"@type\":\"SearchAction\",\"target\":{\"@type\":\"EntryPoint\",\"urlTemplate\":\"https:\/\/biocabaz.pt\/web\/?s={search_term_string}\"},\"query-input\":{\"@type\":\"PropertyValueSpecification\",\"valueRequired\":true,\"valueName\":\"search_term_string\"}}],\"inLanguage\":\"pt-PT\"}]}<\/script>\n<!-- \/ Yoast SEO plugin. -->","yoast_head_json":{"title":"MARGARINA ALSAN BIO 250GR","robots":{"index":"index","follow":"follow","max-snippet":"max-snippet:-1","max-image-preview":"max-image-preview:large","max-video-preview":"max-video-preview:-1"},"canonical":"https:\/\/biocabaz.pt\/web\/produto\/margarina-alsan-bio-250gr\/","og_locale":"pt_PT","og_type":"article","og_title":"[:en]ALSAN MARGARINE 250G[:pt]MARGARINA ALSAN BIO 250GR[:] - BIOCABAZ - CABAZES BIOL\u00d3GICOS","og_description":"Ingredientes: \u00d3leo de palma *, \u00f3leo de colza *, \u00f3leo de coco *, \u00e1gua, sumo concentrado de cenouras *, emulsionante: l\u00e9citina de girassol *, sumo de lim\u00e3o concentrado *, \u00f3leos de lim\u00e3o * prensado a frio* da agricultura biol\u00f3gica controlada.Modo de Utiliza\u00e7\u00e3o: Conservar a uma temperatura at\u00e9 aos 7\u00baC. Dados Nutricionais: Declara\u00e7\u00e3o Nutricional por 100g: Energia: 2096 KJ\/720Kcal; L\u00edpidos: 80g; dos quais saturados: 40g; Hidratos de carbono: 0,2g; dos quais a\u00e7\u00facares: 0g; Prote\u00ednas: 0g; Sal: 0g.","og_url":"https:\/\/biocabaz.pt\/web\/produto\/margarina-alsan-bio-250gr\/","og_site_name":"BIOCABAZ - CABAZES BIOL\u00d3GICOS","article_modified_time":"2022-09-29T15:15:30+00:00","og_image":[{"width":500,"height":500,"url":"https:\/\/www.biocabaz.pt\/web\/wp-conteudos\/uploads\/2021\/09\/margarina-alsan-bio-250gr-e1630655778760.jpg","type":"image\/jpeg"}],"twitter_card":"summary_large_image","schema":{"@context":"https:\/\/schema.org","@graph":[{"@type":"WebPage","@id":"https:\/\/biocabaz.pt\/web\/produto\/margarina-alsan-bio-250gr\/","url":"https:\/\/biocabaz.pt\/web\/produto\/margarina-alsan-bio-250gr\/","name":"MARGARINA ALSAN BIO 250GR","isPartOf":{"@id":"https:\/\/biocabaz.pt\/web\/#website"},"primaryImageOfPage":{"@id":"https:\/\/biocabaz.pt\/web\/produto\/margarina-alsan-bio-250gr\/#primaryimage"},"image":{"@id":"https:\/\/biocabaz.pt\/web\/produto\/margarina-alsan-bio-250gr\/#primaryimage"},"thumbnailUrl":"https:\/\/www.biocabaz.pt\/web\/wp-conteudos\/uploads\/2021\/09\/margarina-alsan-bio-250gr-e1630655778760.jpg","datePublished":"2021-09-03T07:56:36+00:00","dateModified":"2022-09-29T15:15:30+00:00","breadcrumb":{"@id":"https:\/\/biocabaz.pt\/web\/produto\/margarina-alsan-bio-250gr\/#breadcrumb"},"inLanguage":"pt-PT","potentialAction":[{"@type":"ReadAction","target":["https:\/\/biocabaz.pt\/web\/produto\/margarina-alsan-bio-250gr\/"]}]},{"@type":"ImageObject","inLanguage":"pt-PT","@id":"https:\/\/biocabaz.pt\/web\/produto\/margarina-alsan-bio-250gr\/#primaryimage","url":"https:\/\/www.biocabaz.pt\/web\/wp-conteudos\/uploads\/2021\/09\/margarina-alsan-bio-250gr-e1630655778760.jpg","contentUrl":"https:\/\/www.biocabaz.pt\/web\/wp-conteudos\/uploads\/2021\/09\/margarina-alsan-bio-250gr-e1630655778760.jpg","width":500,"height":500,"caption":"MARGARINA ALSAN BIO 250GR"},{"@type":"BreadcrumbList","@id":"https:\/\/biocabaz.pt\/web\/produto\/margarina-alsan-bio-250gr\/#breadcrumb","itemListElement":[{"@type":"ListItem","position":1,"name":"Home","item":"https:\/\/biocabaz.pt\/web\/"},{"@type":"ListItem","position":2,"name":"Loja","item":"https:\/\/biocabaz.pt\/web\/shop\/"},{"@type":"ListItem","position":3,"name":"MARGARINA ALSAN BIO 250GR"}]},{"@type":"WebSite","@id":"https:\/\/biocabaz.pt\/web\/#website","url":"https:\/\/biocabaz.pt\/web\/","name":"BIOCABAZ - CABAZES BIOL\u00d3GICOS","description":"O melhor que a terra d\u00e1 \u00e9 para si","potentialAction":[{"@type":"SearchAction","target":{"@type":"EntryPoint","urlTemplate":"https:\/\/biocabaz.pt\/web\/?s={search_term_string}"},"query-input":{"@type":"PropertyValueSpecification","valueRequired":true,"valueName":"search_term_string"}}],"inLanguage":"pt-PT"}]}},"_links":{"self":[{"href":"https:\/\/biocabaz.pt\/web\/wp-json\/wp\/v2\/product\/75262","targetHints":{"allow":["GET"]}}],"collection":[{"href":"https:\/\/biocabaz.pt\/web\/wp-json\/wp\/v2\/product"}],"about":[{"href":"https:\/\/biocabaz.pt\/web\/wp-json\/wp\/v2\/types\/product"}],"replies":[{"embeddable":true,"href":"https:\/\/biocabaz.pt\/web\/wp-json\/wp\/v2\/comments?post=75262"}],"wp:featuredmedia":[{"embeddable":true,"href":"https:\/\/biocabaz.pt\/web\/wp-json\/wp\/v2\/media\/75263"}],"wp:attachment":[{"href":"https:\/\/biocabaz.pt\/web\/wp-json\/wp\/v2\/media?parent=75262"}],"wp:term":[{"taxonomy":"product_cat","embeddable":true,"href":"https:\/\/biocabaz.pt\/web\/wp-json\/wp\/v2\/product_cat?post=75262"},{"taxonomy":"product_tag","embeddable":true,"href":"https:\/\/biocabaz.pt\/web\/wp-json\/wp\/v2\/product_tag?post=75262"}],"curies":[{"name":"wp","href":"https:\/\/api.w.org\/{rel}","templated":true}]}}