{"id":75253,"date":"2021-09-03T07:27:29","date_gmt":"2021-09-03T07:27:29","guid":{"rendered":"https:\/\/www.biocabaz.pt\/web\/?post_type=product&#038;p=75253"},"modified":"2022-09-29T15:18:09","modified_gmt":"2022-09-29T15:18:09","slug":"falafel-tamruc-bio-florentin-240gr-2","status":"publish","type":"product","link":"https:\/\/biocabaz.pt\/web\/produto\/falafel-tamruc-bio-florentin-240gr-2\/","title":{"rendered":"FALAFEL BIO FLORENTIN 240GR"},"content":{"rendered":"","protected":false},"excerpt":{"rendered":"<p>Ingredientes: Gr\u00e3o de bico cozido * (63%), cebolas *, t\u00e2maras * (7%), passas * (7%), manjeric\u00e3o * (4%), salsa *, \u00f3leo de girassol *, alho *, sal marinho, pimenta malagueta *, espessantes (xantano, goma de guar), regulador de acidez (\u00e1cido l\u00e1ctico **). * Qualidade biol\u00f3gica. ** Fabricado com cana-de-a\u00e7\u00facar.<br \/><b>Modo de Utiliza\u00e7\u00e3o:<\/b> Conserve a uma temperatura entre 0\u00ba e 6\u00baC.  Depois de aberto consumir no prazo de 5 dias. <br \/><b>Dados Nutricionais:<\/b> Declara\u00e7\u00e3o Nutricional por 100g: Energia: 1143 KJ\/273Kcal; L\u00edpidos: 14,6g; dos quais saturados: 2,3g; Hidratos de carbono: 25,1g; dos quais a\u00e7\u00facares: 14,1g; Prote\u00ednas: 6,6g; Sal: 0,7g.<\/p>\n","protected":false},"featured_media":75255,"comment_status":"closed","ping_status":"closed","template":"","meta":[],"product_cat":[109],"product_tag":[],"class_list":["post-75253","product","type-product","status-publish","has-post-thumbnail","hentry","product_cat-vegetariano-e-vegan-sem-gluten-e-superalimentos"],"bundle_layout":"","bundled_by":[],"bundled_items":[],"yoast_head":"<!-- This site is optimized with the Yoast SEO plugin v26.3 - https:\/\/yoast.com\/wordpress\/plugins\/seo\/ -->\n<title>FALAFEL BIO FLORENTIN 240GR<\/title>\n<meta name=\"robots\" content=\"index, follow, max-snippet:-1, max-image-preview:large, max-video-preview:-1\" \/>\n<link rel=\"canonical\" href=\"https:\/\/biocabaz.pt\/web\/produto\/falafel-tamruc-bio-florentin-240gr-2\/\" \/>\n<meta property=\"og:locale\" content=\"pt_PT\" \/>\n<meta property=\"og:locale:alternate\" content=\"en_US\" \/>\n<meta property=\"og:type\" content=\"article\" \/>\n<meta property=\"og:title\" content=\"FALAFEL BIO FLORENTIN 240GR\" \/>\n<meta property=\"og:description\" content=\"Ingredientes: Gr\u00e3o de bico cozido * (63%), cebolas *, t\u00e2maras * (7%), passas * (7%), manjeric\u00e3o * (4%), salsa *, \u00f3leo de girassol *, alho *, sal marinho, pimenta malagueta *, espessantes (xantano, goma de guar), regulador de acidez (\u00e1cido l\u00e1ctico **). * Qualidade biol\u00f3gica. ** Fabricado com cana-de-a\u00e7\u00facar.Modo de Utiliza\u00e7\u00e3o: Conserve a uma temperatura entre 0\u00ba e 6\u00baC. Depois de aberto consumir no prazo de 5 dias. Dados Nutricionais: Declara\u00e7\u00e3o Nutricional por 100g: Energia: 1143 KJ\/273Kcal; L\u00edpidos: 14,6g; dos quais saturados: 2,3g; Hidratos de carbono: 25,1g; dos quais a\u00e7\u00facares: 14,1g; Prote\u00ednas: 6,6g; Sal: 0,7g.\" \/>\n<meta property=\"og:url\" content=\"https:\/\/biocabaz.pt\/web\/produto\/falafel-tamruc-bio-florentin-240gr-2\/\" \/>\n<meta property=\"og:site_name\" content=\"BIOCABAZ - CABAZES BIOL\u00d3GICOS\" \/>\n<meta property=\"article:modified_time\" content=\"2022-09-29T15:18:09+00:00\" \/>\n<meta property=\"og:image\" content=\"https:\/\/www.biocabaz.pt\/web\/wp-conteudos\/uploads\/2021\/09\/falafel-bio-florentin-240gr-e1630654005858.png\" \/>\n\t<meta property=\"og:image:width\" content=\"500\" \/>\n\t<meta property=\"og:image:height\" content=\"500\" \/>\n\t<meta property=\"og:image:type\" content=\"image\/png\" \/>\n<meta name=\"twitter:card\" content=\"summary_large_image\" \/>\n<script type=\"application\/ld+json\" class=\"yoast-schema-graph\">{\"@context\":\"https:\/\/schema.org\",\"@graph\":[{\"@type\":\"WebPage\",\"@id\":\"https:\/\/biocabaz.pt\/web\/produto\/falafel-tamruc-bio-florentin-240gr-2\/\",\"url\":\"https:\/\/biocabaz.pt\/web\/produto\/falafel-tamruc-bio-florentin-240gr-2\/\",\"name\":\"FALAFEL BIO FLORENTIN 240GR\",\"isPartOf\":{\"@id\":\"https:\/\/www.biocabaz.pt\/web\/#website\"},\"primaryImageOfPage\":{\"@id\":\"https:\/\/biocabaz.pt\/web\/produto\/falafel-tamruc-bio-florentin-240gr-2\/#primaryimage\"},\"image\":{\"@id\":\"https:\/\/biocabaz.pt\/web\/produto\/falafel-tamruc-bio-florentin-240gr-2\/#primaryimage\"},\"thumbnailUrl\":\"https:\/\/www.biocabaz.pt\/web\/wp-conteudos\/uploads\/2021\/09\/falafel-bio-florentin-240gr-e1630654005858.png\",\"datePublished\":\"2021-09-03T07:27:29+00:00\",\"dateModified\":\"2022-09-29T15:18:09+00:00\",\"breadcrumb\":{\"@id\":\"https:\/\/biocabaz.pt\/web\/produto\/falafel-tamruc-bio-florentin-240gr-2\/#breadcrumb\"},\"inLanguage\":\"pt-PT\",\"potentialAction\":[{\"@type\":\"ReadAction\",\"target\":[\"https:\/\/biocabaz.pt\/web\/produto\/falafel-tamruc-bio-florentin-240gr-2\/\"]}]},{\"@type\":\"ImageObject\",\"inLanguage\":\"pt-PT\",\"@id\":\"https:\/\/biocabaz.pt\/web\/produto\/falafel-tamruc-bio-florentin-240gr-2\/#primaryimage\",\"url\":\"https:\/\/www.biocabaz.pt\/web\/wp-conteudos\/uploads\/2021\/09\/falafel-bio-florentin-240gr-e1630654005858.png\",\"contentUrl\":\"https:\/\/www.biocabaz.pt\/web\/wp-conteudos\/uploads\/2021\/09\/falafel-bio-florentin-240gr-e1630654005858.png\",\"width\":500,\"height\":500,\"caption\":\"FALAFEL BIO FLORENTIN 240GR\"},{\"@type\":\"BreadcrumbList\",\"@id\":\"https:\/\/biocabaz.pt\/web\/produto\/falafel-tamruc-bio-florentin-240gr-2\/#breadcrumb\",\"itemListElement\":[{\"@type\":\"ListItem\",\"position\":1,\"name\":\"Home\",\"item\":\"https:\/\/www.biocabaz.pt\/web\/\"},{\"@type\":\"ListItem\",\"position\":2,\"name\":\"Loja\",\"item\":\"https:\/\/www.biocabaz.pt\/web\/shop\/\"},{\"@type\":\"ListItem\",\"position\":3,\"name\":\"FALAFEL BIO FLORENTIN 240GR\"}]},{\"@type\":\"WebSite\",\"@id\":\"https:\/\/www.biocabaz.pt\/web\/#website\",\"url\":\"https:\/\/www.biocabaz.pt\/web\/\",\"name\":\"BIOCABAZ - CABAZES BIOL\u00d3GICOS\",\"description\":\"O melhor que a terra d\u00e1 \u00e9 para si\",\"potentialAction\":[{\"@type\":\"SearchAction\",\"target\":{\"@type\":\"EntryPoint\",\"urlTemplate\":\"https:\/\/www.biocabaz.pt\/web\/?s={search_term_string}\"},\"query-input\":{\"@type\":\"PropertyValueSpecification\",\"valueRequired\":true,\"valueName\":\"search_term_string\"}}],\"inLanguage\":\"pt-PT\"}]}<\/script>\n<!-- \/ Yoast SEO plugin. -->","yoast_head_json":{"title":"FALAFEL BIO FLORENTIN 240GR","robots":{"index":"index","follow":"follow","max-snippet":"max-snippet:-1","max-image-preview":"max-image-preview:large","max-video-preview":"max-video-preview:-1"},"canonical":"https:\/\/biocabaz.pt\/web\/produto\/falafel-tamruc-bio-florentin-240gr-2\/","og_locale":"pt_PT","og_type":"article","og_title":"[:en]FLORENTIN ORGANIC FALAFEL 200G[:pt]FALAFEL BIO FLORENTIN 240GR[:] - BIOCABAZ - CABAZES BIOL\u00d3GICOS","og_description":"Ingredientes: Gr\u00e3o de bico cozido * (63%), cebolas *, t\u00e2maras * (7%), passas * (7%), manjeric\u00e3o * (4%), salsa *, \u00f3leo de girassol *, alho *, sal marinho, pimenta malagueta *, espessantes (xantano, goma de guar), regulador de acidez (\u00e1cido l\u00e1ctico **). * Qualidade biol\u00f3gica. ** Fabricado com cana-de-a\u00e7\u00facar.Modo de Utiliza\u00e7\u00e3o: Conserve a uma temperatura entre 0\u00ba e 6\u00baC. Depois de aberto consumir no prazo de 5 dias. Dados Nutricionais: Declara\u00e7\u00e3o Nutricional por 100g: Energia: 1143 KJ\/273Kcal; L\u00edpidos: 14,6g; dos quais saturados: 2,3g; Hidratos de carbono: 25,1g; dos quais a\u00e7\u00facares: 14,1g; Prote\u00ednas: 6,6g; Sal: 0,7g.","og_url":"https:\/\/biocabaz.pt\/web\/produto\/falafel-tamruc-bio-florentin-240gr-2\/","og_site_name":"BIOCABAZ - CABAZES BIOL\u00d3GICOS","article_modified_time":"2022-09-29T15:18:09+00:00","og_image":[{"width":500,"height":500,"url":"https:\/\/www.biocabaz.pt\/web\/wp-conteudos\/uploads\/2021\/09\/falafel-bio-florentin-240gr-e1630654005858.png","type":"image\/png"}],"twitter_card":"summary_large_image","schema":{"@context":"https:\/\/schema.org","@graph":[{"@type":"WebPage","@id":"https:\/\/biocabaz.pt\/web\/produto\/falafel-tamruc-bio-florentin-240gr-2\/","url":"https:\/\/biocabaz.pt\/web\/produto\/falafel-tamruc-bio-florentin-240gr-2\/","name":"FALAFEL BIO FLORENTIN 240GR","isPartOf":{"@id":"https:\/\/www.biocabaz.pt\/web\/#website"},"primaryImageOfPage":{"@id":"https:\/\/biocabaz.pt\/web\/produto\/falafel-tamruc-bio-florentin-240gr-2\/#primaryimage"},"image":{"@id":"https:\/\/biocabaz.pt\/web\/produto\/falafel-tamruc-bio-florentin-240gr-2\/#primaryimage"},"thumbnailUrl":"https:\/\/www.biocabaz.pt\/web\/wp-conteudos\/uploads\/2021\/09\/falafel-bio-florentin-240gr-e1630654005858.png","datePublished":"2021-09-03T07:27:29+00:00","dateModified":"2022-09-29T15:18:09+00:00","breadcrumb":{"@id":"https:\/\/biocabaz.pt\/web\/produto\/falafel-tamruc-bio-florentin-240gr-2\/#breadcrumb"},"inLanguage":"pt-PT","potentialAction":[{"@type":"ReadAction","target":["https:\/\/biocabaz.pt\/web\/produto\/falafel-tamruc-bio-florentin-240gr-2\/"]}]},{"@type":"ImageObject","inLanguage":"pt-PT","@id":"https:\/\/biocabaz.pt\/web\/produto\/falafel-tamruc-bio-florentin-240gr-2\/#primaryimage","url":"https:\/\/www.biocabaz.pt\/web\/wp-conteudos\/uploads\/2021\/09\/falafel-bio-florentin-240gr-e1630654005858.png","contentUrl":"https:\/\/www.biocabaz.pt\/web\/wp-conteudos\/uploads\/2021\/09\/falafel-bio-florentin-240gr-e1630654005858.png","width":500,"height":500,"caption":"FALAFEL BIO FLORENTIN 240GR"},{"@type":"BreadcrumbList","@id":"https:\/\/biocabaz.pt\/web\/produto\/falafel-tamruc-bio-florentin-240gr-2\/#breadcrumb","itemListElement":[{"@type":"ListItem","position":1,"name":"Home","item":"https:\/\/www.biocabaz.pt\/web\/"},{"@type":"ListItem","position":2,"name":"Loja","item":"https:\/\/www.biocabaz.pt\/web\/shop\/"},{"@type":"ListItem","position":3,"name":"FALAFEL BIO FLORENTIN 240GR"}]},{"@type":"WebSite","@id":"https:\/\/www.biocabaz.pt\/web\/#website","url":"https:\/\/www.biocabaz.pt\/web\/","name":"BIOCABAZ - CABAZES BIOL\u00d3GICOS","description":"O melhor que a terra d\u00e1 \u00e9 para si","potentialAction":[{"@type":"SearchAction","target":{"@type":"EntryPoint","urlTemplate":"https:\/\/www.biocabaz.pt\/web\/?s={search_term_string}"},"query-input":{"@type":"PropertyValueSpecification","valueRequired":true,"valueName":"search_term_string"}}],"inLanguage":"pt-PT"}]}},"_links":{"self":[{"href":"https:\/\/biocabaz.pt\/web\/wp-json\/wp\/v2\/product\/75253","targetHints":{"allow":["GET"]}}],"collection":[{"href":"https:\/\/biocabaz.pt\/web\/wp-json\/wp\/v2\/product"}],"about":[{"href":"https:\/\/biocabaz.pt\/web\/wp-json\/wp\/v2\/types\/product"}],"replies":[{"embeddable":true,"href":"https:\/\/biocabaz.pt\/web\/wp-json\/wp\/v2\/comments?post=75253"}],"wp:featuredmedia":[{"embeddable":true,"href":"https:\/\/biocabaz.pt\/web\/wp-json\/wp\/v2\/media\/75255"}],"wp:attachment":[{"href":"https:\/\/biocabaz.pt\/web\/wp-json\/wp\/v2\/media?parent=75253"}],"wp:term":[{"taxonomy":"product_cat","embeddable":true,"href":"https:\/\/biocabaz.pt\/web\/wp-json\/wp\/v2\/product_cat?post=75253"},{"taxonomy":"product_tag","embeddable":true,"href":"https:\/\/biocabaz.pt\/web\/wp-json\/wp\/v2\/product_tag?post=75253"}],"curies":[{"name":"wp","href":"https:\/\/api.w.org\/{rel}","templated":true}]}}