{"id":75247,"date":"2021-09-03T06:50:23","date_gmt":"2021-09-03T06:50:23","guid":{"rendered":"https:\/\/www.biocabaz.pt\/web\/?post_type=product&#038;p=75247"},"modified":"2022-09-29T15:18:48","modified_gmt":"2022-09-29T15:18:48","slug":"croquetes-de-alcachofra-soria-natural-250gr","status":"publish","type":"product","link":"https:\/\/biocabaz.pt\/web\/produto\/croquetes-de-alcachofra-soria-natural-250gr\/","title":{"rendered":"CROQUETES DE ALCACHOFRA SORIA NATURAL 250GR"},"content":{"rendered":"","protected":false},"excerpt":{"rendered":"<p>Ingredientes: Bebida de soja* (\u00e1gua, feij\u00e3o de soja*, xarope de trigo sem glut\u00e9n*, alga lithothamnium calcareum, estabilizante: goma gellan, sal marinho, aroma natural), alcachofras (21%), farinha de arroz integral*, cebola*, amido de tapioca* , empanado (p\u00e3o de arroz ralado* (amido de tapioca*, farinha de arroz integral*, farinha de gr\u00e3o de bico integral*, levedura* a\u00e7\u00facar de cana*, espessante goma xantana, sal rosa dos himalaias, azeite virgem extra*, emulsionante, lecitina de soja), bebida de soja* (feij\u00e3o de soja*, xarope de trigo sem gluten* alga lithothamnium calcareum, estabilizante: goma gellan, sal marinho, aroma natural), \u00f3leo de girassol* , alho*, sal rosa dos himalaias, noz moscada*, pimenta preta*. * Procedente de agricultura biol\u00f3gica.<br \/><b>Modo de Utiliza\u00e7\u00e3o:<\/b> Produto pr\u00e9-cozinhado. Aconselha-se fritar numa grande quantidade de azeite a ferver (180\u00baC), at\u00e9 conseguir uma caracter\u00edstica cor dourada.<br \/><b>Dados Nutricionais:<\/b> Declara\u00e7\u00e3o Nutricional por 100g: Energia: 955KJ\/227Kcal; L\u00edpidos: 7,4g; dos quais saturados: 1,1g; monoinsaturadas: 2,3g; poliinsaturadas: 4,0g; Hidratos de carbono: 33g; dos quais a\u00e7\u00facares: 2,2g; Fibra: 2,0g; Prote\u00ednas: 6,1g; Sal: 1,2g.<\/p>\n","protected":false},"featured_media":75248,"comment_status":"closed","ping_status":"closed","template":"","meta":[],"product_cat":[109],"product_tag":[],"class_list":["post-75247","product","type-product","status-publish","has-post-thumbnail","hentry","product_cat-vegetariano-e-vegan-sem-gluten-e-superalimentos"],"bundle_layout":"","bundled_by":[],"bundled_items":[],"yoast_head":"<!-- This site is optimized with the Yoast SEO plugin v26.3 - https:\/\/yoast.com\/wordpress\/plugins\/seo\/ -->\n<title>CROQUETES DE ALCACHOFRA SORIA NATURAL 250GR<\/title>\n<meta name=\"robots\" content=\"index, follow, max-snippet:-1, max-image-preview:large, max-video-preview:-1\" \/>\n<link rel=\"canonical\" href=\"https:\/\/biocabaz.pt\/web\/produto\/croquetes-de-alcachofra-soria-natural-250gr\/\" \/>\n<meta property=\"og:locale\" content=\"pt_PT\" \/>\n<meta property=\"og:locale:alternate\" content=\"en_US\" \/>\n<meta property=\"og:type\" content=\"article\" \/>\n<meta property=\"og:title\" content=\"CROQUETES DE ALCACHOFRA SORIA NATURAL 250GR\" \/>\n<meta property=\"og:description\" content=\"Ingredientes: Bebida de soja* (\u00e1gua, feij\u00e3o de soja*, xarope de trigo sem glut\u00e9n*, alga lithothamnium calcareum, estabilizante: goma gellan, sal marinho, aroma natural), alcachofras (21%), farinha de arroz integral*, cebola*, amido de tapioca* , empanado (p\u00e3o de arroz ralado* (amido de tapioca*, farinha de arroz integral*, farinha de gr\u00e3o de bico integral*, levedura* a\u00e7\u00facar de cana*, espessante goma xantana, sal rosa dos himalaias, azeite virgem extra*, emulsionante, lecitina de soja), bebida de soja* (feij\u00e3o de soja*, xarope de trigo sem gluten* alga lithothamnium calcareum, estabilizante: goma gellan, sal marinho, aroma natural), \u00f3leo de girassol* , alho*, sal rosa dos himalaias, noz moscada*, pimenta preta*. * Procedente de agricultura biol\u00f3gica.Modo de Utiliza\u00e7\u00e3o: Produto pr\u00e9-cozinhado. Aconselha-se fritar numa grande quantidade de azeite a ferver (180\u00baC), at\u00e9 conseguir uma caracter\u00edstica cor dourada.Dados Nutricionais: Declara\u00e7\u00e3o Nutricional por 100g: Energia: 955KJ\/227Kcal; L\u00edpidos: 7,4g; dos quais saturados: 1,1g; monoinsaturadas: 2,3g; poliinsaturadas: 4,0g; Hidratos de carbono: 33g; dos quais a\u00e7\u00facares: 2,2g; Fibra: 2,0g; Prote\u00ednas: 6,1g; Sal: 1,2g.\" \/>\n<meta property=\"og:url\" content=\"https:\/\/biocabaz.pt\/web\/produto\/croquetes-de-alcachofra-soria-natural-250gr\/\" \/>\n<meta property=\"og:site_name\" content=\"BIOCABAZ - CABAZES BIOL\u00d3GICOS\" \/>\n<meta property=\"article:modified_time\" content=\"2022-09-29T15:18:48+00:00\" \/>\n<meta property=\"og:image\" content=\"https:\/\/www.biocabaz.pt\/web\/wp-conteudos\/uploads\/2021\/09\/croquetes-de-alcachofra-soria-natural-250gr.jpg\" \/>\n\t<meta property=\"og:image:width\" content=\"337\" \/>\n\t<meta property=\"og:image:height\" content=\"281\" \/>\n\t<meta property=\"og:image:type\" content=\"image\/jpeg\" \/>\n<meta name=\"twitter:card\" content=\"summary_large_image\" \/>\n<script type=\"application\/ld+json\" class=\"yoast-schema-graph\">{\"@context\":\"https:\/\/schema.org\",\"@graph\":[{\"@type\":\"WebPage\",\"@id\":\"https:\/\/biocabaz.pt\/web\/produto\/croquetes-de-alcachofra-soria-natural-250gr\/\",\"url\":\"https:\/\/biocabaz.pt\/web\/produto\/croquetes-de-alcachofra-soria-natural-250gr\/\",\"name\":\"CROQUETES DE ALCACHOFRA SORIA NATURAL 250GR\",\"isPartOf\":{\"@id\":\"https:\/\/www.biocabaz.pt\/web\/en\/#website\"},\"primaryImageOfPage\":{\"@id\":\"https:\/\/biocabaz.pt\/web\/produto\/croquetes-de-alcachofra-soria-natural-250gr\/#primaryimage\"},\"image\":{\"@id\":\"https:\/\/biocabaz.pt\/web\/produto\/croquetes-de-alcachofra-soria-natural-250gr\/#primaryimage\"},\"thumbnailUrl\":\"https:\/\/www.biocabaz.pt\/web\/wp-conteudos\/uploads\/2021\/09\/croquetes-de-alcachofra-soria-natural-250gr.jpg\",\"datePublished\":\"2021-09-03T06:50:23+00:00\",\"dateModified\":\"2022-09-29T15:18:48+00:00\",\"breadcrumb\":{\"@id\":\"https:\/\/biocabaz.pt\/web\/produto\/croquetes-de-alcachofra-soria-natural-250gr\/#breadcrumb\"},\"inLanguage\":\"pt-PT\",\"potentialAction\":[{\"@type\":\"ReadAction\",\"target\":[\"https:\/\/biocabaz.pt\/web\/produto\/croquetes-de-alcachofra-soria-natural-250gr\/\"]}]},{\"@type\":\"ImageObject\",\"inLanguage\":\"pt-PT\",\"@id\":\"https:\/\/biocabaz.pt\/web\/produto\/croquetes-de-alcachofra-soria-natural-250gr\/#primaryimage\",\"url\":\"https:\/\/www.biocabaz.pt\/web\/wp-conteudos\/uploads\/2021\/09\/croquetes-de-alcachofra-soria-natural-250gr.jpg\",\"contentUrl\":\"https:\/\/www.biocabaz.pt\/web\/wp-conteudos\/uploads\/2021\/09\/croquetes-de-alcachofra-soria-natural-250gr.jpg\",\"width\":337,\"height\":281,\"caption\":\"CROQUETES DE ALCACHOFRA SORIA NATURAL 250GR\"},{\"@type\":\"BreadcrumbList\",\"@id\":\"https:\/\/biocabaz.pt\/web\/produto\/croquetes-de-alcachofra-soria-natural-250gr\/#breadcrumb\",\"itemListElement\":[{\"@type\":\"ListItem\",\"position\":1,\"name\":\"Home\",\"item\":\"https:\/\/www.biocabaz.pt\/web\/en\/\"},{\"@type\":\"ListItem\",\"position\":2,\"name\":\"Shop\",\"item\":\"https:\/\/www.biocabaz.pt\/web\/en\/shop\/\"},{\"@type\":\"ListItem\",\"position\":3,\"name\":\"CROQUETES DE ALCACHOFRA SORIA NATURAL 250GR\"}]},{\"@type\":\"WebSite\",\"@id\":\"https:\/\/www.biocabaz.pt\/web\/en\/#website\",\"url\":\"https:\/\/www.biocabaz.pt\/web\/en\/\",\"name\":\"BIOCABAZ - CABAZES BIOL\u00d3GICOS\",\"description\":\"O melhor que a terra d\u00e1 \u00e9 para si\",\"potentialAction\":[{\"@type\":\"SearchAction\",\"target\":{\"@type\":\"EntryPoint\",\"urlTemplate\":\"https:\/\/www.biocabaz.pt\/web\/en\/?s={search_term_string}\"},\"query-input\":{\"@type\":\"PropertyValueSpecification\",\"valueRequired\":true,\"valueName\":\"search_term_string\"}}],\"inLanguage\":\"pt-PT\"}]}<\/script>\n<!-- \/ Yoast SEO plugin. -->","yoast_head_json":{"title":"CROQUETES DE ALCACHOFRA SORIA NATURAL 250GR","robots":{"index":"index","follow":"follow","max-snippet":"max-snippet:-1","max-image-preview":"max-image-preview:large","max-video-preview":"max-video-preview:-1"},"canonical":"https:\/\/biocabaz.pt\/web\/produto\/croquetes-de-alcachofra-soria-natural-250gr\/","og_locale":"pt_PT","og_type":"article","og_title":"[:en]SORIA NATURAL ARTICHOKE CROQUETTES 250G[:pt]CROQUETES DE ALCACHOFRA SORIA NATURAL 250GR[:] - BIOCABAZ - CABAZES BIOL\u00d3GICOS","og_description":"Ingredientes: Bebida de soja* (\u00e1gua, feij\u00e3o de soja*, xarope de trigo sem glut\u00e9n*, alga lithothamnium calcareum, estabilizante: goma gellan, sal marinho, aroma natural), alcachofras (21%), farinha de arroz integral*, cebola*, amido de tapioca* , empanado (p\u00e3o de arroz ralado* (amido de tapioca*, farinha de arroz integral*, farinha de gr\u00e3o de bico integral*, levedura* a\u00e7\u00facar de cana*, espessante goma xantana, sal rosa dos himalaias, azeite virgem extra*, emulsionante, lecitina de soja), bebida de soja* (feij\u00e3o de soja*, xarope de trigo sem gluten* alga lithothamnium calcareum, estabilizante: goma gellan, sal marinho, aroma natural), \u00f3leo de girassol* , alho*, sal rosa dos himalaias, noz moscada*, pimenta preta*. * Procedente de agricultura biol\u00f3gica.Modo de Utiliza\u00e7\u00e3o: Produto pr\u00e9-cozinhado. Aconselha-se fritar numa grande quantidade de azeite a ferver (180\u00baC), at\u00e9 conseguir uma caracter\u00edstica cor dourada.Dados Nutricionais: Declara\u00e7\u00e3o Nutricional por 100g: Energia: 955KJ\/227Kcal; L\u00edpidos: 7,4g; dos quais saturados: 1,1g; monoinsaturadas: 2,3g; poliinsaturadas: 4,0g; Hidratos de carbono: 33g; dos quais a\u00e7\u00facares: 2,2g; Fibra: 2,0g; Prote\u00ednas: 6,1g; Sal: 1,2g.","og_url":"https:\/\/biocabaz.pt\/web\/produto\/croquetes-de-alcachofra-soria-natural-250gr\/","og_site_name":"BIOCABAZ - CABAZES BIOL\u00d3GICOS","article_modified_time":"2022-09-29T15:18:48+00:00","og_image":[{"width":337,"height":281,"url":"https:\/\/www.biocabaz.pt\/web\/wp-conteudos\/uploads\/2021\/09\/croquetes-de-alcachofra-soria-natural-250gr.jpg","type":"image\/jpeg"}],"twitter_card":"summary_large_image","schema":{"@context":"https:\/\/schema.org","@graph":[{"@type":"WebPage","@id":"https:\/\/biocabaz.pt\/web\/produto\/croquetes-de-alcachofra-soria-natural-250gr\/","url":"https:\/\/biocabaz.pt\/web\/produto\/croquetes-de-alcachofra-soria-natural-250gr\/","name":"CROQUETES DE ALCACHOFRA SORIA NATURAL 250GR","isPartOf":{"@id":"https:\/\/www.biocabaz.pt\/web\/en\/#website"},"primaryImageOfPage":{"@id":"https:\/\/biocabaz.pt\/web\/produto\/croquetes-de-alcachofra-soria-natural-250gr\/#primaryimage"},"image":{"@id":"https:\/\/biocabaz.pt\/web\/produto\/croquetes-de-alcachofra-soria-natural-250gr\/#primaryimage"},"thumbnailUrl":"https:\/\/www.biocabaz.pt\/web\/wp-conteudos\/uploads\/2021\/09\/croquetes-de-alcachofra-soria-natural-250gr.jpg","datePublished":"2021-09-03T06:50:23+00:00","dateModified":"2022-09-29T15:18:48+00:00","breadcrumb":{"@id":"https:\/\/biocabaz.pt\/web\/produto\/croquetes-de-alcachofra-soria-natural-250gr\/#breadcrumb"},"inLanguage":"pt-PT","potentialAction":[{"@type":"ReadAction","target":["https:\/\/biocabaz.pt\/web\/produto\/croquetes-de-alcachofra-soria-natural-250gr\/"]}]},{"@type":"ImageObject","inLanguage":"pt-PT","@id":"https:\/\/biocabaz.pt\/web\/produto\/croquetes-de-alcachofra-soria-natural-250gr\/#primaryimage","url":"https:\/\/www.biocabaz.pt\/web\/wp-conteudos\/uploads\/2021\/09\/croquetes-de-alcachofra-soria-natural-250gr.jpg","contentUrl":"https:\/\/www.biocabaz.pt\/web\/wp-conteudos\/uploads\/2021\/09\/croquetes-de-alcachofra-soria-natural-250gr.jpg","width":337,"height":281,"caption":"CROQUETES DE ALCACHOFRA SORIA NATURAL 250GR"},{"@type":"BreadcrumbList","@id":"https:\/\/biocabaz.pt\/web\/produto\/croquetes-de-alcachofra-soria-natural-250gr\/#breadcrumb","itemListElement":[{"@type":"ListItem","position":1,"name":"Home","item":"https:\/\/www.biocabaz.pt\/web\/en\/"},{"@type":"ListItem","position":2,"name":"Shop","item":"https:\/\/www.biocabaz.pt\/web\/en\/shop\/"},{"@type":"ListItem","position":3,"name":"CROQUETES DE ALCACHOFRA SORIA NATURAL 250GR"}]},{"@type":"WebSite","@id":"https:\/\/www.biocabaz.pt\/web\/en\/#website","url":"https:\/\/www.biocabaz.pt\/web\/en\/","name":"BIOCABAZ - CABAZES BIOL\u00d3GICOS","description":"O melhor que a terra d\u00e1 \u00e9 para si","potentialAction":[{"@type":"SearchAction","target":{"@type":"EntryPoint","urlTemplate":"https:\/\/www.biocabaz.pt\/web\/en\/?s={search_term_string}"},"query-input":{"@type":"PropertyValueSpecification","valueRequired":true,"valueName":"search_term_string"}}],"inLanguage":"pt-PT"}]}},"_links":{"self":[{"href":"https:\/\/biocabaz.pt\/web\/wp-json\/wp\/v2\/product\/75247","targetHints":{"allow":["GET"]}}],"collection":[{"href":"https:\/\/biocabaz.pt\/web\/wp-json\/wp\/v2\/product"}],"about":[{"href":"https:\/\/biocabaz.pt\/web\/wp-json\/wp\/v2\/types\/product"}],"replies":[{"embeddable":true,"href":"https:\/\/biocabaz.pt\/web\/wp-json\/wp\/v2\/comments?post=75247"}],"wp:featuredmedia":[{"embeddable":true,"href":"https:\/\/biocabaz.pt\/web\/wp-json\/wp\/v2\/media\/75248"}],"wp:attachment":[{"href":"https:\/\/biocabaz.pt\/web\/wp-json\/wp\/v2\/media?parent=75247"}],"wp:term":[{"taxonomy":"product_cat","embeddable":true,"href":"https:\/\/biocabaz.pt\/web\/wp-json\/wp\/v2\/product_cat?post=75247"},{"taxonomy":"product_tag","embeddable":true,"href":"https:\/\/biocabaz.pt\/web\/wp-json\/wp\/v2\/product_tag?post=75247"}],"curies":[{"name":"wp","href":"https:\/\/api.w.org\/{rel}","templated":true}]}}