{"id":75225,"date":"2021-09-02T17:12:37","date_gmt":"2021-09-02T17:12:37","guid":{"rendered":"https:\/\/www.biocabaz.pt\/web\/?post_type=product&#038;p=75225"},"modified":"2023-04-17T11:57:06","modified_gmt":"2023-04-17T11:57:06","slug":"alheira-de-legumes-e-cogumelos-bio-caramulo-180gr","status":"publish","type":"product","link":"https:\/\/biocabaz.pt\/web\/produto\/alheira-de-legumes-e-cogumelos-bio-caramulo-180gr\/","title":{"rendered":"ALHEIRA DE LEGUMES E COGUMELOS BIO CARAMULO 180GR"},"content":{"rendered":"","protected":false},"excerpt":{"rendered":"<p>Ingredientes: cogumelos 36% (Shiitake*), \u00e1gua, p\u00e3o de trigo* (farinha de trigo, \u00e1gua , fermento natural, sal) Legumes 16% (cebola*, pimento*, tomate*, alho*, salsa*), azeite* sal e especiarias. * ingredientes biol\u00f3gicos Inv\u00f3lucro: tripa de celulose (n\u00e3o comest\u00edvel).<br \/><b>Modo de Utiliza\u00e7\u00e3o:<\/b> Conservar entre 2\u00baC e 7\u00baC. <br \/><b>Dados Nutricionais:<\/b> Declara\u00e7\u00e3o Nutricional por 100g: Energia: 620 KJ\/148,5Kcal; L\u00edpidos: 7,3g; dos quais saturados: 1,1 g; Hidratos de carbono: 15,2g; dos quais a\u00e7\u00facares: 1,2g; Prote\u00ednas: 3,9g; Sal: 0,31g.<\/p>\n","protected":false},"featured_media":75270,"comment_status":"closed","ping_status":"closed","template":"","meta":[],"product_cat":[109],"product_tag":[],"class_list":["post-75225","product","type-product","status-publish","has-post-thumbnail","hentry","product_cat-vegetariano-e-vegan-sem-gluten-e-superalimentos"],"bundle_layout":"","bundled_by":[],"bundled_items":[],"yoast_head":"<!-- This site is optimized with the Yoast SEO plugin v26.3 - https:\/\/yoast.com\/wordpress\/plugins\/seo\/ -->\n<title>ALHEIRA DE LEGUMES E COGUMELOS BIO CARAMULO 180GR<\/title>\n<meta name=\"robots\" content=\"index, follow, max-snippet:-1, max-image-preview:large, max-video-preview:-1\" \/>\n<link rel=\"canonical\" href=\"https:\/\/biocabaz.pt\/web\/produto\/alheira-de-legumes-e-cogumelos-bio-caramulo-180gr\/\" \/>\n<meta property=\"og:locale\" content=\"pt_PT\" \/>\n<meta property=\"og:locale:alternate\" content=\"en_US\" \/>\n<meta property=\"og:type\" content=\"article\" \/>\n<meta property=\"og:title\" content=\"ALHEIRA DE LEGUMES E COGUMELOS BIO CARAMULO 180GR\" \/>\n<meta property=\"og:description\" content=\"Ingredientes: cogumelos 36% (Shiitake*), \u00e1gua, p\u00e3o de trigo* (farinha de trigo, \u00e1gua , fermento natural, sal) Legumes 16% (cebola*, pimento*, tomate*, alho*, salsa*), azeite* sal e especiarias. * ingredientes biol\u00f3gicos Inv\u00f3lucro: tripa de celulose (n\u00e3o comest\u00edvel).Modo de Utiliza\u00e7\u00e3o: Conservar entre 2\u00baC e 7\u00baC. Dados Nutricionais: Declara\u00e7\u00e3o Nutricional por 100g: Energia: 620 KJ\/148,5Kcal; L\u00edpidos: 7,3g; dos quais saturados: 1,1 g; Hidratos de carbono: 15,2g; dos quais a\u00e7\u00facares: 1,2g; Prote\u00ednas: 3,9g; Sal: 0,31g.\" \/>\n<meta property=\"og:url\" content=\"https:\/\/biocabaz.pt\/web\/produto\/alheira-de-legumes-e-cogumelos-bio-caramulo-180gr\/\" \/>\n<meta property=\"og:site_name\" content=\"BIOCABAZ - CABAZES BIOL\u00d3GICOS\" \/>\n<meta property=\"article:modified_time\" content=\"2023-04-17T11:57:06+00:00\" \/>\n<meta property=\"og:image\" content=\"https:\/\/www.biocabaz.pt\/web\/wp-conteudos\/uploads\/2021\/09\/alheira-de-legumes-e-cogumelos-bio-caramulo-180gr-1-scaled-e1630658080246.jpg\" \/>\n\t<meta property=\"og:image:width\" content=\"375\" \/>\n\t<meta property=\"og:image:height\" content=\"500\" \/>\n\t<meta property=\"og:image:type\" content=\"image\/jpeg\" \/>\n<meta name=\"twitter:card\" content=\"summary_large_image\" \/>\n<script type=\"application\/ld+json\" class=\"yoast-schema-graph\">{\"@context\":\"https:\/\/schema.org\",\"@graph\":[{\"@type\":\"WebPage\",\"@id\":\"https:\/\/biocabaz.pt\/web\/produto\/alheira-de-legumes-e-cogumelos-bio-caramulo-180gr\/\",\"url\":\"https:\/\/biocabaz.pt\/web\/produto\/alheira-de-legumes-e-cogumelos-bio-caramulo-180gr\/\",\"name\":\"ALHEIRA DE LEGUMES E COGUMELOS BIO CARAMULO 180GR\",\"isPartOf\":{\"@id\":\"https:\/\/biocabaz.pt\/web\/#website\"},\"primaryImageOfPage\":{\"@id\":\"https:\/\/biocabaz.pt\/web\/produto\/alheira-de-legumes-e-cogumelos-bio-caramulo-180gr\/#primaryimage\"},\"image\":{\"@id\":\"https:\/\/biocabaz.pt\/web\/produto\/alheira-de-legumes-e-cogumelos-bio-caramulo-180gr\/#primaryimage\"},\"thumbnailUrl\":\"https:\/\/www.biocabaz.pt\/web\/wp-conteudos\/uploads\/2021\/09\/alheira-de-legumes-e-cogumelos-bio-caramulo-180gr-1-scaled-e1630658080246.jpg\",\"datePublished\":\"2021-09-02T17:12:37+00:00\",\"dateModified\":\"2023-04-17T11:57:06+00:00\",\"breadcrumb\":{\"@id\":\"https:\/\/biocabaz.pt\/web\/produto\/alheira-de-legumes-e-cogumelos-bio-caramulo-180gr\/#breadcrumb\"},\"inLanguage\":\"pt-PT\",\"potentialAction\":[{\"@type\":\"ReadAction\",\"target\":[\"https:\/\/biocabaz.pt\/web\/produto\/alheira-de-legumes-e-cogumelos-bio-caramulo-180gr\/\"]}]},{\"@type\":\"ImageObject\",\"inLanguage\":\"pt-PT\",\"@id\":\"https:\/\/biocabaz.pt\/web\/produto\/alheira-de-legumes-e-cogumelos-bio-caramulo-180gr\/#primaryimage\",\"url\":\"https:\/\/www.biocabaz.pt\/web\/wp-conteudos\/uploads\/2021\/09\/alheira-de-legumes-e-cogumelos-bio-caramulo-180gr-1-scaled-e1630658080246.jpg\",\"contentUrl\":\"https:\/\/www.biocabaz.pt\/web\/wp-conteudos\/uploads\/2021\/09\/alheira-de-legumes-e-cogumelos-bio-caramulo-180gr-1-scaled-e1630658080246.jpg\",\"width\":375,\"height\":500,\"caption\":\"ALHEIRA DE LEGUMES E COGUMELOS BIO CARAMULO 180 GR\"},{\"@type\":\"BreadcrumbList\",\"@id\":\"https:\/\/biocabaz.pt\/web\/produto\/alheira-de-legumes-e-cogumelos-bio-caramulo-180gr\/#breadcrumb\",\"itemListElement\":[{\"@type\":\"ListItem\",\"position\":1,\"name\":\"Home\",\"item\":\"https:\/\/biocabaz.pt\/web\/\"},{\"@type\":\"ListItem\",\"position\":2,\"name\":\"Loja\",\"item\":\"https:\/\/biocabaz.pt\/web\/shop\/\"},{\"@type\":\"ListItem\",\"position\":3,\"name\":\"ALHEIRA DE LEGUMES E COGUMELOS BIO CARAMULO 180GR\"}]},{\"@type\":\"WebSite\",\"@id\":\"https:\/\/biocabaz.pt\/web\/#website\",\"url\":\"https:\/\/biocabaz.pt\/web\/\",\"name\":\"BIOCABAZ - CABAZES BIOL\u00d3GICOS\",\"description\":\"O melhor que a terra d\u00e1 \u00e9 para si\",\"potentialAction\":[{\"@type\":\"SearchAction\",\"target\":{\"@type\":\"EntryPoint\",\"urlTemplate\":\"https:\/\/biocabaz.pt\/web\/?s={search_term_string}\"},\"query-input\":{\"@type\":\"PropertyValueSpecification\",\"valueRequired\":true,\"valueName\":\"search_term_string\"}}],\"inLanguage\":\"pt-PT\"}]}<\/script>\n<!-- \/ Yoast SEO plugin. -->","yoast_head_json":{"title":"ALHEIRA DE LEGUMES E COGUMELOS BIO CARAMULO 180GR","robots":{"index":"index","follow":"follow","max-snippet":"max-snippet:-1","max-image-preview":"max-image-preview:large","max-video-preview":"max-video-preview:-1"},"canonical":"https:\/\/biocabaz.pt\/web\/produto\/alheira-de-legumes-e-cogumelos-bio-caramulo-180gr\/","og_locale":"pt_PT","og_type":"article","og_title":"[:en]CARAMULO ORGANIC VEGETABLES AND MUSHROOMS \u201cALHEIRA\u201d 180G[:pt]ALHEIRA DE LEGUMES E COGUMELOS BIO CARAMULO 180GR[:] - BIOCABAZ - CABAZES BIOL\u00d3GICOS","og_description":"Ingredientes: cogumelos 36% (Shiitake*), \u00e1gua, p\u00e3o de trigo* (farinha de trigo, \u00e1gua , fermento natural, sal) Legumes 16% (cebola*, pimento*, tomate*, alho*, salsa*), azeite* sal e especiarias. * ingredientes biol\u00f3gicos Inv\u00f3lucro: tripa de celulose (n\u00e3o comest\u00edvel).Modo de Utiliza\u00e7\u00e3o: Conservar entre 2\u00baC e 7\u00baC. Dados Nutricionais: Declara\u00e7\u00e3o Nutricional por 100g: Energia: 620 KJ\/148,5Kcal; L\u00edpidos: 7,3g; dos quais saturados: 1,1 g; Hidratos de carbono: 15,2g; dos quais a\u00e7\u00facares: 1,2g; Prote\u00ednas: 3,9g; Sal: 0,31g.","og_url":"https:\/\/biocabaz.pt\/web\/produto\/alheira-de-legumes-e-cogumelos-bio-caramulo-180gr\/","og_site_name":"BIOCABAZ - CABAZES BIOL\u00d3GICOS","article_modified_time":"2023-04-17T11:57:06+00:00","og_image":[{"width":375,"height":500,"url":"https:\/\/www.biocabaz.pt\/web\/wp-conteudos\/uploads\/2021\/09\/alheira-de-legumes-e-cogumelos-bio-caramulo-180gr-1-scaled-e1630658080246.jpg","type":"image\/jpeg"}],"twitter_card":"summary_large_image","schema":{"@context":"https:\/\/schema.org","@graph":[{"@type":"WebPage","@id":"https:\/\/biocabaz.pt\/web\/produto\/alheira-de-legumes-e-cogumelos-bio-caramulo-180gr\/","url":"https:\/\/biocabaz.pt\/web\/produto\/alheira-de-legumes-e-cogumelos-bio-caramulo-180gr\/","name":"ALHEIRA DE LEGUMES E COGUMELOS BIO CARAMULO 180GR","isPartOf":{"@id":"https:\/\/biocabaz.pt\/web\/#website"},"primaryImageOfPage":{"@id":"https:\/\/biocabaz.pt\/web\/produto\/alheira-de-legumes-e-cogumelos-bio-caramulo-180gr\/#primaryimage"},"image":{"@id":"https:\/\/biocabaz.pt\/web\/produto\/alheira-de-legumes-e-cogumelos-bio-caramulo-180gr\/#primaryimage"},"thumbnailUrl":"https:\/\/www.biocabaz.pt\/web\/wp-conteudos\/uploads\/2021\/09\/alheira-de-legumes-e-cogumelos-bio-caramulo-180gr-1-scaled-e1630658080246.jpg","datePublished":"2021-09-02T17:12:37+00:00","dateModified":"2023-04-17T11:57:06+00:00","breadcrumb":{"@id":"https:\/\/biocabaz.pt\/web\/produto\/alheira-de-legumes-e-cogumelos-bio-caramulo-180gr\/#breadcrumb"},"inLanguage":"pt-PT","potentialAction":[{"@type":"ReadAction","target":["https:\/\/biocabaz.pt\/web\/produto\/alheira-de-legumes-e-cogumelos-bio-caramulo-180gr\/"]}]},{"@type":"ImageObject","inLanguage":"pt-PT","@id":"https:\/\/biocabaz.pt\/web\/produto\/alheira-de-legumes-e-cogumelos-bio-caramulo-180gr\/#primaryimage","url":"https:\/\/www.biocabaz.pt\/web\/wp-conteudos\/uploads\/2021\/09\/alheira-de-legumes-e-cogumelos-bio-caramulo-180gr-1-scaled-e1630658080246.jpg","contentUrl":"https:\/\/www.biocabaz.pt\/web\/wp-conteudos\/uploads\/2021\/09\/alheira-de-legumes-e-cogumelos-bio-caramulo-180gr-1-scaled-e1630658080246.jpg","width":375,"height":500,"caption":"ALHEIRA DE LEGUMES E COGUMELOS BIO CARAMULO 180 GR"},{"@type":"BreadcrumbList","@id":"https:\/\/biocabaz.pt\/web\/produto\/alheira-de-legumes-e-cogumelos-bio-caramulo-180gr\/#breadcrumb","itemListElement":[{"@type":"ListItem","position":1,"name":"Home","item":"https:\/\/biocabaz.pt\/web\/"},{"@type":"ListItem","position":2,"name":"Loja","item":"https:\/\/biocabaz.pt\/web\/shop\/"},{"@type":"ListItem","position":3,"name":"ALHEIRA DE LEGUMES E COGUMELOS BIO CARAMULO 180GR"}]},{"@type":"WebSite","@id":"https:\/\/biocabaz.pt\/web\/#website","url":"https:\/\/biocabaz.pt\/web\/","name":"BIOCABAZ - CABAZES BIOL\u00d3GICOS","description":"O melhor que a terra d\u00e1 \u00e9 para si","potentialAction":[{"@type":"SearchAction","target":{"@type":"EntryPoint","urlTemplate":"https:\/\/biocabaz.pt\/web\/?s={search_term_string}"},"query-input":{"@type":"PropertyValueSpecification","valueRequired":true,"valueName":"search_term_string"}}],"inLanguage":"pt-PT"}]}},"_links":{"self":[{"href":"https:\/\/biocabaz.pt\/web\/wp-json\/wp\/v2\/product\/75225","targetHints":{"allow":["GET"]}}],"collection":[{"href":"https:\/\/biocabaz.pt\/web\/wp-json\/wp\/v2\/product"}],"about":[{"href":"https:\/\/biocabaz.pt\/web\/wp-json\/wp\/v2\/types\/product"}],"replies":[{"embeddable":true,"href":"https:\/\/biocabaz.pt\/web\/wp-json\/wp\/v2\/comments?post=75225"}],"wp:featuredmedia":[{"embeddable":true,"href":"https:\/\/biocabaz.pt\/web\/wp-json\/wp\/v2\/media\/75270"}],"wp:attachment":[{"href":"https:\/\/biocabaz.pt\/web\/wp-json\/wp\/v2\/media?parent=75225"}],"wp:term":[{"taxonomy":"product_cat","embeddable":true,"href":"https:\/\/biocabaz.pt\/web\/wp-json\/wp\/v2\/product_cat?post=75225"},{"taxonomy":"product_tag","embeddable":true,"href":"https:\/\/biocabaz.pt\/web\/wp-json\/wp\/v2\/product_tag?post=75225"}],"curies":[{"name":"wp","href":"https:\/\/api.w.org\/{rel}","templated":true}]}}