{"id":75215,"date":"2021-09-02T16:41:52","date_gmt":"2021-09-02T16:41:52","guid":{"rendered":"https:\/\/www.biocabaz.pt\/web\/?post_type=product&#038;p=75215"},"modified":"2022-12-30T12:41:36","modified_gmt":"2022-12-30T12:41:36","slug":"tofu-bio-provida-250gr","status":"publish","type":"product","link":"https:\/\/biocabaz.pt\/web\/produto\/tofu-bio-provida-250gr\/","title":{"rendered":"TOFU BIO PROVIDA 250GR"},"content":{"rendered":"","protected":false},"excerpt":{"rendered":"<p>Ingredientes: SOJA*, \u00e1gua e nigari- cloreto de magn\u00e9sio natural). *de produ\u00e7\u00e3o biol\u00f3gica. Certiplanet PT-BIO-04, Agricultura n\u00e3o UE. Vegan. O seu sabor quase neutro permite absor\u00e7\u00e3o e a combina\u00e7\u00e3o, com grande variedade de alimentos. A sua textura male\u00e1vel adapta-se a v\u00e1rias formas e apresenta\u00e7\u00f5es.<br \/><b>Modo de Utiliza\u00e7\u00e3o:<\/b> Consumir confeccionado, panado, salteado ou no forno. Conservar no frigor\u00edfico entre  0\u00baC E 6\u00baC. Depois de aberta a embalagem, conservar no frigor\u00edfico coberto com \u00e1gua e consumir dentro de 4 dias.<br \/><b>Dados Nutricionais:<\/b> Declara\u00e7\u00e3o Nutricional por 100g: Energia- 607kJ\/146kcal (424,9kJ\/102,2kcal- 5% *); L\u00edpidos 9,2g (6,44g- 9%*), dos quais saturados- 2,3g (1,61g- 8%*); Hidratos de Carbono- 0,1g (0,07g-0,03%*), dos quais a\u00e7\u00facares- 0,1g (0,07g- 0,08%*); Fibra- 3,4g (2,38g- 9,5%*); Prote\u00ednas- 14g (9,8g-19,6%*); Sal- 0,03g (0,02g- 0,35%*). *Dose de Refer\u00eancia para um adulto m\u00e9dio- 8400kJ\/2000kcal).<\/p>\n","protected":false},"featured_media":75219,"comment_status":"closed","ping_status":"closed","template":"","meta":[],"product_cat":[109],"product_tag":[],"class_list":["post-75215","product","type-product","status-publish","has-post-thumbnail","hentry","product_cat-vegetariano-e-vegan-sem-gluten-e-superalimentos"],"bundle_layout":"","bundled_by":[],"bundled_items":[],"yoast_head":"<!-- This site is optimized with the Yoast SEO plugin v26.3 - https:\/\/yoast.com\/wordpress\/plugins\/seo\/ -->\n<title>TOFU BIO PROVIDA 250GR<\/title>\n<meta name=\"robots\" content=\"index, follow, max-snippet:-1, max-image-preview:large, max-video-preview:-1\" \/>\n<link rel=\"canonical\" href=\"https:\/\/biocabaz.pt\/web\/produto\/tofu-bio-provida-250gr\/\" \/>\n<meta property=\"og:locale\" content=\"pt_PT\" \/>\n<meta property=\"og:locale:alternate\" content=\"en_US\" \/>\n<meta property=\"og:type\" content=\"article\" \/>\n<meta property=\"og:title\" content=\"TOFU BIO PROVIDA 250GR\" \/>\n<meta property=\"og:description\" content=\"Ingredientes: SOJA*, \u00e1gua e nigari- cloreto de magn\u00e9sio natural). *de produ\u00e7\u00e3o biol\u00f3gica. Certiplanet PT-BIO-04, Agricultura n\u00e3o UE. Vegan. O seu sabor quase neutro permite absor\u00e7\u00e3o e a combina\u00e7\u00e3o, com grande variedade de alimentos. A sua textura male\u00e1vel adapta-se a v\u00e1rias formas e apresenta\u00e7\u00f5es.Modo de Utiliza\u00e7\u00e3o: Consumir confeccionado, panado, salteado ou no forno. Conservar no frigor\u00edfico entre 0\u00baC E 6\u00baC. Depois de aberta a embalagem, conservar no frigor\u00edfico coberto com \u00e1gua e consumir dentro de 4 dias.Dados Nutricionais: Declara\u00e7\u00e3o Nutricional por 100g: Energia- 607kJ\/146kcal (424,9kJ\/102,2kcal- 5% *); L\u00edpidos 9,2g (6,44g- 9%*), dos quais saturados- 2,3g (1,61g- 8%*); Hidratos de Carbono- 0,1g (0,07g-0,03%*), dos quais a\u00e7\u00facares- 0,1g (0,07g- 0,08%*); Fibra- 3,4g (2,38g- 9,5%*); Prote\u00ednas- 14g (9,8g-19,6%*); Sal- 0,03g (0,02g- 0,35%*). *Dose de Refer\u00eancia para um adulto m\u00e9dio- 8400kJ\/2000kcal).\" \/>\n<meta property=\"og:url\" content=\"https:\/\/biocabaz.pt\/web\/produto\/tofu-bio-provida-250gr\/\" \/>\n<meta property=\"og:site_name\" content=\"BIOCABAZ - CABAZES BIOL\u00d3GICOS\" \/>\n<meta property=\"article:modified_time\" content=\"2022-12-30T12:41:36+00:00\" \/>\n<meta property=\"og:image\" content=\"https:\/\/www.biocabaz.pt\/web\/wp-conteudos\/uploads\/2021\/09\/tofu-bio-provida-250gr.jpg\" \/>\n\t<meta property=\"og:image:width\" content=\"300\" \/>\n\t<meta property=\"og:image:height\" content=\"326\" \/>\n\t<meta property=\"og:image:type\" content=\"image\/jpeg\" \/>\n<meta name=\"twitter:card\" content=\"summary_large_image\" \/>\n<script type=\"application\/ld+json\" class=\"yoast-schema-graph\">{\"@context\":\"https:\/\/schema.org\",\"@graph\":[{\"@type\":\"WebPage\",\"@id\":\"https:\/\/biocabaz.pt\/web\/produto\/tofu-bio-provida-250gr\/\",\"url\":\"https:\/\/biocabaz.pt\/web\/produto\/tofu-bio-provida-250gr\/\",\"name\":\"TOFU BIO PROVIDA 250GR\",\"isPartOf\":{\"@id\":\"https:\/\/biocabaz.pt\/web\/#website\"},\"primaryImageOfPage\":{\"@id\":\"https:\/\/biocabaz.pt\/web\/produto\/tofu-bio-provida-250gr\/#primaryimage\"},\"image\":{\"@id\":\"https:\/\/biocabaz.pt\/web\/produto\/tofu-bio-provida-250gr\/#primaryimage\"},\"thumbnailUrl\":\"https:\/\/www.biocabaz.pt\/web\/wp-conteudos\/uploads\/2021\/09\/tofu-bio-provida-250gr.jpg\",\"datePublished\":\"2021-09-02T16:41:52+00:00\",\"dateModified\":\"2022-12-30T12:41:36+00:00\",\"breadcrumb\":{\"@id\":\"https:\/\/biocabaz.pt\/web\/produto\/tofu-bio-provida-250gr\/#breadcrumb\"},\"inLanguage\":\"pt-PT\",\"potentialAction\":[{\"@type\":\"ReadAction\",\"target\":[\"https:\/\/biocabaz.pt\/web\/produto\/tofu-bio-provida-250gr\/\"]}]},{\"@type\":\"ImageObject\",\"inLanguage\":\"pt-PT\",\"@id\":\"https:\/\/biocabaz.pt\/web\/produto\/tofu-bio-provida-250gr\/#primaryimage\",\"url\":\"https:\/\/www.biocabaz.pt\/web\/wp-conteudos\/uploads\/2021\/09\/tofu-bio-provida-250gr.jpg\",\"contentUrl\":\"https:\/\/www.biocabaz.pt\/web\/wp-conteudos\/uploads\/2021\/09\/tofu-bio-provida-250gr.jpg\",\"width\":300,\"height\":326,\"caption\":\"TOFU BIO PROVIDA 250GR\"},{\"@type\":\"BreadcrumbList\",\"@id\":\"https:\/\/biocabaz.pt\/web\/produto\/tofu-bio-provida-250gr\/#breadcrumb\",\"itemListElement\":[{\"@type\":\"ListItem\",\"position\":1,\"name\":\"Home\",\"item\":\"https:\/\/biocabaz.pt\/web\/\"},{\"@type\":\"ListItem\",\"position\":2,\"name\":\"Loja\",\"item\":\"https:\/\/biocabaz.pt\/web\/shop\/\"},{\"@type\":\"ListItem\",\"position\":3,\"name\":\"TOFU BIO PROVIDA 250GR\"}]},{\"@type\":\"WebSite\",\"@id\":\"https:\/\/biocabaz.pt\/web\/#website\",\"url\":\"https:\/\/biocabaz.pt\/web\/\",\"name\":\"BIOCABAZ - CABAZES BIOL\u00d3GICOS\",\"description\":\"O melhor que a terra d\u00e1 \u00e9 para si\",\"potentialAction\":[{\"@type\":\"SearchAction\",\"target\":{\"@type\":\"EntryPoint\",\"urlTemplate\":\"https:\/\/biocabaz.pt\/web\/?s={search_term_string}\"},\"query-input\":{\"@type\":\"PropertyValueSpecification\",\"valueRequired\":true,\"valueName\":\"search_term_string\"}}],\"inLanguage\":\"pt-PT\"}]}<\/script>\n<!-- \/ Yoast SEO plugin. -->","yoast_head_json":{"title":"TOFU BIO PROVIDA 250GR","robots":{"index":"index","follow":"follow","max-snippet":"max-snippet:-1","max-image-preview":"max-image-preview:large","max-video-preview":"max-video-preview:-1"},"canonical":"https:\/\/biocabaz.pt\/web\/produto\/tofu-bio-provida-250gr\/","og_locale":"pt_PT","og_type":"article","og_title":"[:en]PROVIDA TOFU 250G[:pt]TOFU BIO PROVIDA 250GR[:] - BIOCABAZ - CABAZES BIOL\u00d3GICOS","og_description":"Ingredientes: SOJA*, \u00e1gua e nigari- cloreto de magn\u00e9sio natural). *de produ\u00e7\u00e3o biol\u00f3gica. Certiplanet PT-BIO-04, Agricultura n\u00e3o UE. Vegan. O seu sabor quase neutro permite absor\u00e7\u00e3o e a combina\u00e7\u00e3o, com grande variedade de alimentos. A sua textura male\u00e1vel adapta-se a v\u00e1rias formas e apresenta\u00e7\u00f5es.Modo de Utiliza\u00e7\u00e3o: Consumir confeccionado, panado, salteado ou no forno. Conservar no frigor\u00edfico entre 0\u00baC E 6\u00baC. Depois de aberta a embalagem, conservar no frigor\u00edfico coberto com \u00e1gua e consumir dentro de 4 dias.Dados Nutricionais: Declara\u00e7\u00e3o Nutricional por 100g: Energia- 607kJ\/146kcal (424,9kJ\/102,2kcal- 5% *); L\u00edpidos 9,2g (6,44g- 9%*), dos quais saturados- 2,3g (1,61g- 8%*); Hidratos de Carbono- 0,1g (0,07g-0,03%*), dos quais a\u00e7\u00facares- 0,1g (0,07g- 0,08%*); Fibra- 3,4g (2,38g- 9,5%*); Prote\u00ednas- 14g (9,8g-19,6%*); Sal- 0,03g (0,02g- 0,35%*). *Dose de Refer\u00eancia para um adulto m\u00e9dio- 8400kJ\/2000kcal).","og_url":"https:\/\/biocabaz.pt\/web\/produto\/tofu-bio-provida-250gr\/","og_site_name":"BIOCABAZ - CABAZES BIOL\u00d3GICOS","article_modified_time":"2022-12-30T12:41:36+00:00","og_image":[{"width":300,"height":326,"url":"https:\/\/www.biocabaz.pt\/web\/wp-conteudos\/uploads\/2021\/09\/tofu-bio-provida-250gr.jpg","type":"image\/jpeg"}],"twitter_card":"summary_large_image","schema":{"@context":"https:\/\/schema.org","@graph":[{"@type":"WebPage","@id":"https:\/\/biocabaz.pt\/web\/produto\/tofu-bio-provida-250gr\/","url":"https:\/\/biocabaz.pt\/web\/produto\/tofu-bio-provida-250gr\/","name":"TOFU BIO PROVIDA 250GR","isPartOf":{"@id":"https:\/\/biocabaz.pt\/web\/#website"},"primaryImageOfPage":{"@id":"https:\/\/biocabaz.pt\/web\/produto\/tofu-bio-provida-250gr\/#primaryimage"},"image":{"@id":"https:\/\/biocabaz.pt\/web\/produto\/tofu-bio-provida-250gr\/#primaryimage"},"thumbnailUrl":"https:\/\/www.biocabaz.pt\/web\/wp-conteudos\/uploads\/2021\/09\/tofu-bio-provida-250gr.jpg","datePublished":"2021-09-02T16:41:52+00:00","dateModified":"2022-12-30T12:41:36+00:00","breadcrumb":{"@id":"https:\/\/biocabaz.pt\/web\/produto\/tofu-bio-provida-250gr\/#breadcrumb"},"inLanguage":"pt-PT","potentialAction":[{"@type":"ReadAction","target":["https:\/\/biocabaz.pt\/web\/produto\/tofu-bio-provida-250gr\/"]}]},{"@type":"ImageObject","inLanguage":"pt-PT","@id":"https:\/\/biocabaz.pt\/web\/produto\/tofu-bio-provida-250gr\/#primaryimage","url":"https:\/\/www.biocabaz.pt\/web\/wp-conteudos\/uploads\/2021\/09\/tofu-bio-provida-250gr.jpg","contentUrl":"https:\/\/www.biocabaz.pt\/web\/wp-conteudos\/uploads\/2021\/09\/tofu-bio-provida-250gr.jpg","width":300,"height":326,"caption":"TOFU BIO PROVIDA 250GR"},{"@type":"BreadcrumbList","@id":"https:\/\/biocabaz.pt\/web\/produto\/tofu-bio-provida-250gr\/#breadcrumb","itemListElement":[{"@type":"ListItem","position":1,"name":"Home","item":"https:\/\/biocabaz.pt\/web\/"},{"@type":"ListItem","position":2,"name":"Loja","item":"https:\/\/biocabaz.pt\/web\/shop\/"},{"@type":"ListItem","position":3,"name":"TOFU BIO PROVIDA 250GR"}]},{"@type":"WebSite","@id":"https:\/\/biocabaz.pt\/web\/#website","url":"https:\/\/biocabaz.pt\/web\/","name":"BIOCABAZ - CABAZES BIOL\u00d3GICOS","description":"O melhor que a terra d\u00e1 \u00e9 para si","potentialAction":[{"@type":"SearchAction","target":{"@type":"EntryPoint","urlTemplate":"https:\/\/biocabaz.pt\/web\/?s={search_term_string}"},"query-input":{"@type":"PropertyValueSpecification","valueRequired":true,"valueName":"search_term_string"}}],"inLanguage":"pt-PT"}]}},"_links":{"self":[{"href":"https:\/\/biocabaz.pt\/web\/wp-json\/wp\/v2\/product\/75215","targetHints":{"allow":["GET"]}}],"collection":[{"href":"https:\/\/biocabaz.pt\/web\/wp-json\/wp\/v2\/product"}],"about":[{"href":"https:\/\/biocabaz.pt\/web\/wp-json\/wp\/v2\/types\/product"}],"replies":[{"embeddable":true,"href":"https:\/\/biocabaz.pt\/web\/wp-json\/wp\/v2\/comments?post=75215"}],"wp:featuredmedia":[{"embeddable":true,"href":"https:\/\/biocabaz.pt\/web\/wp-json\/wp\/v2\/media\/75219"}],"wp:attachment":[{"href":"https:\/\/biocabaz.pt\/web\/wp-json\/wp\/v2\/media?parent=75215"}],"wp:term":[{"taxonomy":"product_cat","embeddable":true,"href":"https:\/\/biocabaz.pt\/web\/wp-json\/wp\/v2\/product_cat?post=75215"},{"taxonomy":"product_tag","embeddable":true,"href":"https:\/\/biocabaz.pt\/web\/wp-json\/wp\/v2\/product_tag?post=75215"}],"curies":[{"name":"wp","href":"https:\/\/api.w.org\/{rel}","templated":true}]}}