{"id":75211,"date":"2021-09-02T16:26:44","date_gmt":"2021-09-02T16:26:44","guid":{"rendered":"https:\/\/www.biocabaz.pt\/web\/?post_type=product&#038;p=75211"},"modified":"2023-04-17T11:57:36","modified_gmt":"2023-04-17T11:57:36","slug":"tempeh-bio-provida-250gr","status":"publish","type":"product","link":"https:\/\/biocabaz.pt\/web\/produto\/tempeh-bio-provida-250gr\/","title":{"rendered":"TEMPEH BIO PROVIDA 250GR"},"content":{"rendered":"","protected":false},"excerpt":{"rendered":"<p>Ingredientes: Feij\u00e3o de SOJA*,\u00e1gua, Rhizophus Oligosporus, farinha de arroz*. *de produ\u00e7\u00e3o biol\u00f3gica, Certiplanet PT-BIO-04 Agricultura UE\/N\u00e3o UE.<br \/><b>Modo de Utiliza\u00e7\u00e3o:<\/b> Grelhado, frito, guisado ou no forno. Conservar no frigor\u00edfico entre  0\u00baC E 6\u00baC. Depois de aberta a embalagem, conservar no frigor\u00edfico e consumir dentro de 4 dias.<br \/><b>Dados Nutricionais:<\/b> Declara\u00e7\u00e3o Nutricional por 100g: Energia- 576kJ\/138kcal (288kJ\/69kcal- 3,5%*); L\u00edpidos 7,2g (3,6g- 5%*), dos quais saturados- 1,5g (0,75g- 4%*); Hidratos de Carbono- 2,0g (1,0g-0,4%*), dos quais a\u00e7\u00facares- 0,2g (0,1g- 0,1%*); Fibra- 3,8g (1,9g- 8%*); Prote\u00ednas- 14,4g (7,2g-14%*); Sal- 0,03g (0,015g- 0,25%*). *Dose de Refer\u00eancia para um adulto m\u00e9dio- 8400kJ\/2000kcal).<\/p>\n","protected":false},"featured_media":75212,"comment_status":"closed","ping_status":"closed","template":"","meta":[],"product_cat":[109],"product_tag":[],"class_list":["post-75211","product","type-product","status-publish","has-post-thumbnail","hentry","product_cat-vegetariano-e-vegan-sem-gluten-e-superalimentos"],"bundle_layout":"","bundled_by":[],"bundled_items":[],"yoast_head":"<!-- This site is optimized with the Yoast SEO plugin v26.3 - https:\/\/yoast.com\/wordpress\/plugins\/seo\/ -->\n<title>TEMPEH BIO PROVIDA 250GR<\/title>\n<meta name=\"robots\" content=\"index, follow, max-snippet:-1, max-image-preview:large, max-video-preview:-1\" \/>\n<link rel=\"canonical\" href=\"https:\/\/biocabaz.pt\/web\/produto\/tempeh-bio-provida-250gr\/\" \/>\n<meta property=\"og:locale\" content=\"pt_PT\" \/>\n<meta property=\"og:locale:alternate\" content=\"en_US\" \/>\n<meta property=\"og:type\" content=\"article\" \/>\n<meta property=\"og:title\" content=\"TEMPEH BIO PROVIDA 250GR\" \/>\n<meta property=\"og:description\" content=\"Ingredientes: Feij\u00e3o de SOJA*,\u00e1gua, Rhizophus Oligosporus, farinha de arroz*. *de produ\u00e7\u00e3o biol\u00f3gica, Certiplanet PT-BIO-04 Agricultura UE\/N\u00e3o UE.Modo de Utiliza\u00e7\u00e3o: Grelhado, frito, guisado ou no forno. Conservar no frigor\u00edfico entre 0\u00baC E 6\u00baC. Depois de aberta a embalagem, conservar no frigor\u00edfico e consumir dentro de 4 dias.Dados Nutricionais: Declara\u00e7\u00e3o Nutricional por 100g: Energia- 576kJ\/138kcal (288kJ\/69kcal- 3,5%*); L\u00edpidos 7,2g (3,6g- 5%*), dos quais saturados- 1,5g (0,75g- 4%*); Hidratos de Carbono- 2,0g (1,0g-0,4%*), dos quais a\u00e7\u00facares- 0,2g (0,1g- 0,1%*); Fibra- 3,8g (1,9g- 8%*); Prote\u00ednas- 14,4g (7,2g-14%*); Sal- 0,03g (0,015g- 0,25%*). *Dose de Refer\u00eancia para um adulto m\u00e9dio- 8400kJ\/2000kcal).\" \/>\n<meta property=\"og:url\" content=\"https:\/\/biocabaz.pt\/web\/produto\/tempeh-bio-provida-250gr\/\" \/>\n<meta property=\"og:site_name\" content=\"BIOCABAZ - CABAZES BIOL\u00d3GICOS\" \/>\n<meta property=\"article:modified_time\" content=\"2023-04-17T11:57:36+00:00\" \/>\n<meta property=\"og:image\" content=\"https:\/\/www.biocabaz.pt\/web\/wp-conteudos\/uploads\/2021\/09\/tempeh-bio-provida-250gr.jpg\" \/>\n\t<meta property=\"og:image:width\" content=\"300\" \/>\n\t<meta property=\"og:image:height\" content=\"326\" \/>\n\t<meta property=\"og:image:type\" content=\"image\/jpeg\" \/>\n<meta name=\"twitter:card\" content=\"summary_large_image\" \/>\n<script type=\"application\/ld+json\" class=\"yoast-schema-graph\">{\"@context\":\"https:\/\/schema.org\",\"@graph\":[{\"@type\":\"WebPage\",\"@id\":\"https:\/\/biocabaz.pt\/web\/en\/produto\/tempeh-bio-provida-250gr\/\",\"url\":\"https:\/\/biocabaz.pt\/web\/en\/produto\/tempeh-bio-provida-250gr\/\",\"name\":\"TEMPEH BIO PROVIDA 250GR\",\"isPartOf\":{\"@id\":\"https:\/\/biocabaz.pt\/web\/#website\"},\"primaryImageOfPage\":{\"@id\":\"https:\/\/biocabaz.pt\/web\/en\/produto\/tempeh-bio-provida-250gr\/#primaryimage\"},\"image\":{\"@id\":\"https:\/\/biocabaz.pt\/web\/en\/produto\/tempeh-bio-provida-250gr\/#primaryimage\"},\"thumbnailUrl\":\"https:\/\/www.biocabaz.pt\/web\/wp-conteudos\/uploads\/2021\/09\/tempeh-bio-provida-250gr.jpg\",\"datePublished\":\"2021-09-02T16:26:44+00:00\",\"dateModified\":\"2023-04-17T11:57:36+00:00\",\"breadcrumb\":{\"@id\":\"https:\/\/biocabaz.pt\/web\/en\/produto\/tempeh-bio-provida-250gr\/#breadcrumb\"},\"inLanguage\":\"pt-PT\",\"potentialAction\":[{\"@type\":\"ReadAction\",\"target\":[\"https:\/\/biocabaz.pt\/web\/en\/produto\/tempeh-bio-provida-250gr\/\"]}]},{\"@type\":\"ImageObject\",\"inLanguage\":\"pt-PT\",\"@id\":\"https:\/\/biocabaz.pt\/web\/en\/produto\/tempeh-bio-provida-250gr\/#primaryimage\",\"url\":\"https:\/\/www.biocabaz.pt\/web\/wp-conteudos\/uploads\/2021\/09\/tempeh-bio-provida-250gr.jpg\",\"contentUrl\":\"https:\/\/www.biocabaz.pt\/web\/wp-conteudos\/uploads\/2021\/09\/tempeh-bio-provida-250gr.jpg\",\"width\":300,\"height\":326,\"caption\":\"TEMPEH BIO PROVIDA 250GR\"},{\"@type\":\"BreadcrumbList\",\"@id\":\"https:\/\/biocabaz.pt\/web\/en\/produto\/tempeh-bio-provida-250gr\/#breadcrumb\",\"itemListElement\":[{\"@type\":\"ListItem\",\"position\":1,\"name\":\"Home\",\"item\":\"https:\/\/biocabaz.pt\/web\/\"},{\"@type\":\"ListItem\",\"position\":2,\"name\":\"Loja\",\"item\":\"https:\/\/biocabaz.pt\/web\/shop\/\"},{\"@type\":\"ListItem\",\"position\":3,\"name\":\"PROVIDA TEMPEH 250G\"}]},{\"@type\":\"WebSite\",\"@id\":\"https:\/\/biocabaz.pt\/web\/#website\",\"url\":\"https:\/\/biocabaz.pt\/web\/\",\"name\":\"BIOCABAZ - CABAZES BIOL\u00d3GICOS\",\"description\":\"O melhor que a terra d\u00e1 \u00e9 para si\",\"potentialAction\":[{\"@type\":\"SearchAction\",\"target\":{\"@type\":\"EntryPoint\",\"urlTemplate\":\"https:\/\/biocabaz.pt\/web\/?s={search_term_string}\"},\"query-input\":{\"@type\":\"PropertyValueSpecification\",\"valueRequired\":true,\"valueName\":\"search_term_string\"}}],\"inLanguage\":\"pt-PT\"}]}<\/script>\n<!-- \/ Yoast SEO plugin. -->","yoast_head_json":{"title":"TEMPEH BIO PROVIDA 250GR","robots":{"index":"index","follow":"follow","max-snippet":"max-snippet:-1","max-image-preview":"max-image-preview:large","max-video-preview":"max-video-preview:-1"},"canonical":"https:\/\/biocabaz.pt\/web\/produto\/tempeh-bio-provida-250gr\/","og_locale":"pt_PT","og_type":"article","og_title":"[:en]PROVIDA TEMPEH 250G[:pt]TEMPEH BIO PROVIDA 250GR[:] - BIOCABAZ - CABAZES BIOL\u00d3GICOS","og_description":"Ingredientes: Feij\u00e3o de SOJA*,\u00e1gua, Rhizophus Oligosporus, farinha de arroz*. *de produ\u00e7\u00e3o biol\u00f3gica, Certiplanet PT-BIO-04 Agricultura UE\/N\u00e3o UE.Modo de Utiliza\u00e7\u00e3o: Grelhado, frito, guisado ou no forno. Conservar no frigor\u00edfico entre 0\u00baC E 6\u00baC. Depois de aberta a embalagem, conservar no frigor\u00edfico e consumir dentro de 4 dias.Dados Nutricionais: Declara\u00e7\u00e3o Nutricional por 100g: Energia- 576kJ\/138kcal (288kJ\/69kcal- 3,5%*); L\u00edpidos 7,2g (3,6g- 5%*), dos quais saturados- 1,5g (0,75g- 4%*); Hidratos de Carbono- 2,0g (1,0g-0,4%*), dos quais a\u00e7\u00facares- 0,2g (0,1g- 0,1%*); Fibra- 3,8g (1,9g- 8%*); Prote\u00ednas- 14,4g (7,2g-14%*); Sal- 0,03g (0,015g- 0,25%*). *Dose de Refer\u00eancia para um adulto m\u00e9dio- 8400kJ\/2000kcal).","og_url":"https:\/\/biocabaz.pt\/web\/produto\/tempeh-bio-provida-250gr\/","og_site_name":"BIOCABAZ - CABAZES BIOL\u00d3GICOS","article_modified_time":"2023-04-17T11:57:36+00:00","og_image":[{"width":300,"height":326,"url":"https:\/\/www.biocabaz.pt\/web\/wp-conteudos\/uploads\/2021\/09\/tempeh-bio-provida-250gr.jpg","type":"image\/jpeg"}],"twitter_card":"summary_large_image","schema":{"@context":"https:\/\/schema.org","@graph":[{"@type":"WebPage","@id":"https:\/\/biocabaz.pt\/web\/en\/produto\/tempeh-bio-provida-250gr\/","url":"https:\/\/biocabaz.pt\/web\/en\/produto\/tempeh-bio-provida-250gr\/","name":"TEMPEH BIO PROVIDA 250GR","isPartOf":{"@id":"https:\/\/biocabaz.pt\/web\/#website"},"primaryImageOfPage":{"@id":"https:\/\/biocabaz.pt\/web\/en\/produto\/tempeh-bio-provida-250gr\/#primaryimage"},"image":{"@id":"https:\/\/biocabaz.pt\/web\/en\/produto\/tempeh-bio-provida-250gr\/#primaryimage"},"thumbnailUrl":"https:\/\/www.biocabaz.pt\/web\/wp-conteudos\/uploads\/2021\/09\/tempeh-bio-provida-250gr.jpg","datePublished":"2021-09-02T16:26:44+00:00","dateModified":"2023-04-17T11:57:36+00:00","breadcrumb":{"@id":"https:\/\/biocabaz.pt\/web\/en\/produto\/tempeh-bio-provida-250gr\/#breadcrumb"},"inLanguage":"pt-PT","potentialAction":[{"@type":"ReadAction","target":["https:\/\/biocabaz.pt\/web\/en\/produto\/tempeh-bio-provida-250gr\/"]}]},{"@type":"ImageObject","inLanguage":"pt-PT","@id":"https:\/\/biocabaz.pt\/web\/en\/produto\/tempeh-bio-provida-250gr\/#primaryimage","url":"https:\/\/www.biocabaz.pt\/web\/wp-conteudos\/uploads\/2021\/09\/tempeh-bio-provida-250gr.jpg","contentUrl":"https:\/\/www.biocabaz.pt\/web\/wp-conteudos\/uploads\/2021\/09\/tempeh-bio-provida-250gr.jpg","width":300,"height":326,"caption":"TEMPEH BIO PROVIDA 250GR"},{"@type":"BreadcrumbList","@id":"https:\/\/biocabaz.pt\/web\/en\/produto\/tempeh-bio-provida-250gr\/#breadcrumb","itemListElement":[{"@type":"ListItem","position":1,"name":"Home","item":"https:\/\/biocabaz.pt\/web\/"},{"@type":"ListItem","position":2,"name":"Loja","item":"https:\/\/biocabaz.pt\/web\/shop\/"},{"@type":"ListItem","position":3,"name":"PROVIDA TEMPEH 250G"}]},{"@type":"WebSite","@id":"https:\/\/biocabaz.pt\/web\/#website","url":"https:\/\/biocabaz.pt\/web\/","name":"BIOCABAZ - CABAZES BIOL\u00d3GICOS","description":"O melhor que a terra d\u00e1 \u00e9 para si","potentialAction":[{"@type":"SearchAction","target":{"@type":"EntryPoint","urlTemplate":"https:\/\/biocabaz.pt\/web\/?s={search_term_string}"},"query-input":{"@type":"PropertyValueSpecification","valueRequired":true,"valueName":"search_term_string"}}],"inLanguage":"pt-PT"}]}},"_links":{"self":[{"href":"https:\/\/biocabaz.pt\/web\/wp-json\/wp\/v2\/product\/75211","targetHints":{"allow":["GET"]}}],"collection":[{"href":"https:\/\/biocabaz.pt\/web\/wp-json\/wp\/v2\/product"}],"about":[{"href":"https:\/\/biocabaz.pt\/web\/wp-json\/wp\/v2\/types\/product"}],"replies":[{"embeddable":true,"href":"https:\/\/biocabaz.pt\/web\/wp-json\/wp\/v2\/comments?post=75211"}],"wp:featuredmedia":[{"embeddable":true,"href":"https:\/\/biocabaz.pt\/web\/wp-json\/wp\/v2\/media\/75212"}],"wp:attachment":[{"href":"https:\/\/biocabaz.pt\/web\/wp-json\/wp\/v2\/media?parent=75211"}],"wp:term":[{"taxonomy":"product_cat","embeddable":true,"href":"https:\/\/biocabaz.pt\/web\/wp-json\/wp\/v2\/product_cat?post=75211"},{"taxonomy":"product_tag","embeddable":true,"href":"https:\/\/biocabaz.pt\/web\/wp-json\/wp\/v2\/product_tag?post=75211"}],"curies":[{"name":"wp","href":"https:\/\/api.w.org\/{rel}","templated":true}]}}