{"id":75206,"date":"2021-09-02T16:09:21","date_gmt":"2021-09-02T16:09:21","guid":{"rendered":"https:\/\/www.biocabaz.pt\/web\/?post_type=product&#038;p=75206"},"modified":"2023-04-17T11:58:05","modified_gmt":"2023-04-17T11:58:05","slug":"salsichas-fumadas-veggie-taifun-250gr","status":"publish","type":"product","link":"https:\/\/biocabaz.pt\/web\/produto\/salsichas-fumadas-veggie-taifun-250gr\/","title":{"rendered":"SALSICHAS FUMADAS VEGGIE TAIFUN 250GR"},"content":{"rendered":"","protected":false},"excerpt":{"rendered":"<p>Ingredientes: Tofu * (70%) (gr\u00e3os de soja * (55%), \u00e1gua, agentes coagulantes: cloreto de magn\u00e9sio, sulfato de c\u00e1lcio), \u00f3leo de colza *, prote\u00edna de trigo *, molho de soja * (\u00e1gua, gr\u00e3os de soja *, trigo *, sal marinho ), piment\u00e3o *, sal marinho, pimenta *, tomate *, cebola *, cenoura *, agente espessante: goma guar *, \u00f3leo de girassol *, vinagre de vinho branco *, alho *, pimenta preta *, cominho *, coentro *, fuma\u00e7a de madeira de faia.<br \/>\nPode conter vest\u00edgios de amendoim, nozes, aipo \/ aipo, gergelim e mostarda.<br \/><b>Modo de Utiliza\u00e7\u00e3o:<\/b> Conservar entre 2\u00baC e 7\u00baC. Produto embalado em v\u00e1cuo.<br \/><b>Dados Nutricionais:<\/b> Declara\u00e7\u00e3o Nutricional por 100g: Energia: 1064 KJ\/256Kcal; L\u00edpidos: 17,5g; dos quais saturados: 4,7g; Hidratos de carbono: 2,3g; dos quais a\u00e7\u00facares: 0,5g; Prote\u00ednas: 21,4g; Sal: 2g.<\/p>\n","protected":false},"featured_media":75207,"comment_status":"closed","ping_status":"closed","template":"","meta":[],"product_cat":[109],"product_tag":[],"class_list":["post-75206","product","type-product","status-publish","has-post-thumbnail","hentry","product_cat-vegetariano-e-vegan-sem-gluten-e-superalimentos"],"bundle_layout":"","bundled_by":[],"bundled_items":[],"yoast_head":"<!-- This site is optimized with the Yoast SEO plugin v26.3 - https:\/\/yoast.com\/wordpress\/plugins\/seo\/ -->\n<title>SALSICHAS FUMADAS VEGGIE TAIFUN 250GR<\/title>\n<meta name=\"robots\" content=\"index, follow, max-snippet:-1, max-image-preview:large, max-video-preview:-1\" \/>\n<link rel=\"canonical\" href=\"https:\/\/biocabaz.pt\/web\/produto\/salsichas-fumadas-veggie-taifun-250gr\/\" \/>\n<meta property=\"og:locale\" content=\"pt_PT\" \/>\n<meta property=\"og:locale:alternate\" content=\"en_US\" \/>\n<meta property=\"og:type\" content=\"article\" \/>\n<meta property=\"og:title\" content=\"SALSICHAS FUMADAS VEGGIE TAIFUN 250GR\" \/>\n<meta property=\"og:description\" content=\"Ingredientes: Tofu * (70%) (gr\u00e3os de soja * (55%), \u00e1gua, agentes coagulantes: cloreto de magn\u00e9sio, sulfato de c\u00e1lcio), \u00f3leo de colza *, prote\u00edna de trigo *, molho de soja * (\u00e1gua, gr\u00e3os de soja *, trigo *, sal marinho ), piment\u00e3o *, sal marinho, pimenta *, tomate *, cebola *, cenoura *, agente espessante: goma guar *, \u00f3leo de girassol *, vinagre de vinho branco *, alho *, pimenta preta *, cominho *, coentro *, fuma\u00e7a de madeira de faia. Pode conter vest\u00edgios de amendoim, nozes, aipo \/ aipo, gergelim e mostarda.Modo de Utiliza\u00e7\u00e3o: Conservar entre 2\u00baC e 7\u00baC. Produto embalado em v\u00e1cuo.Dados Nutricionais: Declara\u00e7\u00e3o Nutricional por 100g: Energia: 1064 KJ\/256Kcal; L\u00edpidos: 17,5g; dos quais saturados: 4,7g; Hidratos de carbono: 2,3g; dos quais a\u00e7\u00facares: 0,5g; Prote\u00ednas: 21,4g; Sal: 2g.\" \/>\n<meta property=\"og:url\" content=\"https:\/\/biocabaz.pt\/web\/produto\/salsichas-fumadas-veggie-taifun-250gr\/\" \/>\n<meta property=\"og:site_name\" content=\"BIOCABAZ - CABAZES BIOL\u00d3GICOS\" \/>\n<meta property=\"article:modified_time\" content=\"2023-04-17T11:58:05+00:00\" \/>\n<meta property=\"og:image\" content=\"https:\/\/www.biocabaz.pt\/web\/wp-conteudos\/uploads\/2021\/09\/salsichas-fumadas-veggie-taifun-250gr-e1630598935908.jpg\" \/>\n\t<meta property=\"og:image:width\" content=\"500\" \/>\n\t<meta property=\"og:image:height\" content=\"500\" \/>\n\t<meta property=\"og:image:type\" content=\"image\/jpeg\" \/>\n<meta name=\"twitter:card\" content=\"summary_large_image\" \/>\n<script type=\"application\/ld+json\" class=\"yoast-schema-graph\">{\"@context\":\"https:\/\/schema.org\",\"@graph\":[{\"@type\":\"WebPage\",\"@id\":\"https:\/\/biocabaz.pt\/web\/produto\/salsichas-fumadas-veggie-taifun-250gr\/\",\"url\":\"https:\/\/biocabaz.pt\/web\/produto\/salsichas-fumadas-veggie-taifun-250gr\/\",\"name\":\"SALSICHAS FUMADAS VEGGIE TAIFUN 250GR\",\"isPartOf\":{\"@id\":\"https:\/\/biocabaz.pt\/web\/en\/#website\"},\"primaryImageOfPage\":{\"@id\":\"https:\/\/biocabaz.pt\/web\/produto\/salsichas-fumadas-veggie-taifun-250gr\/#primaryimage\"},\"image\":{\"@id\":\"https:\/\/biocabaz.pt\/web\/produto\/salsichas-fumadas-veggie-taifun-250gr\/#primaryimage\"},\"thumbnailUrl\":\"https:\/\/www.biocabaz.pt\/web\/wp-conteudos\/uploads\/2021\/09\/salsichas-fumadas-veggie-taifun-250gr-e1630598935908.jpg\",\"datePublished\":\"2021-09-02T16:09:21+00:00\",\"dateModified\":\"2023-04-17T11:58:05+00:00\",\"breadcrumb\":{\"@id\":\"https:\/\/biocabaz.pt\/web\/produto\/salsichas-fumadas-veggie-taifun-250gr\/#breadcrumb\"},\"inLanguage\":\"pt-PT\",\"potentialAction\":[{\"@type\":\"ReadAction\",\"target\":[\"https:\/\/biocabaz.pt\/web\/produto\/salsichas-fumadas-veggie-taifun-250gr\/\"]}]},{\"@type\":\"ImageObject\",\"inLanguage\":\"pt-PT\",\"@id\":\"https:\/\/biocabaz.pt\/web\/produto\/salsichas-fumadas-veggie-taifun-250gr\/#primaryimage\",\"url\":\"https:\/\/www.biocabaz.pt\/web\/wp-conteudos\/uploads\/2021\/09\/salsichas-fumadas-veggie-taifun-250gr-e1630598935908.jpg\",\"contentUrl\":\"https:\/\/www.biocabaz.pt\/web\/wp-conteudos\/uploads\/2021\/09\/salsichas-fumadas-veggie-taifun-250gr-e1630598935908.jpg\",\"width\":500,\"height\":500,\"caption\":\"SALSICHAS FUMADAS VEGGIE TAIFUN 250GR\"},{\"@type\":\"BreadcrumbList\",\"@id\":\"https:\/\/biocabaz.pt\/web\/produto\/salsichas-fumadas-veggie-taifun-250gr\/#breadcrumb\",\"itemListElement\":[{\"@type\":\"ListItem\",\"position\":1,\"name\":\"Home\",\"item\":\"https:\/\/biocabaz.pt\/web\/en\/\"},{\"@type\":\"ListItem\",\"position\":2,\"name\":\"Shop\",\"item\":\"https:\/\/biocabaz.pt\/web\/en\/shop\/\"},{\"@type\":\"ListItem\",\"position\":3,\"name\":\"SALSICHAS FUMADAS VEGGIE TAIFUN 250GR\"}]},{\"@type\":\"WebSite\",\"@id\":\"https:\/\/biocabaz.pt\/web\/en\/#website\",\"url\":\"https:\/\/biocabaz.pt\/web\/en\/\",\"name\":\"BIOCABAZ - CABAZES BIOL\u00d3GICOS\",\"description\":\"O melhor que a terra d\u00e1 \u00e9 para si\",\"potentialAction\":[{\"@type\":\"SearchAction\",\"target\":{\"@type\":\"EntryPoint\",\"urlTemplate\":\"https:\/\/biocabaz.pt\/web\/en\/?s={search_term_string}\"},\"query-input\":{\"@type\":\"PropertyValueSpecification\",\"valueRequired\":true,\"valueName\":\"search_term_string\"}}],\"inLanguage\":\"pt-PT\"}]}<\/script>\n<!-- \/ Yoast SEO plugin. -->","yoast_head_json":{"title":"SALSICHAS FUMADAS VEGGIE TAIFUN 250GR","robots":{"index":"index","follow":"follow","max-snippet":"max-snippet:-1","max-image-preview":"max-image-preview:large","max-video-preview":"max-video-preview:-1"},"canonical":"https:\/\/biocabaz.pt\/web\/produto\/salsichas-fumadas-veggie-taifun-250gr\/","og_locale":"pt_PT","og_type":"article","og_title":"[:en]TAIFUN VEGGIE SMOKED SAUSAGES 250G[:pt]SALSICHAS FUMADAS VEGGIE TAIFUN 250GR[:] - BIOCABAZ - CABAZES BIOL\u00d3GICOS","og_description":"Ingredientes: Tofu * (70%) (gr\u00e3os de soja * (55%), \u00e1gua, agentes coagulantes: cloreto de magn\u00e9sio, sulfato de c\u00e1lcio), \u00f3leo de colza *, prote\u00edna de trigo *, molho de soja * (\u00e1gua, gr\u00e3os de soja *, trigo *, sal marinho ), piment\u00e3o *, sal marinho, pimenta *, tomate *, cebola *, cenoura *, agente espessante: goma guar *, \u00f3leo de girassol *, vinagre de vinho branco *, alho *, pimenta preta *, cominho *, coentro *, fuma\u00e7a de madeira de faia. Pode conter vest\u00edgios de amendoim, nozes, aipo \/ aipo, gergelim e mostarda.Modo de Utiliza\u00e7\u00e3o: Conservar entre 2\u00baC e 7\u00baC. Produto embalado em v\u00e1cuo.Dados Nutricionais: Declara\u00e7\u00e3o Nutricional por 100g: Energia: 1064 KJ\/256Kcal; L\u00edpidos: 17,5g; dos quais saturados: 4,7g; Hidratos de carbono: 2,3g; dos quais a\u00e7\u00facares: 0,5g; Prote\u00ednas: 21,4g; Sal: 2g.","og_url":"https:\/\/biocabaz.pt\/web\/produto\/salsichas-fumadas-veggie-taifun-250gr\/","og_site_name":"BIOCABAZ - CABAZES BIOL\u00d3GICOS","article_modified_time":"2023-04-17T11:58:05+00:00","og_image":[{"width":500,"height":500,"url":"https:\/\/www.biocabaz.pt\/web\/wp-conteudos\/uploads\/2021\/09\/salsichas-fumadas-veggie-taifun-250gr-e1630598935908.jpg","type":"image\/jpeg"}],"twitter_card":"summary_large_image","schema":{"@context":"https:\/\/schema.org","@graph":[{"@type":"WebPage","@id":"https:\/\/biocabaz.pt\/web\/produto\/salsichas-fumadas-veggie-taifun-250gr\/","url":"https:\/\/biocabaz.pt\/web\/produto\/salsichas-fumadas-veggie-taifun-250gr\/","name":"SALSICHAS FUMADAS VEGGIE TAIFUN 250GR","isPartOf":{"@id":"https:\/\/biocabaz.pt\/web\/en\/#website"},"primaryImageOfPage":{"@id":"https:\/\/biocabaz.pt\/web\/produto\/salsichas-fumadas-veggie-taifun-250gr\/#primaryimage"},"image":{"@id":"https:\/\/biocabaz.pt\/web\/produto\/salsichas-fumadas-veggie-taifun-250gr\/#primaryimage"},"thumbnailUrl":"https:\/\/www.biocabaz.pt\/web\/wp-conteudos\/uploads\/2021\/09\/salsichas-fumadas-veggie-taifun-250gr-e1630598935908.jpg","datePublished":"2021-09-02T16:09:21+00:00","dateModified":"2023-04-17T11:58:05+00:00","breadcrumb":{"@id":"https:\/\/biocabaz.pt\/web\/produto\/salsichas-fumadas-veggie-taifun-250gr\/#breadcrumb"},"inLanguage":"pt-PT","potentialAction":[{"@type":"ReadAction","target":["https:\/\/biocabaz.pt\/web\/produto\/salsichas-fumadas-veggie-taifun-250gr\/"]}]},{"@type":"ImageObject","inLanguage":"pt-PT","@id":"https:\/\/biocabaz.pt\/web\/produto\/salsichas-fumadas-veggie-taifun-250gr\/#primaryimage","url":"https:\/\/www.biocabaz.pt\/web\/wp-conteudos\/uploads\/2021\/09\/salsichas-fumadas-veggie-taifun-250gr-e1630598935908.jpg","contentUrl":"https:\/\/www.biocabaz.pt\/web\/wp-conteudos\/uploads\/2021\/09\/salsichas-fumadas-veggie-taifun-250gr-e1630598935908.jpg","width":500,"height":500,"caption":"SALSICHAS FUMADAS VEGGIE TAIFUN 250GR"},{"@type":"BreadcrumbList","@id":"https:\/\/biocabaz.pt\/web\/produto\/salsichas-fumadas-veggie-taifun-250gr\/#breadcrumb","itemListElement":[{"@type":"ListItem","position":1,"name":"Home","item":"https:\/\/biocabaz.pt\/web\/en\/"},{"@type":"ListItem","position":2,"name":"Shop","item":"https:\/\/biocabaz.pt\/web\/en\/shop\/"},{"@type":"ListItem","position":3,"name":"SALSICHAS FUMADAS VEGGIE TAIFUN 250GR"}]},{"@type":"WebSite","@id":"https:\/\/biocabaz.pt\/web\/en\/#website","url":"https:\/\/biocabaz.pt\/web\/en\/","name":"BIOCABAZ - CABAZES BIOL\u00d3GICOS","description":"O melhor que a terra d\u00e1 \u00e9 para si","potentialAction":[{"@type":"SearchAction","target":{"@type":"EntryPoint","urlTemplate":"https:\/\/biocabaz.pt\/web\/en\/?s={search_term_string}"},"query-input":{"@type":"PropertyValueSpecification","valueRequired":true,"valueName":"search_term_string"}}],"inLanguage":"pt-PT"}]}},"_links":{"self":[{"href":"https:\/\/biocabaz.pt\/web\/wp-json\/wp\/v2\/product\/75206","targetHints":{"allow":["GET"]}}],"collection":[{"href":"https:\/\/biocabaz.pt\/web\/wp-json\/wp\/v2\/product"}],"about":[{"href":"https:\/\/biocabaz.pt\/web\/wp-json\/wp\/v2\/types\/product"}],"replies":[{"embeddable":true,"href":"https:\/\/biocabaz.pt\/web\/wp-json\/wp\/v2\/comments?post=75206"}],"wp:featuredmedia":[{"embeddable":true,"href":"https:\/\/biocabaz.pt\/web\/wp-json\/wp\/v2\/media\/75207"}],"wp:attachment":[{"href":"https:\/\/biocabaz.pt\/web\/wp-json\/wp\/v2\/media?parent=75206"}],"wp:term":[{"taxonomy":"product_cat","embeddable":true,"href":"https:\/\/biocabaz.pt\/web\/wp-json\/wp\/v2\/product_cat?post=75206"},{"taxonomy":"product_tag","embeddable":true,"href":"https:\/\/biocabaz.pt\/web\/wp-json\/wp\/v2\/product_tag?post=75206"}],"curies":[{"name":"wp","href":"https:\/\/api.w.org\/{rel}","templated":true}]}}