{"id":75193,"date":"2021-09-02T15:34:27","date_gmt":"2021-09-02T15:34:27","guid":{"rendered":"https:\/\/www.biocabaz.pt\/web\/?post_type=product&#038;p=75193"},"modified":"2023-04-17T11:59:10","modified_gmt":"2023-04-17T11:59:10","slug":"tofu-rosso-taifun-200gr","status":"publish","type":"product","link":"https:\/\/biocabaz.pt\/web\/produto\/tofu-rosso-taifun-200gr\/","title":{"rendered":"TOFU ROSSO TAIFUN 200GR"},"content":{"rendered":"","protected":false},"excerpt":{"rendered":"<p>Ingredientes: Tofu* 76% (SOJA* 55%, \u00e1gua, agentes coagulantes: cloreto de magn\u00e9sio, sulfato de c\u00e1lcio), \u00f3leo de girassol*, azeitonas* 7,4%, tomate* 5,9%, caldo de legumes* (sal marinho, extrato de levedura*, \u00f3leo de girassol*, alho-franc\u00eas*, cenouras*, AIPO*, ma\u00e7a *, noz-moscada *, salsa*), alho*, pimenta* 0,4%, piment\u00e3o doce*, vinagre*, salsa*, piment\u00e3o picante*, manjeric\u00e3o*, tomilho *, or\u00e9g\u00e3os*, alecrim *, segurelha*, estrag\u00e3o *. *de agricultura biol\u00f3gica Agricultura UE\/ n\u00e3o UE.<br \/><b>Modo de Utiliza\u00e7\u00e3o:<\/b> Conservar entre 2\u00baC e 7\u00baC. Produto embalado em v\u00e1cuo.<br \/><b>Dados Nutricionais:<\/b> Declara\u00e7\u00e3o Nutricional por 100g: Energia: 984 KJ\/237Kcal; L\u00edpidos: 16g; dos quais saturados: 2,1g; Hidratos de carbono: 5g; dos quais a\u00e7\u00facares: 2,6g; Prote\u00ednas: 17g; Sal: 1,9g.<\/p>\n","protected":false},"featured_media":75194,"comment_status":"closed","ping_status":"closed","template":"","meta":[],"product_cat":[109],"product_tag":[],"class_list":["post-75193","product","type-product","status-publish","has-post-thumbnail","hentry","product_cat-vegetariano-e-vegan-sem-gluten-e-superalimentos"],"bundle_layout":"","bundled_by":[],"bundled_items":[],"yoast_head":"<!-- This site is optimized with the Yoast SEO plugin v26.3 - https:\/\/yoast.com\/wordpress\/plugins\/seo\/ -->\n<title>TOFU ROSSO TAIFUN 200GR<\/title>\n<meta name=\"robots\" content=\"index, follow, max-snippet:-1, max-image-preview:large, max-video-preview:-1\" \/>\n<link rel=\"canonical\" href=\"https:\/\/biocabaz.pt\/web\/produto\/tofu-rosso-taifun-200gr\/\" \/>\n<meta property=\"og:locale\" content=\"pt_PT\" \/>\n<meta property=\"og:locale:alternate\" content=\"en_US\" \/>\n<meta property=\"og:type\" content=\"article\" \/>\n<meta property=\"og:title\" content=\"TOFU ROSSO TAIFUN 200GR\" \/>\n<meta property=\"og:description\" content=\"Ingredientes: Tofu* 76% (SOJA* 55%, \u00e1gua, agentes coagulantes: cloreto de magn\u00e9sio, sulfato de c\u00e1lcio), \u00f3leo de girassol*, azeitonas* 7,4%, tomate* 5,9%, caldo de legumes* (sal marinho, extrato de levedura*, \u00f3leo de girassol*, alho-franc\u00eas*, cenouras*, AIPO*, ma\u00e7a *, noz-moscada *, salsa*), alho*, pimenta* 0,4%, piment\u00e3o doce*, vinagre*, salsa*, piment\u00e3o picante*, manjeric\u00e3o*, tomilho *, or\u00e9g\u00e3os*, alecrim *, segurelha*, estrag\u00e3o *. *de agricultura biol\u00f3gica Agricultura UE\/ n\u00e3o UE.Modo de Utiliza\u00e7\u00e3o: Conservar entre 2\u00baC e 7\u00baC. Produto embalado em v\u00e1cuo.Dados Nutricionais: Declara\u00e7\u00e3o Nutricional por 100g: Energia: 984 KJ\/237Kcal; L\u00edpidos: 16g; dos quais saturados: 2,1g; Hidratos de carbono: 5g; dos quais a\u00e7\u00facares: 2,6g; Prote\u00ednas: 17g; Sal: 1,9g.\" \/>\n<meta property=\"og:url\" content=\"https:\/\/biocabaz.pt\/web\/produto\/tofu-rosso-taifun-200gr\/\" \/>\n<meta property=\"og:site_name\" content=\"BIOCABAZ - CABAZES BIOL\u00d3GICOS\" \/>\n<meta property=\"article:modified_time\" content=\"2023-04-17T11:59:10+00:00\" \/>\n<meta property=\"og:image\" content=\"https:\/\/www.biocabaz.pt\/web\/wp-conteudos\/uploads\/2021\/09\/tofu-rosso-taifun-200gr-e1630596851938.jpg\" \/>\n\t<meta property=\"og:image:width\" content=\"500\" \/>\n\t<meta property=\"og:image:height\" content=\"500\" \/>\n\t<meta property=\"og:image:type\" content=\"image\/jpeg\" \/>\n<meta name=\"twitter:card\" content=\"summary_large_image\" \/>\n<script type=\"application\/ld+json\" class=\"yoast-schema-graph\">{\"@context\":\"https:\/\/schema.org\",\"@graph\":[{\"@type\":\"WebPage\",\"@id\":\"https:\/\/biocabaz.pt\/web\/produto\/tofu-rosso-taifun-200gr\/\",\"url\":\"https:\/\/biocabaz.pt\/web\/produto\/tofu-rosso-taifun-200gr\/\",\"name\":\"TOFU ROSSO TAIFUN 200GR\",\"isPartOf\":{\"@id\":\"https:\/\/biocabaz.pt\/web\/#website\"},\"primaryImageOfPage\":{\"@id\":\"https:\/\/biocabaz.pt\/web\/produto\/tofu-rosso-taifun-200gr\/#primaryimage\"},\"image\":{\"@id\":\"https:\/\/biocabaz.pt\/web\/produto\/tofu-rosso-taifun-200gr\/#primaryimage\"},\"thumbnailUrl\":\"https:\/\/www.biocabaz.pt\/web\/wp-conteudos\/uploads\/2021\/09\/tofu-rosso-taifun-200gr-e1630596851938.jpg\",\"datePublished\":\"2021-09-02T15:34:27+00:00\",\"dateModified\":\"2023-04-17T11:59:10+00:00\",\"breadcrumb\":{\"@id\":\"https:\/\/biocabaz.pt\/web\/produto\/tofu-rosso-taifun-200gr\/#breadcrumb\"},\"inLanguage\":\"pt-PT\",\"potentialAction\":[{\"@type\":\"ReadAction\",\"target\":[\"https:\/\/biocabaz.pt\/web\/produto\/tofu-rosso-taifun-200gr\/\"]}]},{\"@type\":\"ImageObject\",\"inLanguage\":\"pt-PT\",\"@id\":\"https:\/\/biocabaz.pt\/web\/produto\/tofu-rosso-taifun-200gr\/#primaryimage\",\"url\":\"https:\/\/www.biocabaz.pt\/web\/wp-conteudos\/uploads\/2021\/09\/tofu-rosso-taifun-200gr-e1630596851938.jpg\",\"contentUrl\":\"https:\/\/www.biocabaz.pt\/web\/wp-conteudos\/uploads\/2021\/09\/tofu-rosso-taifun-200gr-e1630596851938.jpg\",\"width\":500,\"height\":500,\"caption\":\"TOFU ROSSO TAIFUN 200GR\"},{\"@type\":\"BreadcrumbList\",\"@id\":\"https:\/\/biocabaz.pt\/web\/produto\/tofu-rosso-taifun-200gr\/#breadcrumb\",\"itemListElement\":[{\"@type\":\"ListItem\",\"position\":1,\"name\":\"Home\",\"item\":\"https:\/\/biocabaz.pt\/web\/\"},{\"@type\":\"ListItem\",\"position\":2,\"name\":\"Loja\",\"item\":\"https:\/\/biocabaz.pt\/web\/shop\/\"},{\"@type\":\"ListItem\",\"position\":3,\"name\":\"TOFU ROSSO TAIFUN 200GR\"}]},{\"@type\":\"WebSite\",\"@id\":\"https:\/\/biocabaz.pt\/web\/#website\",\"url\":\"https:\/\/biocabaz.pt\/web\/\",\"name\":\"BIOCABAZ - CABAZES BIOL\u00d3GICOS\",\"description\":\"O melhor que a terra d\u00e1 \u00e9 para si\",\"potentialAction\":[{\"@type\":\"SearchAction\",\"target\":{\"@type\":\"EntryPoint\",\"urlTemplate\":\"https:\/\/biocabaz.pt\/web\/?s={search_term_string}\"},\"query-input\":{\"@type\":\"PropertyValueSpecification\",\"valueRequired\":true,\"valueName\":\"search_term_string\"}}],\"inLanguage\":\"pt-PT\"}]}<\/script>\n<!-- \/ Yoast SEO plugin. -->","yoast_head_json":{"title":"TOFU ROSSO TAIFUN 200GR","robots":{"index":"index","follow":"follow","max-snippet":"max-snippet:-1","max-image-preview":"max-image-preview:large","max-video-preview":"max-video-preview:-1"},"canonical":"https:\/\/biocabaz.pt\/web\/produto\/tofu-rosso-taifun-200gr\/","og_locale":"pt_PT","og_type":"article","og_title":"[:en]TAIFUN ROSSO TOFU 200G[:pt]TOFU ROSSO TAIFUN 200GR[:] - BIOCABAZ - CABAZES BIOL\u00d3GICOS","og_description":"Ingredientes: Tofu* 76% (SOJA* 55%, \u00e1gua, agentes coagulantes: cloreto de magn\u00e9sio, sulfato de c\u00e1lcio), \u00f3leo de girassol*, azeitonas* 7,4%, tomate* 5,9%, caldo de legumes* (sal marinho, extrato de levedura*, \u00f3leo de girassol*, alho-franc\u00eas*, cenouras*, AIPO*, ma\u00e7a *, noz-moscada *, salsa*), alho*, pimenta* 0,4%, piment\u00e3o doce*, vinagre*, salsa*, piment\u00e3o picante*, manjeric\u00e3o*, tomilho *, or\u00e9g\u00e3os*, alecrim *, segurelha*, estrag\u00e3o *. *de agricultura biol\u00f3gica Agricultura UE\/ n\u00e3o UE.Modo de Utiliza\u00e7\u00e3o: Conservar entre 2\u00baC e 7\u00baC. Produto embalado em v\u00e1cuo.Dados Nutricionais: Declara\u00e7\u00e3o Nutricional por 100g: Energia: 984 KJ\/237Kcal; L\u00edpidos: 16g; dos quais saturados: 2,1g; Hidratos de carbono: 5g; dos quais a\u00e7\u00facares: 2,6g; Prote\u00ednas: 17g; Sal: 1,9g.","og_url":"https:\/\/biocabaz.pt\/web\/produto\/tofu-rosso-taifun-200gr\/","og_site_name":"BIOCABAZ - CABAZES BIOL\u00d3GICOS","article_modified_time":"2023-04-17T11:59:10+00:00","og_image":[{"width":500,"height":500,"url":"https:\/\/www.biocabaz.pt\/web\/wp-conteudos\/uploads\/2021\/09\/tofu-rosso-taifun-200gr-e1630596851938.jpg","type":"image\/jpeg"}],"twitter_card":"summary_large_image","schema":{"@context":"https:\/\/schema.org","@graph":[{"@type":"WebPage","@id":"https:\/\/biocabaz.pt\/web\/produto\/tofu-rosso-taifun-200gr\/","url":"https:\/\/biocabaz.pt\/web\/produto\/tofu-rosso-taifun-200gr\/","name":"TOFU ROSSO TAIFUN 200GR","isPartOf":{"@id":"https:\/\/biocabaz.pt\/web\/#website"},"primaryImageOfPage":{"@id":"https:\/\/biocabaz.pt\/web\/produto\/tofu-rosso-taifun-200gr\/#primaryimage"},"image":{"@id":"https:\/\/biocabaz.pt\/web\/produto\/tofu-rosso-taifun-200gr\/#primaryimage"},"thumbnailUrl":"https:\/\/www.biocabaz.pt\/web\/wp-conteudos\/uploads\/2021\/09\/tofu-rosso-taifun-200gr-e1630596851938.jpg","datePublished":"2021-09-02T15:34:27+00:00","dateModified":"2023-04-17T11:59:10+00:00","breadcrumb":{"@id":"https:\/\/biocabaz.pt\/web\/produto\/tofu-rosso-taifun-200gr\/#breadcrumb"},"inLanguage":"pt-PT","potentialAction":[{"@type":"ReadAction","target":["https:\/\/biocabaz.pt\/web\/produto\/tofu-rosso-taifun-200gr\/"]}]},{"@type":"ImageObject","inLanguage":"pt-PT","@id":"https:\/\/biocabaz.pt\/web\/produto\/tofu-rosso-taifun-200gr\/#primaryimage","url":"https:\/\/www.biocabaz.pt\/web\/wp-conteudos\/uploads\/2021\/09\/tofu-rosso-taifun-200gr-e1630596851938.jpg","contentUrl":"https:\/\/www.biocabaz.pt\/web\/wp-conteudos\/uploads\/2021\/09\/tofu-rosso-taifun-200gr-e1630596851938.jpg","width":500,"height":500,"caption":"TOFU ROSSO TAIFUN 200GR"},{"@type":"BreadcrumbList","@id":"https:\/\/biocabaz.pt\/web\/produto\/tofu-rosso-taifun-200gr\/#breadcrumb","itemListElement":[{"@type":"ListItem","position":1,"name":"Home","item":"https:\/\/biocabaz.pt\/web\/"},{"@type":"ListItem","position":2,"name":"Loja","item":"https:\/\/biocabaz.pt\/web\/shop\/"},{"@type":"ListItem","position":3,"name":"TOFU ROSSO TAIFUN 200GR"}]},{"@type":"WebSite","@id":"https:\/\/biocabaz.pt\/web\/#website","url":"https:\/\/biocabaz.pt\/web\/","name":"BIOCABAZ - CABAZES BIOL\u00d3GICOS","description":"O melhor que a terra d\u00e1 \u00e9 para si","potentialAction":[{"@type":"SearchAction","target":{"@type":"EntryPoint","urlTemplate":"https:\/\/biocabaz.pt\/web\/?s={search_term_string}"},"query-input":{"@type":"PropertyValueSpecification","valueRequired":true,"valueName":"search_term_string"}}],"inLanguage":"pt-PT"}]}},"_links":{"self":[{"href":"https:\/\/biocabaz.pt\/web\/wp-json\/wp\/v2\/product\/75193","targetHints":{"allow":["GET"]}}],"collection":[{"href":"https:\/\/biocabaz.pt\/web\/wp-json\/wp\/v2\/product"}],"about":[{"href":"https:\/\/biocabaz.pt\/web\/wp-json\/wp\/v2\/types\/product"}],"replies":[{"embeddable":true,"href":"https:\/\/biocabaz.pt\/web\/wp-json\/wp\/v2\/comments?post=75193"}],"wp:featuredmedia":[{"embeddable":true,"href":"https:\/\/biocabaz.pt\/web\/wp-json\/wp\/v2\/media\/75194"}],"wp:attachment":[{"href":"https:\/\/biocabaz.pt\/web\/wp-json\/wp\/v2\/media?parent=75193"}],"wp:term":[{"taxonomy":"product_cat","embeddable":true,"href":"https:\/\/biocabaz.pt\/web\/wp-json\/wp\/v2\/product_cat?post=75193"},{"taxonomy":"product_tag","embeddable":true,"href":"https:\/\/biocabaz.pt\/web\/wp-json\/wp\/v2\/product_tag?post=75193"}],"curies":[{"name":"wp","href":"https:\/\/api.w.org\/{rel}","templated":true}]}}