{"id":75158,"date":"2021-09-02T14:33:38","date_gmt":"2021-09-02T14:33:38","guid":{"rendered":"https:\/\/www.biocabaz.pt\/web\/?post_type=product&#038;p=75158"},"modified":"2023-04-17T12:33:18","modified_gmt":"2023-04-17T12:33:18","slug":"detergente-de-roupa-sabao-natural-eco-x-1lt","status":"publish","type":"product","link":"https:\/\/biocabaz.pt\/web\/produto\/detergente-de-roupa-sabao-natural-eco-x-1lt\/","title":{"rendered":"DETERGENTE DE ROUPA SABAO NATURAL ECO X 0,85LT"},"content":{"rendered":"","protected":false},"excerpt":{"rendered":"<p>Veste o conforto e ajusta a lavagem das tuas roupas \u00e0 sustentabilidade com o detergente ecol\u00f3gico para a roupa que nasce do reaproveitamento de res\u00edduos, o \u00f3leo alimentar usado.<\/p>\n<p>Remove sujidades dif\u00edceis de eliminar como gordura e outras sujidades org\u00e2nicas ao penetrar rapidamente nas fibras. \u00c9 adequado \u00e0 lavagem de m\u00e1quina para todo o tipo de roupa e funciona a todas as temperaturas: podes fazer lavagens em \u00e1gua fria e poupar energia!<\/p>\n<p>Se tens beb\u00e9s em casa ou conheces algu\u00e9m que tenha este \u00e9 o detergente ideal para lavares a sua roupa e as fraldas reutiliz\u00e1veis.                                          Ingredientes<br \/>\nDetergente para a roupa 100% biodegrad\u00e1vel.<br \/>\n\u00c1gua; sab\u00e3o (origem natural); Alcoois, C12-14, etoxilados (origem natural); Lauril\u00e9ter sulfato de s\u00f3dio (origem natural) perfume (citronellol; Geraniol; Limonene).; diacetato de glutamato tetrass\u00f3dico; Copol\u00edmero de estireno \/ acrilatos de s\u00f3dio; conservante (5-cloro-2-metil-4-isotiazolin-3-ona e 2-metil-4-isotiazolin-3-ona e bromonitropropanodiol).<br \/><b>Modo de Utiliza\u00e7\u00e3o:<\/b> Coloca cerca de 8-15 mL (\u00e1guas moles) ou 15-25mL (\u00e1guas duras) de detergente da roupa na gaveta da m\u00e1quina por cada quilo de roupa seca. Para n\u00f3doas dif\u00edceis: aplica algumas gotas de produto diretamente sobre a n\u00f3doa imediatamente antes da lavagem. \u00c9 aconselhada a utiliza\u00e7\u00e3o de Amaciador ecol\u00f3gico para a Roupa EcoX para um \u00f3timo resultado.<\/p>\n","protected":false},"featured_media":75162,"comment_status":"closed","ping_status":"closed","template":"","meta":[],"product_cat":[98],"product_tag":[],"class_list":["post-75158","product","type-product","status-publish","has-post-thumbnail","hentry","product_cat-roupa"],"bundle_layout":"","bundled_by":[],"bundled_items":[],"yoast_head":"<!-- This site is optimized with the Yoast SEO plugin v26.3 - https:\/\/yoast.com\/wordpress\/plugins\/seo\/ -->\n<title>DETERGENTE DE ROUPA SABAO NATURAL ECO X 0,85LT<\/title>\n<meta name=\"robots\" content=\"index, follow, max-snippet:-1, max-image-preview:large, max-video-preview:-1\" \/>\n<link rel=\"canonical\" href=\"https:\/\/biocabaz.pt\/web\/produto\/detergente-de-roupa-sabao-natural-eco-x-1lt\/\" \/>\n<meta property=\"og:locale\" content=\"pt_PT\" \/>\n<meta property=\"og:locale:alternate\" content=\"en_US\" \/>\n<meta property=\"og:type\" content=\"article\" \/>\n<meta property=\"og:title\" content=\"DETERGENTE DE ROUPA SABAO NATURAL ECO X 0,85LT\" \/>\n<meta property=\"og:description\" content=\"Veste o conforto e ajusta a lavagem das tuas roupas \u00e0 sustentabilidade com o detergente ecol\u00f3gico para a roupa que nasce do reaproveitamento de res\u00edduos, o \u00f3leo alimentar usado. Remove sujidades dif\u00edceis de eliminar como gordura e outras sujidades org\u00e2nicas ao penetrar rapidamente nas fibras. \u00c9 adequado \u00e0 lavagem de m\u00e1quina para todo o tipo de roupa e funciona a todas as temperaturas: podes fazer lavagens em \u00e1gua fria e poupar energia! Se tens beb\u00e9s em casa ou conheces algu\u00e9m que tenha este \u00e9 o detergente ideal para lavares a sua roupa e as fraldas reutiliz\u00e1veis.                     Ingredientes Detergente para a roupa 100% biodegrad\u00e1vel. \u00c1gua; sab\u00e3o (origem natural); Alcoois, C12-14, etoxilados (origem natural); Lauril\u00e9ter sulfato de s\u00f3dio (origem natural) perfume (citronellol; Geraniol; Limonene).; diacetato de glutamato tetrass\u00f3dico; Copol\u00edmero de estireno \/ acrilatos de s\u00f3dio; conservante (5-cloro-2-metil-4-isotiazolin-3-ona e 2-metil-4-isotiazolin-3-ona e bromonitropropanodiol).Modo de Utiliza\u00e7\u00e3o: Coloca cerca de 8-15 mL (\u00e1guas moles) ou 15-25mL (\u00e1guas duras) de detergente da roupa na gaveta da m\u00e1quina por cada quilo de roupa seca. Para n\u00f3doas dif\u00edceis: aplica algumas gotas de produto diretamente sobre a n\u00f3doa imediatamente antes da lavagem. \u00c9 aconselhada a utiliza\u00e7\u00e3o de Amaciador ecol\u00f3gico para a Roupa EcoX para um \u00f3timo resultado.\" \/>\n<meta property=\"og:url\" content=\"https:\/\/biocabaz.pt\/web\/produto\/detergente-de-roupa-sabao-natural-eco-x-1lt\/\" \/>\n<meta property=\"og:site_name\" content=\"BIOCABAZ - CABAZES BIOL\u00d3GICOS\" \/>\n<meta property=\"article:modified_time\" content=\"2023-04-17T12:33:18+00:00\" \/>\n<meta property=\"og:image\" content=\"https:\/\/www.biocabaz.pt\/web\/wp-conteudos\/uploads\/2021\/09\/detergente-de-roupa-sabao-natural-eco-x-1lt-e1630593196514.jpg\" \/>\n\t<meta property=\"og:image:width\" content=\"500\" \/>\n\t<meta property=\"og:image:height\" content=\"500\" \/>\n\t<meta property=\"og:image:type\" content=\"image\/jpeg\" \/>\n<meta name=\"twitter:card\" content=\"summary_large_image\" \/>\n<script type=\"application\/ld+json\" class=\"yoast-schema-graph\">{\"@context\":\"https:\/\/schema.org\",\"@graph\":[{\"@type\":\"WebPage\",\"@id\":\"https:\/\/biocabaz.pt\/web\/produto\/detergente-de-roupa-sabao-natural-eco-x-1lt\/\",\"url\":\"https:\/\/biocabaz.pt\/web\/produto\/detergente-de-roupa-sabao-natural-eco-x-1lt\/\",\"name\":\"DETERGENTE DE ROUPA SABAO NATURAL ECO X 0,85LT\",\"isPartOf\":{\"@id\":\"https:\/\/www.biocabaz.pt\/web\/#website\"},\"primaryImageOfPage\":{\"@id\":\"https:\/\/biocabaz.pt\/web\/produto\/detergente-de-roupa-sabao-natural-eco-x-1lt\/#primaryimage\"},\"image\":{\"@id\":\"https:\/\/biocabaz.pt\/web\/produto\/detergente-de-roupa-sabao-natural-eco-x-1lt\/#primaryimage\"},\"thumbnailUrl\":\"https:\/\/www.biocabaz.pt\/web\/wp-conteudos\/uploads\/2021\/09\/detergente-de-roupa-sabao-natural-eco-x-1lt-e1630593196514.jpg\",\"datePublished\":\"2021-09-02T14:33:38+00:00\",\"dateModified\":\"2023-04-17T12:33:18+00:00\",\"breadcrumb\":{\"@id\":\"https:\/\/biocabaz.pt\/web\/produto\/detergente-de-roupa-sabao-natural-eco-x-1lt\/#breadcrumb\"},\"inLanguage\":\"pt-PT\",\"potentialAction\":[{\"@type\":\"ReadAction\",\"target\":[\"https:\/\/biocabaz.pt\/web\/produto\/detergente-de-roupa-sabao-natural-eco-x-1lt\/\"]}]},{\"@type\":\"ImageObject\",\"inLanguage\":\"pt-PT\",\"@id\":\"https:\/\/biocabaz.pt\/web\/produto\/detergente-de-roupa-sabao-natural-eco-x-1lt\/#primaryimage\",\"url\":\"https:\/\/www.biocabaz.pt\/web\/wp-conteudos\/uploads\/2021\/09\/detergente-de-roupa-sabao-natural-eco-x-1lt-e1630593196514.jpg\",\"contentUrl\":\"https:\/\/www.biocabaz.pt\/web\/wp-conteudos\/uploads\/2021\/09\/detergente-de-roupa-sabao-natural-eco-x-1lt-e1630593196514.jpg\",\"width\":500,\"height\":500,\"caption\":\"DETERGENTE DE ROUPA SABAO NATURAL ECO X 1LT\"},{\"@type\":\"BreadcrumbList\",\"@id\":\"https:\/\/biocabaz.pt\/web\/produto\/detergente-de-roupa-sabao-natural-eco-x-1lt\/#breadcrumb\",\"itemListElement\":[{\"@type\":\"ListItem\",\"position\":1,\"name\":\"Home\",\"item\":\"https:\/\/www.biocabaz.pt\/web\/\"},{\"@type\":\"ListItem\",\"position\":2,\"name\":\"Shop\",\"item\":\"https:\/\/www.biocabaz.pt\/web\/en\/shop\/\"},{\"@type\":\"ListItem\",\"position\":3,\"name\":\"DETERGENTE DE ROUPA SABAO NATURAL ECO X 0,85LT\"}]},{\"@type\":\"WebSite\",\"@id\":\"https:\/\/www.biocabaz.pt\/web\/#website\",\"url\":\"https:\/\/www.biocabaz.pt\/web\/\",\"name\":\"BIOCABAZ - CABAZES BIOL\u00d3GICOS\",\"description\":\"O melhor que a terra d\u00e1 \u00e9 para si\",\"potentialAction\":[{\"@type\":\"SearchAction\",\"target\":{\"@type\":\"EntryPoint\",\"urlTemplate\":\"https:\/\/www.biocabaz.pt\/web\/?s={search_term_string}\"},\"query-input\":{\"@type\":\"PropertyValueSpecification\",\"valueRequired\":true,\"valueName\":\"search_term_string\"}}],\"inLanguage\":\"pt-PT\"}]}<\/script>\n<!-- \/ Yoast SEO plugin. -->","yoast_head_json":{"title":"DETERGENTE DE ROUPA SABAO NATURAL ECO X 0,85LT","robots":{"index":"index","follow":"follow","max-snippet":"max-snippet:-1","max-image-preview":"max-image-preview:large","max-video-preview":"max-video-preview:-1"},"canonical":"https:\/\/biocabaz.pt\/web\/produto\/detergente-de-roupa-sabao-natural-eco-x-1lt\/","og_locale":"pt_PT","og_type":"article","og_title":"[:en]ECO X NATURAL SOAP LAUNDRY DETERGENT 1L[:pt]DETERGENTE DE ROUPA SABAO NATURAL ECO X 0,85LT[:] - BIOCABAZ - CABAZES BIOL\u00d3GICOS","og_description":"Veste o conforto e ajusta a lavagem das tuas roupas \u00e0 sustentabilidade com o detergente ecol\u00f3gico para a roupa que nasce do reaproveitamento de res\u00edduos, o \u00f3leo alimentar usado. Remove sujidades dif\u00edceis de eliminar como gordura e outras sujidades org\u00e2nicas ao penetrar rapidamente nas fibras. \u00c9 adequado \u00e0 lavagem de m\u00e1quina para todo o tipo de roupa e funciona a todas as temperaturas: podes fazer lavagens em \u00e1gua fria e poupar energia! Se tens beb\u00e9s em casa ou conheces algu\u00e9m que tenha este \u00e9 o detergente ideal para lavares a sua roupa e as fraldas reutiliz\u00e1veis.                     Ingredientes Detergente para a roupa 100% biodegrad\u00e1vel. \u00c1gua; sab\u00e3o (origem natural); Alcoois, C12-14, etoxilados (origem natural); Lauril\u00e9ter sulfato de s\u00f3dio (origem natural) perfume (citronellol; Geraniol; Limonene).; diacetato de glutamato tetrass\u00f3dico; Copol\u00edmero de estireno \/ acrilatos de s\u00f3dio; conservante (5-cloro-2-metil-4-isotiazolin-3-ona e 2-metil-4-isotiazolin-3-ona e bromonitropropanodiol).Modo de Utiliza\u00e7\u00e3o: Coloca cerca de 8-15 mL (\u00e1guas moles) ou 15-25mL (\u00e1guas duras) de detergente da roupa na gaveta da m\u00e1quina por cada quilo de roupa seca. Para n\u00f3doas dif\u00edceis: aplica algumas gotas de produto diretamente sobre a n\u00f3doa imediatamente antes da lavagem. \u00c9 aconselhada a utiliza\u00e7\u00e3o de Amaciador ecol\u00f3gico para a Roupa EcoX para um \u00f3timo resultado.","og_url":"https:\/\/biocabaz.pt\/web\/produto\/detergente-de-roupa-sabao-natural-eco-x-1lt\/","og_site_name":"BIOCABAZ - CABAZES BIOL\u00d3GICOS","article_modified_time":"2023-04-17T12:33:18+00:00","og_image":[{"width":500,"height":500,"url":"https:\/\/www.biocabaz.pt\/web\/wp-conteudos\/uploads\/2021\/09\/detergente-de-roupa-sabao-natural-eco-x-1lt-e1630593196514.jpg","type":"image\/jpeg"}],"twitter_card":"summary_large_image","schema":{"@context":"https:\/\/schema.org","@graph":[{"@type":"WebPage","@id":"https:\/\/biocabaz.pt\/web\/produto\/detergente-de-roupa-sabao-natural-eco-x-1lt\/","url":"https:\/\/biocabaz.pt\/web\/produto\/detergente-de-roupa-sabao-natural-eco-x-1lt\/","name":"DETERGENTE DE ROUPA SABAO NATURAL ECO X 0,85LT","isPartOf":{"@id":"https:\/\/www.biocabaz.pt\/web\/#website"},"primaryImageOfPage":{"@id":"https:\/\/biocabaz.pt\/web\/produto\/detergente-de-roupa-sabao-natural-eco-x-1lt\/#primaryimage"},"image":{"@id":"https:\/\/biocabaz.pt\/web\/produto\/detergente-de-roupa-sabao-natural-eco-x-1lt\/#primaryimage"},"thumbnailUrl":"https:\/\/www.biocabaz.pt\/web\/wp-conteudos\/uploads\/2021\/09\/detergente-de-roupa-sabao-natural-eco-x-1lt-e1630593196514.jpg","datePublished":"2021-09-02T14:33:38+00:00","dateModified":"2023-04-17T12:33:18+00:00","breadcrumb":{"@id":"https:\/\/biocabaz.pt\/web\/produto\/detergente-de-roupa-sabao-natural-eco-x-1lt\/#breadcrumb"},"inLanguage":"pt-PT","potentialAction":[{"@type":"ReadAction","target":["https:\/\/biocabaz.pt\/web\/produto\/detergente-de-roupa-sabao-natural-eco-x-1lt\/"]}]},{"@type":"ImageObject","inLanguage":"pt-PT","@id":"https:\/\/biocabaz.pt\/web\/produto\/detergente-de-roupa-sabao-natural-eco-x-1lt\/#primaryimage","url":"https:\/\/www.biocabaz.pt\/web\/wp-conteudos\/uploads\/2021\/09\/detergente-de-roupa-sabao-natural-eco-x-1lt-e1630593196514.jpg","contentUrl":"https:\/\/www.biocabaz.pt\/web\/wp-conteudos\/uploads\/2021\/09\/detergente-de-roupa-sabao-natural-eco-x-1lt-e1630593196514.jpg","width":500,"height":500,"caption":"DETERGENTE DE ROUPA SABAO NATURAL ECO X 1LT"},{"@type":"BreadcrumbList","@id":"https:\/\/biocabaz.pt\/web\/produto\/detergente-de-roupa-sabao-natural-eco-x-1lt\/#breadcrumb","itemListElement":[{"@type":"ListItem","position":1,"name":"Home","item":"https:\/\/www.biocabaz.pt\/web\/"},{"@type":"ListItem","position":2,"name":"Shop","item":"https:\/\/www.biocabaz.pt\/web\/en\/shop\/"},{"@type":"ListItem","position":3,"name":"DETERGENTE DE ROUPA SABAO NATURAL ECO X 0,85LT"}]},{"@type":"WebSite","@id":"https:\/\/www.biocabaz.pt\/web\/#website","url":"https:\/\/www.biocabaz.pt\/web\/","name":"BIOCABAZ - CABAZES BIOL\u00d3GICOS","description":"O melhor que a terra d\u00e1 \u00e9 para si","potentialAction":[{"@type":"SearchAction","target":{"@type":"EntryPoint","urlTemplate":"https:\/\/www.biocabaz.pt\/web\/?s={search_term_string}"},"query-input":{"@type":"PropertyValueSpecification","valueRequired":true,"valueName":"search_term_string"}}],"inLanguage":"pt-PT"}]}},"_links":{"self":[{"href":"https:\/\/biocabaz.pt\/web\/wp-json\/wp\/v2\/product\/75158","targetHints":{"allow":["GET"]}}],"collection":[{"href":"https:\/\/biocabaz.pt\/web\/wp-json\/wp\/v2\/product"}],"about":[{"href":"https:\/\/biocabaz.pt\/web\/wp-json\/wp\/v2\/types\/product"}],"replies":[{"embeddable":true,"href":"https:\/\/biocabaz.pt\/web\/wp-json\/wp\/v2\/comments?post=75158"}],"wp:featuredmedia":[{"embeddable":true,"href":"https:\/\/biocabaz.pt\/web\/wp-json\/wp\/v2\/media\/75162"}],"wp:attachment":[{"href":"https:\/\/biocabaz.pt\/web\/wp-json\/wp\/v2\/media?parent=75158"}],"wp:term":[{"taxonomy":"product_cat","embeddable":true,"href":"https:\/\/biocabaz.pt\/web\/wp-json\/wp\/v2\/product_cat?post=75158"},{"taxonomy":"product_tag","embeddable":true,"href":"https:\/\/biocabaz.pt\/web\/wp-json\/wp\/v2\/product_tag?post=75158"}],"curies":[{"name":"wp","href":"https:\/\/api.w.org\/{rel}","templated":true}]}}