{"id":75156,"date":"2021-09-02T14:27:51","date_gmt":"2021-09-02T14:27:51","guid":{"rendered":"https:\/\/www.biocabaz.pt\/web\/?post_type=product&#038;p=75156"},"modified":"2026-02-04T21:43:11","modified_gmt":"2026-02-04T21:43:11","slug":"detergente-p-roupa-cor-sonett-15lt","status":"publish","type":"product","link":"https:\/\/biocabaz.pt\/web\/produto\/detergente-p-roupa-cor-sonett-15lt\/","title":{"rendered":"DETERGENTE P\/ROUPA COR SONETT 1,5LT"},"content":{"rendered":"","protected":false},"excerpt":{"rendered":"<p>Descri\u00e7\u00e3o<br \/>\nO detergente l\u00edquido para roupas Sonett lava profundamente e \u00e9 suave em cores e roupas escuras. \u00c9 adequado para \u00e1gua de todos os tipos de dureza e n\u00e3o \u00e9 necess\u00e1rio adicionar um amaciador.<\/p>\n<p>Indica\u00e7\u00e3o<br \/>\n\u00c9 adequado para todos os tecidos de algod\u00e3o, linho, c\u00e2nhamo, microfibra e misturados. Adequado para baixas temperaturas de lavagem. Gra\u00e7as ao uso de citratos e sab\u00e3o em combina\u00e7\u00e3o, n\u00e3o \u00e9 necess\u00e1rio amaciador adicional, independentemente da dureza da \u00e1gua predominante. Composi\u00e7\u00e3o<br \/>\n30%: sab\u00e3o de \u00f3leo de colza, 5-15%: surfactantes de a\u00e7\u00facar, 5-15%: citrato, 1-5% de sulfato de \u00e1lcool graxo de coco, 1-5%: \u00e1lcool vegetal (etanol).<br \/><b>Modo de Utiliza\u00e7\u00e3o:<\/b> Modo de Utiliza\u00e7\u00e3o<br \/>\nRecomenda-se a aplica\u00e7\u00e3o em todos os t\u00eaxteis coloridos lav\u00e1veis feitos de algod\u00e3o, linho, c\u00e2nhamo, microfibras como l\u00e3, Softshell\u00ae, Goretex, bem como misturas de tecidos, de 30 a 60 \u00b0 C<\/p>\n","protected":false},"featured_media":75157,"comment_status":"closed","ping_status":"closed","template":"","meta":[],"product_cat":[98],"product_tag":[],"class_list":["post-75156","product","type-product","status-publish","has-post-thumbnail","hentry","product_cat-roupa"],"bundle_layout":"","bundled_by":[],"bundled_items":[],"yoast_head":"<!-- This site is optimized with the Yoast SEO plugin v26.3 - https:\/\/yoast.com\/wordpress\/plugins\/seo\/ -->\n<title>DETERGENTE P\/ROUPA COR SONETT 1,5LT<\/title>\n<meta name=\"robots\" content=\"index, follow, max-snippet:-1, max-image-preview:large, max-video-preview:-1\" \/>\n<link rel=\"canonical\" href=\"https:\/\/www.biocabaz.pt\/web\/en\/produto\/detergente-p-roupa-cor-sonett-15lt\/\" \/>\n<meta property=\"og:locale\" content=\"pt_PT\" \/>\n<meta property=\"og:locale:alternate\" content=\"en_US\" \/>\n<meta property=\"og:type\" content=\"article\" \/>\n<meta property=\"og:title\" content=\"DETERGENTE P\/ROUPA COR SONETT 1,5LT\" \/>\n<meta property=\"og:description\" content=\"Descri\u00e7\u00e3o O detergente l\u00edquido para roupas Sonett lava profundamente e \u00e9 suave em cores e roupas escuras. \u00c9 adequado para \u00e1gua de todos os tipos de dureza e n\u00e3o \u00e9 necess\u00e1rio adicionar um amaciador. Indica\u00e7\u00e3o \u00c9 adequado para todos os tecidos de algod\u00e3o, linho, c\u00e2nhamo, microfibra e misturados. Adequado para baixas temperaturas de lavagem. Gra\u00e7as ao uso de citratos e sab\u00e3o em combina\u00e7\u00e3o, n\u00e3o \u00e9 necess\u00e1rio amaciador adicional, independentemente da dureza da \u00e1gua predominante. Composi\u00e7\u00e3o 30%: sab\u00e3o de \u00f3leo de colza, 5-15%: surfactantes de a\u00e7\u00facar, 5-15%: citrato, 1-5% de sulfato de \u00e1lcool graxo de coco, 1-5%: \u00e1lcool vegetal (etanol).Modo de Utiliza\u00e7\u00e3o: Modo de Utiliza\u00e7\u00e3o Recomenda-se a aplica\u00e7\u00e3o em todos os t\u00eaxteis coloridos lav\u00e1veis feitos de algod\u00e3o, linho, c\u00e2nhamo, microfibras como l\u00e3, Softshell\u00ae, Goretex, bem como misturas de tecidos, de 30 a 60 \u00b0 C\" \/>\n<meta property=\"og:url\" content=\"https:\/\/biocabaz.pt\/web\/produto\/detergente-p-roupa-cor-sonett-15lt\/\" \/>\n<meta property=\"og:site_name\" content=\"BIOCABAZ - CABAZES BIOL\u00d3GICOS\" \/>\n<meta property=\"article:modified_time\" content=\"2026-02-04T21:43:11+00:00\" \/>\n<meta property=\"og:image\" content=\"https:\/\/www.biocabaz.pt\/web\/wp-conteudos\/uploads\/2021\/09\/detergente-p-roupa-cor-sonett-15lt.jpg\" \/>\n\t<meta property=\"og:image:width\" content=\"500\" \/>\n\t<meta property=\"og:image:height\" content=\"500\" \/>\n\t<meta property=\"og:image:type\" content=\"image\/jpeg\" \/>\n<meta name=\"twitter:card\" content=\"summary_large_image\" \/>\n<script type=\"application\/ld+json\" class=\"yoast-schema-graph\">{\"@context\":\"https:\/\/schema.org\",\"@graph\":[{\"@type\":\"WebPage\",\"@id\":\"https:\/\/www.biocabaz.pt\/web\/en\/produto\/detergente-p-roupa-cor-sonett-15lt\/\",\"url\":\"https:\/\/www.biocabaz.pt\/web\/en\/produto\/detergente-p-roupa-cor-sonett-15lt\/\",\"name\":\"DETERGENTE P\/ROUPA COR SONETT 1,5LT\",\"isPartOf\":{\"@id\":\"https:\/\/biocabaz.pt\/web\/#website\"},\"primaryImageOfPage\":{\"@id\":\"https:\/\/www.biocabaz.pt\/web\/en\/produto\/detergente-p-roupa-cor-sonett-15lt\/#primaryimage\"},\"image\":{\"@id\":\"https:\/\/www.biocabaz.pt\/web\/en\/produto\/detergente-p-roupa-cor-sonett-15lt\/#primaryimage\"},\"thumbnailUrl\":\"https:\/\/www.biocabaz.pt\/web\/wp-conteudos\/uploads\/2021\/09\/detergente-p-roupa-cor-sonett-15lt.jpg\",\"datePublished\":\"2021-09-02T14:27:51+00:00\",\"dateModified\":\"2026-02-04T21:43:11+00:00\",\"breadcrumb\":{\"@id\":\"https:\/\/www.biocabaz.pt\/web\/en\/produto\/detergente-p-roupa-cor-sonett-15lt\/#breadcrumb\"},\"inLanguage\":\"pt-PT\",\"potentialAction\":[{\"@type\":\"ReadAction\",\"target\":[\"https:\/\/www.biocabaz.pt\/web\/en\/produto\/detergente-p-roupa-cor-sonett-15lt\/\"]}]},{\"@type\":\"ImageObject\",\"inLanguage\":\"pt-PT\",\"@id\":\"https:\/\/www.biocabaz.pt\/web\/en\/produto\/detergente-p-roupa-cor-sonett-15lt\/#primaryimage\",\"url\":\"https:\/\/www.biocabaz.pt\/web\/wp-conteudos\/uploads\/2021\/09\/detergente-p-roupa-cor-sonett-15lt.jpg\",\"contentUrl\":\"https:\/\/www.biocabaz.pt\/web\/wp-conteudos\/uploads\/2021\/09\/detergente-p-roupa-cor-sonett-15lt.jpg\",\"width\":500,\"height\":500,\"caption\":\"DETERGENTE P\/ROUPA COR SONETT 1,5LT\"},{\"@type\":\"BreadcrumbList\",\"@id\":\"https:\/\/www.biocabaz.pt\/web\/en\/produto\/detergente-p-roupa-cor-sonett-15lt\/#breadcrumb\",\"itemListElement\":[{\"@type\":\"ListItem\",\"position\":1,\"name\":\"Home\",\"item\":\"https:\/\/biocabaz.pt\/web\/\"},{\"@type\":\"ListItem\",\"position\":2,\"name\":\"Loja\",\"item\":\"https:\/\/biocabaz.pt\/web\/shop\/\"},{\"@type\":\"ListItem\",\"position\":3,\"name\":\"SONETT LAUNDRY LIQUID COLOR 1,5L\"}]},{\"@type\":\"WebSite\",\"@id\":\"https:\/\/biocabaz.pt\/web\/#website\",\"url\":\"https:\/\/biocabaz.pt\/web\/\",\"name\":\"BIOCABAZ - CABAZES BIOL\u00d3GICOS\",\"description\":\"O melhor que a terra d\u00e1 \u00e9 para si\",\"potentialAction\":[{\"@type\":\"SearchAction\",\"target\":{\"@type\":\"EntryPoint\",\"urlTemplate\":\"https:\/\/biocabaz.pt\/web\/?s={search_term_string}\"},\"query-input\":{\"@type\":\"PropertyValueSpecification\",\"valueRequired\":true,\"valueName\":\"search_term_string\"}}],\"inLanguage\":\"pt-PT\"}]}<\/script>\n<!-- \/ Yoast SEO plugin. -->","yoast_head_json":{"title":"DETERGENTE P\/ROUPA COR SONETT 1,5LT","robots":{"index":"index","follow":"follow","max-snippet":"max-snippet:-1","max-image-preview":"max-image-preview:large","max-video-preview":"max-video-preview:-1"},"canonical":"https:\/\/www.biocabaz.pt\/web\/en\/produto\/detergente-p-roupa-cor-sonett-15lt\/","og_locale":"pt_PT","og_type":"article","og_title":"[:en]SONETT LAUNDRY LIQUID COLOR 1,5L[:pt]DETERGENTE P\/ROUPA COR SONETT 1,5LT[:] - BIOCABAZ - CABAZES BIOL\u00d3GICOS","og_description":"Descri\u00e7\u00e3o O detergente l\u00edquido para roupas Sonett lava profundamente e \u00e9 suave em cores e roupas escuras. \u00c9 adequado para \u00e1gua de todos os tipos de dureza e n\u00e3o \u00e9 necess\u00e1rio adicionar um amaciador. Indica\u00e7\u00e3o \u00c9 adequado para todos os tecidos de algod\u00e3o, linho, c\u00e2nhamo, microfibra e misturados. Adequado para baixas temperaturas de lavagem. Gra\u00e7as ao uso de citratos e sab\u00e3o em combina\u00e7\u00e3o, n\u00e3o \u00e9 necess\u00e1rio amaciador adicional, independentemente da dureza da \u00e1gua predominante. Composi\u00e7\u00e3o 30%: sab\u00e3o de \u00f3leo de colza, 5-15%: surfactantes de a\u00e7\u00facar, 5-15%: citrato, 1-5% de sulfato de \u00e1lcool graxo de coco, 1-5%: \u00e1lcool vegetal (etanol).Modo de Utiliza\u00e7\u00e3o: Modo de Utiliza\u00e7\u00e3o Recomenda-se a aplica\u00e7\u00e3o em todos os t\u00eaxteis coloridos lav\u00e1veis feitos de algod\u00e3o, linho, c\u00e2nhamo, microfibras como l\u00e3, Softshell\u00ae, Goretex, bem como misturas de tecidos, de 30 a 60 \u00b0 C","og_url":"https:\/\/biocabaz.pt\/web\/produto\/detergente-p-roupa-cor-sonett-15lt\/","og_site_name":"BIOCABAZ - CABAZES BIOL\u00d3GICOS","article_modified_time":"2026-02-04T21:43:11+00:00","og_image":[{"width":500,"height":500,"url":"https:\/\/www.biocabaz.pt\/web\/wp-conteudos\/uploads\/2021\/09\/detergente-p-roupa-cor-sonett-15lt.jpg","type":"image\/jpeg"}],"twitter_card":"summary_large_image","schema":{"@context":"https:\/\/schema.org","@graph":[{"@type":"WebPage","@id":"https:\/\/www.biocabaz.pt\/web\/en\/produto\/detergente-p-roupa-cor-sonett-15lt\/","url":"https:\/\/www.biocabaz.pt\/web\/en\/produto\/detergente-p-roupa-cor-sonett-15lt\/","name":"DETERGENTE P\/ROUPA COR SONETT 1,5LT","isPartOf":{"@id":"https:\/\/biocabaz.pt\/web\/#website"},"primaryImageOfPage":{"@id":"https:\/\/www.biocabaz.pt\/web\/en\/produto\/detergente-p-roupa-cor-sonett-15lt\/#primaryimage"},"image":{"@id":"https:\/\/www.biocabaz.pt\/web\/en\/produto\/detergente-p-roupa-cor-sonett-15lt\/#primaryimage"},"thumbnailUrl":"https:\/\/www.biocabaz.pt\/web\/wp-conteudos\/uploads\/2021\/09\/detergente-p-roupa-cor-sonett-15lt.jpg","datePublished":"2021-09-02T14:27:51+00:00","dateModified":"2026-02-04T21:43:11+00:00","breadcrumb":{"@id":"https:\/\/www.biocabaz.pt\/web\/en\/produto\/detergente-p-roupa-cor-sonett-15lt\/#breadcrumb"},"inLanguage":"pt-PT","potentialAction":[{"@type":"ReadAction","target":["https:\/\/www.biocabaz.pt\/web\/en\/produto\/detergente-p-roupa-cor-sonett-15lt\/"]}]},{"@type":"ImageObject","inLanguage":"pt-PT","@id":"https:\/\/www.biocabaz.pt\/web\/en\/produto\/detergente-p-roupa-cor-sonett-15lt\/#primaryimage","url":"https:\/\/www.biocabaz.pt\/web\/wp-conteudos\/uploads\/2021\/09\/detergente-p-roupa-cor-sonett-15lt.jpg","contentUrl":"https:\/\/www.biocabaz.pt\/web\/wp-conteudos\/uploads\/2021\/09\/detergente-p-roupa-cor-sonett-15lt.jpg","width":500,"height":500,"caption":"DETERGENTE P\/ROUPA COR SONETT 1,5LT"},{"@type":"BreadcrumbList","@id":"https:\/\/www.biocabaz.pt\/web\/en\/produto\/detergente-p-roupa-cor-sonett-15lt\/#breadcrumb","itemListElement":[{"@type":"ListItem","position":1,"name":"Home","item":"https:\/\/biocabaz.pt\/web\/"},{"@type":"ListItem","position":2,"name":"Loja","item":"https:\/\/biocabaz.pt\/web\/shop\/"},{"@type":"ListItem","position":3,"name":"SONETT LAUNDRY LIQUID COLOR 1,5L"}]},{"@type":"WebSite","@id":"https:\/\/biocabaz.pt\/web\/#website","url":"https:\/\/biocabaz.pt\/web\/","name":"BIOCABAZ - CABAZES BIOL\u00d3GICOS","description":"O melhor que a terra d\u00e1 \u00e9 para si","potentialAction":[{"@type":"SearchAction","target":{"@type":"EntryPoint","urlTemplate":"https:\/\/biocabaz.pt\/web\/?s={search_term_string}"},"query-input":{"@type":"PropertyValueSpecification","valueRequired":true,"valueName":"search_term_string"}}],"inLanguage":"pt-PT"}]}},"_links":{"self":[{"href":"https:\/\/biocabaz.pt\/web\/wp-json\/wp\/v2\/product\/75156","targetHints":{"allow":["GET"]}}],"collection":[{"href":"https:\/\/biocabaz.pt\/web\/wp-json\/wp\/v2\/product"}],"about":[{"href":"https:\/\/biocabaz.pt\/web\/wp-json\/wp\/v2\/types\/product"}],"replies":[{"embeddable":true,"href":"https:\/\/biocabaz.pt\/web\/wp-json\/wp\/v2\/comments?post=75156"}],"wp:featuredmedia":[{"embeddable":true,"href":"https:\/\/biocabaz.pt\/web\/wp-json\/wp\/v2\/media\/75157"}],"wp:attachment":[{"href":"https:\/\/biocabaz.pt\/web\/wp-json\/wp\/v2\/media?parent=75156"}],"wp:term":[{"taxonomy":"product_cat","embeddable":true,"href":"https:\/\/biocabaz.pt\/web\/wp-json\/wp\/v2\/product_cat?post=75156"},{"taxonomy":"product_tag","embeddable":true,"href":"https:\/\/biocabaz.pt\/web\/wp-json\/wp\/v2\/product_tag?post=75156"}],"curies":[{"name":"wp","href":"https:\/\/api.w.org\/{rel}","templated":true}]}}