{"id":75154,"date":"2021-09-02T14:15:49","date_gmt":"2021-09-02T14:15:49","guid":{"rendered":"https:\/\/www.biocabaz.pt\/web\/?post_type=product&#038;p=75154"},"modified":"2023-04-17T12:33:45","modified_gmt":"2023-04-17T12:33:45","slug":"amaciador-flores-exoticas-eco-x-1lt","status":"publish","type":"product","link":"https:\/\/biocabaz.pt\/web\/produto\/amaciador-flores-exoticas-eco-x-1lt\/","title":{"rendered":"AMACIADOR FLORES EXOTICAS ECOX 0,85LT"},"content":{"rendered":"","protected":false},"excerpt":{"rendered":"<p>Composi\u00e7\u00e3o: Amaciador ecol\u00f3gico para a roupa 100% biodegrad\u00e1vel. \u00c1gua; Metossulfato de Dioleoiletil Hidroxietilmonio; perfume (Hexil cinamal; butilfenil metilpropional); corante; conservante (1,2-bencisotiazol-3 (2H) -onal).<br \/><b>Modo de Utiliza\u00e7\u00e3o:<\/b> Coloca cerca de 5-8 mL de amaciador roupa na gaveta da m\u00e1quina por cada quilo de roupa seca. Para amaciamento extra podes coloca 10-15ml por cada quilo de roupa seca.<\/p>\n","protected":false},"featured_media":75155,"comment_status":"closed","ping_status":"closed","template":"","meta":[],"product_cat":[98],"product_tag":[],"class_list":["post-75154","product","type-product","status-publish","has-post-thumbnail","hentry","product_cat-roupa"],"bundle_layout":"","bundled_by":[],"bundled_items":[],"yoast_head":"<!-- This site is optimized with the Yoast SEO plugin v26.3 - https:\/\/yoast.com\/wordpress\/plugins\/seo\/ -->\n<title>AMACIADOR FLORES EXOTICAS ECOX 0,85LT<\/title>\n<meta name=\"robots\" content=\"index, follow, max-snippet:-1, max-image-preview:large, max-video-preview:-1\" \/>\n<link rel=\"canonical\" href=\"https:\/\/www.biocabaz.pt\/web\/produto\/amaciador-flores-exoticas-eco-x-1lt\/\" \/>\n<meta property=\"og:locale\" content=\"pt_PT\" \/>\n<meta property=\"og:locale:alternate\" content=\"en_US\" \/>\n<meta property=\"og:type\" content=\"article\" \/>\n<meta property=\"og:title\" content=\"AMACIADOR FLORES EXOTICAS ECOX 0,85LT\" \/>\n<meta property=\"og:description\" content=\"Composi\u00e7\u00e3o: Amaciador ecol\u00f3gico para a roupa 100% biodegrad\u00e1vel. \u00c1gua; Metossulfato de Dioleoiletil Hidroxietilmonio; perfume (Hexil cinamal; butilfenil metilpropional); corante; conservante (1,2-bencisotiazol-3 (2H) -onal).Modo de Utiliza\u00e7\u00e3o: Coloca cerca de 5-8 mL de amaciador roupa na gaveta da m\u00e1quina por cada quilo de roupa seca. Para amaciamento extra podes coloca 10-15ml por cada quilo de roupa seca.\" \/>\n<meta property=\"og:url\" content=\"https:\/\/biocabaz.pt\/web\/produto\/amaciador-flores-exoticas-eco-x-1lt\/\" \/>\n<meta property=\"og:site_name\" content=\"BIOCABAZ - CABAZES BIOL\u00d3GICOS\" \/>\n<meta property=\"article:modified_time\" content=\"2023-04-17T12:33:45+00:00\" \/>\n<meta property=\"og:image\" content=\"https:\/\/www.biocabaz.pt\/web\/wp-conteudos\/uploads\/2021\/09\/amaciador-flores-exoticas-eco-x-1lt.jpg\" \/>\n\t<meta property=\"og:image:width\" content=\"500\" \/>\n\t<meta property=\"og:image:height\" content=\"500\" \/>\n\t<meta property=\"og:image:type\" content=\"image\/jpeg\" \/>\n<meta name=\"twitter:card\" content=\"summary_large_image\" \/>\n<script type=\"application\/ld+json\" class=\"yoast-schema-graph\">{\"@context\":\"https:\/\/schema.org\",\"@graph\":[{\"@type\":\"WebPage\",\"@id\":\"https:\/\/www.biocabaz.pt\/web\/produto\/amaciador-flores-exoticas-eco-x-1lt\/\",\"url\":\"https:\/\/www.biocabaz.pt\/web\/produto\/amaciador-flores-exoticas-eco-x-1lt\/\",\"name\":\"AMACIADOR FLORES EXOTICAS ECOX 0,85LT\",\"isPartOf\":{\"@id\":\"https:\/\/biocabaz.pt\/web\/en\/#website\"},\"primaryImageOfPage\":{\"@id\":\"https:\/\/www.biocabaz.pt\/web\/produto\/amaciador-flores-exoticas-eco-x-1lt\/#primaryimage\"},\"image\":{\"@id\":\"https:\/\/www.biocabaz.pt\/web\/produto\/amaciador-flores-exoticas-eco-x-1lt\/#primaryimage\"},\"thumbnailUrl\":\"https:\/\/www.biocabaz.pt\/web\/wp-conteudos\/uploads\/2021\/09\/amaciador-flores-exoticas-eco-x-1lt.jpg\",\"datePublished\":\"2021-09-02T14:15:49+00:00\",\"dateModified\":\"2023-04-17T12:33:45+00:00\",\"breadcrumb\":{\"@id\":\"https:\/\/www.biocabaz.pt\/web\/produto\/amaciador-flores-exoticas-eco-x-1lt\/#breadcrumb\"},\"inLanguage\":\"pt-PT\",\"potentialAction\":[{\"@type\":\"ReadAction\",\"target\":[\"https:\/\/www.biocabaz.pt\/web\/produto\/amaciador-flores-exoticas-eco-x-1lt\/\"]}]},{\"@type\":\"ImageObject\",\"inLanguage\":\"pt-PT\",\"@id\":\"https:\/\/www.biocabaz.pt\/web\/produto\/amaciador-flores-exoticas-eco-x-1lt\/#primaryimage\",\"url\":\"https:\/\/www.biocabaz.pt\/web\/wp-conteudos\/uploads\/2021\/09\/amaciador-flores-exoticas-eco-x-1lt.jpg\",\"contentUrl\":\"https:\/\/www.biocabaz.pt\/web\/wp-conteudos\/uploads\/2021\/09\/amaciador-flores-exoticas-eco-x-1lt.jpg\",\"width\":500,\"height\":500,\"caption\":\"AMACIADOR FLORES EXOTICAS ECO X 1LT\"},{\"@type\":\"BreadcrumbList\",\"@id\":\"https:\/\/www.biocabaz.pt\/web\/produto\/amaciador-flores-exoticas-eco-x-1lt\/#breadcrumb\",\"itemListElement\":[{\"@type\":\"ListItem\",\"position\":1,\"name\":\"Home\",\"item\":\"https:\/\/biocabaz.pt\/web\/en\/\"},{\"@type\":\"ListItem\",\"position\":2,\"name\":\"Shop\",\"item\":\"https:\/\/biocabaz.pt\/web\/en\/shop\/\"},{\"@type\":\"ListItem\",\"position\":3,\"name\":\"AMACIADOR FLORES EXOTICAS ECOX 0,85LT\"}]},{\"@type\":\"WebSite\",\"@id\":\"https:\/\/biocabaz.pt\/web\/en\/#website\",\"url\":\"https:\/\/biocabaz.pt\/web\/en\/\",\"name\":\"BIOCABAZ - CABAZES BIOL\u00d3GICOS\",\"description\":\"O melhor que a terra d\u00e1 \u00e9 para si\",\"potentialAction\":[{\"@type\":\"SearchAction\",\"target\":{\"@type\":\"EntryPoint\",\"urlTemplate\":\"https:\/\/biocabaz.pt\/web\/en\/?s={search_term_string}\"},\"query-input\":{\"@type\":\"PropertyValueSpecification\",\"valueRequired\":true,\"valueName\":\"search_term_string\"}}],\"inLanguage\":\"pt-PT\"}]}<\/script>\n<!-- \/ Yoast SEO plugin. -->","yoast_head_json":{"title":"AMACIADOR FLORES EXOTICAS ECOX 0,85LT","robots":{"index":"index","follow":"follow","max-snippet":"max-snippet:-1","max-image-preview":"max-image-preview:large","max-video-preview":"max-video-preview:-1"},"canonical":"https:\/\/www.biocabaz.pt\/web\/produto\/amaciador-flores-exoticas-eco-x-1lt\/","og_locale":"pt_PT","og_type":"article","og_title":"[:en]ECO X EXOTIC FLOWERS SOFTENER 1L[:pt]AMACIADOR FLORES EXOTICAS ECOX 0,85LT[:] - BIOCABAZ - CABAZES BIOL\u00d3GICOS","og_description":"Composi\u00e7\u00e3o: Amaciador ecol\u00f3gico para a roupa 100% biodegrad\u00e1vel. \u00c1gua; Metossulfato de Dioleoiletil Hidroxietilmonio; perfume (Hexil cinamal; butilfenil metilpropional); corante; conservante (1,2-bencisotiazol-3 (2H) -onal).Modo de Utiliza\u00e7\u00e3o: Coloca cerca de 5-8 mL de amaciador roupa na gaveta da m\u00e1quina por cada quilo de roupa seca. Para amaciamento extra podes coloca 10-15ml por cada quilo de roupa seca.","og_url":"https:\/\/biocabaz.pt\/web\/produto\/amaciador-flores-exoticas-eco-x-1lt\/","og_site_name":"BIOCABAZ - CABAZES BIOL\u00d3GICOS","article_modified_time":"2023-04-17T12:33:45+00:00","og_image":[{"width":500,"height":500,"url":"https:\/\/www.biocabaz.pt\/web\/wp-conteudos\/uploads\/2021\/09\/amaciador-flores-exoticas-eco-x-1lt.jpg","type":"image\/jpeg"}],"twitter_card":"summary_large_image","schema":{"@context":"https:\/\/schema.org","@graph":[{"@type":"WebPage","@id":"https:\/\/www.biocabaz.pt\/web\/produto\/amaciador-flores-exoticas-eco-x-1lt\/","url":"https:\/\/www.biocabaz.pt\/web\/produto\/amaciador-flores-exoticas-eco-x-1lt\/","name":"AMACIADOR FLORES EXOTICAS ECOX 0,85LT","isPartOf":{"@id":"https:\/\/biocabaz.pt\/web\/en\/#website"},"primaryImageOfPage":{"@id":"https:\/\/www.biocabaz.pt\/web\/produto\/amaciador-flores-exoticas-eco-x-1lt\/#primaryimage"},"image":{"@id":"https:\/\/www.biocabaz.pt\/web\/produto\/amaciador-flores-exoticas-eco-x-1lt\/#primaryimage"},"thumbnailUrl":"https:\/\/www.biocabaz.pt\/web\/wp-conteudos\/uploads\/2021\/09\/amaciador-flores-exoticas-eco-x-1lt.jpg","datePublished":"2021-09-02T14:15:49+00:00","dateModified":"2023-04-17T12:33:45+00:00","breadcrumb":{"@id":"https:\/\/www.biocabaz.pt\/web\/produto\/amaciador-flores-exoticas-eco-x-1lt\/#breadcrumb"},"inLanguage":"pt-PT","potentialAction":[{"@type":"ReadAction","target":["https:\/\/www.biocabaz.pt\/web\/produto\/amaciador-flores-exoticas-eco-x-1lt\/"]}]},{"@type":"ImageObject","inLanguage":"pt-PT","@id":"https:\/\/www.biocabaz.pt\/web\/produto\/amaciador-flores-exoticas-eco-x-1lt\/#primaryimage","url":"https:\/\/www.biocabaz.pt\/web\/wp-conteudos\/uploads\/2021\/09\/amaciador-flores-exoticas-eco-x-1lt.jpg","contentUrl":"https:\/\/www.biocabaz.pt\/web\/wp-conteudos\/uploads\/2021\/09\/amaciador-flores-exoticas-eco-x-1lt.jpg","width":500,"height":500,"caption":"AMACIADOR FLORES EXOTICAS ECO X 1LT"},{"@type":"BreadcrumbList","@id":"https:\/\/www.biocabaz.pt\/web\/produto\/amaciador-flores-exoticas-eco-x-1lt\/#breadcrumb","itemListElement":[{"@type":"ListItem","position":1,"name":"Home","item":"https:\/\/biocabaz.pt\/web\/en\/"},{"@type":"ListItem","position":2,"name":"Shop","item":"https:\/\/biocabaz.pt\/web\/en\/shop\/"},{"@type":"ListItem","position":3,"name":"AMACIADOR FLORES EXOTICAS ECOX 0,85LT"}]},{"@type":"WebSite","@id":"https:\/\/biocabaz.pt\/web\/en\/#website","url":"https:\/\/biocabaz.pt\/web\/en\/","name":"BIOCABAZ - CABAZES BIOL\u00d3GICOS","description":"O melhor que a terra d\u00e1 \u00e9 para si","potentialAction":[{"@type":"SearchAction","target":{"@type":"EntryPoint","urlTemplate":"https:\/\/biocabaz.pt\/web\/en\/?s={search_term_string}"},"query-input":{"@type":"PropertyValueSpecification","valueRequired":true,"valueName":"search_term_string"}}],"inLanguage":"pt-PT"}]}},"_links":{"self":[{"href":"https:\/\/biocabaz.pt\/web\/wp-json\/wp\/v2\/product\/75154","targetHints":{"allow":["GET"]}}],"collection":[{"href":"https:\/\/biocabaz.pt\/web\/wp-json\/wp\/v2\/product"}],"about":[{"href":"https:\/\/biocabaz.pt\/web\/wp-json\/wp\/v2\/types\/product"}],"replies":[{"embeddable":true,"href":"https:\/\/biocabaz.pt\/web\/wp-json\/wp\/v2\/comments?post=75154"}],"wp:featuredmedia":[{"embeddable":true,"href":"https:\/\/biocabaz.pt\/web\/wp-json\/wp\/v2\/media\/75155"}],"wp:attachment":[{"href":"https:\/\/biocabaz.pt\/web\/wp-json\/wp\/v2\/media?parent=75154"}],"wp:term":[{"taxonomy":"product_cat","embeddable":true,"href":"https:\/\/biocabaz.pt\/web\/wp-json\/wp\/v2\/product_cat?post=75154"},{"taxonomy":"product_tag","embeddable":true,"href":"https:\/\/biocabaz.pt\/web\/wp-json\/wp\/v2\/product_tag?post=75154"}],"curies":[{"name":"wp","href":"https:\/\/api.w.org\/{rel}","templated":true}]}}