{"id":74852,"date":"2021-08-26T17:38:59","date_gmt":"2021-08-26T17:38:59","guid":{"rendered":"https:\/\/www.biocabaz.pt\/web\/?post_type=product&#038;p=74852"},"modified":"2024-07-23T20:03:32","modified_gmt":"2024-07-23T20:03:32","slug":"detergente-para-chao-de-madeira-05ml-sonett","status":"publish","type":"product","link":"https:\/\/biocabaz.pt\/web\/produto\/detergente-para-chao-de-madeira-05ml-sonett\/","title":{"rendered":"DETERGENTE PARA CHAO DE MADEIRA 0,5ML SONETT"},"content":{"rendered":"","protected":false},"excerpt":{"rendered":"<p>Descri\u00e7\u00e3o<br \/>\nA Sonett Floor Wax protege e nutre os pisos envernizados e encerados com cera natural. Adequado para ladrilhos, pisos de pedra natural, madeira, corti\u00e7a, parquet, piso, lin\u00f3leo e pisos sint\u00e9ticos.<br \/><b>Modo de Utiliza\u00e7\u00e3o:<\/b> Modo de Utiliza\u00e7\u00e3o<br \/>\nRecomenda-se adicionar o l\u00edquido de limpeza do ch\u00e3o a 5 litros de \u00e1gua morna usando o copo de medi\u00e7\u00e3o anexado para dosagem.<\/p>\n<p>Precau\u00e7\u00f5es<br \/>\nO l\u00edquido de encerar o ch\u00e3o n\u00e3o deve ser usado sem diluir. Agite bem antes de usar. Pode escurecer a madeira n\u00e3o tratada, tente em um local adequado antes do uso.<br \/><\/p>\n","protected":false},"featured_media":74853,"comment_status":"closed","ping_status":"closed","template":"","meta":[],"product_cat":[97],"product_tag":[],"class_list":["post-74852","product","type-product","status-publish","has-post-thumbnail","hentry","product_cat-casa-e-cozinha"],"bundle_layout":"","bundled_by":[],"bundled_items":[],"yoast_head":"<!-- This site is optimized with the Yoast SEO plugin v26.3 - https:\/\/yoast.com\/wordpress\/plugins\/seo\/ -->\n<title>DETERGENTE PARA CHAO DE MADEIRA 0,5ML SONETT<\/title>\n<meta name=\"robots\" content=\"index, follow, max-snippet:-1, max-image-preview:large, max-video-preview:-1\" \/>\n<link rel=\"canonical\" href=\"https:\/\/www.biocabaz.pt\/web\/en\/produto\/detergente-para-chao-de-madeira-05ml-sonett\/\" \/>\n<meta property=\"og:locale\" content=\"pt_PT\" \/>\n<meta property=\"og:locale:alternate\" content=\"en_US\" \/>\n<meta property=\"og:type\" content=\"article\" \/>\n<meta property=\"og:title\" content=\"DETERGENTE PARA CHAO DE MADEIRA 0,5ML SONETT\" \/>\n<meta property=\"og:description\" content=\"Descri\u00e7\u00e3o A Sonett Floor Wax protege e nutre os pisos envernizados e encerados com cera natural. Adequado para ladrilhos, pisos de pedra natural, madeira, corti\u00e7a, parquet, piso, lin\u00f3leo e pisos sint\u00e9ticos.Modo de Utiliza\u00e7\u00e3o: Modo de Utiliza\u00e7\u00e3o Recomenda-se adicionar o l\u00edquido de limpeza do ch\u00e3o a 5 litros de \u00e1gua morna usando o copo de medi\u00e7\u00e3o anexado para dosagem. Precau\u00e7\u00f5es O l\u00edquido de encerar o ch\u00e3o n\u00e3o deve ser usado sem diluir. Agite bem antes de usar. Pode escurecer a madeira n\u00e3o tratada, tente em um local adequado antes do uso.\" \/>\n<meta property=\"og:url\" content=\"https:\/\/biocabaz.pt\/web\/produto\/detergente-para-chao-de-madeira-05ml-sonett\/\" \/>\n<meta property=\"og:site_name\" content=\"BIOCABAZ - CABAZES BIOL\u00d3GICOS\" \/>\n<meta property=\"article:modified_time\" content=\"2024-07-23T20:03:32+00:00\" \/>\n<meta property=\"og:image\" content=\"https:\/\/www.biocabaz.pt\/web\/wp-conteudos\/uploads\/2021\/08\/detergente-para-chao-de-madeira-05ml-sonett.jpg\" \/>\n\t<meta property=\"og:image:width\" content=\"600\" \/>\n\t<meta property=\"og:image:height\" content=\"713\" \/>\n\t<meta property=\"og:image:type\" content=\"image\/jpeg\" \/>\n<meta name=\"twitter:card\" content=\"summary_large_image\" \/>\n<script type=\"application\/ld+json\" class=\"yoast-schema-graph\">{\"@context\":\"https:\/\/schema.org\",\"@graph\":[{\"@type\":\"WebPage\",\"@id\":\"https:\/\/www.biocabaz.pt\/web\/en\/produto\/detergente-para-chao-de-madeira-05ml-sonett\/\",\"url\":\"https:\/\/www.biocabaz.pt\/web\/en\/produto\/detergente-para-chao-de-madeira-05ml-sonett\/\",\"name\":\"DETERGENTE PARA CHAO DE MADEIRA 0,5ML SONETT\",\"isPartOf\":{\"@id\":\"https:\/\/biocabaz.pt\/web\/en\/#website\"},\"primaryImageOfPage\":{\"@id\":\"https:\/\/www.biocabaz.pt\/web\/en\/produto\/detergente-para-chao-de-madeira-05ml-sonett\/#primaryimage\"},\"image\":{\"@id\":\"https:\/\/www.biocabaz.pt\/web\/en\/produto\/detergente-para-chao-de-madeira-05ml-sonett\/#primaryimage\"},\"thumbnailUrl\":\"https:\/\/www.biocabaz.pt\/web\/wp-conteudos\/uploads\/2021\/08\/detergente-para-chao-de-madeira-05ml-sonett.jpg\",\"datePublished\":\"2021-08-26T17:38:59+00:00\",\"dateModified\":\"2024-07-23T20:03:32+00:00\",\"breadcrumb\":{\"@id\":\"https:\/\/www.biocabaz.pt\/web\/en\/produto\/detergente-para-chao-de-madeira-05ml-sonett\/#breadcrumb\"},\"inLanguage\":\"pt-PT\",\"potentialAction\":[{\"@type\":\"ReadAction\",\"target\":[\"https:\/\/www.biocabaz.pt\/web\/en\/produto\/detergente-para-chao-de-madeira-05ml-sonett\/\"]}]},{\"@type\":\"ImageObject\",\"inLanguage\":\"pt-PT\",\"@id\":\"https:\/\/www.biocabaz.pt\/web\/en\/produto\/detergente-para-chao-de-madeira-05ml-sonett\/#primaryimage\",\"url\":\"https:\/\/www.biocabaz.pt\/web\/wp-conteudos\/uploads\/2021\/08\/detergente-para-chao-de-madeira-05ml-sonett.jpg\",\"contentUrl\":\"https:\/\/www.biocabaz.pt\/web\/wp-conteudos\/uploads\/2021\/08\/detergente-para-chao-de-madeira-05ml-sonett.jpg\",\"width\":600,\"height\":713,\"caption\":\"DETERGENTE PARA CHAO DE MADEIRA 0,5ML SONETT\"},{\"@type\":\"BreadcrumbList\",\"@id\":\"https:\/\/www.biocabaz.pt\/web\/en\/produto\/detergente-para-chao-de-madeira-05ml-sonett\/#breadcrumb\",\"itemListElement\":[{\"@type\":\"ListItem\",\"position\":1,\"name\":\"Home\",\"item\":\"https:\/\/biocabaz.pt\/web\/en\/\"},{\"@type\":\"ListItem\",\"position\":2,\"name\":\"Shop\",\"item\":\"https:\/\/biocabaz.pt\/web\/en\/shop\/\"},{\"@type\":\"ListItem\",\"position\":3,\"name\":\"SONETT FLOOR MOPPING FLUID 0,5ML\"}]},{\"@type\":\"WebSite\",\"@id\":\"https:\/\/biocabaz.pt\/web\/en\/#website\",\"url\":\"https:\/\/biocabaz.pt\/web\/en\/\",\"name\":\"BIOCABAZ - CABAZES BIOL\u00d3GICOS\",\"description\":\"O melhor que a terra d\u00e1 \u00e9 para si\",\"potentialAction\":[{\"@type\":\"SearchAction\",\"target\":{\"@type\":\"EntryPoint\",\"urlTemplate\":\"https:\/\/biocabaz.pt\/web\/en\/?s={search_term_string}\"},\"query-input\":{\"@type\":\"PropertyValueSpecification\",\"valueRequired\":true,\"valueName\":\"search_term_string\"}}],\"inLanguage\":\"pt-PT\"}]}<\/script>\n<!-- \/ Yoast SEO plugin. -->","yoast_head_json":{"title":"DETERGENTE PARA CHAO DE MADEIRA 0,5ML SONETT","robots":{"index":"index","follow":"follow","max-snippet":"max-snippet:-1","max-image-preview":"max-image-preview:large","max-video-preview":"max-video-preview:-1"},"canonical":"https:\/\/www.biocabaz.pt\/web\/en\/produto\/detergente-para-chao-de-madeira-05ml-sonett\/","og_locale":"pt_PT","og_type":"article","og_title":"[:en]SONETT FLOOR MOPPING FLUID 0,5ML[:pt]DETERGENTE PARA CHAO DE MADEIRA 0,5ML SONETT[:] - BIOCABAZ - CABAZES BIOL\u00d3GICOS","og_description":"Descri\u00e7\u00e3o A Sonett Floor Wax protege e nutre os pisos envernizados e encerados com cera natural. Adequado para ladrilhos, pisos de pedra natural, madeira, corti\u00e7a, parquet, piso, lin\u00f3leo e pisos sint\u00e9ticos.Modo de Utiliza\u00e7\u00e3o: Modo de Utiliza\u00e7\u00e3o Recomenda-se adicionar o l\u00edquido de limpeza do ch\u00e3o a 5 litros de \u00e1gua morna usando o copo de medi\u00e7\u00e3o anexado para dosagem. Precau\u00e7\u00f5es O l\u00edquido de encerar o ch\u00e3o n\u00e3o deve ser usado sem diluir. Agite bem antes de usar. Pode escurecer a madeira n\u00e3o tratada, tente em um local adequado antes do uso.","og_url":"https:\/\/biocabaz.pt\/web\/produto\/detergente-para-chao-de-madeira-05ml-sonett\/","og_site_name":"BIOCABAZ - CABAZES BIOL\u00d3GICOS","article_modified_time":"2024-07-23T20:03:32+00:00","og_image":[{"width":600,"height":713,"url":"https:\/\/www.biocabaz.pt\/web\/wp-conteudos\/uploads\/2021\/08\/detergente-para-chao-de-madeira-05ml-sonett.jpg","type":"image\/jpeg"}],"twitter_card":"summary_large_image","schema":{"@context":"https:\/\/schema.org","@graph":[{"@type":"WebPage","@id":"https:\/\/www.biocabaz.pt\/web\/en\/produto\/detergente-para-chao-de-madeira-05ml-sonett\/","url":"https:\/\/www.biocabaz.pt\/web\/en\/produto\/detergente-para-chao-de-madeira-05ml-sonett\/","name":"DETERGENTE PARA CHAO DE MADEIRA 0,5ML SONETT","isPartOf":{"@id":"https:\/\/biocabaz.pt\/web\/en\/#website"},"primaryImageOfPage":{"@id":"https:\/\/www.biocabaz.pt\/web\/en\/produto\/detergente-para-chao-de-madeira-05ml-sonett\/#primaryimage"},"image":{"@id":"https:\/\/www.biocabaz.pt\/web\/en\/produto\/detergente-para-chao-de-madeira-05ml-sonett\/#primaryimage"},"thumbnailUrl":"https:\/\/www.biocabaz.pt\/web\/wp-conteudos\/uploads\/2021\/08\/detergente-para-chao-de-madeira-05ml-sonett.jpg","datePublished":"2021-08-26T17:38:59+00:00","dateModified":"2024-07-23T20:03:32+00:00","breadcrumb":{"@id":"https:\/\/www.biocabaz.pt\/web\/en\/produto\/detergente-para-chao-de-madeira-05ml-sonett\/#breadcrumb"},"inLanguage":"pt-PT","potentialAction":[{"@type":"ReadAction","target":["https:\/\/www.biocabaz.pt\/web\/en\/produto\/detergente-para-chao-de-madeira-05ml-sonett\/"]}]},{"@type":"ImageObject","inLanguage":"pt-PT","@id":"https:\/\/www.biocabaz.pt\/web\/en\/produto\/detergente-para-chao-de-madeira-05ml-sonett\/#primaryimage","url":"https:\/\/www.biocabaz.pt\/web\/wp-conteudos\/uploads\/2021\/08\/detergente-para-chao-de-madeira-05ml-sonett.jpg","contentUrl":"https:\/\/www.biocabaz.pt\/web\/wp-conteudos\/uploads\/2021\/08\/detergente-para-chao-de-madeira-05ml-sonett.jpg","width":600,"height":713,"caption":"DETERGENTE PARA CHAO DE MADEIRA 0,5ML SONETT"},{"@type":"BreadcrumbList","@id":"https:\/\/www.biocabaz.pt\/web\/en\/produto\/detergente-para-chao-de-madeira-05ml-sonett\/#breadcrumb","itemListElement":[{"@type":"ListItem","position":1,"name":"Home","item":"https:\/\/biocabaz.pt\/web\/en\/"},{"@type":"ListItem","position":2,"name":"Shop","item":"https:\/\/biocabaz.pt\/web\/en\/shop\/"},{"@type":"ListItem","position":3,"name":"SONETT FLOOR MOPPING FLUID 0,5ML"}]},{"@type":"WebSite","@id":"https:\/\/biocabaz.pt\/web\/en\/#website","url":"https:\/\/biocabaz.pt\/web\/en\/","name":"BIOCABAZ - CABAZES BIOL\u00d3GICOS","description":"O melhor que a terra d\u00e1 \u00e9 para si","potentialAction":[{"@type":"SearchAction","target":{"@type":"EntryPoint","urlTemplate":"https:\/\/biocabaz.pt\/web\/en\/?s={search_term_string}"},"query-input":{"@type":"PropertyValueSpecification","valueRequired":true,"valueName":"search_term_string"}}],"inLanguage":"pt-PT"}]}},"_links":{"self":[{"href":"https:\/\/biocabaz.pt\/web\/wp-json\/wp\/v2\/product\/74852","targetHints":{"allow":["GET"]}}],"collection":[{"href":"https:\/\/biocabaz.pt\/web\/wp-json\/wp\/v2\/product"}],"about":[{"href":"https:\/\/biocabaz.pt\/web\/wp-json\/wp\/v2\/types\/product"}],"replies":[{"embeddable":true,"href":"https:\/\/biocabaz.pt\/web\/wp-json\/wp\/v2\/comments?post=74852"}],"wp:featuredmedia":[{"embeddable":true,"href":"https:\/\/biocabaz.pt\/web\/wp-json\/wp\/v2\/media\/74853"}],"wp:attachment":[{"href":"https:\/\/biocabaz.pt\/web\/wp-json\/wp\/v2\/media?parent=74852"}],"wp:term":[{"taxonomy":"product_cat","embeddable":true,"href":"https:\/\/biocabaz.pt\/web\/wp-json\/wp\/v2\/product_cat?post=74852"},{"taxonomy":"product_tag","embeddable":true,"href":"https:\/\/biocabaz.pt\/web\/wp-json\/wp\/v2\/product_tag?post=74852"}],"curies":[{"name":"wp","href":"https:\/\/api.w.org\/{rel}","templated":true}]}}