{"id":74848,"date":"2021-08-26T17:30:37","date_gmt":"2021-08-26T17:30:37","guid":{"rendered":"https:\/\/www.biocabaz.pt\/web\/?post_type=product&#038;p=74848"},"modified":"2026-02-04T21:43:52","modified_gmt":"2026-02-04T21:43:52","slug":"detergente-multi-usos-sonett-1lt","status":"publish","type":"product","link":"https:\/\/biocabaz.pt\/web\/produto\/detergente-multi-usos-sonett-1lt\/","title":{"rendered":"DETERGENTE MULTI USOS SONETT 1LT"},"content":{"rendered":"","protected":false},"excerpt":{"rendered":"<p>Descri\u00e7\u00e3o<br \/>\nO limpador universal Sonett possui excelentes propriedades de dissolu\u00e7\u00e3o de sujidade. O \u00f3leo de casca de laranja aprimora e intensifica ainda mais o desempenho de dissolu\u00e7\u00e3o de gordura.<\/p>\n<p>Indica\u00e7\u00e3o<br \/>\nAs subst\u00e2ncias de lavagem ativas utilizadas exibem excepcionalmente boa toler\u00e2ncia \u00e0 pele. Como todos os nossos produtos, o limpador multiuso \u00e9 altamente concentrado, tornando-o extremamente econ\u00f3mico. Composi\u00e7\u00e3o<br \/>\n\u00d3leo essencial de capim-lim\u00e3o, capim-lim\u00e3o, laranja, \u00f3leo essencial de laranja doce, \u00f3leo essencial de Cymbopogon citratus \/ Cana-de-lim\u00e3o \/ Capim-lim\u00e3o \/ Erva-cidreira \/ Capim-lim\u00e3o \/ Capim-lim\u00e3o \/ Ch\u00e1 de lim\u00e3o \/ Cana-de-santa \/ Capim-lim\u00e3o .<br \/><b>Modo de Utiliza\u00e7\u00e3o:<\/b> Modo de Utiliza\u00e7\u00e3o<br \/>\nComo dosagem, recomenda-se usar na esfregona: encha com \u00e1gua e adicione 5 a 10 ml de limpador multiuso a cada 10 litros de \u00e1gua, dependendo do grau de sujeira. Sem diluir, aplique algumas gotas em uma esponja ou pano \u00famido. Para a limpeza das janelas, encha a \u00e1gua e adicione 5 ml por cada 5 litros de \u00e1gua. Use esponja e rodo.<\/p>\n<p>Precau\u00e7\u00f5es<br \/>\nCont\u00e9m terpenos de \u00f3leo de laranja. Pode causar uma rea\u00e7\u00e3o al\u00e9rgica. Em temperaturas abaixo de 10 \u00b0 C, o produto muda e se torna um pouco mais s\u00f3lido e esbranqui\u00e7ado; uma fase que passar\u00e1, no entanto, quando o produto for exposto ao calor e levemente agitado, se necess\u00e1rio.<\/p>\n","protected":false},"featured_media":74849,"comment_status":"closed","ping_status":"closed","template":"","meta":[],"product_cat":[97],"product_tag":[],"class_list":["post-74848","product","type-product","status-publish","has-post-thumbnail","hentry","product_cat-casa-e-cozinha"],"bundle_layout":"","bundled_by":[],"bundled_items":[],"yoast_head":"<!-- This site is optimized with the Yoast SEO plugin v26.3 - https:\/\/yoast.com\/wordpress\/plugins\/seo\/ -->\n<title>DETERGENTE MULTI USOS SONETT 1LT<\/title>\n<meta name=\"robots\" content=\"index, follow, max-snippet:-1, max-image-preview:large, max-video-preview:-1\" \/>\n<link rel=\"canonical\" href=\"https:\/\/biocabaz.pt\/web\/produto\/detergente-multi-usos-sonett-1lt\/\" \/>\n<meta property=\"og:locale\" content=\"pt_PT\" \/>\n<meta property=\"og:locale:alternate\" content=\"en_US\" \/>\n<meta property=\"og:type\" content=\"article\" \/>\n<meta property=\"og:title\" content=\"DETERGENTE MULTI USOS SONETT 1LT\" \/>\n<meta property=\"og:description\" content=\"Descri\u00e7\u00e3o O limpador universal Sonett possui excelentes propriedades de dissolu\u00e7\u00e3o de sujidade. O \u00f3leo de casca de laranja aprimora e intensifica ainda mais o desempenho de dissolu\u00e7\u00e3o de gordura. Indica\u00e7\u00e3o As subst\u00e2ncias de lavagem ativas utilizadas exibem excepcionalmente boa toler\u00e2ncia \u00e0 pele. Como todos os nossos produtos, o limpador multiuso \u00e9 altamente concentrado, tornando-o extremamente econ\u00f3mico. Composi\u00e7\u00e3o \u00d3leo essencial de capim-lim\u00e3o, capim-lim\u00e3o, laranja, \u00f3leo essencial de laranja doce, \u00f3leo essencial de Cymbopogon citratus \/ Cana-de-lim\u00e3o \/ Capim-lim\u00e3o \/ Erva-cidreira \/ Capim-lim\u00e3o \/ Capim-lim\u00e3o \/ Ch\u00e1 de lim\u00e3o \/ Cana-de-santa \/ Capim-lim\u00e3o .Modo de Utiliza\u00e7\u00e3o: Modo de Utiliza\u00e7\u00e3o Como dosagem, recomenda-se usar na esfregona: encha com \u00e1gua e adicione 5 a 10 ml de limpador multiuso a cada 10 litros de \u00e1gua, dependendo do grau de sujeira. Sem diluir, aplique algumas gotas em uma esponja ou pano \u00famido. Para a limpeza das janelas, encha a \u00e1gua e adicione 5 ml por cada 5 litros de \u00e1gua. Use esponja e rodo. Precau\u00e7\u00f5es Cont\u00e9m terpenos de \u00f3leo de laranja. Pode causar uma rea\u00e7\u00e3o al\u00e9rgica. Em temperaturas abaixo de 10 \u00b0 C, o produto muda e se torna um pouco mais s\u00f3lido e esbranqui\u00e7ado; uma fase que passar\u00e1, no entanto, quando o produto for exposto ao calor e levemente agitado, se necess\u00e1rio.\" \/>\n<meta property=\"og:url\" content=\"https:\/\/biocabaz.pt\/web\/produto\/detergente-multi-usos-sonett-1lt\/\" \/>\n<meta property=\"og:site_name\" content=\"BIOCABAZ - CABAZES BIOL\u00d3GICOS\" \/>\n<meta property=\"article:modified_time\" content=\"2026-02-04T21:43:52+00:00\" \/>\n<meta property=\"og:image\" content=\"https:\/\/www.biocabaz.pt\/web\/wp-conteudos\/uploads\/2021\/08\/detergente-multi-usos-sonett-1lt-e1629999013328.jpg\" \/>\n\t<meta property=\"og:image:width\" content=\"240\" \/>\n\t<meta property=\"og:image:height\" content=\"713\" \/>\n\t<meta property=\"og:image:type\" content=\"image\/jpeg\" \/>\n<meta name=\"twitter:card\" content=\"summary_large_image\" \/>\n<script type=\"application\/ld+json\" class=\"yoast-schema-graph\">{\"@context\":\"https:\/\/schema.org\",\"@graph\":[{\"@type\":\"WebPage\",\"@id\":\"https:\/\/biocabaz.pt\/web\/produto\/detergente-multi-usos-sonett-1lt\/\",\"url\":\"https:\/\/biocabaz.pt\/web\/produto\/detergente-multi-usos-sonett-1lt\/\",\"name\":\"DETERGENTE MULTI USOS SONETT 1LT\",\"isPartOf\":{\"@id\":\"https:\/\/biocabaz.pt\/web\/#website\"},\"primaryImageOfPage\":{\"@id\":\"https:\/\/biocabaz.pt\/web\/produto\/detergente-multi-usos-sonett-1lt\/#primaryimage\"},\"image\":{\"@id\":\"https:\/\/biocabaz.pt\/web\/produto\/detergente-multi-usos-sonett-1lt\/#primaryimage\"},\"thumbnailUrl\":\"https:\/\/www.biocabaz.pt\/web\/wp-conteudos\/uploads\/2021\/08\/detergente-multi-usos-sonett-1lt-e1629999013328.jpg\",\"datePublished\":\"2021-08-26T17:30:37+00:00\",\"dateModified\":\"2026-02-04T21:43:52+00:00\",\"breadcrumb\":{\"@id\":\"https:\/\/biocabaz.pt\/web\/produto\/detergente-multi-usos-sonett-1lt\/#breadcrumb\"},\"inLanguage\":\"pt-PT\",\"potentialAction\":[{\"@type\":\"ReadAction\",\"target\":[\"https:\/\/biocabaz.pt\/web\/produto\/detergente-multi-usos-sonett-1lt\/\"]}]},{\"@type\":\"ImageObject\",\"inLanguage\":\"pt-PT\",\"@id\":\"https:\/\/biocabaz.pt\/web\/produto\/detergente-multi-usos-sonett-1lt\/#primaryimage\",\"url\":\"https:\/\/www.biocabaz.pt\/web\/wp-conteudos\/uploads\/2021\/08\/detergente-multi-usos-sonett-1lt-e1629999013328.jpg\",\"contentUrl\":\"https:\/\/www.biocabaz.pt\/web\/wp-conteudos\/uploads\/2021\/08\/detergente-multi-usos-sonett-1lt-e1629999013328.jpg\",\"width\":240,\"height\":713,\"caption\":\"DETERGENTE MULTI USOS SONETT 1LT\"},{\"@type\":\"BreadcrumbList\",\"@id\":\"https:\/\/biocabaz.pt\/web\/produto\/detergente-multi-usos-sonett-1lt\/#breadcrumb\",\"itemListElement\":[{\"@type\":\"ListItem\",\"position\":1,\"name\":\"Home\",\"item\":\"https:\/\/biocabaz.pt\/web\/\"},{\"@type\":\"ListItem\",\"position\":2,\"name\":\"Loja\",\"item\":\"https:\/\/biocabaz.pt\/web\/shop\/\"},{\"@type\":\"ListItem\",\"position\":3,\"name\":\"DETERGENTE MULTI USOS SONETT 1LT\"}]},{\"@type\":\"WebSite\",\"@id\":\"https:\/\/biocabaz.pt\/web\/#website\",\"url\":\"https:\/\/biocabaz.pt\/web\/\",\"name\":\"BIOCABAZ - CABAZES BIOL\u00d3GICOS\",\"description\":\"O melhor que a terra d\u00e1 \u00e9 para si\",\"potentialAction\":[{\"@type\":\"SearchAction\",\"target\":{\"@type\":\"EntryPoint\",\"urlTemplate\":\"https:\/\/biocabaz.pt\/web\/?s={search_term_string}\"},\"query-input\":{\"@type\":\"PropertyValueSpecification\",\"valueRequired\":true,\"valueName\":\"search_term_string\"}}],\"inLanguage\":\"pt-PT\"}]}<\/script>\n<!-- \/ Yoast SEO plugin. -->","yoast_head_json":{"title":"DETERGENTE MULTI USOS SONETT 1LT","robots":{"index":"index","follow":"follow","max-snippet":"max-snippet:-1","max-image-preview":"max-image-preview:large","max-video-preview":"max-video-preview:-1"},"canonical":"https:\/\/biocabaz.pt\/web\/produto\/detergente-multi-usos-sonett-1lt\/","og_locale":"pt_PT","og_type":"article","og_title":"[:en]SONETT ALL-PURPOSE CLEANER 1L[:pt]DETERGENTE MULTI USOS SONETT 1LT[:] - BIOCABAZ - CABAZES BIOL\u00d3GICOS","og_description":"Descri\u00e7\u00e3o O limpador universal Sonett possui excelentes propriedades de dissolu\u00e7\u00e3o de sujidade. O \u00f3leo de casca de laranja aprimora e intensifica ainda mais o desempenho de dissolu\u00e7\u00e3o de gordura. Indica\u00e7\u00e3o As subst\u00e2ncias de lavagem ativas utilizadas exibem excepcionalmente boa toler\u00e2ncia \u00e0 pele. Como todos os nossos produtos, o limpador multiuso \u00e9 altamente concentrado, tornando-o extremamente econ\u00f3mico. Composi\u00e7\u00e3o \u00d3leo essencial de capim-lim\u00e3o, capim-lim\u00e3o, laranja, \u00f3leo essencial de laranja doce, \u00f3leo essencial de Cymbopogon citratus \/ Cana-de-lim\u00e3o \/ Capim-lim\u00e3o \/ Erva-cidreira \/ Capim-lim\u00e3o \/ Capim-lim\u00e3o \/ Ch\u00e1 de lim\u00e3o \/ Cana-de-santa \/ Capim-lim\u00e3o .Modo de Utiliza\u00e7\u00e3o: Modo de Utiliza\u00e7\u00e3o Como dosagem, recomenda-se usar na esfregona: encha com \u00e1gua e adicione 5 a 10 ml de limpador multiuso a cada 10 litros de \u00e1gua, dependendo do grau de sujeira. Sem diluir, aplique algumas gotas em uma esponja ou pano \u00famido. Para a limpeza das janelas, encha a \u00e1gua e adicione 5 ml por cada 5 litros de \u00e1gua. Use esponja e rodo. Precau\u00e7\u00f5es Cont\u00e9m terpenos de \u00f3leo de laranja. Pode causar uma rea\u00e7\u00e3o al\u00e9rgica. Em temperaturas abaixo de 10 \u00b0 C, o produto muda e se torna um pouco mais s\u00f3lido e esbranqui\u00e7ado; uma fase que passar\u00e1, no entanto, quando o produto for exposto ao calor e levemente agitado, se necess\u00e1rio.","og_url":"https:\/\/biocabaz.pt\/web\/produto\/detergente-multi-usos-sonett-1lt\/","og_site_name":"BIOCABAZ - CABAZES BIOL\u00d3GICOS","article_modified_time":"2026-02-04T21:43:52+00:00","og_image":[{"width":240,"height":713,"url":"https:\/\/www.biocabaz.pt\/web\/wp-conteudos\/uploads\/2021\/08\/detergente-multi-usos-sonett-1lt-e1629999013328.jpg","type":"image\/jpeg"}],"twitter_card":"summary_large_image","schema":{"@context":"https:\/\/schema.org","@graph":[{"@type":"WebPage","@id":"https:\/\/biocabaz.pt\/web\/produto\/detergente-multi-usos-sonett-1lt\/","url":"https:\/\/biocabaz.pt\/web\/produto\/detergente-multi-usos-sonett-1lt\/","name":"DETERGENTE MULTI USOS SONETT 1LT","isPartOf":{"@id":"https:\/\/biocabaz.pt\/web\/#website"},"primaryImageOfPage":{"@id":"https:\/\/biocabaz.pt\/web\/produto\/detergente-multi-usos-sonett-1lt\/#primaryimage"},"image":{"@id":"https:\/\/biocabaz.pt\/web\/produto\/detergente-multi-usos-sonett-1lt\/#primaryimage"},"thumbnailUrl":"https:\/\/www.biocabaz.pt\/web\/wp-conteudos\/uploads\/2021\/08\/detergente-multi-usos-sonett-1lt-e1629999013328.jpg","datePublished":"2021-08-26T17:30:37+00:00","dateModified":"2026-02-04T21:43:52+00:00","breadcrumb":{"@id":"https:\/\/biocabaz.pt\/web\/produto\/detergente-multi-usos-sonett-1lt\/#breadcrumb"},"inLanguage":"pt-PT","potentialAction":[{"@type":"ReadAction","target":["https:\/\/biocabaz.pt\/web\/produto\/detergente-multi-usos-sonett-1lt\/"]}]},{"@type":"ImageObject","inLanguage":"pt-PT","@id":"https:\/\/biocabaz.pt\/web\/produto\/detergente-multi-usos-sonett-1lt\/#primaryimage","url":"https:\/\/www.biocabaz.pt\/web\/wp-conteudos\/uploads\/2021\/08\/detergente-multi-usos-sonett-1lt-e1629999013328.jpg","contentUrl":"https:\/\/www.biocabaz.pt\/web\/wp-conteudos\/uploads\/2021\/08\/detergente-multi-usos-sonett-1lt-e1629999013328.jpg","width":240,"height":713,"caption":"DETERGENTE MULTI USOS SONETT 1LT"},{"@type":"BreadcrumbList","@id":"https:\/\/biocabaz.pt\/web\/produto\/detergente-multi-usos-sonett-1lt\/#breadcrumb","itemListElement":[{"@type":"ListItem","position":1,"name":"Home","item":"https:\/\/biocabaz.pt\/web\/"},{"@type":"ListItem","position":2,"name":"Loja","item":"https:\/\/biocabaz.pt\/web\/shop\/"},{"@type":"ListItem","position":3,"name":"DETERGENTE MULTI USOS SONETT 1LT"}]},{"@type":"WebSite","@id":"https:\/\/biocabaz.pt\/web\/#website","url":"https:\/\/biocabaz.pt\/web\/","name":"BIOCABAZ - CABAZES BIOL\u00d3GICOS","description":"O melhor que a terra d\u00e1 \u00e9 para si","potentialAction":[{"@type":"SearchAction","target":{"@type":"EntryPoint","urlTemplate":"https:\/\/biocabaz.pt\/web\/?s={search_term_string}"},"query-input":{"@type":"PropertyValueSpecification","valueRequired":true,"valueName":"search_term_string"}}],"inLanguage":"pt-PT"}]}},"_links":{"self":[{"href":"https:\/\/biocabaz.pt\/web\/wp-json\/wp\/v2\/product\/74848","targetHints":{"allow":["GET"]}}],"collection":[{"href":"https:\/\/biocabaz.pt\/web\/wp-json\/wp\/v2\/product"}],"about":[{"href":"https:\/\/biocabaz.pt\/web\/wp-json\/wp\/v2\/types\/product"}],"replies":[{"embeddable":true,"href":"https:\/\/biocabaz.pt\/web\/wp-json\/wp\/v2\/comments?post=74848"}],"wp:featuredmedia":[{"embeddable":true,"href":"https:\/\/biocabaz.pt\/web\/wp-json\/wp\/v2\/media\/74849"}],"wp:attachment":[{"href":"https:\/\/biocabaz.pt\/web\/wp-json\/wp\/v2\/media?parent=74848"}],"wp:term":[{"taxonomy":"product_cat","embeddable":true,"href":"https:\/\/biocabaz.pt\/web\/wp-json\/wp\/v2\/product_cat?post=74848"},{"taxonomy":"product_tag","embeddable":true,"href":"https:\/\/biocabaz.pt\/web\/wp-json\/wp\/v2\/product_tag?post=74848"}],"curies":[{"name":"wp","href":"https:\/\/api.w.org\/{rel}","templated":true}]}}