{"id":74844,"date":"2021-08-26T17:23:23","date_gmt":"2021-08-26T17:23:23","guid":{"rendered":"https:\/\/www.biocabaz.pt\/web\/?post_type=product&#038;p=74844"},"modified":"2023-04-17T12:26:43","modified_gmt":"2023-04-17T12:26:43","slug":"desinfectante-de-superficies-sonett-500ml","status":"publish","type":"product","link":"https:\/\/biocabaz.pt\/web\/produto\/desinfectante-de-superficies-sonett-500ml\/","title":{"rendered":"desinfectante de superf\u00edcies sonett 500ml"},"content":{"rendered":"","protected":false},"excerpt":{"rendered":"<p>Descri\u00e7\u00e3o<br \/>\nDesinfetante para superf\u00edcies de Sonett puramente vegetal pronto para uso. Adequado para desinfetar todos os tipos de superf\u00edcies de trabalho e m\u00e1quinas resistentes ao \u00e1lcool.<\/p>\n<p>Indica\u00e7\u00e3o<br \/>\nA combina\u00e7\u00e3o de \u00e1lcool com \u00f3leos essenciais remove efetivamente todos os fungos e bact\u00e9rias, como salmonelas ou bact\u00e9rias coli, todos os v\u00edrus envolvidos, como HBV, HCV, HIV, Herpes Simplex, bem como todos os v\u00edrus influenza humano e animal, incluindo H1N1 e H5N1. Composi\u00e7\u00e3o: \u00d3leo essencial de lavanda, \u00f3leo essencial de s\u00e1lvia.<br \/><b>Modo de Utiliza\u00e7\u00e3o:<\/b> Modo de Utiliza\u00e7\u00e3o<br \/>\n\u00c9 recomend\u00e1vel usar para se adequar ao consumidor.<\/p>\n<p>Precau\u00e7\u00f5es<br \/>\nL\u00edquido e vapor altamente inflam\u00e1veis. Causa irrita\u00e7\u00e3o ocular grave. Mantenha fora do alcance de crian\u00e7as. Mantenha longe do calor \/ fa\u00edsca \/ chama aberta. N\u00e3o fumar. Em caso de contato com os olhos: Enx\u00e1gue cuidadosamente com \u00e1gua por alguns minutos. Remova as lentes de contato, se presentes e f\u00e1ceis de fazer. Continue enxaguando. Se a irrita\u00e7\u00e3o nos olhos persistir: consulte um m\u00e9dico e tenha em m\u00e3os o recipiente ou o r\u00f3tulo do produto.<\/p>\n","protected":false},"featured_media":74845,"comment_status":"closed","ping_status":"closed","template":"","meta":[],"product_cat":[97],"product_tag":[],"class_list":["post-74844","product","type-product","status-publish","has-post-thumbnail","hentry","product_cat-casa-e-cozinha"],"bundle_layout":"","bundled_by":[],"bundled_items":[],"yoast_head":"<!-- This site is optimized with the Yoast SEO plugin v26.3 - https:\/\/yoast.com\/wordpress\/plugins\/seo\/ -->\n<title>desinfectante de superf\u00edcies sonett 500ml<\/title>\n<meta name=\"robots\" content=\"index, follow, max-snippet:-1, max-image-preview:large, max-video-preview:-1\" \/>\n<link rel=\"canonical\" href=\"https:\/\/biocabaz.pt\/web\/produto\/desinfectante-de-superficies-sonett-500ml\/\" \/>\n<meta property=\"og:locale\" content=\"pt_PT\" \/>\n<meta property=\"og:locale:alternate\" content=\"en_US\" \/>\n<meta property=\"og:type\" content=\"article\" \/>\n<meta property=\"og:title\" content=\"desinfectante de superf\u00edcies sonett 500ml\" \/>\n<meta property=\"og:description\" content=\"Descri\u00e7\u00e3o Desinfetante para superf\u00edcies de Sonett puramente vegetal pronto para uso. Adequado para desinfetar todos os tipos de superf\u00edcies de trabalho e m\u00e1quinas resistentes ao \u00e1lcool. Indica\u00e7\u00e3o A combina\u00e7\u00e3o de \u00e1lcool com \u00f3leos essenciais remove efetivamente todos os fungos e bact\u00e9rias, como salmonelas ou bact\u00e9rias coli, todos os v\u00edrus envolvidos, como HBV, HCV, HIV, Herpes Simplex, bem como todos os v\u00edrus influenza humano e animal, incluindo H1N1 e H5N1. Composi\u00e7\u00e3o: \u00d3leo essencial de lavanda, \u00f3leo essencial de s\u00e1lvia.Modo de Utiliza\u00e7\u00e3o: Modo de Utiliza\u00e7\u00e3o \u00c9 recomend\u00e1vel usar para se adequar ao consumidor. Precau\u00e7\u00f5es L\u00edquido e vapor altamente inflam\u00e1veis. Causa irrita\u00e7\u00e3o ocular grave. Mantenha fora do alcance de crian\u00e7as. Mantenha longe do calor \/ fa\u00edsca \/ chama aberta. N\u00e3o fumar. Em caso de contato com os olhos: Enx\u00e1gue cuidadosamente com \u00e1gua por alguns minutos. Remova as lentes de contato, se presentes e f\u00e1ceis de fazer. Continue enxaguando. Se a irrita\u00e7\u00e3o nos olhos persistir: consulte um m\u00e9dico e tenha em m\u00e3os o recipiente ou o r\u00f3tulo do produto.\" \/>\n<meta property=\"og:url\" content=\"https:\/\/biocabaz.pt\/web\/produto\/desinfectante-de-superficies-sonett-500ml\/\" \/>\n<meta property=\"og:site_name\" content=\"BIOCABAZ - CABAZES BIOL\u00d3GICOS\" \/>\n<meta property=\"article:modified_time\" content=\"2023-04-17T12:26:43+00:00\" \/>\n<meta property=\"og:image\" content=\"https:\/\/www.biocabaz.pt\/web\/wp-conteudos\/uploads\/2021\/08\/desinfectante-de-superficies-sonett-500ml-e1629998585553.jpg\" \/>\n\t<meta property=\"og:image:width\" content=\"245\" \/>\n\t<meta property=\"og:image:height\" content=\"713\" \/>\n\t<meta property=\"og:image:type\" content=\"image\/jpeg\" \/>\n<meta name=\"twitter:card\" content=\"summary_large_image\" \/>\n<script type=\"application\/ld+json\" class=\"yoast-schema-graph\">{\"@context\":\"https:\/\/schema.org\",\"@graph\":[{\"@type\":\"WebPage\",\"@id\":\"https:\/\/biocabaz.pt\/web\/produto\/desinfectante-de-superficies-sonett-500ml\/\",\"url\":\"https:\/\/biocabaz.pt\/web\/produto\/desinfectante-de-superficies-sonett-500ml\/\",\"name\":\"desinfectante de superf\u00edcies sonett 500ml\",\"isPartOf\":{\"@id\":\"https:\/\/biocabaz.pt\/web\/en\/#website\"},\"primaryImageOfPage\":{\"@id\":\"https:\/\/biocabaz.pt\/web\/produto\/desinfectante-de-superficies-sonett-500ml\/#primaryimage\"},\"image\":{\"@id\":\"https:\/\/biocabaz.pt\/web\/produto\/desinfectante-de-superficies-sonett-500ml\/#primaryimage\"},\"thumbnailUrl\":\"https:\/\/www.biocabaz.pt\/web\/wp-conteudos\/uploads\/2021\/08\/desinfectante-de-superficies-sonett-500ml-e1629998585553.jpg\",\"datePublished\":\"2021-08-26T17:23:23+00:00\",\"dateModified\":\"2023-04-17T12:26:43+00:00\",\"breadcrumb\":{\"@id\":\"https:\/\/biocabaz.pt\/web\/produto\/desinfectante-de-superficies-sonett-500ml\/#breadcrumb\"},\"inLanguage\":\"pt-PT\",\"potentialAction\":[{\"@type\":\"ReadAction\",\"target\":[\"https:\/\/biocabaz.pt\/web\/produto\/desinfectante-de-superficies-sonett-500ml\/\"]}]},{\"@type\":\"ImageObject\",\"inLanguage\":\"pt-PT\",\"@id\":\"https:\/\/biocabaz.pt\/web\/produto\/desinfectante-de-superficies-sonett-500ml\/#primaryimage\",\"url\":\"https:\/\/www.biocabaz.pt\/web\/wp-conteudos\/uploads\/2021\/08\/desinfectante-de-superficies-sonett-500ml-e1629998585553.jpg\",\"contentUrl\":\"https:\/\/www.biocabaz.pt\/web\/wp-conteudos\/uploads\/2021\/08\/desinfectante-de-superficies-sonett-500ml-e1629998585553.jpg\",\"width\":245,\"height\":713,\"caption\":\"desinfectante de superf\u00edcies sonett 500ml\"},{\"@type\":\"BreadcrumbList\",\"@id\":\"https:\/\/biocabaz.pt\/web\/produto\/desinfectante-de-superficies-sonett-500ml\/#breadcrumb\",\"itemListElement\":[{\"@type\":\"ListItem\",\"position\":1,\"name\":\"Home\",\"item\":\"https:\/\/biocabaz.pt\/web\/en\/\"},{\"@type\":\"ListItem\",\"position\":2,\"name\":\"Loja\",\"item\":\"https:\/\/biocabaz.pt\/web\/shop\/\"},{\"@type\":\"ListItem\",\"position\":3,\"name\":\"desinfectante de superf\u00edcies sonett 500ml\"}]},{\"@type\":\"WebSite\",\"@id\":\"https:\/\/biocabaz.pt\/web\/en\/#website\",\"url\":\"https:\/\/biocabaz.pt\/web\/en\/\",\"name\":\"BIOCABAZ - CABAZES BIOL\u00d3GICOS\",\"description\":\"O melhor que a terra d\u00e1 \u00e9 para si\",\"potentialAction\":[{\"@type\":\"SearchAction\",\"target\":{\"@type\":\"EntryPoint\",\"urlTemplate\":\"https:\/\/biocabaz.pt\/web\/en\/?s={search_term_string}\"},\"query-input\":{\"@type\":\"PropertyValueSpecification\",\"valueRequired\":true,\"valueName\":\"search_term_string\"}}],\"inLanguage\":\"pt-PT\"}]}<\/script>\n<!-- \/ Yoast SEO plugin. -->","yoast_head_json":{"title":"desinfectante de superf\u00edcies sonett 500ml","robots":{"index":"index","follow":"follow","max-snippet":"max-snippet:-1","max-image-preview":"max-image-preview:large","max-video-preview":"max-video-preview:-1"},"canonical":"https:\/\/biocabaz.pt\/web\/produto\/desinfectante-de-superficies-sonett-500ml\/","og_locale":"pt_PT","og_type":"article","og_title":"[:en]SONNET SURFACE DISINFECTANT 500ML[:pt]desinfectante de superf\u00edcies sonett 500ml[:] - BIOCABAZ - CABAZES BIOL\u00d3GICOS","og_description":"Descri\u00e7\u00e3o Desinfetante para superf\u00edcies de Sonett puramente vegetal pronto para uso. Adequado para desinfetar todos os tipos de superf\u00edcies de trabalho e m\u00e1quinas resistentes ao \u00e1lcool. Indica\u00e7\u00e3o A combina\u00e7\u00e3o de \u00e1lcool com \u00f3leos essenciais remove efetivamente todos os fungos e bact\u00e9rias, como salmonelas ou bact\u00e9rias coli, todos os v\u00edrus envolvidos, como HBV, HCV, HIV, Herpes Simplex, bem como todos os v\u00edrus influenza humano e animal, incluindo H1N1 e H5N1. Composi\u00e7\u00e3o: \u00d3leo essencial de lavanda, \u00f3leo essencial de s\u00e1lvia.Modo de Utiliza\u00e7\u00e3o: Modo de Utiliza\u00e7\u00e3o \u00c9 recomend\u00e1vel usar para se adequar ao consumidor. Precau\u00e7\u00f5es L\u00edquido e vapor altamente inflam\u00e1veis. Causa irrita\u00e7\u00e3o ocular grave. Mantenha fora do alcance de crian\u00e7as. Mantenha longe do calor \/ fa\u00edsca \/ chama aberta. N\u00e3o fumar. Em caso de contato com os olhos: Enx\u00e1gue cuidadosamente com \u00e1gua por alguns minutos. Remova as lentes de contato, se presentes e f\u00e1ceis de fazer. Continue enxaguando. Se a irrita\u00e7\u00e3o nos olhos persistir: consulte um m\u00e9dico e tenha em m\u00e3os o recipiente ou o r\u00f3tulo do produto.","og_url":"https:\/\/biocabaz.pt\/web\/produto\/desinfectante-de-superficies-sonett-500ml\/","og_site_name":"BIOCABAZ - CABAZES BIOL\u00d3GICOS","article_modified_time":"2023-04-17T12:26:43+00:00","og_image":[{"width":245,"height":713,"url":"https:\/\/www.biocabaz.pt\/web\/wp-conteudos\/uploads\/2021\/08\/desinfectante-de-superficies-sonett-500ml-e1629998585553.jpg","type":"image\/jpeg"}],"twitter_card":"summary_large_image","schema":{"@context":"https:\/\/schema.org","@graph":[{"@type":"WebPage","@id":"https:\/\/biocabaz.pt\/web\/produto\/desinfectante-de-superficies-sonett-500ml\/","url":"https:\/\/biocabaz.pt\/web\/produto\/desinfectante-de-superficies-sonett-500ml\/","name":"desinfectante de superf\u00edcies sonett 500ml","isPartOf":{"@id":"https:\/\/biocabaz.pt\/web\/en\/#website"},"primaryImageOfPage":{"@id":"https:\/\/biocabaz.pt\/web\/produto\/desinfectante-de-superficies-sonett-500ml\/#primaryimage"},"image":{"@id":"https:\/\/biocabaz.pt\/web\/produto\/desinfectante-de-superficies-sonett-500ml\/#primaryimage"},"thumbnailUrl":"https:\/\/www.biocabaz.pt\/web\/wp-conteudos\/uploads\/2021\/08\/desinfectante-de-superficies-sonett-500ml-e1629998585553.jpg","datePublished":"2021-08-26T17:23:23+00:00","dateModified":"2023-04-17T12:26:43+00:00","breadcrumb":{"@id":"https:\/\/biocabaz.pt\/web\/produto\/desinfectante-de-superficies-sonett-500ml\/#breadcrumb"},"inLanguage":"pt-PT","potentialAction":[{"@type":"ReadAction","target":["https:\/\/biocabaz.pt\/web\/produto\/desinfectante-de-superficies-sonett-500ml\/"]}]},{"@type":"ImageObject","inLanguage":"pt-PT","@id":"https:\/\/biocabaz.pt\/web\/produto\/desinfectante-de-superficies-sonett-500ml\/#primaryimage","url":"https:\/\/www.biocabaz.pt\/web\/wp-conteudos\/uploads\/2021\/08\/desinfectante-de-superficies-sonett-500ml-e1629998585553.jpg","contentUrl":"https:\/\/www.biocabaz.pt\/web\/wp-conteudos\/uploads\/2021\/08\/desinfectante-de-superficies-sonett-500ml-e1629998585553.jpg","width":245,"height":713,"caption":"desinfectante de superf\u00edcies sonett 500ml"},{"@type":"BreadcrumbList","@id":"https:\/\/biocabaz.pt\/web\/produto\/desinfectante-de-superficies-sonett-500ml\/#breadcrumb","itemListElement":[{"@type":"ListItem","position":1,"name":"Home","item":"https:\/\/biocabaz.pt\/web\/en\/"},{"@type":"ListItem","position":2,"name":"Loja","item":"https:\/\/biocabaz.pt\/web\/shop\/"},{"@type":"ListItem","position":3,"name":"desinfectante de superf\u00edcies sonett 500ml"}]},{"@type":"WebSite","@id":"https:\/\/biocabaz.pt\/web\/en\/#website","url":"https:\/\/biocabaz.pt\/web\/en\/","name":"BIOCABAZ - CABAZES BIOL\u00d3GICOS","description":"O melhor que a terra d\u00e1 \u00e9 para si","potentialAction":[{"@type":"SearchAction","target":{"@type":"EntryPoint","urlTemplate":"https:\/\/biocabaz.pt\/web\/en\/?s={search_term_string}"},"query-input":{"@type":"PropertyValueSpecification","valueRequired":true,"valueName":"search_term_string"}}],"inLanguage":"pt-PT"}]}},"_links":{"self":[{"href":"https:\/\/biocabaz.pt\/web\/wp-json\/wp\/v2\/product\/74844","targetHints":{"allow":["GET"]}}],"collection":[{"href":"https:\/\/biocabaz.pt\/web\/wp-json\/wp\/v2\/product"}],"about":[{"href":"https:\/\/biocabaz.pt\/web\/wp-json\/wp\/v2\/types\/product"}],"replies":[{"embeddable":true,"href":"https:\/\/biocabaz.pt\/web\/wp-json\/wp\/v2\/comments?post=74844"}],"wp:featuredmedia":[{"embeddable":true,"href":"https:\/\/biocabaz.pt\/web\/wp-json\/wp\/v2\/media\/74845"}],"wp:attachment":[{"href":"https:\/\/biocabaz.pt\/web\/wp-json\/wp\/v2\/media?parent=74844"}],"wp:term":[{"taxonomy":"product_cat","embeddable":true,"href":"https:\/\/biocabaz.pt\/web\/wp-json\/wp\/v2\/product_cat?post=74844"},{"taxonomy":"product_tag","embeddable":true,"href":"https:\/\/biocabaz.pt\/web\/wp-json\/wp\/v2\/product_tag?post=74844"}],"curies":[{"name":"wp","href":"https:\/\/api.w.org\/{rel}","templated":true}]}}