{"id":74838,"date":"2021-08-26T17:11:42","date_gmt":"2021-08-26T17:11:42","guid":{"rendered":"https:\/\/www.biocabaz.pt\/web\/?post_type=product&#038;p=74838"},"modified":"2022-09-29T15:30:20","modified_gmt":"2022-09-29T15:30:20","slug":"sacos-do-lixo-ecologicos-30lt-chardon-vert-20-unid","status":"publish","type":"product","link":"https:\/\/biocabaz.pt\/web\/produto\/sacos-do-lixo-ecologicos-30lt-chardon-vert-20-unid\/","title":{"rendered":"sacos do lixo ecol\u00f3gicos 30lt chardon vert 20 unid"},"content":{"rendered":"","protected":false},"excerpt":{"rendered":"<p>Feito de LDPE(Polietileno) 100% reciclado.<\/p>\n<p>Origem francesa certificada garantida.<\/p>\n<p>Com atilhos deslizantes para mais efici\u00eancia.<br \/>\nResistente e anti-vazamento<br \/>\nAdequado para qualquer tipo de caixa de 30L<br \/>\nMateriais 100% recicl\u00e1veis.<\/p>\n","protected":false},"featured_media":74839,"comment_status":"closed","ping_status":"closed","template":"","meta":[],"product_cat":[97],"product_tag":[],"class_list":["post-74838","product","type-product","status-publish","has-post-thumbnail","hentry","product_cat-casa-e-cozinha"],"bundle_layout":"","bundled_by":[],"bundled_items":[],"yoast_head":"<!-- This site is optimized with the Yoast SEO plugin v26.3 - https:\/\/yoast.com\/wordpress\/plugins\/seo\/ -->\n<title>sacos do lixo ecol\u00f3gicos 30lt chardon vert 20 unid<\/title>\n<meta name=\"robots\" content=\"index, follow, max-snippet:-1, max-image-preview:large, max-video-preview:-1\" \/>\n<link rel=\"canonical\" href=\"https:\/\/biocabaz.pt\/web\/produto\/sacos-do-lixo-ecologicos-30lt-chardon-vert-20-unid\/\" \/>\n<meta property=\"og:locale\" content=\"pt_PT\" \/>\n<meta property=\"og:locale:alternate\" content=\"en_US\" \/>\n<meta property=\"og:type\" content=\"article\" \/>\n<meta property=\"og:title\" content=\"sacos do lixo ecol\u00f3gicos 30lt chardon vert 20 unid\" \/>\n<meta property=\"og:description\" content=\"Feito de LDPE(Polietileno) 100% reciclado. Origem francesa certificada garantida. Com atilhos deslizantes para mais efici\u00eancia. Resistente e anti-vazamento Adequado para qualquer tipo de caixa de 30L Materiais 100% recicl\u00e1veis.\" \/>\n<meta property=\"og:url\" content=\"https:\/\/biocabaz.pt\/web\/produto\/sacos-do-lixo-ecologicos-30lt-chardon-vert-20-unid\/\" \/>\n<meta property=\"og:site_name\" content=\"BIOCABAZ - CABAZES BIOL\u00d3GICOS\" \/>\n<meta property=\"article:modified_time\" content=\"2022-09-29T15:30:20+00:00\" \/>\n<meta property=\"og:image\" content=\"https:\/\/www.biocabaz.pt\/web\/wp-conteudos\/uploads\/2021\/08\/sacos-do-lixo-ecologicos-30lt-chardon-vert-20-unid.jpg\" \/>\n\t<meta property=\"og:image:width\" content=\"357\" \/>\n\t<meta property=\"og:image:height\" content=\"280\" \/>\n\t<meta property=\"og:image:type\" content=\"image\/jpeg\" \/>\n<meta name=\"twitter:card\" content=\"summary_large_image\" \/>\n<script type=\"application\/ld+json\" class=\"yoast-schema-graph\">{\"@context\":\"https:\/\/schema.org\",\"@graph\":[{\"@type\":\"WebPage\",\"@id\":\"https:\/\/biocabaz.pt\/web\/produto\/sacos-do-lixo-ecologicos-30lt-chardon-vert-20-unid\/\",\"url\":\"https:\/\/biocabaz.pt\/web\/produto\/sacos-do-lixo-ecologicos-30lt-chardon-vert-20-unid\/\",\"name\":\"sacos do lixo ecol\u00f3gicos 30lt chardon vert 20 unid\",\"isPartOf\":{\"@id\":\"https:\/\/biocabaz.pt\/web\/en\/#website\"},\"primaryImageOfPage\":{\"@id\":\"https:\/\/biocabaz.pt\/web\/produto\/sacos-do-lixo-ecologicos-30lt-chardon-vert-20-unid\/#primaryimage\"},\"image\":{\"@id\":\"https:\/\/biocabaz.pt\/web\/produto\/sacos-do-lixo-ecologicos-30lt-chardon-vert-20-unid\/#primaryimage\"},\"thumbnailUrl\":\"https:\/\/www.biocabaz.pt\/web\/wp-conteudos\/uploads\/2021\/08\/sacos-do-lixo-ecologicos-30lt-chardon-vert-20-unid.jpg\",\"datePublished\":\"2021-08-26T17:11:42+00:00\",\"dateModified\":\"2022-09-29T15:30:20+00:00\",\"breadcrumb\":{\"@id\":\"https:\/\/biocabaz.pt\/web\/produto\/sacos-do-lixo-ecologicos-30lt-chardon-vert-20-unid\/#breadcrumb\"},\"inLanguage\":\"pt-PT\",\"potentialAction\":[{\"@type\":\"ReadAction\",\"target\":[\"https:\/\/biocabaz.pt\/web\/produto\/sacos-do-lixo-ecologicos-30lt-chardon-vert-20-unid\/\"]}]},{\"@type\":\"ImageObject\",\"inLanguage\":\"pt-PT\",\"@id\":\"https:\/\/biocabaz.pt\/web\/produto\/sacos-do-lixo-ecologicos-30lt-chardon-vert-20-unid\/#primaryimage\",\"url\":\"https:\/\/www.biocabaz.pt\/web\/wp-conteudos\/uploads\/2021\/08\/sacos-do-lixo-ecologicos-30lt-chardon-vert-20-unid.jpg\",\"contentUrl\":\"https:\/\/www.biocabaz.pt\/web\/wp-conteudos\/uploads\/2021\/08\/sacos-do-lixo-ecologicos-30lt-chardon-vert-20-unid.jpg\",\"width\":357,\"height\":280,\"caption\":\"sacos do lixo ecol\u00f3gicos 30lt chardon vert 20 unid\"},{\"@type\":\"BreadcrumbList\",\"@id\":\"https:\/\/biocabaz.pt\/web\/produto\/sacos-do-lixo-ecologicos-30lt-chardon-vert-20-unid\/#breadcrumb\",\"itemListElement\":[{\"@type\":\"ListItem\",\"position\":1,\"name\":\"Home\",\"item\":\"https:\/\/biocabaz.pt\/web\/en\/\"},{\"@type\":\"ListItem\",\"position\":2,\"name\":\"Shop\",\"item\":\"https:\/\/biocabaz.pt\/web\/en\/shop\/\"},{\"@type\":\"ListItem\",\"position\":3,\"name\":\"sacos do lixo ecol\u00f3gicos 30lt chardon vert 20 unid\"}]},{\"@type\":\"WebSite\",\"@id\":\"https:\/\/biocabaz.pt\/web\/en\/#website\",\"url\":\"https:\/\/biocabaz.pt\/web\/en\/\",\"name\":\"BIOCABAZ - CABAZES BIOL\u00d3GICOS\",\"description\":\"O melhor que a terra d\u00e1 \u00e9 para si\",\"potentialAction\":[{\"@type\":\"SearchAction\",\"target\":{\"@type\":\"EntryPoint\",\"urlTemplate\":\"https:\/\/biocabaz.pt\/web\/en\/?s={search_term_string}\"},\"query-input\":{\"@type\":\"PropertyValueSpecification\",\"valueRequired\":true,\"valueName\":\"search_term_string\"}}],\"inLanguage\":\"pt-PT\"}]}<\/script>\n<!-- \/ Yoast SEO plugin. -->","yoast_head_json":{"title":"sacos do lixo ecol\u00f3gicos 30lt chardon vert 20 unid","robots":{"index":"index","follow":"follow","max-snippet":"max-snippet:-1","max-image-preview":"max-image-preview:large","max-video-preview":"max-video-preview:-1"},"canonical":"https:\/\/biocabaz.pt\/web\/produto\/sacos-do-lixo-ecologicos-30lt-chardon-vert-20-unid\/","og_locale":"pt_PT","og_type":"article","og_title":"[:en]CHARDON VERT ECO-FRIENDLY TRASH BAGS 30L \u2013 20UN.[:pt]sacos do lixo ecol\u00f3gicos 30lt chardon vert 20 unid[:] - BIOCABAZ - CABAZES BIOL\u00d3GICOS","og_description":"Feito de LDPE(Polietileno) 100% reciclado. Origem francesa certificada garantida. Com atilhos deslizantes para mais efici\u00eancia. Resistente e anti-vazamento Adequado para qualquer tipo de caixa de 30L Materiais 100% recicl\u00e1veis.","og_url":"https:\/\/biocabaz.pt\/web\/produto\/sacos-do-lixo-ecologicos-30lt-chardon-vert-20-unid\/","og_site_name":"BIOCABAZ - CABAZES BIOL\u00d3GICOS","article_modified_time":"2022-09-29T15:30:20+00:00","og_image":[{"width":357,"height":280,"url":"https:\/\/www.biocabaz.pt\/web\/wp-conteudos\/uploads\/2021\/08\/sacos-do-lixo-ecologicos-30lt-chardon-vert-20-unid.jpg","type":"image\/jpeg"}],"twitter_card":"summary_large_image","schema":{"@context":"https:\/\/schema.org","@graph":[{"@type":"WebPage","@id":"https:\/\/biocabaz.pt\/web\/produto\/sacos-do-lixo-ecologicos-30lt-chardon-vert-20-unid\/","url":"https:\/\/biocabaz.pt\/web\/produto\/sacos-do-lixo-ecologicos-30lt-chardon-vert-20-unid\/","name":"sacos do lixo ecol\u00f3gicos 30lt chardon vert 20 unid","isPartOf":{"@id":"https:\/\/biocabaz.pt\/web\/en\/#website"},"primaryImageOfPage":{"@id":"https:\/\/biocabaz.pt\/web\/produto\/sacos-do-lixo-ecologicos-30lt-chardon-vert-20-unid\/#primaryimage"},"image":{"@id":"https:\/\/biocabaz.pt\/web\/produto\/sacos-do-lixo-ecologicos-30lt-chardon-vert-20-unid\/#primaryimage"},"thumbnailUrl":"https:\/\/www.biocabaz.pt\/web\/wp-conteudos\/uploads\/2021\/08\/sacos-do-lixo-ecologicos-30lt-chardon-vert-20-unid.jpg","datePublished":"2021-08-26T17:11:42+00:00","dateModified":"2022-09-29T15:30:20+00:00","breadcrumb":{"@id":"https:\/\/biocabaz.pt\/web\/produto\/sacos-do-lixo-ecologicos-30lt-chardon-vert-20-unid\/#breadcrumb"},"inLanguage":"pt-PT","potentialAction":[{"@type":"ReadAction","target":["https:\/\/biocabaz.pt\/web\/produto\/sacos-do-lixo-ecologicos-30lt-chardon-vert-20-unid\/"]}]},{"@type":"ImageObject","inLanguage":"pt-PT","@id":"https:\/\/biocabaz.pt\/web\/produto\/sacos-do-lixo-ecologicos-30lt-chardon-vert-20-unid\/#primaryimage","url":"https:\/\/www.biocabaz.pt\/web\/wp-conteudos\/uploads\/2021\/08\/sacos-do-lixo-ecologicos-30lt-chardon-vert-20-unid.jpg","contentUrl":"https:\/\/www.biocabaz.pt\/web\/wp-conteudos\/uploads\/2021\/08\/sacos-do-lixo-ecologicos-30lt-chardon-vert-20-unid.jpg","width":357,"height":280,"caption":"sacos do lixo ecol\u00f3gicos 30lt chardon vert 20 unid"},{"@type":"BreadcrumbList","@id":"https:\/\/biocabaz.pt\/web\/produto\/sacos-do-lixo-ecologicos-30lt-chardon-vert-20-unid\/#breadcrumb","itemListElement":[{"@type":"ListItem","position":1,"name":"Home","item":"https:\/\/biocabaz.pt\/web\/en\/"},{"@type":"ListItem","position":2,"name":"Shop","item":"https:\/\/biocabaz.pt\/web\/en\/shop\/"},{"@type":"ListItem","position":3,"name":"sacos do lixo ecol\u00f3gicos 30lt chardon vert 20 unid"}]},{"@type":"WebSite","@id":"https:\/\/biocabaz.pt\/web\/en\/#website","url":"https:\/\/biocabaz.pt\/web\/en\/","name":"BIOCABAZ - CABAZES BIOL\u00d3GICOS","description":"O melhor que a terra d\u00e1 \u00e9 para si","potentialAction":[{"@type":"SearchAction","target":{"@type":"EntryPoint","urlTemplate":"https:\/\/biocabaz.pt\/web\/en\/?s={search_term_string}"},"query-input":{"@type":"PropertyValueSpecification","valueRequired":true,"valueName":"search_term_string"}}],"inLanguage":"pt-PT"}]}},"_links":{"self":[{"href":"https:\/\/biocabaz.pt\/web\/wp-json\/wp\/v2\/product\/74838","targetHints":{"allow":["GET"]}}],"collection":[{"href":"https:\/\/biocabaz.pt\/web\/wp-json\/wp\/v2\/product"}],"about":[{"href":"https:\/\/biocabaz.pt\/web\/wp-json\/wp\/v2\/types\/product"}],"replies":[{"embeddable":true,"href":"https:\/\/biocabaz.pt\/web\/wp-json\/wp\/v2\/comments?post=74838"}],"wp:featuredmedia":[{"embeddable":true,"href":"https:\/\/biocabaz.pt\/web\/wp-json\/wp\/v2\/media\/74839"}],"wp:attachment":[{"href":"https:\/\/biocabaz.pt\/web\/wp-json\/wp\/v2\/media?parent=74838"}],"wp:term":[{"taxonomy":"product_cat","embeddable":true,"href":"https:\/\/biocabaz.pt\/web\/wp-json\/wp\/v2\/product_cat?post=74838"},{"taxonomy":"product_tag","embeddable":true,"href":"https:\/\/biocabaz.pt\/web\/wp-json\/wp\/v2\/product_tag?post=74838"}],"curies":[{"name":"wp","href":"https:\/\/api.w.org\/{rel}","templated":true}]}}