{"id":74825,"date":"2021-08-26T16:13:30","date_gmt":"2021-08-26T16:13:30","guid":{"rendered":"https:\/\/www.biocabaz.pt\/web\/?post_type=product&#038;p=74825"},"modified":"2023-04-17T12:29:17","modified_gmt":"2023-04-17T12:29:17","slug":"detergente-lava-loica-limao-sonett-300ml","status":"publish","type":"product","link":"https:\/\/biocabaz.pt\/web\/produto\/detergente-lava-loica-limao-sonett-300ml\/","title":{"rendered":"detergente lava loi\u00e7a Limao sonett 300ml"},"content":{"rendered":"","protected":false},"excerpt":{"rendered":"<p>Descri\u00e7\u00e3o<br \/>\nA m\u00e1quina de lavar lou\u00e7a l\u00edquida Sonett Hand \u00e9 uma combina\u00e7\u00e3o de subst\u00e2ncias que aprimoram o desempenho da limpeza e t\u00eam excelentes propriedades de dissolu\u00e7\u00e3o de graxa e excelente toler\u00e2ncia \u00e0 pele.<\/p>\n<p>Indica\u00e7\u00e3o<br \/>\nO l\u00edquido para lavar lou\u00e7a \u00e9 altamente concentrado e muito econ\u00f4mico de usar. Os surfactantes utilizados, ou seja, sulfato de \u00e1lcool de \u00f3leo de coco e surfactantes de a\u00e7\u00facar, s\u00e3o 100% biodegrad\u00e1veis e muito suaves para a pele, gra\u00e7as a essa combina\u00e7\u00e3o. Composi\u00e7\u00e3o<br \/>\nSurfactante de a\u00e7\u00facar, sulfatos de \u00e1lcool graxo de coco, \u00e1lcool vegetal (etanol), \u00f3leo essencial de capim-lim\u00e3o, \u00e1gua ativada.<br \/><b>Modo de Utiliza\u00e7\u00e3o:<\/b> Modo de Utiliza\u00e7\u00e3o<br \/>\nRecomenda-se adicionar \u00e0 \u00e1gua para lavar a lou\u00e7a ou aplicar diretamente na esponja.<\/p>\n<p>Precau\u00e7\u00f5es<br \/>\nEm temperaturas abaixo de 10 \u00b0 C, o produto muda e se torna um pouco mais s\u00f3lido e esbranqui\u00e7ado; uma fase que passar\u00e1, no entanto, quando o produto for exposto ao calor e levemente agitado, se necess\u00e1rio.<\/p>\n","protected":false},"featured_media":74826,"comment_status":"closed","ping_status":"closed","template":"","meta":[],"product_cat":[97],"product_tag":[],"class_list":["post-74825","product","type-product","status-publish","has-post-thumbnail","hentry","product_cat-casa-e-cozinha"],"bundle_layout":"","bundled_by":[],"bundled_items":[],"yoast_head":"<!-- This site is optimized with the Yoast SEO plugin v26.3 - https:\/\/yoast.com\/wordpress\/plugins\/seo\/ -->\n<title>detergente lava loi\u00e7a Limao sonett 300ml<\/title>\n<meta name=\"robots\" content=\"index, follow, max-snippet:-1, max-image-preview:large, max-video-preview:-1\" \/>\n<link rel=\"canonical\" href=\"https:\/\/biocabaz.pt\/web\/produto\/detergente-lava-loica-limao-sonett-300ml\/\" \/>\n<meta property=\"og:locale\" content=\"pt_PT\" \/>\n<meta property=\"og:locale:alternate\" content=\"en_US\" \/>\n<meta property=\"og:type\" content=\"article\" \/>\n<meta property=\"og:title\" content=\"detergente lava loi\u00e7a Limao sonett 300ml\" \/>\n<meta property=\"og:description\" content=\"Descri\u00e7\u00e3o A m\u00e1quina de lavar lou\u00e7a l\u00edquida Sonett Hand \u00e9 uma combina\u00e7\u00e3o de subst\u00e2ncias que aprimoram o desempenho da limpeza e t\u00eam excelentes propriedades de dissolu\u00e7\u00e3o de graxa e excelente toler\u00e2ncia \u00e0 pele. Indica\u00e7\u00e3o O l\u00edquido para lavar lou\u00e7a \u00e9 altamente concentrado e muito econ\u00f4mico de usar. Os surfactantes utilizados, ou seja, sulfato de \u00e1lcool de \u00f3leo de coco e surfactantes de a\u00e7\u00facar, s\u00e3o 100% biodegrad\u00e1veis e muito suaves para a pele, gra\u00e7as a essa combina\u00e7\u00e3o. Composi\u00e7\u00e3o Surfactante de a\u00e7\u00facar, sulfatos de \u00e1lcool graxo de coco, \u00e1lcool vegetal (etanol), \u00f3leo essencial de capim-lim\u00e3o, \u00e1gua ativada.Modo de Utiliza\u00e7\u00e3o: Modo de Utiliza\u00e7\u00e3o Recomenda-se adicionar \u00e0 \u00e1gua para lavar a lou\u00e7a ou aplicar diretamente na esponja. Precau\u00e7\u00f5es Em temperaturas abaixo de 10 \u00b0 C, o produto muda e se torna um pouco mais s\u00f3lido e esbranqui\u00e7ado; uma fase que passar\u00e1, no entanto, quando o produto for exposto ao calor e levemente agitado, se necess\u00e1rio.\" \/>\n<meta property=\"og:url\" content=\"https:\/\/biocabaz.pt\/web\/produto\/detergente-lava-loica-limao-sonett-300ml\/\" \/>\n<meta property=\"og:site_name\" content=\"BIOCABAZ - CABAZES BIOL\u00d3GICOS\" \/>\n<meta property=\"article:modified_time\" content=\"2023-04-17T12:29:17+00:00\" \/>\n<meta property=\"og:image\" content=\"https:\/\/www.biocabaz.pt\/web\/wp-conteudos\/uploads\/2021\/08\/detergente-lava-loica-limao-sonett-300ml-e1629994392554.jpeg\" \/>\n\t<meta property=\"og:image:width\" content=\"487\" \/>\n\t<meta property=\"og:image:height\" content=\"656\" \/>\n\t<meta property=\"og:image:type\" content=\"image\/jpeg\" \/>\n<meta name=\"twitter:card\" content=\"summary_large_image\" \/>\n<script type=\"application\/ld+json\" class=\"yoast-schema-graph\">{\"@context\":\"https:\/\/schema.org\",\"@graph\":[{\"@type\":\"WebPage\",\"@id\":\"https:\/\/biocabaz.pt\/web\/produto\/detergente-lava-loica-limao-sonett-300ml\/\",\"url\":\"https:\/\/biocabaz.pt\/web\/produto\/detergente-lava-loica-limao-sonett-300ml\/\",\"name\":\"detergente lava loi\u00e7a Limao sonett 300ml\",\"isPartOf\":{\"@id\":\"https:\/\/www.biocabaz.pt\/web\/en\/#website\"},\"primaryImageOfPage\":{\"@id\":\"https:\/\/biocabaz.pt\/web\/produto\/detergente-lava-loica-limao-sonett-300ml\/#primaryimage\"},\"image\":{\"@id\":\"https:\/\/biocabaz.pt\/web\/produto\/detergente-lava-loica-limao-sonett-300ml\/#primaryimage\"},\"thumbnailUrl\":\"https:\/\/www.biocabaz.pt\/web\/wp-conteudos\/uploads\/2021\/08\/detergente-lava-loica-limao-sonett-300ml-e1629994392554.jpeg\",\"datePublished\":\"2021-08-26T16:13:30+00:00\",\"dateModified\":\"2023-04-17T12:29:17+00:00\",\"breadcrumb\":{\"@id\":\"https:\/\/biocabaz.pt\/web\/produto\/detergente-lava-loica-limao-sonett-300ml\/#breadcrumb\"},\"inLanguage\":\"pt-PT\",\"potentialAction\":[{\"@type\":\"ReadAction\",\"target\":[\"https:\/\/biocabaz.pt\/web\/produto\/detergente-lava-loica-limao-sonett-300ml\/\"]}]},{\"@type\":\"ImageObject\",\"inLanguage\":\"pt-PT\",\"@id\":\"https:\/\/biocabaz.pt\/web\/produto\/detergente-lava-loica-limao-sonett-300ml\/#primaryimage\",\"url\":\"https:\/\/www.biocabaz.pt\/web\/wp-conteudos\/uploads\/2021\/08\/detergente-lava-loica-limao-sonett-300ml-e1629994392554.jpeg\",\"contentUrl\":\"https:\/\/www.biocabaz.pt\/web\/wp-conteudos\/uploads\/2021\/08\/detergente-lava-loica-limao-sonett-300ml-e1629994392554.jpeg\",\"width\":487,\"height\":656,\"caption\":\"detergente lava loi\u00e7a Limao sonett 300ml\"},{\"@type\":\"BreadcrumbList\",\"@id\":\"https:\/\/biocabaz.pt\/web\/produto\/detergente-lava-loica-limao-sonett-300ml\/#breadcrumb\",\"itemListElement\":[{\"@type\":\"ListItem\",\"position\":1,\"name\":\"Home\",\"item\":\"https:\/\/www.biocabaz.pt\/web\/en\/\"},{\"@type\":\"ListItem\",\"position\":2,\"name\":\"Shop\",\"item\":\"https:\/\/www.biocabaz.pt\/web\/en\/shop\/\"},{\"@type\":\"ListItem\",\"position\":3,\"name\":\"detergente lava loi\u00e7a Limao sonett 300ml\"}]},{\"@type\":\"WebSite\",\"@id\":\"https:\/\/www.biocabaz.pt\/web\/en\/#website\",\"url\":\"https:\/\/www.biocabaz.pt\/web\/en\/\",\"name\":\"BIOCABAZ - CABAZES BIOL\u00d3GICOS\",\"description\":\"O melhor que a terra d\u00e1 \u00e9 para si\",\"potentialAction\":[{\"@type\":\"SearchAction\",\"target\":{\"@type\":\"EntryPoint\",\"urlTemplate\":\"https:\/\/www.biocabaz.pt\/web\/en\/?s={search_term_string}\"},\"query-input\":{\"@type\":\"PropertyValueSpecification\",\"valueRequired\":true,\"valueName\":\"search_term_string\"}}],\"inLanguage\":\"pt-PT\"}]}<\/script>\n<!-- \/ Yoast SEO plugin. -->","yoast_head_json":{"title":"detergente lava loi\u00e7a Limao sonett 300ml","robots":{"index":"index","follow":"follow","max-snippet":"max-snippet:-1","max-image-preview":"max-image-preview:large","max-video-preview":"max-video-preview:-1"},"canonical":"https:\/\/biocabaz.pt\/web\/produto\/detergente-lava-loica-limao-sonett-300ml\/","og_locale":"pt_PT","og_type":"article","og_title":"[:en]SONETT DISHWASHING LIQUID LEMON 300ML[:pt]detergente lava loi\u00e7a Limao sonett 300ml[:] - BIOCABAZ - CABAZES BIOL\u00d3GICOS","og_description":"Descri\u00e7\u00e3o A m\u00e1quina de lavar lou\u00e7a l\u00edquida Sonett Hand \u00e9 uma combina\u00e7\u00e3o de subst\u00e2ncias que aprimoram o desempenho da limpeza e t\u00eam excelentes propriedades de dissolu\u00e7\u00e3o de graxa e excelente toler\u00e2ncia \u00e0 pele. Indica\u00e7\u00e3o O l\u00edquido para lavar lou\u00e7a \u00e9 altamente concentrado e muito econ\u00f4mico de usar. Os surfactantes utilizados, ou seja, sulfato de \u00e1lcool de \u00f3leo de coco e surfactantes de a\u00e7\u00facar, s\u00e3o 100% biodegrad\u00e1veis e muito suaves para a pele, gra\u00e7as a essa combina\u00e7\u00e3o. Composi\u00e7\u00e3o Surfactante de a\u00e7\u00facar, sulfatos de \u00e1lcool graxo de coco, \u00e1lcool vegetal (etanol), \u00f3leo essencial de capim-lim\u00e3o, \u00e1gua ativada.Modo de Utiliza\u00e7\u00e3o: Modo de Utiliza\u00e7\u00e3o Recomenda-se adicionar \u00e0 \u00e1gua para lavar a lou\u00e7a ou aplicar diretamente na esponja. Precau\u00e7\u00f5es Em temperaturas abaixo de 10 \u00b0 C, o produto muda e se torna um pouco mais s\u00f3lido e esbranqui\u00e7ado; uma fase que passar\u00e1, no entanto, quando o produto for exposto ao calor e levemente agitado, se necess\u00e1rio.","og_url":"https:\/\/biocabaz.pt\/web\/produto\/detergente-lava-loica-limao-sonett-300ml\/","og_site_name":"BIOCABAZ - CABAZES BIOL\u00d3GICOS","article_modified_time":"2023-04-17T12:29:17+00:00","og_image":[{"width":487,"height":656,"url":"https:\/\/www.biocabaz.pt\/web\/wp-conteudos\/uploads\/2021\/08\/detergente-lava-loica-limao-sonett-300ml-e1629994392554.jpeg","type":"image\/jpeg"}],"twitter_card":"summary_large_image","schema":{"@context":"https:\/\/schema.org","@graph":[{"@type":"WebPage","@id":"https:\/\/biocabaz.pt\/web\/produto\/detergente-lava-loica-limao-sonett-300ml\/","url":"https:\/\/biocabaz.pt\/web\/produto\/detergente-lava-loica-limao-sonett-300ml\/","name":"detergente lava loi\u00e7a Limao sonett 300ml","isPartOf":{"@id":"https:\/\/www.biocabaz.pt\/web\/en\/#website"},"primaryImageOfPage":{"@id":"https:\/\/biocabaz.pt\/web\/produto\/detergente-lava-loica-limao-sonett-300ml\/#primaryimage"},"image":{"@id":"https:\/\/biocabaz.pt\/web\/produto\/detergente-lava-loica-limao-sonett-300ml\/#primaryimage"},"thumbnailUrl":"https:\/\/www.biocabaz.pt\/web\/wp-conteudos\/uploads\/2021\/08\/detergente-lava-loica-limao-sonett-300ml-e1629994392554.jpeg","datePublished":"2021-08-26T16:13:30+00:00","dateModified":"2023-04-17T12:29:17+00:00","breadcrumb":{"@id":"https:\/\/biocabaz.pt\/web\/produto\/detergente-lava-loica-limao-sonett-300ml\/#breadcrumb"},"inLanguage":"pt-PT","potentialAction":[{"@type":"ReadAction","target":["https:\/\/biocabaz.pt\/web\/produto\/detergente-lava-loica-limao-sonett-300ml\/"]}]},{"@type":"ImageObject","inLanguage":"pt-PT","@id":"https:\/\/biocabaz.pt\/web\/produto\/detergente-lava-loica-limao-sonett-300ml\/#primaryimage","url":"https:\/\/www.biocabaz.pt\/web\/wp-conteudos\/uploads\/2021\/08\/detergente-lava-loica-limao-sonett-300ml-e1629994392554.jpeg","contentUrl":"https:\/\/www.biocabaz.pt\/web\/wp-conteudos\/uploads\/2021\/08\/detergente-lava-loica-limao-sonett-300ml-e1629994392554.jpeg","width":487,"height":656,"caption":"detergente lava loi\u00e7a Limao sonett 300ml"},{"@type":"BreadcrumbList","@id":"https:\/\/biocabaz.pt\/web\/produto\/detergente-lava-loica-limao-sonett-300ml\/#breadcrumb","itemListElement":[{"@type":"ListItem","position":1,"name":"Home","item":"https:\/\/www.biocabaz.pt\/web\/en\/"},{"@type":"ListItem","position":2,"name":"Shop","item":"https:\/\/www.biocabaz.pt\/web\/en\/shop\/"},{"@type":"ListItem","position":3,"name":"detergente lava loi\u00e7a Limao sonett 300ml"}]},{"@type":"WebSite","@id":"https:\/\/www.biocabaz.pt\/web\/en\/#website","url":"https:\/\/www.biocabaz.pt\/web\/en\/","name":"BIOCABAZ - CABAZES BIOL\u00d3GICOS","description":"O melhor que a terra d\u00e1 \u00e9 para si","potentialAction":[{"@type":"SearchAction","target":{"@type":"EntryPoint","urlTemplate":"https:\/\/www.biocabaz.pt\/web\/en\/?s={search_term_string}"},"query-input":{"@type":"PropertyValueSpecification","valueRequired":true,"valueName":"search_term_string"}}],"inLanguage":"pt-PT"}]}},"_links":{"self":[{"href":"https:\/\/biocabaz.pt\/web\/wp-json\/wp\/v2\/product\/74825","targetHints":{"allow":["GET"]}}],"collection":[{"href":"https:\/\/biocabaz.pt\/web\/wp-json\/wp\/v2\/product"}],"about":[{"href":"https:\/\/biocabaz.pt\/web\/wp-json\/wp\/v2\/types\/product"}],"replies":[{"embeddable":true,"href":"https:\/\/biocabaz.pt\/web\/wp-json\/wp\/v2\/comments?post=74825"}],"wp:featuredmedia":[{"embeddable":true,"href":"https:\/\/biocabaz.pt\/web\/wp-json\/wp\/v2\/media\/74826"}],"wp:attachment":[{"href":"https:\/\/biocabaz.pt\/web\/wp-json\/wp\/v2\/media?parent=74825"}],"wp:term":[{"taxonomy":"product_cat","embeddable":true,"href":"https:\/\/biocabaz.pt\/web\/wp-json\/wp\/v2\/product_cat?post=74825"},{"taxonomy":"product_tag","embeddable":true,"href":"https:\/\/biocabaz.pt\/web\/wp-json\/wp\/v2\/product_tag?post=74825"}],"curies":[{"name":"wp","href":"https:\/\/api.w.org\/{rel}","templated":true}]}}