{"id":74807,"date":"2021-08-26T11:33:59","date_gmt":"2021-08-26T11:33:59","guid":{"rendered":"https:\/\/www.biocabaz.pt\/web\/?post_type=product&#038;p=74807"},"modified":"2026-02-04T21:44:37","modified_gmt":"2026-02-04T21:44:37","slug":"desentupidor-de-canalizacoes-arcy-vert-500ml","status":"publish","type":"product","link":"https:\/\/biocabaz.pt\/web\/produto\/desentupidor-de-canalizacoes-arcy-vert-500ml\/","title":{"rendered":"desentupidor de canaliza\u00e7\u00f5es arcy vert 500ml"},"content":{"rendered":"","protected":false},"excerpt":{"rendered":"<p>Desbloqueador macio e inodoro, as 2 enzimas que ele cont\u00e9m tratam o ac\u00famulo de materiais: prote\u00ednas, gorduras, cabelo. Este produto \u00e9 especialmente indicado para desbloquear canos de banheiro ou cozinha.<\/p>\n<p>Composi\u00e7\u00e3o: Menos de 5% de surfactantes n\u00e3o i\u00f4nicos, Enzimas, Bacilos. Tamb\u00e9m cont\u00e9m: \u00e1gua, emolientes, agentes sequestrantes e conservantes. 99,7% dos ingredientes s\u00e3o de origem natural.<br \/><b>Modo de Utiliza\u00e7\u00e3o:<\/b> Modo de uso: Casa de banho e cozinha: misture 1\/2 garrafa em 3 a 4 litros de \u00e1gua quente a 50 \u00b0, em seguida, despeje a mistura no ralo entupido, deixe atuar durante a noite e enx\u00e1gue com \u00e1gua quente na manh\u00e3 seguinte. Repita a opera\u00e7\u00e3o se necess\u00e1rio.<br \/>\nWC : misture 1\/2 garrafa em 5 litros de \u00e1gua quente a 50 \u00b0, deixe arrefecer e despeje a mistura no vaso sanit\u00e1rio ativando o autoclismo ou diretamente na fossa s\u00e9ptica.<br \/>\nN\u00e3o cont\u00e9m microorganismos patog\u00eanicos, compostos t\u00f3xicos ou corrosivos (v\u00e1rios \u00e1cidos ou produtos c\u00e1usticos).<br \/>\nA\u00e7\u00e3o por meios naturais (processo enzim\u00e1tico).<br \/>\nN\u00e3o testado em animais.<br \/>\nProduto certificado pela ECOCERT-\u00c9CODETERGENT.<\/p>\n","protected":false},"featured_media":74809,"comment_status":"closed","ping_status":"closed","template":"","meta":[],"product_cat":[96],"product_tag":[],"class_list":["post-74807","product","type-product","status-publish","has-post-thumbnail","hentry","product_cat-casa-de-banho"],"bundle_layout":"","bundled_by":[],"bundled_items":[],"yoast_head":"<!-- This site is optimized with the Yoast SEO plugin v26.3 - https:\/\/yoast.com\/wordpress\/plugins\/seo\/ -->\n<title>desentupidor de canaliza\u00e7\u00f5es arcy vert 500ml<\/title>\n<meta name=\"robots\" content=\"index, follow, max-snippet:-1, max-image-preview:large, max-video-preview:-1\" \/>\n<link rel=\"canonical\" href=\"https:\/\/biocabaz.pt\/web\/produto\/desentupidor-de-canalizacoes-arcy-vert-500ml\/\" \/>\n<meta property=\"og:locale\" content=\"pt_PT\" \/>\n<meta property=\"og:locale:alternate\" content=\"en_US\" \/>\n<meta property=\"og:type\" content=\"article\" \/>\n<meta property=\"og:title\" content=\"desentupidor de canaliza\u00e7\u00f5es arcy vert 500ml\" \/>\n<meta property=\"og:description\" content=\"Desbloqueador macio e inodoro, as 2 enzimas que ele cont\u00e9m tratam o ac\u00famulo de materiais: prote\u00ednas, gorduras, cabelo. Este produto \u00e9 especialmente indicado para desbloquear canos de banheiro ou cozinha. Composi\u00e7\u00e3o: Menos de 5% de surfactantes n\u00e3o i\u00f4nicos, Enzimas, Bacilos. Tamb\u00e9m cont\u00e9m: \u00e1gua, emolientes, agentes sequestrantes e conservantes. 99,7% dos ingredientes s\u00e3o de origem natural.Modo de Utiliza\u00e7\u00e3o: Modo de uso: Casa de banho e cozinha: misture 1\/2 garrafa em 3 a 4 litros de \u00e1gua quente a 50 \u00b0, em seguida, despeje a mistura no ralo entupido, deixe atuar durante a noite e enx\u00e1gue com \u00e1gua quente na manh\u00e3 seguinte. Repita a opera\u00e7\u00e3o se necess\u00e1rio. WC : misture 1\/2 garrafa em 5 litros de \u00e1gua quente a 50 \u00b0, deixe arrefecer e despeje a mistura no vaso sanit\u00e1rio ativando o autoclismo ou diretamente na fossa s\u00e9ptica. N\u00e3o cont\u00e9m microorganismos patog\u00eanicos, compostos t\u00f3xicos ou corrosivos (v\u00e1rios \u00e1cidos ou produtos c\u00e1usticos). A\u00e7\u00e3o por meios naturais (processo enzim\u00e1tico). N\u00e3o testado em animais. Produto certificado pela ECOCERT-\u00c9CODETERGENT.\" \/>\n<meta property=\"og:url\" content=\"https:\/\/biocabaz.pt\/web\/produto\/desentupidor-de-canalizacoes-arcy-vert-500ml\/\" \/>\n<meta property=\"og:site_name\" content=\"BIOCABAZ - CABAZES BIOL\u00d3GICOS\" \/>\n<meta property=\"article:modified_time\" content=\"2026-02-04T21:44:37+00:00\" \/>\n<meta property=\"og:image\" content=\"https:\/\/www.biocabaz.pt\/web\/wp-conteudos\/uploads\/2021\/08\/tubing-cleaner-arcy-vert-500ml.jpg\" \/>\n\t<meta property=\"og:image:width\" content=\"357\" \/>\n\t<meta property=\"og:image:height\" content=\"280\" \/>\n\t<meta property=\"og:image:type\" content=\"image\/jpeg\" \/>\n<meta name=\"twitter:card\" content=\"summary_large_image\" \/>\n<script type=\"application\/ld+json\" class=\"yoast-schema-graph\">{\"@context\":\"https:\/\/schema.org\",\"@graph\":[{\"@type\":\"WebPage\",\"@id\":\"https:\/\/biocabaz.pt\/web\/produto\/desentupidor-de-canalizacoes-arcy-vert-500ml\/\",\"url\":\"https:\/\/biocabaz.pt\/web\/produto\/desentupidor-de-canalizacoes-arcy-vert-500ml\/\",\"name\":\"desentupidor de canaliza\u00e7\u00f5es arcy vert 500ml\",\"isPartOf\":{\"@id\":\"https:\/\/biocabaz.pt\/web\/en\/#website\"},\"primaryImageOfPage\":{\"@id\":\"https:\/\/biocabaz.pt\/web\/produto\/desentupidor-de-canalizacoes-arcy-vert-500ml\/#primaryimage\"},\"image\":{\"@id\":\"https:\/\/biocabaz.pt\/web\/produto\/desentupidor-de-canalizacoes-arcy-vert-500ml\/#primaryimage\"},\"thumbnailUrl\":\"https:\/\/www.biocabaz.pt\/web\/wp-conteudos\/uploads\/2021\/08\/tubing-cleaner-arcy-vert-500ml.jpg\",\"datePublished\":\"2021-08-26T11:33:59+00:00\",\"dateModified\":\"2026-02-04T21:44:37+00:00\",\"breadcrumb\":{\"@id\":\"https:\/\/biocabaz.pt\/web\/produto\/desentupidor-de-canalizacoes-arcy-vert-500ml\/#breadcrumb\"},\"inLanguage\":\"pt-PT\",\"potentialAction\":[{\"@type\":\"ReadAction\",\"target\":[\"https:\/\/biocabaz.pt\/web\/produto\/desentupidor-de-canalizacoes-arcy-vert-500ml\/\"]}]},{\"@type\":\"ImageObject\",\"inLanguage\":\"pt-PT\",\"@id\":\"https:\/\/biocabaz.pt\/web\/produto\/desentupidor-de-canalizacoes-arcy-vert-500ml\/#primaryimage\",\"url\":\"https:\/\/www.biocabaz.pt\/web\/wp-conteudos\/uploads\/2021\/08\/tubing-cleaner-arcy-vert-500ml.jpg\",\"contentUrl\":\"https:\/\/www.biocabaz.pt\/web\/wp-conteudos\/uploads\/2021\/08\/tubing-cleaner-arcy-vert-500ml.jpg\",\"width\":357,\"height\":280,\"caption\":\"desentupidor de canaliza\u00e7\u00f5es arcy vert 500ml\"},{\"@type\":\"BreadcrumbList\",\"@id\":\"https:\/\/biocabaz.pt\/web\/produto\/desentupidor-de-canalizacoes-arcy-vert-500ml\/#breadcrumb\",\"itemListElement\":[{\"@type\":\"ListItem\",\"position\":1,\"name\":\"Home\",\"item\":\"https:\/\/biocabaz.pt\/web\/en\/\"},{\"@type\":\"ListItem\",\"position\":2,\"name\":\"Loja\",\"item\":\"https:\/\/biocabaz.pt\/web\/shop\/\"},{\"@type\":\"ListItem\",\"position\":3,\"name\":\"desentupidor de canaliza\u00e7\u00f5es arcy vert 500ml\"}]},{\"@type\":\"WebSite\",\"@id\":\"https:\/\/biocabaz.pt\/web\/en\/#website\",\"url\":\"https:\/\/biocabaz.pt\/web\/en\/\",\"name\":\"BIOCABAZ - CABAZES BIOL\u00d3GICOS\",\"description\":\"O melhor que a terra d\u00e1 \u00e9 para si\",\"potentialAction\":[{\"@type\":\"SearchAction\",\"target\":{\"@type\":\"EntryPoint\",\"urlTemplate\":\"https:\/\/biocabaz.pt\/web\/en\/?s={search_term_string}\"},\"query-input\":{\"@type\":\"PropertyValueSpecification\",\"valueRequired\":true,\"valueName\":\"search_term_string\"}}],\"inLanguage\":\"pt-PT\"}]}<\/script>\n<!-- \/ Yoast SEO plugin. -->","yoast_head_json":{"title":"desentupidor de canaliza\u00e7\u00f5es arcy vert 500ml","robots":{"index":"index","follow":"follow","max-snippet":"max-snippet:-1","max-image-preview":"max-image-preview:large","max-video-preview":"max-video-preview:-1"},"canonical":"https:\/\/biocabaz.pt\/web\/produto\/desentupidor-de-canalizacoes-arcy-vert-500ml\/","og_locale":"pt_PT","og_type":"article","og_title":"[:en]ARCY VERT DRAIN CLEANER 500ML[:pt]desentupidor de canaliza\u00e7\u00f5es arcy vert 500ml[:] - BIOCABAZ - CABAZES BIOL\u00d3GICOS","og_description":"Desbloqueador macio e inodoro, as 2 enzimas que ele cont\u00e9m tratam o ac\u00famulo de materiais: prote\u00ednas, gorduras, cabelo. Este produto \u00e9 especialmente indicado para desbloquear canos de banheiro ou cozinha. Composi\u00e7\u00e3o: Menos de 5% de surfactantes n\u00e3o i\u00f4nicos, Enzimas, Bacilos. Tamb\u00e9m cont\u00e9m: \u00e1gua, emolientes, agentes sequestrantes e conservantes. 99,7% dos ingredientes s\u00e3o de origem natural.Modo de Utiliza\u00e7\u00e3o: Modo de uso: Casa de banho e cozinha: misture 1\/2 garrafa em 3 a 4 litros de \u00e1gua quente a 50 \u00b0, em seguida, despeje a mistura no ralo entupido, deixe atuar durante a noite e enx\u00e1gue com \u00e1gua quente na manh\u00e3 seguinte. Repita a opera\u00e7\u00e3o se necess\u00e1rio. WC : misture 1\/2 garrafa em 5 litros de \u00e1gua quente a 50 \u00b0, deixe arrefecer e despeje a mistura no vaso sanit\u00e1rio ativando o autoclismo ou diretamente na fossa s\u00e9ptica. N\u00e3o cont\u00e9m microorganismos patog\u00eanicos, compostos t\u00f3xicos ou corrosivos (v\u00e1rios \u00e1cidos ou produtos c\u00e1usticos). A\u00e7\u00e3o por meios naturais (processo enzim\u00e1tico). N\u00e3o testado em animais. Produto certificado pela ECOCERT-\u00c9CODETERGENT.","og_url":"https:\/\/biocabaz.pt\/web\/produto\/desentupidor-de-canalizacoes-arcy-vert-500ml\/","og_site_name":"BIOCABAZ - CABAZES BIOL\u00d3GICOS","article_modified_time":"2026-02-04T21:44:37+00:00","og_image":[{"width":357,"height":280,"url":"https:\/\/www.biocabaz.pt\/web\/wp-conteudos\/uploads\/2021\/08\/tubing-cleaner-arcy-vert-500ml.jpg","type":"image\/jpeg"}],"twitter_card":"summary_large_image","schema":{"@context":"https:\/\/schema.org","@graph":[{"@type":"WebPage","@id":"https:\/\/biocabaz.pt\/web\/produto\/desentupidor-de-canalizacoes-arcy-vert-500ml\/","url":"https:\/\/biocabaz.pt\/web\/produto\/desentupidor-de-canalizacoes-arcy-vert-500ml\/","name":"desentupidor de canaliza\u00e7\u00f5es arcy vert 500ml","isPartOf":{"@id":"https:\/\/biocabaz.pt\/web\/en\/#website"},"primaryImageOfPage":{"@id":"https:\/\/biocabaz.pt\/web\/produto\/desentupidor-de-canalizacoes-arcy-vert-500ml\/#primaryimage"},"image":{"@id":"https:\/\/biocabaz.pt\/web\/produto\/desentupidor-de-canalizacoes-arcy-vert-500ml\/#primaryimage"},"thumbnailUrl":"https:\/\/www.biocabaz.pt\/web\/wp-conteudos\/uploads\/2021\/08\/tubing-cleaner-arcy-vert-500ml.jpg","datePublished":"2021-08-26T11:33:59+00:00","dateModified":"2026-02-04T21:44:37+00:00","breadcrumb":{"@id":"https:\/\/biocabaz.pt\/web\/produto\/desentupidor-de-canalizacoes-arcy-vert-500ml\/#breadcrumb"},"inLanguage":"pt-PT","potentialAction":[{"@type":"ReadAction","target":["https:\/\/biocabaz.pt\/web\/produto\/desentupidor-de-canalizacoes-arcy-vert-500ml\/"]}]},{"@type":"ImageObject","inLanguage":"pt-PT","@id":"https:\/\/biocabaz.pt\/web\/produto\/desentupidor-de-canalizacoes-arcy-vert-500ml\/#primaryimage","url":"https:\/\/www.biocabaz.pt\/web\/wp-conteudos\/uploads\/2021\/08\/tubing-cleaner-arcy-vert-500ml.jpg","contentUrl":"https:\/\/www.biocabaz.pt\/web\/wp-conteudos\/uploads\/2021\/08\/tubing-cleaner-arcy-vert-500ml.jpg","width":357,"height":280,"caption":"desentupidor de canaliza\u00e7\u00f5es arcy vert 500ml"},{"@type":"BreadcrumbList","@id":"https:\/\/biocabaz.pt\/web\/produto\/desentupidor-de-canalizacoes-arcy-vert-500ml\/#breadcrumb","itemListElement":[{"@type":"ListItem","position":1,"name":"Home","item":"https:\/\/biocabaz.pt\/web\/en\/"},{"@type":"ListItem","position":2,"name":"Loja","item":"https:\/\/biocabaz.pt\/web\/shop\/"},{"@type":"ListItem","position":3,"name":"desentupidor de canaliza\u00e7\u00f5es arcy vert 500ml"}]},{"@type":"WebSite","@id":"https:\/\/biocabaz.pt\/web\/en\/#website","url":"https:\/\/biocabaz.pt\/web\/en\/","name":"BIOCABAZ - CABAZES BIOL\u00d3GICOS","description":"O melhor que a terra d\u00e1 \u00e9 para si","potentialAction":[{"@type":"SearchAction","target":{"@type":"EntryPoint","urlTemplate":"https:\/\/biocabaz.pt\/web\/en\/?s={search_term_string}"},"query-input":{"@type":"PropertyValueSpecification","valueRequired":true,"valueName":"search_term_string"}}],"inLanguage":"pt-PT"}]}},"_links":{"self":[{"href":"https:\/\/biocabaz.pt\/web\/wp-json\/wp\/v2\/product\/74807","targetHints":{"allow":["GET"]}}],"collection":[{"href":"https:\/\/biocabaz.pt\/web\/wp-json\/wp\/v2\/product"}],"about":[{"href":"https:\/\/biocabaz.pt\/web\/wp-json\/wp\/v2\/types\/product"}],"replies":[{"embeddable":true,"href":"https:\/\/biocabaz.pt\/web\/wp-json\/wp\/v2\/comments?post=74807"}],"wp:featuredmedia":[{"embeddable":true,"href":"https:\/\/biocabaz.pt\/web\/wp-json\/wp\/v2\/media\/74809"}],"wp:attachment":[{"href":"https:\/\/biocabaz.pt\/web\/wp-json\/wp\/v2\/media?parent=74807"}],"wp:term":[{"taxonomy":"product_cat","embeddable":true,"href":"https:\/\/biocabaz.pt\/web\/wp-json\/wp\/v2\/product_cat?post=74807"},{"taxonomy":"product_tag","embeddable":true,"href":"https:\/\/biocabaz.pt\/web\/wp-json\/wp\/v2\/product_tag?post=74807"}],"curies":[{"name":"wp","href":"https:\/\/api.w.org\/{rel}","templated":true}]}}