{"id":74790,"date":"2021-08-26T10:49:04","date_gmt":"2021-08-26T10:49:04","guid":{"rendered":"https:\/\/www.biocabaz.pt\/web\/?post_type=product&#038;p=74790"},"modified":"2023-06-16T15:37:04","modified_gmt":"2023-06-16T15:37:04","slug":"acorelle-spray-solar-rosto-corpo-spf50","status":"publish","type":"product","link":"https:\/\/biocabaz.pt\/web\/produto\/acorelle-spray-solar-rosto-corpo-spf50\/","title":{"rendered":"ACORELLE &#8211; SPRAY SOLAR ROSTO\/CORPO SPF50"},"content":{"rendered":"","protected":false},"excerpt":{"rendered":"<p>Acorelle Sun Spray fr \/ gb FPS 50 oferece alta prote\u00e7\u00e3o natural e imediata contra os raios UVA e UVB, gra\u00e7as ao seu filtro mineral 100% natural que n\u00e3o penetra na barreira da pele e permanece em sua superf\u00edcie. Sua efic\u00e1cia \u00e9 comprovada por testes padronizados in vitro e in vivo adaptados a filtros minerais. Composi\u00e7\u00e3o: Carbonato de Dicaprilil, Di\u00f3xido de tit\u00e2nio, \u00d3leo de semente de Pongamia glabra Bio, \u00c9ter Dicapril\u00edlico, \u00c1lcool denat, Glicina (soja) \u00f3leo de soja Bio, Poligliceril-3 diisostearato, Hidr\u00f3xido de alum\u00ednio, \u00c1cido este\u00e1rico, \u00d3leo de semente de Rubus (framboesa) idaeus, Helianthus annuus (girassol) \u00f3leo h\u00edbrido Bio, \u00f3leo de fruta Olea (olive) europaea Bio, Tocoferol, extrato de pr\u00f3polis Bio, extrato de p\u00f3len Bio, extrato de raiz de Curcuma longa (c\u00farcuma) Bio.<br \/><b>Modo de Utiliza\u00e7\u00e3o:<\/b> \u00c9 aconselh\u00e1vel agitar antes de usar. Aplicar o produto em quantidade suficiente (cerca de 6 colheres de ch\u00e1 para um adulto) no corpo antes da exposi\u00e7\u00e3o ao sol.<\/p>\n<p>Se diminuir esta quantidade, corre o risco de reduzir a protec\u00e7\u00e3o da sua pele (pele queimada n\u00e3o \u00e9 pele bronzeada). Reaplique freq\u00fcentemente para manter a prote\u00e7\u00e3o, especialmente ap\u00f3s nadar, suar ou limpar.<\/p>\n","protected":false},"featured_media":74791,"comment_status":"closed","ping_status":"closed","template":"","meta":[],"product_cat":[94],"product_tag":[],"class_list":["post-74790","product","type-product","status-publish","has-post-thumbnail","hentry","product_cat-solares"],"bundle_layout":"","bundled_by":[],"bundled_items":[],"yoast_head":"<!-- This site is optimized with the Yoast SEO plugin v26.3 - https:\/\/yoast.com\/wordpress\/plugins\/seo\/ -->\n<title>ACORELLE - SPRAY SOLAR ROSTO\/CORPO SPF50<\/title>\n<meta name=\"robots\" content=\"index, follow, max-snippet:-1, max-image-preview:large, max-video-preview:-1\" \/>\n<link rel=\"canonical\" href=\"https:\/\/biocabaz.pt\/web\/produto\/acorelle-spray-solar-rosto-corpo-spf50\/\" \/>\n<meta property=\"og:locale\" content=\"pt_PT\" \/>\n<meta property=\"og:locale:alternate\" content=\"en_US\" \/>\n<meta property=\"og:type\" content=\"article\" \/>\n<meta property=\"og:title\" content=\"ACORELLE - SPRAY SOLAR ROSTO\/CORPO SPF50\" \/>\n<meta property=\"og:description\" content=\"Acorelle Sun Spray fr \/ gb FPS 50 oferece alta prote\u00e7\u00e3o natural e imediata contra os raios UVA e UVB, gra\u00e7as ao seu filtro mineral 100% natural que n\u00e3o penetra na barreira da pele e permanece em sua superf\u00edcie. Sua efic\u00e1cia \u00e9 comprovada por testes padronizados in vitro e in vivo adaptados a filtros minerais. Composi\u00e7\u00e3o: Carbonato de Dicaprilil, Di\u00f3xido de tit\u00e2nio, \u00d3leo de semente de Pongamia glabra Bio, \u00c9ter Dicapril\u00edlico, \u00c1lcool denat, Glicina (soja) \u00f3leo de soja Bio, Poligliceril-3 diisostearato, Hidr\u00f3xido de alum\u00ednio, \u00c1cido este\u00e1rico, \u00d3leo de semente de Rubus (framboesa) idaeus, Helianthus annuus (girassol) \u00f3leo h\u00edbrido Bio, \u00f3leo de fruta Olea (olive) europaea Bio, Tocoferol, extrato de pr\u00f3polis Bio, extrato de p\u00f3len Bio, extrato de raiz de Curcuma longa (c\u00farcuma) Bio.Modo de Utiliza\u00e7\u00e3o: \u00c9 aconselh\u00e1vel agitar antes de usar. Aplicar o produto em quantidade suficiente (cerca de 6 colheres de ch\u00e1 para um adulto) no corpo antes da exposi\u00e7\u00e3o ao sol. Se diminuir esta quantidade, corre o risco de reduzir a protec\u00e7\u00e3o da sua pele (pele queimada n\u00e3o \u00e9 pele bronzeada). Reaplique freq\u00fcentemente para manter a prote\u00e7\u00e3o, especialmente ap\u00f3s nadar, suar ou limpar.\" \/>\n<meta property=\"og:url\" content=\"https:\/\/biocabaz.pt\/web\/produto\/acorelle-spray-solar-rosto-corpo-spf50\/\" \/>\n<meta property=\"og:site_name\" content=\"BIOCABAZ - CABAZES BIOL\u00d3GICOS\" \/>\n<meta property=\"article:modified_time\" content=\"2023-06-16T15:37:04+00:00\" \/>\n<meta property=\"og:image\" content=\"https:\/\/www.biocabaz.pt\/web\/wp-conteudos\/uploads\/2021\/08\/acorelle-spray-solar-rosto-e-corpo-spf50.jpg\" \/>\n\t<meta property=\"og:image:width\" content=\"527\" \/>\n\t<meta property=\"og:image:height\" content=\"581\" \/>\n\t<meta property=\"og:image:type\" content=\"image\/jpeg\" \/>\n<meta name=\"twitter:card\" content=\"summary_large_image\" \/>\n<script type=\"application\/ld+json\" class=\"yoast-schema-graph\">{\"@context\":\"https:\/\/schema.org\",\"@graph\":[{\"@type\":\"WebPage\",\"@id\":\"https:\/\/biocabaz.pt\/web\/produto\/acorelle-spray-solar-rosto-corpo-spf50\/\",\"url\":\"https:\/\/biocabaz.pt\/web\/produto\/acorelle-spray-solar-rosto-corpo-spf50\/\",\"name\":\"ACORELLE - SPRAY SOLAR ROSTO\/CORPO SPF50\",\"isPartOf\":{\"@id\":\"https:\/\/www.biocabaz.pt\/web\/#website\"},\"primaryImageOfPage\":{\"@id\":\"https:\/\/biocabaz.pt\/web\/produto\/acorelle-spray-solar-rosto-corpo-spf50\/#primaryimage\"},\"image\":{\"@id\":\"https:\/\/biocabaz.pt\/web\/produto\/acorelle-spray-solar-rosto-corpo-spf50\/#primaryimage\"},\"thumbnailUrl\":\"https:\/\/www.biocabaz.pt\/web\/wp-conteudos\/uploads\/2021\/08\/acorelle-spray-solar-rosto-e-corpo-spf50.jpg\",\"datePublished\":\"2021-08-26T10:49:04+00:00\",\"dateModified\":\"2023-06-16T15:37:04+00:00\",\"breadcrumb\":{\"@id\":\"https:\/\/biocabaz.pt\/web\/produto\/acorelle-spray-solar-rosto-corpo-spf50\/#breadcrumb\"},\"inLanguage\":\"pt-PT\",\"potentialAction\":[{\"@type\":\"ReadAction\",\"target\":[\"https:\/\/biocabaz.pt\/web\/produto\/acorelle-spray-solar-rosto-corpo-spf50\/\"]}]},{\"@type\":\"ImageObject\",\"inLanguage\":\"pt-PT\",\"@id\":\"https:\/\/biocabaz.pt\/web\/produto\/acorelle-spray-solar-rosto-corpo-spf50\/#primaryimage\",\"url\":\"https:\/\/www.biocabaz.pt\/web\/wp-conteudos\/uploads\/2021\/08\/acorelle-spray-solar-rosto-e-corpo-spf50.jpg\",\"contentUrl\":\"https:\/\/www.biocabaz.pt\/web\/wp-conteudos\/uploads\/2021\/08\/acorelle-spray-solar-rosto-e-corpo-spf50.jpg\",\"width\":527,\"height\":581,\"caption\":\"ACORELLE - SPRAY SOLAR ROSTO\/CORPO SPF50\"},{\"@type\":\"BreadcrumbList\",\"@id\":\"https:\/\/biocabaz.pt\/web\/produto\/acorelle-spray-solar-rosto-corpo-spf50\/#breadcrumb\",\"itemListElement\":[{\"@type\":\"ListItem\",\"position\":1,\"name\":\"Home\",\"item\":\"https:\/\/www.biocabaz.pt\/web\/\"},{\"@type\":\"ListItem\",\"position\":2,\"name\":\"Loja\",\"item\":\"https:\/\/www.biocabaz.pt\/web\/shop\/\"},{\"@type\":\"ListItem\",\"position\":3,\"name\":\"ACORELLE &#8211; SPRAY SOLAR ROSTO\/CORPO SPF50\"}]},{\"@type\":\"WebSite\",\"@id\":\"https:\/\/www.biocabaz.pt\/web\/#website\",\"url\":\"https:\/\/www.biocabaz.pt\/web\/\",\"name\":\"BIOCABAZ - CABAZES BIOL\u00d3GICOS\",\"description\":\"O melhor que a terra d\u00e1 \u00e9 para si\",\"potentialAction\":[{\"@type\":\"SearchAction\",\"target\":{\"@type\":\"EntryPoint\",\"urlTemplate\":\"https:\/\/www.biocabaz.pt\/web\/?s={search_term_string}\"},\"query-input\":{\"@type\":\"PropertyValueSpecification\",\"valueRequired\":true,\"valueName\":\"search_term_string\"}}],\"inLanguage\":\"pt-PT\"}]}<\/script>\n<!-- \/ Yoast SEO plugin. -->","yoast_head_json":{"title":"ACORELLE - SPRAY SOLAR ROSTO\/CORPO SPF50","robots":{"index":"index","follow":"follow","max-snippet":"max-snippet:-1","max-image-preview":"max-image-preview:large","max-video-preview":"max-video-preview:-1"},"canonical":"https:\/\/biocabaz.pt\/web\/produto\/acorelle-spray-solar-rosto-corpo-spf50\/","og_locale":"pt_PT","og_type":"article","og_title":"[:en]ACORELLE SPRAY SUNSCREEN SPF30 FACE & BODY SPF50[:pt]ACORELLE - SPRAY SOLAR ROSTO\/CORPO SPF50[:] - BIOCABAZ - CABAZES BIOL\u00d3GICOS","og_description":"Acorelle Sun Spray fr \/ gb FPS 50 oferece alta prote\u00e7\u00e3o natural e imediata contra os raios UVA e UVB, gra\u00e7as ao seu filtro mineral 100% natural que n\u00e3o penetra na barreira da pele e permanece em sua superf\u00edcie. Sua efic\u00e1cia \u00e9 comprovada por testes padronizados in vitro e in vivo adaptados a filtros minerais. Composi\u00e7\u00e3o: Carbonato de Dicaprilil, Di\u00f3xido de tit\u00e2nio, \u00d3leo de semente de Pongamia glabra Bio, \u00c9ter Dicapril\u00edlico, \u00c1lcool denat, Glicina (soja) \u00f3leo de soja Bio, Poligliceril-3 diisostearato, Hidr\u00f3xido de alum\u00ednio, \u00c1cido este\u00e1rico, \u00d3leo de semente de Rubus (framboesa) idaeus, Helianthus annuus (girassol) \u00f3leo h\u00edbrido Bio, \u00f3leo de fruta Olea (olive) europaea Bio, Tocoferol, extrato de pr\u00f3polis Bio, extrato de p\u00f3len Bio, extrato de raiz de Curcuma longa (c\u00farcuma) Bio.Modo de Utiliza\u00e7\u00e3o: \u00c9 aconselh\u00e1vel agitar antes de usar. Aplicar o produto em quantidade suficiente (cerca de 6 colheres de ch\u00e1 para um adulto) no corpo antes da exposi\u00e7\u00e3o ao sol. Se diminuir esta quantidade, corre o risco de reduzir a protec\u00e7\u00e3o da sua pele (pele queimada n\u00e3o \u00e9 pele bronzeada). Reaplique freq\u00fcentemente para manter a prote\u00e7\u00e3o, especialmente ap\u00f3s nadar, suar ou limpar.","og_url":"https:\/\/biocabaz.pt\/web\/produto\/acorelle-spray-solar-rosto-corpo-spf50\/","og_site_name":"BIOCABAZ - CABAZES BIOL\u00d3GICOS","article_modified_time":"2023-06-16T15:37:04+00:00","og_image":[{"width":527,"height":581,"url":"https:\/\/www.biocabaz.pt\/web\/wp-conteudos\/uploads\/2021\/08\/acorelle-spray-solar-rosto-e-corpo-spf50.jpg","type":"image\/jpeg"}],"twitter_card":"summary_large_image","schema":{"@context":"https:\/\/schema.org","@graph":[{"@type":"WebPage","@id":"https:\/\/biocabaz.pt\/web\/produto\/acorelle-spray-solar-rosto-corpo-spf50\/","url":"https:\/\/biocabaz.pt\/web\/produto\/acorelle-spray-solar-rosto-corpo-spf50\/","name":"ACORELLE - SPRAY SOLAR ROSTO\/CORPO SPF50","isPartOf":{"@id":"https:\/\/www.biocabaz.pt\/web\/#website"},"primaryImageOfPage":{"@id":"https:\/\/biocabaz.pt\/web\/produto\/acorelle-spray-solar-rosto-corpo-spf50\/#primaryimage"},"image":{"@id":"https:\/\/biocabaz.pt\/web\/produto\/acorelle-spray-solar-rosto-corpo-spf50\/#primaryimage"},"thumbnailUrl":"https:\/\/www.biocabaz.pt\/web\/wp-conteudos\/uploads\/2021\/08\/acorelle-spray-solar-rosto-e-corpo-spf50.jpg","datePublished":"2021-08-26T10:49:04+00:00","dateModified":"2023-06-16T15:37:04+00:00","breadcrumb":{"@id":"https:\/\/biocabaz.pt\/web\/produto\/acorelle-spray-solar-rosto-corpo-spf50\/#breadcrumb"},"inLanguage":"pt-PT","potentialAction":[{"@type":"ReadAction","target":["https:\/\/biocabaz.pt\/web\/produto\/acorelle-spray-solar-rosto-corpo-spf50\/"]}]},{"@type":"ImageObject","inLanguage":"pt-PT","@id":"https:\/\/biocabaz.pt\/web\/produto\/acorelle-spray-solar-rosto-corpo-spf50\/#primaryimage","url":"https:\/\/www.biocabaz.pt\/web\/wp-conteudos\/uploads\/2021\/08\/acorelle-spray-solar-rosto-e-corpo-spf50.jpg","contentUrl":"https:\/\/www.biocabaz.pt\/web\/wp-conteudos\/uploads\/2021\/08\/acorelle-spray-solar-rosto-e-corpo-spf50.jpg","width":527,"height":581,"caption":"ACORELLE - SPRAY SOLAR ROSTO\/CORPO SPF50"},{"@type":"BreadcrumbList","@id":"https:\/\/biocabaz.pt\/web\/produto\/acorelle-spray-solar-rosto-corpo-spf50\/#breadcrumb","itemListElement":[{"@type":"ListItem","position":1,"name":"Home","item":"https:\/\/www.biocabaz.pt\/web\/"},{"@type":"ListItem","position":2,"name":"Loja","item":"https:\/\/www.biocabaz.pt\/web\/shop\/"},{"@type":"ListItem","position":3,"name":"ACORELLE &#8211; SPRAY SOLAR ROSTO\/CORPO SPF50"}]},{"@type":"WebSite","@id":"https:\/\/www.biocabaz.pt\/web\/#website","url":"https:\/\/www.biocabaz.pt\/web\/","name":"BIOCABAZ - CABAZES BIOL\u00d3GICOS","description":"O melhor que a terra d\u00e1 \u00e9 para si","potentialAction":[{"@type":"SearchAction","target":{"@type":"EntryPoint","urlTemplate":"https:\/\/www.biocabaz.pt\/web\/?s={search_term_string}"},"query-input":{"@type":"PropertyValueSpecification","valueRequired":true,"valueName":"search_term_string"}}],"inLanguage":"pt-PT"}]}},"_links":{"self":[{"href":"https:\/\/biocabaz.pt\/web\/wp-json\/wp\/v2\/product\/74790","targetHints":{"allow":["GET"]}}],"collection":[{"href":"https:\/\/biocabaz.pt\/web\/wp-json\/wp\/v2\/product"}],"about":[{"href":"https:\/\/biocabaz.pt\/web\/wp-json\/wp\/v2\/types\/product"}],"replies":[{"embeddable":true,"href":"https:\/\/biocabaz.pt\/web\/wp-json\/wp\/v2\/comments?post=74790"}],"wp:featuredmedia":[{"embeddable":true,"href":"https:\/\/biocabaz.pt\/web\/wp-json\/wp\/v2\/media\/74791"}],"wp:attachment":[{"href":"https:\/\/biocabaz.pt\/web\/wp-json\/wp\/v2\/media?parent=74790"}],"wp:term":[{"taxonomy":"product_cat","embeddable":true,"href":"https:\/\/biocabaz.pt\/web\/wp-json\/wp\/v2\/product_cat?post=74790"},{"taxonomy":"product_tag","embeddable":true,"href":"https:\/\/biocabaz.pt\/web\/wp-json\/wp\/v2\/product_tag?post=74790"}],"curies":[{"name":"wp","href":"https:\/\/api.w.org\/{rel}","templated":true}]}}