{"id":74781,"date":"2021-08-26T10:33:47","date_gmt":"2021-08-26T10:33:47","guid":{"rendered":"https:\/\/www.biocabaz.pt\/web\/?post_type=product&#038;p=74781"},"modified":"2022-09-29T15:34:07","modified_gmt":"2022-09-29T15:34:07","slug":"fio-dentario-menta-fresca-50m","status":"publish","type":"product","link":"https:\/\/biocabaz.pt\/web\/produto\/fio-dentario-menta-fresca-50m\/","title":{"rendered":"FIO DENT\u00c1RIO MENTA FRESCA 50M"},"content":{"rendered":"","protected":false},"excerpt":{"rendered":"<p>VEGAN &#8211; 50 metros<br \/>\nCom cera de candelilha [\u00e9 uma cera purificada obtida das folhas de candelilha (Euphorbia antisyphilitica)] e xilitol<br \/>\nEste fio dent\u00e1rio foi desenvolvido por dentistas que se preocupam com a sa\u00fade dos utilizadores, o ambiente e as necessidades das crian\u00e7as desfavorecidas.<br \/>\nO fio dent\u00e1rio da Humble Co. \u00e9 forte e resistente (n\u00e3o se desfia facilmente), com uma fina pel\u00edcula protetora de cera natural para facilitar a utiliza\u00e7\u00e3o e xilitol, que promove a remineraliza\u00e7\u00e3o do esmalte. Este produto \u00e9 \u00fatil para os dentes, gengivas e h\u00e1lito.<br \/>\nA embalagem \u00e9 amiga do ambiente e pode ser descartada juntamente com o lixo org\u00e2nico.<br \/><b>Modo de Utiliza\u00e7\u00e3o:<\/b> Sugest\u00f5es de Utiliza\u00e7\u00e3o:<br \/>\nA sua utiliza\u00e7\u00e3o \u00e9 \u00fatil na preven\u00e7\u00e3o de doen\u00e7as das gengivas e mau h\u00e1lito. Recomenda-se usar fio dent\u00e1rio uma vez por dia e escovagem duas vezes por dia com uma escova de bambu e pasta dent\u00edfrica Humble Co.<br \/>\nCondi\u00e7\u00f5es de Conserva\u00e7\u00e3o:<br \/>\nConservar em local fresco e seco<\/p>\n","protected":false},"featured_media":74782,"comment_status":"closed","ping_status":"closed","template":"","meta":[],"product_cat":[93],"product_tag":[],"class_list":["post-74781","product","type-product","status-publish","has-post-thumbnail","hentry","product_cat-higiene-oral"],"bundle_layout":"","bundled_by":[],"bundled_items":[],"yoast_head":"<!-- This site is optimized with the Yoast SEO plugin v26.3 - https:\/\/yoast.com\/wordpress\/plugins\/seo\/ -->\n<title>FIO DENT\u00c1RIO MENTA FRESCA 50M<\/title>\n<meta name=\"robots\" content=\"index, follow, max-snippet:-1, max-image-preview:large, max-video-preview:-1\" \/>\n<link rel=\"canonical\" href=\"https:\/\/www.biocabaz.pt\/web\/en\/produto\/fio-dentario-menta-fresca-50m\/\" \/>\n<meta property=\"og:locale\" content=\"pt_PT\" \/>\n<meta property=\"og:locale:alternate\" content=\"en_US\" \/>\n<meta property=\"og:type\" content=\"article\" \/>\n<meta property=\"og:title\" content=\"FIO DENT\u00c1RIO MENTA FRESCA 50M\" \/>\n<meta property=\"og:description\" content=\"VEGAN - 50 metros Com cera de candelilha [\u00e9 uma cera purificada obtida das folhas de candelilha (Euphorbia antisyphilitica)] e xilitol Este fio dent\u00e1rio foi desenvolvido por dentistas que se preocupam com a sa\u00fade dos utilizadores, o ambiente e as necessidades das crian\u00e7as desfavorecidas. O fio dent\u00e1rio da Humble Co. \u00e9 forte e resistente (n\u00e3o se desfia facilmente), com uma fina pel\u00edcula protetora de cera natural para facilitar a utiliza\u00e7\u00e3o e xilitol, que promove a remineraliza\u00e7\u00e3o do esmalte. Este produto \u00e9 \u00fatil para os dentes, gengivas e h\u00e1lito. A embalagem \u00e9 amiga do ambiente e pode ser descartada juntamente com o lixo org\u00e2nico.Modo de Utiliza\u00e7\u00e3o: Sugest\u00f5es de Utiliza\u00e7\u00e3o: A sua utiliza\u00e7\u00e3o \u00e9 \u00fatil na preven\u00e7\u00e3o de doen\u00e7as das gengivas e mau h\u00e1lito. Recomenda-se usar fio dent\u00e1rio uma vez por dia e escovagem duas vezes por dia com uma escova de bambu e pasta dent\u00edfrica Humble Co. Condi\u00e7\u00f5es de Conserva\u00e7\u00e3o: Conservar em local fresco e seco\" \/>\n<meta property=\"og:url\" content=\"https:\/\/biocabaz.pt\/web\/produto\/fio-dentario-menta-fresca-50m\/\" \/>\n<meta property=\"og:site_name\" content=\"BIOCABAZ - CABAZES BIOL\u00d3GICOS\" \/>\n<meta property=\"article:modified_time\" content=\"2022-09-29T15:34:07+00:00\" \/>\n<meta property=\"og:image\" content=\"https:\/\/www.biocabaz.pt\/web\/wp-conteudos\/uploads\/2021\/08\/fio-dentario-menta-fresca-50m.jpg\" \/>\n\t<meta property=\"og:image:width\" content=\"600\" \/>\n\t<meta property=\"og:image:height\" content=\"600\" \/>\n\t<meta property=\"og:image:type\" content=\"image\/jpeg\" \/>\n<meta name=\"twitter:card\" content=\"summary_large_image\" \/>\n<script type=\"application\/ld+json\" class=\"yoast-schema-graph\">{\"@context\":\"https:\/\/schema.org\",\"@graph\":[{\"@type\":\"WebPage\",\"@id\":\"https:\/\/www.biocabaz.pt\/web\/en\/produto\/fio-dentario-menta-fresca-50m\/\",\"url\":\"https:\/\/www.biocabaz.pt\/web\/en\/produto\/fio-dentario-menta-fresca-50m\/\",\"name\":\"FIO DENT\u00c1RIO MENTA FRESCA 50M\",\"isPartOf\":{\"@id\":\"https:\/\/biocabaz.pt\/web\/#website\"},\"primaryImageOfPage\":{\"@id\":\"https:\/\/www.biocabaz.pt\/web\/en\/produto\/fio-dentario-menta-fresca-50m\/#primaryimage\"},\"image\":{\"@id\":\"https:\/\/www.biocabaz.pt\/web\/en\/produto\/fio-dentario-menta-fresca-50m\/#primaryimage\"},\"thumbnailUrl\":\"https:\/\/www.biocabaz.pt\/web\/wp-conteudos\/uploads\/2021\/08\/fio-dentario-menta-fresca-50m.jpg\",\"datePublished\":\"2021-08-26T10:33:47+00:00\",\"dateModified\":\"2022-09-29T15:34:07+00:00\",\"breadcrumb\":{\"@id\":\"https:\/\/www.biocabaz.pt\/web\/en\/produto\/fio-dentario-menta-fresca-50m\/#breadcrumb\"},\"inLanguage\":\"pt-PT\",\"potentialAction\":[{\"@type\":\"ReadAction\",\"target\":[\"https:\/\/www.biocabaz.pt\/web\/en\/produto\/fio-dentario-menta-fresca-50m\/\"]}]},{\"@type\":\"ImageObject\",\"inLanguage\":\"pt-PT\",\"@id\":\"https:\/\/www.biocabaz.pt\/web\/en\/produto\/fio-dentario-menta-fresca-50m\/#primaryimage\",\"url\":\"https:\/\/www.biocabaz.pt\/web\/wp-conteudos\/uploads\/2021\/08\/fio-dentario-menta-fresca-50m.jpg\",\"contentUrl\":\"https:\/\/www.biocabaz.pt\/web\/wp-conteudos\/uploads\/2021\/08\/fio-dentario-menta-fresca-50m.jpg\",\"width\":600,\"height\":600,\"caption\":\"FIO DENT\u00c1RIO MENTA FRESCA 50M\"},{\"@type\":\"BreadcrumbList\",\"@id\":\"https:\/\/www.biocabaz.pt\/web\/en\/produto\/fio-dentario-menta-fresca-50m\/#breadcrumb\",\"itemListElement\":[{\"@type\":\"ListItem\",\"position\":1,\"name\":\"Home\",\"item\":\"https:\/\/biocabaz.pt\/web\/\"},{\"@type\":\"ListItem\",\"position\":2,\"name\":\"Loja\",\"item\":\"https:\/\/biocabaz.pt\/web\/shop\/\"},{\"@type\":\"ListItem\",\"position\":3,\"name\":\"MINT DENTAL FLOSS 50M\"}]},{\"@type\":\"WebSite\",\"@id\":\"https:\/\/biocabaz.pt\/web\/#website\",\"url\":\"https:\/\/biocabaz.pt\/web\/\",\"name\":\"BIOCABAZ - CABAZES BIOL\u00d3GICOS\",\"description\":\"O melhor que a terra d\u00e1 \u00e9 para si\",\"potentialAction\":[{\"@type\":\"SearchAction\",\"target\":{\"@type\":\"EntryPoint\",\"urlTemplate\":\"https:\/\/biocabaz.pt\/web\/?s={search_term_string}\"},\"query-input\":{\"@type\":\"PropertyValueSpecification\",\"valueRequired\":true,\"valueName\":\"search_term_string\"}}],\"inLanguage\":\"pt-PT\"}]}<\/script>\n<!-- \/ Yoast SEO plugin. -->","yoast_head_json":{"title":"FIO DENT\u00c1RIO MENTA FRESCA 50M","robots":{"index":"index","follow":"follow","max-snippet":"max-snippet:-1","max-image-preview":"max-image-preview:large","max-video-preview":"max-video-preview:-1"},"canonical":"https:\/\/www.biocabaz.pt\/web\/en\/produto\/fio-dentario-menta-fresca-50m\/","og_locale":"pt_PT","og_type":"article","og_title":"[:en]MINT DENTAL FLOSS 50M[:pt]FIO DENT\u00c1RIO MENTA FRESCA 50M[:] - BIOCABAZ - CABAZES BIOL\u00d3GICOS","og_description":"VEGAN - 50 metros Com cera de candelilha [\u00e9 uma cera purificada obtida das folhas de candelilha (Euphorbia antisyphilitica)] e xilitol Este fio dent\u00e1rio foi desenvolvido por dentistas que se preocupam com a sa\u00fade dos utilizadores, o ambiente e as necessidades das crian\u00e7as desfavorecidas. O fio dent\u00e1rio da Humble Co. \u00e9 forte e resistente (n\u00e3o se desfia facilmente), com uma fina pel\u00edcula protetora de cera natural para facilitar a utiliza\u00e7\u00e3o e xilitol, que promove a remineraliza\u00e7\u00e3o do esmalte. Este produto \u00e9 \u00fatil para os dentes, gengivas e h\u00e1lito. A embalagem \u00e9 amiga do ambiente e pode ser descartada juntamente com o lixo org\u00e2nico.Modo de Utiliza\u00e7\u00e3o: Sugest\u00f5es de Utiliza\u00e7\u00e3o: A sua utiliza\u00e7\u00e3o \u00e9 \u00fatil na preven\u00e7\u00e3o de doen\u00e7as das gengivas e mau h\u00e1lito. Recomenda-se usar fio dent\u00e1rio uma vez por dia e escovagem duas vezes por dia com uma escova de bambu e pasta dent\u00edfrica Humble Co. Condi\u00e7\u00f5es de Conserva\u00e7\u00e3o: Conservar em local fresco e seco","og_url":"https:\/\/biocabaz.pt\/web\/produto\/fio-dentario-menta-fresca-50m\/","og_site_name":"BIOCABAZ - CABAZES BIOL\u00d3GICOS","article_modified_time":"2022-09-29T15:34:07+00:00","og_image":[{"width":600,"height":600,"url":"https:\/\/www.biocabaz.pt\/web\/wp-conteudos\/uploads\/2021\/08\/fio-dentario-menta-fresca-50m.jpg","type":"image\/jpeg"}],"twitter_card":"summary_large_image","schema":{"@context":"https:\/\/schema.org","@graph":[{"@type":"WebPage","@id":"https:\/\/www.biocabaz.pt\/web\/en\/produto\/fio-dentario-menta-fresca-50m\/","url":"https:\/\/www.biocabaz.pt\/web\/en\/produto\/fio-dentario-menta-fresca-50m\/","name":"FIO DENT\u00c1RIO MENTA FRESCA 50M","isPartOf":{"@id":"https:\/\/biocabaz.pt\/web\/#website"},"primaryImageOfPage":{"@id":"https:\/\/www.biocabaz.pt\/web\/en\/produto\/fio-dentario-menta-fresca-50m\/#primaryimage"},"image":{"@id":"https:\/\/www.biocabaz.pt\/web\/en\/produto\/fio-dentario-menta-fresca-50m\/#primaryimage"},"thumbnailUrl":"https:\/\/www.biocabaz.pt\/web\/wp-conteudos\/uploads\/2021\/08\/fio-dentario-menta-fresca-50m.jpg","datePublished":"2021-08-26T10:33:47+00:00","dateModified":"2022-09-29T15:34:07+00:00","breadcrumb":{"@id":"https:\/\/www.biocabaz.pt\/web\/en\/produto\/fio-dentario-menta-fresca-50m\/#breadcrumb"},"inLanguage":"pt-PT","potentialAction":[{"@type":"ReadAction","target":["https:\/\/www.biocabaz.pt\/web\/en\/produto\/fio-dentario-menta-fresca-50m\/"]}]},{"@type":"ImageObject","inLanguage":"pt-PT","@id":"https:\/\/www.biocabaz.pt\/web\/en\/produto\/fio-dentario-menta-fresca-50m\/#primaryimage","url":"https:\/\/www.biocabaz.pt\/web\/wp-conteudos\/uploads\/2021\/08\/fio-dentario-menta-fresca-50m.jpg","contentUrl":"https:\/\/www.biocabaz.pt\/web\/wp-conteudos\/uploads\/2021\/08\/fio-dentario-menta-fresca-50m.jpg","width":600,"height":600,"caption":"FIO DENT\u00c1RIO MENTA FRESCA 50M"},{"@type":"BreadcrumbList","@id":"https:\/\/www.biocabaz.pt\/web\/en\/produto\/fio-dentario-menta-fresca-50m\/#breadcrumb","itemListElement":[{"@type":"ListItem","position":1,"name":"Home","item":"https:\/\/biocabaz.pt\/web\/"},{"@type":"ListItem","position":2,"name":"Loja","item":"https:\/\/biocabaz.pt\/web\/shop\/"},{"@type":"ListItem","position":3,"name":"MINT DENTAL FLOSS 50M"}]},{"@type":"WebSite","@id":"https:\/\/biocabaz.pt\/web\/#website","url":"https:\/\/biocabaz.pt\/web\/","name":"BIOCABAZ - CABAZES BIOL\u00d3GICOS","description":"O melhor que a terra d\u00e1 \u00e9 para si","potentialAction":[{"@type":"SearchAction","target":{"@type":"EntryPoint","urlTemplate":"https:\/\/biocabaz.pt\/web\/?s={search_term_string}"},"query-input":{"@type":"PropertyValueSpecification","valueRequired":true,"valueName":"search_term_string"}}],"inLanguage":"pt-PT"}]}},"_links":{"self":[{"href":"https:\/\/biocabaz.pt\/web\/wp-json\/wp\/v2\/product\/74781","targetHints":{"allow":["GET"]}}],"collection":[{"href":"https:\/\/biocabaz.pt\/web\/wp-json\/wp\/v2\/product"}],"about":[{"href":"https:\/\/biocabaz.pt\/web\/wp-json\/wp\/v2\/types\/product"}],"replies":[{"embeddable":true,"href":"https:\/\/biocabaz.pt\/web\/wp-json\/wp\/v2\/comments?post=74781"}],"wp:featuredmedia":[{"embeddable":true,"href":"https:\/\/biocabaz.pt\/web\/wp-json\/wp\/v2\/media\/74782"}],"wp:attachment":[{"href":"https:\/\/biocabaz.pt\/web\/wp-json\/wp\/v2\/media?parent=74781"}],"wp:term":[{"taxonomy":"product_cat","embeddable":true,"href":"https:\/\/biocabaz.pt\/web\/wp-json\/wp\/v2\/product_cat?post=74781"},{"taxonomy":"product_tag","embeddable":true,"href":"https:\/\/biocabaz.pt\/web\/wp-json\/wp\/v2\/product_tag?post=74781"}],"curies":[{"name":"wp","href":"https:\/\/api.w.org\/{rel}","templated":true}]}}