{"id":74779,"date":"2021-08-26T10:30:31","date_gmt":"2021-08-26T10:30:31","guid":{"rendered":"https:\/\/www.biocabaz.pt\/web\/?post_type=product&#038;p=74779"},"modified":"2022-09-29T15:34:49","modified_gmt":"2022-09-29T15:34:49","slug":"pasta-de-dentes-para-criancas-com-fluor-sabor-a-morango","status":"publish","type":"product","link":"https:\/\/biocabaz.pt\/web\/produto\/pasta-de-dentes-para-criancas-com-fluor-sabor-a-morango\/","title":{"rendered":"PASTA DE DENTES PARA CRIAN\u00c7AS COM FL\u00daOR. SABOR A MORANGO"},"content":{"rendered":"","protected":false},"excerpt":{"rendered":"<p>Ingredientes: Sorbitol, Hydrated Silica, aqua, Xylitol, Lauryl Glucoside, Xanthan Gum, aroma, C77891, Sodium Fluoride, Sodium saccharin, aloe barbadensis leaf juice, sodium benzoate, potassium sorbate.<br \/><b>Modo de Utiliza\u00e7\u00e3o:<\/b> Advert\u00eancias:<br \/>\nSe estiver a tomar fl\u00faor proveniente de outras fontes, consulte o seu m\u00e9dico dentista ou m\u00e9dico assistente. Para uma prote\u00e7\u00e3o extra evitar o consumo de alimentos e bebidas \u00e1cidos e a\u00e7ucarados.<br \/>\nSugest\u00f5es de Utiliza\u00e7\u00e3o:<br \/>\nPara crian\u00e7as a partir dos 2 anos: utilizar uma quantidade do tamanho de uma ervilha, com supervis\u00e3o de um adulto durante a escovagem para minimizar a degluti\u00e7\u00e3o. Se estiver a tomar fl\u00faor proveniente de outras fontes, consulte o seu m\u00e9dico dentista ou m\u00e9dico assistente.<\/p>\n","protected":false},"featured_media":74780,"comment_status":"closed","ping_status":"closed","template":"","meta":[],"product_cat":[93],"product_tag":[],"class_list":["post-74779","product","type-product","status-publish","has-post-thumbnail","hentry","product_cat-higiene-oral"],"bundle_layout":"","bundled_by":[],"bundled_items":[],"yoast_head":"<!-- This site is optimized with the Yoast SEO plugin v26.3 - https:\/\/yoast.com\/wordpress\/plugins\/seo\/ -->\n<title>PASTA DE DENTES PARA CRIAN\u00c7AS COM FL\u00daOR. SABOR A MORANGO<\/title>\n<meta name=\"robots\" content=\"index, follow, max-snippet:-1, max-image-preview:large, max-video-preview:-1\" \/>\n<link rel=\"canonical\" href=\"https:\/\/www.biocabaz.pt\/web\/produto\/pasta-de-dentes-para-criancas-com-fluor-sabor-a-morango\/\" \/>\n<meta property=\"og:locale\" content=\"pt_PT\" \/>\n<meta property=\"og:locale:alternate\" content=\"en_US\" \/>\n<meta property=\"og:type\" content=\"article\" \/>\n<meta property=\"og:title\" content=\"PASTA DE DENTES PARA CRIAN\u00c7AS COM FL\u00daOR. SABOR A MORANGO\" \/>\n<meta property=\"og:description\" content=\"Ingredientes: Sorbitol, Hydrated Silica, aqua, Xylitol, Lauryl Glucoside, Xanthan Gum, aroma, C77891, Sodium Fluoride, Sodium saccharin, aloe barbadensis leaf juice, sodium benzoate, potassium sorbate.Modo de Utiliza\u00e7\u00e3o: Advert\u00eancias: Se estiver a tomar fl\u00faor proveniente de outras fontes, consulte o seu m\u00e9dico dentista ou m\u00e9dico assistente. Para uma prote\u00e7\u00e3o extra evitar o consumo de alimentos e bebidas \u00e1cidos e a\u00e7ucarados. Sugest\u00f5es de Utiliza\u00e7\u00e3o: Para crian\u00e7as a partir dos 2 anos: utilizar uma quantidade do tamanho de uma ervilha, com supervis\u00e3o de um adulto durante a escovagem para minimizar a degluti\u00e7\u00e3o. Se estiver a tomar fl\u00faor proveniente de outras fontes, consulte o seu m\u00e9dico dentista ou m\u00e9dico assistente.\" \/>\n<meta property=\"og:url\" content=\"https:\/\/biocabaz.pt\/web\/produto\/pasta-de-dentes-para-criancas-com-fluor-sabor-a-morango\/\" \/>\n<meta property=\"og:site_name\" content=\"BIOCABAZ - CABAZES BIOL\u00d3GICOS\" \/>\n<meta property=\"article:modified_time\" content=\"2022-09-29T15:34:49+00:00\" \/>\n<meta property=\"og:image\" content=\"https:\/\/www.biocabaz.pt\/web\/wp-conteudos\/uploads\/2021\/08\/pasta-de-dentes-para-criancas-com-fluor.-sabor-a-morango.jpg\" \/>\n\t<meta property=\"og:image:width\" content=\"600\" \/>\n\t<meta property=\"og:image:height\" content=\"600\" \/>\n\t<meta property=\"og:image:type\" content=\"image\/jpeg\" \/>\n<meta name=\"twitter:card\" content=\"summary_large_image\" \/>\n<script type=\"application\/ld+json\" class=\"yoast-schema-graph\">{\"@context\":\"https:\/\/schema.org\",\"@graph\":[{\"@type\":\"WebPage\",\"@id\":\"https:\/\/www.biocabaz.pt\/web\/produto\/pasta-de-dentes-para-criancas-com-fluor-sabor-a-morango\/\",\"url\":\"https:\/\/www.biocabaz.pt\/web\/produto\/pasta-de-dentes-para-criancas-com-fluor-sabor-a-morango\/\",\"name\":\"PASTA DE DENTES PARA CRIAN\u00c7AS COM FL\u00daOR. SABOR A MORANGO\",\"isPartOf\":{\"@id\":\"https:\/\/www.biocabaz.pt\/web\/en\/#website\"},\"primaryImageOfPage\":{\"@id\":\"https:\/\/www.biocabaz.pt\/web\/produto\/pasta-de-dentes-para-criancas-com-fluor-sabor-a-morango\/#primaryimage\"},\"image\":{\"@id\":\"https:\/\/www.biocabaz.pt\/web\/produto\/pasta-de-dentes-para-criancas-com-fluor-sabor-a-morango\/#primaryimage\"},\"thumbnailUrl\":\"https:\/\/www.biocabaz.pt\/web\/wp-conteudos\/uploads\/2021\/08\/pasta-de-dentes-para-criancas-com-fluor.-sabor-a-morango.jpg\",\"datePublished\":\"2021-08-26T10:30:31+00:00\",\"dateModified\":\"2022-09-29T15:34:49+00:00\",\"breadcrumb\":{\"@id\":\"https:\/\/www.biocabaz.pt\/web\/produto\/pasta-de-dentes-para-criancas-com-fluor-sabor-a-morango\/#breadcrumb\"},\"inLanguage\":\"pt-PT\",\"potentialAction\":[{\"@type\":\"ReadAction\",\"target\":[\"https:\/\/www.biocabaz.pt\/web\/produto\/pasta-de-dentes-para-criancas-com-fluor-sabor-a-morango\/\"]}]},{\"@type\":\"ImageObject\",\"inLanguage\":\"pt-PT\",\"@id\":\"https:\/\/www.biocabaz.pt\/web\/produto\/pasta-de-dentes-para-criancas-com-fluor-sabor-a-morango\/#primaryimage\",\"url\":\"https:\/\/www.biocabaz.pt\/web\/wp-conteudos\/uploads\/2021\/08\/pasta-de-dentes-para-criancas-com-fluor.-sabor-a-morango.jpg\",\"contentUrl\":\"https:\/\/www.biocabaz.pt\/web\/wp-conteudos\/uploads\/2021\/08\/pasta-de-dentes-para-criancas-com-fluor.-sabor-a-morango.jpg\",\"width\":600,\"height\":600,\"caption\":\"PASTA DE DENTES PARA CRIAN\u00c7AS COM FL\u00daOR. SABOR A MORANGO\"},{\"@type\":\"BreadcrumbList\",\"@id\":\"https:\/\/www.biocabaz.pt\/web\/produto\/pasta-de-dentes-para-criancas-com-fluor-sabor-a-morango\/#breadcrumb\",\"itemListElement\":[{\"@type\":\"ListItem\",\"position\":1,\"name\":\"Home\",\"item\":\"https:\/\/www.biocabaz.pt\/web\/en\/\"},{\"@type\":\"ListItem\",\"position\":2,\"name\":\"Shop\",\"item\":\"https:\/\/www.biocabaz.pt\/web\/en\/shop\/\"},{\"@type\":\"ListItem\",\"position\":3,\"name\":\"PASTA DE DENTES PARA CRIAN\u00c7AS COM FL\u00daOR. SABOR A MORANGO\"}]},{\"@type\":\"WebSite\",\"@id\":\"https:\/\/www.biocabaz.pt\/web\/en\/#website\",\"url\":\"https:\/\/www.biocabaz.pt\/web\/en\/\",\"name\":\"BIOCABAZ - CABAZES BIOL\u00d3GICOS\",\"description\":\"O melhor que a terra d\u00e1 \u00e9 para si\",\"potentialAction\":[{\"@type\":\"SearchAction\",\"target\":{\"@type\":\"EntryPoint\",\"urlTemplate\":\"https:\/\/www.biocabaz.pt\/web\/en\/?s={search_term_string}\"},\"query-input\":{\"@type\":\"PropertyValueSpecification\",\"valueRequired\":true,\"valueName\":\"search_term_string\"}}],\"inLanguage\":\"pt-PT\"}]}<\/script>\n<!-- \/ Yoast SEO plugin. -->","yoast_head_json":{"title":"PASTA DE DENTES PARA CRIAN\u00c7AS COM FL\u00daOR. SABOR A MORANGO","robots":{"index":"index","follow":"follow","max-snippet":"max-snippet:-1","max-image-preview":"max-image-preview:large","max-video-preview":"max-video-preview:-1"},"canonical":"https:\/\/www.biocabaz.pt\/web\/produto\/pasta-de-dentes-para-criancas-com-fluor-sabor-a-morango\/","og_locale":"pt_PT","og_type":"article","og_title":"[:en]KIDS FLUORIDE TOOTHPASTE STRAWBERRY FLAVOUR[:pt]PASTA DE DENTES PARA CRIAN\u00c7AS COM FL\u00daOR. SABOR A MORANGO[:] - BIOCABAZ - CABAZES BIOL\u00d3GICOS","og_description":"Ingredientes: Sorbitol, Hydrated Silica, aqua, Xylitol, Lauryl Glucoside, Xanthan Gum, aroma, C77891, Sodium Fluoride, Sodium saccharin, aloe barbadensis leaf juice, sodium benzoate, potassium sorbate.Modo de Utiliza\u00e7\u00e3o: Advert\u00eancias: Se estiver a tomar fl\u00faor proveniente de outras fontes, consulte o seu m\u00e9dico dentista ou m\u00e9dico assistente. Para uma prote\u00e7\u00e3o extra evitar o consumo de alimentos e bebidas \u00e1cidos e a\u00e7ucarados. Sugest\u00f5es de Utiliza\u00e7\u00e3o: Para crian\u00e7as a partir dos 2 anos: utilizar uma quantidade do tamanho de uma ervilha, com supervis\u00e3o de um adulto durante a escovagem para minimizar a degluti\u00e7\u00e3o. Se estiver a tomar fl\u00faor proveniente de outras fontes, consulte o seu m\u00e9dico dentista ou m\u00e9dico assistente.","og_url":"https:\/\/biocabaz.pt\/web\/produto\/pasta-de-dentes-para-criancas-com-fluor-sabor-a-morango\/","og_site_name":"BIOCABAZ - CABAZES BIOL\u00d3GICOS","article_modified_time":"2022-09-29T15:34:49+00:00","og_image":[{"width":600,"height":600,"url":"https:\/\/www.biocabaz.pt\/web\/wp-conteudos\/uploads\/2021\/08\/pasta-de-dentes-para-criancas-com-fluor.-sabor-a-morango.jpg","type":"image\/jpeg"}],"twitter_card":"summary_large_image","schema":{"@context":"https:\/\/schema.org","@graph":[{"@type":"WebPage","@id":"https:\/\/www.biocabaz.pt\/web\/produto\/pasta-de-dentes-para-criancas-com-fluor-sabor-a-morango\/","url":"https:\/\/www.biocabaz.pt\/web\/produto\/pasta-de-dentes-para-criancas-com-fluor-sabor-a-morango\/","name":"PASTA DE DENTES PARA CRIAN\u00c7AS COM FL\u00daOR. SABOR A MORANGO","isPartOf":{"@id":"https:\/\/www.biocabaz.pt\/web\/en\/#website"},"primaryImageOfPage":{"@id":"https:\/\/www.biocabaz.pt\/web\/produto\/pasta-de-dentes-para-criancas-com-fluor-sabor-a-morango\/#primaryimage"},"image":{"@id":"https:\/\/www.biocabaz.pt\/web\/produto\/pasta-de-dentes-para-criancas-com-fluor-sabor-a-morango\/#primaryimage"},"thumbnailUrl":"https:\/\/www.biocabaz.pt\/web\/wp-conteudos\/uploads\/2021\/08\/pasta-de-dentes-para-criancas-com-fluor.-sabor-a-morango.jpg","datePublished":"2021-08-26T10:30:31+00:00","dateModified":"2022-09-29T15:34:49+00:00","breadcrumb":{"@id":"https:\/\/www.biocabaz.pt\/web\/produto\/pasta-de-dentes-para-criancas-com-fluor-sabor-a-morango\/#breadcrumb"},"inLanguage":"pt-PT","potentialAction":[{"@type":"ReadAction","target":["https:\/\/www.biocabaz.pt\/web\/produto\/pasta-de-dentes-para-criancas-com-fluor-sabor-a-morango\/"]}]},{"@type":"ImageObject","inLanguage":"pt-PT","@id":"https:\/\/www.biocabaz.pt\/web\/produto\/pasta-de-dentes-para-criancas-com-fluor-sabor-a-morango\/#primaryimage","url":"https:\/\/www.biocabaz.pt\/web\/wp-conteudos\/uploads\/2021\/08\/pasta-de-dentes-para-criancas-com-fluor.-sabor-a-morango.jpg","contentUrl":"https:\/\/www.biocabaz.pt\/web\/wp-conteudos\/uploads\/2021\/08\/pasta-de-dentes-para-criancas-com-fluor.-sabor-a-morango.jpg","width":600,"height":600,"caption":"PASTA DE DENTES PARA CRIAN\u00c7AS COM FL\u00daOR. SABOR A MORANGO"},{"@type":"BreadcrumbList","@id":"https:\/\/www.biocabaz.pt\/web\/produto\/pasta-de-dentes-para-criancas-com-fluor-sabor-a-morango\/#breadcrumb","itemListElement":[{"@type":"ListItem","position":1,"name":"Home","item":"https:\/\/www.biocabaz.pt\/web\/en\/"},{"@type":"ListItem","position":2,"name":"Shop","item":"https:\/\/www.biocabaz.pt\/web\/en\/shop\/"},{"@type":"ListItem","position":3,"name":"PASTA DE DENTES PARA CRIAN\u00c7AS COM FL\u00daOR. SABOR A MORANGO"}]},{"@type":"WebSite","@id":"https:\/\/www.biocabaz.pt\/web\/en\/#website","url":"https:\/\/www.biocabaz.pt\/web\/en\/","name":"BIOCABAZ - CABAZES BIOL\u00d3GICOS","description":"O melhor que a terra d\u00e1 \u00e9 para si","potentialAction":[{"@type":"SearchAction","target":{"@type":"EntryPoint","urlTemplate":"https:\/\/www.biocabaz.pt\/web\/en\/?s={search_term_string}"},"query-input":{"@type":"PropertyValueSpecification","valueRequired":true,"valueName":"search_term_string"}}],"inLanguage":"pt-PT"}]}},"_links":{"self":[{"href":"https:\/\/biocabaz.pt\/web\/wp-json\/wp\/v2\/product\/74779","targetHints":{"allow":["GET"]}}],"collection":[{"href":"https:\/\/biocabaz.pt\/web\/wp-json\/wp\/v2\/product"}],"about":[{"href":"https:\/\/biocabaz.pt\/web\/wp-json\/wp\/v2\/types\/product"}],"replies":[{"embeddable":true,"href":"https:\/\/biocabaz.pt\/web\/wp-json\/wp\/v2\/comments?post=74779"}],"wp:featuredmedia":[{"embeddable":true,"href":"https:\/\/biocabaz.pt\/web\/wp-json\/wp\/v2\/media\/74780"}],"wp:attachment":[{"href":"https:\/\/biocabaz.pt\/web\/wp-json\/wp\/v2\/media?parent=74779"}],"wp:term":[{"taxonomy":"product_cat","embeddable":true,"href":"https:\/\/biocabaz.pt\/web\/wp-json\/wp\/v2\/product_cat?post=74779"},{"taxonomy":"product_tag","embeddable":true,"href":"https:\/\/biocabaz.pt\/web\/wp-json\/wp\/v2\/product_tag?post=74779"}],"curies":[{"name":"wp","href":"https:\/\/api.w.org\/{rel}","templated":true}]}}