{"id":74773,"date":"2021-08-26T09:39:45","date_gmt":"2021-08-26T09:39:45","guid":{"rendered":"https:\/\/www.biocabaz.pt\/web\/?post_type=product&#038;p=74773"},"modified":"2022-09-29T15:35:03","modified_gmt":"2022-09-29T15:35:03","slug":"pasta-de-dentes-kids-75ml-lavera","status":"publish","type":"product","link":"https:\/\/biocabaz.pt\/web\/produto\/pasta-de-dentes-kids-75ml-lavera\/","title":{"rendered":"PASTA DE DENTES KIDS 75ML LAVERA"},"content":{"rendered":"","protected":false},"excerpt":{"rendered":"<p>Descri\u00e7\u00e3o<br \/>\nO creme dental infantil Lavera bio e c\u00e1lcio sem fl\u00faor remove completamente os res\u00edduos de placa e alimentos. Isso \u00e9 muito importante, pois a placa bacteriana \u00e9 a principal respons\u00e1vel pelo aparecimento de c\u00e1rie.<\/p>\n<p>Propriedades e benef\u00edcios de Dent\u00edfrico Crian\u00e7as sem fl\u00faor de Cal\u00eandula Bio<br \/>\nO xilitol evita a forma\u00e7\u00e3o de placas e a produ\u00e7\u00e3o de \u00e1cidos nocivos para os dentes. E o melhor? As crian\u00e7as que est\u00e3o aprendendo a escovar os dentes podem ingerir essa pasta de dente. Composi\u00e7\u00e3o<br \/>\nCoco-Sulfato de s\u00f3dio, Lactato de s\u00f3dio, Sorbitol, Xilitol, Glicerina, Goma xantana, Extrato de flores de Calendula officinalis, Limoneno, Aqua, Suco de folhas de Aloe barbadensis, S\u00edlica hidratada, Extrato de raiz de Glycyrrhiza glabra, Aroma, Carbonato de c\u00e1lcio, Extrato de frutas Fragaria vesca.<\/p>\n","protected":false},"featured_media":74774,"comment_status":"closed","ping_status":"closed","template":"","meta":[],"product_cat":[93],"product_tag":[],"class_list":["post-74773","product","type-product","status-publish","has-post-thumbnail","hentry","product_cat-higiene-oral"],"bundle_layout":"","bundled_by":[],"bundled_items":[],"yoast_head":"<!-- This site is optimized with the Yoast SEO plugin v26.3 - https:\/\/yoast.com\/wordpress\/plugins\/seo\/ -->\n<title>PASTA DE DENTES KIDS 75ML LAVERA<\/title>\n<meta name=\"robots\" content=\"index, follow, max-snippet:-1, max-image-preview:large, max-video-preview:-1\" \/>\n<link rel=\"canonical\" href=\"https:\/\/www.biocabaz.pt\/web\/en\/produto\/pasta-de-dentes-kids-75ml-lavera\/\" \/>\n<meta property=\"og:locale\" content=\"pt_PT\" \/>\n<meta property=\"og:locale:alternate\" content=\"en_US\" \/>\n<meta property=\"og:type\" content=\"article\" \/>\n<meta property=\"og:title\" content=\"PASTA DE DENTES KIDS 75ML LAVERA\" \/>\n<meta property=\"og:description\" content=\"Descri\u00e7\u00e3o O creme dental infantil Lavera bio e c\u00e1lcio sem fl\u00faor remove completamente os res\u00edduos de placa e alimentos. Isso \u00e9 muito importante, pois a placa bacteriana \u00e9 a principal respons\u00e1vel pelo aparecimento de c\u00e1rie. Propriedades e benef\u00edcios de Dent\u00edfrico Crian\u00e7as sem fl\u00faor de Cal\u00eandula Bio O xilitol evita a forma\u00e7\u00e3o de placas e a produ\u00e7\u00e3o de \u00e1cidos nocivos para os dentes. E o melhor? As crian\u00e7as que est\u00e3o aprendendo a escovar os dentes podem ingerir essa pasta de dente. Composi\u00e7\u00e3o Coco-Sulfato de s\u00f3dio, Lactato de s\u00f3dio, Sorbitol, Xilitol, Glicerina, Goma xantana, Extrato de flores de Calendula officinalis, Limoneno, Aqua, Suco de folhas de Aloe barbadensis, S\u00edlica hidratada, Extrato de raiz de Glycyrrhiza glabra, Aroma, Carbonato de c\u00e1lcio, Extrato de frutas Fragaria vesca.\" \/>\n<meta property=\"og:url\" content=\"https:\/\/biocabaz.pt\/web\/produto\/pasta-de-dentes-kids-75ml-lavera\/\" \/>\n<meta property=\"og:site_name\" content=\"BIOCABAZ - CABAZES BIOL\u00d3GICOS\" \/>\n<meta property=\"article:modified_time\" content=\"2022-09-29T15:35:03+00:00\" \/>\n<meta property=\"og:image\" content=\"https:\/\/www.biocabaz.pt\/web\/wp-conteudos\/uploads\/2021\/08\/pasta-de-dentes-kids-75ml-lavera.jpg\" \/>\n\t<meta property=\"og:image:width\" content=\"450\" \/>\n\t<meta property=\"og:image:height\" content=\"450\" \/>\n\t<meta property=\"og:image:type\" content=\"image\/jpeg\" \/>\n<meta name=\"twitter:card\" content=\"summary_large_image\" \/>\n<script type=\"application\/ld+json\" class=\"yoast-schema-graph\">{\"@context\":\"https:\/\/schema.org\",\"@graph\":[{\"@type\":\"WebPage\",\"@id\":\"https:\/\/www.biocabaz.pt\/web\/en\/produto\/pasta-de-dentes-kids-75ml-lavera\/\",\"url\":\"https:\/\/www.biocabaz.pt\/web\/en\/produto\/pasta-de-dentes-kids-75ml-lavera\/\",\"name\":\"PASTA DE DENTES KIDS 75ML LAVERA\",\"isPartOf\":{\"@id\":\"https:\/\/www.biocabaz.pt\/web\/#website\"},\"primaryImageOfPage\":{\"@id\":\"https:\/\/www.biocabaz.pt\/web\/en\/produto\/pasta-de-dentes-kids-75ml-lavera\/#primaryimage\"},\"image\":{\"@id\":\"https:\/\/www.biocabaz.pt\/web\/en\/produto\/pasta-de-dentes-kids-75ml-lavera\/#primaryimage\"},\"thumbnailUrl\":\"https:\/\/www.biocabaz.pt\/web\/wp-conteudos\/uploads\/2021\/08\/pasta-de-dentes-kids-75ml-lavera.jpg\",\"datePublished\":\"2021-08-26T09:39:45+00:00\",\"dateModified\":\"2022-09-29T15:35:03+00:00\",\"breadcrumb\":{\"@id\":\"https:\/\/www.biocabaz.pt\/web\/en\/produto\/pasta-de-dentes-kids-75ml-lavera\/#breadcrumb\"},\"inLanguage\":\"pt-PT\",\"potentialAction\":[{\"@type\":\"ReadAction\",\"target\":[\"https:\/\/www.biocabaz.pt\/web\/en\/produto\/pasta-de-dentes-kids-75ml-lavera\/\"]}]},{\"@type\":\"ImageObject\",\"inLanguage\":\"pt-PT\",\"@id\":\"https:\/\/www.biocabaz.pt\/web\/en\/produto\/pasta-de-dentes-kids-75ml-lavera\/#primaryimage\",\"url\":\"https:\/\/www.biocabaz.pt\/web\/wp-conteudos\/uploads\/2021\/08\/pasta-de-dentes-kids-75ml-lavera.jpg\",\"contentUrl\":\"https:\/\/www.biocabaz.pt\/web\/wp-conteudos\/uploads\/2021\/08\/pasta-de-dentes-kids-75ml-lavera.jpg\",\"width\":450,\"height\":450,\"caption\":\"PASTA DE DENTES KIDS 75ML LAVERA\"},{\"@type\":\"BreadcrumbList\",\"@id\":\"https:\/\/www.biocabaz.pt\/web\/en\/produto\/pasta-de-dentes-kids-75ml-lavera\/#breadcrumb\",\"itemListElement\":[{\"@type\":\"ListItem\",\"position\":1,\"name\":\"Home\",\"item\":\"https:\/\/www.biocabaz.pt\/web\/\"},{\"@type\":\"ListItem\",\"position\":2,\"name\":\"Loja\",\"item\":\"https:\/\/www.biocabaz.pt\/web\/shop\/\"},{\"@type\":\"ListItem\",\"position\":3,\"name\":\"LAVERA KIDS TOOTHPASTE 75ML\"}]},{\"@type\":\"WebSite\",\"@id\":\"https:\/\/www.biocabaz.pt\/web\/#website\",\"url\":\"https:\/\/www.biocabaz.pt\/web\/\",\"name\":\"BIOCABAZ - CABAZES BIOL\u00d3GICOS\",\"description\":\"O melhor que a terra d\u00e1 \u00e9 para si\",\"potentialAction\":[{\"@type\":\"SearchAction\",\"target\":{\"@type\":\"EntryPoint\",\"urlTemplate\":\"https:\/\/www.biocabaz.pt\/web\/?s={search_term_string}\"},\"query-input\":{\"@type\":\"PropertyValueSpecification\",\"valueRequired\":true,\"valueName\":\"search_term_string\"}}],\"inLanguage\":\"pt-PT\"}]}<\/script>\n<!-- \/ Yoast SEO plugin. -->","yoast_head_json":{"title":"PASTA DE DENTES KIDS 75ML LAVERA","robots":{"index":"index","follow":"follow","max-snippet":"max-snippet:-1","max-image-preview":"max-image-preview:large","max-video-preview":"max-video-preview:-1"},"canonical":"https:\/\/www.biocabaz.pt\/web\/en\/produto\/pasta-de-dentes-kids-75ml-lavera\/","og_locale":"pt_PT","og_type":"article","og_title":"[:en]LAVERA KIDS TOOTHPASTE 75ML[:pt]PASTA DE DENTES KIDS 75ML LAVERA[:] - BIOCABAZ - CABAZES BIOL\u00d3GICOS","og_description":"Descri\u00e7\u00e3o O creme dental infantil Lavera bio e c\u00e1lcio sem fl\u00faor remove completamente os res\u00edduos de placa e alimentos. Isso \u00e9 muito importante, pois a placa bacteriana \u00e9 a principal respons\u00e1vel pelo aparecimento de c\u00e1rie. Propriedades e benef\u00edcios de Dent\u00edfrico Crian\u00e7as sem fl\u00faor de Cal\u00eandula Bio O xilitol evita a forma\u00e7\u00e3o de placas e a produ\u00e7\u00e3o de \u00e1cidos nocivos para os dentes. E o melhor? As crian\u00e7as que est\u00e3o aprendendo a escovar os dentes podem ingerir essa pasta de dente. Composi\u00e7\u00e3o Coco-Sulfato de s\u00f3dio, Lactato de s\u00f3dio, Sorbitol, Xilitol, Glicerina, Goma xantana, Extrato de flores de Calendula officinalis, Limoneno, Aqua, Suco de folhas de Aloe barbadensis, S\u00edlica hidratada, Extrato de raiz de Glycyrrhiza glabra, Aroma, Carbonato de c\u00e1lcio, Extrato de frutas Fragaria vesca.","og_url":"https:\/\/biocabaz.pt\/web\/produto\/pasta-de-dentes-kids-75ml-lavera\/","og_site_name":"BIOCABAZ - CABAZES BIOL\u00d3GICOS","article_modified_time":"2022-09-29T15:35:03+00:00","og_image":[{"width":450,"height":450,"url":"https:\/\/www.biocabaz.pt\/web\/wp-conteudos\/uploads\/2021\/08\/pasta-de-dentes-kids-75ml-lavera.jpg","type":"image\/jpeg"}],"twitter_card":"summary_large_image","schema":{"@context":"https:\/\/schema.org","@graph":[{"@type":"WebPage","@id":"https:\/\/www.biocabaz.pt\/web\/en\/produto\/pasta-de-dentes-kids-75ml-lavera\/","url":"https:\/\/www.biocabaz.pt\/web\/en\/produto\/pasta-de-dentes-kids-75ml-lavera\/","name":"PASTA DE DENTES KIDS 75ML LAVERA","isPartOf":{"@id":"https:\/\/www.biocabaz.pt\/web\/#website"},"primaryImageOfPage":{"@id":"https:\/\/www.biocabaz.pt\/web\/en\/produto\/pasta-de-dentes-kids-75ml-lavera\/#primaryimage"},"image":{"@id":"https:\/\/www.biocabaz.pt\/web\/en\/produto\/pasta-de-dentes-kids-75ml-lavera\/#primaryimage"},"thumbnailUrl":"https:\/\/www.biocabaz.pt\/web\/wp-conteudos\/uploads\/2021\/08\/pasta-de-dentes-kids-75ml-lavera.jpg","datePublished":"2021-08-26T09:39:45+00:00","dateModified":"2022-09-29T15:35:03+00:00","breadcrumb":{"@id":"https:\/\/www.biocabaz.pt\/web\/en\/produto\/pasta-de-dentes-kids-75ml-lavera\/#breadcrumb"},"inLanguage":"pt-PT","potentialAction":[{"@type":"ReadAction","target":["https:\/\/www.biocabaz.pt\/web\/en\/produto\/pasta-de-dentes-kids-75ml-lavera\/"]}]},{"@type":"ImageObject","inLanguage":"pt-PT","@id":"https:\/\/www.biocabaz.pt\/web\/en\/produto\/pasta-de-dentes-kids-75ml-lavera\/#primaryimage","url":"https:\/\/www.biocabaz.pt\/web\/wp-conteudos\/uploads\/2021\/08\/pasta-de-dentes-kids-75ml-lavera.jpg","contentUrl":"https:\/\/www.biocabaz.pt\/web\/wp-conteudos\/uploads\/2021\/08\/pasta-de-dentes-kids-75ml-lavera.jpg","width":450,"height":450,"caption":"PASTA DE DENTES KIDS 75ML LAVERA"},{"@type":"BreadcrumbList","@id":"https:\/\/www.biocabaz.pt\/web\/en\/produto\/pasta-de-dentes-kids-75ml-lavera\/#breadcrumb","itemListElement":[{"@type":"ListItem","position":1,"name":"Home","item":"https:\/\/www.biocabaz.pt\/web\/"},{"@type":"ListItem","position":2,"name":"Loja","item":"https:\/\/www.biocabaz.pt\/web\/shop\/"},{"@type":"ListItem","position":3,"name":"LAVERA KIDS TOOTHPASTE 75ML"}]},{"@type":"WebSite","@id":"https:\/\/www.biocabaz.pt\/web\/#website","url":"https:\/\/www.biocabaz.pt\/web\/","name":"BIOCABAZ - CABAZES BIOL\u00d3GICOS","description":"O melhor que a terra d\u00e1 \u00e9 para si","potentialAction":[{"@type":"SearchAction","target":{"@type":"EntryPoint","urlTemplate":"https:\/\/www.biocabaz.pt\/web\/?s={search_term_string}"},"query-input":{"@type":"PropertyValueSpecification","valueRequired":true,"valueName":"search_term_string"}}],"inLanguage":"pt-PT"}]}},"_links":{"self":[{"href":"https:\/\/biocabaz.pt\/web\/wp-json\/wp\/v2\/product\/74773","targetHints":{"allow":["GET"]}}],"collection":[{"href":"https:\/\/biocabaz.pt\/web\/wp-json\/wp\/v2\/product"}],"about":[{"href":"https:\/\/biocabaz.pt\/web\/wp-json\/wp\/v2\/types\/product"}],"replies":[{"embeddable":true,"href":"https:\/\/biocabaz.pt\/web\/wp-json\/wp\/v2\/comments?post=74773"}],"wp:featuredmedia":[{"embeddable":true,"href":"https:\/\/biocabaz.pt\/web\/wp-json\/wp\/v2\/media\/74774"}],"wp:attachment":[{"href":"https:\/\/biocabaz.pt\/web\/wp-json\/wp\/v2\/media?parent=74773"}],"wp:term":[{"taxonomy":"product_cat","embeddable":true,"href":"https:\/\/biocabaz.pt\/web\/wp-json\/wp\/v2\/product_cat?post=74773"},{"taxonomy":"product_tag","embeddable":true,"href":"https:\/\/biocabaz.pt\/web\/wp-json\/wp\/v2\/product_tag?post=74773"}],"curies":[{"name":"wp","href":"https:\/\/api.w.org\/{rel}","templated":true}]}}