{"id":74749,"date":"2021-08-25T17:25:35","date_gmt":"2021-08-25T17:25:35","guid":{"rendered":"https:\/\/www.biocabaz.pt\/web\/?post_type=product&#038;p=74749"},"modified":"2024-08-06T10:37:48","modified_gmt":"2024-08-06T10:37:48","slug":"pasta-dentifrica-aloe-vera-bio","status":"publish","type":"product","link":"https:\/\/biocabaz.pt\/web\/produto\/pasta-dentifrica-aloe-vera-bio\/","title":{"rendered":"PASTA DENT\u00cdFRICA ALO\u00c9 VERA BIO"},"content":{"rendered":"","protected":false},"excerpt":{"rendered":"<p>Ingredientes: Glycerin, Aloe barbadensis leaf juice, Sorbitol, Hydrated silica, Hydroxyethylcellulose, Mentha piperita oil, Sodium lauroyl sarcosinate, Menthol, Cetraria islandica extract, Sodium monofluorophosphate, Escin, Melaleuca alternifolia (Tea tree) leaf oil, Xylitol, Aqua, Sodium hydroxymethylglycinate, Sodium benzoate, Potassium sorbate, Citric acid.<\/p>\n<p>Por conter ingredientes de origem natural, a cor e a consist\u00eancia pode variar de lote para lote, o que n\u00e3o afeta a qualidade do produto.<br \/><b>Modo de Utiliza\u00e7\u00e3o:<\/b> Advert\u00eancias:<br \/>\nPara uso oral apenas. Evitar o contacto com os olhos. N\u00e3o aplicar em pele ferida ou irritada. Suspender a utiliza\u00e7\u00e3o em caso de sensibilidade. Evite este produto em caso de alergia ou sensibilidade a algum ingrediente. Manter fora do alcance das crian\u00e7as.<br \/>\nSugest\u00f5es de Utiliza\u00e7\u00e3o:<br \/>\nModo de usar: escovar os dentes cuidadosamente, de prefer\u00eancia ap\u00f3s cada refei\u00e7\u00e3o, ou pelo menos duas vezes por dia, ou de acordo comindica\u00e7\u00f5es do dentista. Crian\u00e7as com idade igual ou inferior a 6 anos: utilizar uma quantidade equivalente ao tamanho de uma ervilha.<\/p>\n<p>Por conter ingredientes de origem natural, a cor e a consist\u00eancia pode variar de lote para lote, o que n\u00e3o afeta a qualidade do produto.<\/p>\n<p>Condi\u00e7\u00f5es de Conserva\u00e7\u00e3o:<br \/>\nConservar em local seco e fresco.<\/p>\n","protected":false},"featured_media":74750,"comment_status":"closed","ping_status":"closed","template":"","meta":[],"product_cat":[93],"product_tag":[],"class_list":["post-74749","product","type-product","status-publish","has-post-thumbnail","hentry","product_cat-higiene-oral"],"bundle_layout":"","bundled_by":[],"bundled_items":[],"yoast_head":"<!-- This site is optimized with the Yoast SEO plugin v26.3 - https:\/\/yoast.com\/wordpress\/plugins\/seo\/ -->\n<title>PASTA DENT\u00cdFRICA ALO\u00c9 VERA BIO<\/title>\n<meta name=\"robots\" content=\"index, follow, max-snippet:-1, max-image-preview:large, max-video-preview:-1\" \/>\n<link rel=\"canonical\" href=\"https:\/\/www.biocabaz.pt\/web\/en\/produto\/pasta-dentifrica-aloe-vera-bio\/\" \/>\n<meta property=\"og:locale\" content=\"pt_PT\" \/>\n<meta property=\"og:locale:alternate\" content=\"en_US\" \/>\n<meta property=\"og:type\" content=\"article\" \/>\n<meta property=\"og:title\" content=\"PASTA DENT\u00cdFRICA ALO\u00c9 VERA BIO\" \/>\n<meta property=\"og:description\" content=\"Ingredientes: Glycerin, Aloe barbadensis leaf juice, Sorbitol, Hydrated silica, Hydroxyethylcellulose, Mentha piperita oil, Sodium lauroyl sarcosinate, Menthol, Cetraria islandica extract, Sodium monofluorophosphate, Escin, Melaleuca alternifolia (Tea tree) leaf oil, Xylitol, Aqua, Sodium hydroxymethylglycinate, Sodium benzoate, Potassium sorbate, Citric acid. Por conter ingredientes de origem natural, a cor e a consist\u00eancia pode variar de lote para lote, o que n\u00e3o afeta a qualidade do produto.Modo de Utiliza\u00e7\u00e3o: Advert\u00eancias: Para uso oral apenas. Evitar o contacto com os olhos. N\u00e3o aplicar em pele ferida ou irritada. Suspender a utiliza\u00e7\u00e3o em caso de sensibilidade. Evite este produto em caso de alergia ou sensibilidade a algum ingrediente. Manter fora do alcance das crian\u00e7as. Sugest\u00f5es de Utiliza\u00e7\u00e3o: Modo de usar: escovar os dentes cuidadosamente, de prefer\u00eancia ap\u00f3s cada refei\u00e7\u00e3o, ou pelo menos duas vezes por dia, ou de acordo comindica\u00e7\u00f5es do dentista. Crian\u00e7as com idade igual ou inferior a 6 anos: utilizar uma quantidade equivalente ao tamanho de uma ervilha. Por conter ingredientes de origem natural, a cor e a consist\u00eancia pode variar de lote para lote, o que n\u00e3o afeta a qualidade do produto. Condi\u00e7\u00f5es de Conserva\u00e7\u00e3o: Conservar em local seco e fresco.\" \/>\n<meta property=\"og:url\" content=\"https:\/\/biocabaz.pt\/web\/produto\/pasta-dentifrica-aloe-vera-bio\/\" \/>\n<meta property=\"og:site_name\" content=\"BIOCABAZ - CABAZES BIOL\u00d3GICOS\" \/>\n<meta property=\"article:modified_time\" content=\"2024-08-06T10:37:48+00:00\" \/>\n<meta property=\"og:image\" content=\"https:\/\/www.biocabaz.pt\/web\/wp-conteudos\/uploads\/2021\/08\/pasta-dentifrica-aloe-vera-bio.jpg\" \/>\n\t<meta property=\"og:image:width\" content=\"600\" \/>\n\t<meta property=\"og:image:height\" content=\"600\" \/>\n\t<meta property=\"og:image:type\" content=\"image\/jpeg\" \/>\n<meta name=\"twitter:card\" content=\"summary_large_image\" \/>\n<script type=\"application\/ld+json\" class=\"yoast-schema-graph\">{\"@context\":\"https:\/\/schema.org\",\"@graph\":[{\"@type\":\"WebPage\",\"@id\":\"https:\/\/www.biocabaz.pt\/web\/en\/produto\/pasta-dentifrica-aloe-vera-bio\/\",\"url\":\"https:\/\/www.biocabaz.pt\/web\/en\/produto\/pasta-dentifrica-aloe-vera-bio\/\",\"name\":\"PASTA DENT\u00cdFRICA ALO\u00c9 VERA BIO\",\"isPartOf\":{\"@id\":\"https:\/\/www.biocabaz.pt\/web\/en\/#website\"},\"primaryImageOfPage\":{\"@id\":\"https:\/\/www.biocabaz.pt\/web\/en\/produto\/pasta-dentifrica-aloe-vera-bio\/#primaryimage\"},\"image\":{\"@id\":\"https:\/\/www.biocabaz.pt\/web\/en\/produto\/pasta-dentifrica-aloe-vera-bio\/#primaryimage\"},\"thumbnailUrl\":\"https:\/\/www.biocabaz.pt\/web\/wp-conteudos\/uploads\/2021\/08\/pasta-dentifrica-aloe-vera-bio.jpg\",\"datePublished\":\"2021-08-25T17:25:35+00:00\",\"dateModified\":\"2024-08-06T10:37:48+00:00\",\"breadcrumb\":{\"@id\":\"https:\/\/www.biocabaz.pt\/web\/en\/produto\/pasta-dentifrica-aloe-vera-bio\/#breadcrumb\"},\"inLanguage\":\"pt-PT\",\"potentialAction\":[{\"@type\":\"ReadAction\",\"target\":[\"https:\/\/www.biocabaz.pt\/web\/en\/produto\/pasta-dentifrica-aloe-vera-bio\/\"]}]},{\"@type\":\"ImageObject\",\"inLanguage\":\"pt-PT\",\"@id\":\"https:\/\/www.biocabaz.pt\/web\/en\/produto\/pasta-dentifrica-aloe-vera-bio\/#primaryimage\",\"url\":\"https:\/\/www.biocabaz.pt\/web\/wp-conteudos\/uploads\/2021\/08\/pasta-dentifrica-aloe-vera-bio.jpg\",\"contentUrl\":\"https:\/\/www.biocabaz.pt\/web\/wp-conteudos\/uploads\/2021\/08\/pasta-dentifrica-aloe-vera-bio.jpg\",\"width\":600,\"height\":600,\"caption\":\"PASTA DENT\u00cdFRICA ALO\u00c9 VERA BIO\"},{\"@type\":\"BreadcrumbList\",\"@id\":\"https:\/\/www.biocabaz.pt\/web\/en\/produto\/pasta-dentifrica-aloe-vera-bio\/#breadcrumb\",\"itemListElement\":[{\"@type\":\"ListItem\",\"position\":1,\"name\":\"Home\",\"item\":\"https:\/\/www.biocabaz.pt\/web\/en\/\"},{\"@type\":\"ListItem\",\"position\":2,\"name\":\"Shop\",\"item\":\"https:\/\/www.biocabaz.pt\/web\/en\/shop\/\"},{\"@type\":\"ListItem\",\"position\":3,\"name\":\"ORGANIC ALOE VERA TOOTHPASTE\"}]},{\"@type\":\"WebSite\",\"@id\":\"https:\/\/www.biocabaz.pt\/web\/en\/#website\",\"url\":\"https:\/\/www.biocabaz.pt\/web\/en\/\",\"name\":\"BIOCABAZ - CABAZES BIOL\u00d3GICOS\",\"description\":\"O melhor que a terra d\u00e1 \u00e9 para si\",\"potentialAction\":[{\"@type\":\"SearchAction\",\"target\":{\"@type\":\"EntryPoint\",\"urlTemplate\":\"https:\/\/www.biocabaz.pt\/web\/en\/?s={search_term_string}\"},\"query-input\":{\"@type\":\"PropertyValueSpecification\",\"valueRequired\":true,\"valueName\":\"search_term_string\"}}],\"inLanguage\":\"pt-PT\"}]}<\/script>\n<!-- \/ Yoast SEO plugin. -->","yoast_head_json":{"title":"PASTA DENT\u00cdFRICA ALO\u00c9 VERA BIO","robots":{"index":"index","follow":"follow","max-snippet":"max-snippet:-1","max-image-preview":"max-image-preview:large","max-video-preview":"max-video-preview:-1"},"canonical":"https:\/\/www.biocabaz.pt\/web\/en\/produto\/pasta-dentifrica-aloe-vera-bio\/","og_locale":"pt_PT","og_type":"article","og_title":"[:en]ORGANIC ALOE VERA TOOTHPASTE[:pt]PASTA DENT\u00cdFRICA ALO\u00c9 VERA BIO[:] - BIOCABAZ - CABAZES BIOL\u00d3GICOS","og_description":"Ingredientes: Glycerin, Aloe barbadensis leaf juice, Sorbitol, Hydrated silica, Hydroxyethylcellulose, Mentha piperita oil, Sodium lauroyl sarcosinate, Menthol, Cetraria islandica extract, Sodium monofluorophosphate, Escin, Melaleuca alternifolia (Tea tree) leaf oil, Xylitol, Aqua, Sodium hydroxymethylglycinate, Sodium benzoate, Potassium sorbate, Citric acid. Por conter ingredientes de origem natural, a cor e a consist\u00eancia pode variar de lote para lote, o que n\u00e3o afeta a qualidade do produto.Modo de Utiliza\u00e7\u00e3o: Advert\u00eancias: Para uso oral apenas. Evitar o contacto com os olhos. N\u00e3o aplicar em pele ferida ou irritada. Suspender a utiliza\u00e7\u00e3o em caso de sensibilidade. Evite este produto em caso de alergia ou sensibilidade a algum ingrediente. Manter fora do alcance das crian\u00e7as. Sugest\u00f5es de Utiliza\u00e7\u00e3o: Modo de usar: escovar os dentes cuidadosamente, de prefer\u00eancia ap\u00f3s cada refei\u00e7\u00e3o, ou pelo menos duas vezes por dia, ou de acordo comindica\u00e7\u00f5es do dentista. Crian\u00e7as com idade igual ou inferior a 6 anos: utilizar uma quantidade equivalente ao tamanho de uma ervilha. Por conter ingredientes de origem natural, a cor e a consist\u00eancia pode variar de lote para lote, o que n\u00e3o afeta a qualidade do produto. Condi\u00e7\u00f5es de Conserva\u00e7\u00e3o: Conservar em local seco e fresco.","og_url":"https:\/\/biocabaz.pt\/web\/produto\/pasta-dentifrica-aloe-vera-bio\/","og_site_name":"BIOCABAZ - CABAZES BIOL\u00d3GICOS","article_modified_time":"2024-08-06T10:37:48+00:00","og_image":[{"width":600,"height":600,"url":"https:\/\/www.biocabaz.pt\/web\/wp-conteudos\/uploads\/2021\/08\/pasta-dentifrica-aloe-vera-bio.jpg","type":"image\/jpeg"}],"twitter_card":"summary_large_image","schema":{"@context":"https:\/\/schema.org","@graph":[{"@type":"WebPage","@id":"https:\/\/www.biocabaz.pt\/web\/en\/produto\/pasta-dentifrica-aloe-vera-bio\/","url":"https:\/\/www.biocabaz.pt\/web\/en\/produto\/pasta-dentifrica-aloe-vera-bio\/","name":"PASTA DENT\u00cdFRICA ALO\u00c9 VERA BIO","isPartOf":{"@id":"https:\/\/www.biocabaz.pt\/web\/en\/#website"},"primaryImageOfPage":{"@id":"https:\/\/www.biocabaz.pt\/web\/en\/produto\/pasta-dentifrica-aloe-vera-bio\/#primaryimage"},"image":{"@id":"https:\/\/www.biocabaz.pt\/web\/en\/produto\/pasta-dentifrica-aloe-vera-bio\/#primaryimage"},"thumbnailUrl":"https:\/\/www.biocabaz.pt\/web\/wp-conteudos\/uploads\/2021\/08\/pasta-dentifrica-aloe-vera-bio.jpg","datePublished":"2021-08-25T17:25:35+00:00","dateModified":"2024-08-06T10:37:48+00:00","breadcrumb":{"@id":"https:\/\/www.biocabaz.pt\/web\/en\/produto\/pasta-dentifrica-aloe-vera-bio\/#breadcrumb"},"inLanguage":"pt-PT","potentialAction":[{"@type":"ReadAction","target":["https:\/\/www.biocabaz.pt\/web\/en\/produto\/pasta-dentifrica-aloe-vera-bio\/"]}]},{"@type":"ImageObject","inLanguage":"pt-PT","@id":"https:\/\/www.biocabaz.pt\/web\/en\/produto\/pasta-dentifrica-aloe-vera-bio\/#primaryimage","url":"https:\/\/www.biocabaz.pt\/web\/wp-conteudos\/uploads\/2021\/08\/pasta-dentifrica-aloe-vera-bio.jpg","contentUrl":"https:\/\/www.biocabaz.pt\/web\/wp-conteudos\/uploads\/2021\/08\/pasta-dentifrica-aloe-vera-bio.jpg","width":600,"height":600,"caption":"PASTA DENT\u00cdFRICA ALO\u00c9 VERA BIO"},{"@type":"BreadcrumbList","@id":"https:\/\/www.biocabaz.pt\/web\/en\/produto\/pasta-dentifrica-aloe-vera-bio\/#breadcrumb","itemListElement":[{"@type":"ListItem","position":1,"name":"Home","item":"https:\/\/www.biocabaz.pt\/web\/en\/"},{"@type":"ListItem","position":2,"name":"Shop","item":"https:\/\/www.biocabaz.pt\/web\/en\/shop\/"},{"@type":"ListItem","position":3,"name":"ORGANIC ALOE VERA TOOTHPASTE"}]},{"@type":"WebSite","@id":"https:\/\/www.biocabaz.pt\/web\/en\/#website","url":"https:\/\/www.biocabaz.pt\/web\/en\/","name":"BIOCABAZ - CABAZES BIOL\u00d3GICOS","description":"O melhor que a terra d\u00e1 \u00e9 para si","potentialAction":[{"@type":"SearchAction","target":{"@type":"EntryPoint","urlTemplate":"https:\/\/www.biocabaz.pt\/web\/en\/?s={search_term_string}"},"query-input":{"@type":"PropertyValueSpecification","valueRequired":true,"valueName":"search_term_string"}}],"inLanguage":"pt-PT"}]}},"_links":{"self":[{"href":"https:\/\/biocabaz.pt\/web\/wp-json\/wp\/v2\/product\/74749","targetHints":{"allow":["GET"]}}],"collection":[{"href":"https:\/\/biocabaz.pt\/web\/wp-json\/wp\/v2\/product"}],"about":[{"href":"https:\/\/biocabaz.pt\/web\/wp-json\/wp\/v2\/types\/product"}],"replies":[{"embeddable":true,"href":"https:\/\/biocabaz.pt\/web\/wp-json\/wp\/v2\/comments?post=74749"}],"wp:featuredmedia":[{"embeddable":true,"href":"https:\/\/biocabaz.pt\/web\/wp-json\/wp\/v2\/media\/74750"}],"wp:attachment":[{"href":"https:\/\/biocabaz.pt\/web\/wp-json\/wp\/v2\/media?parent=74749"}],"wp:term":[{"taxonomy":"product_cat","embeddable":true,"href":"https:\/\/biocabaz.pt\/web\/wp-json\/wp\/v2\/product_cat?post=74749"},{"taxonomy":"product_tag","embeddable":true,"href":"https:\/\/biocabaz.pt\/web\/wp-json\/wp\/v2\/product_tag?post=74749"}],"curies":[{"name":"wp","href":"https:\/\/api.w.org\/{rel}","templated":true}]}}