{"id":74745,"date":"2021-08-25T17:12:27","date_gmt":"2021-08-25T17:12:27","guid":{"rendered":"https:\/\/www.biocabaz.pt\/web\/?post_type=product&#038;p=74745"},"modified":"2022-09-29T15:35:38","modified_gmt":"2022-09-29T15:35:38","slug":"pasta-dentifrica-roma-bio","status":"publish","type":"product","link":"https:\/\/biocabaz.pt\/web\/produto\/pasta-dentifrica-roma-bio\/","title":{"rendered":"PASTA DENT\u00cdFRICA ROM\u00c3 BIO"},"content":{"rendered":"","protected":false},"excerpt":{"rendered":"<p>Ingredientes: Glycerin, Aloe barbadensis leaf juice, Sorbitol, Hydrated silica, Hydroxyethylcellulose, Aroma, Sodium lauroyl sarcosinate, Punica granatum extract, Menthol, Cetraria islandica extract,<br \/>\nArnica montana extract, Sodium monofluorophosphate, Escin, Melaleuca alternifolia oil, Xylitol, Aqua, Sodium benzoate,<br \/>\nPotassium sorbate, Citric acid, Limonene.<br \/><b>Modo de Utiliza\u00e7\u00e3o:<\/b> Advert\u00eancias:<br \/>\nCont\u00e9m monofluorofosfato de s\u00f3dio.<br \/>\nApenas para uso externo.<br \/>\nManter fora do alcance das crian\u00e7as.<br \/>\nSugest\u00f5es de Utiliza\u00e7\u00e3o:<br \/>\nModo de usar: escovar os dentes cuidadosamente, de prefer\u00eancia ap\u00f3s cada refei\u00e7\u00e3o, ou pelo menos duas vezes por dia, ou de acordo com indica\u00e7\u00f5es do dentista. Crian\u00e7as com idade igual ou inferior a 6 anos de idade: utilizar uma quantidade equivalente ao tamanho de uma ervilha. Supervisionar as crian\u00e7as para minimizar a degluti\u00e7\u00e3o. Cont\u00e9m monofluorofosfato de s\u00f3dio.<br \/>\nMen\u00e7\u00f5es Complementares:<br \/>\nPor conter ingredientes de origem natural, a cor e a consist\u00eancia podem variar de lote para lote, o que n\u00e3o afeta a qualidade do produto.<br \/>\nCondi\u00e7\u00f5es de Conserva\u00e7\u00e3o:<br \/>\nConservar em local seco e fresco.<\/p>\n","protected":false},"featured_media":74746,"comment_status":"closed","ping_status":"closed","template":"","meta":[],"product_cat":[93],"product_tag":[],"class_list":["post-74745","product","type-product","status-publish","has-post-thumbnail","hentry","product_cat-higiene-oral"],"bundle_layout":"","bundled_by":[],"bundled_items":[],"yoast_head":"<!-- This site is optimized with the Yoast SEO plugin v26.3 - https:\/\/yoast.com\/wordpress\/plugins\/seo\/ -->\n<title>PASTA DENT\u00cdFRICA ROM\u00c3 BIO<\/title>\n<meta name=\"robots\" content=\"index, follow, max-snippet:-1, max-image-preview:large, max-video-preview:-1\" \/>\n<link rel=\"canonical\" href=\"https:\/\/biocabaz.pt\/web\/produto\/pasta-dentifrica-roma-bio\/\" \/>\n<meta property=\"og:locale\" content=\"pt_PT\" \/>\n<meta property=\"og:locale:alternate\" content=\"en_US\" \/>\n<meta property=\"og:type\" content=\"article\" \/>\n<meta property=\"og:title\" content=\"PASTA DENT\u00cdFRICA ROM\u00c3 BIO\" \/>\n<meta property=\"og:description\" content=\"Ingredientes: Glycerin, Aloe barbadensis leaf juice, Sorbitol, Hydrated silica, Hydroxyethylcellulose, Aroma, Sodium lauroyl sarcosinate, Punica granatum extract, Menthol, Cetraria islandica extract, Arnica montana extract, Sodium monofluorophosphate, Escin, Melaleuca alternifolia oil, Xylitol, Aqua, Sodium benzoate, Potassium sorbate, Citric acid, Limonene.Modo de Utiliza\u00e7\u00e3o: Advert\u00eancias: Cont\u00e9m monofluorofosfato de s\u00f3dio. Apenas para uso externo. Manter fora do alcance das crian\u00e7as. Sugest\u00f5es de Utiliza\u00e7\u00e3o: Modo de usar: escovar os dentes cuidadosamente, de prefer\u00eancia ap\u00f3s cada refei\u00e7\u00e3o, ou pelo menos duas vezes por dia, ou de acordo com indica\u00e7\u00f5es do dentista. Crian\u00e7as com idade igual ou inferior a 6 anos de idade: utilizar uma quantidade equivalente ao tamanho de uma ervilha. Supervisionar as crian\u00e7as para minimizar a degluti\u00e7\u00e3o. Cont\u00e9m monofluorofosfato de s\u00f3dio. Men\u00e7\u00f5es Complementares: Por conter ingredientes de origem natural, a cor e a consist\u00eancia podem variar de lote para lote, o que n\u00e3o afeta a qualidade do produto. Condi\u00e7\u00f5es de Conserva\u00e7\u00e3o: Conservar em local seco e fresco.\" \/>\n<meta property=\"og:url\" content=\"https:\/\/biocabaz.pt\/web\/produto\/pasta-dentifrica-roma-bio\/\" \/>\n<meta property=\"og:site_name\" content=\"BIOCABAZ - CABAZES BIOL\u00d3GICOS\" \/>\n<meta property=\"article:modified_time\" content=\"2022-09-29T15:35:38+00:00\" \/>\n<meta property=\"og:image\" content=\"https:\/\/www.biocabaz.pt\/web\/wp-conteudos\/uploads\/2021\/08\/pasta-dentifrica-roma-bio.jpg\" \/>\n\t<meta property=\"og:image:width\" content=\"600\" \/>\n\t<meta property=\"og:image:height\" content=\"600\" \/>\n\t<meta property=\"og:image:type\" content=\"image\/jpeg\" \/>\n<meta name=\"twitter:card\" content=\"summary_large_image\" \/>\n<script type=\"application\/ld+json\" class=\"yoast-schema-graph\">{\"@context\":\"https:\/\/schema.org\",\"@graph\":[{\"@type\":\"WebPage\",\"@id\":\"https:\/\/biocabaz.pt\/web\/en\/produto\/pasta-dentifrica-roma-bio\/\",\"url\":\"https:\/\/biocabaz.pt\/web\/en\/produto\/pasta-dentifrica-roma-bio\/\",\"name\":\"PASTA DENT\u00cdFRICA ROM\u00c3 BIO\",\"isPartOf\":{\"@id\":\"https:\/\/biocabaz.pt\/web\/#website\"},\"primaryImageOfPage\":{\"@id\":\"https:\/\/biocabaz.pt\/web\/en\/produto\/pasta-dentifrica-roma-bio\/#primaryimage\"},\"image\":{\"@id\":\"https:\/\/biocabaz.pt\/web\/en\/produto\/pasta-dentifrica-roma-bio\/#primaryimage\"},\"thumbnailUrl\":\"https:\/\/www.biocabaz.pt\/web\/wp-conteudos\/uploads\/2021\/08\/pasta-dentifrica-roma-bio.jpg\",\"datePublished\":\"2021-08-25T17:12:27+00:00\",\"dateModified\":\"2022-09-29T15:35:38+00:00\",\"breadcrumb\":{\"@id\":\"https:\/\/biocabaz.pt\/web\/en\/produto\/pasta-dentifrica-roma-bio\/#breadcrumb\"},\"inLanguage\":\"pt-PT\",\"potentialAction\":[{\"@type\":\"ReadAction\",\"target\":[\"https:\/\/biocabaz.pt\/web\/en\/produto\/pasta-dentifrica-roma-bio\/\"]}]},{\"@type\":\"ImageObject\",\"inLanguage\":\"pt-PT\",\"@id\":\"https:\/\/biocabaz.pt\/web\/en\/produto\/pasta-dentifrica-roma-bio\/#primaryimage\",\"url\":\"https:\/\/www.biocabaz.pt\/web\/wp-conteudos\/uploads\/2021\/08\/pasta-dentifrica-roma-bio.jpg\",\"contentUrl\":\"https:\/\/www.biocabaz.pt\/web\/wp-conteudos\/uploads\/2021\/08\/pasta-dentifrica-roma-bio.jpg\",\"width\":600,\"height\":600,\"caption\":\"PASTA DENT\u00cdFRICA ROM\u00c3 BIO\"},{\"@type\":\"BreadcrumbList\",\"@id\":\"https:\/\/biocabaz.pt\/web\/en\/produto\/pasta-dentifrica-roma-bio\/#breadcrumb\",\"itemListElement\":[{\"@type\":\"ListItem\",\"position\":1,\"name\":\"Home\",\"item\":\"https:\/\/biocabaz.pt\/web\/\"},{\"@type\":\"ListItem\",\"position\":2,\"name\":\"Loja\",\"item\":\"https:\/\/biocabaz.pt\/web\/shop\/\"},{\"@type\":\"ListItem\",\"position\":3,\"name\":\"ORGANIC POMEGRANATE TOOTHPASTE\"}]},{\"@type\":\"WebSite\",\"@id\":\"https:\/\/biocabaz.pt\/web\/#website\",\"url\":\"https:\/\/biocabaz.pt\/web\/\",\"name\":\"BIOCABAZ - CABAZES BIOL\u00d3GICOS\",\"description\":\"O melhor que a terra d\u00e1 \u00e9 para si\",\"potentialAction\":[{\"@type\":\"SearchAction\",\"target\":{\"@type\":\"EntryPoint\",\"urlTemplate\":\"https:\/\/biocabaz.pt\/web\/?s={search_term_string}\"},\"query-input\":{\"@type\":\"PropertyValueSpecification\",\"valueRequired\":true,\"valueName\":\"search_term_string\"}}],\"inLanguage\":\"pt-PT\"}]}<\/script>\n<!-- \/ Yoast SEO plugin. -->","yoast_head_json":{"title":"PASTA DENT\u00cdFRICA ROM\u00c3 BIO","robots":{"index":"index","follow":"follow","max-snippet":"max-snippet:-1","max-image-preview":"max-image-preview:large","max-video-preview":"max-video-preview:-1"},"canonical":"https:\/\/biocabaz.pt\/web\/produto\/pasta-dentifrica-roma-bio\/","og_locale":"pt_PT","og_type":"article","og_title":"[:en]ORGANIC POMEGRANATE TOOTHPASTE[:pt]PASTA DENT\u00cdFRICA ROM\u00c3 BIO[:] - BIOCABAZ - CABAZES BIOL\u00d3GICOS","og_description":"Ingredientes: Glycerin, Aloe barbadensis leaf juice, Sorbitol, Hydrated silica, Hydroxyethylcellulose, Aroma, Sodium lauroyl sarcosinate, Punica granatum extract, Menthol, Cetraria islandica extract, Arnica montana extract, Sodium monofluorophosphate, Escin, Melaleuca alternifolia oil, Xylitol, Aqua, Sodium benzoate, Potassium sorbate, Citric acid, Limonene.Modo de Utiliza\u00e7\u00e3o: Advert\u00eancias: Cont\u00e9m monofluorofosfato de s\u00f3dio. Apenas para uso externo. Manter fora do alcance das crian\u00e7as. Sugest\u00f5es de Utiliza\u00e7\u00e3o: Modo de usar: escovar os dentes cuidadosamente, de prefer\u00eancia ap\u00f3s cada refei\u00e7\u00e3o, ou pelo menos duas vezes por dia, ou de acordo com indica\u00e7\u00f5es do dentista. Crian\u00e7as com idade igual ou inferior a 6 anos de idade: utilizar uma quantidade equivalente ao tamanho de uma ervilha. Supervisionar as crian\u00e7as para minimizar a degluti\u00e7\u00e3o. Cont\u00e9m monofluorofosfato de s\u00f3dio. Men\u00e7\u00f5es Complementares: Por conter ingredientes de origem natural, a cor e a consist\u00eancia podem variar de lote para lote, o que n\u00e3o afeta a qualidade do produto. Condi\u00e7\u00f5es de Conserva\u00e7\u00e3o: Conservar em local seco e fresco.","og_url":"https:\/\/biocabaz.pt\/web\/produto\/pasta-dentifrica-roma-bio\/","og_site_name":"BIOCABAZ - CABAZES BIOL\u00d3GICOS","article_modified_time":"2022-09-29T15:35:38+00:00","og_image":[{"width":600,"height":600,"url":"https:\/\/www.biocabaz.pt\/web\/wp-conteudos\/uploads\/2021\/08\/pasta-dentifrica-roma-bio.jpg","type":"image\/jpeg"}],"twitter_card":"summary_large_image","schema":{"@context":"https:\/\/schema.org","@graph":[{"@type":"WebPage","@id":"https:\/\/biocabaz.pt\/web\/en\/produto\/pasta-dentifrica-roma-bio\/","url":"https:\/\/biocabaz.pt\/web\/en\/produto\/pasta-dentifrica-roma-bio\/","name":"PASTA DENT\u00cdFRICA ROM\u00c3 BIO","isPartOf":{"@id":"https:\/\/biocabaz.pt\/web\/#website"},"primaryImageOfPage":{"@id":"https:\/\/biocabaz.pt\/web\/en\/produto\/pasta-dentifrica-roma-bio\/#primaryimage"},"image":{"@id":"https:\/\/biocabaz.pt\/web\/en\/produto\/pasta-dentifrica-roma-bio\/#primaryimage"},"thumbnailUrl":"https:\/\/www.biocabaz.pt\/web\/wp-conteudos\/uploads\/2021\/08\/pasta-dentifrica-roma-bio.jpg","datePublished":"2021-08-25T17:12:27+00:00","dateModified":"2022-09-29T15:35:38+00:00","breadcrumb":{"@id":"https:\/\/biocabaz.pt\/web\/en\/produto\/pasta-dentifrica-roma-bio\/#breadcrumb"},"inLanguage":"pt-PT","potentialAction":[{"@type":"ReadAction","target":["https:\/\/biocabaz.pt\/web\/en\/produto\/pasta-dentifrica-roma-bio\/"]}]},{"@type":"ImageObject","inLanguage":"pt-PT","@id":"https:\/\/biocabaz.pt\/web\/en\/produto\/pasta-dentifrica-roma-bio\/#primaryimage","url":"https:\/\/www.biocabaz.pt\/web\/wp-conteudos\/uploads\/2021\/08\/pasta-dentifrica-roma-bio.jpg","contentUrl":"https:\/\/www.biocabaz.pt\/web\/wp-conteudos\/uploads\/2021\/08\/pasta-dentifrica-roma-bio.jpg","width":600,"height":600,"caption":"PASTA DENT\u00cdFRICA ROM\u00c3 BIO"},{"@type":"BreadcrumbList","@id":"https:\/\/biocabaz.pt\/web\/en\/produto\/pasta-dentifrica-roma-bio\/#breadcrumb","itemListElement":[{"@type":"ListItem","position":1,"name":"Home","item":"https:\/\/biocabaz.pt\/web\/"},{"@type":"ListItem","position":2,"name":"Loja","item":"https:\/\/biocabaz.pt\/web\/shop\/"},{"@type":"ListItem","position":3,"name":"ORGANIC POMEGRANATE TOOTHPASTE"}]},{"@type":"WebSite","@id":"https:\/\/biocabaz.pt\/web\/#website","url":"https:\/\/biocabaz.pt\/web\/","name":"BIOCABAZ - CABAZES BIOL\u00d3GICOS","description":"O melhor que a terra d\u00e1 \u00e9 para si","potentialAction":[{"@type":"SearchAction","target":{"@type":"EntryPoint","urlTemplate":"https:\/\/biocabaz.pt\/web\/?s={search_term_string}"},"query-input":{"@type":"PropertyValueSpecification","valueRequired":true,"valueName":"search_term_string"}}],"inLanguage":"pt-PT"}]}},"_links":{"self":[{"href":"https:\/\/biocabaz.pt\/web\/wp-json\/wp\/v2\/product\/74745","targetHints":{"allow":["GET"]}}],"collection":[{"href":"https:\/\/biocabaz.pt\/web\/wp-json\/wp\/v2\/product"}],"about":[{"href":"https:\/\/biocabaz.pt\/web\/wp-json\/wp\/v2\/types\/product"}],"replies":[{"embeddable":true,"href":"https:\/\/biocabaz.pt\/web\/wp-json\/wp\/v2\/comments?post=74745"}],"wp:featuredmedia":[{"embeddable":true,"href":"https:\/\/biocabaz.pt\/web\/wp-json\/wp\/v2\/media\/74746"}],"wp:attachment":[{"href":"https:\/\/biocabaz.pt\/web\/wp-json\/wp\/v2\/media?parent=74745"}],"wp:term":[{"taxonomy":"product_cat","embeddable":true,"href":"https:\/\/biocabaz.pt\/web\/wp-json\/wp\/v2\/product_cat?post=74745"},{"taxonomy":"product_tag","embeddable":true,"href":"https:\/\/biocabaz.pt\/web\/wp-json\/wp\/v2\/product_tag?post=74745"}],"curies":[{"name":"wp","href":"https:\/\/api.w.org\/{rel}","templated":true}]}}