{"id":74729,"date":"2021-08-25T14:24:42","date_gmt":"2021-08-25T14:24:42","guid":{"rendered":"https:\/\/www.biocabaz.pt\/web\/?post_type=product&#038;p=74729"},"modified":"2022-09-29T15:36:44","modified_gmt":"2022-09-29T15:36:44","slug":"escova-de-dentes-de-nylon-macia","status":"publish","type":"product","link":"https:\/\/biocabaz.pt\/web\/produto\/escova-de-dentes-de-nylon-macia\/","title":{"rendered":"ESCOVA DENTES CERDAS NYLON-DUREZA MACIA"},"content":{"rendered":"","protected":false},"excerpt":{"rendered":"<p>\u2022 Cabe\u00e7a de substitui\u00e7\u00e3o completa \u00e9 composta sobretudo por mat\u00e9rias-primas renov\u00e1veis,<br \/>\n\u2022 A embalagem completa \u00e9 biodegrad\u00e1vel, o pl\u00e1stico \u00e9 feito de PLA<br \/>\n\u2022 O cabo reutiliz\u00e1vel \u00e9 feito de PP\/TPE<br \/>\n\u2022 Com limpa-l\u00edngua integrado (sem a cabe\u00e7a da escova)<br \/>\n\u2022 Sem plastificantes (ftalatos), bisfenois ou outros materiais nocivos<br \/><b>Modo de Utiliza\u00e7\u00e3o:<\/b> Conservar em local fresco e seco e ao abrigo da luz solar.<\/p>\n","protected":false},"featured_media":74740,"comment_status":"closed","ping_status":"closed","template":"","meta":[],"product_cat":[93],"product_tag":[],"class_list":["post-74729","product","type-product","status-publish","has-post-thumbnail","hentry","product_cat-higiene-oral"],"bundle_layout":"","bundled_by":[],"bundled_items":[],"yoast_head":"<!-- This site is optimized with the Yoast SEO plugin v26.3 - https:\/\/yoast.com\/wordpress\/plugins\/seo\/ -->\n<title>ESCOVA DENTES CERDAS NYLON-DUREZA MACIA<\/title>\n<meta name=\"robots\" content=\"index, follow, max-snippet:-1, max-image-preview:large, max-video-preview:-1\" \/>\n<link rel=\"canonical\" href=\"https:\/\/biocabaz.pt\/web\/produto\/escova-de-dentes-de-nylon-macia\/\" \/>\n<meta property=\"og:locale\" content=\"pt_PT\" \/>\n<meta property=\"og:locale:alternate\" content=\"en_US\" \/>\n<meta property=\"og:type\" content=\"article\" \/>\n<meta property=\"og:title\" content=\"ESCOVA DENTES CERDAS NYLON-DUREZA MACIA\" \/>\n<meta property=\"og:description\" content=\"\u2022 Cabe\u00e7a de substitui\u00e7\u00e3o completa \u00e9 composta sobretudo por mat\u00e9rias-primas renov\u00e1veis, \u2022 A embalagem completa \u00e9 biodegrad\u00e1vel, o pl\u00e1stico \u00e9 feito de PLA \u2022 O cabo reutiliz\u00e1vel \u00e9 feito de PP\/TPE \u2022 Com limpa-l\u00edngua integrado (sem a cabe\u00e7a da escova) \u2022 Sem plastificantes (ftalatos), bisfenois ou outros materiais nocivosModo de Utiliza\u00e7\u00e3o: Conservar em local fresco e seco e ao abrigo da luz solar.\" \/>\n<meta property=\"og:url\" content=\"https:\/\/biocabaz.pt\/web\/produto\/escova-de-dentes-de-nylon-macia\/\" \/>\n<meta property=\"og:site_name\" content=\"BIOCABAZ - CABAZES BIOL\u00d3GICOS\" \/>\n<meta property=\"article:modified_time\" content=\"2022-09-29T15:36:44+00:00\" \/>\n<meta property=\"og:image\" content=\"https:\/\/www.biocabaz.pt\/web\/wp-conteudos\/uploads\/2021\/08\/escova-dentes-cerdas-nylon-dureza-macia.jpg\" \/>\n\t<meta property=\"og:image:width\" content=\"600\" \/>\n\t<meta property=\"og:image:height\" content=\"600\" \/>\n\t<meta property=\"og:image:type\" content=\"image\/jpeg\" \/>\n<meta name=\"twitter:card\" content=\"summary_large_image\" \/>\n<script type=\"application\/ld+json\" class=\"yoast-schema-graph\">{\"@context\":\"https:\/\/schema.org\",\"@graph\":[{\"@type\":\"WebPage\",\"@id\":\"https:\/\/biocabaz.pt\/web\/produto\/escova-de-dentes-de-nylon-macia\/\",\"url\":\"https:\/\/biocabaz.pt\/web\/produto\/escova-de-dentes-de-nylon-macia\/\",\"name\":\"ESCOVA DENTES CERDAS NYLON-DUREZA MACIA\",\"isPartOf\":{\"@id\":\"https:\/\/biocabaz.pt\/web\/#website\"},\"primaryImageOfPage\":{\"@id\":\"https:\/\/biocabaz.pt\/web\/produto\/escova-de-dentes-de-nylon-macia\/#primaryimage\"},\"image\":{\"@id\":\"https:\/\/biocabaz.pt\/web\/produto\/escova-de-dentes-de-nylon-macia\/#primaryimage\"},\"thumbnailUrl\":\"https:\/\/www.biocabaz.pt\/web\/wp-conteudos\/uploads\/2021\/08\/escova-dentes-cerdas-nylon-dureza-macia.jpg\",\"datePublished\":\"2021-08-25T14:24:42+00:00\",\"dateModified\":\"2022-09-29T15:36:44+00:00\",\"breadcrumb\":{\"@id\":\"https:\/\/biocabaz.pt\/web\/produto\/escova-de-dentes-de-nylon-macia\/#breadcrumb\"},\"inLanguage\":\"pt-PT\",\"potentialAction\":[{\"@type\":\"ReadAction\",\"target\":[\"https:\/\/biocabaz.pt\/web\/produto\/escova-de-dentes-de-nylon-macia\/\"]}]},{\"@type\":\"ImageObject\",\"inLanguage\":\"pt-PT\",\"@id\":\"https:\/\/biocabaz.pt\/web\/produto\/escova-de-dentes-de-nylon-macia\/#primaryimage\",\"url\":\"https:\/\/www.biocabaz.pt\/web\/wp-conteudos\/uploads\/2021\/08\/escova-dentes-cerdas-nylon-dureza-macia.jpg\",\"contentUrl\":\"https:\/\/www.biocabaz.pt\/web\/wp-conteudos\/uploads\/2021\/08\/escova-dentes-cerdas-nylon-dureza-macia.jpg\",\"width\":600,\"height\":600,\"caption\":\"ESCOVA DENTES CERDAS NYLON-DUREZA MACIA\"},{\"@type\":\"BreadcrumbList\",\"@id\":\"https:\/\/biocabaz.pt\/web\/produto\/escova-de-dentes-de-nylon-macia\/#breadcrumb\",\"itemListElement\":[{\"@type\":\"ListItem\",\"position\":1,\"name\":\"Home\",\"item\":\"https:\/\/biocabaz.pt\/web\/\"},{\"@type\":\"ListItem\",\"position\":2,\"name\":\"Shop\",\"item\":\"https:\/\/biocabaz.pt\/web\/en\/shop\/\"},{\"@type\":\"ListItem\",\"position\":3,\"name\":\"ESCOVA DENTES CERDAS NYLON-DUREZA MACIA\"}]},{\"@type\":\"WebSite\",\"@id\":\"https:\/\/biocabaz.pt\/web\/#website\",\"url\":\"https:\/\/biocabaz.pt\/web\/\",\"name\":\"BIOCABAZ - CABAZES BIOL\u00d3GICOS\",\"description\":\"O melhor que a terra d\u00e1 \u00e9 para si\",\"potentialAction\":[{\"@type\":\"SearchAction\",\"target\":{\"@type\":\"EntryPoint\",\"urlTemplate\":\"https:\/\/biocabaz.pt\/web\/?s={search_term_string}\"},\"query-input\":{\"@type\":\"PropertyValueSpecification\",\"valueRequired\":true,\"valueName\":\"search_term_string\"}}],\"inLanguage\":\"pt-PT\"}]}<\/script>\n<!-- \/ Yoast SEO plugin. -->","yoast_head_json":{"title":"ESCOVA DENTES CERDAS NYLON-DUREZA MACIA","robots":{"index":"index","follow":"follow","max-snippet":"max-snippet:-1","max-image-preview":"max-image-preview:large","max-video-preview":"max-video-preview:-1"},"canonical":"https:\/\/biocabaz.pt\/web\/produto\/escova-de-dentes-de-nylon-macia\/","og_locale":"pt_PT","og_type":"article","og_title":"[:en]SOFT TOOTHBRUSH WITH NYLON BRISTLES[:pt]ESCOVA DENTES CERDAS NYLON-DUREZA MACIA[:] - BIOCABAZ - CABAZES BIOL\u00d3GICOS","og_description":"\u2022 Cabe\u00e7a de substitui\u00e7\u00e3o completa \u00e9 composta sobretudo por mat\u00e9rias-primas renov\u00e1veis, \u2022 A embalagem completa \u00e9 biodegrad\u00e1vel, o pl\u00e1stico \u00e9 feito de PLA \u2022 O cabo reutiliz\u00e1vel \u00e9 feito de PP\/TPE \u2022 Com limpa-l\u00edngua integrado (sem a cabe\u00e7a da escova) \u2022 Sem plastificantes (ftalatos), bisfenois ou outros materiais nocivosModo de Utiliza\u00e7\u00e3o: Conservar em local fresco e seco e ao abrigo da luz solar.","og_url":"https:\/\/biocabaz.pt\/web\/produto\/escova-de-dentes-de-nylon-macia\/","og_site_name":"BIOCABAZ - CABAZES BIOL\u00d3GICOS","article_modified_time":"2022-09-29T15:36:44+00:00","og_image":[{"width":600,"height":600,"url":"https:\/\/www.biocabaz.pt\/web\/wp-conteudos\/uploads\/2021\/08\/escova-dentes-cerdas-nylon-dureza-macia.jpg","type":"image\/jpeg"}],"twitter_card":"summary_large_image","schema":{"@context":"https:\/\/schema.org","@graph":[{"@type":"WebPage","@id":"https:\/\/biocabaz.pt\/web\/produto\/escova-de-dentes-de-nylon-macia\/","url":"https:\/\/biocabaz.pt\/web\/produto\/escova-de-dentes-de-nylon-macia\/","name":"ESCOVA DENTES CERDAS NYLON-DUREZA MACIA","isPartOf":{"@id":"https:\/\/biocabaz.pt\/web\/#website"},"primaryImageOfPage":{"@id":"https:\/\/biocabaz.pt\/web\/produto\/escova-de-dentes-de-nylon-macia\/#primaryimage"},"image":{"@id":"https:\/\/biocabaz.pt\/web\/produto\/escova-de-dentes-de-nylon-macia\/#primaryimage"},"thumbnailUrl":"https:\/\/www.biocabaz.pt\/web\/wp-conteudos\/uploads\/2021\/08\/escova-dentes-cerdas-nylon-dureza-macia.jpg","datePublished":"2021-08-25T14:24:42+00:00","dateModified":"2022-09-29T15:36:44+00:00","breadcrumb":{"@id":"https:\/\/biocabaz.pt\/web\/produto\/escova-de-dentes-de-nylon-macia\/#breadcrumb"},"inLanguage":"pt-PT","potentialAction":[{"@type":"ReadAction","target":["https:\/\/biocabaz.pt\/web\/produto\/escova-de-dentes-de-nylon-macia\/"]}]},{"@type":"ImageObject","inLanguage":"pt-PT","@id":"https:\/\/biocabaz.pt\/web\/produto\/escova-de-dentes-de-nylon-macia\/#primaryimage","url":"https:\/\/www.biocabaz.pt\/web\/wp-conteudos\/uploads\/2021\/08\/escova-dentes-cerdas-nylon-dureza-macia.jpg","contentUrl":"https:\/\/www.biocabaz.pt\/web\/wp-conteudos\/uploads\/2021\/08\/escova-dentes-cerdas-nylon-dureza-macia.jpg","width":600,"height":600,"caption":"ESCOVA DENTES CERDAS NYLON-DUREZA MACIA"},{"@type":"BreadcrumbList","@id":"https:\/\/biocabaz.pt\/web\/produto\/escova-de-dentes-de-nylon-macia\/#breadcrumb","itemListElement":[{"@type":"ListItem","position":1,"name":"Home","item":"https:\/\/biocabaz.pt\/web\/"},{"@type":"ListItem","position":2,"name":"Shop","item":"https:\/\/biocabaz.pt\/web\/en\/shop\/"},{"@type":"ListItem","position":3,"name":"ESCOVA DENTES CERDAS NYLON-DUREZA MACIA"}]},{"@type":"WebSite","@id":"https:\/\/biocabaz.pt\/web\/#website","url":"https:\/\/biocabaz.pt\/web\/","name":"BIOCABAZ - CABAZES BIOL\u00d3GICOS","description":"O melhor que a terra d\u00e1 \u00e9 para si","potentialAction":[{"@type":"SearchAction","target":{"@type":"EntryPoint","urlTemplate":"https:\/\/biocabaz.pt\/web\/?s={search_term_string}"},"query-input":{"@type":"PropertyValueSpecification","valueRequired":true,"valueName":"search_term_string"}}],"inLanguage":"pt-PT"}]}},"_links":{"self":[{"href":"https:\/\/biocabaz.pt\/web\/wp-json\/wp\/v2\/product\/74729","targetHints":{"allow":["GET"]}}],"collection":[{"href":"https:\/\/biocabaz.pt\/web\/wp-json\/wp\/v2\/product"}],"about":[{"href":"https:\/\/biocabaz.pt\/web\/wp-json\/wp\/v2\/types\/product"}],"replies":[{"embeddable":true,"href":"https:\/\/biocabaz.pt\/web\/wp-json\/wp\/v2\/comments?post=74729"}],"wp:featuredmedia":[{"embeddable":true,"href":"https:\/\/biocabaz.pt\/web\/wp-json\/wp\/v2\/media\/74740"}],"wp:attachment":[{"href":"https:\/\/biocabaz.pt\/web\/wp-json\/wp\/v2\/media?parent=74729"}],"wp:term":[{"taxonomy":"product_cat","embeddable":true,"href":"https:\/\/biocabaz.pt\/web\/wp-json\/wp\/v2\/product_cat?post=74729"},{"taxonomy":"product_tag","embeddable":true,"href":"https:\/\/biocabaz.pt\/web\/wp-json\/wp\/v2\/product_tag?post=74729"}],"curies":[{"name":"wp","href":"https:\/\/api.w.org\/{rel}","templated":true}]}}