{"id":74700,"date":"2021-08-25T10:21:58","date_gmt":"2021-08-25T10:21:58","guid":{"rendered":"https:\/\/www.biocabaz.pt\/web\/?post_type=product&#038;p=74700"},"modified":"2026-03-28T09:21:01","modified_gmt":"2026-03-28T09:21:01","slug":"penso-diario-algodao-bio-mini-bio","status":"publish","type":"product","link":"https:\/\/biocabaz.pt\/web\/produto\/penso-diario-algodao-bio-mini-bio\/","title":{"rendered":"PENSO DIARIO ALGOD\u00c3O BIO MINI BIO"},"content":{"rendered":"","protected":false},"excerpt":{"rendered":"<p>A Natracare usa apenas algod\u00e3o biol\u00f3gico certificado,<\/p>\n<p>N\u00e3o s\u00e3o usados substitutos do algod\u00e3o de origem sint\u00e9tica.<\/p>\n<p>Mais de 90% Biodegrad\u00e1veis<br \/>\n&#8211; Apenas algod\u00e3o biol\u00f3gico em contacto com a sua pele<br \/>\n&#8211; Sem pl\u00e1sticos<br \/>\n&#8211; Sem perfumes<br \/>\n&#8211; Sem branqueadores \u00e0 base de cloro<br \/>\n&#8211; Biodegrad\u00e1veis<br \/>\n&#8211; Mat\u00e9rias-primas naturais<br \/><b>Modo de Utiliza\u00e7\u00e3o:<\/b> Condi\u00e7\u00f5es de Conserva\u00e7\u00e3o:<br \/>\nConservar em local fresco e seco abaixo dos 25\u00baC e com pouca humidade.<\/p>\n","protected":false},"featured_media":74701,"comment_status":"closed","ping_status":"closed","template":"","meta":[],"product_cat":[92],"product_tag":[],"class_list":["post-74700","product","type-product","status-publish","has-post-thumbnail","hentry","product_cat-higiene-intima"],"bundle_layout":"","bundled_by":[],"bundled_items":[],"yoast_head":"<!-- This site is optimized with the Yoast SEO plugin v26.3 - https:\/\/yoast.com\/wordpress\/plugins\/seo\/ -->\n<title>PENSO DIARIO ALGOD\u00c3O BIO MINI BIO<\/title>\n<meta name=\"robots\" content=\"index, follow, max-snippet:-1, max-image-preview:large, max-video-preview:-1\" \/>\n<link rel=\"canonical\" href=\"https:\/\/biocabaz.pt\/web\/produto\/penso-diario-algodao-bio-mini-bio\/\" \/>\n<meta property=\"og:locale\" content=\"pt_PT\" \/>\n<meta property=\"og:locale:alternate\" content=\"en_US\" \/>\n<meta property=\"og:type\" content=\"article\" \/>\n<meta property=\"og:title\" content=\"PENSO DIARIO ALGOD\u00c3O BIO MINI BIO\" \/>\n<meta property=\"og:description\" content=\"A Natracare usa apenas algod\u00e3o biol\u00f3gico certificado, N\u00e3o s\u00e3o usados substitutos do algod\u00e3o de origem sint\u00e9tica. Mais de 90% Biodegrad\u00e1veis - Apenas algod\u00e3o biol\u00f3gico em contacto com a sua pele - Sem pl\u00e1sticos - Sem perfumes - Sem branqueadores \u00e0 base de cloro - Biodegrad\u00e1veis - Mat\u00e9rias-primas naturaisModo de Utiliza\u00e7\u00e3o: Condi\u00e7\u00f5es de Conserva\u00e7\u00e3o: Conservar em local fresco e seco abaixo dos 25\u00baC e com pouca humidade.\" \/>\n<meta property=\"og:url\" content=\"https:\/\/biocabaz.pt\/web\/produto\/penso-diario-algodao-bio-mini-bio\/\" \/>\n<meta property=\"og:site_name\" content=\"BIOCABAZ - CABAZES BIOL\u00d3GICOS\" \/>\n<meta property=\"article:modified_time\" content=\"2026-03-28T09:21:01+00:00\" \/>\n<meta property=\"og:image\" content=\"https:\/\/www.biocabaz.pt\/web\/wp-conteudos\/uploads\/2021\/08\/penso-diario-algodao-bio-mini-bio.jpg\" \/>\n\t<meta property=\"og:image:width\" content=\"600\" \/>\n\t<meta property=\"og:image:height\" content=\"600\" \/>\n\t<meta property=\"og:image:type\" content=\"image\/jpeg\" \/>\n<meta name=\"twitter:card\" content=\"summary_large_image\" \/>\n<script type=\"application\/ld+json\" class=\"yoast-schema-graph\">{\"@context\":\"https:\/\/schema.org\",\"@graph\":[{\"@type\":\"WebPage\",\"@id\":\"https:\/\/biocabaz.pt\/web\/produto\/penso-diario-algodao-bio-mini-bio\/\",\"url\":\"https:\/\/biocabaz.pt\/web\/produto\/penso-diario-algodao-bio-mini-bio\/\",\"name\":\"PENSO DIARIO ALGOD\u00c3O BIO MINI BIO\",\"isPartOf\":{\"@id\":\"https:\/\/biocabaz.pt\/web\/#website\"},\"primaryImageOfPage\":{\"@id\":\"https:\/\/biocabaz.pt\/web\/produto\/penso-diario-algodao-bio-mini-bio\/#primaryimage\"},\"image\":{\"@id\":\"https:\/\/biocabaz.pt\/web\/produto\/penso-diario-algodao-bio-mini-bio\/#primaryimage\"},\"thumbnailUrl\":\"https:\/\/www.biocabaz.pt\/web\/wp-conteudos\/uploads\/2021\/08\/penso-diario-algodao-bio-mini-bio.jpg\",\"datePublished\":\"2021-08-25T10:21:58+00:00\",\"dateModified\":\"2026-03-28T09:21:01+00:00\",\"breadcrumb\":{\"@id\":\"https:\/\/biocabaz.pt\/web\/produto\/penso-diario-algodao-bio-mini-bio\/#breadcrumb\"},\"inLanguage\":\"pt-PT\",\"potentialAction\":[{\"@type\":\"ReadAction\",\"target\":[\"https:\/\/biocabaz.pt\/web\/produto\/penso-diario-algodao-bio-mini-bio\/\"]}]},{\"@type\":\"ImageObject\",\"inLanguage\":\"pt-PT\",\"@id\":\"https:\/\/biocabaz.pt\/web\/produto\/penso-diario-algodao-bio-mini-bio\/#primaryimage\",\"url\":\"https:\/\/www.biocabaz.pt\/web\/wp-conteudos\/uploads\/2021\/08\/penso-diario-algodao-bio-mini-bio.jpg\",\"contentUrl\":\"https:\/\/www.biocabaz.pt\/web\/wp-conteudos\/uploads\/2021\/08\/penso-diario-algodao-bio-mini-bio.jpg\",\"width\":600,\"height\":600,\"caption\":\"PENSO DIARIO ALGOD\u00c3O BIO MINI BIO\"},{\"@type\":\"BreadcrumbList\",\"@id\":\"https:\/\/biocabaz.pt\/web\/produto\/penso-diario-algodao-bio-mini-bio\/#breadcrumb\",\"itemListElement\":[{\"@type\":\"ListItem\",\"position\":1,\"name\":\"Home\",\"item\":\"https:\/\/biocabaz.pt\/web\/\"},{\"@type\":\"ListItem\",\"position\":2,\"name\":\"Shop\",\"item\":\"https:\/\/www.biocabaz.pt\/web\/en\/shop\/\"},{\"@type\":\"ListItem\",\"position\":3,\"name\":\"PENSO DIARIO ALGOD\u00c3O BIO MINI BIO\"}]},{\"@type\":\"WebSite\",\"@id\":\"https:\/\/biocabaz.pt\/web\/#website\",\"url\":\"https:\/\/biocabaz.pt\/web\/\",\"name\":\"BIOCABAZ - CABAZES BIOL\u00d3GICOS\",\"description\":\"O melhor que a terra d\u00e1 \u00e9 para si\",\"potentialAction\":[{\"@type\":\"SearchAction\",\"target\":{\"@type\":\"EntryPoint\",\"urlTemplate\":\"https:\/\/biocabaz.pt\/web\/?s={search_term_string}\"},\"query-input\":{\"@type\":\"PropertyValueSpecification\",\"valueRequired\":true,\"valueName\":\"search_term_string\"}}],\"inLanguage\":\"pt-PT\"}]}<\/script>\n<!-- \/ Yoast SEO plugin. -->","yoast_head_json":{"title":"PENSO DIARIO ALGOD\u00c3O BIO MINI BIO","robots":{"index":"index","follow":"follow","max-snippet":"max-snippet:-1","max-image-preview":"max-image-preview:large","max-video-preview":"max-video-preview:-1"},"canonical":"https:\/\/biocabaz.pt\/web\/produto\/penso-diario-algodao-bio-mini-bio\/","og_locale":"pt_PT","og_type":"article","og_title":"[:en]ORGANIC COTTON MINI PANTY LINERS[:pt]PENSO DIARIO ALGOD\u00c3O BIO MINI BIO[:] - BIOCABAZ - CABAZES BIOL\u00d3GICOS","og_description":"A Natracare usa apenas algod\u00e3o biol\u00f3gico certificado, N\u00e3o s\u00e3o usados substitutos do algod\u00e3o de origem sint\u00e9tica. Mais de 90% Biodegrad\u00e1veis - Apenas algod\u00e3o biol\u00f3gico em contacto com a sua pele - Sem pl\u00e1sticos - Sem perfumes - Sem branqueadores \u00e0 base de cloro - Biodegrad\u00e1veis - Mat\u00e9rias-primas naturaisModo de Utiliza\u00e7\u00e3o: Condi\u00e7\u00f5es de Conserva\u00e7\u00e3o: Conservar em local fresco e seco abaixo dos 25\u00baC e com pouca humidade.","og_url":"https:\/\/biocabaz.pt\/web\/produto\/penso-diario-algodao-bio-mini-bio\/","og_site_name":"BIOCABAZ - CABAZES BIOL\u00d3GICOS","article_modified_time":"2026-03-28T09:21:01+00:00","og_image":[{"width":600,"height":600,"url":"https:\/\/www.biocabaz.pt\/web\/wp-conteudos\/uploads\/2021\/08\/penso-diario-algodao-bio-mini-bio.jpg","type":"image\/jpeg"}],"twitter_card":"summary_large_image","schema":{"@context":"https:\/\/schema.org","@graph":[{"@type":"WebPage","@id":"https:\/\/biocabaz.pt\/web\/produto\/penso-diario-algodao-bio-mini-bio\/","url":"https:\/\/biocabaz.pt\/web\/produto\/penso-diario-algodao-bio-mini-bio\/","name":"PENSO DIARIO ALGOD\u00c3O BIO MINI BIO","isPartOf":{"@id":"https:\/\/biocabaz.pt\/web\/#website"},"primaryImageOfPage":{"@id":"https:\/\/biocabaz.pt\/web\/produto\/penso-diario-algodao-bio-mini-bio\/#primaryimage"},"image":{"@id":"https:\/\/biocabaz.pt\/web\/produto\/penso-diario-algodao-bio-mini-bio\/#primaryimage"},"thumbnailUrl":"https:\/\/www.biocabaz.pt\/web\/wp-conteudos\/uploads\/2021\/08\/penso-diario-algodao-bio-mini-bio.jpg","datePublished":"2021-08-25T10:21:58+00:00","dateModified":"2026-03-28T09:21:01+00:00","breadcrumb":{"@id":"https:\/\/biocabaz.pt\/web\/produto\/penso-diario-algodao-bio-mini-bio\/#breadcrumb"},"inLanguage":"pt-PT","potentialAction":[{"@type":"ReadAction","target":["https:\/\/biocabaz.pt\/web\/produto\/penso-diario-algodao-bio-mini-bio\/"]}]},{"@type":"ImageObject","inLanguage":"pt-PT","@id":"https:\/\/biocabaz.pt\/web\/produto\/penso-diario-algodao-bio-mini-bio\/#primaryimage","url":"https:\/\/www.biocabaz.pt\/web\/wp-conteudos\/uploads\/2021\/08\/penso-diario-algodao-bio-mini-bio.jpg","contentUrl":"https:\/\/www.biocabaz.pt\/web\/wp-conteudos\/uploads\/2021\/08\/penso-diario-algodao-bio-mini-bio.jpg","width":600,"height":600,"caption":"PENSO DIARIO ALGOD\u00c3O BIO MINI BIO"},{"@type":"BreadcrumbList","@id":"https:\/\/biocabaz.pt\/web\/produto\/penso-diario-algodao-bio-mini-bio\/#breadcrumb","itemListElement":[{"@type":"ListItem","position":1,"name":"Home","item":"https:\/\/biocabaz.pt\/web\/"},{"@type":"ListItem","position":2,"name":"Shop","item":"https:\/\/www.biocabaz.pt\/web\/en\/shop\/"},{"@type":"ListItem","position":3,"name":"PENSO DIARIO ALGOD\u00c3O BIO MINI BIO"}]},{"@type":"WebSite","@id":"https:\/\/biocabaz.pt\/web\/#website","url":"https:\/\/biocabaz.pt\/web\/","name":"BIOCABAZ - CABAZES BIOL\u00d3GICOS","description":"O melhor que a terra d\u00e1 \u00e9 para si","potentialAction":[{"@type":"SearchAction","target":{"@type":"EntryPoint","urlTemplate":"https:\/\/biocabaz.pt\/web\/?s={search_term_string}"},"query-input":{"@type":"PropertyValueSpecification","valueRequired":true,"valueName":"search_term_string"}}],"inLanguage":"pt-PT"}]}},"_links":{"self":[{"href":"https:\/\/biocabaz.pt\/web\/wp-json\/wp\/v2\/product\/74700","targetHints":{"allow":["GET"]}}],"collection":[{"href":"https:\/\/biocabaz.pt\/web\/wp-json\/wp\/v2\/product"}],"about":[{"href":"https:\/\/biocabaz.pt\/web\/wp-json\/wp\/v2\/types\/product"}],"replies":[{"embeddable":true,"href":"https:\/\/biocabaz.pt\/web\/wp-json\/wp\/v2\/comments?post=74700"}],"wp:featuredmedia":[{"embeddable":true,"href":"https:\/\/biocabaz.pt\/web\/wp-json\/wp\/v2\/media\/74701"}],"wp:attachment":[{"href":"https:\/\/biocabaz.pt\/web\/wp-json\/wp\/v2\/media?parent=74700"}],"wp:term":[{"taxonomy":"product_cat","embeddable":true,"href":"https:\/\/biocabaz.pt\/web\/wp-json\/wp\/v2\/product_cat?post=74700"},{"taxonomy":"product_tag","embeddable":true,"href":"https:\/\/biocabaz.pt\/web\/wp-json\/wp\/v2\/product_tag?post=74700"}],"curies":[{"name":"wp","href":"https:\/\/api.w.org\/{rel}","templated":true}]}}