{"id":74476,"date":"2021-08-20T17:53:26","date_gmt":"2021-08-20T17:53:26","guid":{"rendered":"https:\/\/www.biocabaz.pt\/web\/?post_type=product&#038;p=74476"},"modified":"2023-04-17T12:17:32","modified_gmt":"2023-04-17T12:17:32","slug":"gel-duche-calendula-bio-dr-organic","status":"publish","type":"product","link":"https:\/\/biocabaz.pt\/web\/produto\/gel-duche-calendula-bio-dr-organic\/","title":{"rendered":"GEL DUCHE CAL\u00caNDULA BIO DR.ORGANIC"},"content":{"rendered":"","protected":false},"excerpt":{"rendered":"<p>Ingredientes: Aqua, Aloe barbadensis leaf juice, Cocamidopropyl betaine, Sodium methyl cocoyl taurate, Sodium methyl oleoyl taurate, Lauryl glucoside, Calendula officinalis (Calendula) flower oil, Helianthus annuus (Sunflower) seed oil, Limnanthes alba (Meadowfoam) seed oil, Zingiber officinale (Ginger) extract, Sodium Lauroyl sarcosinate, Coco-glucoside, Sodium chloride, Citric acid, Bisabolol, Hydroxyacetophenone, Potassium sorbate, Benzyl alcohol.<br \/><b>Modo de Utiliza\u00e7\u00e3o:<\/b> Advert\u00eancias:<br \/>\nEste produto cont\u00e9m um m\u00ednimo de 70% de ingredientes biol\u00f3gicos (excluindo \u00e1gua e sal). Por conter ingredientes de origem natural, a cor e a consist\u00eancia podem variar de lote para lote, o que n\u00e3o afeta a qualidade do produto.<br \/>\nPara uso externo. Evitar o contacto com os olhos. N\u00e3o aplicar em pele ferida ou irritada. Suspender a utiliza\u00e7\u00e3o em caso de sensibilidade. Evite este produto em caso de alergia ou sensibilidade a algum ingrediente. Manter fora do alcance das crian\u00e7as.<br \/>\nSugest\u00f5es de Utiliza\u00e7\u00e3o:<br \/>\naplique na pele ou no cabelo h\u00famidos e massaje at\u00e9 obter espuma. Enxague bem.<br \/>\nCondi\u00e7\u00f5es de Conserva\u00e7\u00e3o:<br \/>\nConservar em local fresco e seco<\/p>\n","protected":false},"featured_media":74477,"comment_status":"closed","ping_status":"closed","template":"","meta":[],"product_cat":[91],"product_tag":[],"class_list":["post-74476","product","type-product","status-publish","has-post-thumbnail","hentry","product_cat-corpo"],"bundle_layout":"","bundled_by":[],"bundled_items":[],"yoast_head":"<!-- This site is optimized with the Yoast SEO plugin v26.3 - https:\/\/yoast.com\/wordpress\/plugins\/seo\/ -->\n<title>GEL DUCHE CAL\u00caNDULA BIO DR.ORGANIC<\/title>\n<meta name=\"robots\" content=\"index, follow, max-snippet:-1, max-image-preview:large, max-video-preview:-1\" \/>\n<link rel=\"canonical\" href=\"https:\/\/biocabaz.pt\/web\/produto\/gel-duche-calendula-bio-dr-organic\/\" \/>\n<meta property=\"og:locale\" content=\"pt_PT\" \/>\n<meta property=\"og:locale:alternate\" content=\"en_US\" \/>\n<meta property=\"og:type\" content=\"article\" \/>\n<meta property=\"og:title\" content=\"GEL DUCHE CAL\u00caNDULA BIO DR.ORGANIC\" \/>\n<meta property=\"og:description\" content=\"Ingredientes: Aqua, Aloe barbadensis leaf juice, Cocamidopropyl betaine, Sodium methyl cocoyl taurate, Sodium methyl oleoyl taurate, Lauryl glucoside, Calendula officinalis (Calendula) flower oil, Helianthus annuus (Sunflower) seed oil, Limnanthes alba (Meadowfoam) seed oil, Zingiber officinale (Ginger) extract, Sodium Lauroyl sarcosinate, Coco-glucoside, Sodium chloride, Citric acid, Bisabolol, Hydroxyacetophenone, Potassium sorbate, Benzyl alcohol.Modo de Utiliza\u00e7\u00e3o: Advert\u00eancias: Este produto cont\u00e9m um m\u00ednimo de 70% de ingredientes biol\u00f3gicos (excluindo \u00e1gua e sal). Por conter ingredientes de origem natural, a cor e a consist\u00eancia podem variar de lote para lote, o que n\u00e3o afeta a qualidade do produto. Para uso externo. Evitar o contacto com os olhos. N\u00e3o aplicar em pele ferida ou irritada. Suspender a utiliza\u00e7\u00e3o em caso de sensibilidade. Evite este produto em caso de alergia ou sensibilidade a algum ingrediente. Manter fora do alcance das crian\u00e7as. Sugest\u00f5es de Utiliza\u00e7\u00e3o: aplique na pele ou no cabelo h\u00famidos e massaje at\u00e9 obter espuma. Enxague bem. Condi\u00e7\u00f5es de Conserva\u00e7\u00e3o: Conservar em local fresco e seco\" \/>\n<meta property=\"og:url\" content=\"https:\/\/biocabaz.pt\/web\/produto\/gel-duche-calendula-bio-dr-organic\/\" \/>\n<meta property=\"og:site_name\" content=\"BIOCABAZ - CABAZES BIOL\u00d3GICOS\" \/>\n<meta property=\"article:modified_time\" content=\"2023-04-17T12:17:32+00:00\" \/>\n<meta property=\"og:image\" content=\"https:\/\/www.biocabaz.pt\/web\/wp-conteudos\/uploads\/2021\/08\/gel-duche-calendula-bio-dr.organic.jpg\" \/>\n\t<meta property=\"og:image:width\" content=\"600\" \/>\n\t<meta property=\"og:image:height\" content=\"600\" \/>\n\t<meta property=\"og:image:type\" content=\"image\/jpeg\" \/>\n<meta name=\"twitter:card\" content=\"summary_large_image\" \/>\n<script type=\"application\/ld+json\" class=\"yoast-schema-graph\">{\"@context\":\"https:\/\/schema.org\",\"@graph\":[{\"@type\":\"WebPage\",\"@id\":\"https:\/\/biocabaz.pt\/web\/produto\/gel-duche-calendula-bio-dr-organic\/\",\"url\":\"https:\/\/biocabaz.pt\/web\/produto\/gel-duche-calendula-bio-dr-organic\/\",\"name\":\"GEL DUCHE CAL\u00caNDULA BIO DR.ORGANIC\",\"isPartOf\":{\"@id\":\"https:\/\/biocabaz.pt\/web\/#website\"},\"primaryImageOfPage\":{\"@id\":\"https:\/\/biocabaz.pt\/web\/produto\/gel-duche-calendula-bio-dr-organic\/#primaryimage\"},\"image\":{\"@id\":\"https:\/\/biocabaz.pt\/web\/produto\/gel-duche-calendula-bio-dr-organic\/#primaryimage\"},\"thumbnailUrl\":\"https:\/\/www.biocabaz.pt\/web\/wp-conteudos\/uploads\/2021\/08\/gel-duche-calendula-bio-dr.organic.jpg\",\"datePublished\":\"2021-08-20T17:53:26+00:00\",\"dateModified\":\"2023-04-17T12:17:32+00:00\",\"breadcrumb\":{\"@id\":\"https:\/\/biocabaz.pt\/web\/produto\/gel-duche-calendula-bio-dr-organic\/#breadcrumb\"},\"inLanguage\":\"pt-PT\",\"potentialAction\":[{\"@type\":\"ReadAction\",\"target\":[\"https:\/\/biocabaz.pt\/web\/produto\/gel-duche-calendula-bio-dr-organic\/\"]}]},{\"@type\":\"ImageObject\",\"inLanguage\":\"pt-PT\",\"@id\":\"https:\/\/biocabaz.pt\/web\/produto\/gel-duche-calendula-bio-dr-organic\/#primaryimage\",\"url\":\"https:\/\/www.biocabaz.pt\/web\/wp-conteudos\/uploads\/2021\/08\/gel-duche-calendula-bio-dr.organic.jpg\",\"contentUrl\":\"https:\/\/www.biocabaz.pt\/web\/wp-conteudos\/uploads\/2021\/08\/gel-duche-calendula-bio-dr.organic.jpg\",\"width\":600,\"height\":600,\"caption\":\"GEL DUCHE CAL\u00caNDULA BIO DR.ORGANIC\"},{\"@type\":\"BreadcrumbList\",\"@id\":\"https:\/\/biocabaz.pt\/web\/produto\/gel-duche-calendula-bio-dr-organic\/#breadcrumb\",\"itemListElement\":[{\"@type\":\"ListItem\",\"position\":1,\"name\":\"Home\",\"item\":\"https:\/\/biocabaz.pt\/web\/\"},{\"@type\":\"ListItem\",\"position\":2,\"name\":\"Loja\",\"item\":\"https:\/\/biocabaz.pt\/web\/shop\/\"},{\"@type\":\"ListItem\",\"position\":3,\"name\":\"GEL DUCHE CAL\u00caNDULA BIO DR.ORGANIC\"}]},{\"@type\":\"WebSite\",\"@id\":\"https:\/\/biocabaz.pt\/web\/#website\",\"url\":\"https:\/\/biocabaz.pt\/web\/\",\"name\":\"BIOCABAZ - CABAZES BIOL\u00d3GICOS\",\"description\":\"O melhor que a terra d\u00e1 \u00e9 para si\",\"potentialAction\":[{\"@type\":\"SearchAction\",\"target\":{\"@type\":\"EntryPoint\",\"urlTemplate\":\"https:\/\/biocabaz.pt\/web\/?s={search_term_string}\"},\"query-input\":{\"@type\":\"PropertyValueSpecification\",\"valueRequired\":true,\"valueName\":\"search_term_string\"}}],\"inLanguage\":\"pt-PT\"}]}<\/script>\n<!-- \/ Yoast SEO plugin. -->","yoast_head_json":{"title":"GEL DUCHE CAL\u00caNDULA BIO DR.ORGANIC","robots":{"index":"index","follow":"follow","max-snippet":"max-snippet:-1","max-image-preview":"max-image-preview:large","max-video-preview":"max-video-preview:-1"},"canonical":"https:\/\/biocabaz.pt\/web\/produto\/gel-duche-calendula-bio-dr-organic\/","og_locale":"pt_PT","og_type":"article","og_title":"[:en]DR. ORGANIC CALENDULA BODYWASH 250ML[:pt]GEL DUCHE CAL\u00caNDULA BIO DR.ORGANIC[:] - BIOCABAZ - CABAZES BIOL\u00d3GICOS","og_description":"Ingredientes: Aqua, Aloe barbadensis leaf juice, Cocamidopropyl betaine, Sodium methyl cocoyl taurate, Sodium methyl oleoyl taurate, Lauryl glucoside, Calendula officinalis (Calendula) flower oil, Helianthus annuus (Sunflower) seed oil, Limnanthes alba (Meadowfoam) seed oil, Zingiber officinale (Ginger) extract, Sodium Lauroyl sarcosinate, Coco-glucoside, Sodium chloride, Citric acid, Bisabolol, Hydroxyacetophenone, Potassium sorbate, Benzyl alcohol.Modo de Utiliza\u00e7\u00e3o: Advert\u00eancias: Este produto cont\u00e9m um m\u00ednimo de 70% de ingredientes biol\u00f3gicos (excluindo \u00e1gua e sal). Por conter ingredientes de origem natural, a cor e a consist\u00eancia podem variar de lote para lote, o que n\u00e3o afeta a qualidade do produto. Para uso externo. Evitar o contacto com os olhos. N\u00e3o aplicar em pele ferida ou irritada. Suspender a utiliza\u00e7\u00e3o em caso de sensibilidade. Evite este produto em caso de alergia ou sensibilidade a algum ingrediente. Manter fora do alcance das crian\u00e7as. Sugest\u00f5es de Utiliza\u00e7\u00e3o: aplique na pele ou no cabelo h\u00famidos e massaje at\u00e9 obter espuma. Enxague bem. Condi\u00e7\u00f5es de Conserva\u00e7\u00e3o: Conservar em local fresco e seco","og_url":"https:\/\/biocabaz.pt\/web\/produto\/gel-duche-calendula-bio-dr-organic\/","og_site_name":"BIOCABAZ - CABAZES BIOL\u00d3GICOS","article_modified_time":"2023-04-17T12:17:32+00:00","og_image":[{"width":600,"height":600,"url":"https:\/\/www.biocabaz.pt\/web\/wp-conteudos\/uploads\/2021\/08\/gel-duche-calendula-bio-dr.organic.jpg","type":"image\/jpeg"}],"twitter_card":"summary_large_image","schema":{"@context":"https:\/\/schema.org","@graph":[{"@type":"WebPage","@id":"https:\/\/biocabaz.pt\/web\/produto\/gel-duche-calendula-bio-dr-organic\/","url":"https:\/\/biocabaz.pt\/web\/produto\/gel-duche-calendula-bio-dr-organic\/","name":"GEL DUCHE CAL\u00caNDULA BIO DR.ORGANIC","isPartOf":{"@id":"https:\/\/biocabaz.pt\/web\/#website"},"primaryImageOfPage":{"@id":"https:\/\/biocabaz.pt\/web\/produto\/gel-duche-calendula-bio-dr-organic\/#primaryimage"},"image":{"@id":"https:\/\/biocabaz.pt\/web\/produto\/gel-duche-calendula-bio-dr-organic\/#primaryimage"},"thumbnailUrl":"https:\/\/www.biocabaz.pt\/web\/wp-conteudos\/uploads\/2021\/08\/gel-duche-calendula-bio-dr.organic.jpg","datePublished":"2021-08-20T17:53:26+00:00","dateModified":"2023-04-17T12:17:32+00:00","breadcrumb":{"@id":"https:\/\/biocabaz.pt\/web\/produto\/gel-duche-calendula-bio-dr-organic\/#breadcrumb"},"inLanguage":"pt-PT","potentialAction":[{"@type":"ReadAction","target":["https:\/\/biocabaz.pt\/web\/produto\/gel-duche-calendula-bio-dr-organic\/"]}]},{"@type":"ImageObject","inLanguage":"pt-PT","@id":"https:\/\/biocabaz.pt\/web\/produto\/gel-duche-calendula-bio-dr-organic\/#primaryimage","url":"https:\/\/www.biocabaz.pt\/web\/wp-conteudos\/uploads\/2021\/08\/gel-duche-calendula-bio-dr.organic.jpg","contentUrl":"https:\/\/www.biocabaz.pt\/web\/wp-conteudos\/uploads\/2021\/08\/gel-duche-calendula-bio-dr.organic.jpg","width":600,"height":600,"caption":"GEL DUCHE CAL\u00caNDULA BIO DR.ORGANIC"},{"@type":"BreadcrumbList","@id":"https:\/\/biocabaz.pt\/web\/produto\/gel-duche-calendula-bio-dr-organic\/#breadcrumb","itemListElement":[{"@type":"ListItem","position":1,"name":"Home","item":"https:\/\/biocabaz.pt\/web\/"},{"@type":"ListItem","position":2,"name":"Loja","item":"https:\/\/biocabaz.pt\/web\/shop\/"},{"@type":"ListItem","position":3,"name":"GEL DUCHE CAL\u00caNDULA BIO DR.ORGANIC"}]},{"@type":"WebSite","@id":"https:\/\/biocabaz.pt\/web\/#website","url":"https:\/\/biocabaz.pt\/web\/","name":"BIOCABAZ - CABAZES BIOL\u00d3GICOS","description":"O melhor que a terra d\u00e1 \u00e9 para si","potentialAction":[{"@type":"SearchAction","target":{"@type":"EntryPoint","urlTemplate":"https:\/\/biocabaz.pt\/web\/?s={search_term_string}"},"query-input":{"@type":"PropertyValueSpecification","valueRequired":true,"valueName":"search_term_string"}}],"inLanguage":"pt-PT"}]}},"_links":{"self":[{"href":"https:\/\/biocabaz.pt\/web\/wp-json\/wp\/v2\/product\/74476","targetHints":{"allow":["GET"]}}],"collection":[{"href":"https:\/\/biocabaz.pt\/web\/wp-json\/wp\/v2\/product"}],"about":[{"href":"https:\/\/biocabaz.pt\/web\/wp-json\/wp\/v2\/types\/product"}],"replies":[{"embeddable":true,"href":"https:\/\/biocabaz.pt\/web\/wp-json\/wp\/v2\/comments?post=74476"}],"wp:featuredmedia":[{"embeddable":true,"href":"https:\/\/biocabaz.pt\/web\/wp-json\/wp\/v2\/media\/74477"}],"wp:attachment":[{"href":"https:\/\/biocabaz.pt\/web\/wp-json\/wp\/v2\/media?parent=74476"}],"wp:term":[{"taxonomy":"product_cat","embeddable":true,"href":"https:\/\/biocabaz.pt\/web\/wp-json\/wp\/v2\/product_cat?post=74476"},{"taxonomy":"product_tag","embeddable":true,"href":"https:\/\/biocabaz.pt\/web\/wp-json\/wp\/v2\/product_tag?post=74476"}],"curies":[{"name":"wp","href":"https:\/\/api.w.org\/{rel}","templated":true}]}}