{"id":74467,"date":"2021-08-20T17:29:04","date_gmt":"2021-08-20T17:29:04","guid":{"rendered":"https:\/\/www.biocabaz.pt\/web\/?post_type=product&#038;p=74467"},"modified":"2022-09-29T15:40:55","modified_gmt":"2022-09-29T15:40:55","slug":"champo-de-oleo-de-argao-dr-organic-265ml","status":"publish","type":"product","link":"https:\/\/biocabaz.pt\/web\/produto\/champo-de-oleo-de-argao-dr-organic-265ml\/","title":{"rendered":"CHAMPO DE OLEO DE ARGAO DR. ORGANIC 265ML"},"content":{"rendered":"","protected":false},"excerpt":{"rendered":"<p>Ingredientes: Aloe barbadensis leaf juice, Aqua, Cocamidopropyl betaine, Sodium cocoamphoacetate, Sodium lauroyl sarcosinate, Coco glucoside, Glyceryl oleate, Palmitamidopropyltrimonium chloride, Glycerin, Caprylyl\/ capryl glucoside, Argania spinosa (argan) oil, Citrus aurantium dulcis, Eugenia caryophyllus (clove) leaf oil, Pelargonium graveolens (geranium) oil, Citrus limon peel oil, Pogostemon cablin (patchouli) oil, Cinnamomum zeylanicum (cinnamon) leaf oil, Aniba rosaeodora (rosewood) oil, Mentha arvensis herb oil, Citrus nobilis (mandarin) peel oil, Vanilla planifolia (vanilla) fruit extract, Mentha spicata herb oil , Kigelia Africana fruit extract, Hibiscus sabdariffa flower extract, Adansonia digitata fruit extract, Sorbitan sesquicaprylate, Sodium hydroxymethylglycinate, Sodium benzoate, Potassium sorbate, Benzyl alcohol, Dehydroacetic acid, Citric acid, Limonene, Eugenol, Linalool.<\/p>\n<p>Por conter ingredientes de origem natural, a cor e a consist\u00eancia pode variar de lote para lote, o que n\u00e3o afeta a qualidade do produto.<br \/><b>Modo de Utiliza\u00e7\u00e3o:<\/b> Advert\u00eancias:<br \/>\nPara uso externo. Evitar o contacto com os olhos. N\u00e3o aplicar em pele ferida ou irritada. Suspender a utiliza\u00e7\u00e3o em caso de sensibilidade. Evite este produto em caso de alergia ou sensibilidade a algum ingrediente. Manter fora do alcance das crian\u00e7as. N\u00e3o usar em animais.<br \/>\nSugest\u00f5es de Utiliza\u00e7\u00e3o:<br \/>\nModo de usar: aplicar uniformemente sobre o cabelo molhado, massajando. Enxaguar e repetir a aplica\u00e7\u00e3o se necess\u00e1rio. Para melhores resultados, em seguida, aplicar o amaciador da mesma gama.<\/p>\n<p>Condi\u00e7\u00f5es de Conserva\u00e7\u00e3o:<br \/>\nConservar em local seco e fresco.<\/p>\n","protected":false},"featured_media":74468,"comment_status":"closed","ping_status":"closed","template":"","meta":[],"product_cat":[90],"product_tag":[],"class_list":["post-74467","product","type-product","status-publish","has-post-thumbnail","hentry","product_cat-cabelo"],"bundle_layout":"","bundled_by":[],"bundled_items":[],"yoast_head":"<!-- This site is optimized with the Yoast SEO plugin v26.3 - https:\/\/yoast.com\/wordpress\/plugins\/seo\/ -->\n<title>CHAMPO DE OLEO DE ARGAO DR. ORGANIC 265ML<\/title>\n<meta name=\"robots\" content=\"index, follow, max-snippet:-1, max-image-preview:large, max-video-preview:-1\" \/>\n<link rel=\"canonical\" href=\"https:\/\/biocabaz.pt\/web\/produto\/champo-de-oleo-de-argao-dr-organic-265ml\/\" \/>\n<meta property=\"og:locale\" content=\"pt_PT\" \/>\n<meta property=\"og:locale:alternate\" content=\"en_US\" \/>\n<meta property=\"og:type\" content=\"article\" \/>\n<meta property=\"og:title\" content=\"CHAMPO DE OLEO DE ARGAO DR. ORGANIC 265ML\" \/>\n<meta property=\"og:description\" content=\"Ingredientes: Aloe barbadensis leaf juice, Aqua, Cocamidopropyl betaine, Sodium cocoamphoacetate, Sodium lauroyl sarcosinate, Coco glucoside, Glyceryl oleate, Palmitamidopropyltrimonium chloride, Glycerin, Caprylyl\/ capryl glucoside, Argania spinosa (argan) oil, Citrus aurantium dulcis, Eugenia caryophyllus (clove) leaf oil, Pelargonium graveolens (geranium) oil, Citrus limon peel oil, Pogostemon cablin (patchouli) oil, Cinnamomum zeylanicum (cinnamon) leaf oil, Aniba rosaeodora (rosewood) oil, Mentha arvensis herb oil, Citrus nobilis (mandarin) peel oil, Vanilla planifolia (vanilla) fruit extract, Mentha spicata herb oil , Kigelia Africana fruit extract, Hibiscus sabdariffa flower extract, Adansonia digitata fruit extract, Sorbitan sesquicaprylate, Sodium hydroxymethylglycinate, Sodium benzoate, Potassium sorbate, Benzyl alcohol, Dehydroacetic acid, Citric acid, Limonene, Eugenol, Linalool. Por conter ingredientes de origem natural, a cor e a consist\u00eancia pode variar de lote para lote, o que n\u00e3o afeta a qualidade do produto.Modo de Utiliza\u00e7\u00e3o: Advert\u00eancias: Para uso externo. Evitar o contacto com os olhos. N\u00e3o aplicar em pele ferida ou irritada. Suspender a utiliza\u00e7\u00e3o em caso de sensibilidade. Evite este produto em caso de alergia ou sensibilidade a algum ingrediente. Manter fora do alcance das crian\u00e7as. N\u00e3o usar em animais. Sugest\u00f5es de Utiliza\u00e7\u00e3o: Modo de usar: aplicar uniformemente sobre o cabelo molhado, massajando. Enxaguar e repetir a aplica\u00e7\u00e3o se necess\u00e1rio. Para melhores resultados, em seguida, aplicar o amaciador da mesma gama. Condi\u00e7\u00f5es de Conserva\u00e7\u00e3o: Conservar em local seco e fresco.\" \/>\n<meta property=\"og:url\" content=\"https:\/\/biocabaz.pt\/web\/produto\/champo-de-oleo-de-argao-dr-organic-265ml\/\" \/>\n<meta property=\"og:site_name\" content=\"BIOCABAZ - CABAZES BIOL\u00d3GICOS\" \/>\n<meta property=\"article:modified_time\" content=\"2022-09-29T15:40:55+00:00\" \/>\n<meta property=\"og:image\" content=\"https:\/\/www.biocabaz.pt\/web\/wp-conteudos\/uploads\/2021\/08\/champo-de-oleo-de-argao-dr.-organic-265ml.jpg\" \/>\n\t<meta property=\"og:image:width\" content=\"380\" \/>\n\t<meta property=\"og:image:height\" content=\"380\" \/>\n\t<meta property=\"og:image:type\" content=\"image\/jpeg\" \/>\n<meta name=\"twitter:card\" content=\"summary_large_image\" \/>\n<script type=\"application\/ld+json\" class=\"yoast-schema-graph\">{\"@context\":\"https:\/\/schema.org\",\"@graph\":[{\"@type\":\"WebPage\",\"@id\":\"https:\/\/biocabaz.pt\/web\/produto\/champo-de-oleo-de-argao-dr-organic-265ml\/\",\"url\":\"https:\/\/biocabaz.pt\/web\/produto\/champo-de-oleo-de-argao-dr-organic-265ml\/\",\"name\":\"CHAMPO DE OLEO DE ARGAO DR. ORGANIC 265ML\",\"isPartOf\":{\"@id\":\"https:\/\/biocabaz.pt\/web\/#website\"},\"primaryImageOfPage\":{\"@id\":\"https:\/\/biocabaz.pt\/web\/produto\/champo-de-oleo-de-argao-dr-organic-265ml\/#primaryimage\"},\"image\":{\"@id\":\"https:\/\/biocabaz.pt\/web\/produto\/champo-de-oleo-de-argao-dr-organic-265ml\/#primaryimage\"},\"thumbnailUrl\":\"https:\/\/www.biocabaz.pt\/web\/wp-conteudos\/uploads\/2021\/08\/champo-de-oleo-de-argao-dr.-organic-265ml.jpg\",\"datePublished\":\"2021-08-20T17:29:04+00:00\",\"dateModified\":\"2022-09-29T15:40:55+00:00\",\"breadcrumb\":{\"@id\":\"https:\/\/biocabaz.pt\/web\/produto\/champo-de-oleo-de-argao-dr-organic-265ml\/#breadcrumb\"},\"inLanguage\":\"pt-PT\",\"potentialAction\":[{\"@type\":\"ReadAction\",\"target\":[\"https:\/\/biocabaz.pt\/web\/produto\/champo-de-oleo-de-argao-dr-organic-265ml\/\"]}]},{\"@type\":\"ImageObject\",\"inLanguage\":\"pt-PT\",\"@id\":\"https:\/\/biocabaz.pt\/web\/produto\/champo-de-oleo-de-argao-dr-organic-265ml\/#primaryimage\",\"url\":\"https:\/\/www.biocabaz.pt\/web\/wp-conteudos\/uploads\/2021\/08\/champo-de-oleo-de-argao-dr.-organic-265ml.jpg\",\"contentUrl\":\"https:\/\/www.biocabaz.pt\/web\/wp-conteudos\/uploads\/2021\/08\/champo-de-oleo-de-argao-dr.-organic-265ml.jpg\",\"width\":380,\"height\":380,\"caption\":\"CHAMPO DE OLEO DE ARGAO DR. ORGANIC 265ML\"},{\"@type\":\"BreadcrumbList\",\"@id\":\"https:\/\/biocabaz.pt\/web\/produto\/champo-de-oleo-de-argao-dr-organic-265ml\/#breadcrumb\",\"itemListElement\":[{\"@type\":\"ListItem\",\"position\":1,\"name\":\"Home\",\"item\":\"https:\/\/biocabaz.pt\/web\/\"},{\"@type\":\"ListItem\",\"position\":2,\"name\":\"Shop\",\"item\":\"https:\/\/www.biocabaz.pt\/web\/en\/shop\/\"},{\"@type\":\"ListItem\",\"position\":3,\"name\":\"CHAMPO DE OLEO DE ARGAO DR. ORGANIC 265ML\"}]},{\"@type\":\"WebSite\",\"@id\":\"https:\/\/biocabaz.pt\/web\/#website\",\"url\":\"https:\/\/biocabaz.pt\/web\/\",\"name\":\"BIOCABAZ - CABAZES BIOL\u00d3GICOS\",\"description\":\"O melhor que a terra d\u00e1 \u00e9 para si\",\"potentialAction\":[{\"@type\":\"SearchAction\",\"target\":{\"@type\":\"EntryPoint\",\"urlTemplate\":\"https:\/\/biocabaz.pt\/web\/?s={search_term_string}\"},\"query-input\":{\"@type\":\"PropertyValueSpecification\",\"valueRequired\":true,\"valueName\":\"search_term_string\"}}],\"inLanguage\":\"pt-PT\"}]}<\/script>\n<!-- \/ Yoast SEO plugin. -->","yoast_head_json":{"title":"CHAMPO DE OLEO DE ARGAO DR. ORGANIC 265ML","robots":{"index":"index","follow":"follow","max-snippet":"max-snippet:-1","max-image-preview":"max-image-preview:large","max-video-preview":"max-video-preview:-1"},"canonical":"https:\/\/biocabaz.pt\/web\/produto\/champo-de-oleo-de-argao-dr-organic-265ml\/","og_locale":"pt_PT","og_type":"article","og_title":"[:en]DR. ORGANIC ARGAN OIL SHAMPOO 265ML[:pt]CHAMPO DE OLEO DE ARGAO DR. ORGANIC 265ML[:] - BIOCABAZ - CABAZES BIOL\u00d3GICOS","og_description":"Ingredientes: Aloe barbadensis leaf juice, Aqua, Cocamidopropyl betaine, Sodium cocoamphoacetate, Sodium lauroyl sarcosinate, Coco glucoside, Glyceryl oleate, Palmitamidopropyltrimonium chloride, Glycerin, Caprylyl\/ capryl glucoside, Argania spinosa (argan) oil, Citrus aurantium dulcis, Eugenia caryophyllus (clove) leaf oil, Pelargonium graveolens (geranium) oil, Citrus limon peel oil, Pogostemon cablin (patchouli) oil, Cinnamomum zeylanicum (cinnamon) leaf oil, Aniba rosaeodora (rosewood) oil, Mentha arvensis herb oil, Citrus nobilis (mandarin) peel oil, Vanilla planifolia (vanilla) fruit extract, Mentha spicata herb oil , Kigelia Africana fruit extract, Hibiscus sabdariffa flower extract, Adansonia digitata fruit extract, Sorbitan sesquicaprylate, Sodium hydroxymethylglycinate, Sodium benzoate, Potassium sorbate, Benzyl alcohol, Dehydroacetic acid, Citric acid, Limonene, Eugenol, Linalool. Por conter ingredientes de origem natural, a cor e a consist\u00eancia pode variar de lote para lote, o que n\u00e3o afeta a qualidade do produto.Modo de Utiliza\u00e7\u00e3o: Advert\u00eancias: Para uso externo. Evitar o contacto com os olhos. N\u00e3o aplicar em pele ferida ou irritada. Suspender a utiliza\u00e7\u00e3o em caso de sensibilidade. Evite este produto em caso de alergia ou sensibilidade a algum ingrediente. Manter fora do alcance das crian\u00e7as. N\u00e3o usar em animais. Sugest\u00f5es de Utiliza\u00e7\u00e3o: Modo de usar: aplicar uniformemente sobre o cabelo molhado, massajando. Enxaguar e repetir a aplica\u00e7\u00e3o se necess\u00e1rio. Para melhores resultados, em seguida, aplicar o amaciador da mesma gama. Condi\u00e7\u00f5es de Conserva\u00e7\u00e3o: Conservar em local seco e fresco.","og_url":"https:\/\/biocabaz.pt\/web\/produto\/champo-de-oleo-de-argao-dr-organic-265ml\/","og_site_name":"BIOCABAZ - CABAZES BIOL\u00d3GICOS","article_modified_time":"2022-09-29T15:40:55+00:00","og_image":[{"width":380,"height":380,"url":"https:\/\/www.biocabaz.pt\/web\/wp-conteudos\/uploads\/2021\/08\/champo-de-oleo-de-argao-dr.-organic-265ml.jpg","type":"image\/jpeg"}],"twitter_card":"summary_large_image","schema":{"@context":"https:\/\/schema.org","@graph":[{"@type":"WebPage","@id":"https:\/\/biocabaz.pt\/web\/produto\/champo-de-oleo-de-argao-dr-organic-265ml\/","url":"https:\/\/biocabaz.pt\/web\/produto\/champo-de-oleo-de-argao-dr-organic-265ml\/","name":"CHAMPO DE OLEO DE ARGAO DR. ORGANIC 265ML","isPartOf":{"@id":"https:\/\/biocabaz.pt\/web\/#website"},"primaryImageOfPage":{"@id":"https:\/\/biocabaz.pt\/web\/produto\/champo-de-oleo-de-argao-dr-organic-265ml\/#primaryimage"},"image":{"@id":"https:\/\/biocabaz.pt\/web\/produto\/champo-de-oleo-de-argao-dr-organic-265ml\/#primaryimage"},"thumbnailUrl":"https:\/\/www.biocabaz.pt\/web\/wp-conteudos\/uploads\/2021\/08\/champo-de-oleo-de-argao-dr.-organic-265ml.jpg","datePublished":"2021-08-20T17:29:04+00:00","dateModified":"2022-09-29T15:40:55+00:00","breadcrumb":{"@id":"https:\/\/biocabaz.pt\/web\/produto\/champo-de-oleo-de-argao-dr-organic-265ml\/#breadcrumb"},"inLanguage":"pt-PT","potentialAction":[{"@type":"ReadAction","target":["https:\/\/biocabaz.pt\/web\/produto\/champo-de-oleo-de-argao-dr-organic-265ml\/"]}]},{"@type":"ImageObject","inLanguage":"pt-PT","@id":"https:\/\/biocabaz.pt\/web\/produto\/champo-de-oleo-de-argao-dr-organic-265ml\/#primaryimage","url":"https:\/\/www.biocabaz.pt\/web\/wp-conteudos\/uploads\/2021\/08\/champo-de-oleo-de-argao-dr.-organic-265ml.jpg","contentUrl":"https:\/\/www.biocabaz.pt\/web\/wp-conteudos\/uploads\/2021\/08\/champo-de-oleo-de-argao-dr.-organic-265ml.jpg","width":380,"height":380,"caption":"CHAMPO DE OLEO DE ARGAO DR. ORGANIC 265ML"},{"@type":"BreadcrumbList","@id":"https:\/\/biocabaz.pt\/web\/produto\/champo-de-oleo-de-argao-dr-organic-265ml\/#breadcrumb","itemListElement":[{"@type":"ListItem","position":1,"name":"Home","item":"https:\/\/biocabaz.pt\/web\/"},{"@type":"ListItem","position":2,"name":"Shop","item":"https:\/\/www.biocabaz.pt\/web\/en\/shop\/"},{"@type":"ListItem","position":3,"name":"CHAMPO DE OLEO DE ARGAO DR. ORGANIC 265ML"}]},{"@type":"WebSite","@id":"https:\/\/biocabaz.pt\/web\/#website","url":"https:\/\/biocabaz.pt\/web\/","name":"BIOCABAZ - CABAZES BIOL\u00d3GICOS","description":"O melhor que a terra d\u00e1 \u00e9 para si","potentialAction":[{"@type":"SearchAction","target":{"@type":"EntryPoint","urlTemplate":"https:\/\/biocabaz.pt\/web\/?s={search_term_string}"},"query-input":{"@type":"PropertyValueSpecification","valueRequired":true,"valueName":"search_term_string"}}],"inLanguage":"pt-PT"}]}},"_links":{"self":[{"href":"https:\/\/biocabaz.pt\/web\/wp-json\/wp\/v2\/product\/74467","targetHints":{"allow":["GET"]}}],"collection":[{"href":"https:\/\/biocabaz.pt\/web\/wp-json\/wp\/v2\/product"}],"about":[{"href":"https:\/\/biocabaz.pt\/web\/wp-json\/wp\/v2\/types\/product"}],"replies":[{"embeddable":true,"href":"https:\/\/biocabaz.pt\/web\/wp-json\/wp\/v2\/comments?post=74467"}],"wp:featuredmedia":[{"embeddable":true,"href":"https:\/\/biocabaz.pt\/web\/wp-json\/wp\/v2\/media\/74468"}],"wp:attachment":[{"href":"https:\/\/biocabaz.pt\/web\/wp-json\/wp\/v2\/media?parent=74467"}],"wp:term":[{"taxonomy":"product_cat","embeddable":true,"href":"https:\/\/biocabaz.pt\/web\/wp-json\/wp\/v2\/product_cat?post=74467"},{"taxonomy":"product_tag","embeddable":true,"href":"https:\/\/biocabaz.pt\/web\/wp-json\/wp\/v2\/product_tag?post=74467"}],"curies":[{"name":"wp","href":"https:\/\/api.w.org\/{rel}","templated":true}]}}