{"id":74465,"date":"2021-08-20T17:11:49","date_gmt":"2021-08-20T17:11:49","guid":{"rendered":"https:\/\/www.biocabaz.pt\/web\/?post_type=product&#038;p=74465"},"modified":"2024-08-06T10:32:46","modified_gmt":"2024-08-06T10:32:46","slug":"desodorizante-de-rosa-damascena-dr-organic-50ml","status":"publish","type":"product","link":"https:\/\/biocabaz.pt\/web\/produto\/desodorizante-de-rosa-damascena-dr-organic-50ml\/","title":{"rendered":"DESODORIZANTE DE ROSA DAMASCENA DR. ORGANIC 50ML"},"content":{"rendered":"","protected":false},"excerpt":{"rendered":"<p>Ingredientes: Aloe barbadensis leaf juice, Aqua, Zinc ricinoleate, Triethyl citrate, Lauryl glucoside, Polyglyceryl-2-dipolyhydroxystearate, Glycerin, Parfum, Glyceryl caprylate, Cetearyl alcohol, Polyglyceryl-3 stearate, Sodium stearoyl lactylate, Cetraria islandica (icelandic moss) extract, Pelargonium graveolens (geranium) oil, Eugenia caryophyllata (clove) flower oil, Rosa damascena (rose) flower oil, Isocetyl palmitate, Glycyrrhetinic acid, Sodium bicarbonate, Citrus medica limonum (lemon) oil, Tocopherol, Helianthus annuus (sunflower) seed oil, Chondrus crispus (carrageenan) extract, Rosa damascena (rose) flower extract, Passiflora incarnata extract, Tilia europaea (linden) flower extract, Calendula officinalis flower extract, Chamomilla recutita (chamomile) flower extract, Xanthan gum, Sodium phytate, Sodium benzoate, Potassium sorbate, Citric acid, Citral, Citronellol, Limonene, Eugenol, Geraniol, Linalool.<br \/>\n<br \/><b>Modo de Utiliza\u00e7\u00e3o:<\/b> Advert\u00eancias:<br \/>\nApenas para uso externo. Evitar contacto com os olhos. N\u00e3o aplicar sobre pele ferida ou irritada. Se ocorrer alguma rea\u00e7\u00e3o, parar a utiliza\u00e7\u00e3o. Evite o produto em caso de alergia ou sensibilidade a algum dos ingredientes. Manter fora do alcance das crian\u00e7as. N\u00e3o usar em animais.<br \/>\nSugest\u00f5es de Utiliza\u00e7\u00e3o:<br \/>\nModo de usar: Agitar bem antes de usar. Aplicar nas axilas.<\/p>\n<p>Este produto cont\u00e9m um m\u00ednimo de 70% de ingredientes biol\u00f3gicos (excluindo \u00e1gua e sal). Por conter ingredientes de origem natural, a cor e a consist\u00eancia pode variar de lote para lote, o que n\u00e3o afeta a qualidade do produto.<\/p>\n<p>Condi\u00e7\u00f5es de Conserva\u00e7\u00e3o:<br \/>\nConservar em local fresco e seco<\/p>\n","protected":false},"featured_media":74466,"comment_status":"closed","ping_status":"closed","template":"","meta":[],"product_cat":[91],"product_tag":[],"class_list":["post-74465","product","type-product","status-publish","has-post-thumbnail","hentry","product_cat-corpo"],"bundle_layout":"","bundled_by":[],"bundled_items":[],"yoast_head":"<!-- This site is optimized with the Yoast SEO plugin v26.3 - https:\/\/yoast.com\/wordpress\/plugins\/seo\/ -->\n<title>DESODORIZANTE DE ROSA DAMASCENA DR. ORGANIC 50ML<\/title>\n<meta name=\"robots\" content=\"index, follow, max-snippet:-1, max-image-preview:large, max-video-preview:-1\" \/>\n<link rel=\"canonical\" href=\"https:\/\/biocabaz.pt\/web\/produto\/desodorizante-de-rosa-damascena-dr-organic-50ml\/\" \/>\n<meta property=\"og:locale\" content=\"pt_PT\" \/>\n<meta property=\"og:locale:alternate\" content=\"en_US\" \/>\n<meta property=\"og:type\" content=\"article\" \/>\n<meta property=\"og:title\" content=\"DESODORIZANTE DE ROSA DAMASCENA DR. ORGANIC 50ML\" \/>\n<meta property=\"og:description\" content=\"Ingredientes: Aloe barbadensis leaf juice, Aqua, Zinc ricinoleate, Triethyl citrate, Lauryl glucoside, Polyglyceryl-2-dipolyhydroxystearate, Glycerin, Parfum, Glyceryl caprylate, Cetearyl alcohol, Polyglyceryl-3 stearate, Sodium stearoyl lactylate, Cetraria islandica (icelandic moss) extract, Pelargonium graveolens (geranium) oil, Eugenia caryophyllata (clove) flower oil, Rosa damascena (rose) flower oil, Isocetyl palmitate, Glycyrrhetinic acid, Sodium bicarbonate, Citrus medica limonum (lemon) oil, Tocopherol, Helianthus annuus (sunflower) seed oil, Chondrus crispus (carrageenan) extract, Rosa damascena (rose) flower extract, Passiflora incarnata extract, Tilia europaea (linden) flower extract, Calendula officinalis flower extract, Chamomilla recutita (chamomile) flower extract, Xanthan gum, Sodium phytate, Sodium benzoate, Potassium sorbate, Citric acid, Citral, Citronellol, Limonene, Eugenol, Geraniol, Linalool. Modo de Utiliza\u00e7\u00e3o: Advert\u00eancias: Apenas para uso externo. Evitar contacto com os olhos. N\u00e3o aplicar sobre pele ferida ou irritada. Se ocorrer alguma rea\u00e7\u00e3o, parar a utiliza\u00e7\u00e3o. Evite o produto em caso de alergia ou sensibilidade a algum dos ingredientes. Manter fora do alcance das crian\u00e7as. N\u00e3o usar em animais. Sugest\u00f5es de Utiliza\u00e7\u00e3o: Modo de usar: Agitar bem antes de usar. Aplicar nas axilas. Este produto cont\u00e9m um m\u00ednimo de 70% de ingredientes biol\u00f3gicos (excluindo \u00e1gua e sal). Por conter ingredientes de origem natural, a cor e a consist\u00eancia pode variar de lote para lote, o que n\u00e3o afeta a qualidade do produto.  Condi\u00e7\u00f5es de Conserva\u00e7\u00e3o: Conservar em local fresco e seco\" \/>\n<meta property=\"og:url\" content=\"https:\/\/biocabaz.pt\/web\/produto\/desodorizante-de-rosa-damascena-dr-organic-50ml\/\" \/>\n<meta property=\"og:site_name\" content=\"BIOCABAZ - CABAZES BIOL\u00d3GICOS\" \/>\n<meta property=\"article:modified_time\" content=\"2024-08-06T10:32:46+00:00\" \/>\n<meta property=\"og:image\" content=\"https:\/\/www.biocabaz.pt\/web\/wp-conteudos\/uploads\/2021\/08\/desodorizante-de-rosa-damascena-dr.-organic-50ml-e1629479481865.jpeg\" \/>\n\t<meta property=\"og:image:width\" content=\"500\" \/>\n\t<meta property=\"og:image:height\" content=\"446\" \/>\n\t<meta property=\"og:image:type\" content=\"image\/jpeg\" \/>\n<meta name=\"twitter:card\" content=\"summary_large_image\" \/>\n<script type=\"application\/ld+json\" class=\"yoast-schema-graph\">{\"@context\":\"https:\/\/schema.org\",\"@graph\":[{\"@type\":\"WebPage\",\"@id\":\"https:\/\/biocabaz.pt\/web\/produto\/desodorizante-de-rosa-damascena-dr-organic-50ml\/\",\"url\":\"https:\/\/biocabaz.pt\/web\/produto\/desodorizante-de-rosa-damascena-dr-organic-50ml\/\",\"name\":\"DESODORIZANTE DE ROSA DAMASCENA DR. ORGANIC 50ML\",\"isPartOf\":{\"@id\":\"https:\/\/www.biocabaz.pt\/web\/en\/#website\"},\"primaryImageOfPage\":{\"@id\":\"https:\/\/biocabaz.pt\/web\/produto\/desodorizante-de-rosa-damascena-dr-organic-50ml\/#primaryimage\"},\"image\":{\"@id\":\"https:\/\/biocabaz.pt\/web\/produto\/desodorizante-de-rosa-damascena-dr-organic-50ml\/#primaryimage\"},\"thumbnailUrl\":\"https:\/\/www.biocabaz.pt\/web\/wp-conteudos\/uploads\/2021\/08\/desodorizante-de-rosa-damascena-dr.-organic-50ml-e1629479481865.jpeg\",\"datePublished\":\"2021-08-20T17:11:49+00:00\",\"dateModified\":\"2024-08-06T10:32:46+00:00\",\"breadcrumb\":{\"@id\":\"https:\/\/biocabaz.pt\/web\/produto\/desodorizante-de-rosa-damascena-dr-organic-50ml\/#breadcrumb\"},\"inLanguage\":\"pt-PT\",\"potentialAction\":[{\"@type\":\"ReadAction\",\"target\":[\"https:\/\/biocabaz.pt\/web\/produto\/desodorizante-de-rosa-damascena-dr-organic-50ml\/\"]}]},{\"@type\":\"ImageObject\",\"inLanguage\":\"pt-PT\",\"@id\":\"https:\/\/biocabaz.pt\/web\/produto\/desodorizante-de-rosa-damascena-dr-organic-50ml\/#primaryimage\",\"url\":\"https:\/\/www.biocabaz.pt\/web\/wp-conteudos\/uploads\/2021\/08\/desodorizante-de-rosa-damascena-dr.-organic-50ml-e1629479481865.jpeg\",\"contentUrl\":\"https:\/\/www.biocabaz.pt\/web\/wp-conteudos\/uploads\/2021\/08\/desodorizante-de-rosa-damascena-dr.-organic-50ml-e1629479481865.jpeg\",\"width\":500,\"height\":446},{\"@type\":\"BreadcrumbList\",\"@id\":\"https:\/\/biocabaz.pt\/web\/produto\/desodorizante-de-rosa-damascena-dr-organic-50ml\/#breadcrumb\",\"itemListElement\":[{\"@type\":\"ListItem\",\"position\":1,\"name\":\"Home\",\"item\":\"https:\/\/www.biocabaz.pt\/web\/en\/\"},{\"@type\":\"ListItem\",\"position\":2,\"name\":\"Shop\",\"item\":\"https:\/\/www.biocabaz.pt\/web\/en\/shop\/\"},{\"@type\":\"ListItem\",\"position\":3,\"name\":\"DESODORIZANTE DE ROSA DAMASCENA DR. ORGANIC 50ML\"}]},{\"@type\":\"WebSite\",\"@id\":\"https:\/\/www.biocabaz.pt\/web\/en\/#website\",\"url\":\"https:\/\/www.biocabaz.pt\/web\/en\/\",\"name\":\"BIOCABAZ - CABAZES BIOL\u00d3GICOS\",\"description\":\"O melhor que a terra d\u00e1 \u00e9 para si\",\"potentialAction\":[{\"@type\":\"SearchAction\",\"target\":{\"@type\":\"EntryPoint\",\"urlTemplate\":\"https:\/\/www.biocabaz.pt\/web\/en\/?s={search_term_string}\"},\"query-input\":{\"@type\":\"PropertyValueSpecification\",\"valueRequired\":true,\"valueName\":\"search_term_string\"}}],\"inLanguage\":\"pt-PT\"}]}<\/script>\n<!-- \/ Yoast SEO plugin. -->","yoast_head_json":{"title":"DESODORIZANTE DE ROSA DAMASCENA DR. ORGANIC 50ML","robots":{"index":"index","follow":"follow","max-snippet":"max-snippet:-1","max-image-preview":"max-image-preview:large","max-video-preview":"max-video-preview:-1"},"canonical":"https:\/\/biocabaz.pt\/web\/produto\/desodorizante-de-rosa-damascena-dr-organic-50ml\/","og_locale":"pt_PT","og_type":"article","og_title":"[:en]DR. ORGANIC ROSE OTTO DEODORANT 50ML[:pt]DESODORIZANTE DE ROSA DAMASCENA DR. ORGANIC 50ML[:] - BIOCABAZ - CABAZES BIOL\u00d3GICOS","og_description":"Ingredientes: Aloe barbadensis leaf juice, Aqua, Zinc ricinoleate, Triethyl citrate, Lauryl glucoside, Polyglyceryl-2-dipolyhydroxystearate, Glycerin, Parfum, Glyceryl caprylate, Cetearyl alcohol, Polyglyceryl-3 stearate, Sodium stearoyl lactylate, Cetraria islandica (icelandic moss) extract, Pelargonium graveolens (geranium) oil, Eugenia caryophyllata (clove) flower oil, Rosa damascena (rose) flower oil, Isocetyl palmitate, Glycyrrhetinic acid, Sodium bicarbonate, Citrus medica limonum (lemon) oil, Tocopherol, Helianthus annuus (sunflower) seed oil, Chondrus crispus (carrageenan) extract, Rosa damascena (rose) flower extract, Passiflora incarnata extract, Tilia europaea (linden) flower extract, Calendula officinalis flower extract, Chamomilla recutita (chamomile) flower extract, Xanthan gum, Sodium phytate, Sodium benzoate, Potassium sorbate, Citric acid, Citral, Citronellol, Limonene, Eugenol, Geraniol, Linalool. Modo de Utiliza\u00e7\u00e3o: Advert\u00eancias: Apenas para uso externo. Evitar contacto com os olhos. N\u00e3o aplicar sobre pele ferida ou irritada. Se ocorrer alguma rea\u00e7\u00e3o, parar a utiliza\u00e7\u00e3o. Evite o produto em caso de alergia ou sensibilidade a algum dos ingredientes. Manter fora do alcance das crian\u00e7as. N\u00e3o usar em animais. Sugest\u00f5es de Utiliza\u00e7\u00e3o: Modo de usar: Agitar bem antes de usar. Aplicar nas axilas. Este produto cont\u00e9m um m\u00ednimo de 70% de ingredientes biol\u00f3gicos (excluindo \u00e1gua e sal). Por conter ingredientes de origem natural, a cor e a consist\u00eancia pode variar de lote para lote, o que n\u00e3o afeta a qualidade do produto.  Condi\u00e7\u00f5es de Conserva\u00e7\u00e3o: Conservar em local fresco e seco","og_url":"https:\/\/biocabaz.pt\/web\/produto\/desodorizante-de-rosa-damascena-dr-organic-50ml\/","og_site_name":"BIOCABAZ - CABAZES BIOL\u00d3GICOS","article_modified_time":"2024-08-06T10:32:46+00:00","og_image":[{"width":500,"height":446,"url":"https:\/\/www.biocabaz.pt\/web\/wp-conteudos\/uploads\/2021\/08\/desodorizante-de-rosa-damascena-dr.-organic-50ml-e1629479481865.jpeg","type":"image\/jpeg"}],"twitter_card":"summary_large_image","schema":{"@context":"https:\/\/schema.org","@graph":[{"@type":"WebPage","@id":"https:\/\/biocabaz.pt\/web\/produto\/desodorizante-de-rosa-damascena-dr-organic-50ml\/","url":"https:\/\/biocabaz.pt\/web\/produto\/desodorizante-de-rosa-damascena-dr-organic-50ml\/","name":"DESODORIZANTE DE ROSA DAMASCENA DR. ORGANIC 50ML","isPartOf":{"@id":"https:\/\/www.biocabaz.pt\/web\/en\/#website"},"primaryImageOfPage":{"@id":"https:\/\/biocabaz.pt\/web\/produto\/desodorizante-de-rosa-damascena-dr-organic-50ml\/#primaryimage"},"image":{"@id":"https:\/\/biocabaz.pt\/web\/produto\/desodorizante-de-rosa-damascena-dr-organic-50ml\/#primaryimage"},"thumbnailUrl":"https:\/\/www.biocabaz.pt\/web\/wp-conteudos\/uploads\/2021\/08\/desodorizante-de-rosa-damascena-dr.-organic-50ml-e1629479481865.jpeg","datePublished":"2021-08-20T17:11:49+00:00","dateModified":"2024-08-06T10:32:46+00:00","breadcrumb":{"@id":"https:\/\/biocabaz.pt\/web\/produto\/desodorizante-de-rosa-damascena-dr-organic-50ml\/#breadcrumb"},"inLanguage":"pt-PT","potentialAction":[{"@type":"ReadAction","target":["https:\/\/biocabaz.pt\/web\/produto\/desodorizante-de-rosa-damascena-dr-organic-50ml\/"]}]},{"@type":"ImageObject","inLanguage":"pt-PT","@id":"https:\/\/biocabaz.pt\/web\/produto\/desodorizante-de-rosa-damascena-dr-organic-50ml\/#primaryimage","url":"https:\/\/www.biocabaz.pt\/web\/wp-conteudos\/uploads\/2021\/08\/desodorizante-de-rosa-damascena-dr.-organic-50ml-e1629479481865.jpeg","contentUrl":"https:\/\/www.biocabaz.pt\/web\/wp-conteudos\/uploads\/2021\/08\/desodorizante-de-rosa-damascena-dr.-organic-50ml-e1629479481865.jpeg","width":500,"height":446},{"@type":"BreadcrumbList","@id":"https:\/\/biocabaz.pt\/web\/produto\/desodorizante-de-rosa-damascena-dr-organic-50ml\/#breadcrumb","itemListElement":[{"@type":"ListItem","position":1,"name":"Home","item":"https:\/\/www.biocabaz.pt\/web\/en\/"},{"@type":"ListItem","position":2,"name":"Shop","item":"https:\/\/www.biocabaz.pt\/web\/en\/shop\/"},{"@type":"ListItem","position":3,"name":"DESODORIZANTE DE ROSA DAMASCENA DR. ORGANIC 50ML"}]},{"@type":"WebSite","@id":"https:\/\/www.biocabaz.pt\/web\/en\/#website","url":"https:\/\/www.biocabaz.pt\/web\/en\/","name":"BIOCABAZ - CABAZES BIOL\u00d3GICOS","description":"O melhor que a terra d\u00e1 \u00e9 para si","potentialAction":[{"@type":"SearchAction","target":{"@type":"EntryPoint","urlTemplate":"https:\/\/www.biocabaz.pt\/web\/en\/?s={search_term_string}"},"query-input":{"@type":"PropertyValueSpecification","valueRequired":true,"valueName":"search_term_string"}}],"inLanguage":"pt-PT"}]}},"_links":{"self":[{"href":"https:\/\/biocabaz.pt\/web\/wp-json\/wp\/v2\/product\/74465","targetHints":{"allow":["GET"]}}],"collection":[{"href":"https:\/\/biocabaz.pt\/web\/wp-json\/wp\/v2\/product"}],"about":[{"href":"https:\/\/biocabaz.pt\/web\/wp-json\/wp\/v2\/types\/product"}],"replies":[{"embeddable":true,"href":"https:\/\/biocabaz.pt\/web\/wp-json\/wp\/v2\/comments?post=74465"}],"wp:featuredmedia":[{"embeddable":true,"href":"https:\/\/biocabaz.pt\/web\/wp-json\/wp\/v2\/media\/74466"}],"wp:attachment":[{"href":"https:\/\/biocabaz.pt\/web\/wp-json\/wp\/v2\/media?parent=74465"}],"wp:term":[{"taxonomy":"product_cat","embeddable":true,"href":"https:\/\/biocabaz.pt\/web\/wp-json\/wp\/v2\/product_cat?post=74465"},{"taxonomy":"product_tag","embeddable":true,"href":"https:\/\/biocabaz.pt\/web\/wp-json\/wp\/v2\/product_tag?post=74465"}],"curies":[{"name":"wp","href":"https:\/\/api.w.org\/{rel}","templated":true}]}}