{"id":74455,"date":"2021-08-20T16:44:59","date_gmt":"2021-08-20T16:44:59","guid":{"rendered":"https:\/\/www.biocabaz.pt\/web\/?post_type=product&#038;p=74455"},"modified":"2024-08-06T10:34:39","modified_gmt":"2024-08-06T10:34:39","slug":"desodorizante-de-alfazema-dr-organic-50ml","status":"publish","type":"product","link":"https:\/\/biocabaz.pt\/web\/produto\/desodorizante-de-alfazema-dr-organic-50ml\/","title":{"rendered":"DESODORIZANTE DE ALFAZEMA DR. ORGANIC 50ML"},"content":{"rendered":"","protected":false},"excerpt":{"rendered":"<p>Ingredientes: Aloe barbadensis leaf juice, Aqua, Zinc ricinoleate, Triethyl citrate, Lauryl glucoside, Polyglyceryl-2 dipolyhydroxystearate, Glycerin, Cetearyl alcohol, Lavandula angustifolia (Lavender) flower oil, Glyceryl caprylate, Sodium bicarbonate, Polyglyceryl-3 stearate, Sodium stearoyl lactylate, Isocetyl palmitate, Lavandula angustifolia (Lavender) flower extract, Cetraria islandica extract,<br \/>\nGlycyrrhetinic acid, Tocopherol, Helianthus annuus seed oil, Chondrus crispus extract, Xanthan gum, Sodium phytate, Sodium benzoate, Potassium sorbate, Citric acid, Limonene, Geraniol, Linalool.<br \/><b>Modo de Utiliza\u00e7\u00e3o:<\/b> Advert\u00eancias:<br \/>\nEste produto cont\u00e9m um m\u00ednimo de 70% de ingredientes biol\u00f3gicos (excluindo \u00e1gua e sal). Por conter ingredientes de origem natural, a cor e a consist\u00eancia pode variar de lote para lote, o que n\u00e3o afeta a qualidade do produto. Para uso externo. Evitar o contacto com os olhos. N\u00e3o aplicar em pele ferida ou irritada. Suspender a utiliza\u00e7\u00e3o em caso de sensibilidade. Evite este produto em caso de alergia ou sensibilidade a algum ingrediente. Manter fora do alcance das crian\u00e7as. N\u00e3o usar em animais.<br \/>\nSugest\u00f5es de Utiliza\u00e7\u00e3o:<br \/>\nModo de usar: agitar bem antes de usar. Aplicar nas axilas.<br \/>\nCondi\u00e7\u00f5es de Conserva\u00e7\u00e3o:<br \/>\nConservar em local seco e fresco.<\/p>\n","protected":false},"featured_media":74456,"comment_status":"closed","ping_status":"closed","template":"","meta":[],"product_cat":[91],"product_tag":[],"class_list":["post-74455","product","type-product","status-publish","has-post-thumbnail","hentry","product_cat-corpo"],"bundle_layout":"","bundled_by":[],"bundled_items":[],"yoast_head":"<!-- This site is optimized with the Yoast SEO plugin v26.3 - https:\/\/yoast.com\/wordpress\/plugins\/seo\/ -->\n<title>DESODORIZANTE DE ALFAZEMA DR. ORGANIC 50ML<\/title>\n<meta name=\"robots\" content=\"index, follow, max-snippet:-1, max-image-preview:large, max-video-preview:-1\" \/>\n<link rel=\"canonical\" href=\"https:\/\/www.biocabaz.pt\/web\/produto\/desodorizante-de-alfazema-dr-organic-50ml\/\" \/>\n<meta property=\"og:locale\" content=\"pt_PT\" \/>\n<meta property=\"og:locale:alternate\" content=\"en_US\" \/>\n<meta property=\"og:type\" content=\"article\" \/>\n<meta property=\"og:title\" content=\"DESODORIZANTE DE ALFAZEMA DR. ORGANIC 50ML\" \/>\n<meta property=\"og:description\" content=\"Ingredientes: Aloe barbadensis leaf juice, Aqua, Zinc ricinoleate, Triethyl citrate, Lauryl glucoside, Polyglyceryl-2 dipolyhydroxystearate, Glycerin, Cetearyl alcohol, Lavandula angustifolia (Lavender) flower oil, Glyceryl caprylate, Sodium bicarbonate, Polyglyceryl-3 stearate, Sodium stearoyl lactylate, Isocetyl palmitate, Lavandula angustifolia (Lavender) flower extract, Cetraria islandica extract, Glycyrrhetinic acid, Tocopherol, Helianthus annuus seed oil, Chondrus crispus extract, Xanthan gum, Sodium phytate, Sodium benzoate, Potassium sorbate, Citric acid, Limonene, Geraniol, Linalool.Modo de Utiliza\u00e7\u00e3o: Advert\u00eancias: Este produto cont\u00e9m um m\u00ednimo de 70% de ingredientes biol\u00f3gicos (excluindo \u00e1gua e sal). Por conter ingredientes de origem natural, a cor e a consist\u00eancia pode variar de lote para lote, o que n\u00e3o afeta a qualidade do produto. Para uso externo. Evitar o contacto com os olhos. N\u00e3o aplicar em pele ferida ou irritada. Suspender a utiliza\u00e7\u00e3o em caso de sensibilidade. Evite este produto em caso de alergia ou sensibilidade a algum ingrediente. Manter fora do alcance das crian\u00e7as. N\u00e3o usar em animais. Sugest\u00f5es de Utiliza\u00e7\u00e3o: Modo de usar: agitar bem antes de usar. Aplicar nas axilas. Condi\u00e7\u00f5es de Conserva\u00e7\u00e3o: Conservar em local seco e fresco.\" \/>\n<meta property=\"og:url\" content=\"https:\/\/biocabaz.pt\/web\/produto\/desodorizante-de-alfazema-dr-organic-50ml\/\" \/>\n<meta property=\"og:site_name\" content=\"BIOCABAZ - CABAZES BIOL\u00d3GICOS\" \/>\n<meta property=\"article:modified_time\" content=\"2024-08-06T10:34:39+00:00\" \/>\n<meta property=\"og:image\" content=\"https:\/\/www.biocabaz.pt\/web\/wp-conteudos\/uploads\/2021\/08\/desodorizante-de-alfazema-dr.-organic-50ml-e1629477882446.jpg\" \/>\n\t<meta property=\"og:image:width\" content=\"500\" \/>\n\t<meta property=\"og:image:height\" content=\"500\" \/>\n\t<meta property=\"og:image:type\" content=\"image\/jpeg\" \/>\n<meta name=\"twitter:card\" content=\"summary_large_image\" \/>\n<script type=\"application\/ld+json\" class=\"yoast-schema-graph\">{\"@context\":\"https:\/\/schema.org\",\"@graph\":[{\"@type\":\"WebPage\",\"@id\":\"https:\/\/www.biocabaz.pt\/web\/produto\/desodorizante-de-alfazema-dr-organic-50ml\/\",\"url\":\"https:\/\/www.biocabaz.pt\/web\/produto\/desodorizante-de-alfazema-dr-organic-50ml\/\",\"name\":\"DESODORIZANTE DE ALFAZEMA DR. ORGANIC 50ML\",\"isPartOf\":{\"@id\":\"https:\/\/biocabaz.pt\/web\/#website\"},\"primaryImageOfPage\":{\"@id\":\"https:\/\/www.biocabaz.pt\/web\/produto\/desodorizante-de-alfazema-dr-organic-50ml\/#primaryimage\"},\"image\":{\"@id\":\"https:\/\/www.biocabaz.pt\/web\/produto\/desodorizante-de-alfazema-dr-organic-50ml\/#primaryimage\"},\"thumbnailUrl\":\"https:\/\/www.biocabaz.pt\/web\/wp-conteudos\/uploads\/2021\/08\/desodorizante-de-alfazema-dr.-organic-50ml-e1629477882446.jpg\",\"datePublished\":\"2021-08-20T16:44:59+00:00\",\"dateModified\":\"2024-08-06T10:34:39+00:00\",\"breadcrumb\":{\"@id\":\"https:\/\/www.biocabaz.pt\/web\/produto\/desodorizante-de-alfazema-dr-organic-50ml\/#breadcrumb\"},\"inLanguage\":\"pt-PT\",\"potentialAction\":[{\"@type\":\"ReadAction\",\"target\":[\"https:\/\/www.biocabaz.pt\/web\/produto\/desodorizante-de-alfazema-dr-organic-50ml\/\"]}]},{\"@type\":\"ImageObject\",\"inLanguage\":\"pt-PT\",\"@id\":\"https:\/\/www.biocabaz.pt\/web\/produto\/desodorizante-de-alfazema-dr-organic-50ml\/#primaryimage\",\"url\":\"https:\/\/www.biocabaz.pt\/web\/wp-conteudos\/uploads\/2021\/08\/desodorizante-de-alfazema-dr.-organic-50ml-e1629477882446.jpg\",\"contentUrl\":\"https:\/\/www.biocabaz.pt\/web\/wp-conteudos\/uploads\/2021\/08\/desodorizante-de-alfazema-dr.-organic-50ml-e1629477882446.jpg\",\"width\":500,\"height\":500,\"caption\":\"DESODORIZANTE DE ALFAZEMA DR. ORGANIC 50ML\"},{\"@type\":\"BreadcrumbList\",\"@id\":\"https:\/\/www.biocabaz.pt\/web\/produto\/desodorizante-de-alfazema-dr-organic-50ml\/#breadcrumb\",\"itemListElement\":[{\"@type\":\"ListItem\",\"position\":1,\"name\":\"Home\",\"item\":\"https:\/\/biocabaz.pt\/web\/\"},{\"@type\":\"ListItem\",\"position\":2,\"name\":\"Loja\",\"item\":\"https:\/\/biocabaz.pt\/web\/shop\/\"},{\"@type\":\"ListItem\",\"position\":3,\"name\":\"DESODORIZANTE DE ALFAZEMA DR. ORGANIC 50ML\"}]},{\"@type\":\"WebSite\",\"@id\":\"https:\/\/biocabaz.pt\/web\/#website\",\"url\":\"https:\/\/biocabaz.pt\/web\/\",\"name\":\"BIOCABAZ - CABAZES BIOL\u00d3GICOS\",\"description\":\"O melhor que a terra d\u00e1 \u00e9 para si\",\"potentialAction\":[{\"@type\":\"SearchAction\",\"target\":{\"@type\":\"EntryPoint\",\"urlTemplate\":\"https:\/\/biocabaz.pt\/web\/?s={search_term_string}\"},\"query-input\":{\"@type\":\"PropertyValueSpecification\",\"valueRequired\":true,\"valueName\":\"search_term_string\"}}],\"inLanguage\":\"pt-PT\"}]}<\/script>\n<!-- \/ Yoast SEO plugin. -->","yoast_head_json":{"title":"DESODORIZANTE DE ALFAZEMA DR. ORGANIC 50ML","robots":{"index":"index","follow":"follow","max-snippet":"max-snippet:-1","max-image-preview":"max-image-preview:large","max-video-preview":"max-video-preview:-1"},"canonical":"https:\/\/www.biocabaz.pt\/web\/produto\/desodorizante-de-alfazema-dr-organic-50ml\/","og_locale":"pt_PT","og_type":"article","og_title":"[:en]DR. ORGANIC LAVENDER DEODORANT 50ML[:pt]DESODORIZANTE DE ALFAZEMA DR. ORGANIC 50ML[:] - BIOCABAZ - CABAZES BIOL\u00d3GICOS","og_description":"Ingredientes: Aloe barbadensis leaf juice, Aqua, Zinc ricinoleate, Triethyl citrate, Lauryl glucoside, Polyglyceryl-2 dipolyhydroxystearate, Glycerin, Cetearyl alcohol, Lavandula angustifolia (Lavender) flower oil, Glyceryl caprylate, Sodium bicarbonate, Polyglyceryl-3 stearate, Sodium stearoyl lactylate, Isocetyl palmitate, Lavandula angustifolia (Lavender) flower extract, Cetraria islandica extract, Glycyrrhetinic acid, Tocopherol, Helianthus annuus seed oil, Chondrus crispus extract, Xanthan gum, Sodium phytate, Sodium benzoate, Potassium sorbate, Citric acid, Limonene, Geraniol, Linalool.Modo de Utiliza\u00e7\u00e3o: Advert\u00eancias: Este produto cont\u00e9m um m\u00ednimo de 70% de ingredientes biol\u00f3gicos (excluindo \u00e1gua e sal). Por conter ingredientes de origem natural, a cor e a consist\u00eancia pode variar de lote para lote, o que n\u00e3o afeta a qualidade do produto. Para uso externo. Evitar o contacto com os olhos. N\u00e3o aplicar em pele ferida ou irritada. Suspender a utiliza\u00e7\u00e3o em caso de sensibilidade. Evite este produto em caso de alergia ou sensibilidade a algum ingrediente. Manter fora do alcance das crian\u00e7as. N\u00e3o usar em animais. Sugest\u00f5es de Utiliza\u00e7\u00e3o: Modo de usar: agitar bem antes de usar. Aplicar nas axilas. Condi\u00e7\u00f5es de Conserva\u00e7\u00e3o: Conservar em local seco e fresco.","og_url":"https:\/\/biocabaz.pt\/web\/produto\/desodorizante-de-alfazema-dr-organic-50ml\/","og_site_name":"BIOCABAZ - CABAZES BIOL\u00d3GICOS","article_modified_time":"2024-08-06T10:34:39+00:00","og_image":[{"width":500,"height":500,"url":"https:\/\/www.biocabaz.pt\/web\/wp-conteudos\/uploads\/2021\/08\/desodorizante-de-alfazema-dr.-organic-50ml-e1629477882446.jpg","type":"image\/jpeg"}],"twitter_card":"summary_large_image","schema":{"@context":"https:\/\/schema.org","@graph":[{"@type":"WebPage","@id":"https:\/\/www.biocabaz.pt\/web\/produto\/desodorizante-de-alfazema-dr-organic-50ml\/","url":"https:\/\/www.biocabaz.pt\/web\/produto\/desodorizante-de-alfazema-dr-organic-50ml\/","name":"DESODORIZANTE DE ALFAZEMA DR. ORGANIC 50ML","isPartOf":{"@id":"https:\/\/biocabaz.pt\/web\/#website"},"primaryImageOfPage":{"@id":"https:\/\/www.biocabaz.pt\/web\/produto\/desodorizante-de-alfazema-dr-organic-50ml\/#primaryimage"},"image":{"@id":"https:\/\/www.biocabaz.pt\/web\/produto\/desodorizante-de-alfazema-dr-organic-50ml\/#primaryimage"},"thumbnailUrl":"https:\/\/www.biocabaz.pt\/web\/wp-conteudos\/uploads\/2021\/08\/desodorizante-de-alfazema-dr.-organic-50ml-e1629477882446.jpg","datePublished":"2021-08-20T16:44:59+00:00","dateModified":"2024-08-06T10:34:39+00:00","breadcrumb":{"@id":"https:\/\/www.biocabaz.pt\/web\/produto\/desodorizante-de-alfazema-dr-organic-50ml\/#breadcrumb"},"inLanguage":"pt-PT","potentialAction":[{"@type":"ReadAction","target":["https:\/\/www.biocabaz.pt\/web\/produto\/desodorizante-de-alfazema-dr-organic-50ml\/"]}]},{"@type":"ImageObject","inLanguage":"pt-PT","@id":"https:\/\/www.biocabaz.pt\/web\/produto\/desodorizante-de-alfazema-dr-organic-50ml\/#primaryimage","url":"https:\/\/www.biocabaz.pt\/web\/wp-conteudos\/uploads\/2021\/08\/desodorizante-de-alfazema-dr.-organic-50ml-e1629477882446.jpg","contentUrl":"https:\/\/www.biocabaz.pt\/web\/wp-conteudos\/uploads\/2021\/08\/desodorizante-de-alfazema-dr.-organic-50ml-e1629477882446.jpg","width":500,"height":500,"caption":"DESODORIZANTE DE ALFAZEMA DR. ORGANIC 50ML"},{"@type":"BreadcrumbList","@id":"https:\/\/www.biocabaz.pt\/web\/produto\/desodorizante-de-alfazema-dr-organic-50ml\/#breadcrumb","itemListElement":[{"@type":"ListItem","position":1,"name":"Home","item":"https:\/\/biocabaz.pt\/web\/"},{"@type":"ListItem","position":2,"name":"Loja","item":"https:\/\/biocabaz.pt\/web\/shop\/"},{"@type":"ListItem","position":3,"name":"DESODORIZANTE DE ALFAZEMA DR. ORGANIC 50ML"}]},{"@type":"WebSite","@id":"https:\/\/biocabaz.pt\/web\/#website","url":"https:\/\/biocabaz.pt\/web\/","name":"BIOCABAZ - CABAZES BIOL\u00d3GICOS","description":"O melhor que a terra d\u00e1 \u00e9 para si","potentialAction":[{"@type":"SearchAction","target":{"@type":"EntryPoint","urlTemplate":"https:\/\/biocabaz.pt\/web\/?s={search_term_string}"},"query-input":{"@type":"PropertyValueSpecification","valueRequired":true,"valueName":"search_term_string"}}],"inLanguage":"pt-PT"}]}},"_links":{"self":[{"href":"https:\/\/biocabaz.pt\/web\/wp-json\/wp\/v2\/product\/74455","targetHints":{"allow":["GET"]}}],"collection":[{"href":"https:\/\/biocabaz.pt\/web\/wp-json\/wp\/v2\/product"}],"about":[{"href":"https:\/\/biocabaz.pt\/web\/wp-json\/wp\/v2\/types\/product"}],"replies":[{"embeddable":true,"href":"https:\/\/biocabaz.pt\/web\/wp-json\/wp\/v2\/comments?post=74455"}],"wp:featuredmedia":[{"embeddable":true,"href":"https:\/\/biocabaz.pt\/web\/wp-json\/wp\/v2\/media\/74456"}],"wp:attachment":[{"href":"https:\/\/biocabaz.pt\/web\/wp-json\/wp\/v2\/media?parent=74455"}],"wp:term":[{"taxonomy":"product_cat","embeddable":true,"href":"https:\/\/biocabaz.pt\/web\/wp-json\/wp\/v2\/product_cat?post=74455"},{"taxonomy":"product_tag","embeddable":true,"href":"https:\/\/biocabaz.pt\/web\/wp-json\/wp\/v2\/product_tag?post=74455"}],"curies":[{"name":"wp","href":"https:\/\/api.w.org\/{rel}","templated":true}]}}