{"id":74453,"date":"2021-08-20T16:42:08","date_gmt":"2021-08-20T16:42:08","guid":{"rendered":"https:\/\/www.biocabaz.pt\/web\/?post_type=product&#038;p=74453"},"modified":"2022-09-29T15:42:39","modified_gmt":"2022-09-29T15:42:39","slug":"dezodorizante-de-coco-dr-organic-50ml","status":"publish","type":"product","link":"https:\/\/biocabaz.pt\/web\/produto\/dezodorizante-de-coco-dr-organic-50ml\/","title":{"rendered":"DEZODORIZANTE DE COCO DR. ORGANIC 50ML"},"content":{"rendered":"","protected":false},"excerpt":{"rendered":"<p>Ingredientes: Aloe barbadensis leaf juice, Aqua, Zinc ricinoleate, Triethyl citrate, Lauryl glucoside, Polyglyceryl-2-dipolyhydroxystearate, Glycerin, Glyceryl caprylate, Cetearyl alcohol, Polyglyceryl-3 stearate, Sodium stearoyl lactylate, Citrus aurantium dulcis (Orange), Citrus aurantium bergamia (Bergamot) fruit oil, Citrus limon (Lemon) peel oil, Gamma undecalactone, Maltol, 3-Hexenol, Gamma octalactone, Diacetyl natural, Isocetyl palmitate, Cetraria islandica (Icelandic moss) extract, Glycyrrhetinic acid, Sodium bicarbonate, Cocos nucifera (Coconut) oil, Tocopherol, Helianthus annuus (Sunflower) seed oil, Chondrus crispus extract, Cocos nucifera (Coconut) fruit extract, Carica papaya fruit extract, Mangifera indica (Mango) fruit extract, Theobroma cacao (Cocoa) seed extract, Garcinia mangostana (Mangosteen) fruit extract, Ficus carica (Fig) fruit extract, Ascorbic acid, Xanthan gum, Sodium phytate, Sodium benzoate, Potassium sorbate, Citric acid, Citral, Limonene, Linalool.<br \/><b>Modo de Utiliza\u00e7\u00e3o:<\/b> Advert\u00eancias:<br \/>\nApenas para uso externo.<br \/>\nManter fora do alcance das crian\u00e7as.<br \/>\nSugest\u00f5es de Utiliza\u00e7\u00e3o:<br \/>\nModo de usar: agitar bem antes de usar. Aplicar nas axilas.<br \/>\nMen\u00e7\u00f5es Complementares:<br \/>\nPor conter ingredientes de origem natural, a cor e a consist\u00eancia podem variar de lote para lote, o que n\u00e3o afeta a qualidade do produto.<br \/>\nCondi\u00e7\u00f5es de Conserva\u00e7\u00e3o:<br \/>\nConservar em local seco e fresco.<\/p>\n","protected":false},"featured_media":74454,"comment_status":"closed","ping_status":"closed","template":"","meta":[],"product_cat":[91],"product_tag":[],"class_list":["post-74453","product","type-product","status-publish","has-post-thumbnail","hentry","product_cat-corpo"],"bundle_layout":"","bundled_by":[],"bundled_items":[],"yoast_head":"<!-- This site is optimized with the Yoast SEO plugin v26.3 - https:\/\/yoast.com\/wordpress\/plugins\/seo\/ -->\n<title>DEZODORIZANTE DE COCO DR. ORGANIC 50ML<\/title>\n<meta name=\"robots\" content=\"index, follow, max-snippet:-1, max-image-preview:large, max-video-preview:-1\" \/>\n<link rel=\"canonical\" href=\"https:\/\/www.biocabaz.pt\/web\/produto\/dezodorizante-de-coco-dr-organic-50ml\/\" \/>\n<meta property=\"og:locale\" content=\"pt_PT\" \/>\n<meta property=\"og:locale:alternate\" content=\"en_US\" \/>\n<meta property=\"og:type\" content=\"article\" \/>\n<meta property=\"og:title\" content=\"DEZODORIZANTE DE COCO DR. ORGANIC 50ML\" \/>\n<meta property=\"og:description\" content=\"Ingredientes: Aloe barbadensis leaf juice, Aqua, Zinc ricinoleate, Triethyl citrate, Lauryl glucoside, Polyglyceryl-2-dipolyhydroxystearate, Glycerin, Glyceryl caprylate, Cetearyl alcohol, Polyglyceryl-3 stearate, Sodium stearoyl lactylate, Citrus aurantium dulcis (Orange), Citrus aurantium bergamia (Bergamot) fruit oil, Citrus limon (Lemon) peel oil, Gamma undecalactone, Maltol, 3-Hexenol, Gamma octalactone, Diacetyl natural, Isocetyl palmitate, Cetraria islandica (Icelandic moss) extract, Glycyrrhetinic acid, Sodium bicarbonate, Cocos nucifera (Coconut) oil, Tocopherol, Helianthus annuus (Sunflower) seed oil, Chondrus crispus extract, Cocos nucifera (Coconut) fruit extract, Carica papaya fruit extract, Mangifera indica (Mango) fruit extract, Theobroma cacao (Cocoa) seed extract, Garcinia mangostana (Mangosteen) fruit extract, Ficus carica (Fig) fruit extract, Ascorbic acid, Xanthan gum, Sodium phytate, Sodium benzoate, Potassium sorbate, Citric acid, Citral, Limonene, Linalool.Modo de Utiliza\u00e7\u00e3o: Advert\u00eancias: Apenas para uso externo. Manter fora do alcance das crian\u00e7as. Sugest\u00f5es de Utiliza\u00e7\u00e3o: Modo de usar: agitar bem antes de usar. Aplicar nas axilas. Men\u00e7\u00f5es Complementares: Por conter ingredientes de origem natural, a cor e a consist\u00eancia podem variar de lote para lote, o que n\u00e3o afeta a qualidade do produto. Condi\u00e7\u00f5es de Conserva\u00e7\u00e3o: Conservar em local seco e fresco.\" \/>\n<meta property=\"og:url\" content=\"https:\/\/biocabaz.pt\/web\/produto\/dezodorizante-de-coco-dr-organic-50ml\/\" \/>\n<meta property=\"og:site_name\" content=\"BIOCABAZ - CABAZES BIOL\u00d3GICOS\" \/>\n<meta property=\"article:modified_time\" content=\"2022-09-29T15:42:39+00:00\" \/>\n<meta property=\"og:image\" content=\"https:\/\/www.biocabaz.pt\/web\/wp-conteudos\/uploads\/2021\/08\/dezodorizante-de-coco-dr.-organic-50ml-e1629477708571.jpg\" \/>\n\t<meta property=\"og:image:width\" content=\"500\" \/>\n\t<meta property=\"og:image:height\" content=\"500\" \/>\n\t<meta property=\"og:image:type\" content=\"image\/jpeg\" \/>\n<meta name=\"twitter:card\" content=\"summary_large_image\" \/>\n<script type=\"application\/ld+json\" class=\"yoast-schema-graph\">{\"@context\":\"https:\/\/schema.org\",\"@graph\":[{\"@type\":\"WebPage\",\"@id\":\"https:\/\/www.biocabaz.pt\/web\/produto\/dezodorizante-de-coco-dr-organic-50ml\/\",\"url\":\"https:\/\/www.biocabaz.pt\/web\/produto\/dezodorizante-de-coco-dr-organic-50ml\/\",\"name\":\"DEZODORIZANTE DE COCO DR. ORGANIC 50ML\",\"isPartOf\":{\"@id\":\"https:\/\/www.biocabaz.pt\/web\/#website\"},\"primaryImageOfPage\":{\"@id\":\"https:\/\/www.biocabaz.pt\/web\/produto\/dezodorizante-de-coco-dr-organic-50ml\/#primaryimage\"},\"image\":{\"@id\":\"https:\/\/www.biocabaz.pt\/web\/produto\/dezodorizante-de-coco-dr-organic-50ml\/#primaryimage\"},\"thumbnailUrl\":\"https:\/\/www.biocabaz.pt\/web\/wp-conteudos\/uploads\/2021\/08\/dezodorizante-de-coco-dr.-organic-50ml-e1629477708571.jpg\",\"datePublished\":\"2021-08-20T16:42:08+00:00\",\"dateModified\":\"2022-09-29T15:42:39+00:00\",\"breadcrumb\":{\"@id\":\"https:\/\/www.biocabaz.pt\/web\/produto\/dezodorizante-de-coco-dr-organic-50ml\/#breadcrumb\"},\"inLanguage\":\"pt-PT\",\"potentialAction\":[{\"@type\":\"ReadAction\",\"target\":[\"https:\/\/www.biocabaz.pt\/web\/produto\/dezodorizante-de-coco-dr-organic-50ml\/\"]}]},{\"@type\":\"ImageObject\",\"inLanguage\":\"pt-PT\",\"@id\":\"https:\/\/www.biocabaz.pt\/web\/produto\/dezodorizante-de-coco-dr-organic-50ml\/#primaryimage\",\"url\":\"https:\/\/www.biocabaz.pt\/web\/wp-conteudos\/uploads\/2021\/08\/dezodorizante-de-coco-dr.-organic-50ml-e1629477708571.jpg\",\"contentUrl\":\"https:\/\/www.biocabaz.pt\/web\/wp-conteudos\/uploads\/2021\/08\/dezodorizante-de-coco-dr.-organic-50ml-e1629477708571.jpg\",\"width\":500,\"height\":500,\"caption\":\"DEZODORIZANTE DE COCO DR. ORGANIC 50ML\"},{\"@type\":\"BreadcrumbList\",\"@id\":\"https:\/\/www.biocabaz.pt\/web\/produto\/dezodorizante-de-coco-dr-organic-50ml\/#breadcrumb\",\"itemListElement\":[{\"@type\":\"ListItem\",\"position\":1,\"name\":\"Home\",\"item\":\"https:\/\/www.biocabaz.pt\/web\/\"},{\"@type\":\"ListItem\",\"position\":2,\"name\":\"Loja\",\"item\":\"https:\/\/www.biocabaz.pt\/web\/shop\/\"},{\"@type\":\"ListItem\",\"position\":3,\"name\":\"DEZODORIZANTE DE COCO DR. ORGANIC 50ML\"}]},{\"@type\":\"WebSite\",\"@id\":\"https:\/\/www.biocabaz.pt\/web\/#website\",\"url\":\"https:\/\/www.biocabaz.pt\/web\/\",\"name\":\"BIOCABAZ - CABAZES BIOL\u00d3GICOS\",\"description\":\"O melhor que a terra d\u00e1 \u00e9 para si\",\"potentialAction\":[{\"@type\":\"SearchAction\",\"target\":{\"@type\":\"EntryPoint\",\"urlTemplate\":\"https:\/\/www.biocabaz.pt\/web\/?s={search_term_string}\"},\"query-input\":{\"@type\":\"PropertyValueSpecification\",\"valueRequired\":true,\"valueName\":\"search_term_string\"}}],\"inLanguage\":\"pt-PT\"}]}<\/script>\n<!-- \/ Yoast SEO plugin. -->","yoast_head_json":{"title":"DEZODORIZANTE DE COCO DR. ORGANIC 50ML","robots":{"index":"index","follow":"follow","max-snippet":"max-snippet:-1","max-image-preview":"max-image-preview:large","max-video-preview":"max-video-preview:-1"},"canonical":"https:\/\/www.biocabaz.pt\/web\/produto\/dezodorizante-de-coco-dr-organic-50ml\/","og_locale":"pt_PT","og_type":"article","og_title":"[:en]DR. ORGANIC COCONUT DEODORANT 50ML[:pt]DEZODORIZANTE DE COCO DR. ORGANIC 50ML[:] - BIOCABAZ - CABAZES BIOL\u00d3GICOS","og_description":"Ingredientes: Aloe barbadensis leaf juice, Aqua, Zinc ricinoleate, Triethyl citrate, Lauryl glucoside, Polyglyceryl-2-dipolyhydroxystearate, Glycerin, Glyceryl caprylate, Cetearyl alcohol, Polyglyceryl-3 stearate, Sodium stearoyl lactylate, Citrus aurantium dulcis (Orange), Citrus aurantium bergamia (Bergamot) fruit oil, Citrus limon (Lemon) peel oil, Gamma undecalactone, Maltol, 3-Hexenol, Gamma octalactone, Diacetyl natural, Isocetyl palmitate, Cetraria islandica (Icelandic moss) extract, Glycyrrhetinic acid, Sodium bicarbonate, Cocos nucifera (Coconut) oil, Tocopherol, Helianthus annuus (Sunflower) seed oil, Chondrus crispus extract, Cocos nucifera (Coconut) fruit extract, Carica papaya fruit extract, Mangifera indica (Mango) fruit extract, Theobroma cacao (Cocoa) seed extract, Garcinia mangostana (Mangosteen) fruit extract, Ficus carica (Fig) fruit extract, Ascorbic acid, Xanthan gum, Sodium phytate, Sodium benzoate, Potassium sorbate, Citric acid, Citral, Limonene, Linalool.Modo de Utiliza\u00e7\u00e3o: Advert\u00eancias: Apenas para uso externo. Manter fora do alcance das crian\u00e7as. Sugest\u00f5es de Utiliza\u00e7\u00e3o: Modo de usar: agitar bem antes de usar. Aplicar nas axilas. Men\u00e7\u00f5es Complementares: Por conter ingredientes de origem natural, a cor e a consist\u00eancia podem variar de lote para lote, o que n\u00e3o afeta a qualidade do produto. Condi\u00e7\u00f5es de Conserva\u00e7\u00e3o: Conservar em local seco e fresco.","og_url":"https:\/\/biocabaz.pt\/web\/produto\/dezodorizante-de-coco-dr-organic-50ml\/","og_site_name":"BIOCABAZ - CABAZES BIOL\u00d3GICOS","article_modified_time":"2022-09-29T15:42:39+00:00","og_image":[{"width":500,"height":500,"url":"https:\/\/www.biocabaz.pt\/web\/wp-conteudos\/uploads\/2021\/08\/dezodorizante-de-coco-dr.-organic-50ml-e1629477708571.jpg","type":"image\/jpeg"}],"twitter_card":"summary_large_image","schema":{"@context":"https:\/\/schema.org","@graph":[{"@type":"WebPage","@id":"https:\/\/www.biocabaz.pt\/web\/produto\/dezodorizante-de-coco-dr-organic-50ml\/","url":"https:\/\/www.biocabaz.pt\/web\/produto\/dezodorizante-de-coco-dr-organic-50ml\/","name":"DEZODORIZANTE DE COCO DR. ORGANIC 50ML","isPartOf":{"@id":"https:\/\/www.biocabaz.pt\/web\/#website"},"primaryImageOfPage":{"@id":"https:\/\/www.biocabaz.pt\/web\/produto\/dezodorizante-de-coco-dr-organic-50ml\/#primaryimage"},"image":{"@id":"https:\/\/www.biocabaz.pt\/web\/produto\/dezodorizante-de-coco-dr-organic-50ml\/#primaryimage"},"thumbnailUrl":"https:\/\/www.biocabaz.pt\/web\/wp-conteudos\/uploads\/2021\/08\/dezodorizante-de-coco-dr.-organic-50ml-e1629477708571.jpg","datePublished":"2021-08-20T16:42:08+00:00","dateModified":"2022-09-29T15:42:39+00:00","breadcrumb":{"@id":"https:\/\/www.biocabaz.pt\/web\/produto\/dezodorizante-de-coco-dr-organic-50ml\/#breadcrumb"},"inLanguage":"pt-PT","potentialAction":[{"@type":"ReadAction","target":["https:\/\/www.biocabaz.pt\/web\/produto\/dezodorizante-de-coco-dr-organic-50ml\/"]}]},{"@type":"ImageObject","inLanguage":"pt-PT","@id":"https:\/\/www.biocabaz.pt\/web\/produto\/dezodorizante-de-coco-dr-organic-50ml\/#primaryimage","url":"https:\/\/www.biocabaz.pt\/web\/wp-conteudos\/uploads\/2021\/08\/dezodorizante-de-coco-dr.-organic-50ml-e1629477708571.jpg","contentUrl":"https:\/\/www.biocabaz.pt\/web\/wp-conteudos\/uploads\/2021\/08\/dezodorizante-de-coco-dr.-organic-50ml-e1629477708571.jpg","width":500,"height":500,"caption":"DEZODORIZANTE DE COCO DR. ORGANIC 50ML"},{"@type":"BreadcrumbList","@id":"https:\/\/www.biocabaz.pt\/web\/produto\/dezodorizante-de-coco-dr-organic-50ml\/#breadcrumb","itemListElement":[{"@type":"ListItem","position":1,"name":"Home","item":"https:\/\/www.biocabaz.pt\/web\/"},{"@type":"ListItem","position":2,"name":"Loja","item":"https:\/\/www.biocabaz.pt\/web\/shop\/"},{"@type":"ListItem","position":3,"name":"DEZODORIZANTE DE COCO DR. ORGANIC 50ML"}]},{"@type":"WebSite","@id":"https:\/\/www.biocabaz.pt\/web\/#website","url":"https:\/\/www.biocabaz.pt\/web\/","name":"BIOCABAZ - CABAZES BIOL\u00d3GICOS","description":"O melhor que a terra d\u00e1 \u00e9 para si","potentialAction":[{"@type":"SearchAction","target":{"@type":"EntryPoint","urlTemplate":"https:\/\/www.biocabaz.pt\/web\/?s={search_term_string}"},"query-input":{"@type":"PropertyValueSpecification","valueRequired":true,"valueName":"search_term_string"}}],"inLanguage":"pt-PT"}]}},"_links":{"self":[{"href":"https:\/\/biocabaz.pt\/web\/wp-json\/wp\/v2\/product\/74453","targetHints":{"allow":["GET"]}}],"collection":[{"href":"https:\/\/biocabaz.pt\/web\/wp-json\/wp\/v2\/product"}],"about":[{"href":"https:\/\/biocabaz.pt\/web\/wp-json\/wp\/v2\/types\/product"}],"replies":[{"embeddable":true,"href":"https:\/\/biocabaz.pt\/web\/wp-json\/wp\/v2\/comments?post=74453"}],"wp:featuredmedia":[{"embeddable":true,"href":"https:\/\/biocabaz.pt\/web\/wp-json\/wp\/v2\/media\/74454"}],"wp:attachment":[{"href":"https:\/\/biocabaz.pt\/web\/wp-json\/wp\/v2\/media?parent=74453"}],"wp:term":[{"taxonomy":"product_cat","embeddable":true,"href":"https:\/\/biocabaz.pt\/web\/wp-json\/wp\/v2\/product_cat?post=74453"},{"taxonomy":"product_tag","embeddable":true,"href":"https:\/\/biocabaz.pt\/web\/wp-json\/wp\/v2\/product_tag?post=74453"}],"curies":[{"name":"wp","href":"https:\/\/api.w.org\/{rel}","templated":true}]}}