{"id":74449,"date":"2021-08-20T16:25:11","date_gmt":"2021-08-20T16:25:11","guid":{"rendered":"https:\/\/www.biocabaz.pt\/web\/?post_type=product&#038;p=74449"},"modified":"2022-12-03T08:37:16","modified_gmt":"2022-12-03T08:37:16","slug":"gel-de-duche-de-limao-coslys-380ml","status":"publish","type":"product","link":"https:\/\/biocabaz.pt\/web\/produto\/gel-de-duche-de-limao-coslys-380ml\/","title":{"rendered":"GEL DE DUCHE DE LIMAO COSLYS 380ML"},"content":{"rendered":"","protected":false},"excerpt":{"rendered":"<p>Descri\u00e7\u00e3o<br \/>\nO gel de banho de erva-cidreira Coslys limpa suavemente a pele, proporcionando verdadeiro prazer de uso. Formulado sem sulfato e sem sab\u00e3o, este cosm\u00e9tico org\u00e2nico respeita assim todos os tipos de pele, mesmo as mais sens\u00edveis.<\/p>\n<p>Propriedades e benef\u00edcios de Gel de banho com erva-cidreira &#8211; Alta toler\u00e2ncia<br \/>\nSua fragr\u00e2ncia de origem natural associada \u00e0 \u00e1gua floral de erva-cidreira org\u00e2nica traz um toque floral e agrad\u00e1vel. A pele \u00e9 macia, flex\u00edvel e delicadamente perfumada. Composi\u00e7\u00e3o<br \/>\nAqua (\u00e1gua), Cocaoil glutamato de s\u00f3dio, Cocamidopropil beta\u00edna, Decil glucos\u00eddeo, Cloreto de s\u00f3dio, Melissa officialis flor \/ folha \/ vapor de \u00e1gua bio, Spiraea ulmaria flor \u00e1gua bio, Goma de ac\u00e1cia senegal, Aloe barbadensis suco de folha em p\u00f3 bio, Glicerina, Parfum (fragr\u00e2ncia ), Goma xantana, benzoato de s\u00f3dio, \u00e1cido levul\u00ednico, levulinato de s\u00f3dio, desidroacetato de s\u00f3dio, \u00e1cido c\u00edtrico.<br \/><b>Modo de Utiliza\u00e7\u00e3o:<\/b> Recomenda-se aplicar na pele h\u00famida. Espuma. Enxague bem.<\/p>\n<p>Precau\u00e7\u00f5es<br \/>\nEm caso de contato com os olhos, lave abundantemente com \u00e1gua limpa.<\/p>\n","protected":false},"featured_media":74450,"comment_status":"closed","ping_status":"closed","template":"","meta":[],"product_cat":[91],"product_tag":[],"class_list":["post-74449","product","type-product","status-publish","has-post-thumbnail","hentry","product_cat-corpo"],"bundle_layout":"","bundled_by":[],"bundled_items":[],"yoast_head":"<!-- This site is optimized with the Yoast SEO plugin v26.3 - https:\/\/yoast.com\/wordpress\/plugins\/seo\/ -->\n<title>GEL DE DUCHE DE LIMAO COSLYS 380ML<\/title>\n<meta name=\"robots\" content=\"index, follow, max-snippet:-1, max-image-preview:large, max-video-preview:-1\" \/>\n<link rel=\"canonical\" href=\"https:\/\/biocabaz.pt\/web\/produto\/gel-de-duche-de-limao-coslys-380ml\/\" \/>\n<meta property=\"og:locale\" content=\"pt_PT\" \/>\n<meta property=\"og:locale:alternate\" content=\"en_US\" \/>\n<meta property=\"og:type\" content=\"article\" \/>\n<meta property=\"og:title\" content=\"GEL DE DUCHE DE LIMAO COSLYS 380ML\" \/>\n<meta property=\"og:description\" content=\"Descri\u00e7\u00e3o O gel de banho de erva-cidreira Coslys limpa suavemente a pele, proporcionando verdadeiro prazer de uso. Formulado sem sulfato e sem sab\u00e3o, este cosm\u00e9tico org\u00e2nico respeita assim todos os tipos de pele, mesmo as mais sens\u00edveis. Propriedades e benef\u00edcios de Gel de banho com erva-cidreira - Alta toler\u00e2ncia Sua fragr\u00e2ncia de origem natural associada \u00e0 \u00e1gua floral de erva-cidreira org\u00e2nica traz um toque floral e agrad\u00e1vel. A pele \u00e9 macia, flex\u00edvel e delicadamente perfumada. Composi\u00e7\u00e3o Aqua (\u00e1gua), Cocaoil glutamato de s\u00f3dio, Cocamidopropil beta\u00edna, Decil glucos\u00eddeo, Cloreto de s\u00f3dio, Melissa officialis flor \/ folha \/ vapor de \u00e1gua bio, Spiraea ulmaria flor \u00e1gua bio, Goma de ac\u00e1cia senegal, Aloe barbadensis suco de folha em p\u00f3 bio, Glicerina, Parfum (fragr\u00e2ncia ), Goma xantana, benzoato de s\u00f3dio, \u00e1cido levul\u00ednico, levulinato de s\u00f3dio, desidroacetato de s\u00f3dio, \u00e1cido c\u00edtrico.Modo de Utiliza\u00e7\u00e3o: Recomenda-se aplicar na pele h\u00famida. Espuma. Enxague bem. Precau\u00e7\u00f5es Em caso de contato com os olhos, lave abundantemente com \u00e1gua limpa.\" \/>\n<meta property=\"og:url\" content=\"https:\/\/biocabaz.pt\/web\/produto\/gel-de-duche-de-limao-coslys-380ml\/\" \/>\n<meta property=\"og:site_name\" content=\"BIOCABAZ - CABAZES BIOL\u00d3GICOS\" \/>\n<meta property=\"article:modified_time\" content=\"2022-12-03T08:37:16+00:00\" \/>\n<meta property=\"og:image\" content=\"https:\/\/www.biocabaz.pt\/web\/wp-conteudos\/uploads\/2021\/08\/gel-de-duche-de-limao-coslys-380ml.png\" \/>\n\t<meta property=\"og:image:width\" content=\"458\" \/>\n\t<meta property=\"og:image:height\" content=\"458\" \/>\n\t<meta property=\"og:image:type\" content=\"image\/png\" \/>\n<meta name=\"twitter:card\" content=\"summary_large_image\" \/>\n<script type=\"application\/ld+json\" class=\"yoast-schema-graph\">{\"@context\":\"https:\/\/schema.org\",\"@graph\":[{\"@type\":\"WebPage\",\"@id\":\"https:\/\/biocabaz.pt\/web\/produto\/gel-de-duche-de-limao-coslys-380ml\/\",\"url\":\"https:\/\/biocabaz.pt\/web\/produto\/gel-de-duche-de-limao-coslys-380ml\/\",\"name\":\"GEL DE DUCHE DE LIMAO COSLYS 380ML\",\"isPartOf\":{\"@id\":\"https:\/\/biocabaz.pt\/web\/#website\"},\"primaryImageOfPage\":{\"@id\":\"https:\/\/biocabaz.pt\/web\/produto\/gel-de-duche-de-limao-coslys-380ml\/#primaryimage\"},\"image\":{\"@id\":\"https:\/\/biocabaz.pt\/web\/produto\/gel-de-duche-de-limao-coslys-380ml\/#primaryimage\"},\"thumbnailUrl\":\"https:\/\/www.biocabaz.pt\/web\/wp-conteudos\/uploads\/2021\/08\/gel-de-duche-de-limao-coslys-380ml.png\",\"datePublished\":\"2021-08-20T16:25:11+00:00\",\"dateModified\":\"2022-12-03T08:37:16+00:00\",\"breadcrumb\":{\"@id\":\"https:\/\/biocabaz.pt\/web\/produto\/gel-de-duche-de-limao-coslys-380ml\/#breadcrumb\"},\"inLanguage\":\"pt-PT\",\"potentialAction\":[{\"@type\":\"ReadAction\",\"target\":[\"https:\/\/biocabaz.pt\/web\/produto\/gel-de-duche-de-limao-coslys-380ml\/\"]}]},{\"@type\":\"ImageObject\",\"inLanguage\":\"pt-PT\",\"@id\":\"https:\/\/biocabaz.pt\/web\/produto\/gel-de-duche-de-limao-coslys-380ml\/#primaryimage\",\"url\":\"https:\/\/www.biocabaz.pt\/web\/wp-conteudos\/uploads\/2021\/08\/gel-de-duche-de-limao-coslys-380ml.png\",\"contentUrl\":\"https:\/\/www.biocabaz.pt\/web\/wp-conteudos\/uploads\/2021\/08\/gel-de-duche-de-limao-coslys-380ml.png\",\"width\":458,\"height\":458},{\"@type\":\"BreadcrumbList\",\"@id\":\"https:\/\/biocabaz.pt\/web\/produto\/gel-de-duche-de-limao-coslys-380ml\/#breadcrumb\",\"itemListElement\":[{\"@type\":\"ListItem\",\"position\":1,\"name\":\"Home\",\"item\":\"https:\/\/biocabaz.pt\/web\/\"},{\"@type\":\"ListItem\",\"position\":2,\"name\":\"Shop\",\"item\":\"https:\/\/biocabaz.pt\/web\/en\/shop\/\"},{\"@type\":\"ListItem\",\"position\":3,\"name\":\"GEL DE DUCHE DE LIMAO COSLYS 380ML\"}]},{\"@type\":\"WebSite\",\"@id\":\"https:\/\/biocabaz.pt\/web\/#website\",\"url\":\"https:\/\/biocabaz.pt\/web\/\",\"name\":\"BIOCABAZ - CABAZES BIOL\u00d3GICOS\",\"description\":\"O melhor que a terra d\u00e1 \u00e9 para si\",\"potentialAction\":[{\"@type\":\"SearchAction\",\"target\":{\"@type\":\"EntryPoint\",\"urlTemplate\":\"https:\/\/biocabaz.pt\/web\/?s={search_term_string}\"},\"query-input\":{\"@type\":\"PropertyValueSpecification\",\"valueRequired\":true,\"valueName\":\"search_term_string\"}}],\"inLanguage\":\"pt-PT\"}]}<\/script>\n<!-- \/ Yoast SEO plugin. -->","yoast_head_json":{"title":"GEL DE DUCHE DE LIMAO COSLYS 380ML","robots":{"index":"index","follow":"follow","max-snippet":"max-snippet:-1","max-image-preview":"max-image-preview:large","max-video-preview":"max-video-preview:-1"},"canonical":"https:\/\/biocabaz.pt\/web\/produto\/gel-de-duche-de-limao-coslys-380ml\/","og_locale":"pt_PT","og_type":"article","og_title":"[:en]COSLYS SHOWER GEL WITH ORGANIC LEMON BALM 380ML[:pt]GEL DE DUCHE DE LIMAO COSLYS 380ML[:] - BIOCABAZ - CABAZES BIOL\u00d3GICOS","og_description":"Descri\u00e7\u00e3o O gel de banho de erva-cidreira Coslys limpa suavemente a pele, proporcionando verdadeiro prazer de uso. Formulado sem sulfato e sem sab\u00e3o, este cosm\u00e9tico org\u00e2nico respeita assim todos os tipos de pele, mesmo as mais sens\u00edveis. Propriedades e benef\u00edcios de Gel de banho com erva-cidreira - Alta toler\u00e2ncia Sua fragr\u00e2ncia de origem natural associada \u00e0 \u00e1gua floral de erva-cidreira org\u00e2nica traz um toque floral e agrad\u00e1vel. A pele \u00e9 macia, flex\u00edvel e delicadamente perfumada. Composi\u00e7\u00e3o Aqua (\u00e1gua), Cocaoil glutamato de s\u00f3dio, Cocamidopropil beta\u00edna, Decil glucos\u00eddeo, Cloreto de s\u00f3dio, Melissa officialis flor \/ folha \/ vapor de \u00e1gua bio, Spiraea ulmaria flor \u00e1gua bio, Goma de ac\u00e1cia senegal, Aloe barbadensis suco de folha em p\u00f3 bio, Glicerina, Parfum (fragr\u00e2ncia ), Goma xantana, benzoato de s\u00f3dio, \u00e1cido levul\u00ednico, levulinato de s\u00f3dio, desidroacetato de s\u00f3dio, \u00e1cido c\u00edtrico.Modo de Utiliza\u00e7\u00e3o: Recomenda-se aplicar na pele h\u00famida. Espuma. Enxague bem. Precau\u00e7\u00f5es Em caso de contato com os olhos, lave abundantemente com \u00e1gua limpa.","og_url":"https:\/\/biocabaz.pt\/web\/produto\/gel-de-duche-de-limao-coslys-380ml\/","og_site_name":"BIOCABAZ - CABAZES BIOL\u00d3GICOS","article_modified_time":"2022-12-03T08:37:16+00:00","og_image":[{"width":458,"height":458,"url":"https:\/\/www.biocabaz.pt\/web\/wp-conteudos\/uploads\/2021\/08\/gel-de-duche-de-limao-coslys-380ml.png","type":"image\/png"}],"twitter_card":"summary_large_image","schema":{"@context":"https:\/\/schema.org","@graph":[{"@type":"WebPage","@id":"https:\/\/biocabaz.pt\/web\/produto\/gel-de-duche-de-limao-coslys-380ml\/","url":"https:\/\/biocabaz.pt\/web\/produto\/gel-de-duche-de-limao-coslys-380ml\/","name":"GEL DE DUCHE DE LIMAO COSLYS 380ML","isPartOf":{"@id":"https:\/\/biocabaz.pt\/web\/#website"},"primaryImageOfPage":{"@id":"https:\/\/biocabaz.pt\/web\/produto\/gel-de-duche-de-limao-coslys-380ml\/#primaryimage"},"image":{"@id":"https:\/\/biocabaz.pt\/web\/produto\/gel-de-duche-de-limao-coslys-380ml\/#primaryimage"},"thumbnailUrl":"https:\/\/www.biocabaz.pt\/web\/wp-conteudos\/uploads\/2021\/08\/gel-de-duche-de-limao-coslys-380ml.png","datePublished":"2021-08-20T16:25:11+00:00","dateModified":"2022-12-03T08:37:16+00:00","breadcrumb":{"@id":"https:\/\/biocabaz.pt\/web\/produto\/gel-de-duche-de-limao-coslys-380ml\/#breadcrumb"},"inLanguage":"pt-PT","potentialAction":[{"@type":"ReadAction","target":["https:\/\/biocabaz.pt\/web\/produto\/gel-de-duche-de-limao-coslys-380ml\/"]}]},{"@type":"ImageObject","inLanguage":"pt-PT","@id":"https:\/\/biocabaz.pt\/web\/produto\/gel-de-duche-de-limao-coslys-380ml\/#primaryimage","url":"https:\/\/www.biocabaz.pt\/web\/wp-conteudos\/uploads\/2021\/08\/gel-de-duche-de-limao-coslys-380ml.png","contentUrl":"https:\/\/www.biocabaz.pt\/web\/wp-conteudos\/uploads\/2021\/08\/gel-de-duche-de-limao-coslys-380ml.png","width":458,"height":458},{"@type":"BreadcrumbList","@id":"https:\/\/biocabaz.pt\/web\/produto\/gel-de-duche-de-limao-coslys-380ml\/#breadcrumb","itemListElement":[{"@type":"ListItem","position":1,"name":"Home","item":"https:\/\/biocabaz.pt\/web\/"},{"@type":"ListItem","position":2,"name":"Shop","item":"https:\/\/biocabaz.pt\/web\/en\/shop\/"},{"@type":"ListItem","position":3,"name":"GEL DE DUCHE DE LIMAO COSLYS 380ML"}]},{"@type":"WebSite","@id":"https:\/\/biocabaz.pt\/web\/#website","url":"https:\/\/biocabaz.pt\/web\/","name":"BIOCABAZ - CABAZES BIOL\u00d3GICOS","description":"O melhor que a terra d\u00e1 \u00e9 para si","potentialAction":[{"@type":"SearchAction","target":{"@type":"EntryPoint","urlTemplate":"https:\/\/biocabaz.pt\/web\/?s={search_term_string}"},"query-input":{"@type":"PropertyValueSpecification","valueRequired":true,"valueName":"search_term_string"}}],"inLanguage":"pt-PT"}]}},"_links":{"self":[{"href":"https:\/\/biocabaz.pt\/web\/wp-json\/wp\/v2\/product\/74449","targetHints":{"allow":["GET"]}}],"collection":[{"href":"https:\/\/biocabaz.pt\/web\/wp-json\/wp\/v2\/product"}],"about":[{"href":"https:\/\/biocabaz.pt\/web\/wp-json\/wp\/v2\/types\/product"}],"replies":[{"embeddable":true,"href":"https:\/\/biocabaz.pt\/web\/wp-json\/wp\/v2\/comments?post=74449"}],"wp:featuredmedia":[{"embeddable":true,"href":"https:\/\/biocabaz.pt\/web\/wp-json\/wp\/v2\/media\/74450"}],"wp:attachment":[{"href":"https:\/\/biocabaz.pt\/web\/wp-json\/wp\/v2\/media?parent=74449"}],"wp:term":[{"taxonomy":"product_cat","embeddable":true,"href":"https:\/\/biocabaz.pt\/web\/wp-json\/wp\/v2\/product_cat?post=74449"},{"taxonomy":"product_tag","embeddable":true,"href":"https:\/\/biocabaz.pt\/web\/wp-json\/wp\/v2\/product_tag?post=74449"}],"curies":[{"name":"wp","href":"https:\/\/api.w.org\/{rel}","templated":true}]}}