{"id":74445,"date":"2021-08-20T16:21:12","date_gmt":"2021-08-20T16:21:12","guid":{"rendered":"https:\/\/www.biocabaz.pt\/web\/?post_type=product&#038;p=74445"},"modified":"2022-12-03T08:37:43","modified_gmt":"2022-12-03T08:37:43","slug":"gel-de-duche-de-agua-das-malvas-380ml","status":"publish","type":"product","link":"https:\/\/biocabaz.pt\/web\/produto\/gel-de-duche-de-agua-das-malvas-380ml\/","title":{"rendered":"GEL DE DUCHE DE AGUA DAS MALVAS COSLYS 380ML"},"content":{"rendered":"","protected":false},"excerpt":{"rendered":"<p>Descri\u00e7\u00e3o<br \/>\nO gel de banho cor de malva Coslys respeita todos os tipos de pele, mesmo as mais sens\u00edveis. Formulado sem sulfato ou sabonete, limpa suavemente a pele, mantendo o verdadeiro prazer no uso.<\/p>\n<p>Propriedades e benef\u00edcios de Gel de banho com malva org\u00e2nica<br \/>\nSua fragr\u00e2ncia de origem natural associada \u00e0 \u00e1gua floral de malva org\u00e2nica traz um toque floral e agrad\u00e1vel no banho. Com este gel de banho sem sulfato, a pele fica macia, flex\u00edvel e delicadamente perfumada.     Composi\u00e7\u00e3o<br \/>\nAqua, Cocoil glutamato de s\u00f3dio, Cocamidopropil beta\u00edna, Decil glucos\u00eddeo, Cloreto de s\u00f3dio, Malva sylvestris (malva) flor \/ folha \/ extrato de vapor bio, Spiraea ulmaria flor \u00e1gua bio, Goma Acacia senegal, Aloe barbadensis suco de folha em p\u00f3 bio, Glicerina, Parfum (fragr\u00e2ncia ), Goma xantana, benzoato de s\u00f3dio, \u00e1cido levul\u00ednico, levulinato de s\u00f3dio, desidroacetato de s\u00f3dio, \u00e1cido c\u00edtrico.<br \/><b>Modo de Utiliza\u00e7\u00e3o:<\/b> \u00c9 aconselh\u00e1vel aplicar sobre a pele h\u00famida. Espuma. Enxague bem.<\/p>\n<p>Precau\u00e7\u00f5es<br \/>\nEm caso de contato com os olhos, lave abundantemente com \u00e1gua limpa.<\/p>\n","protected":false},"featured_media":74448,"comment_status":"closed","ping_status":"closed","template":"","meta":[],"product_cat":[91],"product_tag":[],"class_list":["post-74445","product","type-product","status-publish","has-post-thumbnail","hentry","product_cat-corpo"],"bundle_layout":"","bundled_by":[],"bundled_items":[],"yoast_head":"<!-- This site is optimized with the Yoast SEO plugin v26.3 - https:\/\/yoast.com\/wordpress\/plugins\/seo\/ -->\n<title>GEL DE DUCHE DE AGUA DAS MALVAS COSLYS 380ML<\/title>\n<meta name=\"robots\" content=\"index, follow, max-snippet:-1, max-image-preview:large, max-video-preview:-1\" \/>\n<link rel=\"canonical\" href=\"https:\/\/biocabaz.pt\/web\/produto\/gel-de-duche-de-agua-das-malvas-380ml\/\" \/>\n<meta property=\"og:locale\" content=\"pt_PT\" \/>\n<meta property=\"og:locale:alternate\" content=\"en_US\" \/>\n<meta property=\"og:type\" content=\"article\" \/>\n<meta property=\"og:title\" content=\"GEL DE DUCHE DE AGUA DAS MALVAS COSLYS 380ML\" \/>\n<meta property=\"og:description\" content=\"Descri\u00e7\u00e3o O gel de banho cor de malva Coslys respeita todos os tipos de pele, mesmo as mais sens\u00edveis. Formulado sem sulfato ou sabonete, limpa suavemente a pele, mantendo o verdadeiro prazer no uso. Propriedades e benef\u00edcios de Gel de banho com malva org\u00e2nica Sua fragr\u00e2ncia de origem natural associada \u00e0 \u00e1gua floral de malva org\u00e2nica traz um toque floral e agrad\u00e1vel no banho. Com este gel de banho sem sulfato, a pele fica macia, flex\u00edvel e delicadamente perfumada.   Composi\u00e7\u00e3o Aqua, Cocoil glutamato de s\u00f3dio, Cocamidopropil beta\u00edna, Decil glucos\u00eddeo, Cloreto de s\u00f3dio, Malva sylvestris (malva) flor \/ folha \/ extrato de vapor bio, Spiraea ulmaria flor \u00e1gua bio, Goma Acacia senegal, Aloe barbadensis suco de folha em p\u00f3 bio, Glicerina, Parfum (fragr\u00e2ncia ), Goma xantana, benzoato de s\u00f3dio, \u00e1cido levul\u00ednico, levulinato de s\u00f3dio, desidroacetato de s\u00f3dio, \u00e1cido c\u00edtrico.Modo de Utiliza\u00e7\u00e3o: \u00c9 aconselh\u00e1vel aplicar sobre a pele h\u00famida. Espuma. Enxague bem. Precau\u00e7\u00f5es Em caso de contato com os olhos, lave abundantemente com \u00e1gua limpa.\" \/>\n<meta property=\"og:url\" content=\"https:\/\/biocabaz.pt\/web\/produto\/gel-de-duche-de-agua-das-malvas-380ml\/\" \/>\n<meta property=\"og:site_name\" content=\"BIOCABAZ - CABAZES BIOL\u00d3GICOS\" \/>\n<meta property=\"article:modified_time\" content=\"2022-12-03T08:37:43+00:00\" \/>\n<meta property=\"og:image\" content=\"https:\/\/www.biocabaz.pt\/web\/wp-conteudos\/uploads\/2021\/08\/gel-de-duche-de-agua-das-malvas-380ml-e1629476417767.jpg\" \/>\n\t<meta property=\"og:image:width\" content=\"500\" \/>\n\t<meta property=\"og:image:height\" content=\"500\" \/>\n\t<meta property=\"og:image:type\" content=\"image\/jpeg\" \/>\n<meta name=\"twitter:card\" content=\"summary_large_image\" \/>\n<script type=\"application\/ld+json\" class=\"yoast-schema-graph\">{\"@context\":\"https:\/\/schema.org\",\"@graph\":[{\"@type\":\"WebPage\",\"@id\":\"https:\/\/biocabaz.pt\/web\/produto\/gel-de-duche-de-agua-das-malvas-380ml\/\",\"url\":\"https:\/\/biocabaz.pt\/web\/produto\/gel-de-duche-de-agua-das-malvas-380ml\/\",\"name\":\"GEL DE DUCHE DE AGUA DAS MALVAS COSLYS 380ML\",\"isPartOf\":{\"@id\":\"https:\/\/biocabaz.pt\/web\/#website\"},\"primaryImageOfPage\":{\"@id\":\"https:\/\/biocabaz.pt\/web\/produto\/gel-de-duche-de-agua-das-malvas-380ml\/#primaryimage\"},\"image\":{\"@id\":\"https:\/\/biocabaz.pt\/web\/produto\/gel-de-duche-de-agua-das-malvas-380ml\/#primaryimage\"},\"thumbnailUrl\":\"https:\/\/www.biocabaz.pt\/web\/wp-conteudos\/uploads\/2021\/08\/gel-de-duche-de-agua-das-malvas-380ml-e1629476417767.jpg\",\"datePublished\":\"2021-08-20T16:21:12+00:00\",\"dateModified\":\"2022-12-03T08:37:43+00:00\",\"breadcrumb\":{\"@id\":\"https:\/\/biocabaz.pt\/web\/produto\/gel-de-duche-de-agua-das-malvas-380ml\/#breadcrumb\"},\"inLanguage\":\"pt-PT\",\"potentialAction\":[{\"@type\":\"ReadAction\",\"target\":[\"https:\/\/biocabaz.pt\/web\/produto\/gel-de-duche-de-agua-das-malvas-380ml\/\"]}]},{\"@type\":\"ImageObject\",\"inLanguage\":\"pt-PT\",\"@id\":\"https:\/\/biocabaz.pt\/web\/produto\/gel-de-duche-de-agua-das-malvas-380ml\/#primaryimage\",\"url\":\"https:\/\/www.biocabaz.pt\/web\/wp-conteudos\/uploads\/2021\/08\/gel-de-duche-de-agua-das-malvas-380ml-e1629476417767.jpg\",\"contentUrl\":\"https:\/\/www.biocabaz.pt\/web\/wp-conteudos\/uploads\/2021\/08\/gel-de-duche-de-agua-das-malvas-380ml-e1629476417767.jpg\",\"width\":500,\"height\":500,\"caption\":\"GEL DE DUCHE DE AGUA DAS MALVAS 380ML\"},{\"@type\":\"BreadcrumbList\",\"@id\":\"https:\/\/biocabaz.pt\/web\/produto\/gel-de-duche-de-agua-das-malvas-380ml\/#breadcrumb\",\"itemListElement\":[{\"@type\":\"ListItem\",\"position\":1,\"name\":\"Home\",\"item\":\"https:\/\/biocabaz.pt\/web\/\"},{\"@type\":\"ListItem\",\"position\":2,\"name\":\"Shop\",\"item\":\"https:\/\/biocabaz.pt\/web\/en\/shop\/\"},{\"@type\":\"ListItem\",\"position\":3,\"name\":\"GEL DE DUCHE DE AGUA DAS MALVAS COSLYS 380ML\"}]},{\"@type\":\"WebSite\",\"@id\":\"https:\/\/biocabaz.pt\/web\/#website\",\"url\":\"https:\/\/biocabaz.pt\/web\/\",\"name\":\"BIOCABAZ - CABAZES BIOL\u00d3GICOS\",\"description\":\"O melhor que a terra d\u00e1 \u00e9 para si\",\"potentialAction\":[{\"@type\":\"SearchAction\",\"target\":{\"@type\":\"EntryPoint\",\"urlTemplate\":\"https:\/\/biocabaz.pt\/web\/?s={search_term_string}\"},\"query-input\":{\"@type\":\"PropertyValueSpecification\",\"valueRequired\":true,\"valueName\":\"search_term_string\"}}],\"inLanguage\":\"pt-PT\"}]}<\/script>\n<!-- \/ Yoast SEO plugin. -->","yoast_head_json":{"title":"GEL DE DUCHE DE AGUA DAS MALVAS COSLYS 380ML","robots":{"index":"index","follow":"follow","max-snippet":"max-snippet:-1","max-image-preview":"max-image-preview:large","max-video-preview":"max-video-preview:-1"},"canonical":"https:\/\/biocabaz.pt\/web\/produto\/gel-de-duche-de-agua-das-malvas-380ml\/","og_locale":"pt_PT","og_type":"article","og_title":"[:en]COSLYS SHOWER GEL WITH ORGANIC MALLOW 380ML[:pt]GEL DE DUCHE DE AGUA DAS MALVAS COSLYS 380ML[:] - BIOCABAZ - CABAZES BIOL\u00d3GICOS","og_description":"Descri\u00e7\u00e3o O gel de banho cor de malva Coslys respeita todos os tipos de pele, mesmo as mais sens\u00edveis. Formulado sem sulfato ou sabonete, limpa suavemente a pele, mantendo o verdadeiro prazer no uso. Propriedades e benef\u00edcios de Gel de banho com malva org\u00e2nica Sua fragr\u00e2ncia de origem natural associada \u00e0 \u00e1gua floral de malva org\u00e2nica traz um toque floral e agrad\u00e1vel no banho. Com este gel de banho sem sulfato, a pele fica macia, flex\u00edvel e delicadamente perfumada.   Composi\u00e7\u00e3o Aqua, Cocoil glutamato de s\u00f3dio, Cocamidopropil beta\u00edna, Decil glucos\u00eddeo, Cloreto de s\u00f3dio, Malva sylvestris (malva) flor \/ folha \/ extrato de vapor bio, Spiraea ulmaria flor \u00e1gua bio, Goma Acacia senegal, Aloe barbadensis suco de folha em p\u00f3 bio, Glicerina, Parfum (fragr\u00e2ncia ), Goma xantana, benzoato de s\u00f3dio, \u00e1cido levul\u00ednico, levulinato de s\u00f3dio, desidroacetato de s\u00f3dio, \u00e1cido c\u00edtrico.Modo de Utiliza\u00e7\u00e3o: \u00c9 aconselh\u00e1vel aplicar sobre a pele h\u00famida. Espuma. Enxague bem. Precau\u00e7\u00f5es Em caso de contato com os olhos, lave abundantemente com \u00e1gua limpa.","og_url":"https:\/\/biocabaz.pt\/web\/produto\/gel-de-duche-de-agua-das-malvas-380ml\/","og_site_name":"BIOCABAZ - CABAZES BIOL\u00d3GICOS","article_modified_time":"2022-12-03T08:37:43+00:00","og_image":[{"width":500,"height":500,"url":"https:\/\/www.biocabaz.pt\/web\/wp-conteudos\/uploads\/2021\/08\/gel-de-duche-de-agua-das-malvas-380ml-e1629476417767.jpg","type":"image\/jpeg"}],"twitter_card":"summary_large_image","schema":{"@context":"https:\/\/schema.org","@graph":[{"@type":"WebPage","@id":"https:\/\/biocabaz.pt\/web\/produto\/gel-de-duche-de-agua-das-malvas-380ml\/","url":"https:\/\/biocabaz.pt\/web\/produto\/gel-de-duche-de-agua-das-malvas-380ml\/","name":"GEL DE DUCHE DE AGUA DAS MALVAS COSLYS 380ML","isPartOf":{"@id":"https:\/\/biocabaz.pt\/web\/#website"},"primaryImageOfPage":{"@id":"https:\/\/biocabaz.pt\/web\/produto\/gel-de-duche-de-agua-das-malvas-380ml\/#primaryimage"},"image":{"@id":"https:\/\/biocabaz.pt\/web\/produto\/gel-de-duche-de-agua-das-malvas-380ml\/#primaryimage"},"thumbnailUrl":"https:\/\/www.biocabaz.pt\/web\/wp-conteudos\/uploads\/2021\/08\/gel-de-duche-de-agua-das-malvas-380ml-e1629476417767.jpg","datePublished":"2021-08-20T16:21:12+00:00","dateModified":"2022-12-03T08:37:43+00:00","breadcrumb":{"@id":"https:\/\/biocabaz.pt\/web\/produto\/gel-de-duche-de-agua-das-malvas-380ml\/#breadcrumb"},"inLanguage":"pt-PT","potentialAction":[{"@type":"ReadAction","target":["https:\/\/biocabaz.pt\/web\/produto\/gel-de-duche-de-agua-das-malvas-380ml\/"]}]},{"@type":"ImageObject","inLanguage":"pt-PT","@id":"https:\/\/biocabaz.pt\/web\/produto\/gel-de-duche-de-agua-das-malvas-380ml\/#primaryimage","url":"https:\/\/www.biocabaz.pt\/web\/wp-conteudos\/uploads\/2021\/08\/gel-de-duche-de-agua-das-malvas-380ml-e1629476417767.jpg","contentUrl":"https:\/\/www.biocabaz.pt\/web\/wp-conteudos\/uploads\/2021\/08\/gel-de-duche-de-agua-das-malvas-380ml-e1629476417767.jpg","width":500,"height":500,"caption":"GEL DE DUCHE DE AGUA DAS MALVAS 380ML"},{"@type":"BreadcrumbList","@id":"https:\/\/biocabaz.pt\/web\/produto\/gel-de-duche-de-agua-das-malvas-380ml\/#breadcrumb","itemListElement":[{"@type":"ListItem","position":1,"name":"Home","item":"https:\/\/biocabaz.pt\/web\/"},{"@type":"ListItem","position":2,"name":"Shop","item":"https:\/\/biocabaz.pt\/web\/en\/shop\/"},{"@type":"ListItem","position":3,"name":"GEL DE DUCHE DE AGUA DAS MALVAS COSLYS 380ML"}]},{"@type":"WebSite","@id":"https:\/\/biocabaz.pt\/web\/#website","url":"https:\/\/biocabaz.pt\/web\/","name":"BIOCABAZ - CABAZES BIOL\u00d3GICOS","description":"O melhor que a terra d\u00e1 \u00e9 para si","potentialAction":[{"@type":"SearchAction","target":{"@type":"EntryPoint","urlTemplate":"https:\/\/biocabaz.pt\/web\/?s={search_term_string}"},"query-input":{"@type":"PropertyValueSpecification","valueRequired":true,"valueName":"search_term_string"}}],"inLanguage":"pt-PT"}]}},"_links":{"self":[{"href":"https:\/\/biocabaz.pt\/web\/wp-json\/wp\/v2\/product\/74445","targetHints":{"allow":["GET"]}}],"collection":[{"href":"https:\/\/biocabaz.pt\/web\/wp-json\/wp\/v2\/product"}],"about":[{"href":"https:\/\/biocabaz.pt\/web\/wp-json\/wp\/v2\/types\/product"}],"replies":[{"embeddable":true,"href":"https:\/\/biocabaz.pt\/web\/wp-json\/wp\/v2\/comments?post=74445"}],"wp:featuredmedia":[{"embeddable":true,"href":"https:\/\/biocabaz.pt\/web\/wp-json\/wp\/v2\/media\/74448"}],"wp:attachment":[{"href":"https:\/\/biocabaz.pt\/web\/wp-json\/wp\/v2\/media?parent=74445"}],"wp:term":[{"taxonomy":"product_cat","embeddable":true,"href":"https:\/\/biocabaz.pt\/web\/wp-json\/wp\/v2\/product_cat?post=74445"},{"taxonomy":"product_tag","embeddable":true,"href":"https:\/\/biocabaz.pt\/web\/wp-json\/wp\/v2\/product_tag?post=74445"}],"curies":[{"name":"wp","href":"https:\/\/api.w.org\/{rel}","templated":true}]}}