{"id":74427,"date":"2021-08-20T15:55:36","date_gmt":"2021-08-20T15:55:36","guid":{"rendered":"https:\/\/www.biocabaz.pt\/web\/?post_type=product&#038;p=74427"},"modified":"2022-09-29T15:45:05","modified_gmt":"2022-09-29T15:45:05","slug":"champo-solido-nutricao","status":"publish","type":"product","link":"https:\/\/biocabaz.pt\/web\/produto\/champo-solido-nutricao\/","title":{"rendered":"CHAMP\u00d4 S\u00d3LIDO NUTRI\u00c7\u00c3O"},"content":{"rendered":"","protected":false},"excerpt":{"rendered":"<p>Champ\u00f4 condicionador formulado com 99% de ingredientes de origem natural para cabelos secos, danificados e sem vida.<br \/>\nO \u00f3leo de argan, altamente concentrado em \u00e1cido oleico e vitaminas E e A, nutre e revitaliza a fibra capilar, reparando cabelos danificados e quebradi\u00e7os.<br \/>\nO cabelo recupera seu brilho e vitalidade natural. Com aroma de mel de origem natural.<\/p>\n","protected":false},"featured_media":74428,"comment_status":"closed","ping_status":"closed","template":"","meta":[],"product_cat":[90],"product_tag":[],"class_list":["post-74427","product","type-product","status-publish","has-post-thumbnail","hentry","product_cat-cabelo"],"bundle_layout":"","bundled_by":[],"bundled_items":[],"yoast_head":"<!-- This site is optimized with the Yoast SEO plugin v26.3 - https:\/\/yoast.com\/wordpress\/plugins\/seo\/ -->\n<title>CHAMP\u00d4 S\u00d3LIDO NUTRI\u00c7\u00c3O<\/title>\n<meta name=\"robots\" content=\"index, follow, max-snippet:-1, max-image-preview:large, max-video-preview:-1\" \/>\n<link rel=\"canonical\" href=\"https:\/\/biocabaz.pt\/web\/produto\/champo-solido-nutricao\/\" \/>\n<meta property=\"og:locale\" content=\"pt_PT\" \/>\n<meta property=\"og:locale:alternate\" content=\"en_US\" \/>\n<meta property=\"og:type\" content=\"article\" \/>\n<meta property=\"og:title\" content=\"CHAMP\u00d4 S\u00d3LIDO NUTRI\u00c7\u00c3O\" \/>\n<meta property=\"og:description\" content=\"Champ\u00f4 condicionador formulado com 99% de ingredientes de origem natural para cabelos secos, danificados e sem vida. O \u00f3leo de argan, altamente concentrado em \u00e1cido oleico e vitaminas E e A, nutre e revitaliza a fibra capilar, reparando cabelos danificados e quebradi\u00e7os. O cabelo recupera seu brilho e vitalidade natural. Com aroma de mel de origem natural.\" \/>\n<meta property=\"og:url\" content=\"https:\/\/biocabaz.pt\/web\/produto\/champo-solido-nutricao\/\" \/>\n<meta property=\"og:site_name\" content=\"BIOCABAZ - CABAZES BIOL\u00d3GICOS\" \/>\n<meta property=\"article:modified_time\" content=\"2022-09-29T15:45:05+00:00\" \/>\n<meta property=\"og:image\" content=\"https:\/\/www.biocabaz.pt\/web\/wp-conteudos\/uploads\/2021\/08\/champo-solido-nutricao.jpg\" \/>\n\t<meta property=\"og:image:width\" content=\"800\" \/>\n\t<meta property=\"og:image:height\" content=\"1200\" \/>\n\t<meta property=\"og:image:type\" content=\"image\/jpeg\" \/>\n<meta name=\"twitter:card\" content=\"summary_large_image\" \/>\n<script type=\"application\/ld+json\" class=\"yoast-schema-graph\">{\"@context\":\"https:\/\/schema.org\",\"@graph\":[{\"@type\":\"WebPage\",\"@id\":\"https:\/\/biocabaz.pt\/web\/produto\/champo-solido-nutricao\/\",\"url\":\"https:\/\/biocabaz.pt\/web\/produto\/champo-solido-nutricao\/\",\"name\":\"CHAMP\u00d4 S\u00d3LIDO NUTRI\u00c7\u00c3O\",\"isPartOf\":{\"@id\":\"https:\/\/biocabaz.pt\/web\/en\/#website\"},\"primaryImageOfPage\":{\"@id\":\"https:\/\/biocabaz.pt\/web\/produto\/champo-solido-nutricao\/#primaryimage\"},\"image\":{\"@id\":\"https:\/\/biocabaz.pt\/web\/produto\/champo-solido-nutricao\/#primaryimage\"},\"thumbnailUrl\":\"https:\/\/www.biocabaz.pt\/web\/wp-conteudos\/uploads\/2021\/08\/champo-solido-nutricao.jpg\",\"datePublished\":\"2021-08-20T15:55:36+00:00\",\"dateModified\":\"2022-09-29T15:45:05+00:00\",\"breadcrumb\":{\"@id\":\"https:\/\/biocabaz.pt\/web\/produto\/champo-solido-nutricao\/#breadcrumb\"},\"inLanguage\":\"pt-PT\",\"potentialAction\":[{\"@type\":\"ReadAction\",\"target\":[\"https:\/\/biocabaz.pt\/web\/produto\/champo-solido-nutricao\/\"]}]},{\"@type\":\"ImageObject\",\"inLanguage\":\"pt-PT\",\"@id\":\"https:\/\/biocabaz.pt\/web\/produto\/champo-solido-nutricao\/#primaryimage\",\"url\":\"https:\/\/www.biocabaz.pt\/web\/wp-conteudos\/uploads\/2021\/08\/champo-solido-nutricao.jpg\",\"contentUrl\":\"https:\/\/www.biocabaz.pt\/web\/wp-conteudos\/uploads\/2021\/08\/champo-solido-nutricao.jpg\",\"width\":800,\"height\":1200,\"caption\":\"CHAMP\u00d4 S\u00d3LIDO NUTRI\u00c7\u00c3O\"},{\"@type\":\"BreadcrumbList\",\"@id\":\"https:\/\/biocabaz.pt\/web\/produto\/champo-solido-nutricao\/#breadcrumb\",\"itemListElement\":[{\"@type\":\"ListItem\",\"position\":1,\"name\":\"Home\",\"item\":\"https:\/\/biocabaz.pt\/web\/en\/\"},{\"@type\":\"ListItem\",\"position\":2,\"name\":\"Shop\",\"item\":\"https:\/\/biocabaz.pt\/web\/en\/shop\/\"},{\"@type\":\"ListItem\",\"position\":3,\"name\":\"CHAMP\u00d4 S\u00d3LIDO NUTRI\u00c7\u00c3O\"}]},{\"@type\":\"WebSite\",\"@id\":\"https:\/\/biocabaz.pt\/web\/en\/#website\",\"url\":\"https:\/\/biocabaz.pt\/web\/en\/\",\"name\":\"BIOCABAZ - CABAZES BIOL\u00d3GICOS\",\"description\":\"O melhor que a terra d\u00e1 \u00e9 para si\",\"potentialAction\":[{\"@type\":\"SearchAction\",\"target\":{\"@type\":\"EntryPoint\",\"urlTemplate\":\"https:\/\/biocabaz.pt\/web\/en\/?s={search_term_string}\"},\"query-input\":{\"@type\":\"PropertyValueSpecification\",\"valueRequired\":true,\"valueName\":\"search_term_string\"}}],\"inLanguage\":\"pt-PT\"}]}<\/script>\n<!-- \/ Yoast SEO plugin. -->","yoast_head_json":{"title":"CHAMP\u00d4 S\u00d3LIDO NUTRI\u00c7\u00c3O","robots":{"index":"index","follow":"follow","max-snippet":"max-snippet:-1","max-image-preview":"max-image-preview:large","max-video-preview":"max-video-preview:-1"},"canonical":"https:\/\/biocabaz.pt\/web\/produto\/champo-solido-nutricao\/","og_locale":"pt_PT","og_type":"article","og_title":"[:en]SHAMPOO & CONDITIONER BAR NOURISHING \u2013 ANTI-FRIZZ[:pt]CHAMP\u00d4 S\u00d3LIDO NUTRI\u00c7\u00c3O[:] - BIOCABAZ - CABAZES BIOL\u00d3GICOS","og_description":"Champ\u00f4 condicionador formulado com 99% de ingredientes de origem natural para cabelos secos, danificados e sem vida. O \u00f3leo de argan, altamente concentrado em \u00e1cido oleico e vitaminas E e A, nutre e revitaliza a fibra capilar, reparando cabelos danificados e quebradi\u00e7os. O cabelo recupera seu brilho e vitalidade natural. Com aroma de mel de origem natural.","og_url":"https:\/\/biocabaz.pt\/web\/produto\/champo-solido-nutricao\/","og_site_name":"BIOCABAZ - CABAZES BIOL\u00d3GICOS","article_modified_time":"2022-09-29T15:45:05+00:00","og_image":[{"width":800,"height":1200,"url":"https:\/\/www.biocabaz.pt\/web\/wp-conteudos\/uploads\/2021\/08\/champo-solido-nutricao.jpg","type":"image\/jpeg"}],"twitter_card":"summary_large_image","schema":{"@context":"https:\/\/schema.org","@graph":[{"@type":"WebPage","@id":"https:\/\/biocabaz.pt\/web\/produto\/champo-solido-nutricao\/","url":"https:\/\/biocabaz.pt\/web\/produto\/champo-solido-nutricao\/","name":"CHAMP\u00d4 S\u00d3LIDO NUTRI\u00c7\u00c3O","isPartOf":{"@id":"https:\/\/biocabaz.pt\/web\/en\/#website"},"primaryImageOfPage":{"@id":"https:\/\/biocabaz.pt\/web\/produto\/champo-solido-nutricao\/#primaryimage"},"image":{"@id":"https:\/\/biocabaz.pt\/web\/produto\/champo-solido-nutricao\/#primaryimage"},"thumbnailUrl":"https:\/\/www.biocabaz.pt\/web\/wp-conteudos\/uploads\/2021\/08\/champo-solido-nutricao.jpg","datePublished":"2021-08-20T15:55:36+00:00","dateModified":"2022-09-29T15:45:05+00:00","breadcrumb":{"@id":"https:\/\/biocabaz.pt\/web\/produto\/champo-solido-nutricao\/#breadcrumb"},"inLanguage":"pt-PT","potentialAction":[{"@type":"ReadAction","target":["https:\/\/biocabaz.pt\/web\/produto\/champo-solido-nutricao\/"]}]},{"@type":"ImageObject","inLanguage":"pt-PT","@id":"https:\/\/biocabaz.pt\/web\/produto\/champo-solido-nutricao\/#primaryimage","url":"https:\/\/www.biocabaz.pt\/web\/wp-conteudos\/uploads\/2021\/08\/champo-solido-nutricao.jpg","contentUrl":"https:\/\/www.biocabaz.pt\/web\/wp-conteudos\/uploads\/2021\/08\/champo-solido-nutricao.jpg","width":800,"height":1200,"caption":"CHAMP\u00d4 S\u00d3LIDO NUTRI\u00c7\u00c3O"},{"@type":"BreadcrumbList","@id":"https:\/\/biocabaz.pt\/web\/produto\/champo-solido-nutricao\/#breadcrumb","itemListElement":[{"@type":"ListItem","position":1,"name":"Home","item":"https:\/\/biocabaz.pt\/web\/en\/"},{"@type":"ListItem","position":2,"name":"Shop","item":"https:\/\/biocabaz.pt\/web\/en\/shop\/"},{"@type":"ListItem","position":3,"name":"CHAMP\u00d4 S\u00d3LIDO NUTRI\u00c7\u00c3O"}]},{"@type":"WebSite","@id":"https:\/\/biocabaz.pt\/web\/en\/#website","url":"https:\/\/biocabaz.pt\/web\/en\/","name":"BIOCABAZ - CABAZES BIOL\u00d3GICOS","description":"O melhor que a terra d\u00e1 \u00e9 para si","potentialAction":[{"@type":"SearchAction","target":{"@type":"EntryPoint","urlTemplate":"https:\/\/biocabaz.pt\/web\/en\/?s={search_term_string}"},"query-input":{"@type":"PropertyValueSpecification","valueRequired":true,"valueName":"search_term_string"}}],"inLanguage":"pt-PT"}]}},"_links":{"self":[{"href":"https:\/\/biocabaz.pt\/web\/wp-json\/wp\/v2\/product\/74427","targetHints":{"allow":["GET"]}}],"collection":[{"href":"https:\/\/biocabaz.pt\/web\/wp-json\/wp\/v2\/product"}],"about":[{"href":"https:\/\/biocabaz.pt\/web\/wp-json\/wp\/v2\/types\/product"}],"replies":[{"embeddable":true,"href":"https:\/\/biocabaz.pt\/web\/wp-json\/wp\/v2\/comments?post=74427"}],"wp:featuredmedia":[{"embeddable":true,"href":"https:\/\/biocabaz.pt\/web\/wp-json\/wp\/v2\/media\/74428"}],"wp:attachment":[{"href":"https:\/\/biocabaz.pt\/web\/wp-json\/wp\/v2\/media?parent=74427"}],"wp:term":[{"taxonomy":"product_cat","embeddable":true,"href":"https:\/\/biocabaz.pt\/web\/wp-json\/wp\/v2\/product_cat?post=74427"},{"taxonomy":"product_tag","embeddable":true,"href":"https:\/\/biocabaz.pt\/web\/wp-json\/wp\/v2\/product_tag?post=74427"}],"curies":[{"name":"wp","href":"https:\/\/api.w.org\/{rel}","templated":true}]}}