{"id":74369,"date":"2021-08-20T14:26:17","date_gmt":"2021-08-20T14:26:17","guid":{"rendered":"https:\/\/www.biocabaz.pt\/web\/?post_type=product&#038;p=74369"},"modified":"2023-04-17T12:15:45","modified_gmt":"2023-04-17T12:15:45","slug":"tinta-para-cabelo-naturtint-7-7-louro-bege","status":"publish","type":"product","link":"https:\/\/biocabaz.pt\/web\/produto\/tinta-para-cabelo-naturtint-7-7-louro-bege\/","title":{"rendered":"TINTA PARA CABELO NATURTINT 7.7 LOURO BEGE"},"content":{"rendered":"","protected":false},"excerpt":{"rendered":"<p>Naturtint \u00e9 a colora\u00e7\u00e3o permanente sem amon\u00edaco selecionada por consumidores em todo o mundo que buscam suavidade, brilho, hidrata\u00e7\u00e3o e conforto m\u00e1ximo para o couro cabeludo.<\/p>\n<p>A sua f\u00f3rmula inovadora e exclusiva em gel, enriquecida com ingredientes naturais, respeita a sa\u00fade dos cabelos o m\u00e1ximo poss\u00edvel.<\/p>\n<p>Al\u00e9m disso, inclui o tratamento exclusivo Quinoa Multi-Care Mask, que melhora o processo de colora\u00e7\u00e3o e aumenta a fixa\u00e7\u00e3o de cores em 20%.<\/p>\n<p>\u00b7 100% de hidrata\u00e7\u00e3o.<br \/>\n\u00b7 Cabelo super macio e brilhante.<br \/>\n\u00b7 Cores naturais e saud\u00e1veis intensas.<br \/>\n\u00b7 Conforto ideal para o couro cabeludo.<br \/>\n\u00b7 Com 100% de \u00f3leo de semente biobot\u00e2nicas<br \/>\n\u00b7 Aplica\u00e7\u00e3o r\u00e1pida e f\u00e1cil gracas \u00e0 sua composi\u00e7\u00e3o em Gel<\/p>\n<p>Apropriado Para Vegans.<\/p>\n","protected":false},"featured_media":74370,"comment_status":"closed","ping_status":"closed","template":"","meta":[],"product_cat":[90],"product_tag":[],"class_list":["post-74369","product","type-product","status-publish","has-post-thumbnail","hentry","product_cat-cabelo"],"bundle_layout":"","bundled_by":[],"bundled_items":[],"yoast_head":"<!-- This site is optimized with the Yoast SEO plugin v26.3 - https:\/\/yoast.com\/wordpress\/plugins\/seo\/ -->\n<title>TINTA PARA CABELO NATURTINT 7.7 LOURO BEGE<\/title>\n<meta name=\"robots\" content=\"index, follow, max-snippet:-1, max-image-preview:large, max-video-preview:-1\" \/>\n<link rel=\"canonical\" href=\"https:\/\/biocabaz.pt\/web\/produto\/tinta-para-cabelo-naturtint-7-7-louro-bege\/\" \/>\n<meta property=\"og:locale\" content=\"pt_PT\" \/>\n<meta property=\"og:locale:alternate\" content=\"en_US\" \/>\n<meta property=\"og:type\" content=\"article\" \/>\n<meta property=\"og:title\" content=\"TINTA PARA CABELO NATURTINT 7.7 LOURO BEGE\" \/>\n<meta property=\"og:description\" content=\"Naturtint \u00e9 a colora\u00e7\u00e3o permanente sem amon\u00edaco selecionada por consumidores em todo o mundo que buscam suavidade, brilho, hidrata\u00e7\u00e3o e conforto m\u00e1ximo para o couro cabeludo. A sua f\u00f3rmula inovadora e exclusiva em gel, enriquecida com ingredientes naturais, respeita a sa\u00fade dos cabelos o m\u00e1ximo poss\u00edvel. Al\u00e9m disso, inclui o tratamento exclusivo Quinoa Multi-Care Mask, que melhora o processo de colora\u00e7\u00e3o e aumenta a fixa\u00e7\u00e3o de cores em 20%. \u00b7 100% de hidrata\u00e7\u00e3o. \u00b7 Cabelo super macio e brilhante. \u00b7 Cores naturais e saud\u00e1veis intensas. \u00b7 Conforto ideal para o couro cabeludo. \u00b7 Com 100% de \u00f3leo de semente biobot\u00e2nicas \u00b7 Aplica\u00e7\u00e3o r\u00e1pida e f\u00e1cil gracas \u00e0 sua composi\u00e7\u00e3o em Gel Apropriado Para Vegans.\" \/>\n<meta property=\"og:url\" content=\"https:\/\/biocabaz.pt\/web\/produto\/tinta-para-cabelo-naturtint-7-7-louro-bege\/\" \/>\n<meta property=\"og:site_name\" content=\"BIOCABAZ - CABAZES BIOL\u00d3GICOS\" \/>\n<meta property=\"article:modified_time\" content=\"2023-04-17T12:15:45+00:00\" \/>\n<meta property=\"og:image\" content=\"https:\/\/www.biocabaz.pt\/web\/wp-conteudos\/uploads\/2021\/08\/naturtint-7.7-louro-bege.jpg\" \/>\n\t<meta property=\"og:image:width\" content=\"1024\" \/>\n\t<meta property=\"og:image:height\" content=\"1872\" \/>\n\t<meta property=\"og:image:type\" content=\"image\/jpeg\" \/>\n<meta name=\"twitter:card\" content=\"summary_large_image\" \/>\n<script type=\"application\/ld+json\" class=\"yoast-schema-graph\">{\"@context\":\"https:\/\/schema.org\",\"@graph\":[{\"@type\":\"WebPage\",\"@id\":\"https:\/\/biocabaz.pt\/web\/produto\/tinta-para-cabelo-naturtint-7-7-louro-bege\/\",\"url\":\"https:\/\/biocabaz.pt\/web\/produto\/tinta-para-cabelo-naturtint-7-7-louro-bege\/\",\"name\":\"TINTA PARA CABELO NATURTINT 7.7 LOURO BEGE\",\"isPartOf\":{\"@id\":\"https:\/\/www.biocabaz.pt\/web\/en\/#website\"},\"primaryImageOfPage\":{\"@id\":\"https:\/\/biocabaz.pt\/web\/produto\/tinta-para-cabelo-naturtint-7-7-louro-bege\/#primaryimage\"},\"image\":{\"@id\":\"https:\/\/biocabaz.pt\/web\/produto\/tinta-para-cabelo-naturtint-7-7-louro-bege\/#primaryimage\"},\"thumbnailUrl\":\"https:\/\/www.biocabaz.pt\/web\/wp-conteudos\/uploads\/2021\/08\/naturtint-7.7-louro-bege.jpg\",\"datePublished\":\"2021-08-20T14:26:17+00:00\",\"dateModified\":\"2023-04-17T12:15:45+00:00\",\"breadcrumb\":{\"@id\":\"https:\/\/biocabaz.pt\/web\/produto\/tinta-para-cabelo-naturtint-7-7-louro-bege\/#breadcrumb\"},\"inLanguage\":\"pt-PT\",\"potentialAction\":[{\"@type\":\"ReadAction\",\"target\":[\"https:\/\/biocabaz.pt\/web\/produto\/tinta-para-cabelo-naturtint-7-7-louro-bege\/\"]}]},{\"@type\":\"ImageObject\",\"inLanguage\":\"pt-PT\",\"@id\":\"https:\/\/biocabaz.pt\/web\/produto\/tinta-para-cabelo-naturtint-7-7-louro-bege\/#primaryimage\",\"url\":\"https:\/\/www.biocabaz.pt\/web\/wp-conteudos\/uploads\/2021\/08\/naturtint-7.7-louro-bege.jpg\",\"contentUrl\":\"https:\/\/www.biocabaz.pt\/web\/wp-conteudos\/uploads\/2021\/08\/naturtint-7.7-louro-bege.jpg\",\"width\":1024,\"height\":1872,\"caption\":\"TINTA PARA CABELO NATURTINT 7.7 LOURO BEGE\"},{\"@type\":\"BreadcrumbList\",\"@id\":\"https:\/\/biocabaz.pt\/web\/produto\/tinta-para-cabelo-naturtint-7-7-louro-bege\/#breadcrumb\",\"itemListElement\":[{\"@type\":\"ListItem\",\"position\":1,\"name\":\"Home\",\"item\":\"https:\/\/www.biocabaz.pt\/web\/en\/\"},{\"@type\":\"ListItem\",\"position\":2,\"name\":\"Shop\",\"item\":\"https:\/\/www.biocabaz.pt\/web\/en\/shop\/\"},{\"@type\":\"ListItem\",\"position\":3,\"name\":\"TINTA PARA CABELO NATURTINT 7.7 LOURO BEGE\"}]},{\"@type\":\"WebSite\",\"@id\":\"https:\/\/www.biocabaz.pt\/web\/en\/#website\",\"url\":\"https:\/\/www.biocabaz.pt\/web\/en\/\",\"name\":\"BIOCABAZ - CABAZES BIOL\u00d3GICOS\",\"description\":\"O melhor que a terra d\u00e1 \u00e9 para si\",\"potentialAction\":[{\"@type\":\"SearchAction\",\"target\":{\"@type\":\"EntryPoint\",\"urlTemplate\":\"https:\/\/www.biocabaz.pt\/web\/en\/?s={search_term_string}\"},\"query-input\":{\"@type\":\"PropertyValueSpecification\",\"valueRequired\":true,\"valueName\":\"search_term_string\"}}],\"inLanguage\":\"pt-PT\"}]}<\/script>\n<!-- \/ Yoast SEO plugin. -->","yoast_head_json":{"title":"TINTA PARA CABELO NATURTINT 7.7 LOURO BEGE","robots":{"index":"index","follow":"follow","max-snippet":"max-snippet:-1","max-image-preview":"max-image-preview:large","max-video-preview":"max-video-preview:-1"},"canonical":"https:\/\/biocabaz.pt\/web\/produto\/tinta-para-cabelo-naturtint-7-7-louro-bege\/","og_locale":"pt_PT","og_type":"article","og_title":"[:en]NATURTINT PERMANENT HAIR COLOUR CREAM 7.7 TEIDE BROWN[:pt]TINTA PARA CABELO NATURTINT 7.7 LOURO BEGE[:] - BIOCABAZ - CABAZES BIOL\u00d3GICOS","og_description":"Naturtint \u00e9 a colora\u00e7\u00e3o permanente sem amon\u00edaco selecionada por consumidores em todo o mundo que buscam suavidade, brilho, hidrata\u00e7\u00e3o e conforto m\u00e1ximo para o couro cabeludo. A sua f\u00f3rmula inovadora e exclusiva em gel, enriquecida com ingredientes naturais, respeita a sa\u00fade dos cabelos o m\u00e1ximo poss\u00edvel. Al\u00e9m disso, inclui o tratamento exclusivo Quinoa Multi-Care Mask, que melhora o processo de colora\u00e7\u00e3o e aumenta a fixa\u00e7\u00e3o de cores em 20%. \u00b7 100% de hidrata\u00e7\u00e3o. \u00b7 Cabelo super macio e brilhante. \u00b7 Cores naturais e saud\u00e1veis intensas. \u00b7 Conforto ideal para o couro cabeludo. \u00b7 Com 100% de \u00f3leo de semente biobot\u00e2nicas \u00b7 Aplica\u00e7\u00e3o r\u00e1pida e f\u00e1cil gracas \u00e0 sua composi\u00e7\u00e3o em Gel Apropriado Para Vegans.","og_url":"https:\/\/biocabaz.pt\/web\/produto\/tinta-para-cabelo-naturtint-7-7-louro-bege\/","og_site_name":"BIOCABAZ - CABAZES BIOL\u00d3GICOS","article_modified_time":"2023-04-17T12:15:45+00:00","og_image":[{"width":1024,"height":1872,"url":"https:\/\/www.biocabaz.pt\/web\/wp-conteudos\/uploads\/2021\/08\/naturtint-7.7-louro-bege.jpg","type":"image\/jpeg"}],"twitter_card":"summary_large_image","schema":{"@context":"https:\/\/schema.org","@graph":[{"@type":"WebPage","@id":"https:\/\/biocabaz.pt\/web\/produto\/tinta-para-cabelo-naturtint-7-7-louro-bege\/","url":"https:\/\/biocabaz.pt\/web\/produto\/tinta-para-cabelo-naturtint-7-7-louro-bege\/","name":"TINTA PARA CABELO NATURTINT 7.7 LOURO BEGE","isPartOf":{"@id":"https:\/\/www.biocabaz.pt\/web\/en\/#website"},"primaryImageOfPage":{"@id":"https:\/\/biocabaz.pt\/web\/produto\/tinta-para-cabelo-naturtint-7-7-louro-bege\/#primaryimage"},"image":{"@id":"https:\/\/biocabaz.pt\/web\/produto\/tinta-para-cabelo-naturtint-7-7-louro-bege\/#primaryimage"},"thumbnailUrl":"https:\/\/www.biocabaz.pt\/web\/wp-conteudos\/uploads\/2021\/08\/naturtint-7.7-louro-bege.jpg","datePublished":"2021-08-20T14:26:17+00:00","dateModified":"2023-04-17T12:15:45+00:00","breadcrumb":{"@id":"https:\/\/biocabaz.pt\/web\/produto\/tinta-para-cabelo-naturtint-7-7-louro-bege\/#breadcrumb"},"inLanguage":"pt-PT","potentialAction":[{"@type":"ReadAction","target":["https:\/\/biocabaz.pt\/web\/produto\/tinta-para-cabelo-naturtint-7-7-louro-bege\/"]}]},{"@type":"ImageObject","inLanguage":"pt-PT","@id":"https:\/\/biocabaz.pt\/web\/produto\/tinta-para-cabelo-naturtint-7-7-louro-bege\/#primaryimage","url":"https:\/\/www.biocabaz.pt\/web\/wp-conteudos\/uploads\/2021\/08\/naturtint-7.7-louro-bege.jpg","contentUrl":"https:\/\/www.biocabaz.pt\/web\/wp-conteudos\/uploads\/2021\/08\/naturtint-7.7-louro-bege.jpg","width":1024,"height":1872,"caption":"TINTA PARA CABELO NATURTINT 7.7 LOURO BEGE"},{"@type":"BreadcrumbList","@id":"https:\/\/biocabaz.pt\/web\/produto\/tinta-para-cabelo-naturtint-7-7-louro-bege\/#breadcrumb","itemListElement":[{"@type":"ListItem","position":1,"name":"Home","item":"https:\/\/www.biocabaz.pt\/web\/en\/"},{"@type":"ListItem","position":2,"name":"Shop","item":"https:\/\/www.biocabaz.pt\/web\/en\/shop\/"},{"@type":"ListItem","position":3,"name":"TINTA PARA CABELO NATURTINT 7.7 LOURO BEGE"}]},{"@type":"WebSite","@id":"https:\/\/www.biocabaz.pt\/web\/en\/#website","url":"https:\/\/www.biocabaz.pt\/web\/en\/","name":"BIOCABAZ - CABAZES BIOL\u00d3GICOS","description":"O melhor que a terra d\u00e1 \u00e9 para si","potentialAction":[{"@type":"SearchAction","target":{"@type":"EntryPoint","urlTemplate":"https:\/\/www.biocabaz.pt\/web\/en\/?s={search_term_string}"},"query-input":{"@type":"PropertyValueSpecification","valueRequired":true,"valueName":"search_term_string"}}],"inLanguage":"pt-PT"}]}},"_links":{"self":[{"href":"https:\/\/biocabaz.pt\/web\/wp-json\/wp\/v2\/product\/74369","targetHints":{"allow":["GET"]}}],"collection":[{"href":"https:\/\/biocabaz.pt\/web\/wp-json\/wp\/v2\/product"}],"about":[{"href":"https:\/\/biocabaz.pt\/web\/wp-json\/wp\/v2\/types\/product"}],"replies":[{"embeddable":true,"href":"https:\/\/biocabaz.pt\/web\/wp-json\/wp\/v2\/comments?post=74369"}],"wp:featuredmedia":[{"embeddable":true,"href":"https:\/\/biocabaz.pt\/web\/wp-json\/wp\/v2\/media\/74370"}],"wp:attachment":[{"href":"https:\/\/biocabaz.pt\/web\/wp-json\/wp\/v2\/media?parent=74369"}],"wp:term":[{"taxonomy":"product_cat","embeddable":true,"href":"https:\/\/biocabaz.pt\/web\/wp-json\/wp\/v2\/product_cat?post=74369"},{"taxonomy":"product_tag","embeddable":true,"href":"https:\/\/biocabaz.pt\/web\/wp-json\/wp\/v2\/product_tag?post=74369"}],"curies":[{"name":"wp","href":"https:\/\/api.w.org\/{rel}","templated":true}]}}