{"id":74311,"date":"2021-08-19T16:02:52","date_gmt":"2021-08-19T16:02:52","guid":{"rendered":"https:\/\/www.biocabaz.pt\/web\/?post_type=product&#038;p=74311"},"modified":"2022-09-29T15:54:49","modified_gmt":"2022-09-29T15:54:49","slug":"palitos-biologicos-de-pao-integral-200g","status":"publish","type":"product","link":"https:\/\/biocabaz.pt\/web\/produto\/palitos-biologicos-de-pao-integral-200g\/","title":{"rendered":"PALITOS BIOLOGICOS DE PAO INTEGRAL 125G"},"content":{"rendered":"","protected":false},"excerpt":{"rendered":"<p>Ingredientes: farinha de trigo integral* 44%, farinha de trigo*, azeite extra-virgem* 9%, sal, fermento, farinha de trigo com malte*.<br \/>\n*de agricultura biol\u00f3gica certificada. Alerg\u00e9nios: pode conter vest\u00edgios de s\u00e9samo e soja.<br \/><b>Modo de Utiliza\u00e7\u00e3o:<\/b> Conservar em local fresco e seco.<br \/><b>Dados Nutricionais:<\/b> Declara\u00e7\u00e3o Nutricional por 100g: Energia: 1717 KJ\/409Kcal; L\u00edpidos: 12g; dos quais saturados: 2g; Hidratos de carbono: 57g; dos quais a\u00e7\u00facares: 2g; Fibra: 10g Prote\u00ednas: 10g; Sal: 2g.<\/p>\n","protected":false},"featured_media":74312,"comment_status":"closed","ping_status":"closed","template":"","meta":[],"product_cat":[12],"product_tag":[],"class_list":["post-74311","product","type-product","status-publish","has-post-thumbnail","hentry","product_cat-padaria"],"bundle_layout":"","bundled_by":[],"bundled_items":[],"yoast_head":"<!-- This site is optimized with the Yoast SEO plugin v26.3 - https:\/\/yoast.com\/wordpress\/plugins\/seo\/ -->\n<title>PALITOS BIOLOGICOS DE PAO INTEGRAL 125G<\/title>\n<meta name=\"robots\" content=\"index, follow, max-snippet:-1, max-image-preview:large, max-video-preview:-1\" \/>\n<link rel=\"canonical\" href=\"https:\/\/biocabaz.pt\/web\/produto\/palitos-biologicos-de-pao-integral-200g\/\" \/>\n<meta property=\"og:locale\" content=\"pt_PT\" \/>\n<meta property=\"og:locale:alternate\" content=\"en_US\" \/>\n<meta property=\"og:type\" content=\"article\" \/>\n<meta property=\"og:title\" content=\"PALITOS BIOLOGICOS DE PAO INTEGRAL 125G\" \/>\n<meta property=\"og:description\" content=\"Ingredientes: farinha de trigo integral* 44%, farinha de trigo*, azeite extra-virgem* 9%, sal, fermento, farinha de trigo com malte*. *de agricultura biol\u00f3gica certificada. Alerg\u00e9nios: pode conter vest\u00edgios de s\u00e9samo e soja.Modo de Utiliza\u00e7\u00e3o: Conservar em local fresco e seco.Dados Nutricionais: Declara\u00e7\u00e3o Nutricional por 100g: Energia: 1717 KJ\/409Kcal; L\u00edpidos: 12g; dos quais saturados: 2g; Hidratos de carbono: 57g; dos quais a\u00e7\u00facares: 2g; Fibra: 10g Prote\u00ednas: 10g; Sal: 2g.\" \/>\n<meta property=\"og:url\" content=\"https:\/\/biocabaz.pt\/web\/produto\/palitos-biologicos-de-pao-integral-200g\/\" \/>\n<meta property=\"og:site_name\" content=\"BIOCABAZ - CABAZES BIOL\u00d3GICOS\" \/>\n<meta property=\"article:modified_time\" content=\"2022-09-29T15:54:49+00:00\" \/>\n<meta property=\"og:image\" content=\"https:\/\/www.biocabaz.pt\/web\/wp-conteudos\/uploads\/2021\/08\/palitos-biologicos-de-pao-integral-200g-e1629388964906.jpg\" \/>\n\t<meta property=\"og:image:width\" content=\"500\" \/>\n\t<meta property=\"og:image:height\" content=\"500\" \/>\n\t<meta property=\"og:image:type\" content=\"image\/jpeg\" \/>\n<meta name=\"twitter:card\" content=\"summary_large_image\" \/>\n<script type=\"application\/ld+json\" class=\"yoast-schema-graph\">{\"@context\":\"https:\/\/schema.org\",\"@graph\":[{\"@type\":\"WebPage\",\"@id\":\"https:\/\/biocabaz.pt\/web\/en\/produto\/palitos-biologicos-de-pao-integral-200g\/\",\"url\":\"https:\/\/biocabaz.pt\/web\/en\/produto\/palitos-biologicos-de-pao-integral-200g\/\",\"name\":\"PALITOS BIOLOGICOS DE PAO INTEGRAL 125G\",\"isPartOf\":{\"@id\":\"https:\/\/biocabaz.pt\/web\/en\/#website\"},\"primaryImageOfPage\":{\"@id\":\"https:\/\/biocabaz.pt\/web\/en\/produto\/palitos-biologicos-de-pao-integral-200g\/#primaryimage\"},\"image\":{\"@id\":\"https:\/\/biocabaz.pt\/web\/en\/produto\/palitos-biologicos-de-pao-integral-200g\/#primaryimage\"},\"thumbnailUrl\":\"https:\/\/www.biocabaz.pt\/web\/wp-conteudos\/uploads\/2021\/08\/palitos-biologicos-de-pao-integral-200g-e1629388964906.jpg\",\"datePublished\":\"2021-08-19T16:02:52+00:00\",\"dateModified\":\"2022-09-29T15:54:49+00:00\",\"breadcrumb\":{\"@id\":\"https:\/\/biocabaz.pt\/web\/en\/produto\/palitos-biologicos-de-pao-integral-200g\/#breadcrumb\"},\"inLanguage\":\"pt-PT\",\"potentialAction\":[{\"@type\":\"ReadAction\",\"target\":[\"https:\/\/biocabaz.pt\/web\/en\/produto\/palitos-biologicos-de-pao-integral-200g\/\"]}]},{\"@type\":\"ImageObject\",\"inLanguage\":\"pt-PT\",\"@id\":\"https:\/\/biocabaz.pt\/web\/en\/produto\/palitos-biologicos-de-pao-integral-200g\/#primaryimage\",\"url\":\"https:\/\/www.biocabaz.pt\/web\/wp-conteudos\/uploads\/2021\/08\/palitos-biologicos-de-pao-integral-200g-e1629388964906.jpg\",\"contentUrl\":\"https:\/\/www.biocabaz.pt\/web\/wp-conteudos\/uploads\/2021\/08\/palitos-biologicos-de-pao-integral-200g-e1629388964906.jpg\",\"width\":500,\"height\":500},{\"@type\":\"BreadcrumbList\",\"@id\":\"https:\/\/biocabaz.pt\/web\/en\/produto\/palitos-biologicos-de-pao-integral-200g\/#breadcrumb\",\"itemListElement\":[{\"@type\":\"ListItem\",\"position\":1,\"name\":\"Home\",\"item\":\"https:\/\/biocabaz.pt\/web\/en\/\"},{\"@type\":\"ListItem\",\"position\":2,\"name\":\"Shop\",\"item\":\"https:\/\/biocabaz.pt\/web\/en\/shop\/\"},{\"@type\":\"ListItem\",\"position\":3,\"name\":\"WHOLE WHEAT GRISSINI (BREADSTICKS)\"}]},{\"@type\":\"WebSite\",\"@id\":\"https:\/\/biocabaz.pt\/web\/en\/#website\",\"url\":\"https:\/\/biocabaz.pt\/web\/en\/\",\"name\":\"BIOCABAZ - CABAZES BIOL\u00d3GICOS\",\"description\":\"O melhor que a terra d\u00e1 \u00e9 para si\",\"potentialAction\":[{\"@type\":\"SearchAction\",\"target\":{\"@type\":\"EntryPoint\",\"urlTemplate\":\"https:\/\/biocabaz.pt\/web\/en\/?s={search_term_string}\"},\"query-input\":{\"@type\":\"PropertyValueSpecification\",\"valueRequired\":true,\"valueName\":\"search_term_string\"}}],\"inLanguage\":\"pt-PT\"}]}<\/script>\n<!-- \/ Yoast SEO plugin. -->","yoast_head_json":{"title":"PALITOS BIOLOGICOS DE PAO INTEGRAL 125G","robots":{"index":"index","follow":"follow","max-snippet":"max-snippet:-1","max-image-preview":"max-image-preview:large","max-video-preview":"max-video-preview:-1"},"canonical":"https:\/\/biocabaz.pt\/web\/produto\/palitos-biologicos-de-pao-integral-200g\/","og_locale":"pt_PT","og_type":"article","og_title":"[:en]WHOLE WHEAT GRISSINI (BREADSTICKS)[:pt]PALITOS BIOLOGICOS DE PAO INTEGRAL 125G[:] - BIOCABAZ - CABAZES BIOL\u00d3GICOS","og_description":"Ingredientes: farinha de trigo integral* 44%, farinha de trigo*, azeite extra-virgem* 9%, sal, fermento, farinha de trigo com malte*. *de agricultura biol\u00f3gica certificada. Alerg\u00e9nios: pode conter vest\u00edgios de s\u00e9samo e soja.Modo de Utiliza\u00e7\u00e3o: Conservar em local fresco e seco.Dados Nutricionais: Declara\u00e7\u00e3o Nutricional por 100g: Energia: 1717 KJ\/409Kcal; L\u00edpidos: 12g; dos quais saturados: 2g; Hidratos de carbono: 57g; dos quais a\u00e7\u00facares: 2g; Fibra: 10g Prote\u00ednas: 10g; Sal: 2g.","og_url":"https:\/\/biocabaz.pt\/web\/produto\/palitos-biologicos-de-pao-integral-200g\/","og_site_name":"BIOCABAZ - CABAZES BIOL\u00d3GICOS","article_modified_time":"2022-09-29T15:54:49+00:00","og_image":[{"width":500,"height":500,"url":"https:\/\/www.biocabaz.pt\/web\/wp-conteudos\/uploads\/2021\/08\/palitos-biologicos-de-pao-integral-200g-e1629388964906.jpg","type":"image\/jpeg"}],"twitter_card":"summary_large_image","schema":{"@context":"https:\/\/schema.org","@graph":[{"@type":"WebPage","@id":"https:\/\/biocabaz.pt\/web\/en\/produto\/palitos-biologicos-de-pao-integral-200g\/","url":"https:\/\/biocabaz.pt\/web\/en\/produto\/palitos-biologicos-de-pao-integral-200g\/","name":"PALITOS BIOLOGICOS DE PAO INTEGRAL 125G","isPartOf":{"@id":"https:\/\/biocabaz.pt\/web\/en\/#website"},"primaryImageOfPage":{"@id":"https:\/\/biocabaz.pt\/web\/en\/produto\/palitos-biologicos-de-pao-integral-200g\/#primaryimage"},"image":{"@id":"https:\/\/biocabaz.pt\/web\/en\/produto\/palitos-biologicos-de-pao-integral-200g\/#primaryimage"},"thumbnailUrl":"https:\/\/www.biocabaz.pt\/web\/wp-conteudos\/uploads\/2021\/08\/palitos-biologicos-de-pao-integral-200g-e1629388964906.jpg","datePublished":"2021-08-19T16:02:52+00:00","dateModified":"2022-09-29T15:54:49+00:00","breadcrumb":{"@id":"https:\/\/biocabaz.pt\/web\/en\/produto\/palitos-biologicos-de-pao-integral-200g\/#breadcrumb"},"inLanguage":"pt-PT","potentialAction":[{"@type":"ReadAction","target":["https:\/\/biocabaz.pt\/web\/en\/produto\/palitos-biologicos-de-pao-integral-200g\/"]}]},{"@type":"ImageObject","inLanguage":"pt-PT","@id":"https:\/\/biocabaz.pt\/web\/en\/produto\/palitos-biologicos-de-pao-integral-200g\/#primaryimage","url":"https:\/\/www.biocabaz.pt\/web\/wp-conteudos\/uploads\/2021\/08\/palitos-biologicos-de-pao-integral-200g-e1629388964906.jpg","contentUrl":"https:\/\/www.biocabaz.pt\/web\/wp-conteudos\/uploads\/2021\/08\/palitos-biologicos-de-pao-integral-200g-e1629388964906.jpg","width":500,"height":500},{"@type":"BreadcrumbList","@id":"https:\/\/biocabaz.pt\/web\/en\/produto\/palitos-biologicos-de-pao-integral-200g\/#breadcrumb","itemListElement":[{"@type":"ListItem","position":1,"name":"Home","item":"https:\/\/biocabaz.pt\/web\/en\/"},{"@type":"ListItem","position":2,"name":"Shop","item":"https:\/\/biocabaz.pt\/web\/en\/shop\/"},{"@type":"ListItem","position":3,"name":"WHOLE WHEAT GRISSINI (BREADSTICKS)"}]},{"@type":"WebSite","@id":"https:\/\/biocabaz.pt\/web\/en\/#website","url":"https:\/\/biocabaz.pt\/web\/en\/","name":"BIOCABAZ - CABAZES BIOL\u00d3GICOS","description":"O melhor que a terra d\u00e1 \u00e9 para si","potentialAction":[{"@type":"SearchAction","target":{"@type":"EntryPoint","urlTemplate":"https:\/\/biocabaz.pt\/web\/en\/?s={search_term_string}"},"query-input":{"@type":"PropertyValueSpecification","valueRequired":true,"valueName":"search_term_string"}}],"inLanguage":"pt-PT"}]}},"_links":{"self":[{"href":"https:\/\/biocabaz.pt\/web\/wp-json\/wp\/v2\/product\/74311","targetHints":{"allow":["GET"]}}],"collection":[{"href":"https:\/\/biocabaz.pt\/web\/wp-json\/wp\/v2\/product"}],"about":[{"href":"https:\/\/biocabaz.pt\/web\/wp-json\/wp\/v2\/types\/product"}],"replies":[{"embeddable":true,"href":"https:\/\/biocabaz.pt\/web\/wp-json\/wp\/v2\/comments?post=74311"}],"wp:featuredmedia":[{"embeddable":true,"href":"https:\/\/biocabaz.pt\/web\/wp-json\/wp\/v2\/media\/74312"}],"wp:attachment":[{"href":"https:\/\/biocabaz.pt\/web\/wp-json\/wp\/v2\/media?parent=74311"}],"wp:term":[{"taxonomy":"product_cat","embeddable":true,"href":"https:\/\/biocabaz.pt\/web\/wp-json\/wp\/v2\/product_cat?post=74311"},{"taxonomy":"product_tag","embeddable":true,"href":"https:\/\/biocabaz.pt\/web\/wp-json\/wp\/v2\/product_tag?post=74311"}],"curies":[{"name":"wp","href":"https:\/\/api.w.org\/{rel}","templated":true}]}}