{"id":74309,"date":"2021-08-19T15:56:02","date_gmt":"2021-08-19T15:56:02","guid":{"rendered":"https:\/\/www.biocabaz.pt\/web\/?post_type=product&#038;p=74309"},"modified":"2024-08-03T10:33:57","modified_gmt":"2024-08-03T10:33:57","slug":"mini-tostas-farinha-integral-80g","status":"publish","type":"product","link":"https:\/\/biocabaz.pt\/web\/produto\/mini-tostas-farinha-integral-80g\/","title":{"rendered":"MINI TOSTAS FARINHA INTEGRAL 80G"},"content":{"rendered":"","protected":false},"excerpt":{"rendered":"<p>Ingredientes: Farinha de TRIGO integral* (52%), farinha de TRIGO*, a\u00e7\u00facar*, \u00f3leo de girassol*, GL\u00daTEN de TRIGO*, levedura, sal, agente de tratamento da farinha: \u00e1cido asc\u00f3rbico. *de produ\u00e7\u00e3o biol\u00f3gica. Cont\u00e9m gl\u00faten. Poder\u00e1 conter vest\u00edgios de frutos de casca rija, leite, s\u00e9samo e soja. FR-BIO-01. Origem: UE\/N\u00e3o UE.<br \/><b>Modo de Utiliza\u00e7\u00e3o:<\/b> Pronto a consumir, em refei\u00e7\u00f5es diversas ou no seu intervalo retemperado, barrado com o acompanhamento da sua prefer\u00eancia. Conservar em local seco e fresco.<br \/><b>Dados Nutricionais:<\/b> Declara\u00e7\u00e3o Nutricional por 100g: Energia &#8211; 1685kJ\/339kcal; L\u00edpidos &#8211; 6,6g dos quais saturados &#8211; 0,7g; Hidratos de Carbono &#8211; 68g dos quais a\u00e7\u00facares &#8211; 5,7g; Fibra &#8211; 8g; Prote\u00ednas &#8211; 13g; Sal \u2013 0,88g.<\/p>\n","protected":false},"featured_media":74310,"comment_status":"closed","ping_status":"closed","template":"","meta":[],"product_cat":[12],"product_tag":[],"class_list":["post-74309","product","type-product","status-publish","has-post-thumbnail","hentry","product_cat-padaria"],"bundle_layout":"","bundled_by":[],"bundled_items":[],"yoast_head":"<!-- This site is optimized with the Yoast SEO plugin v26.3 - https:\/\/yoast.com\/wordpress\/plugins\/seo\/ -->\n<title>MINI TOSTAS FARINHA INTEGRAL 80G<\/title>\n<meta name=\"robots\" content=\"index, follow, max-snippet:-1, max-image-preview:large, max-video-preview:-1\" \/>\n<link rel=\"canonical\" href=\"https:\/\/biocabaz.pt\/web\/produto\/mini-tostas-farinha-integral-80g\/\" \/>\n<meta property=\"og:locale\" content=\"pt_PT\" \/>\n<meta property=\"og:locale:alternate\" content=\"en_US\" \/>\n<meta property=\"og:type\" content=\"article\" \/>\n<meta property=\"og:title\" content=\"MINI TOSTAS FARINHA INTEGRAL 80G\" \/>\n<meta property=\"og:description\" content=\"Ingredientes: Farinha de TRIGO integral* (52%), farinha de TRIGO*, a\u00e7\u00facar*, \u00f3leo de girassol*, GL\u00daTEN de TRIGO*, levedura, sal, agente de tratamento da farinha: \u00e1cido asc\u00f3rbico. *de produ\u00e7\u00e3o biol\u00f3gica. Cont\u00e9m gl\u00faten. Poder\u00e1 conter vest\u00edgios de frutos de casca rija, leite, s\u00e9samo e soja. FR-BIO-01. Origem: UE\/N\u00e3o UE.Modo de Utiliza\u00e7\u00e3o: Pronto a consumir, em refei\u00e7\u00f5es diversas ou no seu intervalo retemperado, barrado com o acompanhamento da sua prefer\u00eancia. Conservar em local seco e fresco.Dados Nutricionais: Declara\u00e7\u00e3o Nutricional por 100g: Energia - 1685kJ\/339kcal; L\u00edpidos - 6,6g dos quais saturados - 0,7g; Hidratos de Carbono - 68g dos quais a\u00e7\u00facares - 5,7g; Fibra - 8g; Prote\u00ednas - 13g; Sal \u2013 0,88g.\" \/>\n<meta property=\"og:url\" content=\"https:\/\/biocabaz.pt\/web\/produto\/mini-tostas-farinha-integral-80g\/\" \/>\n<meta property=\"og:site_name\" content=\"BIOCABAZ - CABAZES BIOL\u00d3GICOS\" \/>\n<meta property=\"article:modified_time\" content=\"2024-08-03T10:33:57+00:00\" \/>\n<meta property=\"og:image\" content=\"https:\/\/www.biocabaz.pt\/web\/wp-conteudos\/uploads\/2021\/08\/mini-tostas-farinha-integral-80g.jpg\" \/>\n\t<meta property=\"og:image:width\" content=\"450\" \/>\n\t<meta property=\"og:image:height\" content=\"450\" \/>\n\t<meta property=\"og:image:type\" content=\"image\/jpeg\" \/>\n<meta name=\"twitter:card\" content=\"summary_large_image\" \/>\n<script type=\"application\/ld+json\" class=\"yoast-schema-graph\">{\"@context\":\"https:\/\/schema.org\",\"@graph\":[{\"@type\":\"WebPage\",\"@id\":\"https:\/\/biocabaz.pt\/web\/produto\/mini-tostas-farinha-integral-80g\/\",\"url\":\"https:\/\/biocabaz.pt\/web\/produto\/mini-tostas-farinha-integral-80g\/\",\"name\":\"MINI TOSTAS FARINHA INTEGRAL 80G\",\"isPartOf\":{\"@id\":\"https:\/\/www.biocabaz.pt\/web\/en\/#website\"},\"primaryImageOfPage\":{\"@id\":\"https:\/\/biocabaz.pt\/web\/produto\/mini-tostas-farinha-integral-80g\/#primaryimage\"},\"image\":{\"@id\":\"https:\/\/biocabaz.pt\/web\/produto\/mini-tostas-farinha-integral-80g\/#primaryimage\"},\"thumbnailUrl\":\"https:\/\/www.biocabaz.pt\/web\/wp-conteudos\/uploads\/2021\/08\/mini-tostas-farinha-integral-80g.jpg\",\"datePublished\":\"2021-08-19T15:56:02+00:00\",\"dateModified\":\"2024-08-03T10:33:57+00:00\",\"breadcrumb\":{\"@id\":\"https:\/\/biocabaz.pt\/web\/produto\/mini-tostas-farinha-integral-80g\/#breadcrumb\"},\"inLanguage\":\"pt-PT\",\"potentialAction\":[{\"@type\":\"ReadAction\",\"target\":[\"https:\/\/biocabaz.pt\/web\/produto\/mini-tostas-farinha-integral-80g\/\"]}]},{\"@type\":\"ImageObject\",\"inLanguage\":\"pt-PT\",\"@id\":\"https:\/\/biocabaz.pt\/web\/produto\/mini-tostas-farinha-integral-80g\/#primaryimage\",\"url\":\"https:\/\/www.biocabaz.pt\/web\/wp-conteudos\/uploads\/2021\/08\/mini-tostas-farinha-integral-80g.jpg\",\"contentUrl\":\"https:\/\/www.biocabaz.pt\/web\/wp-conteudos\/uploads\/2021\/08\/mini-tostas-farinha-integral-80g.jpg\",\"width\":450,\"height\":450,\"caption\":\"MINI TOSTAS FARINHA INTEGRAL 80G\"},{\"@type\":\"BreadcrumbList\",\"@id\":\"https:\/\/biocabaz.pt\/web\/produto\/mini-tostas-farinha-integral-80g\/#breadcrumb\",\"itemListElement\":[{\"@type\":\"ListItem\",\"position\":1,\"name\":\"Home\",\"item\":\"https:\/\/www.biocabaz.pt\/web\/en\/\"},{\"@type\":\"ListItem\",\"position\":2,\"name\":\"Shop\",\"item\":\"https:\/\/www.biocabaz.pt\/web\/en\/shop\/\"},{\"@type\":\"ListItem\",\"position\":3,\"name\":\"MINI TOSTAS FARINHA INTEGRAL 80G\"}]},{\"@type\":\"WebSite\",\"@id\":\"https:\/\/www.biocabaz.pt\/web\/en\/#website\",\"url\":\"https:\/\/www.biocabaz.pt\/web\/en\/\",\"name\":\"BIOCABAZ - CABAZES BIOL\u00d3GICOS\",\"description\":\"O melhor que a terra d\u00e1 \u00e9 para si\",\"potentialAction\":[{\"@type\":\"SearchAction\",\"target\":{\"@type\":\"EntryPoint\",\"urlTemplate\":\"https:\/\/www.biocabaz.pt\/web\/en\/?s={search_term_string}\"},\"query-input\":{\"@type\":\"PropertyValueSpecification\",\"valueRequired\":true,\"valueName\":\"search_term_string\"}}],\"inLanguage\":\"pt-PT\"}]}<\/script>\n<!-- \/ Yoast SEO plugin. -->","yoast_head_json":{"title":"MINI TOSTAS FARINHA INTEGRAL 80G","robots":{"index":"index","follow":"follow","max-snippet":"max-snippet:-1","max-image-preview":"max-image-preview:large","max-video-preview":"max-video-preview:-1"},"canonical":"https:\/\/biocabaz.pt\/web\/produto\/mini-tostas-farinha-integral-80g\/","og_locale":"pt_PT","og_type":"article","og_title":"[:en]WHOLE WHEAT MINI TOASTS 80G[:pt]MINI TOSTAS FARINHA INTEGRAL 80G[:] - BIOCABAZ - CABAZES BIOL\u00d3GICOS","og_description":"Ingredientes: Farinha de TRIGO integral* (52%), farinha de TRIGO*, a\u00e7\u00facar*, \u00f3leo de girassol*, GL\u00daTEN de TRIGO*, levedura, sal, agente de tratamento da farinha: \u00e1cido asc\u00f3rbico. *de produ\u00e7\u00e3o biol\u00f3gica. Cont\u00e9m gl\u00faten. Poder\u00e1 conter vest\u00edgios de frutos de casca rija, leite, s\u00e9samo e soja. FR-BIO-01. Origem: UE\/N\u00e3o UE.Modo de Utiliza\u00e7\u00e3o: Pronto a consumir, em refei\u00e7\u00f5es diversas ou no seu intervalo retemperado, barrado com o acompanhamento da sua prefer\u00eancia. Conservar em local seco e fresco.Dados Nutricionais: Declara\u00e7\u00e3o Nutricional por 100g: Energia - 1685kJ\/339kcal; L\u00edpidos - 6,6g dos quais saturados - 0,7g; Hidratos de Carbono - 68g dos quais a\u00e7\u00facares - 5,7g; Fibra - 8g; Prote\u00ednas - 13g; Sal \u2013 0,88g.","og_url":"https:\/\/biocabaz.pt\/web\/produto\/mini-tostas-farinha-integral-80g\/","og_site_name":"BIOCABAZ - CABAZES BIOL\u00d3GICOS","article_modified_time":"2024-08-03T10:33:57+00:00","og_image":[{"width":450,"height":450,"url":"https:\/\/www.biocabaz.pt\/web\/wp-conteudos\/uploads\/2021\/08\/mini-tostas-farinha-integral-80g.jpg","type":"image\/jpeg"}],"twitter_card":"summary_large_image","schema":{"@context":"https:\/\/schema.org","@graph":[{"@type":"WebPage","@id":"https:\/\/biocabaz.pt\/web\/produto\/mini-tostas-farinha-integral-80g\/","url":"https:\/\/biocabaz.pt\/web\/produto\/mini-tostas-farinha-integral-80g\/","name":"MINI TOSTAS FARINHA INTEGRAL 80G","isPartOf":{"@id":"https:\/\/www.biocabaz.pt\/web\/en\/#website"},"primaryImageOfPage":{"@id":"https:\/\/biocabaz.pt\/web\/produto\/mini-tostas-farinha-integral-80g\/#primaryimage"},"image":{"@id":"https:\/\/biocabaz.pt\/web\/produto\/mini-tostas-farinha-integral-80g\/#primaryimage"},"thumbnailUrl":"https:\/\/www.biocabaz.pt\/web\/wp-conteudos\/uploads\/2021\/08\/mini-tostas-farinha-integral-80g.jpg","datePublished":"2021-08-19T15:56:02+00:00","dateModified":"2024-08-03T10:33:57+00:00","breadcrumb":{"@id":"https:\/\/biocabaz.pt\/web\/produto\/mini-tostas-farinha-integral-80g\/#breadcrumb"},"inLanguage":"pt-PT","potentialAction":[{"@type":"ReadAction","target":["https:\/\/biocabaz.pt\/web\/produto\/mini-tostas-farinha-integral-80g\/"]}]},{"@type":"ImageObject","inLanguage":"pt-PT","@id":"https:\/\/biocabaz.pt\/web\/produto\/mini-tostas-farinha-integral-80g\/#primaryimage","url":"https:\/\/www.biocabaz.pt\/web\/wp-conteudos\/uploads\/2021\/08\/mini-tostas-farinha-integral-80g.jpg","contentUrl":"https:\/\/www.biocabaz.pt\/web\/wp-conteudos\/uploads\/2021\/08\/mini-tostas-farinha-integral-80g.jpg","width":450,"height":450,"caption":"MINI TOSTAS FARINHA INTEGRAL 80G"},{"@type":"BreadcrumbList","@id":"https:\/\/biocabaz.pt\/web\/produto\/mini-tostas-farinha-integral-80g\/#breadcrumb","itemListElement":[{"@type":"ListItem","position":1,"name":"Home","item":"https:\/\/www.biocabaz.pt\/web\/en\/"},{"@type":"ListItem","position":2,"name":"Shop","item":"https:\/\/www.biocabaz.pt\/web\/en\/shop\/"},{"@type":"ListItem","position":3,"name":"MINI TOSTAS FARINHA INTEGRAL 80G"}]},{"@type":"WebSite","@id":"https:\/\/www.biocabaz.pt\/web\/en\/#website","url":"https:\/\/www.biocabaz.pt\/web\/en\/","name":"BIOCABAZ - CABAZES BIOL\u00d3GICOS","description":"O melhor que a terra d\u00e1 \u00e9 para si","potentialAction":[{"@type":"SearchAction","target":{"@type":"EntryPoint","urlTemplate":"https:\/\/www.biocabaz.pt\/web\/en\/?s={search_term_string}"},"query-input":{"@type":"PropertyValueSpecification","valueRequired":true,"valueName":"search_term_string"}}],"inLanguage":"pt-PT"}]}},"_links":{"self":[{"href":"https:\/\/biocabaz.pt\/web\/wp-json\/wp\/v2\/product\/74309","targetHints":{"allow":["GET"]}}],"collection":[{"href":"https:\/\/biocabaz.pt\/web\/wp-json\/wp\/v2\/product"}],"about":[{"href":"https:\/\/biocabaz.pt\/web\/wp-json\/wp\/v2\/types\/product"}],"replies":[{"embeddable":true,"href":"https:\/\/biocabaz.pt\/web\/wp-json\/wp\/v2\/comments?post=74309"}],"wp:featuredmedia":[{"embeddable":true,"href":"https:\/\/biocabaz.pt\/web\/wp-json\/wp\/v2\/media\/74310"}],"wp:attachment":[{"href":"https:\/\/biocabaz.pt\/web\/wp-json\/wp\/v2\/media?parent=74309"}],"wp:term":[{"taxonomy":"product_cat","embeddable":true,"href":"https:\/\/biocabaz.pt\/web\/wp-json\/wp\/v2\/product_cat?post=74309"},{"taxonomy":"product_tag","embeddable":true,"href":"https:\/\/biocabaz.pt\/web\/wp-json\/wp\/v2\/product_tag?post=74309"}],"curies":[{"name":"wp","href":"https:\/\/api.w.org\/{rel}","templated":true}]}}