{"id":74286,"date":"2021-08-19T14:42:15","date_gmt":"2021-08-19T14:42:15","guid":{"rendered":"https:\/\/www.biocabaz.pt\/web\/?post_type=product&#038;p=74286"},"modified":"2023-03-28T22:55:04","modified_gmt":"2023-03-28T22:55:04","slug":"sumo-de-manga-bio-hollinger-1l","status":"publish","type":"product","link":"https:\/\/biocabaz.pt\/web\/produto\/sumo-de-manga-bio-hollinger-1l\/","title":{"rendered":"SUMO DE MANGA BIO HOLLINGER 1L"},"content":{"rendered":"","protected":false},"excerpt":{"rendered":"<p>Ingredientes: \u00e1gua, pur\u00e9 de manga* (n\u00e3o proveniente de concentrado), a\u00e7\u00facar. * de agricultura biol\u00f3gica<br \/><b>Modo de Utiliza\u00e7\u00e3o:<\/b> Conservar em local fresco e seco e ao abrigo da luz solar. Agitar antes de abrir.<br \/><b>Dados Nutricionais:<\/b> Declara\u00e7\u00e3o Nutricional por 100g: Energia: 282 KJ\/66Kcal; L\u00edpidos: <0,1g; dos quais saturados: <0,1g; Hidratos de carbono: 14g; dos quais a\u00e7\u00facares: 14g; Prote\u00ednas: 0,5g; Sal: <0,01g.\n<\/p>\n","protected":false},"featured_media":74287,"comment_status":"closed","ping_status":"closed","template":"","meta":[],"product_cat":[38],"product_tag":[],"class_list":["post-74286","product","type-product","status-publish","has-post-thumbnail","hentry","product_cat-sumos"],"bundle_layout":"","bundled_by":[],"bundled_items":[],"yoast_head":"<!-- This site is optimized with the Yoast SEO plugin v26.3 - https:\/\/yoast.com\/wordpress\/plugins\/seo\/ -->\n<title>SUMO DE MANGA BIO HOLLINGER 1L<\/title>\n<meta name=\"robots\" content=\"index, follow, max-snippet:-1, max-image-preview:large, max-video-preview:-1\" \/>\n<link rel=\"canonical\" href=\"https:\/\/biocabaz.pt\/web\/produto\/sumo-de-manga-bio-hollinger-1l\/\" \/>\n<meta property=\"og:locale\" content=\"pt_PT\" \/>\n<meta property=\"og:locale:alternate\" content=\"en_US\" \/>\n<meta property=\"og:type\" content=\"article\" \/>\n<meta property=\"og:title\" content=\"SUMO DE MANGA BIO HOLLINGER 1L\" \/>\n<meta property=\"og:description\" content=\"Ingredientes: \u00e1gua, pur\u00e9 de manga* (n\u00e3o proveniente de concentrado), a\u00e7\u00facar. * de agricultura biol\u00f3gicaModo de Utiliza\u00e7\u00e3o: Conservar em local fresco e seco e ao abrigo da luz solar. Agitar antes de abrir.Dados Nutricionais: Declara\u00e7\u00e3o Nutricional por 100g: Energia: 282 KJ\/66Kcal; L\u00edpidos:\" \/>\n<meta property=\"og:url\" content=\"https:\/\/biocabaz.pt\/web\/produto\/sumo-de-manga-bio-hollinger-1l\/\" \/>\n<meta property=\"og:site_name\" content=\"BIOCABAZ - CABAZES BIOL\u00d3GICOS\" \/>\n<meta property=\"article:modified_time\" content=\"2023-03-28T22:55:04+00:00\" \/>\n<meta property=\"og:image\" content=\"https:\/\/www.biocabaz.pt\/web\/wp-conteudos\/uploads\/2021\/08\/sumo-de-manga-bio-hollinger-1l-e1629384114374.jpg\" \/>\n\t<meta property=\"og:image:width\" content=\"500\" \/>\n\t<meta property=\"og:image:height\" content=\"500\" \/>\n\t<meta property=\"og:image:type\" content=\"image\/jpeg\" \/>\n<meta name=\"twitter:card\" content=\"summary_large_image\" \/>\n<script type=\"application\/ld+json\" class=\"yoast-schema-graph\">{\"@context\":\"https:\/\/schema.org\",\"@graph\":[{\"@type\":\"WebPage\",\"@id\":\"https:\/\/biocabaz.pt\/web\/produto\/sumo-de-manga-bio-hollinger-1l\/\",\"url\":\"https:\/\/biocabaz.pt\/web\/produto\/sumo-de-manga-bio-hollinger-1l\/\",\"name\":\"SUMO DE MANGA BIO HOLLINGER 1L\",\"isPartOf\":{\"@id\":\"https:\/\/biocabaz.pt\/web\/#website\"},\"primaryImageOfPage\":{\"@id\":\"https:\/\/biocabaz.pt\/web\/produto\/sumo-de-manga-bio-hollinger-1l\/#primaryimage\"},\"image\":{\"@id\":\"https:\/\/biocabaz.pt\/web\/produto\/sumo-de-manga-bio-hollinger-1l\/#primaryimage\"},\"thumbnailUrl\":\"https:\/\/www.biocabaz.pt\/web\/wp-conteudos\/uploads\/2021\/08\/sumo-de-manga-bio-hollinger-1l-e1629384114374.jpg\",\"datePublished\":\"2021-08-19T14:42:15+00:00\",\"dateModified\":\"2023-03-28T22:55:04+00:00\",\"breadcrumb\":{\"@id\":\"https:\/\/biocabaz.pt\/web\/produto\/sumo-de-manga-bio-hollinger-1l\/#breadcrumb\"},\"inLanguage\":\"pt-PT\",\"potentialAction\":[{\"@type\":\"ReadAction\",\"target\":[\"https:\/\/biocabaz.pt\/web\/produto\/sumo-de-manga-bio-hollinger-1l\/\"]}]},{\"@type\":\"ImageObject\",\"inLanguage\":\"pt-PT\",\"@id\":\"https:\/\/biocabaz.pt\/web\/produto\/sumo-de-manga-bio-hollinger-1l\/#primaryimage\",\"url\":\"https:\/\/www.biocabaz.pt\/web\/wp-conteudos\/uploads\/2021\/08\/sumo-de-manga-bio-hollinger-1l-e1629384114374.jpg\",\"contentUrl\":\"https:\/\/www.biocabaz.pt\/web\/wp-conteudos\/uploads\/2021\/08\/sumo-de-manga-bio-hollinger-1l-e1629384114374.jpg\",\"width\":500,\"height\":500,\"caption\":\"SUMO DE MANGA BIO HOLLINGER 1L\"},{\"@type\":\"BreadcrumbList\",\"@id\":\"https:\/\/biocabaz.pt\/web\/produto\/sumo-de-manga-bio-hollinger-1l\/#breadcrumb\",\"itemListElement\":[{\"@type\":\"ListItem\",\"position\":1,\"name\":\"Home\",\"item\":\"https:\/\/biocabaz.pt\/web\/\"},{\"@type\":\"ListItem\",\"position\":2,\"name\":\"Loja\",\"item\":\"https:\/\/biocabaz.pt\/web\/shop\/\"},{\"@type\":\"ListItem\",\"position\":3,\"name\":\"SUMO DE MANGA BIO HOLLINGER 1L\"}]},{\"@type\":\"WebSite\",\"@id\":\"https:\/\/biocabaz.pt\/web\/#website\",\"url\":\"https:\/\/biocabaz.pt\/web\/\",\"name\":\"BIOCABAZ - CABAZES BIOL\u00d3GICOS\",\"description\":\"O melhor que a terra d\u00e1 \u00e9 para si\",\"potentialAction\":[{\"@type\":\"SearchAction\",\"target\":{\"@type\":\"EntryPoint\",\"urlTemplate\":\"https:\/\/biocabaz.pt\/web\/?s={search_term_string}\"},\"query-input\":{\"@type\":\"PropertyValueSpecification\",\"valueRequired\":true,\"valueName\":\"search_term_string\"}}],\"inLanguage\":\"pt-PT\"}]}<\/script>\n<!-- \/ Yoast SEO plugin. -->","yoast_head_json":{"title":"SUMO DE MANGA BIO HOLLINGER 1L","robots":{"index":"index","follow":"follow","max-snippet":"max-snippet:-1","max-image-preview":"max-image-preview:large","max-video-preview":"max-video-preview:-1"},"canonical":"https:\/\/biocabaz.pt\/web\/produto\/sumo-de-manga-bio-hollinger-1l\/","og_locale":"pt_PT","og_type":"article","og_title":"[:en]HOLLINGER MANGO JUICE 1L[:pt]SUMO DE MANGA BIO HOLLINGER 1L[:] - BIOCABAZ - CABAZES BIOL\u00d3GICOS","og_description":"Ingredientes: \u00e1gua, pur\u00e9 de manga* (n\u00e3o proveniente de concentrado), a\u00e7\u00facar. * de agricultura biol\u00f3gicaModo de Utiliza\u00e7\u00e3o: Conservar em local fresco e seco e ao abrigo da luz solar. Agitar antes de abrir.Dados Nutricionais: Declara\u00e7\u00e3o Nutricional por 100g: Energia: 282 KJ\/66Kcal; L\u00edpidos:","og_url":"https:\/\/biocabaz.pt\/web\/produto\/sumo-de-manga-bio-hollinger-1l\/","og_site_name":"BIOCABAZ - CABAZES BIOL\u00d3GICOS","article_modified_time":"2023-03-28T22:55:04+00:00","og_image":[{"width":500,"height":500,"url":"https:\/\/www.biocabaz.pt\/web\/wp-conteudos\/uploads\/2021\/08\/sumo-de-manga-bio-hollinger-1l-e1629384114374.jpg","type":"image\/jpeg"}],"twitter_card":"summary_large_image","schema":{"@context":"https:\/\/schema.org","@graph":[{"@type":"WebPage","@id":"https:\/\/biocabaz.pt\/web\/produto\/sumo-de-manga-bio-hollinger-1l\/","url":"https:\/\/biocabaz.pt\/web\/produto\/sumo-de-manga-bio-hollinger-1l\/","name":"SUMO DE MANGA BIO HOLLINGER 1L","isPartOf":{"@id":"https:\/\/biocabaz.pt\/web\/#website"},"primaryImageOfPage":{"@id":"https:\/\/biocabaz.pt\/web\/produto\/sumo-de-manga-bio-hollinger-1l\/#primaryimage"},"image":{"@id":"https:\/\/biocabaz.pt\/web\/produto\/sumo-de-manga-bio-hollinger-1l\/#primaryimage"},"thumbnailUrl":"https:\/\/www.biocabaz.pt\/web\/wp-conteudos\/uploads\/2021\/08\/sumo-de-manga-bio-hollinger-1l-e1629384114374.jpg","datePublished":"2021-08-19T14:42:15+00:00","dateModified":"2023-03-28T22:55:04+00:00","breadcrumb":{"@id":"https:\/\/biocabaz.pt\/web\/produto\/sumo-de-manga-bio-hollinger-1l\/#breadcrumb"},"inLanguage":"pt-PT","potentialAction":[{"@type":"ReadAction","target":["https:\/\/biocabaz.pt\/web\/produto\/sumo-de-manga-bio-hollinger-1l\/"]}]},{"@type":"ImageObject","inLanguage":"pt-PT","@id":"https:\/\/biocabaz.pt\/web\/produto\/sumo-de-manga-bio-hollinger-1l\/#primaryimage","url":"https:\/\/www.biocabaz.pt\/web\/wp-conteudos\/uploads\/2021\/08\/sumo-de-manga-bio-hollinger-1l-e1629384114374.jpg","contentUrl":"https:\/\/www.biocabaz.pt\/web\/wp-conteudos\/uploads\/2021\/08\/sumo-de-manga-bio-hollinger-1l-e1629384114374.jpg","width":500,"height":500,"caption":"SUMO DE MANGA BIO HOLLINGER 1L"},{"@type":"BreadcrumbList","@id":"https:\/\/biocabaz.pt\/web\/produto\/sumo-de-manga-bio-hollinger-1l\/#breadcrumb","itemListElement":[{"@type":"ListItem","position":1,"name":"Home","item":"https:\/\/biocabaz.pt\/web\/"},{"@type":"ListItem","position":2,"name":"Loja","item":"https:\/\/biocabaz.pt\/web\/shop\/"},{"@type":"ListItem","position":3,"name":"SUMO DE MANGA BIO HOLLINGER 1L"}]},{"@type":"WebSite","@id":"https:\/\/biocabaz.pt\/web\/#website","url":"https:\/\/biocabaz.pt\/web\/","name":"BIOCABAZ - CABAZES BIOL\u00d3GICOS","description":"O melhor que a terra d\u00e1 \u00e9 para si","potentialAction":[{"@type":"SearchAction","target":{"@type":"EntryPoint","urlTemplate":"https:\/\/biocabaz.pt\/web\/?s={search_term_string}"},"query-input":{"@type":"PropertyValueSpecification","valueRequired":true,"valueName":"search_term_string"}}],"inLanguage":"pt-PT"}]}},"_links":{"self":[{"href":"https:\/\/biocabaz.pt\/web\/wp-json\/wp\/v2\/product\/74286","targetHints":{"allow":["GET"]}}],"collection":[{"href":"https:\/\/biocabaz.pt\/web\/wp-json\/wp\/v2\/product"}],"about":[{"href":"https:\/\/biocabaz.pt\/web\/wp-json\/wp\/v2\/types\/product"}],"replies":[{"embeddable":true,"href":"https:\/\/biocabaz.pt\/web\/wp-json\/wp\/v2\/comments?post=74286"}],"wp:featuredmedia":[{"embeddable":true,"href":"https:\/\/biocabaz.pt\/web\/wp-json\/wp\/v2\/media\/74287"}],"wp:attachment":[{"href":"https:\/\/biocabaz.pt\/web\/wp-json\/wp\/v2\/media?parent=74286"}],"wp:term":[{"taxonomy":"product_cat","embeddable":true,"href":"https:\/\/biocabaz.pt\/web\/wp-json\/wp\/v2\/product_cat?post=74286"},{"taxonomy":"product_tag","embeddable":true,"href":"https:\/\/biocabaz.pt\/web\/wp-json\/wp\/v2\/product_tag?post=74286"}],"curies":[{"name":"wp","href":"https:\/\/api.w.org\/{rel}","templated":true}]}}