{"id":74276,"date":"2021-08-19T14:05:20","date_gmt":"2021-08-19T14:05:20","guid":{"rendered":"https:\/\/www.biocabaz.pt\/web\/?post_type=product&#038;p=74276"},"modified":"2023-07-28T06:43:47","modified_gmt":"2023-07-28T06:43:47","slug":"iogurte-de-soja-provamel-coco-400g","status":"publish","type":"product","link":"https:\/\/biocabaz.pt\/web\/produto\/iogurte-de-soja-provamel-coco-400g\/","title":{"rendered":"IOGURTE DE SOJA PROVAMEL COCO 400G"},"content":{"rendered":"","protected":false},"excerpt":{"rendered":"<p>Ingredientes: base de soja* (\u00e1gua, gr\u00e3os de soja descascados* (10,4%)), leite de coco* (4,5%) (creme de coco*, \u00e1gua), estabilizador (pectinas), amido de milho*, aroma natural*, sal marinho, reguladores de acidez (\u00e1cido c\u00edtrico, \u00e1cido m\u00e1lico), fermentos vivos de iogurte (S. thermophilus, L. bulgaricus). *=provenientes de agricultura biol\u00f3gica. Origem da soja: UE<br \/><b>Modo de Utiliza\u00e7\u00e3o:<\/b> Conservar a m\u00e1x. 7\u00baC. Depois de aberto, conserva-se 5 dias no frigorifico.<br \/><b>Dados Nutricionais:<\/b> Declara\u00e7\u00e3o Nutricional por 100g: Energia: 208KJ\/50Kcal; L\u00edpidos: 3,0g; dos quais saturados: 1,1g; Hidratos de carbono: 0,6g; dos quais a\u00e7\u00facares: 0g; Prote\u00ednas: 3,9g; Sal: 0,11g.<\/p>\n","protected":false},"featured_media":74277,"comment_status":"closed","ping_status":"closed","template":"","meta":[],"product_cat":[52],"product_tag":[],"class_list":["post-74276","product","type-product","status-publish","has-post-thumbnail","hentry","product_cat-iogurtes"],"bundle_layout":"","bundled_by":[],"bundled_items":[],"yoast_head":"<!-- This site is optimized with the Yoast SEO plugin v26.3 - https:\/\/yoast.com\/wordpress\/plugins\/seo\/ -->\n<title>IOGURTE DE SOJA PROVAMEL COCO 400G<\/title>\n<meta name=\"robots\" content=\"index, follow, max-snippet:-1, max-image-preview:large, max-video-preview:-1\" \/>\n<link rel=\"canonical\" href=\"https:\/\/biocabaz.pt\/web\/produto\/iogurte-de-soja-provamel-coco-400g\/\" \/>\n<meta property=\"og:locale\" content=\"pt_PT\" \/>\n<meta property=\"og:locale:alternate\" content=\"en_US\" \/>\n<meta property=\"og:type\" content=\"article\" \/>\n<meta property=\"og:title\" content=\"IOGURTE DE SOJA PROVAMEL COCO 400G\" \/>\n<meta property=\"og:description\" content=\"Ingredientes: base de soja* (\u00e1gua, gr\u00e3os de soja descascados* (10,4%)), leite de coco* (4,5%) (creme de coco*, \u00e1gua), estabilizador (pectinas), amido de milho*, aroma natural*, sal marinho, reguladores de acidez (\u00e1cido c\u00edtrico, \u00e1cido m\u00e1lico), fermentos vivos de iogurte (S. thermophilus, L. bulgaricus). *=provenientes de agricultura biol\u00f3gica. Origem da soja: UEModo de Utiliza\u00e7\u00e3o: Conservar a m\u00e1x. 7\u00baC. Depois de aberto, conserva-se 5 dias no frigorifico.Dados Nutricionais: Declara\u00e7\u00e3o Nutricional por 100g: Energia: 208KJ\/50Kcal; L\u00edpidos: 3,0g; dos quais saturados: 1,1g; Hidratos de carbono: 0,6g; dos quais a\u00e7\u00facares: 0g; Prote\u00ednas: 3,9g; Sal: 0,11g.\" \/>\n<meta property=\"og:url\" content=\"https:\/\/biocabaz.pt\/web\/produto\/iogurte-de-soja-provamel-coco-400g\/\" \/>\n<meta property=\"og:site_name\" content=\"BIOCABAZ - CABAZES BIOL\u00d3GICOS\" \/>\n<meta property=\"article:modified_time\" content=\"2023-07-28T06:43:47+00:00\" \/>\n<meta property=\"og:image\" content=\"https:\/\/www.biocabaz.pt\/web\/wp-conteudos\/uploads\/2021\/08\/iogurte-de-soja-provamel-coco-400g.png\" \/>\n\t<meta property=\"og:image:width\" content=\"375\" \/>\n\t<meta property=\"og:image:height\" content=\"500\" \/>\n\t<meta property=\"og:image:type\" content=\"image\/png\" \/>\n<meta name=\"twitter:card\" content=\"summary_large_image\" \/>\n<script type=\"application\/ld+json\" class=\"yoast-schema-graph\">{\"@context\":\"https:\/\/schema.org\",\"@graph\":[{\"@type\":\"WebPage\",\"@id\":\"https:\/\/biocabaz.pt\/web\/en\/produto\/iogurte-de-soja-provamel-coco-400g\/\",\"url\":\"https:\/\/biocabaz.pt\/web\/en\/produto\/iogurte-de-soja-provamel-coco-400g\/\",\"name\":\"IOGURTE DE SOJA PROVAMEL COCO 400G\",\"isPartOf\":{\"@id\":\"https:\/\/biocabaz.pt\/web\/en\/#website\"},\"primaryImageOfPage\":{\"@id\":\"https:\/\/biocabaz.pt\/web\/en\/produto\/iogurte-de-soja-provamel-coco-400g\/#primaryimage\"},\"image\":{\"@id\":\"https:\/\/biocabaz.pt\/web\/en\/produto\/iogurte-de-soja-provamel-coco-400g\/#primaryimage\"},\"thumbnailUrl\":\"https:\/\/www.biocabaz.pt\/web\/wp-conteudos\/uploads\/2021\/08\/iogurte-de-soja-provamel-coco-400g.png\",\"datePublished\":\"2021-08-19T14:05:20+00:00\",\"dateModified\":\"2023-07-28T06:43:47+00:00\",\"breadcrumb\":{\"@id\":\"https:\/\/biocabaz.pt\/web\/en\/produto\/iogurte-de-soja-provamel-coco-400g\/#breadcrumb\"},\"inLanguage\":\"pt-PT\",\"potentialAction\":[{\"@type\":\"ReadAction\",\"target\":[\"https:\/\/biocabaz.pt\/web\/en\/produto\/iogurte-de-soja-provamel-coco-400g\/\"]}]},{\"@type\":\"ImageObject\",\"inLanguage\":\"pt-PT\",\"@id\":\"https:\/\/biocabaz.pt\/web\/en\/produto\/iogurte-de-soja-provamel-coco-400g\/#primaryimage\",\"url\":\"https:\/\/www.biocabaz.pt\/web\/wp-conteudos\/uploads\/2021\/08\/iogurte-de-soja-provamel-coco-400g.png\",\"contentUrl\":\"https:\/\/www.biocabaz.pt\/web\/wp-conteudos\/uploads\/2021\/08\/iogurte-de-soja-provamel-coco-400g.png\",\"width\":375,\"height\":500,\"caption\":\"IOGURTE DE SOJA PROVAMEL COCO 400G\"},{\"@type\":\"BreadcrumbList\",\"@id\":\"https:\/\/biocabaz.pt\/web\/en\/produto\/iogurte-de-soja-provamel-coco-400g\/#breadcrumb\",\"itemListElement\":[{\"@type\":\"ListItem\",\"position\":1,\"name\":\"Home\",\"item\":\"https:\/\/biocabaz.pt\/web\/en\/\"},{\"@type\":\"ListItem\",\"position\":2,\"name\":\"Shop\",\"item\":\"https:\/\/biocabaz.pt\/web\/en\/shop\/\"},{\"@type\":\"ListItem\",\"position\":3,\"name\":\"PROVAMEL COCONUT SOYA YOGURT\"}]},{\"@type\":\"WebSite\",\"@id\":\"https:\/\/biocabaz.pt\/web\/en\/#website\",\"url\":\"https:\/\/biocabaz.pt\/web\/en\/\",\"name\":\"BIOCABAZ - CABAZES BIOL\u00d3GICOS\",\"description\":\"O melhor que a terra d\u00e1 \u00e9 para si\",\"potentialAction\":[{\"@type\":\"SearchAction\",\"target\":{\"@type\":\"EntryPoint\",\"urlTemplate\":\"https:\/\/biocabaz.pt\/web\/en\/?s={search_term_string}\"},\"query-input\":{\"@type\":\"PropertyValueSpecification\",\"valueRequired\":true,\"valueName\":\"search_term_string\"}}],\"inLanguage\":\"pt-PT\"}]}<\/script>\n<!-- \/ Yoast SEO plugin. -->","yoast_head_json":{"title":"IOGURTE DE SOJA PROVAMEL COCO 400G","robots":{"index":"index","follow":"follow","max-snippet":"max-snippet:-1","max-image-preview":"max-image-preview:large","max-video-preview":"max-video-preview:-1"},"canonical":"https:\/\/biocabaz.pt\/web\/produto\/iogurte-de-soja-provamel-coco-400g\/","og_locale":"pt_PT","og_type":"article","og_title":"[:en]PROVAMEL COCONUT SOYA YOGURT[:pt]IOGURTE DE SOJA PROVAMEL COCO 400G[:] - BIOCABAZ - CABAZES BIOL\u00d3GICOS","og_description":"Ingredientes: base de soja* (\u00e1gua, gr\u00e3os de soja descascados* (10,4%)), leite de coco* (4,5%) (creme de coco*, \u00e1gua), estabilizador (pectinas), amido de milho*, aroma natural*, sal marinho, reguladores de acidez (\u00e1cido c\u00edtrico, \u00e1cido m\u00e1lico), fermentos vivos de iogurte (S. thermophilus, L. bulgaricus). *=provenientes de agricultura biol\u00f3gica. Origem da soja: UEModo de Utiliza\u00e7\u00e3o: Conservar a m\u00e1x. 7\u00baC. Depois de aberto, conserva-se 5 dias no frigorifico.Dados Nutricionais: Declara\u00e7\u00e3o Nutricional por 100g: Energia: 208KJ\/50Kcal; L\u00edpidos: 3,0g; dos quais saturados: 1,1g; Hidratos de carbono: 0,6g; dos quais a\u00e7\u00facares: 0g; Prote\u00ednas: 3,9g; Sal: 0,11g.","og_url":"https:\/\/biocabaz.pt\/web\/produto\/iogurte-de-soja-provamel-coco-400g\/","og_site_name":"BIOCABAZ - CABAZES BIOL\u00d3GICOS","article_modified_time":"2023-07-28T06:43:47+00:00","og_image":[{"width":375,"height":500,"url":"https:\/\/www.biocabaz.pt\/web\/wp-conteudos\/uploads\/2021\/08\/iogurte-de-soja-provamel-coco-400g.png","type":"image\/png"}],"twitter_card":"summary_large_image","schema":{"@context":"https:\/\/schema.org","@graph":[{"@type":"WebPage","@id":"https:\/\/biocabaz.pt\/web\/en\/produto\/iogurte-de-soja-provamel-coco-400g\/","url":"https:\/\/biocabaz.pt\/web\/en\/produto\/iogurte-de-soja-provamel-coco-400g\/","name":"IOGURTE DE SOJA PROVAMEL COCO 400G","isPartOf":{"@id":"https:\/\/biocabaz.pt\/web\/en\/#website"},"primaryImageOfPage":{"@id":"https:\/\/biocabaz.pt\/web\/en\/produto\/iogurte-de-soja-provamel-coco-400g\/#primaryimage"},"image":{"@id":"https:\/\/biocabaz.pt\/web\/en\/produto\/iogurte-de-soja-provamel-coco-400g\/#primaryimage"},"thumbnailUrl":"https:\/\/www.biocabaz.pt\/web\/wp-conteudos\/uploads\/2021\/08\/iogurte-de-soja-provamel-coco-400g.png","datePublished":"2021-08-19T14:05:20+00:00","dateModified":"2023-07-28T06:43:47+00:00","breadcrumb":{"@id":"https:\/\/biocabaz.pt\/web\/en\/produto\/iogurte-de-soja-provamel-coco-400g\/#breadcrumb"},"inLanguage":"pt-PT","potentialAction":[{"@type":"ReadAction","target":["https:\/\/biocabaz.pt\/web\/en\/produto\/iogurte-de-soja-provamel-coco-400g\/"]}]},{"@type":"ImageObject","inLanguage":"pt-PT","@id":"https:\/\/biocabaz.pt\/web\/en\/produto\/iogurte-de-soja-provamel-coco-400g\/#primaryimage","url":"https:\/\/www.biocabaz.pt\/web\/wp-conteudos\/uploads\/2021\/08\/iogurte-de-soja-provamel-coco-400g.png","contentUrl":"https:\/\/www.biocabaz.pt\/web\/wp-conteudos\/uploads\/2021\/08\/iogurte-de-soja-provamel-coco-400g.png","width":375,"height":500,"caption":"IOGURTE DE SOJA PROVAMEL COCO 400G"},{"@type":"BreadcrumbList","@id":"https:\/\/biocabaz.pt\/web\/en\/produto\/iogurte-de-soja-provamel-coco-400g\/#breadcrumb","itemListElement":[{"@type":"ListItem","position":1,"name":"Home","item":"https:\/\/biocabaz.pt\/web\/en\/"},{"@type":"ListItem","position":2,"name":"Shop","item":"https:\/\/biocabaz.pt\/web\/en\/shop\/"},{"@type":"ListItem","position":3,"name":"PROVAMEL COCONUT SOYA YOGURT"}]},{"@type":"WebSite","@id":"https:\/\/biocabaz.pt\/web\/en\/#website","url":"https:\/\/biocabaz.pt\/web\/en\/","name":"BIOCABAZ - CABAZES BIOL\u00d3GICOS","description":"O melhor que a terra d\u00e1 \u00e9 para si","potentialAction":[{"@type":"SearchAction","target":{"@type":"EntryPoint","urlTemplate":"https:\/\/biocabaz.pt\/web\/en\/?s={search_term_string}"},"query-input":{"@type":"PropertyValueSpecification","valueRequired":true,"valueName":"search_term_string"}}],"inLanguage":"pt-PT"}]}},"_links":{"self":[{"href":"https:\/\/biocabaz.pt\/web\/wp-json\/wp\/v2\/product\/74276","targetHints":{"allow":["GET"]}}],"collection":[{"href":"https:\/\/biocabaz.pt\/web\/wp-json\/wp\/v2\/product"}],"about":[{"href":"https:\/\/biocabaz.pt\/web\/wp-json\/wp\/v2\/types\/product"}],"replies":[{"embeddable":true,"href":"https:\/\/biocabaz.pt\/web\/wp-json\/wp\/v2\/comments?post=74276"}],"wp:featuredmedia":[{"embeddable":true,"href":"https:\/\/biocabaz.pt\/web\/wp-json\/wp\/v2\/media\/74277"}],"wp:attachment":[{"href":"https:\/\/biocabaz.pt\/web\/wp-json\/wp\/v2\/media?parent=74276"}],"wp:term":[{"taxonomy":"product_cat","embeddable":true,"href":"https:\/\/biocabaz.pt\/web\/wp-json\/wp\/v2\/product_cat?post=74276"},{"taxonomy":"product_tag","embeddable":true,"href":"https:\/\/biocabaz.pt\/web\/wp-json\/wp\/v2\/product_tag?post=74276"}],"curies":[{"name":"wp","href":"https:\/\/api.w.org\/{rel}","templated":true}]}}