{"id":740,"date":"2016-04-08T09:58:42","date_gmt":"2016-04-08T09:58:42","guid":{"rendered":"http:\/\/www.biocabaz.com\/web\/produto\/miolo-de-noz\/"},"modified":"2024-04-10T19:39:45","modified_gmt":"2024-04-10T19:39:45","slug":"miolo-de-noz","status":"publish","type":"product","link":"https:\/\/biocabaz.pt\/web\/produto\/miolo-de-noz\/","title":{"rendered":"MIOLO DE NOZ BIO"},"content":{"rendered":"<p><strong>Descri\u00e7\u00e3o <\/strong><br \/>\n\t\t\t\tIngredientes: Noz de produ\u00e7\u00e3o biol\u00f3gica. Poder\u00e1 conter vest\u00edgios de outros frutos de casca rija. Com gordura insaturada, rico em fibra e vitamina B6.<\/p>\n<p><strong>Dados Nutricionais<\/strong><br \/>\n\t\t\t\tDeclara\u00e7\u00e3o Nutricional por 100g:<br \/> Energia: 2843kJ\/689kcal (34%*);<br \/> L\u00edpidos: 65,2g (93%*) &#8211; dos quais saturados: 6,0g (30,0%*) &#8211; dos quais monoinsaturados: 8,9g &#8211; dos quais polinsaturados: 47,1g;<br \/> Hidratos de Carbono: 7,0g (2,7%*) &#8211; dos quais a\u00e7\u00facares: 2,6g (2,9%*);<br \/> Fibra: 6,7g (26,8%*);<br \/> Prote\u00ednas: 15,2g (30,4%*);<br \/> Sal: 0.01g (0,17%*);<br \/> Ferro: 2,9mg (20%**);<br \/> Vitamina B6: 0,54mg (35%**). *Dose de refer\u00eancia para um adulto m\u00e9dio (8400kJ\/ 2000kcal). **VRN: Valor de refer\u00eancia do nutriente.<\/p>\n<p><strong>Modo Utiliza\u00e7\u00e3o<\/strong><br \/>Pronto a consumir como snack no intervalo das refei\u00e7\u00f5es ou na elabora\u00e7\u00f5es das suas receitas favoritas. Conservar em local seco e fresco.<\/p>\n","protected":false},"excerpt":{"rendered":"<p>Descri\u00e7\u00e3o Ingredientes: Noz de produ\u00e7\u00e3o biol\u00f3gica. Poder\u00e1 conter vest\u00edgios de outros frutos de casca rija. Com gordura insaturada, rico em fibra e vitamina B6. Dados Nutricionais Declara\u00e7\u00e3o Nutricional por 100g: Energia: 2843kJ\/689kcal (34%*); L\u00edpidos: 65,2g (93%*) &#8211; dos quais saturados: 6,0g (30,0%*) &#8211; dos quais monoinsaturados: 8,9g &#8211; dos quais polinsaturados: 47,1g; Hidratos de Carbono: [&hellip;]<\/p>\n","protected":false},"featured_media":2771,"comment_status":"closed","ping_status":"closed","template":"","meta":[],"product_cat":[51],"product_tag":[],"class_list":["post-740","product","type-product","status-publish","has-post-thumbnail","hentry","product_cat-frutos-secos"],"bundle_layout":"","bundled_by":[],"bundled_items":[],"yoast_head":"<!-- This site is optimized with the Yoast SEO plugin v26.3 - https:\/\/yoast.com\/wordpress\/plugins\/seo\/ -->\n<title>MIOLO DE NOZ BIO<\/title>\n<meta name=\"description\" content=\"MIOLO DE NOZ BIO\" \/>\n<meta name=\"robots\" content=\"index, follow, max-snippet:-1, max-image-preview:large, max-video-preview:-1\" \/>\n<link rel=\"canonical\" href=\"https:\/\/biocabaz.pt\/web\/produto\/miolo-de-noz\/\" \/>\n<meta property=\"og:locale\" content=\"pt_PT\" \/>\n<meta property=\"og:locale:alternate\" content=\"en_US\" \/>\n<meta property=\"og:type\" content=\"article\" \/>\n<meta property=\"og:title\" content=\"MIOLO DE NOZ BIO\" \/>\n<meta property=\"og:description\" content=\"MIOLO DE NOZ BIO\" \/>\n<meta property=\"og:url\" content=\"https:\/\/biocabaz.pt\/web\/produto\/miolo-de-noz\/\" \/>\n<meta property=\"og:site_name\" content=\"BIOCABAZ - CABAZES BIOL\u00d3GICOS\" \/>\n<meta property=\"article:modified_time\" content=\"2024-04-10T19:39:45+00:00\" \/>\n<meta property=\"og:image\" content=\"https:\/\/www.biocabaz.pt\/web\/wp-conteudos\/uploads\/2016\/04\/secos-noz_miolo.jpg\" \/>\n\t<meta property=\"og:image:width\" content=\"500\" \/>\n\t<meta property=\"og:image:height\" content=\"307\" \/>\n\t<meta property=\"og:image:type\" content=\"image\/jpeg\" \/>\n<meta name=\"twitter:card\" content=\"summary_large_image\" \/>\n<meta name=\"twitter:label1\" content=\"Est. reading time\" \/>\n\t<meta name=\"twitter:data1\" content=\"1 minuto\" \/>\n<script type=\"application\/ld+json\" class=\"yoast-schema-graph\">{\"@context\":\"https:\/\/schema.org\",\"@graph\":[{\"@type\":\"WebPage\",\"@id\":\"https:\/\/biocabaz.pt\/web\/produto\/miolo-de-noz\/\",\"url\":\"https:\/\/biocabaz.pt\/web\/produto\/miolo-de-noz\/\",\"name\":\"MIOLO DE NOZ BIO\",\"isPartOf\":{\"@id\":\"https:\/\/www.biocabaz.pt\/web\/en\/#website\"},\"primaryImageOfPage\":{\"@id\":\"https:\/\/biocabaz.pt\/web\/produto\/miolo-de-noz\/#primaryimage\"},\"image\":{\"@id\":\"https:\/\/biocabaz.pt\/web\/produto\/miolo-de-noz\/#primaryimage\"},\"thumbnailUrl\":\"https:\/\/www.biocabaz.pt\/web\/wp-conteudos\/uploads\/2016\/04\/secos-noz_miolo.jpg\",\"datePublished\":\"2016-04-08T09:58:42+00:00\",\"dateModified\":\"2024-04-10T19:39:45+00:00\",\"description\":\"MIOLO DE NOZ BIO\",\"breadcrumb\":{\"@id\":\"https:\/\/biocabaz.pt\/web\/produto\/miolo-de-noz\/#breadcrumb\"},\"inLanguage\":\"pt-PT\",\"potentialAction\":[{\"@type\":\"ReadAction\",\"target\":[\"https:\/\/biocabaz.pt\/web\/produto\/miolo-de-noz\/\"]}]},{\"@type\":\"ImageObject\",\"inLanguage\":\"pt-PT\",\"@id\":\"https:\/\/biocabaz.pt\/web\/produto\/miolo-de-noz\/#primaryimage\",\"url\":\"https:\/\/www.biocabaz.pt\/web\/wp-conteudos\/uploads\/2016\/04\/secos-noz_miolo.jpg\",\"contentUrl\":\"https:\/\/www.biocabaz.pt\/web\/wp-conteudos\/uploads\/2016\/04\/secos-noz_miolo.jpg\",\"width\":500,\"height\":307,\"caption\":\"miolo noz bio\"},{\"@type\":\"BreadcrumbList\",\"@id\":\"https:\/\/biocabaz.pt\/web\/produto\/miolo-de-noz\/#breadcrumb\",\"itemListElement\":[{\"@type\":\"ListItem\",\"position\":1,\"name\":\"Home\",\"item\":\"https:\/\/www.biocabaz.pt\/web\/en\/\"},{\"@type\":\"ListItem\",\"position\":2,\"name\":\"Shop\",\"item\":\"https:\/\/www.biocabaz.pt\/web\/en\/shop\/\"},{\"@type\":\"ListItem\",\"position\":3,\"name\":\"MIOLO DE NOZ BIO\"}]},{\"@type\":\"WebSite\",\"@id\":\"https:\/\/www.biocabaz.pt\/web\/en\/#website\",\"url\":\"https:\/\/www.biocabaz.pt\/web\/en\/\",\"name\":\"BIOCABAZ - CABAZES BIOL\u00d3GICOS\",\"description\":\"O melhor que a terra d\u00e1 \u00e9 para si\",\"potentialAction\":[{\"@type\":\"SearchAction\",\"target\":{\"@type\":\"EntryPoint\",\"urlTemplate\":\"https:\/\/www.biocabaz.pt\/web\/en\/?s={search_term_string}\"},\"query-input\":{\"@type\":\"PropertyValueSpecification\",\"valueRequired\":true,\"valueName\":\"search_term_string\"}}],\"inLanguage\":\"pt-PT\"}]}<\/script>\n<!-- \/ Yoast SEO plugin. -->","yoast_head_json":{"title":"MIOLO DE NOZ BIO","description":"MIOLO DE NOZ BIO","robots":{"index":"index","follow":"follow","max-snippet":"max-snippet:-1","max-image-preview":"max-image-preview:large","max-video-preview":"max-video-preview:-1"},"canonical":"https:\/\/biocabaz.pt\/web\/produto\/miolo-de-noz\/","og_locale":"pt_PT","og_type":"article","og_title":"[:en]ORGANIC NUTS[:pt]MIOLO DE NOZ BIO[:] - BIOCABAZ - CABAZES BIOL\u00d3GICOS","og_description":"MIOLO DE NOZ BIO","og_url":"https:\/\/biocabaz.pt\/web\/produto\/miolo-de-noz\/","og_site_name":"BIOCABAZ - CABAZES BIOL\u00d3GICOS","article_modified_time":"2024-04-10T19:39:45+00:00","og_image":[{"width":500,"height":307,"url":"https:\/\/www.biocabaz.pt\/web\/wp-conteudos\/uploads\/2016\/04\/secos-noz_miolo.jpg","type":"image\/jpeg"}],"twitter_card":"summary_large_image","twitter_misc":{"Est. reading time":"1 minuto"},"schema":{"@context":"https:\/\/schema.org","@graph":[{"@type":"WebPage","@id":"https:\/\/biocabaz.pt\/web\/produto\/miolo-de-noz\/","url":"https:\/\/biocabaz.pt\/web\/produto\/miolo-de-noz\/","name":"MIOLO DE NOZ BIO","isPartOf":{"@id":"https:\/\/www.biocabaz.pt\/web\/en\/#website"},"primaryImageOfPage":{"@id":"https:\/\/biocabaz.pt\/web\/produto\/miolo-de-noz\/#primaryimage"},"image":{"@id":"https:\/\/biocabaz.pt\/web\/produto\/miolo-de-noz\/#primaryimage"},"thumbnailUrl":"https:\/\/www.biocabaz.pt\/web\/wp-conteudos\/uploads\/2016\/04\/secos-noz_miolo.jpg","datePublished":"2016-04-08T09:58:42+00:00","dateModified":"2024-04-10T19:39:45+00:00","description":"MIOLO DE NOZ BIO","breadcrumb":{"@id":"https:\/\/biocabaz.pt\/web\/produto\/miolo-de-noz\/#breadcrumb"},"inLanguage":"pt-PT","potentialAction":[{"@type":"ReadAction","target":["https:\/\/biocabaz.pt\/web\/produto\/miolo-de-noz\/"]}]},{"@type":"ImageObject","inLanguage":"pt-PT","@id":"https:\/\/biocabaz.pt\/web\/produto\/miolo-de-noz\/#primaryimage","url":"https:\/\/www.biocabaz.pt\/web\/wp-conteudos\/uploads\/2016\/04\/secos-noz_miolo.jpg","contentUrl":"https:\/\/www.biocabaz.pt\/web\/wp-conteudos\/uploads\/2016\/04\/secos-noz_miolo.jpg","width":500,"height":307,"caption":"miolo noz bio"},{"@type":"BreadcrumbList","@id":"https:\/\/biocabaz.pt\/web\/produto\/miolo-de-noz\/#breadcrumb","itemListElement":[{"@type":"ListItem","position":1,"name":"Home","item":"https:\/\/www.biocabaz.pt\/web\/en\/"},{"@type":"ListItem","position":2,"name":"Shop","item":"https:\/\/www.biocabaz.pt\/web\/en\/shop\/"},{"@type":"ListItem","position":3,"name":"MIOLO DE NOZ BIO"}]},{"@type":"WebSite","@id":"https:\/\/www.biocabaz.pt\/web\/en\/#website","url":"https:\/\/www.biocabaz.pt\/web\/en\/","name":"BIOCABAZ - CABAZES BIOL\u00d3GICOS","description":"O melhor que a terra d\u00e1 \u00e9 para si","potentialAction":[{"@type":"SearchAction","target":{"@type":"EntryPoint","urlTemplate":"https:\/\/www.biocabaz.pt\/web\/en\/?s={search_term_string}"},"query-input":{"@type":"PropertyValueSpecification","valueRequired":true,"valueName":"search_term_string"}}],"inLanguage":"pt-PT"}]}},"_links":{"self":[{"href":"https:\/\/biocabaz.pt\/web\/wp-json\/wp\/v2\/product\/740","targetHints":{"allow":["GET"]}}],"collection":[{"href":"https:\/\/biocabaz.pt\/web\/wp-json\/wp\/v2\/product"}],"about":[{"href":"https:\/\/biocabaz.pt\/web\/wp-json\/wp\/v2\/types\/product"}],"replies":[{"embeddable":true,"href":"https:\/\/biocabaz.pt\/web\/wp-json\/wp\/v2\/comments?post=740"}],"wp:featuredmedia":[{"embeddable":true,"href":"https:\/\/biocabaz.pt\/web\/wp-json\/wp\/v2\/media\/2771"}],"wp:attachment":[{"href":"https:\/\/biocabaz.pt\/web\/wp-json\/wp\/v2\/media?parent=740"}],"wp:term":[{"taxonomy":"product_cat","embeddable":true,"href":"https:\/\/biocabaz.pt\/web\/wp-json\/wp\/v2\/product_cat?post=740"},{"taxonomy":"product_tag","embeddable":true,"href":"https:\/\/biocabaz.pt\/web\/wp-json\/wp\/v2\/product_tag?post=740"}],"curies":[{"name":"wp","href":"https:\/\/api.w.org\/{rel}","templated":true}]}}