{"id":735,"date":"2016-04-08T09:58:35","date_gmt":"2016-04-08T09:58:35","guid":{"rendered":"http:\/\/www.biocabaz.com\/web\/produto\/avela-100g\/"},"modified":"2024-04-10T19:41:51","modified_gmt":"2024-04-10T19:41:51","slug":"miolo-avela-bio","status":"publish","type":"product","link":"https:\/\/biocabaz.pt\/web\/produto\/miolo-avela-bio\/","title":{"rendered":"MIOLO DE AVEL\u00c3 BIO"},"content":{"rendered":"<p><strong>Descri\u00e7\u00e3o <\/strong><br \/>\nIngredientes: Avel\u00e3 de produ\u00e7\u00e3o biol\u00f3gica. Poder\u00e1 conter vest\u00edgios de outros frutos de casca rija. Alto teor em gorduras insaturadas,rico em fibra e fonte de zinco.<\/p>\n<p><strong>Dados Nutricionais<\/strong><br \/>\nDeclara\u00e7\u00e3o Nutricional por 100g:<br \/>\nEnergia: 2771kJ\/ 671kcal (33,6%*);<br \/>\nL\u00edpidos: 62,3g (89%*) &#8211; dos quais saturados: 4,5g (22,5%*) &#8211; dos quais monoinsaturados: 45,6g &#8211; dos quais polinsaturados: 7,9g;<br \/>\nHidratos de Carbono: 11g (4,2%*) &#8211; dos quais a\u00e7\u00facares: 1g (1,1%*);<br \/>\nFibra: 8,6g (34,4%*);<br \/>\nProte\u00ednas: 12,4g (24,8*);<br \/>\nSal: 0,01g (0,17%*);<br \/>\nZinco: 2,45mg (24,5**). *Dose de refer\u00eancia para um adulto m\u00e9dio (8400kJ\/2000kcal). **VRN- Valor de refer\u00eancia do nutriente.<\/p>\n<p><strong>Modo Utiliza\u00e7\u00e3o<\/strong><br \/>\nPronto para consumir como snack no intervalo das refei\u00e7\u00f5es ou na elabora\u00e7\u00e3o das suas receitas favoritas. Conservar em local seco e fresco.<\/p>\n","protected":false},"excerpt":{"rendered":"<p>Descri\u00e7\u00e3o Ingredientes: Avel\u00e3 de produ\u00e7\u00e3o biol\u00f3gica. Poder\u00e1 conter vest\u00edgios de outros frutos de casca rija. Alto teor em gorduras insaturadas,rico em fibra e fonte de zinco. Dados Nutricionais Declara\u00e7\u00e3o Nutricional por 100g: Energia: 2771kJ\/ 671kcal (33,6%*); L\u00edpidos: 62,3g (89%*) &#8211; dos quais saturados: 4,5g (22,5%*) &#8211; dos quais monoinsaturados: 45,6g &#8211; dos quais polinsaturados: 7,9g; [&hellip;]<\/p>\n","protected":false},"featured_media":5255,"comment_status":"closed","ping_status":"closed","template":"","meta":[],"product_cat":[51],"product_tag":[],"class_list":["post-735","product","type-product","status-publish","has-post-thumbnail","hentry","product_cat-frutos-secos"],"bundle_layout":"","bundled_by":[],"bundled_items":[],"yoast_head":"<!-- This site is optimized with the Yoast SEO plugin v26.3 - https:\/\/yoast.com\/wordpress\/plugins\/seo\/ -->\n<title>MIOLO DE AVEL\u00c3 BIO<\/title>\n<meta name=\"robots\" content=\"index, follow, max-snippet:-1, max-image-preview:large, max-video-preview:-1\" \/>\n<link rel=\"canonical\" href=\"https:\/\/biocabaz.pt\/web\/produto\/miolo-avela-bio\/\" \/>\n<meta property=\"og:locale\" content=\"pt_PT\" \/>\n<meta property=\"og:locale:alternate\" content=\"en_US\" \/>\n<meta property=\"og:type\" content=\"article\" \/>\n<meta property=\"og:title\" content=\"MIOLO DE AVEL\u00c3 BIO\" \/>\n<meta property=\"og:description\" content=\"Descri\u00e7\u00e3o Ingredientes: Avel\u00e3 de produ\u00e7\u00e3o biol\u00f3gica. Poder\u00e1 conter vest\u00edgios de outros frutos de casca rija. Alto teor em gorduras insaturadas,rico em fibra e fonte de zinco. Dados Nutricionais Declara\u00e7\u00e3o Nutricional por 100g: Energia: 2771kJ\/ 671kcal (33,6%*); L\u00edpidos: 62,3g (89%*) &#8211; dos quais saturados: 4,5g (22,5%*) &#8211; dos quais monoinsaturados: 45,6g &#8211; dos quais polinsaturados: 7,9g; [&hellip;]\" \/>\n<meta property=\"og:url\" content=\"https:\/\/biocabaz.pt\/web\/produto\/miolo-avela-bio\/\" \/>\n<meta property=\"og:site_name\" content=\"BIOCABAZ - CABAZES BIOL\u00d3GICOS\" \/>\n<meta property=\"article:modified_time\" content=\"2024-04-10T19:41:51+00:00\" \/>\n<meta property=\"og:image\" content=\"https:\/\/www.biocabaz.pt\/web\/wp-conteudos\/uploads\/2016\/04\/secos-avela.jpg\" \/>\n\t<meta property=\"og:image:width\" content=\"500\" \/>\n\t<meta property=\"og:image:height\" content=\"324\" \/>\n\t<meta property=\"og:image:type\" content=\"image\/jpeg\" \/>\n<meta name=\"twitter:card\" content=\"summary_large_image\" \/>\n<meta name=\"twitter:label1\" content=\"Est. reading time\" \/>\n\t<meta name=\"twitter:data1\" content=\"1 minuto\" \/>\n<script type=\"application\/ld+json\" class=\"yoast-schema-graph\">{\"@context\":\"https:\/\/schema.org\",\"@graph\":[{\"@type\":\"WebPage\",\"@id\":\"https:\/\/biocabaz.pt\/web\/produto\/miolo-avela-bio\/\",\"url\":\"https:\/\/biocabaz.pt\/web\/produto\/miolo-avela-bio\/\",\"name\":\"MIOLO DE AVEL\u00c3 BIO\",\"isPartOf\":{\"@id\":\"https:\/\/www.biocabaz.pt\/web\/en\/#website\"},\"primaryImageOfPage\":{\"@id\":\"https:\/\/biocabaz.pt\/web\/produto\/miolo-avela-bio\/#primaryimage\"},\"image\":{\"@id\":\"https:\/\/biocabaz.pt\/web\/produto\/miolo-avela-bio\/#primaryimage\"},\"thumbnailUrl\":\"https:\/\/www.biocabaz.pt\/web\/wp-conteudos\/uploads\/2016\/04\/secos-avela.jpg\",\"datePublished\":\"2016-04-08T09:58:35+00:00\",\"dateModified\":\"2024-04-10T19:41:51+00:00\",\"breadcrumb\":{\"@id\":\"https:\/\/biocabaz.pt\/web\/produto\/miolo-avela-bio\/#breadcrumb\"},\"inLanguage\":\"pt-PT\",\"potentialAction\":[{\"@type\":\"ReadAction\",\"target\":[\"https:\/\/biocabaz.pt\/web\/produto\/miolo-avela-bio\/\"]}]},{\"@type\":\"ImageObject\",\"inLanguage\":\"pt-PT\",\"@id\":\"https:\/\/biocabaz.pt\/web\/produto\/miolo-avela-bio\/#primaryimage\",\"url\":\"https:\/\/www.biocabaz.pt\/web\/wp-conteudos\/uploads\/2016\/04\/secos-avela.jpg\",\"contentUrl\":\"https:\/\/www.biocabaz.pt\/web\/wp-conteudos\/uploads\/2016\/04\/secos-avela.jpg\",\"width\":500,\"height\":324,\"caption\":\"miolo avel\u00e3 bio\"},{\"@type\":\"BreadcrumbList\",\"@id\":\"https:\/\/biocabaz.pt\/web\/produto\/miolo-avela-bio\/#breadcrumb\",\"itemListElement\":[{\"@type\":\"ListItem\",\"position\":1,\"name\":\"Home\",\"item\":\"https:\/\/www.biocabaz.pt\/web\/en\/\"},{\"@type\":\"ListItem\",\"position\":2,\"name\":\"Shop\",\"item\":\"https:\/\/www.biocabaz.pt\/web\/en\/shop\/\"},{\"@type\":\"ListItem\",\"position\":3,\"name\":\"MIOLO DE AVEL\u00c3 BIO\"}]},{\"@type\":\"WebSite\",\"@id\":\"https:\/\/www.biocabaz.pt\/web\/en\/#website\",\"url\":\"https:\/\/www.biocabaz.pt\/web\/en\/\",\"name\":\"BIOCABAZ - CABAZES BIOL\u00d3GICOS\",\"description\":\"O melhor que a terra d\u00e1 \u00e9 para si\",\"potentialAction\":[{\"@type\":\"SearchAction\",\"target\":{\"@type\":\"EntryPoint\",\"urlTemplate\":\"https:\/\/www.biocabaz.pt\/web\/en\/?s={search_term_string}\"},\"query-input\":{\"@type\":\"PropertyValueSpecification\",\"valueRequired\":true,\"valueName\":\"search_term_string\"}}],\"inLanguage\":\"pt-PT\"}]}<\/script>\n<!-- \/ Yoast SEO plugin. -->","yoast_head_json":{"title":"MIOLO DE AVEL\u00c3 BIO","robots":{"index":"index","follow":"follow","max-snippet":"max-snippet:-1","max-image-preview":"max-image-preview:large","max-video-preview":"max-video-preview:-1"},"canonical":"https:\/\/biocabaz.pt\/web\/produto\/miolo-avela-bio\/","og_locale":"pt_PT","og_type":"article","og_title":"[:en]ORGANIC HAZELNUT[:pt]MIOLO DE AVEL\u00c3 BIO[:] - BIOCABAZ - CABAZES BIOL\u00d3GICOS","og_description":"Descri\u00e7\u00e3o Ingredientes: Avel\u00e3 de produ\u00e7\u00e3o biol\u00f3gica. Poder\u00e1 conter vest\u00edgios de outros frutos de casca rija. Alto teor em gorduras insaturadas,rico em fibra e fonte de zinco. Dados Nutricionais Declara\u00e7\u00e3o Nutricional por 100g: Energia: 2771kJ\/ 671kcal (33,6%*); L\u00edpidos: 62,3g (89%*) &#8211; dos quais saturados: 4,5g (22,5%*) &#8211; dos quais monoinsaturados: 45,6g &#8211; dos quais polinsaturados: 7,9g; [&hellip;]","og_url":"https:\/\/biocabaz.pt\/web\/produto\/miolo-avela-bio\/","og_site_name":"BIOCABAZ - CABAZES BIOL\u00d3GICOS","article_modified_time":"2024-04-10T19:41:51+00:00","og_image":[{"width":500,"height":324,"url":"https:\/\/www.biocabaz.pt\/web\/wp-conteudos\/uploads\/2016\/04\/secos-avela.jpg","type":"image\/jpeg"}],"twitter_card":"summary_large_image","twitter_misc":{"Est. reading time":"1 minuto"},"schema":{"@context":"https:\/\/schema.org","@graph":[{"@type":"WebPage","@id":"https:\/\/biocabaz.pt\/web\/produto\/miolo-avela-bio\/","url":"https:\/\/biocabaz.pt\/web\/produto\/miolo-avela-bio\/","name":"MIOLO DE AVEL\u00c3 BIO","isPartOf":{"@id":"https:\/\/www.biocabaz.pt\/web\/en\/#website"},"primaryImageOfPage":{"@id":"https:\/\/biocabaz.pt\/web\/produto\/miolo-avela-bio\/#primaryimage"},"image":{"@id":"https:\/\/biocabaz.pt\/web\/produto\/miolo-avela-bio\/#primaryimage"},"thumbnailUrl":"https:\/\/www.biocabaz.pt\/web\/wp-conteudos\/uploads\/2016\/04\/secos-avela.jpg","datePublished":"2016-04-08T09:58:35+00:00","dateModified":"2024-04-10T19:41:51+00:00","breadcrumb":{"@id":"https:\/\/biocabaz.pt\/web\/produto\/miolo-avela-bio\/#breadcrumb"},"inLanguage":"pt-PT","potentialAction":[{"@type":"ReadAction","target":["https:\/\/biocabaz.pt\/web\/produto\/miolo-avela-bio\/"]}]},{"@type":"ImageObject","inLanguage":"pt-PT","@id":"https:\/\/biocabaz.pt\/web\/produto\/miolo-avela-bio\/#primaryimage","url":"https:\/\/www.biocabaz.pt\/web\/wp-conteudos\/uploads\/2016\/04\/secos-avela.jpg","contentUrl":"https:\/\/www.biocabaz.pt\/web\/wp-conteudos\/uploads\/2016\/04\/secos-avela.jpg","width":500,"height":324,"caption":"miolo avel\u00e3 bio"},{"@type":"BreadcrumbList","@id":"https:\/\/biocabaz.pt\/web\/produto\/miolo-avela-bio\/#breadcrumb","itemListElement":[{"@type":"ListItem","position":1,"name":"Home","item":"https:\/\/www.biocabaz.pt\/web\/en\/"},{"@type":"ListItem","position":2,"name":"Shop","item":"https:\/\/www.biocabaz.pt\/web\/en\/shop\/"},{"@type":"ListItem","position":3,"name":"MIOLO DE AVEL\u00c3 BIO"}]},{"@type":"WebSite","@id":"https:\/\/www.biocabaz.pt\/web\/en\/#website","url":"https:\/\/www.biocabaz.pt\/web\/en\/","name":"BIOCABAZ - CABAZES BIOL\u00d3GICOS","description":"O melhor que a terra d\u00e1 \u00e9 para si","potentialAction":[{"@type":"SearchAction","target":{"@type":"EntryPoint","urlTemplate":"https:\/\/www.biocabaz.pt\/web\/en\/?s={search_term_string}"},"query-input":{"@type":"PropertyValueSpecification","valueRequired":true,"valueName":"search_term_string"}}],"inLanguage":"pt-PT"}]}},"_links":{"self":[{"href":"https:\/\/biocabaz.pt\/web\/wp-json\/wp\/v2\/product\/735","targetHints":{"allow":["GET"]}}],"collection":[{"href":"https:\/\/biocabaz.pt\/web\/wp-json\/wp\/v2\/product"}],"about":[{"href":"https:\/\/biocabaz.pt\/web\/wp-json\/wp\/v2\/types\/product"}],"replies":[{"embeddable":true,"href":"https:\/\/biocabaz.pt\/web\/wp-json\/wp\/v2\/comments?post=735"}],"wp:featuredmedia":[{"embeddable":true,"href":"https:\/\/biocabaz.pt\/web\/wp-json\/wp\/v2\/media\/5255"}],"wp:attachment":[{"href":"https:\/\/biocabaz.pt\/web\/wp-json\/wp\/v2\/media?parent=735"}],"wp:term":[{"taxonomy":"product_cat","embeddable":true,"href":"https:\/\/biocabaz.pt\/web\/wp-json\/wp\/v2\/product_cat?post=735"},{"taxonomy":"product_tag","embeddable":true,"href":"https:\/\/biocabaz.pt\/web\/wp-json\/wp\/v2\/product_tag?post=735"}],"curies":[{"name":"wp","href":"https:\/\/api.w.org\/{rel}","templated":true}]}}