{"id":702,"date":"2016-04-08T09:57:50","date_gmt":"2016-04-08T09:57:50","guid":{"rendered":"http:\/\/www.biocabaz.com\/web\/produto\/biscoito-espelta-com-canela-natursol-200g\/"},"modified":"2025-06-09T10:34:36","modified_gmt":"2025-06-09T10:34:36","slug":"bolacha-espelta-com-canela-bio-180g-natursol","status":"publish","type":"product","link":"https:\/\/biocabaz.pt\/web\/produto\/bolacha-espelta-com-canela-bio-180g-natursol\/","title":{"rendered":"BOLACHA ESPELTA COM CANELA BIO 180G NATURSOL"},"content":{"rendered":"<p><strong>Descri\u00e7\u00e3o <\/strong><br \/>\n\t\t\t\tIngredientes: Farinha de espelta, Farinha de espelta integral, A\u00e7\u00facar mascavado, Azeite virgem ou Extra Virgem, Canela e Sal. N\u00e3o cont\u00e9m ingredientes de origem animal, corantes ou conservantes. Sem adi\u00e7\u00e3o de a\u00e7\u00facar.<\/p>\n<p><strong>Dados Nutricionais<\/strong><br \/>\n\t\t\t\tDeclara\u00e7\u00e3o Nutricional por 100g:<br \/> Energia: 1941 kj\/463 kcal;<br \/> Prote\u00edna: 7,1g;<br \/> Hidratos de carbono: 66,1g &#8211; dos quais a\u00e7\u00facares: 19,7g;<br \/> L\u00edpidos: 17,6g dos quais saturados: 1,8g;<br \/> Fibra: 5,7g;<br \/> Sal: 0,6g.<\/p>\n<p><strong>Modo Utiliza\u00e7\u00e3o<\/strong><br \/>Ideais para lanches, pequenos-almo\u00e7os, etc. Conservar em local seco e fresco.<\/p>\n","protected":false},"excerpt":{"rendered":"<p>BOLACHA\u00a0ESPELTA COM CANELA NATURSOL 200G<\/p>\n","protected":false},"featured_media":9309,"comment_status":"closed","ping_status":"closed","template":"","meta":[],"product_cat":[29],"product_tag":[],"class_list":["post-702","product","type-product","status-publish","has-post-thumbnail","hentry","product_cat-bolachas_e_snacks"],"bundle_layout":"","bundled_by":[],"bundled_items":[],"yoast_head":"<!-- This site is optimized with the Yoast SEO plugin v26.3 - https:\/\/yoast.com\/wordpress\/plugins\/seo\/ -->\n<title>BOLACHA ESPELTA COM CANELA BIO 180G NATURSOL<\/title>\n<meta name=\"description\" content=\"BOLACHA ESPELTA COM CANELA BIO 180G NATURSOL\" \/>\n<meta name=\"robots\" content=\"index, follow, max-snippet:-1, max-image-preview:large, max-video-preview:-1\" \/>\n<link rel=\"canonical\" href=\"https:\/\/biocabaz.pt\/web\/produto\/bolacha-espelta-com-canela-bio-180g-natursol\/\" \/>\n<meta property=\"og:locale\" content=\"pt_PT\" \/>\n<meta property=\"og:locale:alternate\" content=\"en_US\" \/>\n<meta property=\"og:type\" content=\"article\" \/>\n<meta property=\"og:title\" content=\"BOLACHA ESPELTA COM CANELA BIO 180G NATURSOL\" \/>\n<meta property=\"og:description\" content=\"BOLACHA ESPELTA COM CANELA BIO 180G NATURSOL\" \/>\n<meta property=\"og:url\" content=\"https:\/\/biocabaz.pt\/web\/produto\/bolacha-espelta-com-canela-bio-180g-natursol\/\" \/>\n<meta property=\"og:site_name\" content=\"BIOCABAZ - CABAZES BIOL\u00d3GICOS\" \/>\n<meta property=\"article:modified_time\" content=\"2025-06-09T10:34:36+00:00\" \/>\n<meta property=\"og:image\" content=\"https:\/\/www.biocabaz.pt\/web\/wp-conteudos\/uploads\/2016\/04\/BOLACHA-ESPELTA-COM-CANELA-BIO-180G-NATURSOL-e1540811890270.jpg\" \/>\n\t<meta property=\"og:image:width\" content=\"500\" \/>\n\t<meta property=\"og:image:height\" content=\"500\" \/>\n\t<meta property=\"og:image:type\" content=\"image\/jpeg\" \/>\n<meta name=\"twitter:card\" content=\"summary_large_image\" \/>\n<meta name=\"twitter:label1\" content=\"Est. reading time\" \/>\n\t<meta name=\"twitter:data1\" content=\"1 minuto\" \/>\n<script type=\"application\/ld+json\" class=\"yoast-schema-graph\">{\"@context\":\"https:\/\/schema.org\",\"@graph\":[{\"@type\":\"WebPage\",\"@id\":\"https:\/\/biocabaz.pt\/web\/en\/produto\/bolacha-espelta-com-canela-bio-180g-natursol\/\",\"url\":\"https:\/\/biocabaz.pt\/web\/en\/produto\/bolacha-espelta-com-canela-bio-180g-natursol\/\",\"name\":\"BOLACHA ESPELTA COM CANELA BIO 180G NATURSOL\",\"isPartOf\":{\"@id\":\"https:\/\/biocabaz.pt\/web\/#website\"},\"primaryImageOfPage\":{\"@id\":\"https:\/\/biocabaz.pt\/web\/en\/produto\/bolacha-espelta-com-canela-bio-180g-natursol\/#primaryimage\"},\"image\":{\"@id\":\"https:\/\/biocabaz.pt\/web\/en\/produto\/bolacha-espelta-com-canela-bio-180g-natursol\/#primaryimage\"},\"thumbnailUrl\":\"https:\/\/www.biocabaz.pt\/web\/wp-conteudos\/uploads\/2016\/04\/BOLACHA-ESPELTA-COM-CANELA-BIO-180G-NATURSOL-e1540811890270.jpg\",\"datePublished\":\"2016-04-08T09:57:50+00:00\",\"dateModified\":\"2025-06-09T10:34:36+00:00\",\"description\":\"BOLACHA ESPELTA COM CANELA BIO 180G NATURSOL\",\"breadcrumb\":{\"@id\":\"https:\/\/biocabaz.pt\/web\/en\/produto\/bolacha-espelta-com-canela-bio-180g-natursol\/#breadcrumb\"},\"inLanguage\":\"pt-PT\",\"potentialAction\":[{\"@type\":\"ReadAction\",\"target\":[\"https:\/\/biocabaz.pt\/web\/en\/produto\/bolacha-espelta-com-canela-bio-180g-natursol\/\"]}]},{\"@type\":\"ImageObject\",\"inLanguage\":\"pt-PT\",\"@id\":\"https:\/\/biocabaz.pt\/web\/en\/produto\/bolacha-espelta-com-canela-bio-180g-natursol\/#primaryimage\",\"url\":\"https:\/\/www.biocabaz.pt\/web\/wp-conteudos\/uploads\/2016\/04\/BOLACHA-ESPELTA-COM-CANELA-BIO-180G-NATURSOL-e1540811890270.jpg\",\"contentUrl\":\"https:\/\/www.biocabaz.pt\/web\/wp-conteudos\/uploads\/2016\/04\/BOLACHA-ESPELTA-COM-CANELA-BIO-180G-NATURSOL-e1540811890270.jpg\",\"width\":500,\"height\":500,\"caption\":\"BOLACHA ESPELTA COM CANELA BIO 180G NATURSOL\"},{\"@type\":\"BreadcrumbList\",\"@id\":\"https:\/\/biocabaz.pt\/web\/en\/produto\/bolacha-espelta-com-canela-bio-180g-natursol\/#breadcrumb\",\"itemListElement\":[{\"@type\":\"ListItem\",\"position\":1,\"name\":\"Home\",\"item\":\"https:\/\/biocabaz.pt\/web\/\"},{\"@type\":\"ListItem\",\"position\":2,\"name\":\"Loja\",\"item\":\"https:\/\/biocabaz.pt\/web\/shop\/\"},{\"@type\":\"ListItem\",\"position\":3,\"name\":\"NATURSOL ORGANIC SPELT CINNAMON COOKIE 180GR\"}]},{\"@type\":\"WebSite\",\"@id\":\"https:\/\/biocabaz.pt\/web\/#website\",\"url\":\"https:\/\/biocabaz.pt\/web\/\",\"name\":\"BIOCABAZ - CABAZES BIOL\u00d3GICOS\",\"description\":\"O melhor que a terra d\u00e1 \u00e9 para si\",\"potentialAction\":[{\"@type\":\"SearchAction\",\"target\":{\"@type\":\"EntryPoint\",\"urlTemplate\":\"https:\/\/biocabaz.pt\/web\/?s={search_term_string}\"},\"query-input\":{\"@type\":\"PropertyValueSpecification\",\"valueRequired\":true,\"valueName\":\"search_term_string\"}}],\"inLanguage\":\"pt-PT\"}]}<\/script>\n<!-- \/ Yoast SEO plugin. -->","yoast_head_json":{"title":"BOLACHA ESPELTA COM CANELA BIO 180G NATURSOL","description":"BOLACHA ESPELTA COM CANELA BIO 180G NATURSOL","robots":{"index":"index","follow":"follow","max-snippet":"max-snippet:-1","max-image-preview":"max-image-preview:large","max-video-preview":"max-video-preview:-1"},"canonical":"https:\/\/biocabaz.pt\/web\/produto\/bolacha-espelta-com-canela-bio-180g-natursol\/","og_locale":"pt_PT","og_type":"article","og_title":"[:en]NATURSOL ORGANIC SPELT CINNAMON COOKIE 180GR[:pt]BOLACHA ESPELTA COM CANELA BIO 180G NATURSOL[:] - BIOCABAZ - CABAZES BIOL\u00d3GICOS","og_description":"BOLACHA ESPELTA COM CANELA BIO 180G NATURSOL","og_url":"https:\/\/biocabaz.pt\/web\/produto\/bolacha-espelta-com-canela-bio-180g-natursol\/","og_site_name":"BIOCABAZ - CABAZES BIOL\u00d3GICOS","article_modified_time":"2025-06-09T10:34:36+00:00","og_image":[{"width":500,"height":500,"url":"https:\/\/www.biocabaz.pt\/web\/wp-conteudos\/uploads\/2016\/04\/BOLACHA-ESPELTA-COM-CANELA-BIO-180G-NATURSOL-e1540811890270.jpg","type":"image\/jpeg"}],"twitter_card":"summary_large_image","twitter_misc":{"Est. reading time":"1 minuto"},"schema":{"@context":"https:\/\/schema.org","@graph":[{"@type":"WebPage","@id":"https:\/\/biocabaz.pt\/web\/en\/produto\/bolacha-espelta-com-canela-bio-180g-natursol\/","url":"https:\/\/biocabaz.pt\/web\/en\/produto\/bolacha-espelta-com-canela-bio-180g-natursol\/","name":"BOLACHA ESPELTA COM CANELA BIO 180G NATURSOL","isPartOf":{"@id":"https:\/\/biocabaz.pt\/web\/#website"},"primaryImageOfPage":{"@id":"https:\/\/biocabaz.pt\/web\/en\/produto\/bolacha-espelta-com-canela-bio-180g-natursol\/#primaryimage"},"image":{"@id":"https:\/\/biocabaz.pt\/web\/en\/produto\/bolacha-espelta-com-canela-bio-180g-natursol\/#primaryimage"},"thumbnailUrl":"https:\/\/www.biocabaz.pt\/web\/wp-conteudos\/uploads\/2016\/04\/BOLACHA-ESPELTA-COM-CANELA-BIO-180G-NATURSOL-e1540811890270.jpg","datePublished":"2016-04-08T09:57:50+00:00","dateModified":"2025-06-09T10:34:36+00:00","description":"BOLACHA ESPELTA COM CANELA BIO 180G NATURSOL","breadcrumb":{"@id":"https:\/\/biocabaz.pt\/web\/en\/produto\/bolacha-espelta-com-canela-bio-180g-natursol\/#breadcrumb"},"inLanguage":"pt-PT","potentialAction":[{"@type":"ReadAction","target":["https:\/\/biocabaz.pt\/web\/en\/produto\/bolacha-espelta-com-canela-bio-180g-natursol\/"]}]},{"@type":"ImageObject","inLanguage":"pt-PT","@id":"https:\/\/biocabaz.pt\/web\/en\/produto\/bolacha-espelta-com-canela-bio-180g-natursol\/#primaryimage","url":"https:\/\/www.biocabaz.pt\/web\/wp-conteudos\/uploads\/2016\/04\/BOLACHA-ESPELTA-COM-CANELA-BIO-180G-NATURSOL-e1540811890270.jpg","contentUrl":"https:\/\/www.biocabaz.pt\/web\/wp-conteudos\/uploads\/2016\/04\/BOLACHA-ESPELTA-COM-CANELA-BIO-180G-NATURSOL-e1540811890270.jpg","width":500,"height":500,"caption":"BOLACHA ESPELTA COM CANELA BIO 180G NATURSOL"},{"@type":"BreadcrumbList","@id":"https:\/\/biocabaz.pt\/web\/en\/produto\/bolacha-espelta-com-canela-bio-180g-natursol\/#breadcrumb","itemListElement":[{"@type":"ListItem","position":1,"name":"Home","item":"https:\/\/biocabaz.pt\/web\/"},{"@type":"ListItem","position":2,"name":"Loja","item":"https:\/\/biocabaz.pt\/web\/shop\/"},{"@type":"ListItem","position":3,"name":"NATURSOL ORGANIC SPELT CINNAMON COOKIE 180GR"}]},{"@type":"WebSite","@id":"https:\/\/biocabaz.pt\/web\/#website","url":"https:\/\/biocabaz.pt\/web\/","name":"BIOCABAZ - CABAZES BIOL\u00d3GICOS","description":"O melhor que a terra d\u00e1 \u00e9 para si","potentialAction":[{"@type":"SearchAction","target":{"@type":"EntryPoint","urlTemplate":"https:\/\/biocabaz.pt\/web\/?s={search_term_string}"},"query-input":{"@type":"PropertyValueSpecification","valueRequired":true,"valueName":"search_term_string"}}],"inLanguage":"pt-PT"}]}},"_links":{"self":[{"href":"https:\/\/biocabaz.pt\/web\/wp-json\/wp\/v2\/product\/702","targetHints":{"allow":["GET"]}}],"collection":[{"href":"https:\/\/biocabaz.pt\/web\/wp-json\/wp\/v2\/product"}],"about":[{"href":"https:\/\/biocabaz.pt\/web\/wp-json\/wp\/v2\/types\/product"}],"replies":[{"embeddable":true,"href":"https:\/\/biocabaz.pt\/web\/wp-json\/wp\/v2\/comments?post=702"}],"wp:featuredmedia":[{"embeddable":true,"href":"https:\/\/biocabaz.pt\/web\/wp-json\/wp\/v2\/media\/9309"}],"wp:attachment":[{"href":"https:\/\/biocabaz.pt\/web\/wp-json\/wp\/v2\/media?parent=702"}],"wp:term":[{"taxonomy":"product_cat","embeddable":true,"href":"https:\/\/biocabaz.pt\/web\/wp-json\/wp\/v2\/product_cat?post=702"},{"taxonomy":"product_tag","embeddable":true,"href":"https:\/\/biocabaz.pt\/web\/wp-json\/wp\/v2\/product_tag?post=702"}],"curies":[{"name":"wp","href":"https:\/\/api.w.org\/{rel}","templated":true}]}}