{"id":701,"date":"2016-04-08T09:57:49","date_gmt":"2016-04-08T09:57:49","guid":{"rendered":"http:\/\/www.biocabaz.com\/web\/produto\/crackers-canela-com-stevia-natursol-160g\/"},"modified":"2023-03-28T22:43:08","modified_gmt":"2023-03-28T22:43:08","slug":"crackers-canela-com-acucar-de-coco-bio-165g-natursol","status":"publish","type":"product","link":"https:\/\/biocabaz.pt\/web\/produto\/crackers-canela-com-acucar-de-coco-bio-165g-natursol\/","title":{"rendered":"CRACKERS CANELA COM A\u00c7\u00daCAR DE COCO BIO 165G NATURSOL"},"content":{"rendered":"<p><strong>Descri\u00e7\u00e3o <\/strong><br \/>\n\t\t\t\tIngredientes: Farinha de trigo branca, Farinha de trigo Integral, Azeite extra ou Virgem, A\u00e7\u00facar de Coco, Canela em P\u00f3, Sal marinho. N\u00e3o cont\u00e9m ingredientes de origem animal, corantes ou conservantes. Sem adi\u00e7\u00e3o de a\u00e7\u00facar.<\/p>\n<p><strong>Dados Nutricionais<\/strong><br \/>\n\t\t\t\tDeclara\u00e7\u00e3o Nutricional por 100g:<br \/> Energia: 1854 kj\/441 kcal;<br \/> Prote\u00edna: 8,5g;<br \/> Hidratos de carbono: 64,3g &#8211; dos quais a\u00e7\u00facares: 9,5g;<br \/> L\u00edpidos: 15,4g &#8211; dos quais saturados: 1,8g;<br \/> Fibra: 5,8g;<br \/> Sal: 0,9g.<\/p>\n<p><strong>Modo Utiliza\u00e7\u00e3o<\/strong><br \/>Ideais para lanches, pequenos-almo\u00e7os, etc. Conservar em local seco e fresco.<\/p>\n","protected":false},"excerpt":{"rendered":"<p>CRACKERS CANELA COM\u00a0A\u00c7\u00daCAR DE COCO\u00a0NATURSOL 160G<\/p>\n","protected":false},"featured_media":843,"comment_status":"closed","ping_status":"closed","template":"","meta":[],"product_cat":[29],"product_tag":[],"class_list":["post-701","product","type-product","status-publish","has-post-thumbnail","hentry","product_cat-bolachas_e_snacks"],"bundle_layout":"","bundled_by":[],"bundled_items":[],"yoast_head":"<!-- This site is optimized with the Yoast SEO plugin v26.3 - https:\/\/yoast.com\/wordpress\/plugins\/seo\/ -->\n<title>CRACKERS CANELA COM A\u00c7\u00daCAR DE COCO BIO 165G NATURSOL<\/title>\n<meta name=\"description\" content=\"CRACKERS CANELA COM A\u00c7\u00daCAR DE COCO BIO 165G NATURSOL\" \/>\n<meta name=\"robots\" content=\"index, follow, max-snippet:-1, max-image-preview:large, max-video-preview:-1\" \/>\n<link rel=\"canonical\" href=\"https:\/\/biocabaz.pt\/web\/produto\/crackers-canela-com-acucar-de-coco-bio-165g-natursol\/\" \/>\n<meta property=\"og:locale\" content=\"pt_PT\" \/>\n<meta property=\"og:locale:alternate\" content=\"en_US\" \/>\n<meta property=\"og:type\" content=\"article\" \/>\n<meta property=\"og:title\" content=\"CRACKERS CANELA COM A\u00c7\u00daCAR DE COCO BIO 165G NATURSOL\" \/>\n<meta property=\"og:description\" content=\"CRACKERS CANELA COM A\u00c7\u00daCAR DE COCO BIO 165G NATURSOL\" \/>\n<meta property=\"og:url\" content=\"https:\/\/biocabaz.pt\/web\/produto\/crackers-canela-com-acucar-de-coco-bio-165g-natursol\/\" \/>\n<meta property=\"og:site_name\" content=\"BIOCABAZ - CABAZES BIOL\u00d3GICOS\" \/>\n<meta property=\"article:modified_time\" content=\"2023-03-28T22:43:08+00:00\" \/>\n<meta property=\"og:image\" content=\"https:\/\/www.biocabaz.pt\/web\/wp-conteudos\/uploads\/2016\/04\/Natursol_CrakeresCanelaAcucardeCoco-e1540812198178.jpg\" \/>\n\t<meta property=\"og:image:width\" content=\"500\" \/>\n\t<meta property=\"og:image:height\" content=\"800\" \/>\n\t<meta property=\"og:image:type\" content=\"image\/jpeg\" \/>\n<meta name=\"twitter:card\" content=\"summary_large_image\" \/>\n<meta name=\"twitter:label1\" content=\"Est. reading time\" \/>\n\t<meta name=\"twitter:data1\" content=\"1 minuto\" \/>\n<script type=\"application\/ld+json\" class=\"yoast-schema-graph\">{\"@context\":\"https:\/\/schema.org\",\"@graph\":[{\"@type\":\"WebPage\",\"@id\":\"https:\/\/biocabaz.pt\/web\/en\/produto\/crackers-canela-com-acucar-de-coco-bio-165g-natursol\/\",\"url\":\"https:\/\/biocabaz.pt\/web\/en\/produto\/crackers-canela-com-acucar-de-coco-bio-165g-natursol\/\",\"name\":\"CRACKERS CANELA COM A\u00c7\u00daCAR DE COCO BIO 165G NATURSOL\",\"isPartOf\":{\"@id\":\"https:\/\/www.biocabaz.pt\/web\/#website\"},\"primaryImageOfPage\":{\"@id\":\"https:\/\/biocabaz.pt\/web\/en\/produto\/crackers-canela-com-acucar-de-coco-bio-165g-natursol\/#primaryimage\"},\"image\":{\"@id\":\"https:\/\/biocabaz.pt\/web\/en\/produto\/crackers-canela-com-acucar-de-coco-bio-165g-natursol\/#primaryimage\"},\"thumbnailUrl\":\"https:\/\/www.biocabaz.pt\/web\/wp-conteudos\/uploads\/2016\/04\/Natursol_CrakeresCanelaAcucardeCoco-e1540812198178.jpg\",\"datePublished\":\"2016-04-08T09:57:49+00:00\",\"dateModified\":\"2023-03-28T22:43:08+00:00\",\"description\":\"CRACKERS CANELA COM A\u00c7\u00daCAR DE COCO BIO 165G NATURSOL\",\"breadcrumb\":{\"@id\":\"https:\/\/biocabaz.pt\/web\/en\/produto\/crackers-canela-com-acucar-de-coco-bio-165g-natursol\/#breadcrumb\"},\"inLanguage\":\"pt-PT\",\"potentialAction\":[{\"@type\":\"ReadAction\",\"target\":[\"https:\/\/biocabaz.pt\/web\/en\/produto\/crackers-canela-com-acucar-de-coco-bio-165g-natursol\/\"]}]},{\"@type\":\"ImageObject\",\"inLanguage\":\"pt-PT\",\"@id\":\"https:\/\/biocabaz.pt\/web\/en\/produto\/crackers-canela-com-acucar-de-coco-bio-165g-natursol\/#primaryimage\",\"url\":\"https:\/\/www.biocabaz.pt\/web\/wp-conteudos\/uploads\/2016\/04\/Natursol_CrakeresCanelaAcucardeCoco-e1540812198178.jpg\",\"contentUrl\":\"https:\/\/www.biocabaz.pt\/web\/wp-conteudos\/uploads\/2016\/04\/Natursol_CrakeresCanelaAcucardeCoco-e1540812198178.jpg\",\"width\":500,\"height\":800,\"caption\":\"CRACKERS CANELA COM A\u00c7\u00daCAR DE COCO BIO 165G NATURSOL\"},{\"@type\":\"BreadcrumbList\",\"@id\":\"https:\/\/biocabaz.pt\/web\/en\/produto\/crackers-canela-com-acucar-de-coco-bio-165g-natursol\/#breadcrumb\",\"itemListElement\":[{\"@type\":\"ListItem\",\"position\":1,\"name\":\"Home\",\"item\":\"https:\/\/www.biocabaz.pt\/web\/\"},{\"@type\":\"ListItem\",\"position\":2,\"name\":\"Shop\",\"item\":\"https:\/\/www.biocabaz.pt\/web\/en\/shop\/\"},{\"@type\":\"ListItem\",\"position\":3,\"name\":\"NATURSOL ORGANIC CINNAMON CRACKERS WITH COCONUT SUGAR 165GR\"}]},{\"@type\":\"WebSite\",\"@id\":\"https:\/\/www.biocabaz.pt\/web\/#website\",\"url\":\"https:\/\/www.biocabaz.pt\/web\/\",\"name\":\"BIOCABAZ - CABAZES BIOL\u00d3GICOS\",\"description\":\"O melhor que a terra d\u00e1 \u00e9 para si\",\"potentialAction\":[{\"@type\":\"SearchAction\",\"target\":{\"@type\":\"EntryPoint\",\"urlTemplate\":\"https:\/\/www.biocabaz.pt\/web\/?s={search_term_string}\"},\"query-input\":{\"@type\":\"PropertyValueSpecification\",\"valueRequired\":true,\"valueName\":\"search_term_string\"}}],\"inLanguage\":\"pt-PT\"}]}<\/script>\n<!-- \/ Yoast SEO plugin. -->","yoast_head_json":{"title":"CRACKERS CANELA COM A\u00c7\u00daCAR DE COCO BIO 165G NATURSOL","description":"CRACKERS CANELA COM A\u00c7\u00daCAR DE COCO BIO 165G NATURSOL","robots":{"index":"index","follow":"follow","max-snippet":"max-snippet:-1","max-image-preview":"max-image-preview:large","max-video-preview":"max-video-preview:-1"},"canonical":"https:\/\/biocabaz.pt\/web\/produto\/crackers-canela-com-acucar-de-coco-bio-165g-natursol\/","og_locale":"pt_PT","og_type":"article","og_title":"[:en]NATURSOL ORGANIC CINNAMON CRACKERS WITH COCONUT SUGAR 165GR[:pt]CRACKERS CANELA COM A\u00c7\u00daCAR DE COCO BIO 165G NATURSOL[:] - BIOCABAZ - CABAZES BIOL\u00d3GICOS","og_description":"CRACKERS CANELA COM A\u00c7\u00daCAR DE COCO BIO 165G NATURSOL","og_url":"https:\/\/biocabaz.pt\/web\/produto\/crackers-canela-com-acucar-de-coco-bio-165g-natursol\/","og_site_name":"BIOCABAZ - CABAZES BIOL\u00d3GICOS","article_modified_time":"2023-03-28T22:43:08+00:00","og_image":[{"width":500,"height":800,"url":"https:\/\/www.biocabaz.pt\/web\/wp-conteudos\/uploads\/2016\/04\/Natursol_CrakeresCanelaAcucardeCoco-e1540812198178.jpg","type":"image\/jpeg"}],"twitter_card":"summary_large_image","twitter_misc":{"Est. reading time":"1 minuto"},"schema":{"@context":"https:\/\/schema.org","@graph":[{"@type":"WebPage","@id":"https:\/\/biocabaz.pt\/web\/en\/produto\/crackers-canela-com-acucar-de-coco-bio-165g-natursol\/","url":"https:\/\/biocabaz.pt\/web\/en\/produto\/crackers-canela-com-acucar-de-coco-bio-165g-natursol\/","name":"CRACKERS CANELA COM A\u00c7\u00daCAR DE COCO BIO 165G NATURSOL","isPartOf":{"@id":"https:\/\/www.biocabaz.pt\/web\/#website"},"primaryImageOfPage":{"@id":"https:\/\/biocabaz.pt\/web\/en\/produto\/crackers-canela-com-acucar-de-coco-bio-165g-natursol\/#primaryimage"},"image":{"@id":"https:\/\/biocabaz.pt\/web\/en\/produto\/crackers-canela-com-acucar-de-coco-bio-165g-natursol\/#primaryimage"},"thumbnailUrl":"https:\/\/www.biocabaz.pt\/web\/wp-conteudos\/uploads\/2016\/04\/Natursol_CrakeresCanelaAcucardeCoco-e1540812198178.jpg","datePublished":"2016-04-08T09:57:49+00:00","dateModified":"2023-03-28T22:43:08+00:00","description":"CRACKERS CANELA COM A\u00c7\u00daCAR DE COCO BIO 165G NATURSOL","breadcrumb":{"@id":"https:\/\/biocabaz.pt\/web\/en\/produto\/crackers-canela-com-acucar-de-coco-bio-165g-natursol\/#breadcrumb"},"inLanguage":"pt-PT","potentialAction":[{"@type":"ReadAction","target":["https:\/\/biocabaz.pt\/web\/en\/produto\/crackers-canela-com-acucar-de-coco-bio-165g-natursol\/"]}]},{"@type":"ImageObject","inLanguage":"pt-PT","@id":"https:\/\/biocabaz.pt\/web\/en\/produto\/crackers-canela-com-acucar-de-coco-bio-165g-natursol\/#primaryimage","url":"https:\/\/www.biocabaz.pt\/web\/wp-conteudos\/uploads\/2016\/04\/Natursol_CrakeresCanelaAcucardeCoco-e1540812198178.jpg","contentUrl":"https:\/\/www.biocabaz.pt\/web\/wp-conteudos\/uploads\/2016\/04\/Natursol_CrakeresCanelaAcucardeCoco-e1540812198178.jpg","width":500,"height":800,"caption":"CRACKERS CANELA COM A\u00c7\u00daCAR DE COCO BIO 165G NATURSOL"},{"@type":"BreadcrumbList","@id":"https:\/\/biocabaz.pt\/web\/en\/produto\/crackers-canela-com-acucar-de-coco-bio-165g-natursol\/#breadcrumb","itemListElement":[{"@type":"ListItem","position":1,"name":"Home","item":"https:\/\/www.biocabaz.pt\/web\/"},{"@type":"ListItem","position":2,"name":"Shop","item":"https:\/\/www.biocabaz.pt\/web\/en\/shop\/"},{"@type":"ListItem","position":3,"name":"NATURSOL ORGANIC CINNAMON CRACKERS WITH COCONUT SUGAR 165GR"}]},{"@type":"WebSite","@id":"https:\/\/www.biocabaz.pt\/web\/#website","url":"https:\/\/www.biocabaz.pt\/web\/","name":"BIOCABAZ - CABAZES BIOL\u00d3GICOS","description":"O melhor que a terra d\u00e1 \u00e9 para si","potentialAction":[{"@type":"SearchAction","target":{"@type":"EntryPoint","urlTemplate":"https:\/\/www.biocabaz.pt\/web\/?s={search_term_string}"},"query-input":{"@type":"PropertyValueSpecification","valueRequired":true,"valueName":"search_term_string"}}],"inLanguage":"pt-PT"}]}},"_links":{"self":[{"href":"https:\/\/biocabaz.pt\/web\/wp-json\/wp\/v2\/product\/701","targetHints":{"allow":["GET"]}}],"collection":[{"href":"https:\/\/biocabaz.pt\/web\/wp-json\/wp\/v2\/product"}],"about":[{"href":"https:\/\/biocabaz.pt\/web\/wp-json\/wp\/v2\/types\/product"}],"replies":[{"embeddable":true,"href":"https:\/\/biocabaz.pt\/web\/wp-json\/wp\/v2\/comments?post=701"}],"wp:featuredmedia":[{"embeddable":true,"href":"https:\/\/biocabaz.pt\/web\/wp-json\/wp\/v2\/media\/843"}],"wp:attachment":[{"href":"https:\/\/biocabaz.pt\/web\/wp-json\/wp\/v2\/media?parent=701"}],"wp:term":[{"taxonomy":"product_cat","embeddable":true,"href":"https:\/\/biocabaz.pt\/web\/wp-json\/wp\/v2\/product_cat?post=701"},{"taxonomy":"product_tag","embeddable":true,"href":"https:\/\/biocabaz.pt\/web\/wp-json\/wp\/v2\/product_tag?post=701"}],"curies":[{"name":"wp","href":"https:\/\/api.w.org\/{rel}","templated":true}]}}