{"id":688,"date":"2016-04-08T09:57:32","date_gmt":"2016-04-08T09:57:32","guid":{"rendered":"http:\/\/www.biocabaz.com\/web\/produto\/gr-oleo-pfritar-075l\/"},"modified":"2025-06-09T09:54:30","modified_gmt":"2025-06-09T09:54:30","slug":"gr-oleo-pfritar-075l","status":"publish","type":"product","link":"https:\/\/biocabaz.pt\/web\/produto\/gr-oleo-pfritar-075l\/","title":{"rendered":"\u00d3LEO P\/FRITAR BIO 0,75L GREEN ORGANICS"},"content":{"rendered":"<p><strong>Descri\u00e7\u00e3o <\/strong><br \/>\nIngredientes: \u00f3leo de girassol**agricultura biol\u00f3gica controlada. Controle DE-OKO-006. Agricultura UE\/ N\u00e3o UE<\/p>\n<p><strong>Dados Nutricionais<\/strong><br \/>\nDeclara\u00e7\u00e3o Nutricional por 100g:<br \/>\nEnergia: 3404kj\/828kcal;<br \/>\nL\u00edpidos: 92g \u2013 dos quais saturados: 7g;<br \/>\n\u00c1cidos gordos monosaturados: 77g;<br \/>\n\u00c1cidos gordos polinsaturados: 8g;<br \/>\nHidratos de carbono: 0g \u2013 dos quais a\u00e7\u00facares: 0g;<br \/>\nProte\u00ednas: 0g;<br \/>\nSal: 0g.<\/p>\n<p><strong>Modo Utiliza\u00e7\u00e3o<\/strong><br \/>\nIdeal para fritar.<\/p>\n","protected":false},"excerpt":{"rendered":"<p>Descri\u00e7\u00e3o Ingredientes: \u00f3leo de girassol**agricultura biol\u00f3gica controlada. Controle DE-OKO-006. Agricultura UE\/ N\u00e3o UE Dados Nutricionais Declara\u00e7\u00e3o Nutricional por 100g: Energia: 3404kj\/828kcal; L\u00edpidos: 92g \u2013 dos quais saturados: 7g; \u00c1cidos gordos monosaturados: 77g; \u00c1cidos gordos polinsaturados: 8g; Hidratos de carbono: 0g \u2013 dos quais a\u00e7\u00facares: 0g; Prote\u00ednas: 0g; Sal: 0g. Modo Utiliza\u00e7\u00e3o Ideal para fritar.<\/p>\n","protected":false},"featured_media":1295,"comment_status":"closed","ping_status":"closed","template":"","meta":[],"product_cat":[23],"product_tag":[],"class_list":["post-688","product","type-product","status-publish","has-post-thumbnail","hentry","product_cat-azeite-oleo-vinagre"],"bundle_layout":"","bundled_by":[],"bundled_items":[],"yoast_head":"<!-- This site is optimized with the Yoast SEO plugin v26.3 - https:\/\/yoast.com\/wordpress\/plugins\/seo\/ -->\n<title>\u00d3LEO P\/FRITAR BIO 0,75L GREEN ORGANICS<\/title>\n<meta name=\"robots\" content=\"index, follow, max-snippet:-1, max-image-preview:large, max-video-preview:-1\" \/>\n<link rel=\"canonical\" href=\"https:\/\/www.biocabaz.pt\/web\/en\/produto\/gr-oleo-pfritar-075l\/\" \/>\n<meta property=\"og:locale\" content=\"pt_PT\" \/>\n<meta property=\"og:locale:alternate\" content=\"en_US\" \/>\n<meta property=\"og:type\" content=\"article\" \/>\n<meta property=\"og:title\" content=\"\u00d3LEO P\/FRITAR BIO 0,75L GREEN ORGANICS\" \/>\n<meta property=\"og:description\" content=\"Descri\u00e7\u00e3o Ingredientes: \u00f3leo de girassol**agricultura biol\u00f3gica controlada. Controle DE-OKO-006. Agricultura UE\/ N\u00e3o UE Dados Nutricionais Declara\u00e7\u00e3o Nutricional por 100g: Energia: 3404kj\/828kcal; L\u00edpidos: 92g \u2013 dos quais saturados: 7g; \u00c1cidos gordos monosaturados: 77g; \u00c1cidos gordos polinsaturados: 8g; Hidratos de carbono: 0g \u2013 dos quais a\u00e7\u00facares: 0g; Prote\u00ednas: 0g; Sal: 0g. Modo Utiliza\u00e7\u00e3o Ideal para fritar.\" \/>\n<meta property=\"og:url\" content=\"https:\/\/biocabaz.pt\/web\/produto\/gr-oleo-pfritar-075l\/\" \/>\n<meta property=\"og:site_name\" content=\"BIOCABAZ - CABAZES BIOL\u00d3GICOS\" \/>\n<meta property=\"article:modified_time\" content=\"2025-06-09T09:54:30+00:00\" \/>\n<meta property=\"og:image\" content=\"https:\/\/www.biocabaz.pt\/web\/wp-conteudos\/uploads\/2016\/04\/GR-oleo-fritar.jpg\" \/>\n\t<meta property=\"og:image:width\" content=\"1200\" \/>\n\t<meta property=\"og:image:height\" content=\"800\" \/>\n\t<meta property=\"og:image:type\" content=\"image\/jpeg\" \/>\n<meta name=\"twitter:card\" content=\"summary_large_image\" \/>\n<meta name=\"twitter:label1\" content=\"Est. reading time\" \/>\n\t<meta name=\"twitter:data1\" content=\"1 minuto\" \/>\n<script type=\"application\/ld+json\" class=\"yoast-schema-graph\">{\"@context\":\"https:\/\/schema.org\",\"@graph\":[{\"@type\":\"WebPage\",\"@id\":\"https:\/\/www.biocabaz.pt\/web\/en\/produto\/gr-oleo-pfritar-075l\/\",\"url\":\"https:\/\/www.biocabaz.pt\/web\/en\/produto\/gr-oleo-pfritar-075l\/\",\"name\":\"\u00d3LEO P\/FRITAR BIO 0,75L GREEN ORGANICS\",\"isPartOf\":{\"@id\":\"https:\/\/biocabaz.pt\/web\/#website\"},\"primaryImageOfPage\":{\"@id\":\"https:\/\/www.biocabaz.pt\/web\/en\/produto\/gr-oleo-pfritar-075l\/#primaryimage\"},\"image\":{\"@id\":\"https:\/\/www.biocabaz.pt\/web\/en\/produto\/gr-oleo-pfritar-075l\/#primaryimage\"},\"thumbnailUrl\":\"https:\/\/www.biocabaz.pt\/web\/wp-conteudos\/uploads\/2016\/04\/GR-oleo-fritar.jpg\",\"datePublished\":\"2016-04-08T09:57:32+00:00\",\"dateModified\":\"2025-06-09T09:54:30+00:00\",\"breadcrumb\":{\"@id\":\"https:\/\/www.biocabaz.pt\/web\/en\/produto\/gr-oleo-pfritar-075l\/#breadcrumb\"},\"inLanguage\":\"pt-PT\",\"potentialAction\":[{\"@type\":\"ReadAction\",\"target\":[\"https:\/\/www.biocabaz.pt\/web\/en\/produto\/gr-oleo-pfritar-075l\/\"]}]},{\"@type\":\"ImageObject\",\"inLanguage\":\"pt-PT\",\"@id\":\"https:\/\/www.biocabaz.pt\/web\/en\/produto\/gr-oleo-pfritar-075l\/#primaryimage\",\"url\":\"https:\/\/www.biocabaz.pt\/web\/wp-conteudos\/uploads\/2016\/04\/GR-oleo-fritar.jpg\",\"contentUrl\":\"https:\/\/www.biocabaz.pt\/web\/wp-conteudos\/uploads\/2016\/04\/GR-oleo-fritar.jpg\",\"width\":1200,\"height\":800},{\"@type\":\"BreadcrumbList\",\"@id\":\"https:\/\/www.biocabaz.pt\/web\/en\/produto\/gr-oleo-pfritar-075l\/#breadcrumb\",\"itemListElement\":[{\"@type\":\"ListItem\",\"position\":1,\"name\":\"Home\",\"item\":\"https:\/\/biocabaz.pt\/web\/\"},{\"@type\":\"ListItem\",\"position\":2,\"name\":\"Shop\",\"item\":\"https:\/\/www.biocabaz.pt\/web\/en\/shop\/\"},{\"@type\":\"ListItem\",\"position\":3,\"name\":\"GREEN ORGANICS ORGANIC FRYING OIL 0.75L\"}]},{\"@type\":\"WebSite\",\"@id\":\"https:\/\/biocabaz.pt\/web\/#website\",\"url\":\"https:\/\/biocabaz.pt\/web\/\",\"name\":\"BIOCABAZ - CABAZES BIOL\u00d3GICOS\",\"description\":\"O melhor que a terra d\u00e1 \u00e9 para si\",\"potentialAction\":[{\"@type\":\"SearchAction\",\"target\":{\"@type\":\"EntryPoint\",\"urlTemplate\":\"https:\/\/biocabaz.pt\/web\/?s={search_term_string}\"},\"query-input\":{\"@type\":\"PropertyValueSpecification\",\"valueRequired\":true,\"valueName\":\"search_term_string\"}}],\"inLanguage\":\"pt-PT\"}]}<\/script>\n<!-- \/ Yoast SEO plugin. -->","yoast_head_json":{"title":"\u00d3LEO P\/FRITAR BIO 0,75L GREEN ORGANICS","robots":{"index":"index","follow":"follow","max-snippet":"max-snippet:-1","max-image-preview":"max-image-preview:large","max-video-preview":"max-video-preview:-1"},"canonical":"https:\/\/www.biocabaz.pt\/web\/en\/produto\/gr-oleo-pfritar-075l\/","og_locale":"pt_PT","og_type":"article","og_title":"[:en]GREEN ORGANICS ORGANIC FRYING OIL 0.75L[:pt]\u00d3LEO P\/FRITAR BIO 0,75L GREEN ORGANICS[:] - BIOCABAZ - CABAZES BIOL\u00d3GICOS","og_description":"Descri\u00e7\u00e3o Ingredientes: \u00f3leo de girassol**agricultura biol\u00f3gica controlada. Controle DE-OKO-006. Agricultura UE\/ N\u00e3o UE Dados Nutricionais Declara\u00e7\u00e3o Nutricional por 100g: Energia: 3404kj\/828kcal; L\u00edpidos: 92g \u2013 dos quais saturados: 7g; \u00c1cidos gordos monosaturados: 77g; \u00c1cidos gordos polinsaturados: 8g; Hidratos de carbono: 0g \u2013 dos quais a\u00e7\u00facares: 0g; Prote\u00ednas: 0g; Sal: 0g. Modo Utiliza\u00e7\u00e3o Ideal para fritar.","og_url":"https:\/\/biocabaz.pt\/web\/produto\/gr-oleo-pfritar-075l\/","og_site_name":"BIOCABAZ - CABAZES BIOL\u00d3GICOS","article_modified_time":"2025-06-09T09:54:30+00:00","og_image":[{"width":1200,"height":800,"url":"https:\/\/www.biocabaz.pt\/web\/wp-conteudos\/uploads\/2016\/04\/GR-oleo-fritar.jpg","type":"image\/jpeg"}],"twitter_card":"summary_large_image","twitter_misc":{"Est. reading time":"1 minuto"},"schema":{"@context":"https:\/\/schema.org","@graph":[{"@type":"WebPage","@id":"https:\/\/www.biocabaz.pt\/web\/en\/produto\/gr-oleo-pfritar-075l\/","url":"https:\/\/www.biocabaz.pt\/web\/en\/produto\/gr-oleo-pfritar-075l\/","name":"\u00d3LEO P\/FRITAR BIO 0,75L GREEN ORGANICS","isPartOf":{"@id":"https:\/\/biocabaz.pt\/web\/#website"},"primaryImageOfPage":{"@id":"https:\/\/www.biocabaz.pt\/web\/en\/produto\/gr-oleo-pfritar-075l\/#primaryimage"},"image":{"@id":"https:\/\/www.biocabaz.pt\/web\/en\/produto\/gr-oleo-pfritar-075l\/#primaryimage"},"thumbnailUrl":"https:\/\/www.biocabaz.pt\/web\/wp-conteudos\/uploads\/2016\/04\/GR-oleo-fritar.jpg","datePublished":"2016-04-08T09:57:32+00:00","dateModified":"2025-06-09T09:54:30+00:00","breadcrumb":{"@id":"https:\/\/www.biocabaz.pt\/web\/en\/produto\/gr-oleo-pfritar-075l\/#breadcrumb"},"inLanguage":"pt-PT","potentialAction":[{"@type":"ReadAction","target":["https:\/\/www.biocabaz.pt\/web\/en\/produto\/gr-oleo-pfritar-075l\/"]}]},{"@type":"ImageObject","inLanguage":"pt-PT","@id":"https:\/\/www.biocabaz.pt\/web\/en\/produto\/gr-oleo-pfritar-075l\/#primaryimage","url":"https:\/\/www.biocabaz.pt\/web\/wp-conteudos\/uploads\/2016\/04\/GR-oleo-fritar.jpg","contentUrl":"https:\/\/www.biocabaz.pt\/web\/wp-conteudos\/uploads\/2016\/04\/GR-oleo-fritar.jpg","width":1200,"height":800},{"@type":"BreadcrumbList","@id":"https:\/\/www.biocabaz.pt\/web\/en\/produto\/gr-oleo-pfritar-075l\/#breadcrumb","itemListElement":[{"@type":"ListItem","position":1,"name":"Home","item":"https:\/\/biocabaz.pt\/web\/"},{"@type":"ListItem","position":2,"name":"Shop","item":"https:\/\/www.biocabaz.pt\/web\/en\/shop\/"},{"@type":"ListItem","position":3,"name":"GREEN ORGANICS ORGANIC FRYING OIL 0.75L"}]},{"@type":"WebSite","@id":"https:\/\/biocabaz.pt\/web\/#website","url":"https:\/\/biocabaz.pt\/web\/","name":"BIOCABAZ - CABAZES BIOL\u00d3GICOS","description":"O melhor que a terra d\u00e1 \u00e9 para si","potentialAction":[{"@type":"SearchAction","target":{"@type":"EntryPoint","urlTemplate":"https:\/\/biocabaz.pt\/web\/?s={search_term_string}"},"query-input":{"@type":"PropertyValueSpecification","valueRequired":true,"valueName":"search_term_string"}}],"inLanguage":"pt-PT"}]}},"_links":{"self":[{"href":"https:\/\/biocabaz.pt\/web\/wp-json\/wp\/v2\/product\/688","targetHints":{"allow":["GET"]}}],"collection":[{"href":"https:\/\/biocabaz.pt\/web\/wp-json\/wp\/v2\/product"}],"about":[{"href":"https:\/\/biocabaz.pt\/web\/wp-json\/wp\/v2\/types\/product"}],"replies":[{"embeddable":true,"href":"https:\/\/biocabaz.pt\/web\/wp-json\/wp\/v2\/comments?post=688"}],"wp:featuredmedia":[{"embeddable":true,"href":"https:\/\/biocabaz.pt\/web\/wp-json\/wp\/v2\/media\/1295"}],"wp:attachment":[{"href":"https:\/\/biocabaz.pt\/web\/wp-json\/wp\/v2\/media?parent=688"}],"wp:term":[{"taxonomy":"product_cat","embeddable":true,"href":"https:\/\/biocabaz.pt\/web\/wp-json\/wp\/v2\/product_cat?post=688"},{"taxonomy":"product_tag","embeddable":true,"href":"https:\/\/biocabaz.pt\/web\/wp-json\/wp\/v2\/product_tag?post=688"}],"curies":[{"name":"wp","href":"https:\/\/api.w.org\/{rel}","templated":true}]}}