{"id":673,"date":"2016-04-08T09:57:10","date_gmt":"2016-04-08T09:57:10","guid":{"rendered":"http:\/\/www.biocabaz.com\/web\/produto\/natas-20cl-uht-sojade\/"},"modified":"2023-03-28T23:05:24","modified_gmt":"2023-03-28T23:05:24","slug":"natas-20cl-uht-sojade","status":"publish","type":"product","link":"https:\/\/biocabaz.pt\/web\/produto\/natas-20cl-uht-sojade\/","title":{"rendered":"NATAS 20CL UHT  BIO SOJADE"},"content":{"rendered":"<p><strong>Descri\u00e7\u00e3o <\/strong><br \/>\nIngredientes: bebida de soja* 82% (\u00e1gua, gr\u00e3os de soja descascados* 7%), \u00f3leo de soja*, a\u00e7\u00facar de cana* lecitina de soja*, espessantes: goma xantana \u2013 carraginato. * de agricultura biol\u00f3gica.<\/p>\n<p><strong>Dados Nutricionais<\/strong><br \/>\nDeclara\u00e7\u00e3o Nutricional por 100g:<br \/>\nEnergia: 721 kJ \/ 175 kcal;<br \/>\nL\u00edpidos: 17,0g &#8211; dos quais \u00e1cidos gordos saturados: 3,0g \u2013 dos quais monoinsaturados: 3,8g \u2013 dos quais polinsaturados: 10,2g;<br \/>\nHidratos de carbono: 2,2g &#8211; dos quais a\u00e7\u00facares: 2,2g;<br \/>\nProte\u00ednas: 3,0g;<br \/>\nSal: 0,10g;<br \/>\n\u00f3mega-3: 1,1g.<\/p>\n<p><strong>Modo Utiliza\u00e7\u00e3o<\/strong><br \/>\nDepois de aberto, conservar no m\u00e1ximo 3 dias no frigor\u00edfico, fechado na embalagem original a uma temperatura m\u00e1xima de 5\u00baC.<\/p>\n","protected":false},"excerpt":{"rendered":"<p>Descri\u00e7\u00e3o Ingredientes: bebida de soja* 82% (\u00e1gua, gr\u00e3os de soja descascados* 7%), \u00f3leo de soja*, a\u00e7\u00facar de cana* lecitina de soja*, espessantes: goma xantana \u2013 carraginato. * de agricultura biol\u00f3gica. Dados Nutricionais Declara\u00e7\u00e3o Nutricional por 100g: Energia: 721 kJ \/ 175 kcal; L\u00edpidos: 17,0g &#8211; dos quais \u00e1cidos gordos saturados: 3,0g \u2013 dos quais monoinsaturados: [&hellip;]<\/p>\n","protected":false},"featured_media":74214,"comment_status":"closed","ping_status":"closed","template":"","meta":[],"product_cat":[54,37],"product_tag":[],"class_list":["post-673","product","type-product","status-publish","has-post-thumbnail","hentry","product_cat-alimentos-sem-gluten","product_cat-queijos-e-natas"],"bundle_layout":"","bundled_by":[],"bundled_items":[],"yoast_head":"<!-- This site is optimized with the Yoast SEO plugin v26.3 - https:\/\/yoast.com\/wordpress\/plugins\/seo\/ -->\n<title>NATAS 20CL UHT BIO SOJADE<\/title>\n<meta name=\"robots\" content=\"index, follow, max-snippet:-1, max-image-preview:large, max-video-preview:-1\" \/>\n<link rel=\"canonical\" href=\"https:\/\/biocabaz.pt\/web\/produto\/natas-20cl-uht-sojade\/\" \/>\n<meta property=\"og:locale\" content=\"pt_PT\" \/>\n<meta property=\"og:locale:alternate\" content=\"en_US\" \/>\n<meta property=\"og:type\" content=\"article\" \/>\n<meta property=\"og:title\" content=\"NATAS 20CL UHT BIO SOJADE\" \/>\n<meta property=\"og:description\" content=\"Descri\u00e7\u00e3o Ingredientes: bebida de soja* 82% (\u00e1gua, gr\u00e3os de soja descascados* 7%), \u00f3leo de soja*, a\u00e7\u00facar de cana* lecitina de soja*, espessantes: goma xantana \u2013 carraginato. * de agricultura biol\u00f3gica. Dados Nutricionais Declara\u00e7\u00e3o Nutricional por 100g: Energia: 721 kJ \/ 175 kcal; L\u00edpidos: 17,0g &#8211; dos quais \u00e1cidos gordos saturados: 3,0g \u2013 dos quais monoinsaturados: [&hellip;]\" \/>\n<meta property=\"og:url\" content=\"https:\/\/biocabaz.pt\/web\/produto\/natas-20cl-uht-sojade\/\" \/>\n<meta property=\"og:site_name\" content=\"BIOCABAZ - CABAZES BIOL\u00d3GICOS\" \/>\n<meta property=\"article:modified_time\" content=\"2023-03-28T23:05:24+00:00\" \/>\n<meta property=\"og:image\" content=\"https:\/\/www.biocabaz.pt\/web\/wp-conteudos\/uploads\/2016\/04\/natas-sojade.png\" \/>\n\t<meta property=\"og:image:width\" content=\"550\" \/>\n\t<meta property=\"og:image:height\" content=\"550\" \/>\n\t<meta property=\"og:image:type\" content=\"image\/png\" \/>\n<meta name=\"twitter:card\" content=\"summary_large_image\" \/>\n<meta name=\"twitter:label1\" content=\"Est. reading time\" \/>\n\t<meta name=\"twitter:data1\" content=\"1 minuto\" \/>\n<script type=\"application\/ld+json\" class=\"yoast-schema-graph\">{\"@context\":\"https:\/\/schema.org\",\"@graph\":[{\"@type\":\"WebPage\",\"@id\":\"https:\/\/biocabaz.pt\/web\/produto\/natas-20cl-uht-sojade\/\",\"url\":\"https:\/\/biocabaz.pt\/web\/produto\/natas-20cl-uht-sojade\/\",\"name\":\"NATAS 20CL UHT BIO SOJADE\",\"isPartOf\":{\"@id\":\"https:\/\/www.biocabaz.pt\/web\/en\/#website\"},\"primaryImageOfPage\":{\"@id\":\"https:\/\/biocabaz.pt\/web\/produto\/natas-20cl-uht-sojade\/#primaryimage\"},\"image\":{\"@id\":\"https:\/\/biocabaz.pt\/web\/produto\/natas-20cl-uht-sojade\/#primaryimage\"},\"thumbnailUrl\":\"https:\/\/www.biocabaz.pt\/web\/wp-conteudos\/uploads\/2016\/04\/natas-sojade.png\",\"datePublished\":\"2016-04-08T09:57:10+00:00\",\"dateModified\":\"2023-03-28T23:05:24+00:00\",\"breadcrumb\":{\"@id\":\"https:\/\/biocabaz.pt\/web\/produto\/natas-20cl-uht-sojade\/#breadcrumb\"},\"inLanguage\":\"pt-PT\",\"potentialAction\":[{\"@type\":\"ReadAction\",\"target\":[\"https:\/\/biocabaz.pt\/web\/produto\/natas-20cl-uht-sojade\/\"]}]},{\"@type\":\"ImageObject\",\"inLanguage\":\"pt-PT\",\"@id\":\"https:\/\/biocabaz.pt\/web\/produto\/natas-20cl-uht-sojade\/#primaryimage\",\"url\":\"https:\/\/www.biocabaz.pt\/web\/wp-conteudos\/uploads\/2016\/04\/natas-sojade.png\",\"contentUrl\":\"https:\/\/www.biocabaz.pt\/web\/wp-conteudos\/uploads\/2016\/04\/natas-sojade.png\",\"width\":550,\"height\":550,\"caption\":\"natas-sojade\"},{\"@type\":\"BreadcrumbList\",\"@id\":\"https:\/\/biocabaz.pt\/web\/produto\/natas-20cl-uht-sojade\/#breadcrumb\",\"itemListElement\":[{\"@type\":\"ListItem\",\"position\":1,\"name\":\"Home\",\"item\":\"https:\/\/www.biocabaz.pt\/web\/en\/\"},{\"@type\":\"ListItem\",\"position\":2,\"name\":\"Shop\",\"item\":\"https:\/\/www.biocabaz.pt\/web\/en\/shop\/\"},{\"@type\":\"ListItem\",\"position\":3,\"name\":\"NATAS 20CL UHT BIO SOJADE\"}]},{\"@type\":\"WebSite\",\"@id\":\"https:\/\/www.biocabaz.pt\/web\/en\/#website\",\"url\":\"https:\/\/www.biocabaz.pt\/web\/en\/\",\"name\":\"BIOCABAZ - CABAZES BIOL\u00d3GICOS\",\"description\":\"O melhor que a terra d\u00e1 \u00e9 para si\",\"potentialAction\":[{\"@type\":\"SearchAction\",\"target\":{\"@type\":\"EntryPoint\",\"urlTemplate\":\"https:\/\/www.biocabaz.pt\/web\/en\/?s={search_term_string}\"},\"query-input\":{\"@type\":\"PropertyValueSpecification\",\"valueRequired\":true,\"valueName\":\"search_term_string\"}}],\"inLanguage\":\"pt-PT\"}]}<\/script>\n<!-- \/ Yoast SEO plugin. -->","yoast_head_json":{"title":"NATAS 20CL UHT BIO SOJADE","robots":{"index":"index","follow":"follow","max-snippet":"max-snippet:-1","max-image-preview":"max-image-preview:large","max-video-preview":"max-video-preview:-1"},"canonical":"https:\/\/biocabaz.pt\/web\/produto\/natas-20cl-uht-sojade\/","og_locale":"pt_PT","og_type":"article","og_title":"[:en]SOJADE ORGANIC SOYA CREAM ALTERNATIVE 20CL[:pt]NATAS 20CL UHT BIO SOJADE[:] - BIOCABAZ - CABAZES BIOL\u00d3GICOS","og_description":"Descri\u00e7\u00e3o Ingredientes: bebida de soja* 82% (\u00e1gua, gr\u00e3os de soja descascados* 7%), \u00f3leo de soja*, a\u00e7\u00facar de cana* lecitina de soja*, espessantes: goma xantana \u2013 carraginato. * de agricultura biol\u00f3gica. Dados Nutricionais Declara\u00e7\u00e3o Nutricional por 100g: Energia: 721 kJ \/ 175 kcal; L\u00edpidos: 17,0g &#8211; dos quais \u00e1cidos gordos saturados: 3,0g \u2013 dos quais monoinsaturados: [&hellip;]","og_url":"https:\/\/biocabaz.pt\/web\/produto\/natas-20cl-uht-sojade\/","og_site_name":"BIOCABAZ - CABAZES BIOL\u00d3GICOS","article_modified_time":"2023-03-28T23:05:24+00:00","og_image":[{"width":550,"height":550,"url":"https:\/\/www.biocabaz.pt\/web\/wp-conteudos\/uploads\/2016\/04\/natas-sojade.png","type":"image\/png"}],"twitter_card":"summary_large_image","twitter_misc":{"Est. reading time":"1 minuto"},"schema":{"@context":"https:\/\/schema.org","@graph":[{"@type":"WebPage","@id":"https:\/\/biocabaz.pt\/web\/produto\/natas-20cl-uht-sojade\/","url":"https:\/\/biocabaz.pt\/web\/produto\/natas-20cl-uht-sojade\/","name":"NATAS 20CL UHT BIO SOJADE","isPartOf":{"@id":"https:\/\/www.biocabaz.pt\/web\/en\/#website"},"primaryImageOfPage":{"@id":"https:\/\/biocabaz.pt\/web\/produto\/natas-20cl-uht-sojade\/#primaryimage"},"image":{"@id":"https:\/\/biocabaz.pt\/web\/produto\/natas-20cl-uht-sojade\/#primaryimage"},"thumbnailUrl":"https:\/\/www.biocabaz.pt\/web\/wp-conteudos\/uploads\/2016\/04\/natas-sojade.png","datePublished":"2016-04-08T09:57:10+00:00","dateModified":"2023-03-28T23:05:24+00:00","breadcrumb":{"@id":"https:\/\/biocabaz.pt\/web\/produto\/natas-20cl-uht-sojade\/#breadcrumb"},"inLanguage":"pt-PT","potentialAction":[{"@type":"ReadAction","target":["https:\/\/biocabaz.pt\/web\/produto\/natas-20cl-uht-sojade\/"]}]},{"@type":"ImageObject","inLanguage":"pt-PT","@id":"https:\/\/biocabaz.pt\/web\/produto\/natas-20cl-uht-sojade\/#primaryimage","url":"https:\/\/www.biocabaz.pt\/web\/wp-conteudos\/uploads\/2016\/04\/natas-sojade.png","contentUrl":"https:\/\/www.biocabaz.pt\/web\/wp-conteudos\/uploads\/2016\/04\/natas-sojade.png","width":550,"height":550,"caption":"natas-sojade"},{"@type":"BreadcrumbList","@id":"https:\/\/biocabaz.pt\/web\/produto\/natas-20cl-uht-sojade\/#breadcrumb","itemListElement":[{"@type":"ListItem","position":1,"name":"Home","item":"https:\/\/www.biocabaz.pt\/web\/en\/"},{"@type":"ListItem","position":2,"name":"Shop","item":"https:\/\/www.biocabaz.pt\/web\/en\/shop\/"},{"@type":"ListItem","position":3,"name":"NATAS 20CL UHT BIO SOJADE"}]},{"@type":"WebSite","@id":"https:\/\/www.biocabaz.pt\/web\/en\/#website","url":"https:\/\/www.biocabaz.pt\/web\/en\/","name":"BIOCABAZ - CABAZES BIOL\u00d3GICOS","description":"O melhor que a terra d\u00e1 \u00e9 para si","potentialAction":[{"@type":"SearchAction","target":{"@type":"EntryPoint","urlTemplate":"https:\/\/www.biocabaz.pt\/web\/en\/?s={search_term_string}"},"query-input":{"@type":"PropertyValueSpecification","valueRequired":true,"valueName":"search_term_string"}}],"inLanguage":"pt-PT"}]}},"_links":{"self":[{"href":"https:\/\/biocabaz.pt\/web\/wp-json\/wp\/v2\/product\/673","targetHints":{"allow":["GET"]}}],"collection":[{"href":"https:\/\/biocabaz.pt\/web\/wp-json\/wp\/v2\/product"}],"about":[{"href":"https:\/\/biocabaz.pt\/web\/wp-json\/wp\/v2\/types\/product"}],"replies":[{"embeddable":true,"href":"https:\/\/biocabaz.pt\/web\/wp-json\/wp\/v2\/comments?post=673"}],"wp:featuredmedia":[{"embeddable":true,"href":"https:\/\/biocabaz.pt\/web\/wp-json\/wp\/v2\/media\/74214"}],"wp:attachment":[{"href":"https:\/\/biocabaz.pt\/web\/wp-json\/wp\/v2\/media?parent=673"}],"wp:term":[{"taxonomy":"product_cat","embeddable":true,"href":"https:\/\/biocabaz.pt\/web\/wp-json\/wp\/v2\/product_cat?post=673"},{"taxonomy":"product_tag","embeddable":true,"href":"https:\/\/biocabaz.pt\/web\/wp-json\/wp\/v2\/product_tag?post=673"}],"curies":[{"name":"wp","href":"https:\/\/api.w.org\/{rel}","templated":true}]}}