{"id":670,"date":"2016-04-08T09:57:06","date_gmt":"2016-04-08T09:57:06","guid":{"rendered":"http:\/\/www.biocabaz.com\/web\/produto\/manteiga-de-coco-c-cacau-natursol-250g\/"},"modified":"2023-04-15T15:02:16","modified_gmt":"2023-04-15T15:02:16","slug":"manteiga-de-coco-c-cacau-natursol-250g","status":"publish","type":"product","link":"https:\/\/biocabaz.pt\/web\/produto\/manteiga-de-coco-c-cacau-natursol-250g\/","title":{"rendered":"MANTEIGA DE C\u00d4CO C\/ CACAU BIO 250G NATURSOL"},"content":{"rendered":"<p><strong>Descri\u00e7\u00e3o <\/strong><br \/>\n\t\t\t\tIngredientes: *\u00d3leo de coco (manteiga de coco), *Cacau, *Agave e Sal. *Ingredientes provenientes de Agricultura Biol\u00f3gica.<\/p>\n<p><strong>Dados Nutricionais<\/strong><br \/>\n\t\t\t\tDeclara\u00e7\u00e3o Nutricional por 100g:<br \/> Energia: 753 kcal;<br \/> L\u00edpidos: 74,29 g &#8211; dos quais \u00e1cidos gordos saturados: 66,05g;<br \/> Hidratos de Carbono: 15,74g &#8211; dos quais a\u00e7\u00facares: 10,60g;<br \/> Prote\u00ednas: 3,18g;<br \/> Fibra: 4,39g;<br \/> Sal: 0,19g.<\/p>\n<p><strong>Modo Utiliza\u00e7\u00e3o<\/strong><br \/>Conservar em local fresco e seco. N\u00e3o necessita de frigor\u00edfico at\u00e9 temperaturas ambientes de 25\u00baC.<\/p>\n","protected":false},"excerpt":{"rendered":"<p>Descri\u00e7\u00e3o Ingredientes: *\u00d3leo de coco (manteiga de coco), *Cacau, *Agave e Sal. *Ingredientes provenientes de Agricultura Biol\u00f3gica. Dados Nutricionais Declara\u00e7\u00e3o Nutricional por 100g: Energia: 753 kcal; L\u00edpidos: 74,29 g &#8211; dos quais \u00e1cidos gordos saturados: 66,05g; Hidratos de Carbono: 15,74g &#8211; dos quais a\u00e7\u00facares: 10,60g; Prote\u00ednas: 3,18g; Fibra: 4,39g; Sal: 0,19g. Modo Utiliza\u00e7\u00e3oConservar em local [&hellip;]<\/p>\n","protected":false},"featured_media":849,"comment_status":"closed","ping_status":"closed","template":"","meta":[],"product_cat":[35],"product_tag":[],"class_list":["post-670","product","type-product","status-publish","has-post-thumbnail","hentry","product_cat-manteigas-cremes-para-barrar"],"bundle_layout":"","bundled_by":[],"bundled_items":[],"yoast_head":"<!-- This site is optimized with the Yoast SEO plugin v26.3 - https:\/\/yoast.com\/wordpress\/plugins\/seo\/ -->\n<title>MANTEIGA DE C\u00d4CO C\/ CACAU BIO 250G NATURSOL<\/title>\n<meta name=\"robots\" content=\"index, follow, max-snippet:-1, max-image-preview:large, max-video-preview:-1\" \/>\n<link rel=\"canonical\" href=\"https:\/\/biocabaz.pt\/web\/produto\/manteiga-de-coco-c-cacau-natursol-250g\/\" \/>\n<meta property=\"og:locale\" content=\"pt_PT\" \/>\n<meta property=\"og:locale:alternate\" content=\"en_US\" \/>\n<meta property=\"og:type\" content=\"article\" \/>\n<meta property=\"og:title\" content=\"MANTEIGA DE C\u00d4CO C\/ CACAU BIO 250G NATURSOL\" \/>\n<meta property=\"og:description\" content=\"Descri\u00e7\u00e3o Ingredientes: *\u00d3leo de coco (manteiga de coco), *Cacau, *Agave e Sal. *Ingredientes provenientes de Agricultura Biol\u00f3gica. Dados Nutricionais Declara\u00e7\u00e3o Nutricional por 100g: Energia: 753 kcal; L\u00edpidos: 74,29 g &#8211; dos quais \u00e1cidos gordos saturados: 66,05g; Hidratos de Carbono: 15,74g &#8211; dos quais a\u00e7\u00facares: 10,60g; Prote\u00ednas: 3,18g; Fibra: 4,39g; Sal: 0,19g. Modo Utiliza\u00e7\u00e3oConservar em local [&hellip;]\" \/>\n<meta property=\"og:url\" content=\"https:\/\/biocabaz.pt\/web\/produto\/manteiga-de-coco-c-cacau-natursol-250g\/\" \/>\n<meta property=\"og:site_name\" content=\"BIOCABAZ - CABAZES BIOL\u00d3GICOS\" \/>\n<meta property=\"article:modified_time\" content=\"2023-04-15T15:02:16+00:00\" \/>\n<meta property=\"og:image\" content=\"https:\/\/www.biocabaz.pt\/web\/wp-conteudos\/uploads\/2016\/04\/Natursol_CremeCocoCacau.jpg\" \/>\n\t<meta property=\"og:image:width\" content=\"1200\" \/>\n\t<meta property=\"og:image:height\" content=\"787\" \/>\n\t<meta property=\"og:image:type\" content=\"image\/jpeg\" \/>\n<meta name=\"twitter:card\" content=\"summary_large_image\" \/>\n<meta name=\"twitter:label1\" content=\"Est. reading time\" \/>\n\t<meta name=\"twitter:data1\" content=\"1 minuto\" \/>\n<script type=\"application\/ld+json\" class=\"yoast-schema-graph\">{\"@context\":\"https:\/\/schema.org\",\"@graph\":[{\"@type\":\"WebPage\",\"@id\":\"https:\/\/biocabaz.pt\/web\/en\/produto\/manteiga-de-coco-c-cacau-natursol-250g\/\",\"url\":\"https:\/\/biocabaz.pt\/web\/en\/produto\/manteiga-de-coco-c-cacau-natursol-250g\/\",\"name\":\"MANTEIGA DE C\u00d4CO C\/ CACAU BIO 250G NATURSOL\",\"isPartOf\":{\"@id\":\"https:\/\/biocabaz.pt\/web\/#website\"},\"primaryImageOfPage\":{\"@id\":\"https:\/\/biocabaz.pt\/web\/en\/produto\/manteiga-de-coco-c-cacau-natursol-250g\/#primaryimage\"},\"image\":{\"@id\":\"https:\/\/biocabaz.pt\/web\/en\/produto\/manteiga-de-coco-c-cacau-natursol-250g\/#primaryimage\"},\"thumbnailUrl\":\"https:\/\/www.biocabaz.pt\/web\/wp-conteudos\/uploads\/2016\/04\/Natursol_CremeCocoCacau.jpg\",\"datePublished\":\"2016-04-08T09:57:06+00:00\",\"dateModified\":\"2023-04-15T15:02:16+00:00\",\"breadcrumb\":{\"@id\":\"https:\/\/biocabaz.pt\/web\/en\/produto\/manteiga-de-coco-c-cacau-natursol-250g\/#breadcrumb\"},\"inLanguage\":\"pt-PT\",\"potentialAction\":[{\"@type\":\"ReadAction\",\"target\":[\"https:\/\/biocabaz.pt\/web\/en\/produto\/manteiga-de-coco-c-cacau-natursol-250g\/\"]}]},{\"@type\":\"ImageObject\",\"inLanguage\":\"pt-PT\",\"@id\":\"https:\/\/biocabaz.pt\/web\/en\/produto\/manteiga-de-coco-c-cacau-natursol-250g\/#primaryimage\",\"url\":\"https:\/\/www.biocabaz.pt\/web\/wp-conteudos\/uploads\/2016\/04\/Natursol_CremeCocoCacau.jpg\",\"contentUrl\":\"https:\/\/www.biocabaz.pt\/web\/wp-conteudos\/uploads\/2016\/04\/Natursol_CremeCocoCacau.jpg\",\"width\":1200,\"height\":787},{\"@type\":\"BreadcrumbList\",\"@id\":\"https:\/\/biocabaz.pt\/web\/en\/produto\/manteiga-de-coco-c-cacau-natursol-250g\/#breadcrumb\",\"itemListElement\":[{\"@type\":\"ListItem\",\"position\":1,\"name\":\"Home\",\"item\":\"https:\/\/biocabaz.pt\/web\/\"},{\"@type\":\"ListItem\",\"position\":2,\"name\":\"Loja\",\"item\":\"https:\/\/biocabaz.pt\/web\/shop\/\"},{\"@type\":\"ListItem\",\"position\":3,\"name\":\"NATURSOL ORGANIC COCONUT BUTTER WITH COCOA 250GR\"}]},{\"@type\":\"WebSite\",\"@id\":\"https:\/\/biocabaz.pt\/web\/#website\",\"url\":\"https:\/\/biocabaz.pt\/web\/\",\"name\":\"BIOCABAZ - CABAZES BIOL\u00d3GICOS\",\"description\":\"O melhor que a terra d\u00e1 \u00e9 para si\",\"potentialAction\":[{\"@type\":\"SearchAction\",\"target\":{\"@type\":\"EntryPoint\",\"urlTemplate\":\"https:\/\/biocabaz.pt\/web\/?s={search_term_string}\"},\"query-input\":{\"@type\":\"PropertyValueSpecification\",\"valueRequired\":true,\"valueName\":\"search_term_string\"}}],\"inLanguage\":\"pt-PT\"}]}<\/script>\n<!-- \/ Yoast SEO plugin. -->","yoast_head_json":{"title":"MANTEIGA DE C\u00d4CO C\/ CACAU BIO 250G NATURSOL","robots":{"index":"index","follow":"follow","max-snippet":"max-snippet:-1","max-image-preview":"max-image-preview:large","max-video-preview":"max-video-preview:-1"},"canonical":"https:\/\/biocabaz.pt\/web\/produto\/manteiga-de-coco-c-cacau-natursol-250g\/","og_locale":"pt_PT","og_type":"article","og_title":"[:en]NATURSOL ORGANIC COCONUT BUTTER WITH COCOA 250GR[:pt]MANTEIGA DE C\u00d4CO C\/ CACAU BIO 250G NATURSOL[:] - BIOCABAZ - CABAZES BIOL\u00d3GICOS","og_description":"Descri\u00e7\u00e3o Ingredientes: *\u00d3leo de coco (manteiga de coco), *Cacau, *Agave e Sal. *Ingredientes provenientes de Agricultura Biol\u00f3gica. Dados Nutricionais Declara\u00e7\u00e3o Nutricional por 100g: Energia: 753 kcal; L\u00edpidos: 74,29 g &#8211; dos quais \u00e1cidos gordos saturados: 66,05g; Hidratos de Carbono: 15,74g &#8211; dos quais a\u00e7\u00facares: 10,60g; Prote\u00ednas: 3,18g; Fibra: 4,39g; Sal: 0,19g. Modo Utiliza\u00e7\u00e3oConservar em local [&hellip;]","og_url":"https:\/\/biocabaz.pt\/web\/produto\/manteiga-de-coco-c-cacau-natursol-250g\/","og_site_name":"BIOCABAZ - CABAZES BIOL\u00d3GICOS","article_modified_time":"2023-04-15T15:02:16+00:00","og_image":[{"width":1200,"height":787,"url":"https:\/\/www.biocabaz.pt\/web\/wp-conteudos\/uploads\/2016\/04\/Natursol_CremeCocoCacau.jpg","type":"image\/jpeg"}],"twitter_card":"summary_large_image","twitter_misc":{"Est. reading time":"1 minuto"},"schema":{"@context":"https:\/\/schema.org","@graph":[{"@type":"WebPage","@id":"https:\/\/biocabaz.pt\/web\/en\/produto\/manteiga-de-coco-c-cacau-natursol-250g\/","url":"https:\/\/biocabaz.pt\/web\/en\/produto\/manteiga-de-coco-c-cacau-natursol-250g\/","name":"MANTEIGA DE C\u00d4CO C\/ CACAU BIO 250G NATURSOL","isPartOf":{"@id":"https:\/\/biocabaz.pt\/web\/#website"},"primaryImageOfPage":{"@id":"https:\/\/biocabaz.pt\/web\/en\/produto\/manteiga-de-coco-c-cacau-natursol-250g\/#primaryimage"},"image":{"@id":"https:\/\/biocabaz.pt\/web\/en\/produto\/manteiga-de-coco-c-cacau-natursol-250g\/#primaryimage"},"thumbnailUrl":"https:\/\/www.biocabaz.pt\/web\/wp-conteudos\/uploads\/2016\/04\/Natursol_CremeCocoCacau.jpg","datePublished":"2016-04-08T09:57:06+00:00","dateModified":"2023-04-15T15:02:16+00:00","breadcrumb":{"@id":"https:\/\/biocabaz.pt\/web\/en\/produto\/manteiga-de-coco-c-cacau-natursol-250g\/#breadcrumb"},"inLanguage":"pt-PT","potentialAction":[{"@type":"ReadAction","target":["https:\/\/biocabaz.pt\/web\/en\/produto\/manteiga-de-coco-c-cacau-natursol-250g\/"]}]},{"@type":"ImageObject","inLanguage":"pt-PT","@id":"https:\/\/biocabaz.pt\/web\/en\/produto\/manteiga-de-coco-c-cacau-natursol-250g\/#primaryimage","url":"https:\/\/www.biocabaz.pt\/web\/wp-conteudos\/uploads\/2016\/04\/Natursol_CremeCocoCacau.jpg","contentUrl":"https:\/\/www.biocabaz.pt\/web\/wp-conteudos\/uploads\/2016\/04\/Natursol_CremeCocoCacau.jpg","width":1200,"height":787},{"@type":"BreadcrumbList","@id":"https:\/\/biocabaz.pt\/web\/en\/produto\/manteiga-de-coco-c-cacau-natursol-250g\/#breadcrumb","itemListElement":[{"@type":"ListItem","position":1,"name":"Home","item":"https:\/\/biocabaz.pt\/web\/"},{"@type":"ListItem","position":2,"name":"Loja","item":"https:\/\/biocabaz.pt\/web\/shop\/"},{"@type":"ListItem","position":3,"name":"NATURSOL ORGANIC COCONUT BUTTER WITH COCOA 250GR"}]},{"@type":"WebSite","@id":"https:\/\/biocabaz.pt\/web\/#website","url":"https:\/\/biocabaz.pt\/web\/","name":"BIOCABAZ - CABAZES BIOL\u00d3GICOS","description":"O melhor que a terra d\u00e1 \u00e9 para si","potentialAction":[{"@type":"SearchAction","target":{"@type":"EntryPoint","urlTemplate":"https:\/\/biocabaz.pt\/web\/?s={search_term_string}"},"query-input":{"@type":"PropertyValueSpecification","valueRequired":true,"valueName":"search_term_string"}}],"inLanguage":"pt-PT"}]}},"_links":{"self":[{"href":"https:\/\/biocabaz.pt\/web\/wp-json\/wp\/v2\/product\/670","targetHints":{"allow":["GET"]}}],"collection":[{"href":"https:\/\/biocabaz.pt\/web\/wp-json\/wp\/v2\/product"}],"about":[{"href":"https:\/\/biocabaz.pt\/web\/wp-json\/wp\/v2\/types\/product"}],"replies":[{"embeddable":true,"href":"https:\/\/biocabaz.pt\/web\/wp-json\/wp\/v2\/comments?post=670"}],"wp:featuredmedia":[{"embeddable":true,"href":"https:\/\/biocabaz.pt\/web\/wp-json\/wp\/v2\/media\/849"}],"wp:attachment":[{"href":"https:\/\/biocabaz.pt\/web\/wp-json\/wp\/v2\/media?parent=670"}],"wp:term":[{"taxonomy":"product_cat","embeddable":true,"href":"https:\/\/biocabaz.pt\/web\/wp-json\/wp\/v2\/product_cat?post=670"},{"taxonomy":"product_tag","embeddable":true,"href":"https:\/\/biocabaz.pt\/web\/wp-json\/wp\/v2\/product_tag?post=670"}],"curies":[{"name":"wp","href":"https:\/\/api.w.org\/{rel}","templated":true}]}}