{"id":639,"date":"2016-04-08T09:56:15","date_gmt":"2016-04-08T09:56:15","guid":{"rendered":"http:\/\/www.biocabaz.com\/web\/produto\/iogurte-suave-18-500g-andechser\/"},"modified":"2023-04-15T14:34:18","modified_gmt":"2023-04-15T14:34:18","slug":"iogurte-suave-18-500g-andechser","status":"publish","type":"product","link":"https:\/\/biocabaz.pt\/web\/produto\/iogurte-suave-18-500g-andechser\/","title":{"rendered":"IOGURTE SUAVE 1,8% BIO 500G ANDECHSER"},"content":{"rendered":"<p><strong>Descri\u00e7\u00e3o <\/strong><br \/>\n\t\t\t\tIngredientes: LEITE* de vaca pasteurizado e fermentado com culturas L.acidophilus e B.bifidum.* com 1,8% de gordura. *=de agricultura biol\u00f3gica controlada. Alerg\u00e9nios: LEITE (incluindo lactose). Cont\u00e9m Leite, Lactose.<\/p>\n<p><strong>Dados Nutricionais<\/strong><br \/>\n\t\t\t\tDeclara\u00e7\u00e3o Nutricional por 100g:<br \/> Energia: 252kJ \/ 60kcal;<br \/> L\u00edpidos: 1,8g &#8211; dos quais \u00e1cidos gordos saturados: 1,2g &#8211; dos quais a\u00e7\u00facares: 6g;<br \/> Prote\u00ednas: 4,9g;<br \/> Sal: 0,15g. <\/p>\n<p><strong>Modo Utiliza\u00e7\u00e3o<\/strong><br \/>Conservar em no frio entre 4\u00ba a 8\u00baC.<\/p>\n","protected":false},"excerpt":{"rendered":"<p>Descri\u00e7\u00e3o Ingredientes: LEITE* de vaca pasteurizado e fermentado com culturas L.acidophilus e B.bifidum.* com 1,8% de gordura. *=de agricultura biol\u00f3gica controlada. Alerg\u00e9nios: LEITE (incluindo lactose). Cont\u00e9m Leite, Lactose. Dados Nutricionais Declara\u00e7\u00e3o Nutricional por 100g: Energia: 252kJ \/ 60kcal; L\u00edpidos: 1,8g &#8211; dos quais \u00e1cidos gordos saturados: 1,2g &#8211; dos quais a\u00e7\u00facares: 6g; Prote\u00ednas: 4,9g; Sal: [&hellip;]<\/p>\n","protected":false},"featured_media":2055,"comment_status":"closed","ping_status":"closed","template":"","meta":[],"product_cat":[52],"product_tag":[],"class_list":["post-639","product","type-product","status-publish","has-post-thumbnail","hentry","product_cat-iogurtes"],"bundle_layout":"","bundled_by":[],"bundled_items":[],"yoast_head":"<!-- This site is optimized with the Yoast SEO plugin v26.3 - https:\/\/yoast.com\/wordpress\/plugins\/seo\/ -->\n<title>IOGURTE SUAVE 1,8% BIO 500G ANDECHSER<\/title>\n<meta name=\"robots\" content=\"index, follow, max-snippet:-1, max-image-preview:large, max-video-preview:-1\" \/>\n<link rel=\"canonical\" href=\"https:\/\/biocabaz.pt\/web\/produto\/iogurte-suave-18-500g-andechser\/\" \/>\n<meta property=\"og:locale\" content=\"pt_PT\" \/>\n<meta property=\"og:locale:alternate\" content=\"en_US\" \/>\n<meta property=\"og:type\" content=\"article\" \/>\n<meta property=\"og:title\" content=\"IOGURTE SUAVE 1,8% BIO 500G ANDECHSER\" \/>\n<meta property=\"og:description\" content=\"Descri\u00e7\u00e3o Ingredientes: LEITE* de vaca pasteurizado e fermentado com culturas L.acidophilus e B.bifidum.* com 1,8% de gordura. *=de agricultura biol\u00f3gica controlada. Alerg\u00e9nios: LEITE (incluindo lactose). Cont\u00e9m Leite, Lactose. Dados Nutricionais Declara\u00e7\u00e3o Nutricional por 100g: Energia: 252kJ \/ 60kcal; L\u00edpidos: 1,8g &#8211; dos quais \u00e1cidos gordos saturados: 1,2g &#8211; dos quais a\u00e7\u00facares: 6g; Prote\u00ednas: 4,9g; Sal: [&hellip;]\" \/>\n<meta property=\"og:url\" content=\"https:\/\/biocabaz.pt\/web\/produto\/iogurte-suave-18-500g-andechser\/\" \/>\n<meta property=\"og:site_name\" content=\"BIOCABAZ - CABAZES BIOL\u00d3GICOS\" \/>\n<meta property=\"article:modified_time\" content=\"2023-04-15T14:34:18+00:00\" \/>\n<meta property=\"og:image\" content=\"https:\/\/www.biocabaz.pt\/web\/wp-conteudos\/uploads\/2016\/04\/andechser_18.jpg\" \/>\n\t<meta property=\"og:image:width\" content=\"317\" \/>\n\t<meta property=\"og:image:height\" content=\"362\" \/>\n\t<meta property=\"og:image:type\" content=\"image\/jpeg\" \/>\n<meta name=\"twitter:card\" content=\"summary_large_image\" \/>\n<meta name=\"twitter:label1\" content=\"Est. reading time\" \/>\n\t<meta name=\"twitter:data1\" content=\"1 minuto\" \/>\n<script type=\"application\/ld+json\" class=\"yoast-schema-graph\">{\"@context\":\"https:\/\/schema.org\",\"@graph\":[{\"@type\":\"WebPage\",\"@id\":\"https:\/\/biocabaz.pt\/web\/produto\/iogurte-suave-18-500g-andechser\/\",\"url\":\"https:\/\/biocabaz.pt\/web\/produto\/iogurte-suave-18-500g-andechser\/\",\"name\":\"IOGURTE SUAVE 1,8% BIO 500G ANDECHSER\",\"isPartOf\":{\"@id\":\"https:\/\/biocabaz.pt\/web\/en\/#website\"},\"primaryImageOfPage\":{\"@id\":\"https:\/\/biocabaz.pt\/web\/produto\/iogurte-suave-18-500g-andechser\/#primaryimage\"},\"image\":{\"@id\":\"https:\/\/biocabaz.pt\/web\/produto\/iogurte-suave-18-500g-andechser\/#primaryimage\"},\"thumbnailUrl\":\"https:\/\/www.biocabaz.pt\/web\/wp-conteudos\/uploads\/2016\/04\/andechser_18.jpg\",\"datePublished\":\"2016-04-08T09:56:15+00:00\",\"dateModified\":\"2023-04-15T14:34:18+00:00\",\"breadcrumb\":{\"@id\":\"https:\/\/biocabaz.pt\/web\/produto\/iogurte-suave-18-500g-andechser\/#breadcrumb\"},\"inLanguage\":\"pt-PT\",\"potentialAction\":[{\"@type\":\"ReadAction\",\"target\":[\"https:\/\/biocabaz.pt\/web\/produto\/iogurte-suave-18-500g-andechser\/\"]}]},{\"@type\":\"ImageObject\",\"inLanguage\":\"pt-PT\",\"@id\":\"https:\/\/biocabaz.pt\/web\/produto\/iogurte-suave-18-500g-andechser\/#primaryimage\",\"url\":\"https:\/\/www.biocabaz.pt\/web\/wp-conteudos\/uploads\/2016\/04\/andechser_18.jpg\",\"contentUrl\":\"https:\/\/www.biocabaz.pt\/web\/wp-conteudos\/uploads\/2016\/04\/andechser_18.jpg\",\"width\":317,\"height\":362,\"caption\":\"iogurte andechser_1,8%\"},{\"@type\":\"BreadcrumbList\",\"@id\":\"https:\/\/biocabaz.pt\/web\/produto\/iogurte-suave-18-500g-andechser\/#breadcrumb\",\"itemListElement\":[{\"@type\":\"ListItem\",\"position\":1,\"name\":\"Home\",\"item\":\"https:\/\/biocabaz.pt\/web\/en\/\"},{\"@type\":\"ListItem\",\"position\":2,\"name\":\"Shop\",\"item\":\"https:\/\/biocabaz.pt\/web\/en\/shop\/\"},{\"@type\":\"ListItem\",\"position\":3,\"name\":\"IOGURTE SUAVE 1,8% BIO 500G ANDECHSER\"}]},{\"@type\":\"WebSite\",\"@id\":\"https:\/\/biocabaz.pt\/web\/en\/#website\",\"url\":\"https:\/\/biocabaz.pt\/web\/en\/\",\"name\":\"BIOCABAZ - CABAZES BIOL\u00d3GICOS\",\"description\":\"O melhor que a terra d\u00e1 \u00e9 para si\",\"potentialAction\":[{\"@type\":\"SearchAction\",\"target\":{\"@type\":\"EntryPoint\",\"urlTemplate\":\"https:\/\/biocabaz.pt\/web\/en\/?s={search_term_string}\"},\"query-input\":{\"@type\":\"PropertyValueSpecification\",\"valueRequired\":true,\"valueName\":\"search_term_string\"}}],\"inLanguage\":\"pt-PT\"}]}<\/script>\n<!-- \/ Yoast SEO plugin. -->","yoast_head_json":{"title":"IOGURTE SUAVE 1,8% BIO 500G ANDECHSER","robots":{"index":"index","follow":"follow","max-snippet":"max-snippet:-1","max-image-preview":"max-image-preview:large","max-video-preview":"max-video-preview:-1"},"canonical":"https:\/\/biocabaz.pt\/web\/produto\/iogurte-suave-18-500g-andechser\/","og_locale":"pt_PT","og_type":"article","og_title":"[:en]ANDECHSER MILD ORGANIC CREAM YOGURT 3.8% 500g[:pt]IOGURTE SUAVE 1,8% BIO 500G ANDECHSER[:] - BIOCABAZ - CABAZES BIOL\u00d3GICOS","og_description":"Descri\u00e7\u00e3o Ingredientes: LEITE* de vaca pasteurizado e fermentado com culturas L.acidophilus e B.bifidum.* com 1,8% de gordura. *=de agricultura biol\u00f3gica controlada. Alerg\u00e9nios: LEITE (incluindo lactose). Cont\u00e9m Leite, Lactose. Dados Nutricionais Declara\u00e7\u00e3o Nutricional por 100g: Energia: 252kJ \/ 60kcal; L\u00edpidos: 1,8g &#8211; dos quais \u00e1cidos gordos saturados: 1,2g &#8211; dos quais a\u00e7\u00facares: 6g; Prote\u00ednas: 4,9g; Sal: [&hellip;]","og_url":"https:\/\/biocabaz.pt\/web\/produto\/iogurte-suave-18-500g-andechser\/","og_site_name":"BIOCABAZ - CABAZES BIOL\u00d3GICOS","article_modified_time":"2023-04-15T14:34:18+00:00","og_image":[{"width":317,"height":362,"url":"https:\/\/www.biocabaz.pt\/web\/wp-conteudos\/uploads\/2016\/04\/andechser_18.jpg","type":"image\/jpeg"}],"twitter_card":"summary_large_image","twitter_misc":{"Est. reading time":"1 minuto"},"schema":{"@context":"https:\/\/schema.org","@graph":[{"@type":"WebPage","@id":"https:\/\/biocabaz.pt\/web\/produto\/iogurte-suave-18-500g-andechser\/","url":"https:\/\/biocabaz.pt\/web\/produto\/iogurte-suave-18-500g-andechser\/","name":"IOGURTE SUAVE 1,8% BIO 500G ANDECHSER","isPartOf":{"@id":"https:\/\/biocabaz.pt\/web\/en\/#website"},"primaryImageOfPage":{"@id":"https:\/\/biocabaz.pt\/web\/produto\/iogurte-suave-18-500g-andechser\/#primaryimage"},"image":{"@id":"https:\/\/biocabaz.pt\/web\/produto\/iogurte-suave-18-500g-andechser\/#primaryimage"},"thumbnailUrl":"https:\/\/www.biocabaz.pt\/web\/wp-conteudos\/uploads\/2016\/04\/andechser_18.jpg","datePublished":"2016-04-08T09:56:15+00:00","dateModified":"2023-04-15T14:34:18+00:00","breadcrumb":{"@id":"https:\/\/biocabaz.pt\/web\/produto\/iogurte-suave-18-500g-andechser\/#breadcrumb"},"inLanguage":"pt-PT","potentialAction":[{"@type":"ReadAction","target":["https:\/\/biocabaz.pt\/web\/produto\/iogurte-suave-18-500g-andechser\/"]}]},{"@type":"ImageObject","inLanguage":"pt-PT","@id":"https:\/\/biocabaz.pt\/web\/produto\/iogurte-suave-18-500g-andechser\/#primaryimage","url":"https:\/\/www.biocabaz.pt\/web\/wp-conteudos\/uploads\/2016\/04\/andechser_18.jpg","contentUrl":"https:\/\/www.biocabaz.pt\/web\/wp-conteudos\/uploads\/2016\/04\/andechser_18.jpg","width":317,"height":362,"caption":"iogurte andechser_1,8%"},{"@type":"BreadcrumbList","@id":"https:\/\/biocabaz.pt\/web\/produto\/iogurte-suave-18-500g-andechser\/#breadcrumb","itemListElement":[{"@type":"ListItem","position":1,"name":"Home","item":"https:\/\/biocabaz.pt\/web\/en\/"},{"@type":"ListItem","position":2,"name":"Shop","item":"https:\/\/biocabaz.pt\/web\/en\/shop\/"},{"@type":"ListItem","position":3,"name":"IOGURTE SUAVE 1,8% BIO 500G ANDECHSER"}]},{"@type":"WebSite","@id":"https:\/\/biocabaz.pt\/web\/en\/#website","url":"https:\/\/biocabaz.pt\/web\/en\/","name":"BIOCABAZ - CABAZES BIOL\u00d3GICOS","description":"O melhor que a terra d\u00e1 \u00e9 para si","potentialAction":[{"@type":"SearchAction","target":{"@type":"EntryPoint","urlTemplate":"https:\/\/biocabaz.pt\/web\/en\/?s={search_term_string}"},"query-input":{"@type":"PropertyValueSpecification","valueRequired":true,"valueName":"search_term_string"}}],"inLanguage":"pt-PT"}]}},"_links":{"self":[{"href":"https:\/\/biocabaz.pt\/web\/wp-json\/wp\/v2\/product\/639","targetHints":{"allow":["GET"]}}],"collection":[{"href":"https:\/\/biocabaz.pt\/web\/wp-json\/wp\/v2\/product"}],"about":[{"href":"https:\/\/biocabaz.pt\/web\/wp-json\/wp\/v2\/types\/product"}],"replies":[{"embeddable":true,"href":"https:\/\/biocabaz.pt\/web\/wp-json\/wp\/v2\/comments?post=639"}],"wp:featuredmedia":[{"embeddable":true,"href":"https:\/\/biocabaz.pt\/web\/wp-json\/wp\/v2\/media\/2055"}],"wp:attachment":[{"href":"https:\/\/biocabaz.pt\/web\/wp-json\/wp\/v2\/media?parent=639"}],"wp:term":[{"taxonomy":"product_cat","embeddable":true,"href":"https:\/\/biocabaz.pt\/web\/wp-json\/wp\/v2\/product_cat?post=639"},{"taxonomy":"product_tag","embeddable":true,"href":"https:\/\/biocabaz.pt\/web\/wp-json\/wp\/v2\/product_tag?post=639"}],"curies":[{"name":"wp","href":"https:\/\/api.w.org\/{rel}","templated":true}]}}