{"id":6205,"date":"2018-03-25T09:17:02","date_gmt":"2018-03-25T09:17:02","guid":{"rendered":"https:\/\/www.biocabaz.pt\/web\/produto\/manteiga-de-coco-biomit-230g\/"},"modified":"2024-08-06T10:28:17","modified_gmt":"2024-08-06T10:28:17","slug":"manteiga-de-coco-biomit-230g","status":"publish","type":"product","link":"https:\/\/biocabaz.pt\/web\/produto\/manteiga-de-coco-biomit-230g\/","title":{"rendered":"MANTEIGA DE COCO BIOMIT 230G"},"content":{"rendered":"<p><strong>Descri\u00e7\u00e3o <\/strong><br \/>\nIngredientes: Coco seco* 100% (* de origem biol\u00f3gica). Sem organismos geneticamente modificados. Alerg\u00e9nios: Am\u00eandoa. Pode conter vest\u00edgios de amendoim e frutos de casca rija.<\/p>\n<p><strong>Dados Nutricionais<\/strong><br \/>\nDeclara\u00e7\u00e3o Nutricional por 100g:<br \/>\nEnergia: 670 kcal \/ 2760 Kj;<br \/>\nL\u00edpidos totais: 64,5gr;<br \/>\nHidratos de carbono: 7,35gr &#8211; dos quais a\u00e7\u00facares: 7,35gr;<br \/>\nProte\u00ednas: 6,8gr;<br \/>\nFibras: 16,3gr;<br \/>\nSal: 0,09gr.<\/p>\n<p><strong>Modo Utiliza\u00e7\u00e3o<\/strong><br \/>\nConservar em local fresco, seco e ao abrigo da luz. Poder haver separa\u00e7\u00e3o do \u00f3leo. Mexer antes de servir. Depois de aberto consumir dentro de 45 dias. Esta manteiga \u00e9 sens\u00edvel \u00e0s varia\u00e7\u00f5es de temperatura. Em dias ou climas quentes adquire uma consist\u00eancia muito cremosa ou mesmo l\u00edquida. Para ganhar mais consist\u00eancia basta colocar algumas horas no frigor\u00edfico. Em dias ou climas frios pode solidificar. Neste caso, se a inten\u00e7\u00e3o for consumi-la mais cremosa, basta aquecer rapidamente o frasco em banho-maria. Podem aparecer pequenos pontinhos pretos. Trata-se de inofensivos segmentos da casca do coco.<\/p>\n","protected":false},"excerpt":{"rendered":"<p><b>Manteiga de coco | Biol\u00f3gico\u00a0| 230gr | Artesanal | Vegan<\/b><\/p>\n<p>Esta manteiga \u00e9 100% polpa de coco integral, rica em fibras e totalmente livre de aditivos. Produzida a baixas temperaturas para manter as suas qualidades enzim\u00e1ticas e nutricionais.<br \/>\nPode ser consumida simplesmente \u00e0 colher, ou substituindo a manteiga convencional em p\u00e3es e torradas, ou adicionando em batidos, frutas, doces, bolos, papas de aveia&#8230;<\/p>\n<p><b>Nota:<\/b>\u00a0Esta manteiga \u00e9 sens\u00edvel \u00e0s varia\u00e7\u00f5es de temperatura. Em dias ou climas quentes adquire uma consist\u00eancia muito cremosa ou mesmo l\u00edquida. Para ganhar mais consist\u00eancia basta colocar algumas horas no frigor\u00edfico.<br \/>\nEm dias ou climas frios pode solidificar. Neste caso, se a inten\u00e7\u00e3o for consumi-la mais cremosa, basta aquecer rapidamente o frasco em banho-maria.<br \/>\nPodem aparecer pequenos pontinhos pretos. Trata-se de inofensivos segmentos da casca do coco.<\/p>\n","protected":false},"featured_media":74188,"comment_status":"closed","ping_status":"closed","template":"","meta":[],"product_cat":[35],"product_tag":[],"class_list":["post-6205","product","type-product","status-publish","has-post-thumbnail","hentry","product_cat-manteigas-cremes-para-barrar"],"bundle_layout":"","bundled_by":[],"bundled_items":[],"yoast_head":"<!-- This site is optimized with the Yoast SEO plugin v26.3 - https:\/\/yoast.com\/wordpress\/plugins\/seo\/ -->\n<title>MANTEIGA DE COCO BIOMIT 230G<\/title>\n<meta name=\"description\" content=\"Manteiga de coco Biomit 230g\" \/>\n<meta name=\"robots\" content=\"index, follow, max-snippet:-1, max-image-preview:large, max-video-preview:-1\" \/>\n<link rel=\"canonical\" href=\"https:\/\/biocabaz.pt\/web\/produto\/manteiga-de-coco-biomit-230g\/\" \/>\n<meta property=\"og:locale\" content=\"pt_PT\" \/>\n<meta property=\"og:locale:alternate\" content=\"en_US\" \/>\n<meta property=\"og:type\" content=\"article\" \/>\n<meta property=\"og:title\" content=\"MANTEIGA DE COCO BIOMIT 230G\" \/>\n<meta property=\"og:description\" content=\"Manteiga de coco Biomit 230g\" \/>\n<meta property=\"og:url\" content=\"https:\/\/biocabaz.pt\/web\/produto\/manteiga-de-coco-biomit-230g\/\" \/>\n<meta property=\"og:site_name\" content=\"BIOCABAZ - CABAZES BIOL\u00d3GICOS\" \/>\n<meta property=\"article:modified_time\" content=\"2024-08-06T10:28:17+00:00\" \/>\n<meta property=\"og:image\" content=\"https:\/\/www.biocabaz.pt\/web\/wp-conteudos\/uploads\/2018\/03\/manteiga-de-coco-biomit.png\" \/>\n\t<meta property=\"og:image:width\" content=\"550\" \/>\n\t<meta property=\"og:image:height\" content=\"550\" \/>\n\t<meta property=\"og:image:type\" content=\"image\/png\" \/>\n<meta name=\"twitter:card\" content=\"summary_large_image\" \/>\n<meta name=\"twitter:label1\" content=\"Est. reading time\" \/>\n\t<meta name=\"twitter:data1\" content=\"2 minutos\" \/>\n<script type=\"application\/ld+json\" class=\"yoast-schema-graph\">{\"@context\":\"https:\/\/schema.org\",\"@graph\":[{\"@type\":\"WebPage\",\"@id\":\"https:\/\/biocabaz.pt\/web\/en\/produto\/manteiga-de-coco-biomit-230g\/\",\"url\":\"https:\/\/biocabaz.pt\/web\/en\/produto\/manteiga-de-coco-biomit-230g\/\",\"name\":\"MANTEIGA DE COCO BIOMIT 230G\",\"isPartOf\":{\"@id\":\"https:\/\/www.biocabaz.pt\/web\/#website\"},\"primaryImageOfPage\":{\"@id\":\"https:\/\/biocabaz.pt\/web\/en\/produto\/manteiga-de-coco-biomit-230g\/#primaryimage\"},\"image\":{\"@id\":\"https:\/\/biocabaz.pt\/web\/en\/produto\/manteiga-de-coco-biomit-230g\/#primaryimage\"},\"thumbnailUrl\":\"https:\/\/www.biocabaz.pt\/web\/wp-conteudos\/uploads\/2018\/03\/manteiga-de-coco-biomit.png\",\"datePublished\":\"2018-03-25T09:17:02+00:00\",\"dateModified\":\"2024-08-06T10:28:17+00:00\",\"description\":\"Manteiga de coco Biomit 230g\",\"breadcrumb\":{\"@id\":\"https:\/\/biocabaz.pt\/web\/en\/produto\/manteiga-de-coco-biomit-230g\/#breadcrumb\"},\"inLanguage\":\"pt-PT\",\"potentialAction\":[{\"@type\":\"ReadAction\",\"target\":[\"https:\/\/biocabaz.pt\/web\/en\/produto\/manteiga-de-coco-biomit-230g\/\"]}]},{\"@type\":\"ImageObject\",\"inLanguage\":\"pt-PT\",\"@id\":\"https:\/\/biocabaz.pt\/web\/en\/produto\/manteiga-de-coco-biomit-230g\/#primaryimage\",\"url\":\"https:\/\/www.biocabaz.pt\/web\/wp-conteudos\/uploads\/2018\/03\/manteiga-de-coco-biomit.png\",\"contentUrl\":\"https:\/\/www.biocabaz.pt\/web\/wp-conteudos\/uploads\/2018\/03\/manteiga-de-coco-biomit.png\",\"width\":550,\"height\":550,\"caption\":\"manteiga-de-coco-biomit\"},{\"@type\":\"BreadcrumbList\",\"@id\":\"https:\/\/biocabaz.pt\/web\/en\/produto\/manteiga-de-coco-biomit-230g\/#breadcrumb\",\"itemListElement\":[{\"@type\":\"ListItem\",\"position\":1,\"name\":\"Home\",\"item\":\"https:\/\/www.biocabaz.pt\/web\/\"},{\"@type\":\"ListItem\",\"position\":2,\"name\":\"Loja\",\"item\":\"https:\/\/www.biocabaz.pt\/web\/shop\/\"},{\"@type\":\"ListItem\",\"position\":3,\"name\":\"BIOMIT COCONUT BUTTER 230GR\"}]},{\"@type\":\"WebSite\",\"@id\":\"https:\/\/www.biocabaz.pt\/web\/#website\",\"url\":\"https:\/\/www.biocabaz.pt\/web\/\",\"name\":\"BIOCABAZ - CABAZES BIOL\u00d3GICOS\",\"description\":\"O melhor que a terra d\u00e1 \u00e9 para si\",\"potentialAction\":[{\"@type\":\"SearchAction\",\"target\":{\"@type\":\"EntryPoint\",\"urlTemplate\":\"https:\/\/www.biocabaz.pt\/web\/?s={search_term_string}\"},\"query-input\":{\"@type\":\"PropertyValueSpecification\",\"valueRequired\":true,\"valueName\":\"search_term_string\"}}],\"inLanguage\":\"pt-PT\"}]}<\/script>\n<!-- \/ Yoast SEO plugin. -->","yoast_head_json":{"title":"MANTEIGA DE COCO BIOMIT 230G","description":"Manteiga de coco Biomit 230g","robots":{"index":"index","follow":"follow","max-snippet":"max-snippet:-1","max-image-preview":"max-image-preview:large","max-video-preview":"max-video-preview:-1"},"canonical":"https:\/\/biocabaz.pt\/web\/produto\/manteiga-de-coco-biomit-230g\/","og_locale":"pt_PT","og_type":"article","og_title":"[:en]BIOMIT COCONUT BUTTER 230GR[:pt]MANTEIGA DE COCO BIOMIT 230G[:] - BIOCABAZ - CABAZES BIOL\u00d3GICOS","og_description":"Manteiga de coco Biomit 230g","og_url":"https:\/\/biocabaz.pt\/web\/produto\/manteiga-de-coco-biomit-230g\/","og_site_name":"BIOCABAZ - CABAZES BIOL\u00d3GICOS","article_modified_time":"2024-08-06T10:28:17+00:00","og_image":[{"width":550,"height":550,"url":"https:\/\/www.biocabaz.pt\/web\/wp-conteudos\/uploads\/2018\/03\/manteiga-de-coco-biomit.png","type":"image\/png"}],"twitter_card":"summary_large_image","twitter_misc":{"Est. reading time":"2 minutos"},"schema":{"@context":"https:\/\/schema.org","@graph":[{"@type":"WebPage","@id":"https:\/\/biocabaz.pt\/web\/en\/produto\/manteiga-de-coco-biomit-230g\/","url":"https:\/\/biocabaz.pt\/web\/en\/produto\/manteiga-de-coco-biomit-230g\/","name":"MANTEIGA DE COCO BIOMIT 230G","isPartOf":{"@id":"https:\/\/www.biocabaz.pt\/web\/#website"},"primaryImageOfPage":{"@id":"https:\/\/biocabaz.pt\/web\/en\/produto\/manteiga-de-coco-biomit-230g\/#primaryimage"},"image":{"@id":"https:\/\/biocabaz.pt\/web\/en\/produto\/manteiga-de-coco-biomit-230g\/#primaryimage"},"thumbnailUrl":"https:\/\/www.biocabaz.pt\/web\/wp-conteudos\/uploads\/2018\/03\/manteiga-de-coco-biomit.png","datePublished":"2018-03-25T09:17:02+00:00","dateModified":"2024-08-06T10:28:17+00:00","description":"Manteiga de coco Biomit 230g","breadcrumb":{"@id":"https:\/\/biocabaz.pt\/web\/en\/produto\/manteiga-de-coco-biomit-230g\/#breadcrumb"},"inLanguage":"pt-PT","potentialAction":[{"@type":"ReadAction","target":["https:\/\/biocabaz.pt\/web\/en\/produto\/manteiga-de-coco-biomit-230g\/"]}]},{"@type":"ImageObject","inLanguage":"pt-PT","@id":"https:\/\/biocabaz.pt\/web\/en\/produto\/manteiga-de-coco-biomit-230g\/#primaryimage","url":"https:\/\/www.biocabaz.pt\/web\/wp-conteudos\/uploads\/2018\/03\/manteiga-de-coco-biomit.png","contentUrl":"https:\/\/www.biocabaz.pt\/web\/wp-conteudos\/uploads\/2018\/03\/manteiga-de-coco-biomit.png","width":550,"height":550,"caption":"manteiga-de-coco-biomit"},{"@type":"BreadcrumbList","@id":"https:\/\/biocabaz.pt\/web\/en\/produto\/manteiga-de-coco-biomit-230g\/#breadcrumb","itemListElement":[{"@type":"ListItem","position":1,"name":"Home","item":"https:\/\/www.biocabaz.pt\/web\/"},{"@type":"ListItem","position":2,"name":"Loja","item":"https:\/\/www.biocabaz.pt\/web\/shop\/"},{"@type":"ListItem","position":3,"name":"BIOMIT COCONUT BUTTER 230GR"}]},{"@type":"WebSite","@id":"https:\/\/www.biocabaz.pt\/web\/#website","url":"https:\/\/www.biocabaz.pt\/web\/","name":"BIOCABAZ - CABAZES BIOL\u00d3GICOS","description":"O melhor que a terra d\u00e1 \u00e9 para si","potentialAction":[{"@type":"SearchAction","target":{"@type":"EntryPoint","urlTemplate":"https:\/\/www.biocabaz.pt\/web\/?s={search_term_string}"},"query-input":{"@type":"PropertyValueSpecification","valueRequired":true,"valueName":"search_term_string"}}],"inLanguage":"pt-PT"}]}},"_links":{"self":[{"href":"https:\/\/biocabaz.pt\/web\/wp-json\/wp\/v2\/product\/6205","targetHints":{"allow":["GET"]}}],"collection":[{"href":"https:\/\/biocabaz.pt\/web\/wp-json\/wp\/v2\/product"}],"about":[{"href":"https:\/\/biocabaz.pt\/web\/wp-json\/wp\/v2\/types\/product"}],"replies":[{"embeddable":true,"href":"https:\/\/biocabaz.pt\/web\/wp-json\/wp\/v2\/comments?post=6205"}],"wp:featuredmedia":[{"embeddable":true,"href":"https:\/\/biocabaz.pt\/web\/wp-json\/wp\/v2\/media\/74188"}],"wp:attachment":[{"href":"https:\/\/biocabaz.pt\/web\/wp-json\/wp\/v2\/media?parent=6205"}],"wp:term":[{"taxonomy":"product_cat","embeddable":true,"href":"https:\/\/biocabaz.pt\/web\/wp-json\/wp\/v2\/product_cat?post=6205"},{"taxonomy":"product_tag","embeddable":true,"href":"https:\/\/biocabaz.pt\/web\/wp-json\/wp\/v2\/product_tag?post=6205"}],"curies":[{"name":"wp","href":"https:\/\/api.w.org\/{rel}","templated":true}]}}